{"id":12825,"date":"2014-01-31T12:20:22","date_gmt":"2014-01-31T12:20:22","guid":{"rendered":"https:\/\/www.urlaubcornwall.de\/blog\/?page_id=12825"},"modified":"2021-08-31T14:01:40","modified_gmt":"2021-08-31T14:01:40","slug":"north-light-ferienhaus-port-isaac","status":"publish","type":"page","link":"https:\/\/www.urlaubcornwall.de\/blog\/north-light-ferienhaus-port-isaac\/","title":{"rendered":"North Light- Ferienhaus Port Isaac"},"content":{"rendered":"<p><strong>4 Schlafzimmer, leider keine Haustiere erlaubt, Ferienhaus mit Meerblick Port Isaac, Nordk\u00fcste Cornwall. Preisspanne T (\u00a3663 &#8211; \u00a31887)<\/strong><\/p>\n<p>Mit Vogelperspektive \u00fcber das idyllische und ber\u00fchmte Dorf Port Isaac, ist North Light Ferienhaus ein perfektes Urlaubsdomizil. Dieses bezaubernde Familienheim ist ein Juwel mit seiner einzigartigen Lage und Freizeitm\u00f6glichkeiten, nicht zuletzt durch seinen wundervollen Balkon mit Panoramablick.<\/p>\n<p style=\"text-align: center;\"><a class=\"tidycta\" href=\"https:\/\/www.urlaubcornwall.de\/ferienhaeuser-fewos\/port-isaac.html\"><\/a>Suche Ferienh\u00e4user Port Isaac<\/p>\n<p>Die Schlafzimmer befinden sich allesamt im Erdgeschoss. Von den lichten und ger\u00e4umigen Doppelschlafr\u00e4umen aus f\u00fchren Fl\u00fcgelt\u00fcren hinaus in den Garten. Im Obergeschoss werden Sie rasch erkennen, weshalb North Light gerade so eingerichtet ist \u2013 klug durchdacht. Die Balkonfenster lassen denWohnbereich in Licht getaucht sein. Als G\u00e4ste k\u00f6nnen Sie den Blick auf die sich stetig ver\u00e4ndernde raue K\u00fcste bis hin zum Meer genie\u00dfen, und dies bei jeder Wetterlage! Der eingegrenzte Vorgarten bietet sich zum Ballspielen an. Doch bitte lassen sie kleine Kinder nicht unbeaufsichtigt, da sie durch den Zaun entwischen k\u00f6nnten!<\/p>\n<p>Vom Hausa aus k\u00f6nnen Sie direkt den <a href=\"https:\/\/www.urlaubcornwall.de\/wanderurlaub\/cornwall.php\">K\u00fcstenpfad<\/a> erreichen oder hinunter gehen ins Dorf (Vorsicht bitte auf dem steilen Pfad!), wo Sie Restaurants, Kneipen, Gesch\u00e4fte und frischen Fisch genie\u00dfen k\u00f6nnen. Etwas weiter entfernt befindet sich der Sandstrand von Polzeath, der bei Surfern beliebt ist, und Padstow mit seiner herrlichen F\u00e4hrverbindung nach Rock, wo Sie einen ganzen Tag damit verbringen k\u00f6nnen, einzukaufen, zu essen und die Str\u00e4nde der Daymar Bucht zu erkunden.<\/p>\n<p><strong>Einrichtungen<\/strong><\/p>\n<p>\u2022 Parkplatz f\u00fcr 2 Autos<br \/>\n\u2022 Brennstoff und Strom inbegriffen<br \/>\n\u2022 Gartenm\u00f6bel<br \/>\n\u2022 Laden 1,5 km<br \/>\n\u2022 Pub 300 m.<br \/>\n\u2022 M\u00fcnztelefon 300 m.<br \/>\n\u2022 Rauchen verboten<br \/>\n\u2022 Keine Hunde erlaubt<br \/>\n\u2022 Ankunftstag Samstag<\/p>\n<p style=\"text-align: center;\"><a class=\"tidycta\" href=\"https:\/\/www.urlaubcornwall.de\/ferienhaeuser-fewos\/port-isaac.html\"><\/a>Suche Ferienh\u00e4user Port Isaac<\/p>\n","protected":false},"excerpt":{"rendered":"<p>4 Schlafzimmer, leider keine Haustiere erlaubt, Ferienhaus mit Meerblick Port Isaac, Nordk\u00fcste Cornwall. Preisspanne T (\u00a3663 &#8211; \u00a31887) Mit Vogelperspektive \u00fcber das idyllische und ber\u00fchmte Dorf Port Isaac, ist North Light Ferienhaus ein perfektes Urlaubsdomizil. Dieses bezaubernde Familienheim ist ein Juwel mit seiner einzigartigen Lage und Freizeitm\u00f6glichkeiten, nicht zuletzt durch seinen wundervollen Balkon mit Panoramablick. [&hellip;]<\/p>\n","protected":false},"author":1,"featured_media":0,"parent":0,"menu_order":0,"comment_status":"closed","ping_status":"closed","template":"single-two.php","meta":[],"acf":[],"yoast_head":"<!-- This site is optimized with the Yoast SEO plugin v19.4 - https:\/\/yoast.com\/wordpress\/plugins\/seo\/ -->\n<title>North Light- Ferienhaus Port Isaac - Urlaub &amp; Reisen<\/title>\n<meta name=\"robots\" content=\"index, follow, max-snippet:-1, max-image-preview:large, max-video-preview:-1\" \/>\n<link rel=\"canonical\" href=\"https:\/\/www.urlaubcornwall.de\/blog\/north-light-ferienhaus-port-isaac\/\" \/>\n<meta property=\"og:locale\" content=\"en_US\" \/>\n<meta property=\"og:type\" content=\"article\" \/>\n<meta property=\"og:title\" content=\"North Light- Ferienhaus Port Isaac - Urlaub &amp; Reisen\" \/>\n<meta property=\"og:description\" content=\"4 Schlafzimmer, leider keine Haustiere erlaubt, Ferienhaus mit Meerblick Port Isaac, Nordk\u00fcste Cornwall. Preisspanne T (\u00a3663 &#8211; \u00a31887) Mit Vogelperspektive \u00fcber das idyllische und ber\u00fchmte Dorf Port Isaac, ist North Light Ferienhaus ein perfektes Urlaubsdomizil. Dieses bezaubernde Familienheim ist ein Juwel mit seiner einzigartigen Lage und Freizeitm\u00f6glichkeiten, nicht zuletzt durch seinen wundervollen Balkon mit Panoramablick. [&hellip;]\" \/>\n<meta property=\"og:url\" content=\"https:\/\/www.urlaubcornwall.de\/blog\/north-light-ferienhaus-port-isaac\/\" \/>\n<meta property=\"og:site_name\" content=\"Urlaub &amp; Reisen\" \/>\n<meta property=\"article:modified_time\" content=\"2021-08-31T14:01:40+00:00\" \/>\n<meta name=\"twitter:card\" content=\"summary\" \/>\n<meta name=\"twitter:label1\" content=\"Est. reading time\" \/>\n\t<meta name=\"twitter:data1\" content=\"1 minute\" \/>\n<script type=\"application\/ld+json\" class=\"yoast-schema-graph\">{\"@context\":\"https:\/\/schema.org\",\"@graph\":[{\"@type\":\"WebSite\",\"@id\":\"https:\/\/www.urlaubcornwall.de\/blog\/#website\",\"url\":\"https:\/\/www.urlaubcornwall.de\/blog\/\",\"name\":\"Urlaub &amp; Reisen\",\"description\":\"Urlaub, Reisen, Cornwall und S\u00fcdengland: eine perfekte Kombination\",\"potentialAction\":[{\"@type\":\"SearchAction\",\"target\":{\"@type\":\"EntryPoint\",\"urlTemplate\":\"https:\/\/www.urlaubcornwall.de\/blog\/?s={search_term_string}\"},\"query-input\":\"required name=search_term_string\"}],\"inLanguage\":\"en-US\"},{\"@type\":\"WebPage\",\"@id\":\"https:\/\/www.urlaubcornwall.de\/blog\/north-light-ferienhaus-port-isaac\/\",\"url\":\"https:\/\/www.urlaubcornwall.de\/blog\/north-light-ferienhaus-port-isaac\/\",\"name\":\"North Light- Ferienhaus Port Isaac - Urlaub &amp; Reisen\",\"isPartOf\":{\"@id\":\"https:\/\/www.urlaubcornwall.de\/blog\/#website\"},\"datePublished\":\"2014-01-31T12:20:22+00:00\",\"dateModified\":\"2021-08-31T14:01:40+00:00\",\"breadcrumb\":{\"@id\":\"https:\/\/www.urlaubcornwall.de\/blog\/north-light-ferienhaus-port-isaac\/#breadcrumb\"},\"inLanguage\":\"en-US\",\"potentialAction\":[{\"@type\":\"ReadAction\",\"target\":[\"https:\/\/www.urlaubcornwall.de\/blog\/north-light-ferienhaus-port-isaac\/\"]}]},{\"@type\":\"BreadcrumbList\",\"@id\":\"https:\/\/www.urlaubcornwall.de\/blog\/north-light-ferienhaus-port-isaac\/#breadcrumb\",\"itemListElement\":[{\"@type\":\"ListItem\",\"position\":1,\"name\":\"Home\",\"item\":\"https:\/\/www.urlaubcornwall.de\/blog\/\"},{\"@type\":\"ListItem\",\"position\":2,\"name\":\"North Light- Ferienhaus Port Isaac\"}]}]}<\/script>\n<!-- \/ Yoast SEO plugin. -->","yoast_head_json":{"title":"North Light- Ferienhaus Port Isaac - Urlaub &amp; Reisen","robots":{"index":"index","follow":"follow","max-snippet":"max-snippet:-1","max-image-preview":"max-image-preview:large","max-video-preview":"max-video-preview:-1"},"canonical":"https:\/\/www.urlaubcornwall.de\/blog\/north-light-ferienhaus-port-isaac\/","og_locale":"en_US","og_type":"article","og_title":"North Light- Ferienhaus Port Isaac - Urlaub &amp; Reisen","og_description":"4 Schlafzimmer, leider keine Haustiere erlaubt, Ferienhaus mit Meerblick Port Isaac, Nordk\u00fcste Cornwall. Preisspanne T (\u00a3663 &#8211; \u00a31887) Mit Vogelperspektive \u00fcber das idyllische und ber\u00fchmte Dorf Port Isaac, ist North Light Ferienhaus ein perfektes Urlaubsdomizil. Dieses bezaubernde Familienheim ist ein Juwel mit seiner einzigartigen Lage und Freizeitm\u00f6glichkeiten, nicht zuletzt durch seinen wundervollen Balkon mit Panoramablick. [&hellip;]","og_url":"https:\/\/www.urlaubcornwall.de\/blog\/north-light-ferienhaus-port-isaac\/","og_site_name":"Urlaub &amp; Reisen","article_modified_time":"2021-08-31T14:01:40+00:00","twitter_card":"summary","twitter_misc":{"Est. reading time":"1 minute"},"schema":{"@context":"https:\/\/schema.org","@graph":[{"@type":"WebSite","@id":"https:\/\/www.urlaubcornwall.de\/blog\/#website","url":"https:\/\/www.urlaubcornwall.de\/blog\/","name":"Urlaub &amp; Reisen","description":"Urlaub, Reisen, Cornwall und S\u00fcdengland: eine perfekte Kombination","potentialAction":[{"@type":"SearchAction","target":{"@type":"EntryPoint","urlTemplate":"https:\/\/www.urlaubcornwall.de\/blog\/?s={search_term_string}"},"query-input":"required name=search_term_string"}],"inLanguage":"en-US"},{"@type":"WebPage","@id":"https:\/\/www.urlaubcornwall.de\/blog\/north-light-ferienhaus-port-isaac\/","url":"https:\/\/www.urlaubcornwall.de\/blog\/north-light-ferienhaus-port-isaac\/","name":"North Light- Ferienhaus Port Isaac - Urlaub &amp; Reisen","isPartOf":{"@id":"https:\/\/www.urlaubcornwall.de\/blog\/#website"},"datePublished":"2014-01-31T12:20:22+00:00","dateModified":"2021-08-31T14:01:40+00:00","breadcrumb":{"@id":"https:\/\/www.urlaubcornwall.de\/blog\/north-light-ferienhaus-port-isaac\/#breadcrumb"},"inLanguage":"en-US","potentialAction":[{"@type":"ReadAction","target":["https:\/\/www.urlaubcornwall.de\/blog\/north-light-ferienhaus-port-isaac\/"]}]},{"@type":"BreadcrumbList","@id":"https:\/\/www.urlaubcornwall.de\/blog\/north-light-ferienhaus-port-isaac\/#breadcrumb","itemListElement":[{"@type":"ListItem","position":1,"name":"Home","item":"https:\/\/www.urlaubcornwall.de\/blog\/"},{"@type":"ListItem","position":2,"name":"North Light- Ferienhaus Port Isaac"}]}]}},"_links":{"self":[{"href":"https:\/\/www.urlaubcornwall.de\/blog\/wp-json\/wp\/v2\/pages\/12825"}],"collection":[{"href":"https:\/\/www.urlaubcornwall.de\/blog\/wp-json\/wp\/v2\/pages"}],"about":[{"href":"https:\/\/www.urlaubcornwall.de\/blog\/wp-json\/wp\/v2\/types\/page"}],"author":[{"embeddable":true,"href":"https:\/\/www.urlaubcornwall.de\/blog\/wp-json\/wp\/v2\/users\/1"}],"replies":[{"embeddable":true,"href":"https:\/\/www.urlaubcornwall.de\/blog\/wp-json\/wp\/v2\/comments?post=12825"}],"version-history":[{"count":9,"href":"https:\/\/www.urlaubcornwall.de\/blog\/wp-json\/wp\/v2\/pages\/12825\/revisions"}],"predecessor-version":[{"id":42335,"href":"https:\/\/www.urlaubcornwall.de\/blog\/wp-json\/wp\/v2\/pages\/12825\/revisions\/42335"}],"wp:attachment":[{"href":"https:\/\/www.urlaubcornwall.de\/blog\/wp-json\/wp\/v2\/media?parent=12825"}],"curies":[{"name":"wp","href":"https:\/\/api.w.org\/{rel}","templated":true}]}}