{"id":12815,"date":"2014-01-31T12:01:45","date_gmt":"2014-01-31T12:01:45","guid":{"rendered":"https:\/\/www.urlaubcornwall.de\/blog\/?page_id=12815"},"modified":"2021-07-12T08:30:28","modified_gmt":"2021-07-12T08:30:28","slug":"cassben-cottage-ferienhaus-mullion","status":"publish","type":"page","link":"https:\/\/www.urlaubcornwall.de\/blog\/cassben-cottage-ferienhaus-mullion\/","title":{"rendered":"Cassben Cottage &#8211; Ferienhaus Mullion"},"content":{"rendered":"<p><strong>3 Schlafzimmer, leider keine Haustiere erlaubt, Ferienhaus strandnah Mullion, S\u00fcdwest-Cornwall. Preisspanne M (\u00a3480 &#8211; \u00a31275)<\/strong><\/p>\n<p>Von Cassben Ferienhaus aus k\u00f6nnen Sie das Meer sehen, und auch ein Sandstrand befindet sich einen Fu\u00dfmarsch von diesem wundersch\u00f6nen stilvollen Bungalow entfernt. Er befindet sich in einer ruhigen Anliegergegend, nicht weit vom Zentrum Mullions entfernt, einem freundlichen Dorf mit Gesch\u00e4ften und Restaurants und einem malerischen Hafen au\u00dferhalb des Dorfes, wo sich der K\u00fcstenpfad an den Klippen entlang windet hin zur atemberaubenden, dramatisch anmutenden Kynance Cove und weiter.<\/p>\n<p>Der \u00e4u\u00dfere Schein tr\u00fcgt; denn das Haus ist eingerichtet mit Flair und Liebe f\u00fcr das Detail \u2013 eine dieser seltenen Juwelen, die dem Betrachter ein \u201eWow!\u201c entlocken. Licht und ger\u00e4umig mit Meeresblick von den vorderen R\u00e4umen aus \u00fcber die benachbarten D\u00e4cher hinweg, verf\u00fcgt Cassben \u00fcber drei erfrischend moderne Schlafr\u00e4ume, wobei eines en-suite ist. Das Doppelschlafzimmer, wie auch das hervorragende Wohnzimmer mit seiner L-Form haben Fl\u00fcgelt\u00fcren, die in den gro\u00dfen Garten f\u00fchren. Mit seiner hohen Decke und jeder Menge nat\u00fcrlichen Lichts, bildet dies das Herz des Hauses. Den Esstisch umgeben hellbunte St\u00fchle; die K\u00fcche verf\u00fcgt \u00fcber entz\u00fcckende rosengraue Granit-Arbeitsfl\u00e4chen, und im Wohnbereich finden sich unter anderem eine Xbox, ein gro\u00dfer Fernsehbildschirm und WiFi.<br \/>\nHell, gem\u00fctlich, zur Entspannung einladend, ist Cassben einfach perfekt, unvergessliche Ferienerinnerungen mitzunehmen.<\/p>\n<p style=\"text-align: center;\"><a class=\"tidycta\" href=\"https:\/\/www.urlaubcornwall.de\/ferienhaeuser-fewos\/mullion.html\">Ferienh\u00e4user kn Mullion<\/a><\/p>\n<p><strong>Einrichtungen<\/strong><\/p>\n<p>\u2022 Parkplatz f\u00fcr 2 Autos<br \/>\n\u2022 Brennstoff und Strom inbegriffen<br \/>\n\u2022 Gartenm\u00f6bel<br \/>\n\u2022 Laden 300 m<br \/>\n\u2022 Pub 300 m.<br \/>\n\u2022 M\u00fcnztelefon 300 m.<br \/>\n\u2022 Rauchen verboten<br \/>\n\u2022 Keine Hunde erlaubt<br \/>\n\u2022 Ankunftstag Samstag<\/p>\n<p><strong>Um Classic Cottages einzigartige Kollektion nach Ihrem idealen Ferienhaus zu durchsuchen.<\/strong> <a href=\"https:\/\/www.urlaubcornwall.de\/ferienhaeuser\/cornwall.php\"><span style=\"text-decoration: underline;\"><strong>Klicken Sie hier &gt;&gt;<\/strong><\/span><\/a><\/p>\n","protected":false},"excerpt":{"rendered":"<p>3 Schlafzimmer, leider keine Haustiere erlaubt, Ferienhaus strandnah Mullion, S\u00fcdwest-Cornwall. Preisspanne M (\u00a3480 &#8211; \u00a31275) Von Cassben Ferienhaus aus k\u00f6nnen Sie das Meer sehen, und auch ein Sandstrand befindet sich einen Fu\u00dfmarsch von diesem wundersch\u00f6nen stilvollen Bungalow entfernt. Er befindet sich in einer ruhigen Anliegergegend, nicht weit vom Zentrum Mullions entfernt, einem freundlichen Dorf mit [&hellip;]<\/p>\n","protected":false},"author":1,"featured_media":0,"parent":0,"menu_order":0,"comment_status":"closed","ping_status":"closed","template":"single-two.php","meta":[],"acf":[],"yoast_head":"<!-- This site is optimized with the Yoast SEO plugin v19.4 - https:\/\/yoast.com\/wordpress\/plugins\/seo\/ -->\n<title>Cassben Cottage - Ferienhaus Mullion - Urlaub &amp; Reisen<\/title>\n<meta name=\"robots\" content=\"index, follow, max-snippet:-1, max-image-preview:large, max-video-preview:-1\" \/>\n<link rel=\"canonical\" href=\"https:\/\/www.urlaubcornwall.de\/blog\/cassben-cottage-ferienhaus-mullion\/\" \/>\n<meta property=\"og:locale\" content=\"en_US\" \/>\n<meta property=\"og:type\" content=\"article\" \/>\n<meta property=\"og:title\" content=\"Cassben Cottage - Ferienhaus Mullion - Urlaub &amp; Reisen\" \/>\n<meta property=\"og:description\" content=\"3 Schlafzimmer, leider keine Haustiere erlaubt, Ferienhaus strandnah Mullion, S\u00fcdwest-Cornwall. Preisspanne M (\u00a3480 &#8211; \u00a31275) Von Cassben Ferienhaus aus k\u00f6nnen Sie das Meer sehen, und auch ein Sandstrand befindet sich einen Fu\u00dfmarsch von diesem wundersch\u00f6nen stilvollen Bungalow entfernt. Er befindet sich in einer ruhigen Anliegergegend, nicht weit vom Zentrum Mullions entfernt, einem freundlichen Dorf mit [&hellip;]\" \/>\n<meta property=\"og:url\" content=\"https:\/\/www.urlaubcornwall.de\/blog\/cassben-cottage-ferienhaus-mullion\/\" \/>\n<meta property=\"og:site_name\" content=\"Urlaub &amp; Reisen\" \/>\n<meta property=\"article:modified_time\" content=\"2021-07-12T08:30:28+00:00\" \/>\n<meta name=\"twitter:card\" content=\"summary\" \/>\n<meta name=\"twitter:label1\" content=\"Est. reading time\" \/>\n\t<meta name=\"twitter:data1\" content=\"1 minute\" \/>\n<script type=\"application\/ld+json\" class=\"yoast-schema-graph\">{\"@context\":\"https:\/\/schema.org\",\"@graph\":[{\"@type\":\"WebSite\",\"@id\":\"https:\/\/www.urlaubcornwall.de\/blog\/#website\",\"url\":\"https:\/\/www.urlaubcornwall.de\/blog\/\",\"name\":\"Urlaub &amp; Reisen\",\"description\":\"Urlaub, Reisen, Cornwall und S\u00fcdengland: eine perfekte Kombination\",\"potentialAction\":[{\"@type\":\"SearchAction\",\"target\":{\"@type\":\"EntryPoint\",\"urlTemplate\":\"https:\/\/www.urlaubcornwall.de\/blog\/?s={search_term_string}\"},\"query-input\":\"required name=search_term_string\"}],\"inLanguage\":\"en-US\"},{\"@type\":\"WebPage\",\"@id\":\"https:\/\/www.urlaubcornwall.de\/blog\/cassben-cottage-ferienhaus-mullion\/\",\"url\":\"https:\/\/www.urlaubcornwall.de\/blog\/cassben-cottage-ferienhaus-mullion\/\",\"name\":\"Cassben Cottage - Ferienhaus Mullion - Urlaub &amp; Reisen\",\"isPartOf\":{\"@id\":\"https:\/\/www.urlaubcornwall.de\/blog\/#website\"},\"datePublished\":\"2014-01-31T12:01:45+00:00\",\"dateModified\":\"2021-07-12T08:30:28+00:00\",\"breadcrumb\":{\"@id\":\"https:\/\/www.urlaubcornwall.de\/blog\/cassben-cottage-ferienhaus-mullion\/#breadcrumb\"},\"inLanguage\":\"en-US\",\"potentialAction\":[{\"@type\":\"ReadAction\",\"target\":[\"https:\/\/www.urlaubcornwall.de\/blog\/cassben-cottage-ferienhaus-mullion\/\"]}]},{\"@type\":\"BreadcrumbList\",\"@id\":\"https:\/\/www.urlaubcornwall.de\/blog\/cassben-cottage-ferienhaus-mullion\/#breadcrumb\",\"itemListElement\":[{\"@type\":\"ListItem\",\"position\":1,\"name\":\"Home\",\"item\":\"https:\/\/www.urlaubcornwall.de\/blog\/\"},{\"@type\":\"ListItem\",\"position\":2,\"name\":\"Cassben Cottage &#8211; Ferienhaus Mullion\"}]}]}<\/script>\n<!-- \/ Yoast SEO plugin. -->","yoast_head_json":{"title":"Cassben Cottage - Ferienhaus Mullion - Urlaub &amp; Reisen","robots":{"index":"index","follow":"follow","max-snippet":"max-snippet:-1","max-image-preview":"max-image-preview:large","max-video-preview":"max-video-preview:-1"},"canonical":"https:\/\/www.urlaubcornwall.de\/blog\/cassben-cottage-ferienhaus-mullion\/","og_locale":"en_US","og_type":"article","og_title":"Cassben Cottage - Ferienhaus Mullion - Urlaub &amp; Reisen","og_description":"3 Schlafzimmer, leider keine Haustiere erlaubt, Ferienhaus strandnah Mullion, S\u00fcdwest-Cornwall. Preisspanne M (\u00a3480 &#8211; \u00a31275) Von Cassben Ferienhaus aus k\u00f6nnen Sie das Meer sehen, und auch ein Sandstrand befindet sich einen Fu\u00dfmarsch von diesem wundersch\u00f6nen stilvollen Bungalow entfernt. Er befindet sich in einer ruhigen Anliegergegend, nicht weit vom Zentrum Mullions entfernt, einem freundlichen Dorf mit [&hellip;]","og_url":"https:\/\/www.urlaubcornwall.de\/blog\/cassben-cottage-ferienhaus-mullion\/","og_site_name":"Urlaub &amp; Reisen","article_modified_time":"2021-07-12T08:30:28+00:00","twitter_card":"summary","twitter_misc":{"Est. reading time":"1 minute"},"schema":{"@context":"https:\/\/schema.org","@graph":[{"@type":"WebSite","@id":"https:\/\/www.urlaubcornwall.de\/blog\/#website","url":"https:\/\/www.urlaubcornwall.de\/blog\/","name":"Urlaub &amp; Reisen","description":"Urlaub, Reisen, Cornwall und S\u00fcdengland: eine perfekte Kombination","potentialAction":[{"@type":"SearchAction","target":{"@type":"EntryPoint","urlTemplate":"https:\/\/www.urlaubcornwall.de\/blog\/?s={search_term_string}"},"query-input":"required name=search_term_string"}],"inLanguage":"en-US"},{"@type":"WebPage","@id":"https:\/\/www.urlaubcornwall.de\/blog\/cassben-cottage-ferienhaus-mullion\/","url":"https:\/\/www.urlaubcornwall.de\/blog\/cassben-cottage-ferienhaus-mullion\/","name":"Cassben Cottage - Ferienhaus Mullion - Urlaub &amp; Reisen","isPartOf":{"@id":"https:\/\/www.urlaubcornwall.de\/blog\/#website"},"datePublished":"2014-01-31T12:01:45+00:00","dateModified":"2021-07-12T08:30:28+00:00","breadcrumb":{"@id":"https:\/\/www.urlaubcornwall.de\/blog\/cassben-cottage-ferienhaus-mullion\/#breadcrumb"},"inLanguage":"en-US","potentialAction":[{"@type":"ReadAction","target":["https:\/\/www.urlaubcornwall.de\/blog\/cassben-cottage-ferienhaus-mullion\/"]}]},{"@type":"BreadcrumbList","@id":"https:\/\/www.urlaubcornwall.de\/blog\/cassben-cottage-ferienhaus-mullion\/#breadcrumb","itemListElement":[{"@type":"ListItem","position":1,"name":"Home","item":"https:\/\/www.urlaubcornwall.de\/blog\/"},{"@type":"ListItem","position":2,"name":"Cassben Cottage &#8211; Ferienhaus Mullion"}]}]}},"_links":{"self":[{"href":"https:\/\/www.urlaubcornwall.de\/blog\/wp-json\/wp\/v2\/pages\/12815"}],"collection":[{"href":"https:\/\/www.urlaubcornwall.de\/blog\/wp-json\/wp\/v2\/pages"}],"about":[{"href":"https:\/\/www.urlaubcornwall.de\/blog\/wp-json\/wp\/v2\/types\/page"}],"author":[{"embeddable":true,"href":"https:\/\/www.urlaubcornwall.de\/blog\/wp-json\/wp\/v2\/users\/1"}],"replies":[{"embeddable":true,"href":"https:\/\/www.urlaubcornwall.de\/blog\/wp-json\/wp\/v2\/comments?post=12815"}],"version-history":[{"count":7,"href":"https:\/\/www.urlaubcornwall.de\/blog\/wp-json\/wp\/v2\/pages\/12815\/revisions"}],"predecessor-version":[{"id":41805,"href":"https:\/\/www.urlaubcornwall.de\/blog\/wp-json\/wp\/v2\/pages\/12815\/revisions\/41805"}],"wp:attachment":[{"href":"https:\/\/www.urlaubcornwall.de\/blog\/wp-json\/wp\/v2\/media?parent=12815"}],"curies":[{"name":"wp","href":"https:\/\/api.w.org\/{rel}","templated":true}]}}