{"id":12793,"date":"2014-01-31T11:13:22","date_gmt":"2014-01-31T11:13:22","guid":{"rendered":"https:\/\/www.urlaubcornwall.de\/blog\/?page_id=12793"},"modified":"2021-07-12T08:15:48","modified_gmt":"2021-07-12T08:15:48","slug":"broadsands-ferienhaus-sennen-cove","status":"publish","type":"page","link":"https:\/\/www.urlaubcornwall.de\/blog\/broadsands-ferienhaus-sennen-cove\/","title":{"rendered":"Broadsands- Ferienhaus Sennen Cove"},"content":{"rendered":"<p><strong>2 Schlafzimmer, leider keine Haustiere erlaubt, Ferienhaus mit Meerblick Sennen, West-Cornwall. Preisspanne P (\u00a3546 &#8211; \u00a31491)<\/strong><\/p>\n<p>Zweifellos und ohne \u00dcbertreibung finden Sie in Sennen Cove einen der bezauberndsten Str\u00e4nde Cornwalls: azurblaues Meer, wei\u00dfer Sand und dar\u00fcber hinweg ziehende Klippen, wo Sie Broadsands Ferienhaus finden werden. Es liegt nahe des K\u00fcstenpfades an einem ruhigen Weg, der den steilen H\u00fcgel hinunter zur Bucht f\u00fchrt. Dieses ebenerdig gebaute Geb\u00e4ude ist auf hohem Standard eingerichtet und ausgestaltet. Eine Panoramafensterfront entlang der gesamten Meeresseite, erm\u00f6glicht es Ihnen, den spektakul\u00e4ren Blick zu jeder Jahreszeit und in jeder Wetterlage zu genie\u00dfen.<\/p>\n<p>Von einer gut ausgestatteten K\u00fcche geht es zum offenen Wohnbereich, wo ein elektrisches Feuer mit Kieseleffekt an k\u00fchleren Tagen f\u00fcr W\u00e4rme sorgt, und auch die Ledersitzgarnitur strahlt Gem\u00fctlichkeit aus in diesem \u201eRaum mit Meeresblick\u201c. Das Hauptschlafzimmer zur Meeresseite hin l\u00e4sst Sie mit dem Blick auf das Meer und mit dessen Klang erwachen. Auf der Terrasse und dem eingegrenzten Garten mit dramatischem Blick k\u00f6nnen Sie mit Leichtigkeit Stunden verbringen, vielleicht auch eine Mahlzeit im Freien genie\u00dfen nach einem ausgef\u00fcllten Tag mit Surfen, Wandern und Sandburgen Bauen. Ein Kunstgesch\u00e4ft, Caf\u00e9s und ein ausgezeichnetes Strandrestaurant befinden sich alle im Herzen des Dorfes \u2013 geradezu perfekt!<\/p>\n<p style=\"text-align: center;\"><a class=\"tidycta\" href=\"https:\/\/www.urlaubcornwall.de\/ferienhaeuser-fewos\/sennen.html\">Ferienh\u00e4user Sennen Cove<\/a><\/p>\n<p><strong>Einrichtungen<\/strong><\/p>\n<p>\u2022 Parkplatz f\u00fcr 2 Autos<br \/>\n\u2022 Gartenm\u00f6bel und BBQ<br \/>\n\u2022 Brennstoff und Strom inbegriffen<br \/>\n\u2022 Laden 1 km.<br \/>\n\u2022 Pub 500 m<br \/>\n\u2022 M\u00fcnztelefon 50 m<br \/>\n\u2022 Golfplatz 5 km.<br \/>\n\u2022 Rauchen verboten<br \/>\n\u2022 Keine Hunde erlaubt<br \/>\n\u2022 Ankunftstag Freitag<\/p>\n<p><a href=\"http:\/\/www.urlaubcornwall.de\/ferienhaeuser-fewos\/sennen.html\"><span style=\"text-decoration: underline;\"><strong>33 Ferienh\u00e4user und Ferienwohnungen Sennen Cove <\/strong><\/span><strong> &gt;&gt;<\/strong><\/a><\/p>\n<p><strong>Um UrlaubCornwall.de einzigartige Kollektion nach Ihrem idealen Ferienhaus zu durchsuchen.<\/strong> <a href=\"https:\/\/www.urlaubcornwall.de\/ferienhaeuser\/cornwall.php\"><span style=\"text-decoration: underline;\"><strong>Klicken Sie hier &gt;&gt;<\/strong><\/span><\/a><\/p>\n","protected":false},"excerpt":{"rendered":"<p>2 Schlafzimmer, leider keine Haustiere erlaubt, Ferienhaus mit Meerblick Sennen, West-Cornwall. Preisspanne P (\u00a3546 &#8211; \u00a31491) Zweifellos und ohne \u00dcbertreibung finden Sie in Sennen Cove einen der bezauberndsten Str\u00e4nde Cornwalls: azurblaues Meer, wei\u00dfer Sand und dar\u00fcber hinweg ziehende Klippen, wo Sie Broadsands Ferienhaus finden werden. Es liegt nahe des K\u00fcstenpfades an einem ruhigen Weg, der [&hellip;]<\/p>\n","protected":false},"author":1,"featured_media":0,"parent":0,"menu_order":0,"comment_status":"closed","ping_status":"closed","template":"single-two.php","meta":[],"acf":[],"yoast_head":"<!-- This site is optimized with the Yoast SEO plugin v19.4 - https:\/\/yoast.com\/wordpress\/plugins\/seo\/ -->\n<title>Broadsands- Ferienhaus Sennen Cove - Urlaub &amp; Reisen<\/title>\n<meta name=\"robots\" content=\"index, follow, max-snippet:-1, max-image-preview:large, max-video-preview:-1\" \/>\n<link rel=\"canonical\" href=\"https:\/\/www.urlaubcornwall.de\/blog\/broadsands-ferienhaus-sennen-cove\/\" \/>\n<meta property=\"og:locale\" content=\"en_US\" \/>\n<meta property=\"og:type\" content=\"article\" \/>\n<meta property=\"og:title\" content=\"Broadsands- Ferienhaus Sennen Cove - Urlaub &amp; Reisen\" \/>\n<meta property=\"og:description\" content=\"2 Schlafzimmer, leider keine Haustiere erlaubt, Ferienhaus mit Meerblick Sennen, West-Cornwall. Preisspanne P (\u00a3546 &#8211; \u00a31491) Zweifellos und ohne \u00dcbertreibung finden Sie in Sennen Cove einen der bezauberndsten Str\u00e4nde Cornwalls: azurblaues Meer, wei\u00dfer Sand und dar\u00fcber hinweg ziehende Klippen, wo Sie Broadsands Ferienhaus finden werden. Es liegt nahe des K\u00fcstenpfades an einem ruhigen Weg, der [&hellip;]\" \/>\n<meta property=\"og:url\" content=\"https:\/\/www.urlaubcornwall.de\/blog\/broadsands-ferienhaus-sennen-cove\/\" \/>\n<meta property=\"og:site_name\" content=\"Urlaub &amp; Reisen\" \/>\n<meta property=\"article:modified_time\" content=\"2021-07-12T08:15:48+00:00\" \/>\n<meta name=\"twitter:card\" content=\"summary\" \/>\n<meta name=\"twitter:label1\" content=\"Est. reading time\" \/>\n\t<meta name=\"twitter:data1\" content=\"1 minute\" \/>\n<script type=\"application\/ld+json\" class=\"yoast-schema-graph\">{\"@context\":\"https:\/\/schema.org\",\"@graph\":[{\"@type\":\"WebSite\",\"@id\":\"https:\/\/www.urlaubcornwall.de\/blog\/#website\",\"url\":\"https:\/\/www.urlaubcornwall.de\/blog\/\",\"name\":\"Urlaub &amp; Reisen\",\"description\":\"Urlaub, Reisen, Cornwall und S\u00fcdengland: eine perfekte Kombination\",\"potentialAction\":[{\"@type\":\"SearchAction\",\"target\":{\"@type\":\"EntryPoint\",\"urlTemplate\":\"https:\/\/www.urlaubcornwall.de\/blog\/?s={search_term_string}\"},\"query-input\":\"required name=search_term_string\"}],\"inLanguage\":\"en-US\"},{\"@type\":\"WebPage\",\"@id\":\"https:\/\/www.urlaubcornwall.de\/blog\/broadsands-ferienhaus-sennen-cove\/\",\"url\":\"https:\/\/www.urlaubcornwall.de\/blog\/broadsands-ferienhaus-sennen-cove\/\",\"name\":\"Broadsands- Ferienhaus Sennen Cove - Urlaub &amp; Reisen\",\"isPartOf\":{\"@id\":\"https:\/\/www.urlaubcornwall.de\/blog\/#website\"},\"datePublished\":\"2014-01-31T11:13:22+00:00\",\"dateModified\":\"2021-07-12T08:15:48+00:00\",\"breadcrumb\":{\"@id\":\"https:\/\/www.urlaubcornwall.de\/blog\/broadsands-ferienhaus-sennen-cove\/#breadcrumb\"},\"inLanguage\":\"en-US\",\"potentialAction\":[{\"@type\":\"ReadAction\",\"target\":[\"https:\/\/www.urlaubcornwall.de\/blog\/broadsands-ferienhaus-sennen-cove\/\"]}]},{\"@type\":\"BreadcrumbList\",\"@id\":\"https:\/\/www.urlaubcornwall.de\/blog\/broadsands-ferienhaus-sennen-cove\/#breadcrumb\",\"itemListElement\":[{\"@type\":\"ListItem\",\"position\":1,\"name\":\"Home\",\"item\":\"https:\/\/www.urlaubcornwall.de\/blog\/\"},{\"@type\":\"ListItem\",\"position\":2,\"name\":\"Broadsands- Ferienhaus Sennen Cove\"}]}]}<\/script>\n<!-- \/ Yoast SEO plugin. -->","yoast_head_json":{"title":"Broadsands- Ferienhaus Sennen Cove - Urlaub &amp; Reisen","robots":{"index":"index","follow":"follow","max-snippet":"max-snippet:-1","max-image-preview":"max-image-preview:large","max-video-preview":"max-video-preview:-1"},"canonical":"https:\/\/www.urlaubcornwall.de\/blog\/broadsands-ferienhaus-sennen-cove\/","og_locale":"en_US","og_type":"article","og_title":"Broadsands- Ferienhaus Sennen Cove - Urlaub &amp; Reisen","og_description":"2 Schlafzimmer, leider keine Haustiere erlaubt, Ferienhaus mit Meerblick Sennen, West-Cornwall. Preisspanne P (\u00a3546 &#8211; \u00a31491) Zweifellos und ohne \u00dcbertreibung finden Sie in Sennen Cove einen der bezauberndsten Str\u00e4nde Cornwalls: azurblaues Meer, wei\u00dfer Sand und dar\u00fcber hinweg ziehende Klippen, wo Sie Broadsands Ferienhaus finden werden. Es liegt nahe des K\u00fcstenpfades an einem ruhigen Weg, der [&hellip;]","og_url":"https:\/\/www.urlaubcornwall.de\/blog\/broadsands-ferienhaus-sennen-cove\/","og_site_name":"Urlaub &amp; Reisen","article_modified_time":"2021-07-12T08:15:48+00:00","twitter_card":"summary","twitter_misc":{"Est. reading time":"1 minute"},"schema":{"@context":"https:\/\/schema.org","@graph":[{"@type":"WebSite","@id":"https:\/\/www.urlaubcornwall.de\/blog\/#website","url":"https:\/\/www.urlaubcornwall.de\/blog\/","name":"Urlaub &amp; Reisen","description":"Urlaub, Reisen, Cornwall und S\u00fcdengland: eine perfekte Kombination","potentialAction":[{"@type":"SearchAction","target":{"@type":"EntryPoint","urlTemplate":"https:\/\/www.urlaubcornwall.de\/blog\/?s={search_term_string}"},"query-input":"required name=search_term_string"}],"inLanguage":"en-US"},{"@type":"WebPage","@id":"https:\/\/www.urlaubcornwall.de\/blog\/broadsands-ferienhaus-sennen-cove\/","url":"https:\/\/www.urlaubcornwall.de\/blog\/broadsands-ferienhaus-sennen-cove\/","name":"Broadsands- Ferienhaus Sennen Cove - Urlaub &amp; Reisen","isPartOf":{"@id":"https:\/\/www.urlaubcornwall.de\/blog\/#website"},"datePublished":"2014-01-31T11:13:22+00:00","dateModified":"2021-07-12T08:15:48+00:00","breadcrumb":{"@id":"https:\/\/www.urlaubcornwall.de\/blog\/broadsands-ferienhaus-sennen-cove\/#breadcrumb"},"inLanguage":"en-US","potentialAction":[{"@type":"ReadAction","target":["https:\/\/www.urlaubcornwall.de\/blog\/broadsands-ferienhaus-sennen-cove\/"]}]},{"@type":"BreadcrumbList","@id":"https:\/\/www.urlaubcornwall.de\/blog\/broadsands-ferienhaus-sennen-cove\/#breadcrumb","itemListElement":[{"@type":"ListItem","position":1,"name":"Home","item":"https:\/\/www.urlaubcornwall.de\/blog\/"},{"@type":"ListItem","position":2,"name":"Broadsands- Ferienhaus Sennen Cove"}]}]}},"_links":{"self":[{"href":"https:\/\/www.urlaubcornwall.de\/blog\/wp-json\/wp\/v2\/pages\/12793"}],"collection":[{"href":"https:\/\/www.urlaubcornwall.de\/blog\/wp-json\/wp\/v2\/pages"}],"about":[{"href":"https:\/\/www.urlaubcornwall.de\/blog\/wp-json\/wp\/v2\/types\/page"}],"author":[{"embeddable":true,"href":"https:\/\/www.urlaubcornwall.de\/blog\/wp-json\/wp\/v2\/users\/1"}],"replies":[{"embeddable":true,"href":"https:\/\/www.urlaubcornwall.de\/blog\/wp-json\/wp\/v2\/comments?post=12793"}],"version-history":[{"count":8,"href":"https:\/\/www.urlaubcornwall.de\/blog\/wp-json\/wp\/v2\/pages\/12793\/revisions"}],"predecessor-version":[{"id":41791,"href":"https:\/\/www.urlaubcornwall.de\/blog\/wp-json\/wp\/v2\/pages\/12793\/revisions\/41791"}],"wp:attachment":[{"href":"https:\/\/www.urlaubcornwall.de\/blog\/wp-json\/wp\/v2\/media?parent=12793"}],"curies":[{"name":"wp","href":"https:\/\/api.w.org\/{rel}","templated":true}]}}