{"id":12780,"date":"2014-01-30T16:59:36","date_gmt":"2014-01-30T16:59:36","guid":{"rendered":"https:\/\/www.urlaubcornwall.de\/blog\/?page_id=12780"},"modified":"2021-07-12T08:56:05","modified_gmt":"2021-07-12T08:56:05","slug":"curly-cottage-ferienhaus-tintagel","status":"publish","type":"page","link":"https:\/\/www.urlaubcornwall.de\/blog\/curly-cottage-ferienhaus-tintagel\/","title":{"rendered":"Curly Cottage \u2013 Ferienhaus Tintagel"},"content":{"rendered":"<p><strong>3 Schlafzimmer, leider keine Haustiere erlaubt, Ferienhaus mit Meerblick 2.1 Kilometer SW von Boscastle, Nordk\u00fcste Cornwall. Preisspanne N (\u00a3504 &#8211; \u00a31356)<\/strong><\/p>\n<p>Hoch oben auf einem H\u00fcgel, das Meer \u00fcberblickend, finden Sie Curly Cottage. Scheinbar seit Jahrhunderten dort, liegt dieses Haus inmitten eines gro\u00dfen, eingeschlossenen Gartens mit hervorragendem Meeresblick bis hin zu Lundy Island. Sie erreichen dieses lichte und gro\u00dfr\u00e4umige Haus \u00fcber eine Kieselauffahrt. Innen erwartet Sie eine stilvolle Einrichtung.<\/p>\n<p>Das Erdgeschoss ist gefliest, und die K\u00fcche ausgestattet mit handgearbeiteten Buchenm\u00f6beln, farbenpr\u00e4chtiger Keramik und einem Backofen im Stil eines urspr\u00fcnglich Cornischen K\u00fcchenherdes. Jede Menge Spiele, B\u00fccher und Videos finden sich im Nebenzimmer, w\u00e4hrend das Wohnzimmer mit seinen gem\u00fctlichen Sofas zur Entspannung einl\u00e4dt.<\/p>\n<p>Klippenpfade locken mit anschlie\u00dfender Belohnung im nahe gelegenen <a href=\"https:\/\/www.urlaubcornwall.de\/ferienhaeuser-fewos\/boscastle.html\">Boscastle<\/a> und Tintagel. Etwas weiter entfernt befinden sich die Widemouth Bay und die Restaurants <a href=\"https:\/\/www.urlaubcornwall.de\/ferienhaeuser-fewos\/port-isaac.html\">Port Isaacs<\/a> und <a href=\"https:\/\/www.urlaubcornwall.de\/ferienhaeuser-fewos\/padstow.html\">Padstows<\/a>. Curly Cottage ist einfach wundervoll, atemberaubend sch\u00f6n gelegen mit gen\u00fcgend Platz, so dass ein Jeder seinen eigenen Besch\u00e4ftigungen nachgehen kann.<\/p>\n<p style=\"text-align: center;\"><a class=\"tidycta\" href=\"https:\/\/www.urlaubcornwall.de\/ferienhaeuser-fewos\/tintagel.html\">Anfrage \/ Buchung<\/a><\/p>\n<p><strong>Einrichtungen<\/strong><\/p>\n<p>\u2022 Parkplatz f\u00fcr 2 Autos<br \/>\n\u2022 Brennstoff und Strom inbegriffen<br \/>\n\u2022 Internetzugang<br \/>\n\u2022 Bettw\u00e4sche und Handt\u00fccher inbegriffen<br \/>\n\u2022 Gartenm\u00f6bel und BBQ<br \/>\n\u2022 Laden 3 km.<br \/>\n\u2022 Pub 3 km.<br \/>\n\u2022 M\u00fcnztelefon 500 m<br \/>\n\u2022 Rauchen verboten<br \/>\n\u2022 Keine Hunde erlaubt<br \/>\n\u2022 Ankunftstag Freitag<\/p>\n<p><strong>Um Classic Cottages einzigartige Kollektion nach Ihrem idealen Ferienhaus zu durchsuchen.<\/strong> <a href=\"https:\/\/www.urlaubcornwall.de\/ferienhaeuser\/cornwall.php\"><span style=\"text-decoration: underline;\"><strong>Klicken Sie hier<\/strong><\/span><strong> &gt;&gt;<\/strong><\/a><\/p>\n","protected":false},"excerpt":{"rendered":"<p>3 Schlafzimmer, leider keine Haustiere erlaubt, Ferienhaus mit Meerblick 2.1 Kilometer SW von Boscastle, Nordk\u00fcste Cornwall. Preisspanne N (\u00a3504 &#8211; \u00a31356) Hoch oben auf einem H\u00fcgel, das Meer \u00fcberblickend, finden Sie Curly Cottage. Scheinbar seit Jahrhunderten dort, liegt dieses Haus inmitten eines gro\u00dfen, eingeschlossenen Gartens mit hervorragendem Meeresblick bis hin zu Lundy Island. Sie erreichen [&hellip;]<\/p>\n","protected":false},"author":1,"featured_media":0,"parent":0,"menu_order":0,"comment_status":"closed","ping_status":"closed","template":"single-two.php","meta":[],"acf":[],"yoast_head":"<!-- This site is optimized with the Yoast SEO plugin v19.4 - https:\/\/yoast.com\/wordpress\/plugins\/seo\/ -->\n<title>Curly Cottage \u2013 Ferienhaus Tintagel - Urlaub &amp; Reisen<\/title>\n<meta name=\"robots\" content=\"index, follow, max-snippet:-1, max-image-preview:large, max-video-preview:-1\" \/>\n<link rel=\"canonical\" href=\"https:\/\/www.urlaubcornwall.de\/blog\/curly-cottage-ferienhaus-tintagel\/\" \/>\n<meta property=\"og:locale\" content=\"en_US\" \/>\n<meta property=\"og:type\" content=\"article\" \/>\n<meta property=\"og:title\" content=\"Curly Cottage \u2013 Ferienhaus Tintagel - Urlaub &amp; Reisen\" \/>\n<meta property=\"og:description\" content=\"3 Schlafzimmer, leider keine Haustiere erlaubt, Ferienhaus mit Meerblick 2.1 Kilometer SW von Boscastle, Nordk\u00fcste Cornwall. Preisspanne N (\u00a3504 &#8211; \u00a31356) Hoch oben auf einem H\u00fcgel, das Meer \u00fcberblickend, finden Sie Curly Cottage. Scheinbar seit Jahrhunderten dort, liegt dieses Haus inmitten eines gro\u00dfen, eingeschlossenen Gartens mit hervorragendem Meeresblick bis hin zu Lundy Island. Sie erreichen [&hellip;]\" \/>\n<meta property=\"og:url\" content=\"https:\/\/www.urlaubcornwall.de\/blog\/curly-cottage-ferienhaus-tintagel\/\" \/>\n<meta property=\"og:site_name\" content=\"Urlaub &amp; Reisen\" \/>\n<meta property=\"article:modified_time\" content=\"2021-07-12T08:56:05+00:00\" \/>\n<meta name=\"twitter:card\" content=\"summary\" \/>\n<meta name=\"twitter:label1\" content=\"Est. reading time\" \/>\n\t<meta name=\"twitter:data1\" content=\"1 minute\" \/>\n<script type=\"application\/ld+json\" class=\"yoast-schema-graph\">{\"@context\":\"https:\/\/schema.org\",\"@graph\":[{\"@type\":\"WebSite\",\"@id\":\"https:\/\/www.urlaubcornwall.de\/blog\/#website\",\"url\":\"https:\/\/www.urlaubcornwall.de\/blog\/\",\"name\":\"Urlaub &amp; Reisen\",\"description\":\"Urlaub, Reisen, Cornwall und S\u00fcdengland: eine perfekte Kombination\",\"potentialAction\":[{\"@type\":\"SearchAction\",\"target\":{\"@type\":\"EntryPoint\",\"urlTemplate\":\"https:\/\/www.urlaubcornwall.de\/blog\/?s={search_term_string}\"},\"query-input\":\"required name=search_term_string\"}],\"inLanguage\":\"en-US\"},{\"@type\":\"WebPage\",\"@id\":\"https:\/\/www.urlaubcornwall.de\/blog\/curly-cottage-ferienhaus-tintagel\/\",\"url\":\"https:\/\/www.urlaubcornwall.de\/blog\/curly-cottage-ferienhaus-tintagel\/\",\"name\":\"Curly Cottage \u2013 Ferienhaus Tintagel - Urlaub &amp; Reisen\",\"isPartOf\":{\"@id\":\"https:\/\/www.urlaubcornwall.de\/blog\/#website\"},\"datePublished\":\"2014-01-30T16:59:36+00:00\",\"dateModified\":\"2021-07-12T08:56:05+00:00\",\"breadcrumb\":{\"@id\":\"https:\/\/www.urlaubcornwall.de\/blog\/curly-cottage-ferienhaus-tintagel\/#breadcrumb\"},\"inLanguage\":\"en-US\",\"potentialAction\":[{\"@type\":\"ReadAction\",\"target\":[\"https:\/\/www.urlaubcornwall.de\/blog\/curly-cottage-ferienhaus-tintagel\/\"]}]},{\"@type\":\"BreadcrumbList\",\"@id\":\"https:\/\/www.urlaubcornwall.de\/blog\/curly-cottage-ferienhaus-tintagel\/#breadcrumb\",\"itemListElement\":[{\"@type\":\"ListItem\",\"position\":1,\"name\":\"Home\",\"item\":\"https:\/\/www.urlaubcornwall.de\/blog\/\"},{\"@type\":\"ListItem\",\"position\":2,\"name\":\"Curly Cottage \u2013 Ferienhaus Tintagel\"}]}]}<\/script>\n<!-- \/ Yoast SEO plugin. -->","yoast_head_json":{"title":"Curly Cottage \u2013 Ferienhaus Tintagel - Urlaub &amp; Reisen","robots":{"index":"index","follow":"follow","max-snippet":"max-snippet:-1","max-image-preview":"max-image-preview:large","max-video-preview":"max-video-preview:-1"},"canonical":"https:\/\/www.urlaubcornwall.de\/blog\/curly-cottage-ferienhaus-tintagel\/","og_locale":"en_US","og_type":"article","og_title":"Curly Cottage \u2013 Ferienhaus Tintagel - Urlaub &amp; Reisen","og_description":"3 Schlafzimmer, leider keine Haustiere erlaubt, Ferienhaus mit Meerblick 2.1 Kilometer SW von Boscastle, Nordk\u00fcste Cornwall. Preisspanne N (\u00a3504 &#8211; \u00a31356) Hoch oben auf einem H\u00fcgel, das Meer \u00fcberblickend, finden Sie Curly Cottage. Scheinbar seit Jahrhunderten dort, liegt dieses Haus inmitten eines gro\u00dfen, eingeschlossenen Gartens mit hervorragendem Meeresblick bis hin zu Lundy Island. Sie erreichen [&hellip;]","og_url":"https:\/\/www.urlaubcornwall.de\/blog\/curly-cottage-ferienhaus-tintagel\/","og_site_name":"Urlaub &amp; Reisen","article_modified_time":"2021-07-12T08:56:05+00:00","twitter_card":"summary","twitter_misc":{"Est. reading time":"1 minute"},"schema":{"@context":"https:\/\/schema.org","@graph":[{"@type":"WebSite","@id":"https:\/\/www.urlaubcornwall.de\/blog\/#website","url":"https:\/\/www.urlaubcornwall.de\/blog\/","name":"Urlaub &amp; Reisen","description":"Urlaub, Reisen, Cornwall und S\u00fcdengland: eine perfekte Kombination","potentialAction":[{"@type":"SearchAction","target":{"@type":"EntryPoint","urlTemplate":"https:\/\/www.urlaubcornwall.de\/blog\/?s={search_term_string}"},"query-input":"required name=search_term_string"}],"inLanguage":"en-US"},{"@type":"WebPage","@id":"https:\/\/www.urlaubcornwall.de\/blog\/curly-cottage-ferienhaus-tintagel\/","url":"https:\/\/www.urlaubcornwall.de\/blog\/curly-cottage-ferienhaus-tintagel\/","name":"Curly Cottage \u2013 Ferienhaus Tintagel - Urlaub &amp; Reisen","isPartOf":{"@id":"https:\/\/www.urlaubcornwall.de\/blog\/#website"},"datePublished":"2014-01-30T16:59:36+00:00","dateModified":"2021-07-12T08:56:05+00:00","breadcrumb":{"@id":"https:\/\/www.urlaubcornwall.de\/blog\/curly-cottage-ferienhaus-tintagel\/#breadcrumb"},"inLanguage":"en-US","potentialAction":[{"@type":"ReadAction","target":["https:\/\/www.urlaubcornwall.de\/blog\/curly-cottage-ferienhaus-tintagel\/"]}]},{"@type":"BreadcrumbList","@id":"https:\/\/www.urlaubcornwall.de\/blog\/curly-cottage-ferienhaus-tintagel\/#breadcrumb","itemListElement":[{"@type":"ListItem","position":1,"name":"Home","item":"https:\/\/www.urlaubcornwall.de\/blog\/"},{"@type":"ListItem","position":2,"name":"Curly Cottage \u2013 Ferienhaus Tintagel"}]}]}},"_links":{"self":[{"href":"https:\/\/www.urlaubcornwall.de\/blog\/wp-json\/wp\/v2\/pages\/12780"}],"collection":[{"href":"https:\/\/www.urlaubcornwall.de\/blog\/wp-json\/wp\/v2\/pages"}],"about":[{"href":"https:\/\/www.urlaubcornwall.de\/blog\/wp-json\/wp\/v2\/types\/page"}],"author":[{"embeddable":true,"href":"https:\/\/www.urlaubcornwall.de\/blog\/wp-json\/wp\/v2\/users\/1"}],"replies":[{"embeddable":true,"href":"https:\/\/www.urlaubcornwall.de\/blog\/wp-json\/wp\/v2\/comments?post=12780"}],"version-history":[{"count":11,"href":"https:\/\/www.urlaubcornwall.de\/blog\/wp-json\/wp\/v2\/pages\/12780\/revisions"}],"predecessor-version":[{"id":41816,"href":"https:\/\/www.urlaubcornwall.de\/blog\/wp-json\/wp\/v2\/pages\/12780\/revisions\/41816"}],"wp:attachment":[{"href":"https:\/\/www.urlaubcornwall.de\/blog\/wp-json\/wp\/v2\/media?parent=12780"}],"curies":[{"name":"wp","href":"https:\/\/api.w.org\/{rel}","templated":true}]}}