{"id":12736,"date":"2014-01-23T18:02:26","date_gmt":"2014-01-23T18:02:26","guid":{"rendered":"https:\/\/www.urlaubcornwall.de\/blog\/?page_id=12736"},"modified":"2014-01-23T18:02:26","modified_gmt":"2014-01-23T18:02:26","slug":"schoene-ferienhaeuser-in-den-yorkshire-dales","status":"publish","type":"page","link":"https:\/\/www.urlaubcornwall.de\/blog\/schoene-ferienhaeuser-in-den-yorkshire-dales\/","title":{"rendered":"Sch\u00f6ne Ferienh\u00e4user in den Yorkshire Dales"},"content":{"rendered":"<p><strong>Bei uns finden Sie Ferienh\u00e4user zum Verlieben &#8211; so einfach ist das!<\/strong> Sanfte gr\u00fcne H\u00fcgel so weit das Auge reicht, Wildblumen-Hecken und eine Vielfalt an Naturleben; f\u00fcgen Sie dem jede Menge Aktivit\u00e4ten und \u00f6rtliche Attraktionen bei, so bekommen Sie eine Vorstellung des bezaubernden Ferienerlebnisses, das Sie bei <a href=\"https:\/\/www.urlaubcornwall.de\/blog\/ferienhaeuser-in-den-yorkshire-dales-erleben-sie-england-von-seiner-laendlichen-seite\/\"><span style=\"text-decoration: underline;\"><strong>Natural Retreats Yorkshire Dales<\/strong><\/span><\/a> erwartet.<\/p>\n<p>Jedes sch\u00f6ne Ferienhaus verf\u00fcgt \u00fcber drei Schlafr\u00e4ume f\u00fcr bis zu 6 Personen \u2013 wobei diese sich in Gr\u00f6\u00dfe und Ausgestaltung in zweierlei Stilrichtungen unterscheiden und somit geradezu perfekt sind f\u00fcr Familien mit Kindern oder Gruppenreisende.Die H\u00e4lfte der Ferienh\u00e4user verf\u00fcgt \u00fcber ein gro\u00dfes Hauptschlafzimmer mit en-suite Dusche und Nasszelle, sowie zwei geringf\u00fcgig kleineren Doppelschlafzimmern. Diese beiden R\u00e4ume teilen sich ein gro\u00dfes Familienbadezimmer mit Badewanne und Dusche.<\/p>\n<p>Unsere weiteren neun Unterk\u00fcnfte bieten ebenfalls drei Doppelschlafr\u00e4ume mit je einem en-suite Duschraum und WC. All unsere Unterk\u00fcnfte haben ein Schlafzimmer, in dem das Bett f\u00fcr Kinder in zwei Einzelbetten verwandelt werden kann. Das preisgekr\u00f6nte Design, der moderne offene Wohnbereich und umweltvertr\u00e4gliche Bauweise sind nur einige der Kennzeichen dieser ausgezeichneten Ferienh\u00e4user. Die gro\u00dfen Glasfronten gew\u00e4hren der bezaubernden nat\u00fcrlichen Umgebung Einlass in diese luxuri\u00f6se Erfahrung. Ebenso tr\u00e4gt die au\u00dferordentliche Liebe zum Detail dazu bei, die sich in der Inneneinrichtung widerspiegelt.<\/p>\n<p>Die Unterk\u00fcnfte sind liebevoll eingerichtet mit kleinen Besonderheiten, wie zum Beispiel die in ihrem Design exklusiven Sofas und erfinderischen \u201eW\u00fcrfelsessel\u201c. Die Farbwahl erg\u00e4nzt und spiegelt die idyllische Au\u00dfenlandschaft wider.<\/p>\n<p>Eine Auswahl der Unterk\u00fcnfte bietet private Au\u00dfenfeuerstellen, umrahmt von eingelassenen Sitzm\u00f6glichkeiten. Dies erm\u00f6glicht es den G\u00e4sten noch mehr, die wundersch\u00f6ne Landschaft und den bezaubernden Blick \u00fcber das atemberaubende Swale Valley zu genie\u00dfen.<\/p>\n<p>N\u00e4here Informationen zu unserer <a href=\"https:\/\/www.urlaubcornwall.de\/blog\/ferienhaeuser-in-den-yorkshire-dales-erleben-sie-england-von-seiner-laendlichen-seite\/\"><strong><span style=\"text-decoration: underline;\">Ferienunterkunft in den Yorkshire Dales<\/span> &gt;&gt;<\/strong><\/a><\/p>\n","protected":false},"excerpt":{"rendered":"<p>Bei uns finden Sie Ferienh\u00e4user zum Verlieben &#8211; so einfach ist das! Sanfte gr\u00fcne H\u00fcgel so weit das Auge reicht, Wildblumen-Hecken und eine Vielfalt an Naturleben; f\u00fcgen Sie dem jede Menge Aktivit\u00e4ten und \u00f6rtliche Attraktionen bei, so bekommen Sie eine Vorstellung des bezaubernden Ferienerlebnisses, das Sie bei Natural Retreats Yorkshire Dales erwartet. Jedes sch\u00f6ne Ferienhaus [&hellip;]<\/p>\n","protected":false},"author":1,"featured_media":0,"parent":0,"menu_order":0,"comment_status":"closed","ping_status":"closed","template":"single-two.php","meta":[],"acf":[],"yoast_head":"<!-- This site is optimized with the Yoast SEO plugin v19.4 - https:\/\/yoast.com\/wordpress\/plugins\/seo\/ -->\n<title>Sch\u00f6ne Ferienh\u00e4user in den Yorkshire Dales - Urlaub &amp; Reisen<\/title>\n<meta name=\"robots\" content=\"index, follow, max-snippet:-1, max-image-preview:large, max-video-preview:-1\" \/>\n<link rel=\"canonical\" href=\"https:\/\/www.urlaubcornwall.de\/blog\/schoene-ferienhaeuser-in-den-yorkshire-dales\/\" \/>\n<meta property=\"og:locale\" content=\"en_US\" \/>\n<meta property=\"og:type\" content=\"article\" \/>\n<meta property=\"og:title\" content=\"Sch\u00f6ne Ferienh\u00e4user in den Yorkshire Dales - Urlaub &amp; Reisen\" \/>\n<meta property=\"og:description\" content=\"Bei uns finden Sie Ferienh\u00e4user zum Verlieben &#8211; so einfach ist das! Sanfte gr\u00fcne H\u00fcgel so weit das Auge reicht, Wildblumen-Hecken und eine Vielfalt an Naturleben; f\u00fcgen Sie dem jede Menge Aktivit\u00e4ten und \u00f6rtliche Attraktionen bei, so bekommen Sie eine Vorstellung des bezaubernden Ferienerlebnisses, das Sie bei Natural Retreats Yorkshire Dales erwartet. Jedes sch\u00f6ne Ferienhaus [&hellip;]\" \/>\n<meta property=\"og:url\" content=\"https:\/\/www.urlaubcornwall.de\/blog\/schoene-ferienhaeuser-in-den-yorkshire-dales\/\" \/>\n<meta property=\"og:site_name\" content=\"Urlaub &amp; Reisen\" \/>\n<meta name=\"twitter:card\" content=\"summary\" \/>\n<meta name=\"twitter:label1\" content=\"Est. reading time\" \/>\n\t<meta name=\"twitter:data1\" content=\"2 minutes\" \/>\n<script type=\"application\/ld+json\" class=\"yoast-schema-graph\">{\"@context\":\"https:\/\/schema.org\",\"@graph\":[{\"@type\":\"WebSite\",\"@id\":\"https:\/\/www.urlaubcornwall.de\/blog\/#website\",\"url\":\"https:\/\/www.urlaubcornwall.de\/blog\/\",\"name\":\"Urlaub &amp; Reisen\",\"description\":\"Urlaub, Reisen, Cornwall und S\u00fcdengland: eine perfekte Kombination\",\"potentialAction\":[{\"@type\":\"SearchAction\",\"target\":{\"@type\":\"EntryPoint\",\"urlTemplate\":\"https:\/\/www.urlaubcornwall.de\/blog\/?s={search_term_string}\"},\"query-input\":\"required name=search_term_string\"}],\"inLanguage\":\"en-US\"},{\"@type\":\"WebPage\",\"@id\":\"https:\/\/www.urlaubcornwall.de\/blog\/schoene-ferienhaeuser-in-den-yorkshire-dales\/\",\"url\":\"https:\/\/www.urlaubcornwall.de\/blog\/schoene-ferienhaeuser-in-den-yorkshire-dales\/\",\"name\":\"Sch\u00f6ne Ferienh\u00e4user in den Yorkshire Dales - Urlaub &amp; Reisen\",\"isPartOf\":{\"@id\":\"https:\/\/www.urlaubcornwall.de\/blog\/#website\"},\"datePublished\":\"2014-01-23T18:02:26+00:00\",\"dateModified\":\"2014-01-23T18:02:26+00:00\",\"breadcrumb\":{\"@id\":\"https:\/\/www.urlaubcornwall.de\/blog\/schoene-ferienhaeuser-in-den-yorkshire-dales\/#breadcrumb\"},\"inLanguage\":\"en-US\",\"potentialAction\":[{\"@type\":\"ReadAction\",\"target\":[\"https:\/\/www.urlaubcornwall.de\/blog\/schoene-ferienhaeuser-in-den-yorkshire-dales\/\"]}]},{\"@type\":\"BreadcrumbList\",\"@id\":\"https:\/\/www.urlaubcornwall.de\/blog\/schoene-ferienhaeuser-in-den-yorkshire-dales\/#breadcrumb\",\"itemListElement\":[{\"@type\":\"ListItem\",\"position\":1,\"name\":\"Home\",\"item\":\"https:\/\/www.urlaubcornwall.de\/blog\/\"},{\"@type\":\"ListItem\",\"position\":2,\"name\":\"Sch\u00f6ne Ferienh\u00e4user in den Yorkshire Dales\"}]}]}<\/script>\n<!-- \/ Yoast SEO plugin. -->","yoast_head_json":{"title":"Sch\u00f6ne Ferienh\u00e4user in den Yorkshire Dales - Urlaub &amp; Reisen","robots":{"index":"index","follow":"follow","max-snippet":"max-snippet:-1","max-image-preview":"max-image-preview:large","max-video-preview":"max-video-preview:-1"},"canonical":"https:\/\/www.urlaubcornwall.de\/blog\/schoene-ferienhaeuser-in-den-yorkshire-dales\/","og_locale":"en_US","og_type":"article","og_title":"Sch\u00f6ne Ferienh\u00e4user in den Yorkshire Dales - Urlaub &amp; Reisen","og_description":"Bei uns finden Sie Ferienh\u00e4user zum Verlieben &#8211; so einfach ist das! Sanfte gr\u00fcne H\u00fcgel so weit das Auge reicht, Wildblumen-Hecken und eine Vielfalt an Naturleben; f\u00fcgen Sie dem jede Menge Aktivit\u00e4ten und \u00f6rtliche Attraktionen bei, so bekommen Sie eine Vorstellung des bezaubernden Ferienerlebnisses, das Sie bei Natural Retreats Yorkshire Dales erwartet. Jedes sch\u00f6ne Ferienhaus [&hellip;]","og_url":"https:\/\/www.urlaubcornwall.de\/blog\/schoene-ferienhaeuser-in-den-yorkshire-dales\/","og_site_name":"Urlaub &amp; Reisen","twitter_card":"summary","twitter_misc":{"Est. reading time":"2 minutes"},"schema":{"@context":"https:\/\/schema.org","@graph":[{"@type":"WebSite","@id":"https:\/\/www.urlaubcornwall.de\/blog\/#website","url":"https:\/\/www.urlaubcornwall.de\/blog\/","name":"Urlaub &amp; Reisen","description":"Urlaub, Reisen, Cornwall und S\u00fcdengland: eine perfekte Kombination","potentialAction":[{"@type":"SearchAction","target":{"@type":"EntryPoint","urlTemplate":"https:\/\/www.urlaubcornwall.de\/blog\/?s={search_term_string}"},"query-input":"required name=search_term_string"}],"inLanguage":"en-US"},{"@type":"WebPage","@id":"https:\/\/www.urlaubcornwall.de\/blog\/schoene-ferienhaeuser-in-den-yorkshire-dales\/","url":"https:\/\/www.urlaubcornwall.de\/blog\/schoene-ferienhaeuser-in-den-yorkshire-dales\/","name":"Sch\u00f6ne Ferienh\u00e4user in den Yorkshire Dales - Urlaub &amp; Reisen","isPartOf":{"@id":"https:\/\/www.urlaubcornwall.de\/blog\/#website"},"datePublished":"2014-01-23T18:02:26+00:00","dateModified":"2014-01-23T18:02:26+00:00","breadcrumb":{"@id":"https:\/\/www.urlaubcornwall.de\/blog\/schoene-ferienhaeuser-in-den-yorkshire-dales\/#breadcrumb"},"inLanguage":"en-US","potentialAction":[{"@type":"ReadAction","target":["https:\/\/www.urlaubcornwall.de\/blog\/schoene-ferienhaeuser-in-den-yorkshire-dales\/"]}]},{"@type":"BreadcrumbList","@id":"https:\/\/www.urlaubcornwall.de\/blog\/schoene-ferienhaeuser-in-den-yorkshire-dales\/#breadcrumb","itemListElement":[{"@type":"ListItem","position":1,"name":"Home","item":"https:\/\/www.urlaubcornwall.de\/blog\/"},{"@type":"ListItem","position":2,"name":"Sch\u00f6ne Ferienh\u00e4user in den Yorkshire Dales"}]}]}},"_links":{"self":[{"href":"https:\/\/www.urlaubcornwall.de\/blog\/wp-json\/wp\/v2\/pages\/12736"}],"collection":[{"href":"https:\/\/www.urlaubcornwall.de\/blog\/wp-json\/wp\/v2\/pages"}],"about":[{"href":"https:\/\/www.urlaubcornwall.de\/blog\/wp-json\/wp\/v2\/types\/page"}],"author":[{"embeddable":true,"href":"https:\/\/www.urlaubcornwall.de\/blog\/wp-json\/wp\/v2\/users\/1"}],"replies":[{"embeddable":true,"href":"https:\/\/www.urlaubcornwall.de\/blog\/wp-json\/wp\/v2\/comments?post=12736"}],"version-history":[{"count":2,"href":"https:\/\/www.urlaubcornwall.de\/blog\/wp-json\/wp\/v2\/pages\/12736\/revisions"}],"predecessor-version":[{"id":19558,"href":"https:\/\/www.urlaubcornwall.de\/blog\/wp-json\/wp\/v2\/pages\/12736\/revisions\/19558"}],"wp:attachment":[{"href":"https:\/\/www.urlaubcornwall.de\/blog\/wp-json\/wp\/v2\/media?parent=12736"}],"curies":[{"name":"wp","href":"https:\/\/api.w.org\/{rel}","templated":true}]}}