{"id":12721,"date":"2014-01-23T17:42:45","date_gmt":"2014-01-23T17:42:45","guid":{"rendered":"https:\/\/www.urlaubcornwall.de\/blog\/?page_id=12721"},"modified":"2014-04-09T08:50:36","modified_gmt":"2014-04-09T08:50:36","slug":"schoene-ferienwohnungen-in-den-highlands-nordschottlands","status":"publish","type":"page","link":"https:\/\/www.urlaubcornwall.de\/blog\/schoene-ferienwohnungen-in-den-highlands-nordschottlands\/","title":{"rendered":"Sch\u00f6ne Ferienwohnungen in den Highlands Nordschottlands"},"content":{"rendered":"<p><span style=\"text-decoration: underline;\"><strong>Natural Retreats<\/strong><\/span> hat nun Ferienwohnungen mit Meeresblick im Angebot f\u00fcr 2, 4 oder 8 Personen im <span style=\"text-decoration: underline;\"><strong>\u2018The Inn bei John O\u2019Groats\u2019<\/strong><\/span>. Diese entstanden im Zuge des Umbaus des ehemals historischen John O\u2019Groats Hotel, das 1875 in dieser atemberaubenden malerischenWildheit in Caithness im Norden Schottlands erbaut wurde.<\/p>\n<p>W\u00e4hrend der vergangenen zwei Jahre wurde das Hotel liebevoll restauriert und ein Anbau im neuen Norse Stil hinzugef\u00fcgt, der einen dramatischen Farbklecks in der K\u00fcstenlandschaft darstellt. Die Inneneinrichtung ist eine hoch qualitative Kombination aus altem und neuem Stil in Harmonie mit dem ehemals historischen Hotel und dem erstaunlichen, attraktiven neuen Anbau.<\/p>\n<p><strong>Urlaub Nord-Schottland<\/strong><\/p>\n<p>The Inn bietet entz\u00fcckende Selbstversorger-Appartements mit 1,3 oder 4 Schlafr\u00e4umen, jedes davon mit je eigenem Charakter und all der hochwertig qualitativ luxuri\u00f6sen Einrichtung und Details, die Sie von Natural Retreats erwarten k\u00f6nnen.<\/p>\n<p>Alle Appartements verf\u00fcgen \u00fcber moderne K\u00fcchen-Wohnbereiche, schicke Schlaf- und Bader\u00e4ume und eine Vielzahl an Fenstern, die den G\u00e4sten weitreichenden Meeresblick \u00fcber die dramatische K\u00fcste John O`Groats hinweg bieten, Pentland Firth bis hin zu Stroma und den Orkneys, um nur einige der atemberaubendsten Blickpunkte Schottlands zu nennen.<\/p>\n<p>N\u00e4here Informationen zu unserer <span style=\"text-decoration: underline;\"><strong>Ferienunterkunft in Nordschottland &gt;&gt;<\/strong><\/span><\/p>\n","protected":false},"excerpt":{"rendered":"<p>Natural Retreats hat nun Ferienwohnungen mit Meeresblick im Angebot f\u00fcr 2, 4 oder 8 Personen im \u2018The Inn bei John O\u2019Groats\u2019. Diese entstanden im Zuge des Umbaus des ehemals historischen John O\u2019Groats Hotel, das 1875 in dieser atemberaubenden malerischenWildheit in Caithness im Norden Schottlands erbaut wurde. W\u00e4hrend der vergangenen zwei Jahre wurde das Hotel liebevoll [&hellip;]<\/p>\n","protected":false},"author":1,"featured_media":0,"parent":0,"menu_order":0,"comment_status":"closed","ping_status":"closed","template":"single-two.php","meta":[],"acf":[],"yoast_head":"<!-- This site is optimized with the Yoast SEO plugin v19.4 - https:\/\/yoast.com\/wordpress\/plugins\/seo\/ -->\n<title>Sch\u00f6ne Ferienwohnungen in den Highlands Nordschottlands  - Urlaub &amp; Reisen<\/title>\n<meta name=\"robots\" content=\"index, follow, max-snippet:-1, max-image-preview:large, max-video-preview:-1\" \/>\n<link rel=\"canonical\" href=\"https:\/\/www.urlaubcornwall.de\/blog\/schoene-ferienwohnungen-in-den-highlands-nordschottlands\/\" \/>\n<meta property=\"og:locale\" content=\"en_US\" \/>\n<meta property=\"og:type\" content=\"article\" \/>\n<meta property=\"og:title\" content=\"Sch\u00f6ne Ferienwohnungen in den Highlands Nordschottlands  - Urlaub &amp; Reisen\" \/>\n<meta property=\"og:description\" content=\"Natural Retreats hat nun Ferienwohnungen mit Meeresblick im Angebot f\u00fcr 2, 4 oder 8 Personen im \u2018The Inn bei John O\u2019Groats\u2019. Diese entstanden im Zuge des Umbaus des ehemals historischen John O\u2019Groats Hotel, das 1875 in dieser atemberaubenden malerischenWildheit in Caithness im Norden Schottlands erbaut wurde. W\u00e4hrend der vergangenen zwei Jahre wurde das Hotel liebevoll [&hellip;]\" \/>\n<meta property=\"og:url\" content=\"https:\/\/www.urlaubcornwall.de\/blog\/schoene-ferienwohnungen-in-den-highlands-nordschottlands\/\" \/>\n<meta property=\"og:site_name\" content=\"Urlaub &amp; Reisen\" \/>\n<meta property=\"article:modified_time\" content=\"2014-04-09T08:50:36+00:00\" \/>\n<meta name=\"twitter:card\" content=\"summary\" \/>\n<meta name=\"twitter:label1\" content=\"Est. reading time\" \/>\n\t<meta name=\"twitter:data1\" content=\"1 minute\" \/>\n<script type=\"application\/ld+json\" class=\"yoast-schema-graph\">{\"@context\":\"https:\/\/schema.org\",\"@graph\":[{\"@type\":\"WebSite\",\"@id\":\"https:\/\/www.urlaubcornwall.de\/blog\/#website\",\"url\":\"https:\/\/www.urlaubcornwall.de\/blog\/\",\"name\":\"Urlaub &amp; Reisen\",\"description\":\"Urlaub, Reisen, Cornwall und S\u00fcdengland: eine perfekte Kombination\",\"potentialAction\":[{\"@type\":\"SearchAction\",\"target\":{\"@type\":\"EntryPoint\",\"urlTemplate\":\"https:\/\/www.urlaubcornwall.de\/blog\/?s={search_term_string}\"},\"query-input\":\"required name=search_term_string\"}],\"inLanguage\":\"en-US\"},{\"@type\":\"WebPage\",\"@id\":\"https:\/\/www.urlaubcornwall.de\/blog\/schoene-ferienwohnungen-in-den-highlands-nordschottlands\/\",\"url\":\"https:\/\/www.urlaubcornwall.de\/blog\/schoene-ferienwohnungen-in-den-highlands-nordschottlands\/\",\"name\":\"Sch\u00f6ne Ferienwohnungen in den Highlands Nordschottlands - Urlaub &amp; Reisen\",\"isPartOf\":{\"@id\":\"https:\/\/www.urlaubcornwall.de\/blog\/#website\"},\"datePublished\":\"2014-01-23T17:42:45+00:00\",\"dateModified\":\"2014-04-09T08:50:36+00:00\",\"breadcrumb\":{\"@id\":\"https:\/\/www.urlaubcornwall.de\/blog\/schoene-ferienwohnungen-in-den-highlands-nordschottlands\/#breadcrumb\"},\"inLanguage\":\"en-US\",\"potentialAction\":[{\"@type\":\"ReadAction\",\"target\":[\"https:\/\/www.urlaubcornwall.de\/blog\/schoene-ferienwohnungen-in-den-highlands-nordschottlands\/\"]}]},{\"@type\":\"BreadcrumbList\",\"@id\":\"https:\/\/www.urlaubcornwall.de\/blog\/schoene-ferienwohnungen-in-den-highlands-nordschottlands\/#breadcrumb\",\"itemListElement\":[{\"@type\":\"ListItem\",\"position\":1,\"name\":\"Home\",\"item\":\"https:\/\/www.urlaubcornwall.de\/blog\/\"},{\"@type\":\"ListItem\",\"position\":2,\"name\":\"Sch\u00f6ne Ferienwohnungen in den Highlands Nordschottlands\"}]}]}<\/script>\n<!-- \/ Yoast SEO plugin. -->","yoast_head_json":{"title":"Sch\u00f6ne Ferienwohnungen in den Highlands Nordschottlands  - Urlaub &amp; Reisen","robots":{"index":"index","follow":"follow","max-snippet":"max-snippet:-1","max-image-preview":"max-image-preview:large","max-video-preview":"max-video-preview:-1"},"canonical":"https:\/\/www.urlaubcornwall.de\/blog\/schoene-ferienwohnungen-in-den-highlands-nordschottlands\/","og_locale":"en_US","og_type":"article","og_title":"Sch\u00f6ne Ferienwohnungen in den Highlands Nordschottlands  - Urlaub &amp; Reisen","og_description":"Natural Retreats hat nun Ferienwohnungen mit Meeresblick im Angebot f\u00fcr 2, 4 oder 8 Personen im \u2018The Inn bei John O\u2019Groats\u2019. Diese entstanden im Zuge des Umbaus des ehemals historischen John O\u2019Groats Hotel, das 1875 in dieser atemberaubenden malerischenWildheit in Caithness im Norden Schottlands erbaut wurde. W\u00e4hrend der vergangenen zwei Jahre wurde das Hotel liebevoll [&hellip;]","og_url":"https:\/\/www.urlaubcornwall.de\/blog\/schoene-ferienwohnungen-in-den-highlands-nordschottlands\/","og_site_name":"Urlaub &amp; Reisen","article_modified_time":"2014-04-09T08:50:36+00:00","twitter_card":"summary","twitter_misc":{"Est. reading time":"1 minute"},"schema":{"@context":"https:\/\/schema.org","@graph":[{"@type":"WebSite","@id":"https:\/\/www.urlaubcornwall.de\/blog\/#website","url":"https:\/\/www.urlaubcornwall.de\/blog\/","name":"Urlaub &amp; Reisen","description":"Urlaub, Reisen, Cornwall und S\u00fcdengland: eine perfekte Kombination","potentialAction":[{"@type":"SearchAction","target":{"@type":"EntryPoint","urlTemplate":"https:\/\/www.urlaubcornwall.de\/blog\/?s={search_term_string}"},"query-input":"required name=search_term_string"}],"inLanguage":"en-US"},{"@type":"WebPage","@id":"https:\/\/www.urlaubcornwall.de\/blog\/schoene-ferienwohnungen-in-den-highlands-nordschottlands\/","url":"https:\/\/www.urlaubcornwall.de\/blog\/schoene-ferienwohnungen-in-den-highlands-nordschottlands\/","name":"Sch\u00f6ne Ferienwohnungen in den Highlands Nordschottlands - Urlaub &amp; Reisen","isPartOf":{"@id":"https:\/\/www.urlaubcornwall.de\/blog\/#website"},"datePublished":"2014-01-23T17:42:45+00:00","dateModified":"2014-04-09T08:50:36+00:00","breadcrumb":{"@id":"https:\/\/www.urlaubcornwall.de\/blog\/schoene-ferienwohnungen-in-den-highlands-nordschottlands\/#breadcrumb"},"inLanguage":"en-US","potentialAction":[{"@type":"ReadAction","target":["https:\/\/www.urlaubcornwall.de\/blog\/schoene-ferienwohnungen-in-den-highlands-nordschottlands\/"]}]},{"@type":"BreadcrumbList","@id":"https:\/\/www.urlaubcornwall.de\/blog\/schoene-ferienwohnungen-in-den-highlands-nordschottlands\/#breadcrumb","itemListElement":[{"@type":"ListItem","position":1,"name":"Home","item":"https:\/\/www.urlaubcornwall.de\/blog\/"},{"@type":"ListItem","position":2,"name":"Sch\u00f6ne Ferienwohnungen in den Highlands Nordschottlands"}]}]}},"_links":{"self":[{"href":"https:\/\/www.urlaubcornwall.de\/blog\/wp-json\/wp\/v2\/pages\/12721"}],"collection":[{"href":"https:\/\/www.urlaubcornwall.de\/blog\/wp-json\/wp\/v2\/pages"}],"about":[{"href":"https:\/\/www.urlaubcornwall.de\/blog\/wp-json\/wp\/v2\/types\/page"}],"author":[{"embeddable":true,"href":"https:\/\/www.urlaubcornwall.de\/blog\/wp-json\/wp\/v2\/users\/1"}],"replies":[{"embeddable":true,"href":"https:\/\/www.urlaubcornwall.de\/blog\/wp-json\/wp\/v2\/comments?post=12721"}],"version-history":[{"count":3,"href":"https:\/\/www.urlaubcornwall.de\/blog\/wp-json\/wp\/v2\/pages\/12721\/revisions"}],"predecessor-version":[{"id":14788,"href":"https:\/\/www.urlaubcornwall.de\/blog\/wp-json\/wp\/v2\/pages\/12721\/revisions\/14788"}],"wp:attachment":[{"href":"https:\/\/www.urlaubcornwall.de\/blog\/wp-json\/wp\/v2\/media?parent=12721"}],"curies":[{"name":"wp","href":"https:\/\/api.w.org\/{rel}","templated":true}]}}