{"id":12706,"date":"2014-01-23T17:22:22","date_gmt":"2014-01-23T17:22:22","guid":{"rendered":"https:\/\/www.urlaubcornwall.de\/blog\/?page_id=12706"},"modified":"2019-04-09T07:15:15","modified_gmt":"2019-04-09T07:15:15","slug":"schone-ferienhaeuser-in-nordschottland-highlands","status":"publish","type":"page","link":"https:\/\/www.urlaubcornwall.de\/blog\/schone-ferienhaeuser-in-nordschottland-highlands\/","title":{"rendered":"Schone Ferienh\u00e4user in Nord Schottland Highlands"},"content":{"rendered":"<p style=\"text-align: center;\">John O\u2019Groats liegt am n\u00f6rdlichsten Zipfel Gro\u00dfbritanniens, in einer winzigen Siedlung inmitten einer atemberaubenden und extremen Landschaft, die sowohl ehrfurchtsgebietende K\u00fcstenabschnitte, dramatische Klippen, wie auch W\u00e4lder und wei\u00dfe Sandstr\u00e4nde bietet.<\/p>\n<h1 style=\"text-align: center;\"><strong>Bei uns finden Sie Ferienh\u00e4user zum Verlieben \u2013 so einfach ist das!<\/strong><\/h1>\n<p style=\"text-align: center;\">UrlaubCornwall verf\u00fcgt Ferienh\u00e4user und Ferienwohnungen&nbsp; f\u00fcr Ihren <a href=\"https:\/\/www.urlaubcornwall.de\/reiseziel\/schottland.php\">Urlaub in Schottland<\/a>. Unterk\u00fcnfte der Spitzenklasse f\u00fcr 2 Personen, Familien und Gruppen mit 4, 6, 8, 10 oder 12 G\u00e4sten.<\/p>\n<p style=\"text-align: center;\"><a class=\"tidycta\" href=\"https:\/\/www.urlaubcornwall.de\/ferienhaeuser-fewos\/sco\/nordhighlands-und-inseln\/nordhighlands-und-inseln.html\">Suche Ferienh\u00e4user in Schottland<\/a><\/p>\n<p style=\"text-align: center;\">Versteckt gelegen in einer Region unbeschreiblicher Sch\u00f6nheit wilder schottischer Landschaft, erwartet Sie eine Auswahl an Ferienunterk\u00fcnften. Wir bieten Eco- Unterk\u00fcnfte mit 3 Schlafr\u00e4umen und Ferienwohnungen f\u00fcr 2, 4 und 8 Personen im den Highlands, wo der einzige Standard Luxus ist.<\/p>\n","protected":false},"excerpt":{"rendered":"<p>John O\u2019Groats liegt am n\u00f6rdlichsten Zipfel Gro\u00dfbritanniens, in einer winzigen Siedlung inmitten einer atemberaubenden und extremen Landschaft, die sowohl ehrfurchtsgebietende K\u00fcstenabschnitte, dramatische Klippen, wie auch W\u00e4lder und wei\u00dfe Sandstr\u00e4nde bietet. Bei uns finden Sie Ferienh\u00e4user zum Verlieben \u2013 so einfach ist das! UrlaubCornwall verf\u00fcgt Ferienh\u00e4user und Ferienwohnungen&nbsp; f\u00fcr Ihren Urlaub in Schottland. Unterk\u00fcnfte der Spitzenklasse [&hellip;]<\/p>\n","protected":false},"author":1,"featured_media":0,"parent":0,"menu_order":0,"comment_status":"closed","ping_status":"closed","template":"single-two.php","meta":[],"acf":[],"yoast_head":"<!-- This site is optimized with the Yoast SEO plugin v19.4 - https:\/\/yoast.com\/wordpress\/plugins\/seo\/ -->\n<title>Schone Ferienh\u00e4user in Nord Schottland Highlands - Urlaub &amp; Reisen<\/title>\n<meta name=\"robots\" content=\"index, follow, max-snippet:-1, max-image-preview:large, max-video-preview:-1\" \/>\n<link rel=\"canonical\" href=\"https:\/\/www.urlaubcornwall.de\/blog\/schone-ferienhaeuser-in-nordschottland-highlands\/\" \/>\n<meta property=\"og:locale\" content=\"en_US\" \/>\n<meta property=\"og:type\" content=\"article\" \/>\n<meta property=\"og:title\" content=\"Schone Ferienh\u00e4user in Nord Schottland Highlands - Urlaub &amp; Reisen\" \/>\n<meta property=\"og:description\" content=\"John O\u2019Groats liegt am n\u00f6rdlichsten Zipfel Gro\u00dfbritanniens, in einer winzigen Siedlung inmitten einer atemberaubenden und extremen Landschaft, die sowohl ehrfurchtsgebietende K\u00fcstenabschnitte, dramatische Klippen, wie auch W\u00e4lder und wei\u00dfe Sandstr\u00e4nde bietet. Bei uns finden Sie Ferienh\u00e4user zum Verlieben \u2013 so einfach ist das! UrlaubCornwall verf\u00fcgt Ferienh\u00e4user und Ferienwohnungen&nbsp; f\u00fcr Ihren Urlaub in Schottland. Unterk\u00fcnfte der Spitzenklasse [&hellip;]\" \/>\n<meta property=\"og:url\" content=\"https:\/\/www.urlaubcornwall.de\/blog\/schone-ferienhaeuser-in-nordschottland-highlands\/\" \/>\n<meta property=\"og:site_name\" content=\"Urlaub &amp; Reisen\" \/>\n<meta property=\"article:modified_time\" content=\"2019-04-09T07:15:15+00:00\" \/>\n<meta name=\"twitter:card\" content=\"summary\" \/>\n<meta name=\"twitter:label1\" content=\"Est. reading time\" \/>\n\t<meta name=\"twitter:data1\" content=\"1 minute\" \/>\n<script type=\"application\/ld+json\" class=\"yoast-schema-graph\">{\"@context\":\"https:\/\/schema.org\",\"@graph\":[{\"@type\":\"WebSite\",\"@id\":\"https:\/\/www.urlaubcornwall.de\/blog\/#website\",\"url\":\"https:\/\/www.urlaubcornwall.de\/blog\/\",\"name\":\"Urlaub &amp; Reisen\",\"description\":\"Urlaub, Reisen, Cornwall und S\u00fcdengland: eine perfekte Kombination\",\"potentialAction\":[{\"@type\":\"SearchAction\",\"target\":{\"@type\":\"EntryPoint\",\"urlTemplate\":\"https:\/\/www.urlaubcornwall.de\/blog\/?s={search_term_string}\"},\"query-input\":\"required name=search_term_string\"}],\"inLanguage\":\"en-US\"},{\"@type\":\"WebPage\",\"@id\":\"https:\/\/www.urlaubcornwall.de\/blog\/schone-ferienhaeuser-in-nordschottland-highlands\/\",\"url\":\"https:\/\/www.urlaubcornwall.de\/blog\/schone-ferienhaeuser-in-nordschottland-highlands\/\",\"name\":\"Schone Ferienh\u00e4user in Nord Schottland Highlands - Urlaub &amp; Reisen\",\"isPartOf\":{\"@id\":\"https:\/\/www.urlaubcornwall.de\/blog\/#website\"},\"datePublished\":\"2014-01-23T17:22:22+00:00\",\"dateModified\":\"2019-04-09T07:15:15+00:00\",\"breadcrumb\":{\"@id\":\"https:\/\/www.urlaubcornwall.de\/blog\/schone-ferienhaeuser-in-nordschottland-highlands\/#breadcrumb\"},\"inLanguage\":\"en-US\",\"potentialAction\":[{\"@type\":\"ReadAction\",\"target\":[\"https:\/\/www.urlaubcornwall.de\/blog\/schone-ferienhaeuser-in-nordschottland-highlands\/\"]}]},{\"@type\":\"BreadcrumbList\",\"@id\":\"https:\/\/www.urlaubcornwall.de\/blog\/schone-ferienhaeuser-in-nordschottland-highlands\/#breadcrumb\",\"itemListElement\":[{\"@type\":\"ListItem\",\"position\":1,\"name\":\"Home\",\"item\":\"https:\/\/www.urlaubcornwall.de\/blog\/\"},{\"@type\":\"ListItem\",\"position\":2,\"name\":\"Schone Ferienh\u00e4user in Nord Schottland Highlands\"}]}]}<\/script>\n<!-- \/ Yoast SEO plugin. -->","yoast_head_json":{"title":"Schone Ferienh\u00e4user in Nord Schottland Highlands - Urlaub &amp; Reisen","robots":{"index":"index","follow":"follow","max-snippet":"max-snippet:-1","max-image-preview":"max-image-preview:large","max-video-preview":"max-video-preview:-1"},"canonical":"https:\/\/www.urlaubcornwall.de\/blog\/schone-ferienhaeuser-in-nordschottland-highlands\/","og_locale":"en_US","og_type":"article","og_title":"Schone Ferienh\u00e4user in Nord Schottland Highlands - Urlaub &amp; Reisen","og_description":"John O\u2019Groats liegt am n\u00f6rdlichsten Zipfel Gro\u00dfbritanniens, in einer winzigen Siedlung inmitten einer atemberaubenden und extremen Landschaft, die sowohl ehrfurchtsgebietende K\u00fcstenabschnitte, dramatische Klippen, wie auch W\u00e4lder und wei\u00dfe Sandstr\u00e4nde bietet. Bei uns finden Sie Ferienh\u00e4user zum Verlieben \u2013 so einfach ist das! UrlaubCornwall verf\u00fcgt Ferienh\u00e4user und Ferienwohnungen&nbsp; f\u00fcr Ihren Urlaub in Schottland. Unterk\u00fcnfte der Spitzenklasse [&hellip;]","og_url":"https:\/\/www.urlaubcornwall.de\/blog\/schone-ferienhaeuser-in-nordschottland-highlands\/","og_site_name":"Urlaub &amp; Reisen","article_modified_time":"2019-04-09T07:15:15+00:00","twitter_card":"summary","twitter_misc":{"Est. reading time":"1 minute"},"schema":{"@context":"https:\/\/schema.org","@graph":[{"@type":"WebSite","@id":"https:\/\/www.urlaubcornwall.de\/blog\/#website","url":"https:\/\/www.urlaubcornwall.de\/blog\/","name":"Urlaub &amp; Reisen","description":"Urlaub, Reisen, Cornwall und S\u00fcdengland: eine perfekte Kombination","potentialAction":[{"@type":"SearchAction","target":{"@type":"EntryPoint","urlTemplate":"https:\/\/www.urlaubcornwall.de\/blog\/?s={search_term_string}"},"query-input":"required name=search_term_string"}],"inLanguage":"en-US"},{"@type":"WebPage","@id":"https:\/\/www.urlaubcornwall.de\/blog\/schone-ferienhaeuser-in-nordschottland-highlands\/","url":"https:\/\/www.urlaubcornwall.de\/blog\/schone-ferienhaeuser-in-nordschottland-highlands\/","name":"Schone Ferienh\u00e4user in Nord Schottland Highlands - Urlaub &amp; Reisen","isPartOf":{"@id":"https:\/\/www.urlaubcornwall.de\/blog\/#website"},"datePublished":"2014-01-23T17:22:22+00:00","dateModified":"2019-04-09T07:15:15+00:00","breadcrumb":{"@id":"https:\/\/www.urlaubcornwall.de\/blog\/schone-ferienhaeuser-in-nordschottland-highlands\/#breadcrumb"},"inLanguage":"en-US","potentialAction":[{"@type":"ReadAction","target":["https:\/\/www.urlaubcornwall.de\/blog\/schone-ferienhaeuser-in-nordschottland-highlands\/"]}]},{"@type":"BreadcrumbList","@id":"https:\/\/www.urlaubcornwall.de\/blog\/schone-ferienhaeuser-in-nordschottland-highlands\/#breadcrumb","itemListElement":[{"@type":"ListItem","position":1,"name":"Home","item":"https:\/\/www.urlaubcornwall.de\/blog\/"},{"@type":"ListItem","position":2,"name":"Schone Ferienh\u00e4user in Nord Schottland Highlands"}]}]}},"_links":{"self":[{"href":"https:\/\/www.urlaubcornwall.de\/blog\/wp-json\/wp\/v2\/pages\/12706"}],"collection":[{"href":"https:\/\/www.urlaubcornwall.de\/blog\/wp-json\/wp\/v2\/pages"}],"about":[{"href":"https:\/\/www.urlaubcornwall.de\/blog\/wp-json\/wp\/v2\/types\/page"}],"author":[{"embeddable":true,"href":"https:\/\/www.urlaubcornwall.de\/blog\/wp-json\/wp\/v2\/users\/1"}],"replies":[{"embeddable":true,"href":"https:\/\/www.urlaubcornwall.de\/blog\/wp-json\/wp\/v2\/comments?post=12706"}],"version-history":[{"count":5,"href":"https:\/\/www.urlaubcornwall.de\/blog\/wp-json\/wp\/v2\/pages\/12706\/revisions"}],"predecessor-version":[{"id":37548,"href":"https:\/\/www.urlaubcornwall.de\/blog\/wp-json\/wp\/v2\/pages\/12706\/revisions\/37548"}],"wp:attachment":[{"href":"https:\/\/www.urlaubcornwall.de\/blog\/wp-json\/wp\/v2\/media?parent=12706"}],"curies":[{"name":"wp","href":"https:\/\/api.w.org\/{rel}","templated":true}]}}