{"id":12644,"date":"2014-01-23T11:49:31","date_gmt":"2014-01-23T11:49:31","guid":{"rendered":"https:\/\/www.urlaubcornwall.de\/blog\/?page_id=12644"},"modified":"2024-05-28T15:56:40","modified_gmt":"2024-05-28T15:56:40","slug":"schoene-ferienhaeuser-in-schottland","status":"publish","type":"page","link":"https:\/\/www.urlaubcornwall.de\/blog\/schoene-ferienhaeuser-in-schottland\/","title":{"rendered":"Sch\u00f6ne Ferienh\u00e4user in Schottland &#8211; Bei uns finden Sie Ferienh\u00e4user zum Verlieben \u2013 so einfach ist das!"},"content":{"rendered":"<p><a href=\"https:\/\/www.urlaubcornwall.de\/blog\/wp-content\/uploads\/2024\/03\/schottland-highlands-1.jpg\"><img loading=\"lazy\" src=\"https:\/\/www.urlaubcornwall.de\/blog\/wp-content\/uploads\/2024\/03\/schottland-highlands-1.jpg\" alt=\"schottland highlands\" width=\"750\" height=\"563\" class=\"alignnone size-full wp-image-48022\" srcset=\"https:\/\/www.urlaubcornwall.de\/blog\/wp-content\/uploads\/2024\/03\/schottland-highlands-1.jpg 750w, https:\/\/www.urlaubcornwall.de\/blog\/wp-content\/uploads\/2024\/03\/schottland-highlands-1-300x225.jpg 300w\" sizes=\"(max-width: 750px) 100vw, 750px\" \/><\/a><br \/>\n<b>&nbsp;<\/b><a href=\"https:\/\/www.urlaubcornwall.de\/blog\/bei-uns-finden-sie-ferienhaeuser-in-schottland-zum-verlieben-so-einfach-ist-das\/\"><span style=\"text-decoration: underline;\">UrlaubCornwall.de<\/span><\/a> hat f\u00fcr sie zwei fantastische Ortschaften mit hervorragenden Ferienh\u00e4usern und Ferienwohnungen in den schottischen Highlands auserkoren, wo der einzige Standard Luxus ist.<\/p>\n<p style=\"text-align: center;\">UrlaubCornwall verf\u00fcgt Ferienh\u00e4user und Ferienwohnungen&nbsp; f\u00fcr Ihren <a href=\"https:\/\/www.urlaubcornwall.de\/reiseziel\/schottland.php\">Urlaub in Schottland<\/a>. Unterk\u00fcnfte der Spitzenklasse f\u00fcr 2 Personen, Familien und Gruppen mit 4, 6, 8, 10 oder 12 G\u00e4sten.<\/p>\n<p style=\"text-align: center;\"><a class=\"tidycta\" href=\"https:\/\/www.urlaubcornwall.de\/ferienhaeuser\/schottland.php\">Suche Ferienh\u00e4user in Schottland<\/a><\/p>\n<p style=\"text-align: center;\">Wir bieten Ihnen einen Ferienaufenthalt in Schottland, eingebunden in eine atemberaubende Naturlandschaft, ohne dabei Abstriche an Ihrer Unterkunft &nbsp;machen zu m\u00fcssen. Beide Unterk\u00fcnfte k\u00f6nnen ab lediglich 2 N\u00e4chten gebucht werden und sind somit ideal f\u00fcr eine <a href=\"https:\/\/www.urlaubcornwall.de\/blog\/2013\/08\/eine-reise-durch-schottland-unsere-lieblingsrundreisen-durch-die-highlands\/\"><span style=\"text-decoration: underline;\">Rundreise in den Highlands<\/span><\/a>&nbsp; oder einen l\u00e4ngeren Aufenthalt, w\u00e4hrend dessen Sie erleben, was diese wundersch\u00f6ne Region Englands, zu bieten hat<\/p>\n","protected":false},"excerpt":{"rendered":"<p>&nbsp;UrlaubCornwall.de hat f\u00fcr sie zwei fantastische Ortschaften mit hervorragenden Ferienh\u00e4usern und Ferienwohnungen in den schottischen Highlands auserkoren, wo der einzige Standard Luxus ist. UrlaubCornwall verf\u00fcgt Ferienh\u00e4user und Ferienwohnungen&nbsp; f\u00fcr Ihren Urlaub in Schottland. Unterk\u00fcnfte der Spitzenklasse f\u00fcr 2 Personen, Familien und Gruppen mit 4, 6, 8, 10 oder 12 G\u00e4sten. Suche Ferienh\u00e4user in Schottland Wir [&hellip;]<\/p>\n","protected":false},"author":1,"featured_media":0,"parent":0,"menu_order":0,"comment_status":"closed","ping_status":"closed","template":"single-four.php","meta":[],"acf":[],"yoast_head":"<!-- This site is optimized with the Yoast SEO plugin v19.4 - https:\/\/yoast.com\/wordpress\/plugins\/seo\/ -->\n<title>Sch\u00f6ne Ferienh\u00e4user in Schottland - Bei uns finden Sie Ferienh\u00e4user zum Verlieben \u2013 so einfach ist das! - Urlaub &amp; Reisen<\/title>\n<meta name=\"robots\" content=\"index, follow, max-snippet:-1, max-image-preview:large, max-video-preview:-1\" \/>\n<link rel=\"canonical\" href=\"https:\/\/www.urlaubcornwall.de\/blog\/schoene-ferienhaeuser-in-schottland\/\" \/>\n<meta property=\"og:locale\" content=\"en_US\" \/>\n<meta property=\"og:type\" content=\"article\" \/>\n<meta property=\"og:title\" content=\"Sch\u00f6ne Ferienh\u00e4user in Schottland - Bei uns finden Sie Ferienh\u00e4user zum Verlieben \u2013 so einfach ist das! - Urlaub &amp; Reisen\" \/>\n<meta property=\"og:description\" content=\"&nbsp;UrlaubCornwall.de hat f\u00fcr sie zwei fantastische Ortschaften mit hervorragenden Ferienh\u00e4usern und Ferienwohnungen in den schottischen Highlands auserkoren, wo der einzige Standard Luxus ist. UrlaubCornwall verf\u00fcgt Ferienh\u00e4user und Ferienwohnungen&nbsp; f\u00fcr Ihren Urlaub in Schottland. Unterk\u00fcnfte der Spitzenklasse f\u00fcr 2 Personen, Familien und Gruppen mit 4, 6, 8, 10 oder 12 G\u00e4sten. Suche Ferienh\u00e4user in Schottland Wir [&hellip;]\" \/>\n<meta property=\"og:url\" content=\"https:\/\/www.urlaubcornwall.de\/blog\/schoene-ferienhaeuser-in-schottland\/\" \/>\n<meta property=\"og:site_name\" content=\"Urlaub &amp; Reisen\" \/>\n<meta property=\"article:modified_time\" content=\"2024-05-28T15:56:40+00:00\" \/>\n<meta property=\"og:image\" content=\"https:\/\/www.urlaubcornwall.de\/blog\/wp-content\/uploads\/2024\/03\/schottland-highlands-1.jpg\" \/>\n<meta name=\"twitter:card\" content=\"summary\" \/>\n<meta name=\"twitter:label1\" content=\"Est. reading time\" \/>\n\t<meta name=\"twitter:data1\" content=\"1 minute\" \/>\n<script type=\"application\/ld+json\" class=\"yoast-schema-graph\">{\"@context\":\"https:\/\/schema.org\",\"@graph\":[{\"@type\":\"WebSite\",\"@id\":\"https:\/\/www.urlaubcornwall.de\/blog\/#website\",\"url\":\"https:\/\/www.urlaubcornwall.de\/blog\/\",\"name\":\"Urlaub &amp; Reisen\",\"description\":\"Urlaub, Reisen, Cornwall und S\u00fcdengland: eine perfekte Kombination\",\"potentialAction\":[{\"@type\":\"SearchAction\",\"target\":{\"@type\":\"EntryPoint\",\"urlTemplate\":\"https:\/\/www.urlaubcornwall.de\/blog\/?s={search_term_string}\"},\"query-input\":\"required name=search_term_string\"}],\"inLanguage\":\"en-US\"},{\"@type\":\"WebPage\",\"@id\":\"https:\/\/www.urlaubcornwall.de\/blog\/schoene-ferienhaeuser-in-schottland\/\",\"url\":\"https:\/\/www.urlaubcornwall.de\/blog\/schoene-ferienhaeuser-in-schottland\/\",\"name\":\"Sch\u00f6ne Ferienh\u00e4user in Schottland - Bei uns finden Sie Ferienh\u00e4user zum Verlieben \u2013 so einfach ist das! - Urlaub &amp; Reisen\",\"isPartOf\":{\"@id\":\"https:\/\/www.urlaubcornwall.de\/blog\/#website\"},\"datePublished\":\"2014-01-23T11:49:31+00:00\",\"dateModified\":\"2024-05-28T15:56:40+00:00\",\"breadcrumb\":{\"@id\":\"https:\/\/www.urlaubcornwall.de\/blog\/schoene-ferienhaeuser-in-schottland\/#breadcrumb\"},\"inLanguage\":\"en-US\",\"potentialAction\":[{\"@type\":\"ReadAction\",\"target\":[\"https:\/\/www.urlaubcornwall.de\/blog\/schoene-ferienhaeuser-in-schottland\/\"]}]},{\"@type\":\"BreadcrumbList\",\"@id\":\"https:\/\/www.urlaubcornwall.de\/blog\/schoene-ferienhaeuser-in-schottland\/#breadcrumb\",\"itemListElement\":[{\"@type\":\"ListItem\",\"position\":1,\"name\":\"Home\",\"item\":\"https:\/\/www.urlaubcornwall.de\/blog\/\"},{\"@type\":\"ListItem\",\"position\":2,\"name\":\"Sch\u00f6ne Ferienh\u00e4user in Schottland &#8211; Bei uns finden Sie Ferienh\u00e4user zum Verlieben \u2013 so einfach ist das!\"}]}]}<\/script>\n<!-- \/ Yoast SEO plugin. -->","yoast_head_json":{"title":"Sch\u00f6ne Ferienh\u00e4user in Schottland - Bei uns finden Sie Ferienh\u00e4user zum Verlieben \u2013 so einfach ist das! - Urlaub &amp; Reisen","robots":{"index":"index","follow":"follow","max-snippet":"max-snippet:-1","max-image-preview":"max-image-preview:large","max-video-preview":"max-video-preview:-1"},"canonical":"https:\/\/www.urlaubcornwall.de\/blog\/schoene-ferienhaeuser-in-schottland\/","og_locale":"en_US","og_type":"article","og_title":"Sch\u00f6ne Ferienh\u00e4user in Schottland - Bei uns finden Sie Ferienh\u00e4user zum Verlieben \u2013 so einfach ist das! - Urlaub &amp; Reisen","og_description":"&nbsp;UrlaubCornwall.de hat f\u00fcr sie zwei fantastische Ortschaften mit hervorragenden Ferienh\u00e4usern und Ferienwohnungen in den schottischen Highlands auserkoren, wo der einzige Standard Luxus ist. UrlaubCornwall verf\u00fcgt Ferienh\u00e4user und Ferienwohnungen&nbsp; f\u00fcr Ihren Urlaub in Schottland. Unterk\u00fcnfte der Spitzenklasse f\u00fcr 2 Personen, Familien und Gruppen mit 4, 6, 8, 10 oder 12 G\u00e4sten. Suche Ferienh\u00e4user in Schottland Wir [&hellip;]","og_url":"https:\/\/www.urlaubcornwall.de\/blog\/schoene-ferienhaeuser-in-schottland\/","og_site_name":"Urlaub &amp; Reisen","article_modified_time":"2024-05-28T15:56:40+00:00","og_image":[{"url":"https:\/\/www.urlaubcornwall.de\/blog\/wp-content\/uploads\/2024\/03\/schottland-highlands-1.jpg"}],"twitter_card":"summary","twitter_misc":{"Est. reading time":"1 minute"},"schema":{"@context":"https:\/\/schema.org","@graph":[{"@type":"WebSite","@id":"https:\/\/www.urlaubcornwall.de\/blog\/#website","url":"https:\/\/www.urlaubcornwall.de\/blog\/","name":"Urlaub &amp; Reisen","description":"Urlaub, Reisen, Cornwall und S\u00fcdengland: eine perfekte Kombination","potentialAction":[{"@type":"SearchAction","target":{"@type":"EntryPoint","urlTemplate":"https:\/\/www.urlaubcornwall.de\/blog\/?s={search_term_string}"},"query-input":"required name=search_term_string"}],"inLanguage":"en-US"},{"@type":"WebPage","@id":"https:\/\/www.urlaubcornwall.de\/blog\/schoene-ferienhaeuser-in-schottland\/","url":"https:\/\/www.urlaubcornwall.de\/blog\/schoene-ferienhaeuser-in-schottland\/","name":"Sch\u00f6ne Ferienh\u00e4user in Schottland - Bei uns finden Sie Ferienh\u00e4user zum Verlieben \u2013 so einfach ist das! - Urlaub &amp; Reisen","isPartOf":{"@id":"https:\/\/www.urlaubcornwall.de\/blog\/#website"},"datePublished":"2014-01-23T11:49:31+00:00","dateModified":"2024-05-28T15:56:40+00:00","breadcrumb":{"@id":"https:\/\/www.urlaubcornwall.de\/blog\/schoene-ferienhaeuser-in-schottland\/#breadcrumb"},"inLanguage":"en-US","potentialAction":[{"@type":"ReadAction","target":["https:\/\/www.urlaubcornwall.de\/blog\/schoene-ferienhaeuser-in-schottland\/"]}]},{"@type":"BreadcrumbList","@id":"https:\/\/www.urlaubcornwall.de\/blog\/schoene-ferienhaeuser-in-schottland\/#breadcrumb","itemListElement":[{"@type":"ListItem","position":1,"name":"Home","item":"https:\/\/www.urlaubcornwall.de\/blog\/"},{"@type":"ListItem","position":2,"name":"Sch\u00f6ne Ferienh\u00e4user in Schottland &#8211; Bei uns finden Sie Ferienh\u00e4user zum Verlieben \u2013 so einfach ist das!"}]}]}},"_links":{"self":[{"href":"https:\/\/www.urlaubcornwall.de\/blog\/wp-json\/wp\/v2\/pages\/12644"}],"collection":[{"href":"https:\/\/www.urlaubcornwall.de\/blog\/wp-json\/wp\/v2\/pages"}],"about":[{"href":"https:\/\/www.urlaubcornwall.de\/blog\/wp-json\/wp\/v2\/types\/page"}],"author":[{"embeddable":true,"href":"https:\/\/www.urlaubcornwall.de\/blog\/wp-json\/wp\/v2\/users\/1"}],"replies":[{"embeddable":true,"href":"https:\/\/www.urlaubcornwall.de\/blog\/wp-json\/wp\/v2\/comments?post=12644"}],"version-history":[{"count":11,"href":"https:\/\/www.urlaubcornwall.de\/blog\/wp-json\/wp\/v2\/pages\/12644\/revisions"}],"predecessor-version":[{"id":50511,"href":"https:\/\/www.urlaubcornwall.de\/blog\/wp-json\/wp\/v2\/pages\/12644\/revisions\/50511"}],"wp:attachment":[{"href":"https:\/\/www.urlaubcornwall.de\/blog\/wp-json\/wp\/v2\/media?parent=12644"}],"curies":[{"name":"wp","href":"https:\/\/api.w.org\/{rel}","templated":true}]}}