{"id":12534,"date":"2014-01-11T16:33:30","date_gmt":"2014-01-11T16:33:30","guid":{"rendered":"https:\/\/www.urlaubcornwall.de\/blog\/?page_id=12534"},"modified":"2021-04-14T08:27:45","modified_gmt":"2021-04-14T08:27:45","slug":"urlaub-in-nordengland-typisch-englische-laendliche-gegend-in-den-yorkshire-dales","status":"publish","type":"page","link":"https:\/\/www.urlaubcornwall.de\/blog\/urlaub-in-nordengland-typisch-englische-laendliche-gegend-in-den-yorkshire-dales\/","title":{"rendered":"Urlaub in Yorkshire: Typisch englische l\u00e4ndliche Gegend in den Yorkshire Dales"},"content":{"rendered":"<div id=\"attachment_12544\" style=\"width: 750px\" class=\"wp-caption alignnone\"><a href=\"https:\/\/www.urlaubcornwall.de\/blog\/wp-content\/uploads\/2014\/01\/IMGA0003.jpg\"><img aria-describedby=\"caption-attachment-12544\" loading=\"lazy\" class=\"size-full wp-image-12544\" src=\"https:\/\/www.urlaubcornwall.de\/blog\/wp-content\/uploads\/2014\/01\/IMGA0003.jpg\" alt=\"Yorkshire Dales\" width=\"740\" height=\"317\" srcset=\"https:\/\/www.urlaubcornwall.de\/blog\/wp-content\/uploads\/2014\/01\/IMGA0003.jpg 740w, https:\/\/www.urlaubcornwall.de\/blog\/wp-content\/uploads\/2014\/01\/IMGA0003-300x128.jpg 300w\" sizes=\"(max-width: 740px) 100vw, 740px\" \/><\/a><p id=\"caption-attachment-12544\" class=\"wp-caption-text\">Yorkshire Dales<\/p><\/div>\n<p>Der Norden Englands wird oft zitiert als Einheit; \u00a0ist jedoch weit davon entfernt, eine homogene Region zu sein. Topographisch, kulturell und historisch gibt es enorme Unterschiede \u2013 die Kargheit der Cumbrian Fells unterscheidet sich vollkommen von den sanften H\u00fcgeln <a href=\"https:\/\/www.urlaubcornwall.de\/ferienhaeuser-fewos\/eng\/northumberland\/northumberland.html\">Northumberlands<\/a>; an der Westk\u00fcste finden Sie goldene Str\u00e4nde und ein raues Klima, w\u00e4hrend der Osten bekannt ist f\u00fcr seine zerkl\u00fcfteten Klippen und belebendes Klima. Nicht zuletzt besteht ein signifikanter Unterschied der sanften Heidelandschaft der Yorkshire Kalkstein Dales im Vergleich zu den Bergen des <a href=\"https:\/\/www.urlaubcornwall.de\/ferienhaeuser-fewos\/eng\/lake-district\/lake-district.html\">Lake District<\/a>.<\/p>\n<p>Die Landschaft der Yorkshire Dales, eine <a href=\"https:\/\/www.urlaubcornwall.de\/ferienhaeuser-fewos\/eng\/yorkshire\/yorkshire.html\">der beliebtesten Feriengebiete dieses Teils Englands<\/a>, entstand dadurch, dass Wasser tief eindrang in den Kalskstein und somit Schluchten und Wasserf\u00e4lle schuf, breite T\u00e4ler, flache Fl\u00fcsse, sonderbare Steinformationen, L\u00f6cher und Hunderte Meilen an H\u00f6hlen.<\/p>\n<p style=\"text-align: center;\"><a class=\"tidycta\" href=\"https:\/\/www.urlaubcornwall.de\/ferienhaeuser-fewos\/eng\/yorkshire\/yorkshire.html\">Suche Ferienh\u00e4user in Yorkshire<\/a><\/p>\n<p><strong>Urlaubstipps Yorkshire Dales<\/strong> &#8211; Nachfolgend finden Sie unseren F\u00fchrer f\u00fcr Ihre Ferien oder Ihre Rundreise in den Yorkshire Dales.<\/p>\n<h3><\/h3>\n<p><b>Familienurlaub in den Yorkshire Dales. <\/b> <\/p>\n<h3><\/h3>\n<table>\n<tbody>\n<tr>\n<td><img loading=\"lazy\" class=\"aligncenter size-full wp-image-7094\" style=\"border: 0pt none; padding: 0px;\" src=\"https:\/\/www.urlaubcornwall.de\/blog\/wp-content\/uploads\/2013\/08\/IMGA0002.jpg\" alt=\"Richmond Yorkshire\" width=\"148\" height=\"118\" \/><\/td>\n<td>Bei Ihrem Aufenthalt in den Yorkshire Dales erwarten Sie unz\u00e4hlige Aktivit\u00e4ten, die keine Langeweile aufkommen lassen. Leihen Sie sich ein Mountainbike oder besuchen Sie einen der vielen Reiterh\u00f6fe in der Region&#8230;<strong>[<a href=\"https:\/\/www.urlaubcornwall.de\/blog\/2013\/08\/familienurlaub-in-den-yorkshire-dales\/\"><span style=\"text-decoration: underline;\"><strong>mehr<\/strong><\/span><\/a><\/strong><strong>]<\/strong><\/td>\n<\/tr>\n<\/tbody>\n<\/table>\n<h3><\/h3>\n<p><b>Die besten Tipps f\u00fcr einen Urlaub in den Yorkshire Dales. <\/b><\/p>\n<h3><\/h3>\n<table>\n<tbody>\n<tr>\n<td><img loading=\"lazy\" class=\"aligncenter size-full wp-image-7095\" style=\"border: 0pt none; padding: 0px;\" src=\"https:\/\/www.urlaubcornwall.de\/blog\/wp-content\/uploads\/2013\/08\/IMGA0001.jpg\" alt=\"Malham yorkshire \" width=\"148\" height=\"118\" \/><\/td>\n<td>Erkunden Sie die Umgebung zu Fu\u00df. Sie k\u00f6nnen von Ihrer Unterkunft aus bis nach Richmond laufen. Besonders empfehlenswert sind die Wanderwege am Fluss Swale und der Weg nach Richmond&#8230;[<strong><a href=\"https:\/\/www.urlaubcornwall.de\/blog\/2013\/08\/die-besten-tipps-fuer-einen-familienurlaub-in-den-yorkshire-dales\/\"><span style=\"text-decoration: underline;\"><strong>mehr<\/strong><\/span><\/a><\/strong><strong>]<\/strong><\/td>\n<\/tr>\n<\/tbody>\n<\/table>\n<h3><\/h3>\n<p><strong>Ferienh\u00e4user im Yorkshire Dales-Nationalpark. <\/strong><\/p>\n<h3><\/h3>\n<table>\n<tbody>\n<tr>\n<td><img loading=\"lazy\" class=\"aligncenter size-full wp-image-6603\" style=\"border: 0pt none; padding: 0px;\" src=\"https:\/\/www.urlaubcornwall.de\/blog\/wp-content\/uploads\/2013\/09\/231.jpg\" alt=\"ferienhaus yorkshire\" width=\"148\" height=\"118\" \/><\/td>\n<td>Die Yorkshire Dales mit ihren gr\u00fcnen H\u00fcgeln und alten, von Fl\u00fcssen und B\u00e4chen durchzogenen W\u00e4ldern bieten die perfekte Umgebung f\u00fcr Ihren Urlaub. Auf einer Fl\u00e4che von 1.762 km\u00b2 empf\u00e4ngt Sie der Yorkshire Dales-Nationalpark&#8230;[<strong><a href=\"https:\/\/www.urlaubcornwall.de\/blog\/2013\/08\/die-besten-tipps-fuer-einen-familienurlaub-in-den-yorkshire-dales\/\"><span style=\"text-decoration: underline;\"><strong>mehr<\/strong><\/span><\/a><\/strong><strong>]<\/strong><\/td>\n<\/tr>\n<\/tbody>\n<\/table>\n","protected":false},"excerpt":{"rendered":"<p>Der Norden Englands wird oft zitiert als Einheit; \u00a0ist jedoch weit davon entfernt, eine homogene Region zu sein. Topographisch, kulturell und historisch gibt es enorme Unterschiede \u2013 die Kargheit der Cumbrian Fells unterscheidet sich vollkommen von den sanften H\u00fcgeln Northumberlands; an der Westk\u00fcste finden Sie goldene Str\u00e4nde und ein raues Klima, w\u00e4hrend der Osten bekannt [&hellip;]<\/p>\n","protected":false},"author":1,"featured_media":0,"parent":0,"menu_order":0,"comment_status":"closed","ping_status":"closed","template":"single-two.php","meta":[],"acf":[],"yoast_head":"<!-- This site is optimized with the Yoast SEO plugin v19.4 - https:\/\/yoast.com\/wordpress\/plugins\/seo\/ -->\n<title>Urlaub in Yorkshire: Typisch englische l\u00e4ndliche Gegend in den Yorkshire Dales - Urlaub &amp; Reisen<\/title>\n<meta name=\"robots\" content=\"index, follow, max-snippet:-1, max-image-preview:large, max-video-preview:-1\" \/>\n<link rel=\"canonical\" href=\"https:\/\/www.urlaubcornwall.de\/blog\/urlaub-in-nordengland-typisch-englische-laendliche-gegend-in-den-yorkshire-dales\/\" \/>\n<meta property=\"og:locale\" content=\"en_US\" \/>\n<meta property=\"og:type\" content=\"article\" \/>\n<meta property=\"og:title\" content=\"Urlaub in Yorkshire: Typisch englische l\u00e4ndliche Gegend in den Yorkshire Dales - Urlaub &amp; Reisen\" \/>\n<meta property=\"og:description\" content=\"Der Norden Englands wird oft zitiert als Einheit; \u00a0ist jedoch weit davon entfernt, eine homogene Region zu sein. Topographisch, kulturell und historisch gibt es enorme Unterschiede \u2013 die Kargheit der Cumbrian Fells unterscheidet sich vollkommen von den sanften H\u00fcgeln Northumberlands; an der Westk\u00fcste finden Sie goldene Str\u00e4nde und ein raues Klima, w\u00e4hrend der Osten bekannt [&hellip;]\" \/>\n<meta property=\"og:url\" content=\"https:\/\/www.urlaubcornwall.de\/blog\/urlaub-in-nordengland-typisch-englische-laendliche-gegend-in-den-yorkshire-dales\/\" \/>\n<meta property=\"og:site_name\" content=\"Urlaub &amp; Reisen\" \/>\n<meta property=\"article:modified_time\" content=\"2021-04-14T08:27:45+00:00\" \/>\n<meta property=\"og:image\" content=\"https:\/\/www.urlaubcornwall.de\/blog\/wp-content\/uploads\/2014\/01\/IMGA0003.jpg\" \/>\n<meta name=\"twitter:card\" content=\"summary\" \/>\n<meta name=\"twitter:label1\" content=\"Est. reading time\" \/>\n\t<meta name=\"twitter:data1\" content=\"1 minute\" \/>\n<script type=\"application\/ld+json\" class=\"yoast-schema-graph\">{\"@context\":\"https:\/\/schema.org\",\"@graph\":[{\"@type\":\"WebSite\",\"@id\":\"https:\/\/www.urlaubcornwall.de\/blog\/#website\",\"url\":\"https:\/\/www.urlaubcornwall.de\/blog\/\",\"name\":\"Urlaub &amp; Reisen\",\"description\":\"Urlaub, Reisen, Cornwall und S\u00fcdengland: eine perfekte Kombination\",\"potentialAction\":[{\"@type\":\"SearchAction\",\"target\":{\"@type\":\"EntryPoint\",\"urlTemplate\":\"https:\/\/www.urlaubcornwall.de\/blog\/?s={search_term_string}\"},\"query-input\":\"required name=search_term_string\"}],\"inLanguage\":\"en-US\"},{\"@type\":\"WebPage\",\"@id\":\"https:\/\/www.urlaubcornwall.de\/blog\/urlaub-in-nordengland-typisch-englische-laendliche-gegend-in-den-yorkshire-dales\/\",\"url\":\"https:\/\/www.urlaubcornwall.de\/blog\/urlaub-in-nordengland-typisch-englische-laendliche-gegend-in-den-yorkshire-dales\/\",\"name\":\"Urlaub in Yorkshire: Typisch englische l\u00e4ndliche Gegend in den Yorkshire Dales - Urlaub &amp; Reisen\",\"isPartOf\":{\"@id\":\"https:\/\/www.urlaubcornwall.de\/blog\/#website\"},\"datePublished\":\"2014-01-11T16:33:30+00:00\",\"dateModified\":\"2021-04-14T08:27:45+00:00\",\"breadcrumb\":{\"@id\":\"https:\/\/www.urlaubcornwall.de\/blog\/urlaub-in-nordengland-typisch-englische-laendliche-gegend-in-den-yorkshire-dales\/#breadcrumb\"},\"inLanguage\":\"en-US\",\"potentialAction\":[{\"@type\":\"ReadAction\",\"target\":[\"https:\/\/www.urlaubcornwall.de\/blog\/urlaub-in-nordengland-typisch-englische-laendliche-gegend-in-den-yorkshire-dales\/\"]}]},{\"@type\":\"BreadcrumbList\",\"@id\":\"https:\/\/www.urlaubcornwall.de\/blog\/urlaub-in-nordengland-typisch-englische-laendliche-gegend-in-den-yorkshire-dales\/#breadcrumb\",\"itemListElement\":[{\"@type\":\"ListItem\",\"position\":1,\"name\":\"Home\",\"item\":\"https:\/\/www.urlaubcornwall.de\/blog\/\"},{\"@type\":\"ListItem\",\"position\":2,\"name\":\"Urlaub in Yorkshire: Typisch englische l\u00e4ndliche Gegend in den Yorkshire Dales\"}]}]}<\/script>\n<!-- \/ Yoast SEO plugin. -->","yoast_head_json":{"title":"Urlaub in Yorkshire: Typisch englische l\u00e4ndliche Gegend in den Yorkshire Dales - Urlaub &amp; Reisen","robots":{"index":"index","follow":"follow","max-snippet":"max-snippet:-1","max-image-preview":"max-image-preview:large","max-video-preview":"max-video-preview:-1"},"canonical":"https:\/\/www.urlaubcornwall.de\/blog\/urlaub-in-nordengland-typisch-englische-laendliche-gegend-in-den-yorkshire-dales\/","og_locale":"en_US","og_type":"article","og_title":"Urlaub in Yorkshire: Typisch englische l\u00e4ndliche Gegend in den Yorkshire Dales - Urlaub &amp; Reisen","og_description":"Der Norden Englands wird oft zitiert als Einheit; \u00a0ist jedoch weit davon entfernt, eine homogene Region zu sein. Topographisch, kulturell und historisch gibt es enorme Unterschiede \u2013 die Kargheit der Cumbrian Fells unterscheidet sich vollkommen von den sanften H\u00fcgeln Northumberlands; an der Westk\u00fcste finden Sie goldene Str\u00e4nde und ein raues Klima, w\u00e4hrend der Osten bekannt [&hellip;]","og_url":"https:\/\/www.urlaubcornwall.de\/blog\/urlaub-in-nordengland-typisch-englische-laendliche-gegend-in-den-yorkshire-dales\/","og_site_name":"Urlaub &amp; Reisen","article_modified_time":"2021-04-14T08:27:45+00:00","og_image":[{"url":"https:\/\/www.urlaubcornwall.de\/blog\/wp-content\/uploads\/2014\/01\/IMGA0003.jpg"}],"twitter_card":"summary","twitter_misc":{"Est. reading time":"1 minute"},"schema":{"@context":"https:\/\/schema.org","@graph":[{"@type":"WebSite","@id":"https:\/\/www.urlaubcornwall.de\/blog\/#website","url":"https:\/\/www.urlaubcornwall.de\/blog\/","name":"Urlaub &amp; Reisen","description":"Urlaub, Reisen, Cornwall und S\u00fcdengland: eine perfekte Kombination","potentialAction":[{"@type":"SearchAction","target":{"@type":"EntryPoint","urlTemplate":"https:\/\/www.urlaubcornwall.de\/blog\/?s={search_term_string}"},"query-input":"required name=search_term_string"}],"inLanguage":"en-US"},{"@type":"WebPage","@id":"https:\/\/www.urlaubcornwall.de\/blog\/urlaub-in-nordengland-typisch-englische-laendliche-gegend-in-den-yorkshire-dales\/","url":"https:\/\/www.urlaubcornwall.de\/blog\/urlaub-in-nordengland-typisch-englische-laendliche-gegend-in-den-yorkshire-dales\/","name":"Urlaub in Yorkshire: Typisch englische l\u00e4ndliche Gegend in den Yorkshire Dales - Urlaub &amp; Reisen","isPartOf":{"@id":"https:\/\/www.urlaubcornwall.de\/blog\/#website"},"datePublished":"2014-01-11T16:33:30+00:00","dateModified":"2021-04-14T08:27:45+00:00","breadcrumb":{"@id":"https:\/\/www.urlaubcornwall.de\/blog\/urlaub-in-nordengland-typisch-englische-laendliche-gegend-in-den-yorkshire-dales\/#breadcrumb"},"inLanguage":"en-US","potentialAction":[{"@type":"ReadAction","target":["https:\/\/www.urlaubcornwall.de\/blog\/urlaub-in-nordengland-typisch-englische-laendliche-gegend-in-den-yorkshire-dales\/"]}]},{"@type":"BreadcrumbList","@id":"https:\/\/www.urlaubcornwall.de\/blog\/urlaub-in-nordengland-typisch-englische-laendliche-gegend-in-den-yorkshire-dales\/#breadcrumb","itemListElement":[{"@type":"ListItem","position":1,"name":"Home","item":"https:\/\/www.urlaubcornwall.de\/blog\/"},{"@type":"ListItem","position":2,"name":"Urlaub in Yorkshire: Typisch englische l\u00e4ndliche Gegend in den Yorkshire Dales"}]}]}},"_links":{"self":[{"href":"https:\/\/www.urlaubcornwall.de\/blog\/wp-json\/wp\/v2\/pages\/12534"}],"collection":[{"href":"https:\/\/www.urlaubcornwall.de\/blog\/wp-json\/wp\/v2\/pages"}],"about":[{"href":"https:\/\/www.urlaubcornwall.de\/blog\/wp-json\/wp\/v2\/types\/page"}],"author":[{"embeddable":true,"href":"https:\/\/www.urlaubcornwall.de\/blog\/wp-json\/wp\/v2\/users\/1"}],"replies":[{"embeddable":true,"href":"https:\/\/www.urlaubcornwall.de\/blog\/wp-json\/wp\/v2\/comments?post=12534"}],"version-history":[{"count":15,"href":"https:\/\/www.urlaubcornwall.de\/blog\/wp-json\/wp\/v2\/pages\/12534\/revisions"}],"predecessor-version":[{"id":41542,"href":"https:\/\/www.urlaubcornwall.de\/blog\/wp-json\/wp\/v2\/pages\/12534\/revisions\/41542"}],"wp:attachment":[{"href":"https:\/\/www.urlaubcornwall.de\/blog\/wp-json\/wp\/v2\/media?parent=12534"}],"curies":[{"name":"wp","href":"https:\/\/api.w.org\/{rel}","templated":true}]}}