{"id":12505,"date":"2014-01-11T16:03:26","date_gmt":"2014-01-11T16:03:26","guid":{"rendered":"https:\/\/www.urlaubcornwall.de\/blog\/?page_id=12505"},"modified":"2024-04-15T14:47:23","modified_gmt":"2024-04-15T14:47:23","slug":"urlaub-in-den-highlands-schottlands-atemberaubende-landschaft-und-antike-sehenswuerdigkeiten","status":"publish","type":"page","link":"https:\/\/www.urlaubcornwall.de\/blog\/urlaub-in-den-highlands-schottlands-atemberaubende-landschaft-und-antike-sehenswuerdigkeiten\/","title":{"rendered":"Urlaub in den Highlands Schottlands: Atemberaubende Landschaft und antike Sehensw\u00fcrdigkeiten"},"content":{"rendered":"<p><a href=\"https:\/\/www.urlaubcornwall.de\/blog\/wp-content\/uploads\/2024\/03\/schottland-strand.jpg\"><img loading=\"lazy\" src=\"https:\/\/www.urlaubcornwall.de\/blog\/wp-content\/uploads\/2024\/03\/schottland-strand.jpg\" alt=\"schottland strand\" width=\"750\" height=\"460\" class=\"alignnone size-full wp-image-47782\" srcset=\"https:\/\/www.urlaubcornwall.de\/blog\/wp-content\/uploads\/2024\/03\/schottland-strand.jpg 750w, https:\/\/www.urlaubcornwall.de\/blog\/wp-content\/uploads\/2024\/03\/schottland-strand-300x184.jpg 300w\" sizes=\"(max-width: 750px) 100vw, 750px\" \/><\/a><\/p>\n<p>Die Highlands verk\u00f6rpern tats\u00e4chlich das <a href=\"https:\/\/www.urlaubcornwall.de\/reiseziel\/schottland.php\"><strong>Schottlan<\/strong><strong>d<\/strong><\/a> Ihrer Vorstellung; eine wundersch\u00f6ne und inspirierende Gegend urt\u00fcmlicher Landschaften mit einer faszinierenden antiken Geschichte. \u00dcberzeugen Sie sich selbst vom erstaunlichen Naturleben und genie\u00dfen Sie einige aufregende Freizeitbesch\u00e4ftigungen in freier Natur. Erkunden Sie die zahlreichen Berge und Schluchten, sowie die \u00fcberw\u00e4ltigenden Inseln, die K\u00fcste, und folgen Sie dem Malt Whiskey Pfad.<\/p>\n<p>Die Highlands im hohen Norden Schottlands bestehen aus sechs kleineren Regionen: die Nord Highlands und John O\u2019Groats, Inverness, Loch Ness &amp; Nairn; dem Cairngorms Nationalpark; Moray Speyside; Skye &amp; Lochalsh; sowie Fort William &amp; Lochaber.<\/p>\n<div class=\"snippet\"> <a class=\"featured-item\" href=\" https:\/\/www.urlaubcornwall.de\/ferienhaeuser\/schottland.php\"> <span class=\"image-holder\" style=\"background-image: url(' https:\/\/www.urlaubcornwall.de\/blog\/wp-content\/uploads\/2019\/01\/urlaub-schottland-highlands-1.jpg ');\"><\/span> <span class=\"featured-content\"> \n<h2 class=\"featured-title\">Bei uns finden Sie Ferienh\u00e4user in Schottland zum Verlieben!<\/h2>\n<p class=\"featured-body\">Untenstehend finden Sie eine Auswahl an Ferienh\u00e4usern in Schottland. Hier finden Sie pers\u00f6nlich inspizierte Cottages entlang der schottischen K\u00fcste, in den schottischen Highlands und auf den Inseln&#8230;..<\/p>\n<\/span> <span class=\"featured-link-holder\"> <span class=\"featured-extra-info\"> \n<p>F\u00fcr Paare, Familien &#038; Gruppen<\/p>\n<\/span> \n<p class=\"featured-link\">DETAILS<\/p>\n<\/span> <\/a><\/div>\n<div class=\"snippet\"> <a class=\"featured-item\" href=\" https:\/\/www.urlaubcornwall.de\/blog\/rundreisen-schottland\/\"> <span class=\"image-holder\" style=\"background-image: url(' https:\/\/www.urlaubcornwall.de\/blog\/wp-content\/uploads\/2019\/01\/rundreise-schottland.jpg ');\"><\/span> <span class=\"featured-content\"> \n<h2 class=\"featured-title\">Rundreise durch Schottland: mit dem Auto bereisen <\/h2>\n<p class=\"featured-body\">Urlaub in Schottland haben etwas f\u00fcr jeden Geschmack zu bieten \u2013 herrliche Sonnenunterg\u00e4nge \u00fcber magischen Inseln, wundersch\u00f6ne und dramatische K\u00fcstenstriche, tiefe, verborgene T\u00e4ler und eine unglaubliche Landschaft&#8230;<\/p>\n<\/span> <span class=\"featured-link-holder\"> <span class=\"featured-extra-info\"> \n<p>Ready Made Touren<\/p>\n<\/span> \n<p class=\"featured-link\">DETAILS<\/p>\n<\/span> <\/a><\/div>\n<p><strong>Urlaubstipps Highlands Schottland<\/strong><\/p>\n<h3>&nbsp;<\/h3>\n<p><b>Eine Rundreise durch die schottischen West-Highlands. <\/b><\/p>\n<h3>&nbsp;<\/h3>\n<table>\n<tbody>\n<tr>\n<td><img loading=\"lazy\" class=\"aligncenter size-full wp-image-7094\" style=\"border: 0pt none; padding: 0px;\" src=\"https:\/\/www.urlaubcornwall.de\/blog\/wp-content\/uploads\/2013\/08\/IMGA0010.jpg\" alt=\"Aviemore\" height=\"118\" width=\"148\"\/><\/td>\n<td>Bei der Ankunft in Schottland brechen viele Besucher zuerst in die Stadt Glasgow oder in die Hauptstadt Edinburgh auf, aber dazwischen und dar\u00fcber hinaus liegen atemberaubende Landschaften, die zu den spektakul\u00e4rsten in Gro\u00dfbritannien geh\u00f6ren&#8230; <strong>[<span style=\"text-decoration: underline;\"><a href=\"https:\/\/www.urlaubcornwall.de\/blog\/2013\/08\/eine-rundreise-durch-die-schottischen-highlands\/\"><strong>mehr<\/strong><\/a><\/span><a href=\"https:\/\/www.urlaubcornwall.de\/blog\/2013\/08\/eine-rundreise-durch-die-schottischen-highlands\/\"><strong>]<\/strong><\/a><\/strong><\/td>\n<\/tr>\n<\/tbody>\n<\/table>\n<h3>&nbsp;<\/h3>\n<p><b>Rundreise durch die Highlands und Nord Schottland. <\/b><\/p>\n<h3>&nbsp;<\/h3>\n<table>\n<tbody>\n<tr>\n<td><img loading=\"lazy\" class=\"aligncenter size-full wp-image-7095\" style=\"border: 0pt none; padding: 0px;\" src=\"https:\/\/www.urlaubcornwall.de\/blog\/wp-content\/uploads\/2013\/07\/001112.jpg\" alt=\"Highlands Schottland \" height=\"118\" width=\"148\"\/><\/td>\n<td>Es ist ein Land der Superlative und die Landschaft der Highlands und im Norden Schottlands ist einzigartig. Nehmen Sie von Fort William Kurs Richtung Norden, den Great Glen hinauf nach Inverness, der Hauptstadt der Highlands&#8230; [<a href=\"https:\/\/www.urlaubcornwall.de\/blog\/2013\/08\/rundreise-durch-die-highlands-und-den-norden-schottlands\/\"><strong><span style=\"text-decoration: underline;\"><strong>mehr<\/strong><\/span><\/strong><strong>]<\/strong><\/a><\/td>\n<\/tr>\n<\/tbody>\n<\/table>\n<h3>&nbsp;<\/h3>\n<p><strong>Familienurlaub in Westschottland und den Highlands. <\/strong><\/p>\n<h3>&nbsp;<\/h3>\n<table>\n<tbody>\n<tr>\n<td><img loading=\"lazy\" class=\"aligncenter size-full wp-image-6603\" style=\"border: 0pt none; padding: 0px;\" src=\"https:\/\/www.urlaubcornwall.de\/blog\/wp-content\/uploads\/2013\/07\/IMGA00015.jpg\" alt=\"activurlaub schottland\" height=\"118\" width=\"148\"\/><\/td>\n<td>Natural Retreats Tulloch in den West Highlands befindet sich in einer fantastischen Lage im wundersch\u00f6nen Dorf Tulloch, ideal platziert f\u00fcr Outdoor-Aktivit\u00e4ten f\u00fcr die ganze Familie sowie um die Geschichte der schottischen Highlands zu erforschen&#8230; [<a href=\"https:\/\/www.urlaubcornwall.de\/blog\/2013\/07\/familienurlaub-in-westschottland-und-den-highlands\/\"><strong> mehr <\/strong><\/a>]<\/td>\n<\/tr>\n<\/tbody>\n<\/table>\n<h3>&nbsp;<\/h3>\n<p><strong>Die 5 besten Urlaubstipps f\u00fcr John O\u2019Groats und Nordschottland. <\/strong><\/p>\n<h3>&nbsp;<\/h3>\n<table>\n<tbody>\n<tr>\n<td><img loading=\"lazy\" class=\"aligncenter size-full wp-image-6603\" style=\"border: 0pt none; padding: 0px;\" src=\"https:\/\/www.urlaubcornwall.de\/blog\/wp-content\/uploads\/2013\/07\/IMGA0005.jpg\" alt=\"Mey Schloss schottland\" height=\"118\" width=\"148\"\/><\/td>\n<td>Unternehmen Sie einen langen Spaziergang entlang des K\u00fcstenpfads bis zum Leuchtturm und hin\u00fcber bis zu den Felsnadeln von Duncansby. Unterwegs k\u00f6nnen Sie die atemberaubende Aussicht auf einen feinen wei\u00dfen Sandstrand&#8230; [<a href=\"https:\/\/www.urlaubcornwall.de\/blog\/2013\/07\/die-5-besten-urlaubstipps-fuer-john-ogroats-und-nordschottland\/\"><strong><span style=\"text-decoration: underline;\"> mehr <\/span><\/strong><\/a>]<\/td>\n<\/tr>\n<\/tbody>\n<\/table>\n<h3>&nbsp;<\/h3>\n<p><strong>Tipps f\u00fcr einen Urlaub im Norden Schottlands. <\/strong><\/p>\n<h3>&nbsp;<\/h3>\n<table>\n<tbody>\n<tr>\n<td><img loading=\"lazy\" class=\"aligncenter size-full wp-image-6603\" style=\"border: 0pt none; padding: 0px;\" src=\"https:\/\/www.urlaubcornwall.de\/blog\/wp-content\/uploads\/2013\/07\/IMGA0004.jpg\" alt=\"nordkueste schottland\" height=\"118\" width=\"148\"\/><\/td>\n<td>Tauchen Sie ein in die Welt der feinsten Whiskys, die Schottland zu bieten hat. Unser einheimischer Whisky-Experte f\u00fchrt Ihren Gaumen durch eine intensive Reise durch die Region, von Highland Malt zu Whiskys&#8230; [<a href=\"https:\/\/www.urlaubcornwall.de\/blog\/2013\/07\/tipps-fuer-einen-urlaub-im-norden-schottlands\/\"><strong> mehr<\/strong><\/a>]<\/td>\n<\/tr>\n<\/tbody>\n<\/table>\n","protected":false},"excerpt":{"rendered":"<p>Die Highlands verk\u00f6rpern tats\u00e4chlich das Schottland Ihrer Vorstellung; eine wundersch\u00f6ne und inspirierende Gegend urt\u00fcmlicher Landschaften mit einer faszinierenden antiken Geschichte. \u00dcberzeugen Sie sich selbst vom erstaunlichen Naturleben und genie\u00dfen Sie einige aufregende Freizeitbesch\u00e4ftigungen in freier Natur. Erkunden Sie die zahlreichen Berge und Schluchten, sowie die \u00fcberw\u00e4ltigenden Inseln, die K\u00fcste, und folgen Sie dem Malt Whiskey [&hellip;]<\/p>\n","protected":false},"author":1,"featured_media":0,"parent":0,"menu_order":0,"comment_status":"closed","ping_status":"closed","template":"single-two.php","meta":[],"acf":[],"yoast_head":"<!-- This site is optimized with the Yoast SEO plugin v19.4 - https:\/\/yoast.com\/wordpress\/plugins\/seo\/ -->\n<title>Urlaub in den Highlands Schottlands: Atemberaubende Landschaft und antike Sehensw\u00fcrdigkeiten - Urlaub &amp; Reisen<\/title>\n<meta name=\"robots\" content=\"index, follow, max-snippet:-1, max-image-preview:large, max-video-preview:-1\" \/>\n<link rel=\"canonical\" href=\"https:\/\/www.urlaubcornwall.de\/blog\/urlaub-in-den-highlands-schottlands-atemberaubende-landschaft-und-antike-sehenswuerdigkeiten\/\" \/>\n<meta property=\"og:locale\" content=\"en_US\" \/>\n<meta property=\"og:type\" content=\"article\" \/>\n<meta property=\"og:title\" content=\"Urlaub in den Highlands Schottlands: Atemberaubende Landschaft und antike Sehensw\u00fcrdigkeiten - Urlaub &amp; Reisen\" \/>\n<meta property=\"og:description\" content=\"Die Highlands verk\u00f6rpern tats\u00e4chlich das Schottland Ihrer Vorstellung; eine wundersch\u00f6ne und inspirierende Gegend urt\u00fcmlicher Landschaften mit einer faszinierenden antiken Geschichte. \u00dcberzeugen Sie sich selbst vom erstaunlichen Naturleben und genie\u00dfen Sie einige aufregende Freizeitbesch\u00e4ftigungen in freier Natur. Erkunden Sie die zahlreichen Berge und Schluchten, sowie die \u00fcberw\u00e4ltigenden Inseln, die K\u00fcste, und folgen Sie dem Malt Whiskey [&hellip;]\" \/>\n<meta property=\"og:url\" content=\"https:\/\/www.urlaubcornwall.de\/blog\/urlaub-in-den-highlands-schottlands-atemberaubende-landschaft-und-antike-sehenswuerdigkeiten\/\" \/>\n<meta property=\"og:site_name\" content=\"Urlaub &amp; Reisen\" \/>\n<meta property=\"article:modified_time\" content=\"2024-04-15T14:47:23+00:00\" \/>\n<meta property=\"og:image\" content=\"https:\/\/www.urlaubcornwall.de\/blog\/wp-content\/uploads\/2024\/03\/schottland-strand.jpg\" \/>\n<meta name=\"twitter:card\" content=\"summary\" \/>\n<meta name=\"twitter:label1\" content=\"Est. reading time\" \/>\n\t<meta name=\"twitter:data1\" content=\"3 minutes\" \/>\n<script type=\"application\/ld+json\" class=\"yoast-schema-graph\">{\"@context\":\"https:\/\/schema.org\",\"@graph\":[{\"@type\":\"WebSite\",\"@id\":\"https:\/\/www.urlaubcornwall.de\/blog\/#website\",\"url\":\"https:\/\/www.urlaubcornwall.de\/blog\/\",\"name\":\"Urlaub &amp; Reisen\",\"description\":\"Urlaub, Reisen, Cornwall und S\u00fcdengland: eine perfekte Kombination\",\"potentialAction\":[{\"@type\":\"SearchAction\",\"target\":{\"@type\":\"EntryPoint\",\"urlTemplate\":\"https:\/\/www.urlaubcornwall.de\/blog\/?s={search_term_string}\"},\"query-input\":\"required name=search_term_string\"}],\"inLanguage\":\"en-US\"},{\"@type\":\"WebPage\",\"@id\":\"https:\/\/www.urlaubcornwall.de\/blog\/urlaub-in-den-highlands-schottlands-atemberaubende-landschaft-und-antike-sehenswuerdigkeiten\/\",\"url\":\"https:\/\/www.urlaubcornwall.de\/blog\/urlaub-in-den-highlands-schottlands-atemberaubende-landschaft-und-antike-sehenswuerdigkeiten\/\",\"name\":\"Urlaub in den Highlands Schottlands: Atemberaubende Landschaft und antike Sehensw\u00fcrdigkeiten - Urlaub &amp; Reisen\",\"isPartOf\":{\"@id\":\"https:\/\/www.urlaubcornwall.de\/blog\/#website\"},\"datePublished\":\"2014-01-11T16:03:26+00:00\",\"dateModified\":\"2024-04-15T14:47:23+00:00\",\"breadcrumb\":{\"@id\":\"https:\/\/www.urlaubcornwall.de\/blog\/urlaub-in-den-highlands-schottlands-atemberaubende-landschaft-und-antike-sehenswuerdigkeiten\/#breadcrumb\"},\"inLanguage\":\"en-US\",\"potentialAction\":[{\"@type\":\"ReadAction\",\"target\":[\"https:\/\/www.urlaubcornwall.de\/blog\/urlaub-in-den-highlands-schottlands-atemberaubende-landschaft-und-antike-sehenswuerdigkeiten\/\"]}]},{\"@type\":\"BreadcrumbList\",\"@id\":\"https:\/\/www.urlaubcornwall.de\/blog\/urlaub-in-den-highlands-schottlands-atemberaubende-landschaft-und-antike-sehenswuerdigkeiten\/#breadcrumb\",\"itemListElement\":[{\"@type\":\"ListItem\",\"position\":1,\"name\":\"Home\",\"item\":\"https:\/\/www.urlaubcornwall.de\/blog\/\"},{\"@type\":\"ListItem\",\"position\":2,\"name\":\"Urlaub in den Highlands Schottlands: Atemberaubende Landschaft und antike Sehensw\u00fcrdigkeiten\"}]}]}<\/script>\n<!-- \/ Yoast SEO plugin. -->","yoast_head_json":{"title":"Urlaub in den Highlands Schottlands: Atemberaubende Landschaft und antike Sehensw\u00fcrdigkeiten - Urlaub &amp; Reisen","robots":{"index":"index","follow":"follow","max-snippet":"max-snippet:-1","max-image-preview":"max-image-preview:large","max-video-preview":"max-video-preview:-1"},"canonical":"https:\/\/www.urlaubcornwall.de\/blog\/urlaub-in-den-highlands-schottlands-atemberaubende-landschaft-und-antike-sehenswuerdigkeiten\/","og_locale":"en_US","og_type":"article","og_title":"Urlaub in den Highlands Schottlands: Atemberaubende Landschaft und antike Sehensw\u00fcrdigkeiten - Urlaub &amp; Reisen","og_description":"Die Highlands verk\u00f6rpern tats\u00e4chlich das Schottland Ihrer Vorstellung; eine wundersch\u00f6ne und inspirierende Gegend urt\u00fcmlicher Landschaften mit einer faszinierenden antiken Geschichte. \u00dcberzeugen Sie sich selbst vom erstaunlichen Naturleben und genie\u00dfen Sie einige aufregende Freizeitbesch\u00e4ftigungen in freier Natur. Erkunden Sie die zahlreichen Berge und Schluchten, sowie die \u00fcberw\u00e4ltigenden Inseln, die K\u00fcste, und folgen Sie dem Malt Whiskey [&hellip;]","og_url":"https:\/\/www.urlaubcornwall.de\/blog\/urlaub-in-den-highlands-schottlands-atemberaubende-landschaft-und-antike-sehenswuerdigkeiten\/","og_site_name":"Urlaub &amp; Reisen","article_modified_time":"2024-04-15T14:47:23+00:00","og_image":[{"url":"https:\/\/www.urlaubcornwall.de\/blog\/wp-content\/uploads\/2024\/03\/schottland-strand.jpg"}],"twitter_card":"summary","twitter_misc":{"Est. reading time":"3 minutes"},"schema":{"@context":"https:\/\/schema.org","@graph":[{"@type":"WebSite","@id":"https:\/\/www.urlaubcornwall.de\/blog\/#website","url":"https:\/\/www.urlaubcornwall.de\/blog\/","name":"Urlaub &amp; Reisen","description":"Urlaub, Reisen, Cornwall und S\u00fcdengland: eine perfekte Kombination","potentialAction":[{"@type":"SearchAction","target":{"@type":"EntryPoint","urlTemplate":"https:\/\/www.urlaubcornwall.de\/blog\/?s={search_term_string}"},"query-input":"required name=search_term_string"}],"inLanguage":"en-US"},{"@type":"WebPage","@id":"https:\/\/www.urlaubcornwall.de\/blog\/urlaub-in-den-highlands-schottlands-atemberaubende-landschaft-und-antike-sehenswuerdigkeiten\/","url":"https:\/\/www.urlaubcornwall.de\/blog\/urlaub-in-den-highlands-schottlands-atemberaubende-landschaft-und-antike-sehenswuerdigkeiten\/","name":"Urlaub in den Highlands Schottlands: Atemberaubende Landschaft und antike Sehensw\u00fcrdigkeiten - Urlaub &amp; Reisen","isPartOf":{"@id":"https:\/\/www.urlaubcornwall.de\/blog\/#website"},"datePublished":"2014-01-11T16:03:26+00:00","dateModified":"2024-04-15T14:47:23+00:00","breadcrumb":{"@id":"https:\/\/www.urlaubcornwall.de\/blog\/urlaub-in-den-highlands-schottlands-atemberaubende-landschaft-und-antike-sehenswuerdigkeiten\/#breadcrumb"},"inLanguage":"en-US","potentialAction":[{"@type":"ReadAction","target":["https:\/\/www.urlaubcornwall.de\/blog\/urlaub-in-den-highlands-schottlands-atemberaubende-landschaft-und-antike-sehenswuerdigkeiten\/"]}]},{"@type":"BreadcrumbList","@id":"https:\/\/www.urlaubcornwall.de\/blog\/urlaub-in-den-highlands-schottlands-atemberaubende-landschaft-und-antike-sehenswuerdigkeiten\/#breadcrumb","itemListElement":[{"@type":"ListItem","position":1,"name":"Home","item":"https:\/\/www.urlaubcornwall.de\/blog\/"},{"@type":"ListItem","position":2,"name":"Urlaub in den Highlands Schottlands: Atemberaubende Landschaft und antike Sehensw\u00fcrdigkeiten"}]}]}},"_links":{"self":[{"href":"https:\/\/www.urlaubcornwall.de\/blog\/wp-json\/wp\/v2\/pages\/12505"}],"collection":[{"href":"https:\/\/www.urlaubcornwall.de\/blog\/wp-json\/wp\/v2\/pages"}],"about":[{"href":"https:\/\/www.urlaubcornwall.de\/blog\/wp-json\/wp\/v2\/types\/page"}],"author":[{"embeddable":true,"href":"https:\/\/www.urlaubcornwall.de\/blog\/wp-json\/wp\/v2\/users\/1"}],"replies":[{"embeddable":true,"href":"https:\/\/www.urlaubcornwall.de\/blog\/wp-json\/wp\/v2\/comments?post=12505"}],"version-history":[{"count":37,"href":"https:\/\/www.urlaubcornwall.de\/blog\/wp-json\/wp\/v2\/pages\/12505\/revisions"}],"predecessor-version":[{"id":49611,"href":"https:\/\/www.urlaubcornwall.de\/blog\/wp-json\/wp\/v2\/pages\/12505\/revisions\/49611"}],"wp:attachment":[{"href":"https:\/\/www.urlaubcornwall.de\/blog\/wp-json\/wp\/v2\/media?parent=12505"}],"curies":[{"name":"wp","href":"https:\/\/api.w.org\/{rel}","templated":true}]}}