{"id":12146,"date":"2014-01-04T12:55:41","date_gmt":"2014-01-04T12:55:41","guid":{"rendered":"https:\/\/www.urlaubcornwall.de\/blog\/?page_id=12146"},"modified":"2021-08-08T10:21:39","modified_gmt":"2021-08-08T10:21:39","slug":"anastasia-ferienwohnung-mit-meerblick-fuer-2-personen-porthmeor-st-ives-cornwall","status":"publish","type":"page","link":"https:\/\/www.urlaubcornwall.de\/blog\/anastasia-ferienwohnung-mit-meerblick-fuer-2-personen-porthmeor-st-ives-cornwall\/","title":{"rendered":"Anastasia &#8211; Ferienwohnung St Ives mit Meerblick f\u00fcr 2 Personen, Porthmeor"},"content":{"rendered":"<p><strong>Ferienwohnung mit Meerblick St Ives, West-Cornwall | 1 Schlafzimmer | Schlafplatz f\u00fcr 2<\/strong><\/p>\n<p>Diese Ferienwohnung ist hell, ger\u00e4umig und verf\u00fcgt \u00fcber atemberaubenden Meeresblick \u00fcber die Brandung hinweg, den Porthmeor Strand und die Insel. Anastasia Apartment ist wundersch\u00f6n ausgestattet mit einer zeitgen\u00f6ssischen Einrichtung. Sie liegt in einer ruhigen Sackgasse und bezaubert durch ganz besondere Elemente, wie Fu\u00dfbodenheizung, Trockenraum, Dachterrasse, Garten mit Meeresblick und Liegest\u00fchlen, einen Surfschuppen mit Au\u00dfendusche und einem Abstellraum f\u00fcr Strandg\u00fcter. Was auch immer Sie von Ihren Ferien erwarten \u2013 eine erholsame, romantische R\u00fcckzugsm\u00f6glichkeit oder Aktivurlaub &#8211; &nbsp;Anastasia Ferienwohnung bietet Ihnen den perfekten Selbstversorger-Urlaub.<\/p>\n<p>Der Wohn-\/Essbereich hat wiederum hervorragenden Blick \u00fcber den Porthmeor Strand, The Tate und die Insel und verf\u00fcgt \u00fcber gro\u00dfe Ledersofas, Kaffeetisch.<\/p>\n<p style=\"text-align: center;\"><a class=\"tidycta\" href=\"https:\/\/www.urlaubcornwall.de\/ferienhaeuser-fewos\/penzance.html\">Suche Ferienh\u00e4user<\/a><\/p>\n<p>\u2022 Voll ausgestattete K\u00fcche,<br \/>\n\u2022 Bettw\u00e4sche und Handt\u00fccher inbegriffen,<br \/>\n\u2022 Brennstoff und Strom inbegriffen,<br \/>\n\u2022 Parkplatz f\u00fcr 1 Auto,<br \/>\n\u2022 WLAN<\/p>\n<p><strong>Ferienh\u00e4user und Ferienwohnungen in Cornwall<\/strong>: Um UrlaubCornwall einzigartige Kollektion nach Ihrem idealen Ferienhaus zu durchsuchen. <a href=\"https:\/\/www.urlaubcornwall.de\/ferienhaeuser\/cornwall.php\"><span style=\"text-decoration: underline;\"><strong>Klicken Sie hier &gt;&gt;<\/strong><\/span><\/a><\/p>\n","protected":false},"excerpt":{"rendered":"<p>Ferienwohnung mit Meerblick St Ives, West-Cornwall | 1 Schlafzimmer | Schlafplatz f\u00fcr 2 Diese Ferienwohnung ist hell, ger\u00e4umig und verf\u00fcgt \u00fcber atemberaubenden Meeresblick \u00fcber die Brandung hinweg, den Porthmeor Strand und die Insel. Anastasia Apartment ist wundersch\u00f6n ausgestattet mit einer zeitgen\u00f6ssischen Einrichtung. Sie liegt in einer ruhigen Sackgasse und bezaubert durch ganz besondere Elemente, wie [&hellip;]<\/p>\n","protected":false},"author":1,"featured_media":0,"parent":0,"menu_order":0,"comment_status":"closed","ping_status":"closed","template":"single-two.php","meta":[],"acf":[],"yoast_head":"<!-- This site is optimized with the Yoast SEO plugin v19.4 - https:\/\/yoast.com\/wordpress\/plugins\/seo\/ -->\n<title>Anastasia - Ferienwohnung St Ives mit Meerblick f\u00fcr 2 Personen, Porthmeor - Urlaub &amp; Reisen<\/title>\n<meta name=\"robots\" content=\"index, follow, max-snippet:-1, max-image-preview:large, max-video-preview:-1\" \/>\n<link rel=\"canonical\" href=\"https:\/\/www.urlaubcornwall.de\/blog\/anastasia-ferienwohnung-mit-meerblick-fuer-2-personen-porthmeor-st-ives-cornwall\/\" \/>\n<meta property=\"og:locale\" content=\"en_US\" \/>\n<meta property=\"og:type\" content=\"article\" \/>\n<meta property=\"og:title\" content=\"Anastasia - Ferienwohnung St Ives mit Meerblick f\u00fcr 2 Personen, Porthmeor - Urlaub &amp; Reisen\" \/>\n<meta property=\"og:description\" content=\"Ferienwohnung mit Meerblick St Ives, West-Cornwall | 1 Schlafzimmer | Schlafplatz f\u00fcr 2 Diese Ferienwohnung ist hell, ger\u00e4umig und verf\u00fcgt \u00fcber atemberaubenden Meeresblick \u00fcber die Brandung hinweg, den Porthmeor Strand und die Insel. Anastasia Apartment ist wundersch\u00f6n ausgestattet mit einer zeitgen\u00f6ssischen Einrichtung. Sie liegt in einer ruhigen Sackgasse und bezaubert durch ganz besondere Elemente, wie [&hellip;]\" \/>\n<meta property=\"og:url\" content=\"https:\/\/www.urlaubcornwall.de\/blog\/anastasia-ferienwohnung-mit-meerblick-fuer-2-personen-porthmeor-st-ives-cornwall\/\" \/>\n<meta property=\"og:site_name\" content=\"Urlaub &amp; Reisen\" \/>\n<meta property=\"article:modified_time\" content=\"2021-08-08T10:21:39+00:00\" \/>\n<meta name=\"twitter:card\" content=\"summary\" \/>\n<meta name=\"twitter:label1\" content=\"Est. reading time\" \/>\n\t<meta name=\"twitter:data1\" content=\"1 minute\" \/>\n<script type=\"application\/ld+json\" class=\"yoast-schema-graph\">{\"@context\":\"https:\/\/schema.org\",\"@graph\":[{\"@type\":\"WebSite\",\"@id\":\"https:\/\/www.urlaubcornwall.de\/blog\/#website\",\"url\":\"https:\/\/www.urlaubcornwall.de\/blog\/\",\"name\":\"Urlaub &amp; Reisen\",\"description\":\"Urlaub, Reisen, Cornwall und S\u00fcdengland: eine perfekte Kombination\",\"potentialAction\":[{\"@type\":\"SearchAction\",\"target\":{\"@type\":\"EntryPoint\",\"urlTemplate\":\"https:\/\/www.urlaubcornwall.de\/blog\/?s={search_term_string}\"},\"query-input\":\"required name=search_term_string\"}],\"inLanguage\":\"en-US\"},{\"@type\":\"WebPage\",\"@id\":\"https:\/\/www.urlaubcornwall.de\/blog\/anastasia-ferienwohnung-mit-meerblick-fuer-2-personen-porthmeor-st-ives-cornwall\/\",\"url\":\"https:\/\/www.urlaubcornwall.de\/blog\/anastasia-ferienwohnung-mit-meerblick-fuer-2-personen-porthmeor-st-ives-cornwall\/\",\"name\":\"Anastasia - Ferienwohnung St Ives mit Meerblick f\u00fcr 2 Personen, Porthmeor - Urlaub &amp; Reisen\",\"isPartOf\":{\"@id\":\"https:\/\/www.urlaubcornwall.de\/blog\/#website\"},\"datePublished\":\"2014-01-04T12:55:41+00:00\",\"dateModified\":\"2021-08-08T10:21:39+00:00\",\"breadcrumb\":{\"@id\":\"https:\/\/www.urlaubcornwall.de\/blog\/anastasia-ferienwohnung-mit-meerblick-fuer-2-personen-porthmeor-st-ives-cornwall\/#breadcrumb\"},\"inLanguage\":\"en-US\",\"potentialAction\":[{\"@type\":\"ReadAction\",\"target\":[\"https:\/\/www.urlaubcornwall.de\/blog\/anastasia-ferienwohnung-mit-meerblick-fuer-2-personen-porthmeor-st-ives-cornwall\/\"]}]},{\"@type\":\"BreadcrumbList\",\"@id\":\"https:\/\/www.urlaubcornwall.de\/blog\/anastasia-ferienwohnung-mit-meerblick-fuer-2-personen-porthmeor-st-ives-cornwall\/#breadcrumb\",\"itemListElement\":[{\"@type\":\"ListItem\",\"position\":1,\"name\":\"Home\",\"item\":\"https:\/\/www.urlaubcornwall.de\/blog\/\"},{\"@type\":\"ListItem\",\"position\":2,\"name\":\"Anastasia &#8211; Ferienwohnung St Ives mit Meerblick f\u00fcr 2 Personen, Porthmeor\"}]}]}<\/script>\n<!-- \/ Yoast SEO plugin. -->","yoast_head_json":{"title":"Anastasia - Ferienwohnung St Ives mit Meerblick f\u00fcr 2 Personen, Porthmeor - Urlaub &amp; Reisen","robots":{"index":"index","follow":"follow","max-snippet":"max-snippet:-1","max-image-preview":"max-image-preview:large","max-video-preview":"max-video-preview:-1"},"canonical":"https:\/\/www.urlaubcornwall.de\/blog\/anastasia-ferienwohnung-mit-meerblick-fuer-2-personen-porthmeor-st-ives-cornwall\/","og_locale":"en_US","og_type":"article","og_title":"Anastasia - Ferienwohnung St Ives mit Meerblick f\u00fcr 2 Personen, Porthmeor - Urlaub &amp; Reisen","og_description":"Ferienwohnung mit Meerblick St Ives, West-Cornwall | 1 Schlafzimmer | Schlafplatz f\u00fcr 2 Diese Ferienwohnung ist hell, ger\u00e4umig und verf\u00fcgt \u00fcber atemberaubenden Meeresblick \u00fcber die Brandung hinweg, den Porthmeor Strand und die Insel. Anastasia Apartment ist wundersch\u00f6n ausgestattet mit einer zeitgen\u00f6ssischen Einrichtung. Sie liegt in einer ruhigen Sackgasse und bezaubert durch ganz besondere Elemente, wie [&hellip;]","og_url":"https:\/\/www.urlaubcornwall.de\/blog\/anastasia-ferienwohnung-mit-meerblick-fuer-2-personen-porthmeor-st-ives-cornwall\/","og_site_name":"Urlaub &amp; Reisen","article_modified_time":"2021-08-08T10:21:39+00:00","twitter_card":"summary","twitter_misc":{"Est. reading time":"1 minute"},"schema":{"@context":"https:\/\/schema.org","@graph":[{"@type":"WebSite","@id":"https:\/\/www.urlaubcornwall.de\/blog\/#website","url":"https:\/\/www.urlaubcornwall.de\/blog\/","name":"Urlaub &amp; Reisen","description":"Urlaub, Reisen, Cornwall und S\u00fcdengland: eine perfekte Kombination","potentialAction":[{"@type":"SearchAction","target":{"@type":"EntryPoint","urlTemplate":"https:\/\/www.urlaubcornwall.de\/blog\/?s={search_term_string}"},"query-input":"required name=search_term_string"}],"inLanguage":"en-US"},{"@type":"WebPage","@id":"https:\/\/www.urlaubcornwall.de\/blog\/anastasia-ferienwohnung-mit-meerblick-fuer-2-personen-porthmeor-st-ives-cornwall\/","url":"https:\/\/www.urlaubcornwall.de\/blog\/anastasia-ferienwohnung-mit-meerblick-fuer-2-personen-porthmeor-st-ives-cornwall\/","name":"Anastasia - Ferienwohnung St Ives mit Meerblick f\u00fcr 2 Personen, Porthmeor - Urlaub &amp; Reisen","isPartOf":{"@id":"https:\/\/www.urlaubcornwall.de\/blog\/#website"},"datePublished":"2014-01-04T12:55:41+00:00","dateModified":"2021-08-08T10:21:39+00:00","breadcrumb":{"@id":"https:\/\/www.urlaubcornwall.de\/blog\/anastasia-ferienwohnung-mit-meerblick-fuer-2-personen-porthmeor-st-ives-cornwall\/#breadcrumb"},"inLanguage":"en-US","potentialAction":[{"@type":"ReadAction","target":["https:\/\/www.urlaubcornwall.de\/blog\/anastasia-ferienwohnung-mit-meerblick-fuer-2-personen-porthmeor-st-ives-cornwall\/"]}]},{"@type":"BreadcrumbList","@id":"https:\/\/www.urlaubcornwall.de\/blog\/anastasia-ferienwohnung-mit-meerblick-fuer-2-personen-porthmeor-st-ives-cornwall\/#breadcrumb","itemListElement":[{"@type":"ListItem","position":1,"name":"Home","item":"https:\/\/www.urlaubcornwall.de\/blog\/"},{"@type":"ListItem","position":2,"name":"Anastasia &#8211; Ferienwohnung St Ives mit Meerblick f\u00fcr 2 Personen, Porthmeor"}]}]}},"_links":{"self":[{"href":"https:\/\/www.urlaubcornwall.de\/blog\/wp-json\/wp\/v2\/pages\/12146"}],"collection":[{"href":"https:\/\/www.urlaubcornwall.de\/blog\/wp-json\/wp\/v2\/pages"}],"about":[{"href":"https:\/\/www.urlaubcornwall.de\/blog\/wp-json\/wp\/v2\/types\/page"}],"author":[{"embeddable":true,"href":"https:\/\/www.urlaubcornwall.de\/blog\/wp-json\/wp\/v2\/users\/1"}],"replies":[{"embeddable":true,"href":"https:\/\/www.urlaubcornwall.de\/blog\/wp-json\/wp\/v2\/comments?post=12146"}],"version-history":[{"count":12,"href":"https:\/\/www.urlaubcornwall.de\/blog\/wp-json\/wp\/v2\/pages\/12146\/revisions"}],"predecessor-version":[{"id":42118,"href":"https:\/\/www.urlaubcornwall.de\/blog\/wp-json\/wp\/v2\/pages\/12146\/revisions\/42118"}],"wp:attachment":[{"href":"https:\/\/www.urlaubcornwall.de\/blog\/wp-json\/wp\/v2\/media?parent=12146"}],"curies":[{"name":"wp","href":"https:\/\/api.w.org\/{rel}","templated":true}]}}