{"id":12144,"date":"2014-01-04T12:57:20","date_gmt":"2014-01-04T12:57:20","guid":{"rendered":"https:\/\/www.urlaubcornwall.de\/blog\/?page_id=12144"},"modified":"2017-12-16T10:21:57","modified_gmt":"2017-12-16T10:21:57","slug":"3-primrose-court-ferienwohnung-porthminster-beach-st-ives","status":"publish","type":"page","link":"https:\/\/www.urlaubcornwall.de\/blog\/3-primrose-court-ferienwohnung-porthminster-beach-st-ives\/","title":{"rendered":"Ferienwohnung in St Ives Porthminster Beach &#8211; 3 Primrose Court"},"content":{"rendered":"<p><strong>Ferienwohnung mit Meerblick St Ives,West-Cornwall | 2 Schlafzimmer | Schlafplatz f\u00fcr 4<\/strong><\/p>\n<p>Hervorragend gelegen mit Blick \u00fcber den Porthminster Strand, einem Balkon, der sich \u00fcber die gesamte Front der Ferienwohnung erstreckt und Parkm\u00f6glichkeit, bietet diese Unterkunft alles, wonach eine kleine Familie oder ein Paar w\u00e4hrend des Aufenthalts in St Ives verlangen.<\/p>\n<p>Sie erreichen das Appartement \u00fcber zwei Treppen, die des Aufstiegs jedoch wert sind, wenn Sie erst einmal eintreten und sehen, wie die erh\u00f6hte Lage von Primrose Court einen herrlichen Blick hin\u00fcber zum Hafen St Ives bietet. Porthminster Strand und sein bekanntes Cafe befinden sich nur einen kleinen Spaziergang h\u00fcgelabw\u00e4rts, wo Sie sich gut und gerne den ganzen Tag lang aufhalten k\u00f6nnen, um dann zur\u00fcck zu kommen, um den Sonnenuntergang von Ihrem Balkon aus zu beobachten.<\/p>\n<p>Das Wohnzimmer verf\u00fcgt \u00fcber ein Dreisitzersofa und Sessel, Kaffeetisch, TV, DVD, Esstisch mit vier St\u00fchlen und hervorragenden Meeresblick.<\/p>\n<p>Im\u00a0 ersten Schlafzimmer finden Sie ein Doppelbett, Einbauschrank, Ankleidetisch, B\u00fccherregal und eine T\u00fcr, die auf die Balkonterrasse f\u00fchrt.<\/p>\n<p>Das zweite Schlafzimmer hat zwei Einzelbetten, Kleiderschrank, Schubladenkommode, einen bodentiefen Spiegel, Nachttisch mit Lampe, einen Stuhl.<\/p>\n<p>Das Familienbadezimmer erwartet Sie mit Dusche \u00fcber der Badewanne, Waschbecken, WC und beheiztem Handtuchhalter.<\/p>\n<p><strong>Klicken Sie auf <a href=\"http:\/\/www.urlaubcornwall.de\/ferienhaeuser-fewos\/st-ives-umgebung.html\">\u201eDetails ansehen\u201c<\/a> f\u00fcr weitere Informationen in englischer Sprache und buchen Sie onlines.<\/strong><\/p>\n<p>\u2022 Voll ausgestattete K\u00fcche,<br \/>\n\u2022 Bettw\u00e4sche und Handt\u00fccher inbegriffen,<br \/>\n\u2022 Brennstoff und Strom inbegriffen,<br \/>\n\u2022 Parkplatz f\u00fcr 1 Auto,<br \/>\n\u2022 WLAN<\/p>\n<p><strong>282 Ferienh\u00e4user und Ferienwohnungen in St Ives und Umgebung: <\/strong>Um Classic Cottages einzigartige Kollektion nach Ihrem idealen Ferienhaus zu durchsuchen. <a href=\"http:\/\/www.urlaubcornwall.de\/ferienhaeuser-fewos\/st-ives-umgebung.html\"><span style=\"text-decoration: underline;\"><strong>Klicken Sie hier<\/strong><\/span><\/a><\/p>\n<p style=\"text-align: right;\">\n<\/p>","protected":false},"excerpt":{"rendered":"<p>Ferienwohnung mit Meerblick St Ives,West-Cornwall | 2 Schlafzimmer | Schlafplatz f\u00fcr 4 Hervorragend gelegen mit Blick \u00fcber den Porthminster Strand, einem Balkon, der sich \u00fcber die gesamte Front der Ferienwohnung erstreckt und Parkm\u00f6glichkeit, bietet diese Unterkunft alles, wonach eine kleine Familie oder ein Paar w\u00e4hrend des Aufenthalts in St Ives verlangen. Sie erreichen das Appartement [&hellip;]<\/p>\n","protected":false},"author":1,"featured_media":0,"parent":0,"menu_order":0,"comment_status":"closed","ping_status":"closed","template":"single-two.php","meta":[],"acf":[],"yoast_head":"<!-- This site is optimized with the Yoast SEO plugin v19.4 - https:\/\/yoast.com\/wordpress\/plugins\/seo\/ -->\n<title>Ferienwohnung in St Ives Porthminster Beach - 3 Primrose Court - Urlaub &amp; Reisen<\/title>\n<meta name=\"robots\" content=\"index, follow, max-snippet:-1, max-image-preview:large, max-video-preview:-1\" \/>\n<link rel=\"canonical\" href=\"https:\/\/www.urlaubcornwall.de\/blog\/3-primrose-court-ferienwohnung-porthminster-beach-st-ives\/\" \/>\n<meta property=\"og:locale\" content=\"en_US\" \/>\n<meta property=\"og:type\" content=\"article\" \/>\n<meta property=\"og:title\" content=\"Ferienwohnung in St Ives Porthminster Beach - 3 Primrose Court - Urlaub &amp; Reisen\" \/>\n<meta property=\"og:description\" content=\"Ferienwohnung mit Meerblick St Ives,West-Cornwall | 2 Schlafzimmer | Schlafplatz f\u00fcr 4 Hervorragend gelegen mit Blick \u00fcber den Porthminster Strand, einem Balkon, der sich \u00fcber die gesamte Front der Ferienwohnung erstreckt und Parkm\u00f6glichkeit, bietet diese Unterkunft alles, wonach eine kleine Familie oder ein Paar w\u00e4hrend des Aufenthalts in St Ives verlangen. Sie erreichen das Appartement [&hellip;]\" \/>\n<meta property=\"og:url\" content=\"https:\/\/www.urlaubcornwall.de\/blog\/3-primrose-court-ferienwohnung-porthminster-beach-st-ives\/\" \/>\n<meta property=\"og:site_name\" content=\"Urlaub &amp; Reisen\" \/>\n<meta property=\"article:modified_time\" content=\"2017-12-16T10:21:57+00:00\" \/>\n<meta name=\"twitter:card\" content=\"summary\" \/>\n<meta name=\"twitter:label1\" content=\"Est. reading time\" \/>\n\t<meta name=\"twitter:data1\" content=\"1 minute\" \/>\n<script type=\"application\/ld+json\" class=\"yoast-schema-graph\">{\"@context\":\"https:\/\/schema.org\",\"@graph\":[{\"@type\":\"WebSite\",\"@id\":\"https:\/\/www.urlaubcornwall.de\/blog\/#website\",\"url\":\"https:\/\/www.urlaubcornwall.de\/blog\/\",\"name\":\"Urlaub &amp; Reisen\",\"description\":\"Urlaub, Reisen, Cornwall und S\u00fcdengland: eine perfekte Kombination\",\"potentialAction\":[{\"@type\":\"SearchAction\",\"target\":{\"@type\":\"EntryPoint\",\"urlTemplate\":\"https:\/\/www.urlaubcornwall.de\/blog\/?s={search_term_string}\"},\"query-input\":\"required name=search_term_string\"}],\"inLanguage\":\"en-US\"},{\"@type\":\"WebPage\",\"@id\":\"https:\/\/www.urlaubcornwall.de\/blog\/3-primrose-court-ferienwohnung-porthminster-beach-st-ives\/\",\"url\":\"https:\/\/www.urlaubcornwall.de\/blog\/3-primrose-court-ferienwohnung-porthminster-beach-st-ives\/\",\"name\":\"Ferienwohnung in St Ives Porthminster Beach - 3 Primrose Court - Urlaub &amp; Reisen\",\"isPartOf\":{\"@id\":\"https:\/\/www.urlaubcornwall.de\/blog\/#website\"},\"datePublished\":\"2014-01-04T12:57:20+00:00\",\"dateModified\":\"2017-12-16T10:21:57+00:00\",\"breadcrumb\":{\"@id\":\"https:\/\/www.urlaubcornwall.de\/blog\/3-primrose-court-ferienwohnung-porthminster-beach-st-ives\/#breadcrumb\"},\"inLanguage\":\"en-US\",\"potentialAction\":[{\"@type\":\"ReadAction\",\"target\":[\"https:\/\/www.urlaubcornwall.de\/blog\/3-primrose-court-ferienwohnung-porthminster-beach-st-ives\/\"]}]},{\"@type\":\"BreadcrumbList\",\"@id\":\"https:\/\/www.urlaubcornwall.de\/blog\/3-primrose-court-ferienwohnung-porthminster-beach-st-ives\/#breadcrumb\",\"itemListElement\":[{\"@type\":\"ListItem\",\"position\":1,\"name\":\"Home\",\"item\":\"https:\/\/www.urlaubcornwall.de\/blog\/\"},{\"@type\":\"ListItem\",\"position\":2,\"name\":\"Ferienwohnung in St Ives Porthminster Beach &#8211; 3 Primrose Court\"}]}]}<\/script>\n<!-- \/ Yoast SEO plugin. -->","yoast_head_json":{"title":"Ferienwohnung in St Ives Porthminster Beach - 3 Primrose Court - Urlaub &amp; Reisen","robots":{"index":"index","follow":"follow","max-snippet":"max-snippet:-1","max-image-preview":"max-image-preview:large","max-video-preview":"max-video-preview:-1"},"canonical":"https:\/\/www.urlaubcornwall.de\/blog\/3-primrose-court-ferienwohnung-porthminster-beach-st-ives\/","og_locale":"en_US","og_type":"article","og_title":"Ferienwohnung in St Ives Porthminster Beach - 3 Primrose Court - Urlaub &amp; Reisen","og_description":"Ferienwohnung mit Meerblick St Ives,West-Cornwall | 2 Schlafzimmer | Schlafplatz f\u00fcr 4 Hervorragend gelegen mit Blick \u00fcber den Porthminster Strand, einem Balkon, der sich \u00fcber die gesamte Front der Ferienwohnung erstreckt und Parkm\u00f6glichkeit, bietet diese Unterkunft alles, wonach eine kleine Familie oder ein Paar w\u00e4hrend des Aufenthalts in St Ives verlangen. Sie erreichen das Appartement [&hellip;]","og_url":"https:\/\/www.urlaubcornwall.de\/blog\/3-primrose-court-ferienwohnung-porthminster-beach-st-ives\/","og_site_name":"Urlaub &amp; Reisen","article_modified_time":"2017-12-16T10:21:57+00:00","twitter_card":"summary","twitter_misc":{"Est. reading time":"1 minute"},"schema":{"@context":"https:\/\/schema.org","@graph":[{"@type":"WebSite","@id":"https:\/\/www.urlaubcornwall.de\/blog\/#website","url":"https:\/\/www.urlaubcornwall.de\/blog\/","name":"Urlaub &amp; Reisen","description":"Urlaub, Reisen, Cornwall und S\u00fcdengland: eine perfekte Kombination","potentialAction":[{"@type":"SearchAction","target":{"@type":"EntryPoint","urlTemplate":"https:\/\/www.urlaubcornwall.de\/blog\/?s={search_term_string}"},"query-input":"required name=search_term_string"}],"inLanguage":"en-US"},{"@type":"WebPage","@id":"https:\/\/www.urlaubcornwall.de\/blog\/3-primrose-court-ferienwohnung-porthminster-beach-st-ives\/","url":"https:\/\/www.urlaubcornwall.de\/blog\/3-primrose-court-ferienwohnung-porthminster-beach-st-ives\/","name":"Ferienwohnung in St Ives Porthminster Beach - 3 Primrose Court - Urlaub &amp; Reisen","isPartOf":{"@id":"https:\/\/www.urlaubcornwall.de\/blog\/#website"},"datePublished":"2014-01-04T12:57:20+00:00","dateModified":"2017-12-16T10:21:57+00:00","breadcrumb":{"@id":"https:\/\/www.urlaubcornwall.de\/blog\/3-primrose-court-ferienwohnung-porthminster-beach-st-ives\/#breadcrumb"},"inLanguage":"en-US","potentialAction":[{"@type":"ReadAction","target":["https:\/\/www.urlaubcornwall.de\/blog\/3-primrose-court-ferienwohnung-porthminster-beach-st-ives\/"]}]},{"@type":"BreadcrumbList","@id":"https:\/\/www.urlaubcornwall.de\/blog\/3-primrose-court-ferienwohnung-porthminster-beach-st-ives\/#breadcrumb","itemListElement":[{"@type":"ListItem","position":1,"name":"Home","item":"https:\/\/www.urlaubcornwall.de\/blog\/"},{"@type":"ListItem","position":2,"name":"Ferienwohnung in St Ives Porthminster Beach &#8211; 3 Primrose Court"}]}]}},"_links":{"self":[{"href":"https:\/\/www.urlaubcornwall.de\/blog\/wp-json\/wp\/v2\/pages\/12144"}],"collection":[{"href":"https:\/\/www.urlaubcornwall.de\/blog\/wp-json\/wp\/v2\/pages"}],"about":[{"href":"https:\/\/www.urlaubcornwall.de\/blog\/wp-json\/wp\/v2\/types\/page"}],"author":[{"embeddable":true,"href":"https:\/\/www.urlaubcornwall.de\/blog\/wp-json\/wp\/v2\/users\/1"}],"replies":[{"embeddable":true,"href":"https:\/\/www.urlaubcornwall.de\/blog\/wp-json\/wp\/v2\/comments?post=12144"}],"version-history":[{"count":6,"href":"https:\/\/www.urlaubcornwall.de\/blog\/wp-json\/wp\/v2\/pages\/12144\/revisions"}],"predecessor-version":[{"id":31117,"href":"https:\/\/www.urlaubcornwall.de\/blog\/wp-json\/wp\/v2\/pages\/12144\/revisions\/31117"}],"wp:attachment":[{"href":"https:\/\/www.urlaubcornwall.de\/blog\/wp-json\/wp\/v2\/media?parent=12144"}],"curies":[{"name":"wp","href":"https:\/\/api.w.org\/{rel}","templated":true}]}}