{"id":12137,"date":"2014-01-04T13:01:44","date_gmt":"2014-01-04T13:01:44","guid":{"rendered":"https:\/\/www.urlaubcornwall.de\/blog\/?page_id=12137"},"modified":"2021-08-31T13:11:56","modified_gmt":"2021-08-31T13:11:56","slug":"heather-cottage-ferienhaus-st-ives-cornwall","status":"publish","type":"page","link":"https:\/\/www.urlaubcornwall.de\/blog\/heather-cottage-ferienhaus-st-ives-cornwall\/","title":{"rendered":"Heather Cottage &#8211; Ferienhaus am Meer St Ives Cornwall"},"content":{"rendered":"<p><strong>Ferienhaus 5.8 Kilometer S von St Ives, West-Cornwall | 4 Schlafzimmer | Schlafplatz f\u00fcr 8 + Kinderbett| leider keine Haustiere erlaubt |\u00a0<b>Preisspanne<\/b> P\u00a0(\u00a3534\u00a0&#8211;\u00a0\u00a31461)<\/strong><\/p>\n<p>Heather Cottage ist ein eklektisches, freistehendes Ferienhaus auf Privatgrund, an dem vorbei ein flacher Ableger des Red River flie\u00dft (bitte achten Sie auf Ihre Kinder). Es gibt gen\u00fcgend Platz zum Toben f\u00fcr die Kinder und, da v\u00f6llig abgelegen, auch gen\u00fcgend Ruhe und Frieden f\u00fcr all diejenigen, die sich nach Erholung sehnen. Eine kurze Autofahrt \u00fcber Land f\u00fchrt Sie nach Marazion und zum St Michael\u2019s Mount in der einen Richtung und St Ives in der anderen.<\/p>\n<p style=\"text-align: center;\"><a class=\"tidycta\" href=\"https:\/\/www.urlaubcornwall.de\/ferienhaeuser-fewos\/st-ives.html\"><\/a>Suche Ferienh\u00e4user St Ives<\/p>\n<p>Sie betreten die Unterkunft\u00a0 durch den einladenden K\u00fcchen-\/Essbereich, welcher mit einem gro\u00dfen Bauerntisch aufwartet. Das Wohnzimmer wird mit einem Holzofen beheizt und verf\u00fcgt \u00fcber einen kleinen Pool-Tisch, an dem sie stundenlang Spa\u00df haben k\u00f6nnen. Auf derselben Ebene befindet sich der Arbeitsraum mit Internetzugang. Eine Treppe f\u00fchrt hinauf zum ersten Stock mit vier Schlafzimmern, einschlie\u00dflich einem mit \u00fcbergro\u00dfem Bett und<i> en suite, <\/i>einem Familienraum mit zwei Betten, die verbunden werden k\u00f6nnen und einem Einzelbett, einem Familienbadezimmer und dem vierten Schlafzimmer mit Dachschr\u00e4ge und einem Einzelbett, wie auch dem Kleinkinderbett. Heather Cottage ist der perfekte R\u00fcckzugsort am Flusse gelegen.<\/p>\n<p style=\"text-align: center;\"><a class=\"tidycta\" href=\"https:\/\/www.urlaubcornwall.de\/ferienhaeuser-fewos\/st-ives.html\"><\/a>Suche Ferienh\u00e4user St Ives<\/p>\n","protected":false},"excerpt":{"rendered":"<p>Ferienhaus 5.8 Kilometer S von St Ives, West-Cornwall | 4 Schlafzimmer | Schlafplatz f\u00fcr 8 + Kinderbett| leider keine Haustiere erlaubt |\u00a0Preisspanne P\u00a0(\u00a3534\u00a0&#8211;\u00a0\u00a31461) Heather Cottage ist ein eklektisches, freistehendes Ferienhaus auf Privatgrund, an dem vorbei ein flacher Ableger des Red River flie\u00dft (bitte achten Sie auf Ihre Kinder). Es gibt gen\u00fcgend Platz zum Toben f\u00fcr [&hellip;]<\/p>\n","protected":false},"author":1,"featured_media":0,"parent":0,"menu_order":0,"comment_status":"closed","ping_status":"closed","template":"single-two.php","meta":[],"acf":[],"yoast_head":"<!-- This site is optimized with the Yoast SEO plugin v19.4 - https:\/\/yoast.com\/wordpress\/plugins\/seo\/ -->\n<title>Heather Cottage - Ferienhaus am Meer St Ives Cornwall - Urlaub &amp; Reisen<\/title>\n<meta name=\"robots\" content=\"index, follow, max-snippet:-1, max-image-preview:large, max-video-preview:-1\" \/>\n<link rel=\"canonical\" href=\"https:\/\/www.urlaubcornwall.de\/blog\/heather-cottage-ferienhaus-st-ives-cornwall\/\" \/>\n<meta property=\"og:locale\" content=\"en_US\" \/>\n<meta property=\"og:type\" content=\"article\" \/>\n<meta property=\"og:title\" content=\"Heather Cottage - Ferienhaus am Meer St Ives Cornwall - Urlaub &amp; Reisen\" \/>\n<meta property=\"og:description\" content=\"Ferienhaus 5.8 Kilometer S von St Ives, West-Cornwall | 4 Schlafzimmer | Schlafplatz f\u00fcr 8 + Kinderbett| leider keine Haustiere erlaubt |\u00a0Preisspanne P\u00a0(\u00a3534\u00a0&#8211;\u00a0\u00a31461) Heather Cottage ist ein eklektisches, freistehendes Ferienhaus auf Privatgrund, an dem vorbei ein flacher Ableger des Red River flie\u00dft (bitte achten Sie auf Ihre Kinder). Es gibt gen\u00fcgend Platz zum Toben f\u00fcr [&hellip;]\" \/>\n<meta property=\"og:url\" content=\"https:\/\/www.urlaubcornwall.de\/blog\/heather-cottage-ferienhaus-st-ives-cornwall\/\" \/>\n<meta property=\"og:site_name\" content=\"Urlaub &amp; Reisen\" \/>\n<meta property=\"article:modified_time\" content=\"2021-08-31T13:11:56+00:00\" \/>\n<meta name=\"twitter:card\" content=\"summary\" \/>\n<meta name=\"twitter:label1\" content=\"Est. reading time\" \/>\n\t<meta name=\"twitter:data1\" content=\"1 minute\" \/>\n<script type=\"application\/ld+json\" class=\"yoast-schema-graph\">{\"@context\":\"https:\/\/schema.org\",\"@graph\":[{\"@type\":\"WebSite\",\"@id\":\"https:\/\/www.urlaubcornwall.de\/blog\/#website\",\"url\":\"https:\/\/www.urlaubcornwall.de\/blog\/\",\"name\":\"Urlaub &amp; Reisen\",\"description\":\"Urlaub, Reisen, Cornwall und S\u00fcdengland: eine perfekte Kombination\",\"potentialAction\":[{\"@type\":\"SearchAction\",\"target\":{\"@type\":\"EntryPoint\",\"urlTemplate\":\"https:\/\/www.urlaubcornwall.de\/blog\/?s={search_term_string}\"},\"query-input\":\"required name=search_term_string\"}],\"inLanguage\":\"en-US\"},{\"@type\":\"WebPage\",\"@id\":\"https:\/\/www.urlaubcornwall.de\/blog\/heather-cottage-ferienhaus-st-ives-cornwall\/\",\"url\":\"https:\/\/www.urlaubcornwall.de\/blog\/heather-cottage-ferienhaus-st-ives-cornwall\/\",\"name\":\"Heather Cottage - Ferienhaus am Meer St Ives Cornwall - Urlaub &amp; Reisen\",\"isPartOf\":{\"@id\":\"https:\/\/www.urlaubcornwall.de\/blog\/#website\"},\"datePublished\":\"2014-01-04T13:01:44+00:00\",\"dateModified\":\"2021-08-31T13:11:56+00:00\",\"breadcrumb\":{\"@id\":\"https:\/\/www.urlaubcornwall.de\/blog\/heather-cottage-ferienhaus-st-ives-cornwall\/#breadcrumb\"},\"inLanguage\":\"en-US\",\"potentialAction\":[{\"@type\":\"ReadAction\",\"target\":[\"https:\/\/www.urlaubcornwall.de\/blog\/heather-cottage-ferienhaus-st-ives-cornwall\/\"]}]},{\"@type\":\"BreadcrumbList\",\"@id\":\"https:\/\/www.urlaubcornwall.de\/blog\/heather-cottage-ferienhaus-st-ives-cornwall\/#breadcrumb\",\"itemListElement\":[{\"@type\":\"ListItem\",\"position\":1,\"name\":\"Home\",\"item\":\"https:\/\/www.urlaubcornwall.de\/blog\/\"},{\"@type\":\"ListItem\",\"position\":2,\"name\":\"Heather Cottage &#8211; Ferienhaus am Meer St Ives Cornwall\"}]}]}<\/script>\n<!-- \/ Yoast SEO plugin. -->","yoast_head_json":{"title":"Heather Cottage - Ferienhaus am Meer St Ives Cornwall - Urlaub &amp; Reisen","robots":{"index":"index","follow":"follow","max-snippet":"max-snippet:-1","max-image-preview":"max-image-preview:large","max-video-preview":"max-video-preview:-1"},"canonical":"https:\/\/www.urlaubcornwall.de\/blog\/heather-cottage-ferienhaus-st-ives-cornwall\/","og_locale":"en_US","og_type":"article","og_title":"Heather Cottage - Ferienhaus am Meer St Ives Cornwall - Urlaub &amp; Reisen","og_description":"Ferienhaus 5.8 Kilometer S von St Ives, West-Cornwall | 4 Schlafzimmer | Schlafplatz f\u00fcr 8 + Kinderbett| leider keine Haustiere erlaubt |\u00a0Preisspanne P\u00a0(\u00a3534\u00a0&#8211;\u00a0\u00a31461) Heather Cottage ist ein eklektisches, freistehendes Ferienhaus auf Privatgrund, an dem vorbei ein flacher Ableger des Red River flie\u00dft (bitte achten Sie auf Ihre Kinder). Es gibt gen\u00fcgend Platz zum Toben f\u00fcr [&hellip;]","og_url":"https:\/\/www.urlaubcornwall.de\/blog\/heather-cottage-ferienhaus-st-ives-cornwall\/","og_site_name":"Urlaub &amp; Reisen","article_modified_time":"2021-08-31T13:11:56+00:00","twitter_card":"summary","twitter_misc":{"Est. reading time":"1 minute"},"schema":{"@context":"https:\/\/schema.org","@graph":[{"@type":"WebSite","@id":"https:\/\/www.urlaubcornwall.de\/blog\/#website","url":"https:\/\/www.urlaubcornwall.de\/blog\/","name":"Urlaub &amp; Reisen","description":"Urlaub, Reisen, Cornwall und S\u00fcdengland: eine perfekte Kombination","potentialAction":[{"@type":"SearchAction","target":{"@type":"EntryPoint","urlTemplate":"https:\/\/www.urlaubcornwall.de\/blog\/?s={search_term_string}"},"query-input":"required name=search_term_string"}],"inLanguage":"en-US"},{"@type":"WebPage","@id":"https:\/\/www.urlaubcornwall.de\/blog\/heather-cottage-ferienhaus-st-ives-cornwall\/","url":"https:\/\/www.urlaubcornwall.de\/blog\/heather-cottage-ferienhaus-st-ives-cornwall\/","name":"Heather Cottage - Ferienhaus am Meer St Ives Cornwall - Urlaub &amp; Reisen","isPartOf":{"@id":"https:\/\/www.urlaubcornwall.de\/blog\/#website"},"datePublished":"2014-01-04T13:01:44+00:00","dateModified":"2021-08-31T13:11:56+00:00","breadcrumb":{"@id":"https:\/\/www.urlaubcornwall.de\/blog\/heather-cottage-ferienhaus-st-ives-cornwall\/#breadcrumb"},"inLanguage":"en-US","potentialAction":[{"@type":"ReadAction","target":["https:\/\/www.urlaubcornwall.de\/blog\/heather-cottage-ferienhaus-st-ives-cornwall\/"]}]},{"@type":"BreadcrumbList","@id":"https:\/\/www.urlaubcornwall.de\/blog\/heather-cottage-ferienhaus-st-ives-cornwall\/#breadcrumb","itemListElement":[{"@type":"ListItem","position":1,"name":"Home","item":"https:\/\/www.urlaubcornwall.de\/blog\/"},{"@type":"ListItem","position":2,"name":"Heather Cottage &#8211; Ferienhaus am Meer St Ives Cornwall"}]}]}},"_links":{"self":[{"href":"https:\/\/www.urlaubcornwall.de\/blog\/wp-json\/wp\/v2\/pages\/12137"}],"collection":[{"href":"https:\/\/www.urlaubcornwall.de\/blog\/wp-json\/wp\/v2\/pages"}],"about":[{"href":"https:\/\/www.urlaubcornwall.de\/blog\/wp-json\/wp\/v2\/types\/page"}],"author":[{"embeddable":true,"href":"https:\/\/www.urlaubcornwall.de\/blog\/wp-json\/wp\/v2\/users\/1"}],"replies":[{"embeddable":true,"href":"https:\/\/www.urlaubcornwall.de\/blog\/wp-json\/wp\/v2\/comments?post=12137"}],"version-history":[{"count":10,"href":"https:\/\/www.urlaubcornwall.de\/blog\/wp-json\/wp\/v2\/pages\/12137\/revisions"}],"predecessor-version":[{"id":42301,"href":"https:\/\/www.urlaubcornwall.de\/blog\/wp-json\/wp\/v2\/pages\/12137\/revisions\/42301"}],"wp:attachment":[{"href":"https:\/\/www.urlaubcornwall.de\/blog\/wp-json\/wp\/v2\/media?parent=12137"}],"curies":[{"name":"wp","href":"https:\/\/api.w.org\/{rel}","templated":true}]}}