{"id":12135,"date":"2014-01-04T13:05:35","date_gmt":"2014-01-04T13:05:35","guid":{"rendered":"https:\/\/www.urlaubcornwall.de\/blog\/?page_id=12135"},"modified":"2014-11-16T15:36:40","modified_gmt":"2014-11-16T15:36:40","slug":"merlin-ferienhaus-mousehole-west-cornwall","status":"publish","type":"page","link":"https:\/\/www.urlaubcornwall.de\/blog\/merlin-ferienhaus-mousehole-west-cornwall\/","title":{"rendered":"Ferienhaus Mousehole : Merlin Cottage, West-Cornwall"},"content":{"rendered":"<p><strong>Ferienhaus mit Meerblick Mousehole, West-Cornwall | 3 Schlafzimmer |Schlafplatz f\u00fcr 6 + Kinderbett| leider keine Haustiere erlaubt<\/strong><b> |\u00a0<\/b><b>Preisspanne<\/b> O\u00a0(\u00a3513\u00a0&#8211;\u00a0\u00a31395)<\/p>\n<p>Mousehole ist das perfekte Feriendomizil; dieses malerische Fischerdorf hat unter anderem ausgezeichnete Restaurants, hervorragende Kunstgallerien und wunderbaren Sand zum Sandburgen Bauen! Merlin House liegt im s\u00fcdlichen Teil des Dorfes in der N\u00e4he des Hafens. Diese zeitgen\u00f6ssische Doppelhaush\u00e4lfte verf\u00fcgt \u00fcber Meeresblick und einen gro\u00dfen, umgrenzten Vorhof mit Kieseln, sowie einer Terrasse, von der aus Sie den Blick \u00fcber Mount\u2019s Bay bis hin zum Lizard Point regelrecht aufsaugen k\u00f6nnen.<\/p>\n<p>Merlin House bietet Ihnen alle Annehmlichkeiten, die Sie f\u00fcr einen unvergesslichen Familien-Ferienaufenthalt brauchen \u2013 Meeresblick, bequeme Betten und Ruhe und Frieden. Der K\u00fcchen-\/Essbereich l\u00e4dt zum Familienmahl ein am Ende eines ereignisreichen Tages, an dem Sie diese bezaubernde Gegend Cornwalls erkundet haben. Machen Sie es sich gem\u00fctlich im Wohnzimmer und schauen Sie durch die kleinen Fenster auf der s\u00fcdlich gelegenen Hausseite. Nach einem Strandtag oder einem Spaziergang entlang\u00a0 der herrlichen Klippenpfade, die von hier aus nach Lamorna Cove oder Penzance und Newlyn im Osten f\u00fchren, werden Sie gerne zur\u00fcckkehren, um ein Whirlpool Bad einzunehmen.<\/p>\n<p><b>Einrichtungen<\/b><\/p>\n<ul>\n<li>Parkplatz f\u00fcr 3 Autos<\/li>\n<li>Brennstoff und Strom inbegriffen<\/li>\n<li>Internetzugang<\/li>\n<li>Bettw\u00e4sche und Handt\u00fccher inbegriffen<\/li>\n<li>Gartenm\u00f6bel<\/li>\n<li>Laden 500 m<\/li>\n<li>Pub 300 m<\/li>\n<li>M\u00fcnztelefon 300 m<\/li>\n<li>Golfplatz 14 km<\/li>\n<li>Rauchen verboten<\/li>\n<li>Keine Hunde erlaubt<\/li>\n<li>Ankunftstag Sonntag<\/li>\n<\/ul>\n<p><a href=\"http:\/\/www.urlaubcornwall.de\/ferienhaeuser-fewos\/mousehole.html\"><span style=\"text-decoration: underline;\"><strong>80 Ferienh\u00e4user und Ferienwohnungen in Mousehole<\/strong><\/span><strong> &gt;&gt;<\/strong><\/a><\/p>\n<p><strong>Um Classic Cottages einzigartige Kollektion nach Ihrem idealen Ferienhaus zu durchsuchen.<\/strong><br \/>\n<a href=\"http:\/\/www.urlaubcornwall.de\/ferienhaeuser-fewos.php\"><span style=\"text-decoration: underline;\"><strong> Klicken Sie hier &gt;&gt;<\/strong><\/span><\/a><\/p>\n\n<p style=\"text-align: right;\"><a href=\"https:\/\/plus.google.com\/103486003688192803777\/about?rel=author\">Niall MacDougall Google+<\/a><\/p>\n","protected":false},"excerpt":{"rendered":"<p>Ferienhaus mit Meerblick Mousehole, West-Cornwall | 3 Schlafzimmer |Schlafplatz f\u00fcr 6 + Kinderbett| leider keine Haustiere erlaubt |\u00a0Preisspanne O\u00a0(\u00a3513\u00a0&#8211;\u00a0\u00a31395) Mousehole ist das perfekte Feriendomizil; dieses malerische Fischerdorf hat unter anderem ausgezeichnete Restaurants, hervorragende Kunstgallerien und wunderbaren Sand zum Sandburgen Bauen! Merlin House liegt im s\u00fcdlichen Teil des Dorfes in der N\u00e4he des Hafens. Diese zeitgen\u00f6ssische [&hellip;]<\/p>\n","protected":false},"author":1,"featured_media":0,"parent":0,"menu_order":0,"comment_status":"closed","ping_status":"closed","template":"single-two.php","meta":[],"acf":[],"yoast_head":"<!-- This site is optimized with the Yoast SEO plugin v19.4 - https:\/\/yoast.com\/wordpress\/plugins\/seo\/ -->\n<title>Ferienhaus Mousehole : Merlin Cottage, West-Cornwall - Urlaub &amp; Reisen<\/title>\n<meta name=\"robots\" content=\"index, follow, max-snippet:-1, max-image-preview:large, max-video-preview:-1\" \/>\n<link rel=\"canonical\" href=\"https:\/\/www.urlaubcornwall.de\/blog\/merlin-ferienhaus-mousehole-west-cornwall\/\" \/>\n<meta property=\"og:locale\" content=\"en_US\" \/>\n<meta property=\"og:type\" content=\"article\" \/>\n<meta property=\"og:title\" content=\"Ferienhaus Mousehole : Merlin Cottage, West-Cornwall - Urlaub &amp; Reisen\" \/>\n<meta property=\"og:description\" content=\"Ferienhaus mit Meerblick Mousehole, West-Cornwall | 3 Schlafzimmer |Schlafplatz f\u00fcr 6 + Kinderbett| leider keine Haustiere erlaubt |\u00a0Preisspanne O\u00a0(\u00a3513\u00a0&#8211;\u00a0\u00a31395) Mousehole ist das perfekte Feriendomizil; dieses malerische Fischerdorf hat unter anderem ausgezeichnete Restaurants, hervorragende Kunstgallerien und wunderbaren Sand zum Sandburgen Bauen! Merlin House liegt im s\u00fcdlichen Teil des Dorfes in der N\u00e4he des Hafens. Diese zeitgen\u00f6ssische [&hellip;]\" \/>\n<meta property=\"og:url\" content=\"https:\/\/www.urlaubcornwall.de\/blog\/merlin-ferienhaus-mousehole-west-cornwall\/\" \/>\n<meta property=\"og:site_name\" content=\"Urlaub &amp; Reisen\" \/>\n<meta property=\"article:modified_time\" content=\"2014-11-16T15:36:40+00:00\" \/>\n<meta name=\"twitter:card\" content=\"summary\" \/>\n<meta name=\"twitter:label1\" content=\"Est. reading time\" \/>\n\t<meta name=\"twitter:data1\" content=\"1 minute\" \/>\n<script type=\"application\/ld+json\" class=\"yoast-schema-graph\">{\"@context\":\"https:\/\/schema.org\",\"@graph\":[{\"@type\":\"WebSite\",\"@id\":\"https:\/\/www.urlaubcornwall.de\/blog\/#website\",\"url\":\"https:\/\/www.urlaubcornwall.de\/blog\/\",\"name\":\"Urlaub &amp; Reisen\",\"description\":\"Urlaub, Reisen, Cornwall und S\u00fcdengland: eine perfekte Kombination\",\"potentialAction\":[{\"@type\":\"SearchAction\",\"target\":{\"@type\":\"EntryPoint\",\"urlTemplate\":\"https:\/\/www.urlaubcornwall.de\/blog\/?s={search_term_string}\"},\"query-input\":\"required name=search_term_string\"}],\"inLanguage\":\"en-US\"},{\"@type\":\"WebPage\",\"@id\":\"https:\/\/www.urlaubcornwall.de\/blog\/merlin-ferienhaus-mousehole-west-cornwall\/\",\"url\":\"https:\/\/www.urlaubcornwall.de\/blog\/merlin-ferienhaus-mousehole-west-cornwall\/\",\"name\":\"Ferienhaus Mousehole : Merlin Cottage, West-Cornwall - Urlaub &amp; Reisen\",\"isPartOf\":{\"@id\":\"https:\/\/www.urlaubcornwall.de\/blog\/#website\"},\"datePublished\":\"2014-01-04T13:05:35+00:00\",\"dateModified\":\"2014-11-16T15:36:40+00:00\",\"breadcrumb\":{\"@id\":\"https:\/\/www.urlaubcornwall.de\/blog\/merlin-ferienhaus-mousehole-west-cornwall\/#breadcrumb\"},\"inLanguage\":\"en-US\",\"potentialAction\":[{\"@type\":\"ReadAction\",\"target\":[\"https:\/\/www.urlaubcornwall.de\/blog\/merlin-ferienhaus-mousehole-west-cornwall\/\"]}]},{\"@type\":\"BreadcrumbList\",\"@id\":\"https:\/\/www.urlaubcornwall.de\/blog\/merlin-ferienhaus-mousehole-west-cornwall\/#breadcrumb\",\"itemListElement\":[{\"@type\":\"ListItem\",\"position\":1,\"name\":\"Home\",\"item\":\"https:\/\/www.urlaubcornwall.de\/blog\/\"},{\"@type\":\"ListItem\",\"position\":2,\"name\":\"Ferienhaus Mousehole : Merlin Cottage, West-Cornwall\"}]}]}<\/script>\n<!-- \/ Yoast SEO plugin. -->","yoast_head_json":{"title":"Ferienhaus Mousehole : Merlin Cottage, West-Cornwall - Urlaub &amp; Reisen","robots":{"index":"index","follow":"follow","max-snippet":"max-snippet:-1","max-image-preview":"max-image-preview:large","max-video-preview":"max-video-preview:-1"},"canonical":"https:\/\/www.urlaubcornwall.de\/blog\/merlin-ferienhaus-mousehole-west-cornwall\/","og_locale":"en_US","og_type":"article","og_title":"Ferienhaus Mousehole : Merlin Cottage, West-Cornwall - Urlaub &amp; Reisen","og_description":"Ferienhaus mit Meerblick Mousehole, West-Cornwall | 3 Schlafzimmer |Schlafplatz f\u00fcr 6 + Kinderbett| leider keine Haustiere erlaubt |\u00a0Preisspanne O\u00a0(\u00a3513\u00a0&#8211;\u00a0\u00a31395) Mousehole ist das perfekte Feriendomizil; dieses malerische Fischerdorf hat unter anderem ausgezeichnete Restaurants, hervorragende Kunstgallerien und wunderbaren Sand zum Sandburgen Bauen! Merlin House liegt im s\u00fcdlichen Teil des Dorfes in der N\u00e4he des Hafens. Diese zeitgen\u00f6ssische [&hellip;]","og_url":"https:\/\/www.urlaubcornwall.de\/blog\/merlin-ferienhaus-mousehole-west-cornwall\/","og_site_name":"Urlaub &amp; Reisen","article_modified_time":"2014-11-16T15:36:40+00:00","twitter_card":"summary","twitter_misc":{"Est. reading time":"1 minute"},"schema":{"@context":"https:\/\/schema.org","@graph":[{"@type":"WebSite","@id":"https:\/\/www.urlaubcornwall.de\/blog\/#website","url":"https:\/\/www.urlaubcornwall.de\/blog\/","name":"Urlaub &amp; Reisen","description":"Urlaub, Reisen, Cornwall und S\u00fcdengland: eine perfekte Kombination","potentialAction":[{"@type":"SearchAction","target":{"@type":"EntryPoint","urlTemplate":"https:\/\/www.urlaubcornwall.de\/blog\/?s={search_term_string}"},"query-input":"required name=search_term_string"}],"inLanguage":"en-US"},{"@type":"WebPage","@id":"https:\/\/www.urlaubcornwall.de\/blog\/merlin-ferienhaus-mousehole-west-cornwall\/","url":"https:\/\/www.urlaubcornwall.de\/blog\/merlin-ferienhaus-mousehole-west-cornwall\/","name":"Ferienhaus Mousehole : Merlin Cottage, West-Cornwall - Urlaub &amp; Reisen","isPartOf":{"@id":"https:\/\/www.urlaubcornwall.de\/blog\/#website"},"datePublished":"2014-01-04T13:05:35+00:00","dateModified":"2014-11-16T15:36:40+00:00","breadcrumb":{"@id":"https:\/\/www.urlaubcornwall.de\/blog\/merlin-ferienhaus-mousehole-west-cornwall\/#breadcrumb"},"inLanguage":"en-US","potentialAction":[{"@type":"ReadAction","target":["https:\/\/www.urlaubcornwall.de\/blog\/merlin-ferienhaus-mousehole-west-cornwall\/"]}]},{"@type":"BreadcrumbList","@id":"https:\/\/www.urlaubcornwall.de\/blog\/merlin-ferienhaus-mousehole-west-cornwall\/#breadcrumb","itemListElement":[{"@type":"ListItem","position":1,"name":"Home","item":"https:\/\/www.urlaubcornwall.de\/blog\/"},{"@type":"ListItem","position":2,"name":"Ferienhaus Mousehole : Merlin Cottage, West-Cornwall"}]}]}},"_links":{"self":[{"href":"https:\/\/www.urlaubcornwall.de\/blog\/wp-json\/wp\/v2\/pages\/12135"}],"collection":[{"href":"https:\/\/www.urlaubcornwall.de\/blog\/wp-json\/wp\/v2\/pages"}],"about":[{"href":"https:\/\/www.urlaubcornwall.de\/blog\/wp-json\/wp\/v2\/types\/page"}],"author":[{"embeddable":true,"href":"https:\/\/www.urlaubcornwall.de\/blog\/wp-json\/wp\/v2\/users\/1"}],"replies":[{"embeddable":true,"href":"https:\/\/www.urlaubcornwall.de\/blog\/wp-json\/wp\/v2\/comments?post=12135"}],"version-history":[{"count":4,"href":"https:\/\/www.urlaubcornwall.de\/blog\/wp-json\/wp\/v2\/pages\/12135\/revisions"}],"predecessor-version":[{"id":17144,"href":"https:\/\/www.urlaubcornwall.de\/blog\/wp-json\/wp\/v2\/pages\/12135\/revisions\/17144"}],"wp:attachment":[{"href":"https:\/\/www.urlaubcornwall.de\/blog\/wp-json\/wp\/v2\/media?parent=12135"}],"curies":[{"name":"wp","href":"https:\/\/api.w.org\/{rel}","templated":true}]}}