{"id":12133,"date":"2014-01-04T13:04:09","date_gmt":"2014-01-04T13:04:09","guid":{"rendered":"https:\/\/www.urlaubcornwall.de\/blog\/?page_id=12133"},"modified":"2021-08-31T13:15:44","modified_gmt":"2021-08-31T13:15:44","slug":"lamorna-lee-ferienwohnung-in-der-naehe-mousehole-cornwall","status":"publish","type":"page","link":"https:\/\/www.urlaubcornwall.de\/blog\/lamorna-lee-ferienwohnung-in-der-naehe-mousehole-cornwall\/","title":{"rendered":"Ferienwohnung in der N\u00e4he Mousehole: Lamorna Lee, West Cornwall"},"content":{"rendered":"<p><strong>Ferienwohnung strandnah Lamorna Cove, West-Cornwall | 2 Schlafzimmer | Schlafplatz f\u00fcr 4 + Kinderbett| hundefreundlich |Preisspanne FF (\u00a3351 &#8211; \u00a3723)<\/strong><\/p>\n<p>Gem\u00fctliches Schlendern durch\u00a0 die <a href=\"https:\/\/www.urlaubcornwall.de\/ferienhaeuser-fewos\/lamorna-cove.html\">Lamorna Cove<\/a>, vielleicht ein kleiner Mittagshappen am Cafe, dann R\u00fcckkehr nach Lamorna Lee; das w\u00e4re die Besch\u00e4ftigung schlechthin in dieser Unterkunft in der N\u00e4he von Mousehole.<\/p>\n<p>Die gem\u00fctliche Unterkunft befindet sich ebenerdig mit h\u00fcbschem, privatem Freisitz, wo Sie in der friedvollen Ruhe dieses versteckt gelegenen Tales entspannen k\u00f6nnen, w\u00e4hrend Sie grillen oder den morgendlichen Kaffee einnehmen. Der offene Wohnbereich ist ausgestattet mit Flair und Kunst, die das Haus schm\u00fccken. Die ruhige \u00f6rtliche Kneipe befindet sich in wenigen Metern Entfernung, und die Bucht ist nur 200 Yards entfernt, bekannt zum Tauchen und Schnorcheln. W\u00e4hrend der Hochsaison k\u00f6nnen Sie auch Kajaks mieten.<\/p>\n<p>F\u00fcr einen Tagesausflug bieten sich die wundersch\u00f6nen Str\u00e4nde von Sennen und Porthcurno an, die nur eine kurze Autofahrt entfernt sind, wie auch Marazion und Penzance mit ihrer Vielfalt an Restaurants und Gallerien, die allesamt einen Besuch wert sind.<\/p>\n<p style=\"text-align: center;\"><a class=\"tidycta\" href=\"https:\/\/www.urlaubcornwall.de\/ferienhaeuser-fewos\/mousehole.html\"><\/a>Ferienh\u00e4user Mousehole<\/p>\n<p><strong>Einrichtungen<\/strong><\/p>\n<p>\u2022 Parkplatz f\u00fcr 1 Auto<br \/>\n\u2022 Brennstoff und Strom inbegriffen<br \/>\n\u2022 Internetzugang<br \/>\n\u2022 Bettw\u00e4sche und Handt\u00fccher inbegriffen<br \/>\n\u2022 Gartenm\u00f6bel<br \/>\n\u2022 Laden 6 km.<br \/>\n\u2022 Pub 100 m<br \/>\n\u2022 M\u00fcnztelefon 150m<br \/>\n\u2022 Golfplatz 10 km.<br \/>\n\u2022 Rauchen verboten<br \/>\n\u2022 hundefreundlich (1 Hund).<br \/>\n\u2022 Ankunftstag Freitag<\/p>\n<p style=\"text-align: center;\"><a class=\"tidycta\" href=\"https:\/\/www.urlaubcornwall.de\/ferienhaeuser-fewos\/mousehole.html\"><\/a>Ferienh\u00e4user Mousehole<\/p>\n","protected":false},"excerpt":{"rendered":"<p>Ferienwohnung strandnah Lamorna Cove, West-Cornwall | 2 Schlafzimmer | Schlafplatz f\u00fcr 4 + Kinderbett| hundefreundlich |Preisspanne FF (\u00a3351 &#8211; \u00a3723) Gem\u00fctliches Schlendern durch\u00a0 die Lamorna Cove, vielleicht ein kleiner Mittagshappen am Cafe, dann R\u00fcckkehr nach Lamorna Lee; das w\u00e4re die Besch\u00e4ftigung schlechthin in dieser Unterkunft in der N\u00e4he von Mousehole. Die gem\u00fctliche Unterkunft befindet sich [&hellip;]<\/p>\n","protected":false},"author":1,"featured_media":0,"parent":0,"menu_order":0,"comment_status":"closed","ping_status":"closed","template":"single-two.php","meta":[],"acf":[],"yoast_head":"<!-- This site is optimized with the Yoast SEO plugin v19.4 - https:\/\/yoast.com\/wordpress\/plugins\/seo\/ -->\n<title>Ferienwohnung in der N\u00e4he Mousehole: Lamorna Lee, West Cornwall - Urlaub &amp; Reisen<\/title>\n<meta name=\"robots\" content=\"index, follow, max-snippet:-1, max-image-preview:large, max-video-preview:-1\" \/>\n<link rel=\"canonical\" href=\"https:\/\/www.urlaubcornwall.de\/blog\/lamorna-lee-ferienwohnung-in-der-naehe-mousehole-cornwall\/\" \/>\n<meta property=\"og:locale\" content=\"en_US\" \/>\n<meta property=\"og:type\" content=\"article\" \/>\n<meta property=\"og:title\" content=\"Ferienwohnung in der N\u00e4he Mousehole: Lamorna Lee, West Cornwall - Urlaub &amp; Reisen\" \/>\n<meta property=\"og:description\" content=\"Ferienwohnung strandnah Lamorna Cove, West-Cornwall | 2 Schlafzimmer | Schlafplatz f\u00fcr 4 + Kinderbett| hundefreundlich |Preisspanne FF (\u00a3351 &#8211; \u00a3723) Gem\u00fctliches Schlendern durch\u00a0 die Lamorna Cove, vielleicht ein kleiner Mittagshappen am Cafe, dann R\u00fcckkehr nach Lamorna Lee; das w\u00e4re die Besch\u00e4ftigung schlechthin in dieser Unterkunft in der N\u00e4he von Mousehole. Die gem\u00fctliche Unterkunft befindet sich [&hellip;]\" \/>\n<meta property=\"og:url\" content=\"https:\/\/www.urlaubcornwall.de\/blog\/lamorna-lee-ferienwohnung-in-der-naehe-mousehole-cornwall\/\" \/>\n<meta property=\"og:site_name\" content=\"Urlaub &amp; Reisen\" \/>\n<meta property=\"article:modified_time\" content=\"2021-08-31T13:15:44+00:00\" \/>\n<meta name=\"twitter:card\" content=\"summary\" \/>\n<meta name=\"twitter:label1\" content=\"Est. reading time\" \/>\n\t<meta name=\"twitter:data1\" content=\"1 minute\" \/>\n<script type=\"application\/ld+json\" class=\"yoast-schema-graph\">{\"@context\":\"https:\/\/schema.org\",\"@graph\":[{\"@type\":\"WebSite\",\"@id\":\"https:\/\/www.urlaubcornwall.de\/blog\/#website\",\"url\":\"https:\/\/www.urlaubcornwall.de\/blog\/\",\"name\":\"Urlaub &amp; Reisen\",\"description\":\"Urlaub, Reisen, Cornwall und S\u00fcdengland: eine perfekte Kombination\",\"potentialAction\":[{\"@type\":\"SearchAction\",\"target\":{\"@type\":\"EntryPoint\",\"urlTemplate\":\"https:\/\/www.urlaubcornwall.de\/blog\/?s={search_term_string}\"},\"query-input\":\"required name=search_term_string\"}],\"inLanguage\":\"en-US\"},{\"@type\":\"WebPage\",\"@id\":\"https:\/\/www.urlaubcornwall.de\/blog\/lamorna-lee-ferienwohnung-in-der-naehe-mousehole-cornwall\/\",\"url\":\"https:\/\/www.urlaubcornwall.de\/blog\/lamorna-lee-ferienwohnung-in-der-naehe-mousehole-cornwall\/\",\"name\":\"Ferienwohnung in der N\u00e4he Mousehole: Lamorna Lee, West Cornwall - Urlaub &amp; Reisen\",\"isPartOf\":{\"@id\":\"https:\/\/www.urlaubcornwall.de\/blog\/#website\"},\"datePublished\":\"2014-01-04T13:04:09+00:00\",\"dateModified\":\"2021-08-31T13:15:44+00:00\",\"breadcrumb\":{\"@id\":\"https:\/\/www.urlaubcornwall.de\/blog\/lamorna-lee-ferienwohnung-in-der-naehe-mousehole-cornwall\/#breadcrumb\"},\"inLanguage\":\"en-US\",\"potentialAction\":[{\"@type\":\"ReadAction\",\"target\":[\"https:\/\/www.urlaubcornwall.de\/blog\/lamorna-lee-ferienwohnung-in-der-naehe-mousehole-cornwall\/\"]}]},{\"@type\":\"BreadcrumbList\",\"@id\":\"https:\/\/www.urlaubcornwall.de\/blog\/lamorna-lee-ferienwohnung-in-der-naehe-mousehole-cornwall\/#breadcrumb\",\"itemListElement\":[{\"@type\":\"ListItem\",\"position\":1,\"name\":\"Home\",\"item\":\"https:\/\/www.urlaubcornwall.de\/blog\/\"},{\"@type\":\"ListItem\",\"position\":2,\"name\":\"Ferienwohnung in der N\u00e4he Mousehole: Lamorna Lee, West Cornwall\"}]}]}<\/script>\n<!-- \/ Yoast SEO plugin. -->","yoast_head_json":{"title":"Ferienwohnung in der N\u00e4he Mousehole: Lamorna Lee, West Cornwall - Urlaub &amp; Reisen","robots":{"index":"index","follow":"follow","max-snippet":"max-snippet:-1","max-image-preview":"max-image-preview:large","max-video-preview":"max-video-preview:-1"},"canonical":"https:\/\/www.urlaubcornwall.de\/blog\/lamorna-lee-ferienwohnung-in-der-naehe-mousehole-cornwall\/","og_locale":"en_US","og_type":"article","og_title":"Ferienwohnung in der N\u00e4he Mousehole: Lamorna Lee, West Cornwall - Urlaub &amp; Reisen","og_description":"Ferienwohnung strandnah Lamorna Cove, West-Cornwall | 2 Schlafzimmer | Schlafplatz f\u00fcr 4 + Kinderbett| hundefreundlich |Preisspanne FF (\u00a3351 &#8211; \u00a3723) Gem\u00fctliches Schlendern durch\u00a0 die Lamorna Cove, vielleicht ein kleiner Mittagshappen am Cafe, dann R\u00fcckkehr nach Lamorna Lee; das w\u00e4re die Besch\u00e4ftigung schlechthin in dieser Unterkunft in der N\u00e4he von Mousehole. Die gem\u00fctliche Unterkunft befindet sich [&hellip;]","og_url":"https:\/\/www.urlaubcornwall.de\/blog\/lamorna-lee-ferienwohnung-in-der-naehe-mousehole-cornwall\/","og_site_name":"Urlaub &amp; Reisen","article_modified_time":"2021-08-31T13:15:44+00:00","twitter_card":"summary","twitter_misc":{"Est. reading time":"1 minute"},"schema":{"@context":"https:\/\/schema.org","@graph":[{"@type":"WebSite","@id":"https:\/\/www.urlaubcornwall.de\/blog\/#website","url":"https:\/\/www.urlaubcornwall.de\/blog\/","name":"Urlaub &amp; Reisen","description":"Urlaub, Reisen, Cornwall und S\u00fcdengland: eine perfekte Kombination","potentialAction":[{"@type":"SearchAction","target":{"@type":"EntryPoint","urlTemplate":"https:\/\/www.urlaubcornwall.de\/blog\/?s={search_term_string}"},"query-input":"required name=search_term_string"}],"inLanguage":"en-US"},{"@type":"WebPage","@id":"https:\/\/www.urlaubcornwall.de\/blog\/lamorna-lee-ferienwohnung-in-der-naehe-mousehole-cornwall\/","url":"https:\/\/www.urlaubcornwall.de\/blog\/lamorna-lee-ferienwohnung-in-der-naehe-mousehole-cornwall\/","name":"Ferienwohnung in der N\u00e4he Mousehole: Lamorna Lee, West Cornwall - Urlaub &amp; Reisen","isPartOf":{"@id":"https:\/\/www.urlaubcornwall.de\/blog\/#website"},"datePublished":"2014-01-04T13:04:09+00:00","dateModified":"2021-08-31T13:15:44+00:00","breadcrumb":{"@id":"https:\/\/www.urlaubcornwall.de\/blog\/lamorna-lee-ferienwohnung-in-der-naehe-mousehole-cornwall\/#breadcrumb"},"inLanguage":"en-US","potentialAction":[{"@type":"ReadAction","target":["https:\/\/www.urlaubcornwall.de\/blog\/lamorna-lee-ferienwohnung-in-der-naehe-mousehole-cornwall\/"]}]},{"@type":"BreadcrumbList","@id":"https:\/\/www.urlaubcornwall.de\/blog\/lamorna-lee-ferienwohnung-in-der-naehe-mousehole-cornwall\/#breadcrumb","itemListElement":[{"@type":"ListItem","position":1,"name":"Home","item":"https:\/\/www.urlaubcornwall.de\/blog\/"},{"@type":"ListItem","position":2,"name":"Ferienwohnung in der N\u00e4he Mousehole: Lamorna Lee, West Cornwall"}]}]}},"_links":{"self":[{"href":"https:\/\/www.urlaubcornwall.de\/blog\/wp-json\/wp\/v2\/pages\/12133"}],"collection":[{"href":"https:\/\/www.urlaubcornwall.de\/blog\/wp-json\/wp\/v2\/pages"}],"about":[{"href":"https:\/\/www.urlaubcornwall.de\/blog\/wp-json\/wp\/v2\/types\/page"}],"author":[{"embeddable":true,"href":"https:\/\/www.urlaubcornwall.de\/blog\/wp-json\/wp\/v2\/users\/1"}],"replies":[{"embeddable":true,"href":"https:\/\/www.urlaubcornwall.de\/blog\/wp-json\/wp\/v2\/comments?post=12133"}],"version-history":[{"count":11,"href":"https:\/\/www.urlaubcornwall.de\/blog\/wp-json\/wp\/v2\/pages\/12133\/revisions"}],"predecessor-version":[{"id":42306,"href":"https:\/\/www.urlaubcornwall.de\/blog\/wp-json\/wp\/v2\/pages\/12133\/revisions\/42306"}],"wp:attachment":[{"href":"https:\/\/www.urlaubcornwall.de\/blog\/wp-json\/wp\/v2\/media?parent=12133"}],"curies":[{"name":"wp","href":"https:\/\/api.w.org\/{rel}","templated":true}]}}