{"id":12131,"date":"2014-01-04T13:03:05","date_gmt":"2014-01-04T13:03:05","guid":{"rendered":"https:\/\/www.urlaubcornwall.de\/blog\/?page_id=12131"},"modified":"2021-08-31T13:13:36","modified_gmt":"2021-08-31T13:13:36","slug":"thimble-cottage-ferienhaus-mousehole-cornwall","status":"publish","type":"page","link":"https:\/\/www.urlaubcornwall.de\/blog\/thimble-cottage-ferienhaus-mousehole-cornwall\/","title":{"rendered":"Ferienhaus in Mousehole am Meer : Thimble Cottage, Cornwall"},"content":{"rendered":"<p><strong>Ferienhaus mit Meerblick Mousehole, West-Cornwall | 1 Schlafzimmer\u00a0 | Schlafplatz f\u00fcr 2 | leider keine Haustiere erlaubt |<\/strong><b> Preisspanne HH\/G\u00a0(\u00a3351\u00a0&#8211;\u00a0\u00a3831)<\/b><\/p>\n<p>Auf einem H\u00fcgel im Herzen des Hafendorfes Mousehole gelegen, ist Thimble Cottage eine phantastische Unterkunft. Diese wundersch\u00f6ne antike Doppelhaush\u00e4lfte beh\u00e4lt als Ferienhaus seinen Charme und Charakter, obwohl es auf h\u00f6chstem Standard renoviert wurde und besticht mit g\u00e4nzlich neutralem Dekor, sowie Meeresblick von jedem Raum aus. Die elegante, zeitgen\u00f6ssische K\u00fcche hat Granitarbeitsfl\u00e4chen, integrierte Ger\u00e4te und einen traditionellen Schieferboden. Der gem\u00fctliche Wohn-\/Essbereich verf\u00fcgt \u00fcber eine moderne Einrichtung und den Komfort eines Holzofens, eingebaut in eine Granit-Feuerstelle.<\/p>\n<p style=\"text-align: center;\"><a class=\"tidycta\" href=\"https:\/\/www.urlaubcornwall.de\/ferienhaeuser-fewos\/mousehole.html\"><\/a>Suche Ferienh\u00e4user Mousehole<\/p>\n<p>Eine Treppe f\u00fchrt hinauf zum stilvollen <i>en suite <\/i>Doppelschlafzimmer, wo Sie jeden Morgen mit weitreichendem Blick \u00fcber Mount\u2019s Bay aufwachen k\u00f6nnen. Hinter dem Haus f\u00fchren steile Stufen (Vorsicht bitte) auf eine h\u00fcbsche Terrasse mit Au\u00dfenm\u00f6blierung, von der aus Sie die Meeresluft und den Blick \u00fcber die Bucht genie\u00dfen k\u00f6nnen. Thimble Cottage befindet sich in ausgezeichneter Lage, um atemberaubende K\u00fcstenwanderungen zu unternehmen; und auch der Hafen, Restaurant, Pubs und Kunstgallerien befinden sich alle einen kurzen Spaziergang entfernt.<\/p>\n<p><b>Einrichtungen<\/b><\/p>\n<ul>\n<li>Parken auf der Stra\u00dfe<\/li>\n<li>Brennstoff und Strom inbegriffen<\/li>\n<li>Internetzugang<\/li>\n<li>Bettw\u00e4sche und Handt\u00fccher inbegriffen<\/li>\n<li>Gartenm\u00f6bel<\/li>\n<li>Laden 500m<\/li>\n<li>Pub 500 m<\/li>\n<li>M\u00fcnztelefon 150 m<\/li>\n<li>Golf platz 15 km.<\/li>\n<li>keine Kinder unter 2 Jahre alt<\/li>\n<li>Rauchen verboten<\/li>\n<li>Keine Hunde erlaubt<\/li>\n<li>Ankunftstag Samstag<\/li>\n<\/ul>\n<p style=\"text-align: center;\"><a class=\"tidycta\" href=\"https:\/\/www.urlaubcornwall.de\/ferienhaeuser-fewos\/mousehole.html\"><\/a>Ferienh\u00e4user Mousehole<\/p>\n","protected":false},"excerpt":{"rendered":"<p>Ferienhaus mit Meerblick Mousehole, West-Cornwall | 1 Schlafzimmer\u00a0 | Schlafplatz f\u00fcr 2 | leider keine Haustiere erlaubt | Preisspanne HH\/G\u00a0(\u00a3351\u00a0&#8211;\u00a0\u00a3831) Auf einem H\u00fcgel im Herzen des Hafendorfes Mousehole gelegen, ist Thimble Cottage eine phantastische Unterkunft. Diese wundersch\u00f6ne antike Doppelhaush\u00e4lfte beh\u00e4lt als Ferienhaus seinen Charme und Charakter, obwohl es auf h\u00f6chstem Standard renoviert wurde und besticht [&hellip;]<\/p>\n","protected":false},"author":1,"featured_media":0,"parent":0,"menu_order":0,"comment_status":"closed","ping_status":"closed","template":"single-two.php","meta":[],"acf":[],"yoast_head":"<!-- This site is optimized with the Yoast SEO plugin v19.4 - https:\/\/yoast.com\/wordpress\/plugins\/seo\/ -->\n<title>Ferienhaus in Mousehole am Meer : Thimble Cottage, Cornwall - Urlaub &amp; Reisen<\/title>\n<meta name=\"robots\" content=\"index, follow, max-snippet:-1, max-image-preview:large, max-video-preview:-1\" \/>\n<link rel=\"canonical\" href=\"https:\/\/www.urlaubcornwall.de\/blog\/thimble-cottage-ferienhaus-mousehole-cornwall\/\" \/>\n<meta property=\"og:locale\" content=\"en_US\" \/>\n<meta property=\"og:type\" content=\"article\" \/>\n<meta property=\"og:title\" content=\"Ferienhaus in Mousehole am Meer : Thimble Cottage, Cornwall - Urlaub &amp; Reisen\" \/>\n<meta property=\"og:description\" content=\"Ferienhaus mit Meerblick Mousehole, West-Cornwall | 1 Schlafzimmer\u00a0 | Schlafplatz f\u00fcr 2 | leider keine Haustiere erlaubt | Preisspanne HH\/G\u00a0(\u00a3351\u00a0&#8211;\u00a0\u00a3831) Auf einem H\u00fcgel im Herzen des Hafendorfes Mousehole gelegen, ist Thimble Cottage eine phantastische Unterkunft. Diese wundersch\u00f6ne antike Doppelhaush\u00e4lfte beh\u00e4lt als Ferienhaus seinen Charme und Charakter, obwohl es auf h\u00f6chstem Standard renoviert wurde und besticht [&hellip;]\" \/>\n<meta property=\"og:url\" content=\"https:\/\/www.urlaubcornwall.de\/blog\/thimble-cottage-ferienhaus-mousehole-cornwall\/\" \/>\n<meta property=\"og:site_name\" content=\"Urlaub &amp; Reisen\" \/>\n<meta property=\"article:modified_time\" content=\"2021-08-31T13:13:36+00:00\" \/>\n<meta name=\"twitter:card\" content=\"summary\" \/>\n<meta name=\"twitter:label1\" content=\"Est. reading time\" \/>\n\t<meta name=\"twitter:data1\" content=\"1 minute\" \/>\n<script type=\"application\/ld+json\" class=\"yoast-schema-graph\">{\"@context\":\"https:\/\/schema.org\",\"@graph\":[{\"@type\":\"WebSite\",\"@id\":\"https:\/\/www.urlaubcornwall.de\/blog\/#website\",\"url\":\"https:\/\/www.urlaubcornwall.de\/blog\/\",\"name\":\"Urlaub &amp; Reisen\",\"description\":\"Urlaub, Reisen, Cornwall und S\u00fcdengland: eine perfekte Kombination\",\"potentialAction\":[{\"@type\":\"SearchAction\",\"target\":{\"@type\":\"EntryPoint\",\"urlTemplate\":\"https:\/\/www.urlaubcornwall.de\/blog\/?s={search_term_string}\"},\"query-input\":\"required name=search_term_string\"}],\"inLanguage\":\"en-US\"},{\"@type\":\"WebPage\",\"@id\":\"https:\/\/www.urlaubcornwall.de\/blog\/thimble-cottage-ferienhaus-mousehole-cornwall\/\",\"url\":\"https:\/\/www.urlaubcornwall.de\/blog\/thimble-cottage-ferienhaus-mousehole-cornwall\/\",\"name\":\"Ferienhaus in Mousehole am Meer : Thimble Cottage, Cornwall - Urlaub &amp; Reisen\",\"isPartOf\":{\"@id\":\"https:\/\/www.urlaubcornwall.de\/blog\/#website\"},\"datePublished\":\"2014-01-04T13:03:05+00:00\",\"dateModified\":\"2021-08-31T13:13:36+00:00\",\"breadcrumb\":{\"@id\":\"https:\/\/www.urlaubcornwall.de\/blog\/thimble-cottage-ferienhaus-mousehole-cornwall\/#breadcrumb\"},\"inLanguage\":\"en-US\",\"potentialAction\":[{\"@type\":\"ReadAction\",\"target\":[\"https:\/\/www.urlaubcornwall.de\/blog\/thimble-cottage-ferienhaus-mousehole-cornwall\/\"]}]},{\"@type\":\"BreadcrumbList\",\"@id\":\"https:\/\/www.urlaubcornwall.de\/blog\/thimble-cottage-ferienhaus-mousehole-cornwall\/#breadcrumb\",\"itemListElement\":[{\"@type\":\"ListItem\",\"position\":1,\"name\":\"Home\",\"item\":\"https:\/\/www.urlaubcornwall.de\/blog\/\"},{\"@type\":\"ListItem\",\"position\":2,\"name\":\"Ferienhaus in Mousehole am Meer : Thimble Cottage, Cornwall\"}]}]}<\/script>\n<!-- \/ Yoast SEO plugin. -->","yoast_head_json":{"title":"Ferienhaus in Mousehole am Meer : Thimble Cottage, Cornwall - Urlaub &amp; Reisen","robots":{"index":"index","follow":"follow","max-snippet":"max-snippet:-1","max-image-preview":"max-image-preview:large","max-video-preview":"max-video-preview:-1"},"canonical":"https:\/\/www.urlaubcornwall.de\/blog\/thimble-cottage-ferienhaus-mousehole-cornwall\/","og_locale":"en_US","og_type":"article","og_title":"Ferienhaus in Mousehole am Meer : Thimble Cottage, Cornwall - Urlaub &amp; Reisen","og_description":"Ferienhaus mit Meerblick Mousehole, West-Cornwall | 1 Schlafzimmer\u00a0 | Schlafplatz f\u00fcr 2 | leider keine Haustiere erlaubt | Preisspanne HH\/G\u00a0(\u00a3351\u00a0&#8211;\u00a0\u00a3831) Auf einem H\u00fcgel im Herzen des Hafendorfes Mousehole gelegen, ist Thimble Cottage eine phantastische Unterkunft. Diese wundersch\u00f6ne antike Doppelhaush\u00e4lfte beh\u00e4lt als Ferienhaus seinen Charme und Charakter, obwohl es auf h\u00f6chstem Standard renoviert wurde und besticht [&hellip;]","og_url":"https:\/\/www.urlaubcornwall.de\/blog\/thimble-cottage-ferienhaus-mousehole-cornwall\/","og_site_name":"Urlaub &amp; Reisen","article_modified_time":"2021-08-31T13:13:36+00:00","twitter_card":"summary","twitter_misc":{"Est. reading time":"1 minute"},"schema":{"@context":"https:\/\/schema.org","@graph":[{"@type":"WebSite","@id":"https:\/\/www.urlaubcornwall.de\/blog\/#website","url":"https:\/\/www.urlaubcornwall.de\/blog\/","name":"Urlaub &amp; Reisen","description":"Urlaub, Reisen, Cornwall und S\u00fcdengland: eine perfekte Kombination","potentialAction":[{"@type":"SearchAction","target":{"@type":"EntryPoint","urlTemplate":"https:\/\/www.urlaubcornwall.de\/blog\/?s={search_term_string}"},"query-input":"required name=search_term_string"}],"inLanguage":"en-US"},{"@type":"WebPage","@id":"https:\/\/www.urlaubcornwall.de\/blog\/thimble-cottage-ferienhaus-mousehole-cornwall\/","url":"https:\/\/www.urlaubcornwall.de\/blog\/thimble-cottage-ferienhaus-mousehole-cornwall\/","name":"Ferienhaus in Mousehole am Meer : Thimble Cottage, Cornwall - Urlaub &amp; Reisen","isPartOf":{"@id":"https:\/\/www.urlaubcornwall.de\/blog\/#website"},"datePublished":"2014-01-04T13:03:05+00:00","dateModified":"2021-08-31T13:13:36+00:00","breadcrumb":{"@id":"https:\/\/www.urlaubcornwall.de\/blog\/thimble-cottage-ferienhaus-mousehole-cornwall\/#breadcrumb"},"inLanguage":"en-US","potentialAction":[{"@type":"ReadAction","target":["https:\/\/www.urlaubcornwall.de\/blog\/thimble-cottage-ferienhaus-mousehole-cornwall\/"]}]},{"@type":"BreadcrumbList","@id":"https:\/\/www.urlaubcornwall.de\/blog\/thimble-cottage-ferienhaus-mousehole-cornwall\/#breadcrumb","itemListElement":[{"@type":"ListItem","position":1,"name":"Home","item":"https:\/\/www.urlaubcornwall.de\/blog\/"},{"@type":"ListItem","position":2,"name":"Ferienhaus in Mousehole am Meer : Thimble Cottage, Cornwall"}]}]}},"_links":{"self":[{"href":"https:\/\/www.urlaubcornwall.de\/blog\/wp-json\/wp\/v2\/pages\/12131"}],"collection":[{"href":"https:\/\/www.urlaubcornwall.de\/blog\/wp-json\/wp\/v2\/pages"}],"about":[{"href":"https:\/\/www.urlaubcornwall.de\/blog\/wp-json\/wp\/v2\/types\/page"}],"author":[{"embeddable":true,"href":"https:\/\/www.urlaubcornwall.de\/blog\/wp-json\/wp\/v2\/users\/1"}],"replies":[{"embeddable":true,"href":"https:\/\/www.urlaubcornwall.de\/blog\/wp-json\/wp\/v2\/comments?post=12131"}],"version-history":[{"count":11,"href":"https:\/\/www.urlaubcornwall.de\/blog\/wp-json\/wp\/v2\/pages\/12131\/revisions"}],"predecessor-version":[{"id":42303,"href":"https:\/\/www.urlaubcornwall.de\/blog\/wp-json\/wp\/v2\/pages\/12131\/revisions\/42303"}],"wp:attachment":[{"href":"https:\/\/www.urlaubcornwall.de\/blog\/wp-json\/wp\/v2\/media?parent=12131"}],"curies":[{"name":"wp","href":"https:\/\/api.w.org\/{rel}","templated":true}]}}