{"id":12129,"date":"2014-01-04T13:09:05","date_gmt":"2014-01-04T13:09:05","guid":{"rendered":"https:\/\/www.urlaubcornwall.de\/blog\/?page_id=12129"},"modified":"2024-03-28T13:01:01","modified_gmt":"2024-03-28T13:01:01","slug":"sceat-cottage-ferienhaus-jurassic-kueste-sued-devon","status":"publish","type":"page","link":"https:\/\/www.urlaubcornwall.de\/blog\/sceat-cottage-ferienhaus-jurassic-kueste-sued-devon\/","title":{"rendered":"Sceat Cottage &#8211; Ferienhaus Jurassic K\u00fcste, S\u00fcd-Devon"},"content":{"rendered":"<p><strong>Ferienhaus 9.5 Kilometer W von <a href=\"https:\/\/www.urlaubcornwall.de\/ferienhaeuser-fewos\/eng\/dorset\/lyme-regis-am-meer.html\">Lyme Regis<\/a> , Jurassic K\u00fcste, Dorset | 4 Schlafzimmer | Schlafplatz f\u00fcr 6\/7 + Kinderbett| hundefreundlich |\u00a0<\/strong><strong>Preisspanne<\/strong> N (\u00a3492 &#8211; \u00a31329)<\/p>\n<p>Auf einem H\u00fcgel au\u00dferhalb Colytons gelegen, eine hervorragende Wanderlandschaft, haben Sie vom Sceat Cottage aus Panoramablick \u00fcber das Axe-Tal. Dieses zeitgen\u00f6ssische Endreihenhaus in einer Reihe von dreien befindet sich in Hanglage und ist zu erreichen \u00fcber Pflastersteine im Rasen. Das Haus verf\u00fcgt \u00fcber einen offenen K\u00fcchen-Essbereich. Drei Stufen f\u00fchren hinauf zum Wohnzimmer, von dem aus der Freisitz durch Fl\u00fcgelt\u00fcren zu begehen ist. Im Erdgeschoss befinden sich auch ein Duschraum, ein Doppelschlafzimmer, sowie eine gem\u00fctliche Sitzecke mit Sofas und einem Holzofen. Im Obergeschoss finden Sie ein Familienbadezimmer, sowie weitere drei Schlafzimmer, eines davon\u00a0 <i>en suite.<\/i><\/p>\n<p>Eine begrenzte Terrasse mit Kieselsteinen hinter dem Haus ist geradezu ideal f\u00fcr Kinder oder einfach auch zur Entspannung nach einem Tag, an dem Sie die nahe gelegenen St\u00e4dtchen Lyme Regis oder Honiton besucht haben oder auch die hervorragende Jurak\u00fcste und Str\u00e4nde bei Charmouth und Beer.<\/p>\n<p><strong><a href=\"https:\/\/www.urlaubcornwall.de\/ferienhaeuser-fewos\/eng\/dorset\/lyme-regis-am-meer.html\">Suche Ferienh\u00e4user Lyme Regis<\/a><\/strong><\/p>\n<p><strong>Einrichtungen<\/strong><\/p>\n<p>\u2022 Parkplatz f\u00fcr 2 Autos<br \/>\n\u2022 Brennstoff und Strom inbegriffen<br \/>\n\u2022 Bettw\u00e4sche und Handt\u00fccher inbegriffen<br \/>\n\u2022 Gartenm\u00f6bel und BBQ<br \/>\n\u2022 Laden 1,5 km.<br \/>\n\u2022 Pub 0,6 km.<br \/>\n\u2022 M\u00fcnztelefon 2,5 km.<br \/>\n\u2022 Rauchen verboten<br \/>\n\u2022 hundefreundlich (1 Hund).<br \/>\n\u2022 Ankunftstag Samstag<\/p>\n<p><strong>Ferienh\u00e4user und Ferienwohnungen Jurassic<\/strong><strong> : <a title=\"9 Ferienh\u00e4user und Ferienwohnungen in Bridport\" href=\"http:\/\/www.urlaubcornwall.de\/ferienhaeuser-fewos\/bridport.html\"><span style=\"text-decoration: underline;\">Bridport<\/span><\/a> , <a title=\"5 Ferienh\u00e4user und Ferienwohnungen in Weymouth\" href=\"http:\/\/www.urlaubcornwall.de\/ferienhaeuser-fewos\/lyme-regis.html\"><span style=\"text-decoration: underline;\">Lyme Regis<\/span><\/a> , <a title=\"3 Ferienh\u00e4user und Ferienwohnungen in Weymouth\" href=\"http:\/\/www.urlaubcornwall.de\/ferienhaeuser-fewos\/weymouth.html\"><span style=\"text-decoration: underline;\">Weymouth<\/span><\/a> und <a title=\"8 Ferienh\u00e4user und Ferienwohnungen in Charmouth\" href=\"http:\/\/www.urlaubcornwall.de\/ferienhaeuser-fewos\/charmouth.html\"><span style=\"text-decoration: underline;\">Charmouth<\/span><\/a><\/strong><\/p>\n","protected":false},"excerpt":{"rendered":"<p>Ferienhaus 9.5 Kilometer W von Lyme Regis , Jurassic K\u00fcste, Dorset | 4 Schlafzimmer | Schlafplatz f\u00fcr 6\/7 + Kinderbett| hundefreundlich |\u00a0Preisspanne N (\u00a3492 &#8211; \u00a31329) Auf einem H\u00fcgel au\u00dferhalb Colytons gelegen, eine hervorragende Wanderlandschaft, haben Sie vom Sceat Cottage aus Panoramablick \u00fcber das Axe-Tal. Dieses zeitgen\u00f6ssische Endreihenhaus in einer Reihe von dreien befindet sich [&hellip;]<\/p>\n","protected":false},"author":1,"featured_media":0,"parent":0,"menu_order":0,"comment_status":"closed","ping_status":"closed","template":"single-two.php","meta":[],"acf":[],"yoast_head":"<!-- This site is optimized with the Yoast SEO plugin v19.4 - https:\/\/yoast.com\/wordpress\/plugins\/seo\/ -->\n<title>Sceat Cottage - Ferienhaus Jurassic K\u00fcste, S\u00fcd-Devon - Urlaub &amp; Reisen<\/title>\n<meta name=\"robots\" content=\"index, follow, max-snippet:-1, max-image-preview:large, max-video-preview:-1\" \/>\n<link rel=\"canonical\" href=\"https:\/\/www.urlaubcornwall.de\/blog\/sceat-cottage-ferienhaus-jurassic-kueste-sued-devon\/\" \/>\n<meta property=\"og:locale\" content=\"en_US\" \/>\n<meta property=\"og:type\" content=\"article\" \/>\n<meta property=\"og:title\" content=\"Sceat Cottage - Ferienhaus Jurassic K\u00fcste, S\u00fcd-Devon - Urlaub &amp; Reisen\" \/>\n<meta property=\"og:description\" content=\"Ferienhaus 9.5 Kilometer W von Lyme Regis , Jurassic K\u00fcste, Dorset | 4 Schlafzimmer | Schlafplatz f\u00fcr 6\/7 + Kinderbett| hundefreundlich |\u00a0Preisspanne N (\u00a3492 &#8211; \u00a31329) Auf einem H\u00fcgel au\u00dferhalb Colytons gelegen, eine hervorragende Wanderlandschaft, haben Sie vom Sceat Cottage aus Panoramablick \u00fcber das Axe-Tal. Dieses zeitgen\u00f6ssische Endreihenhaus in einer Reihe von dreien befindet sich [&hellip;]\" \/>\n<meta property=\"og:url\" content=\"https:\/\/www.urlaubcornwall.de\/blog\/sceat-cottage-ferienhaus-jurassic-kueste-sued-devon\/\" \/>\n<meta property=\"og:site_name\" content=\"Urlaub &amp; Reisen\" \/>\n<meta property=\"article:modified_time\" content=\"2024-03-28T13:01:01+00:00\" \/>\n<meta name=\"twitter:card\" content=\"summary\" \/>\n<meta name=\"twitter:label1\" content=\"Est. reading time\" \/>\n\t<meta name=\"twitter:data1\" content=\"1 minute\" \/>\n<script type=\"application\/ld+json\" class=\"yoast-schema-graph\">{\"@context\":\"https:\/\/schema.org\",\"@graph\":[{\"@type\":\"WebSite\",\"@id\":\"https:\/\/www.urlaubcornwall.de\/blog\/#website\",\"url\":\"https:\/\/www.urlaubcornwall.de\/blog\/\",\"name\":\"Urlaub &amp; Reisen\",\"description\":\"Urlaub, Reisen, Cornwall und S\u00fcdengland: eine perfekte Kombination\",\"potentialAction\":[{\"@type\":\"SearchAction\",\"target\":{\"@type\":\"EntryPoint\",\"urlTemplate\":\"https:\/\/www.urlaubcornwall.de\/blog\/?s={search_term_string}\"},\"query-input\":\"required name=search_term_string\"}],\"inLanguage\":\"en-US\"},{\"@type\":\"WebPage\",\"@id\":\"https:\/\/www.urlaubcornwall.de\/blog\/sceat-cottage-ferienhaus-jurassic-kueste-sued-devon\/\",\"url\":\"https:\/\/www.urlaubcornwall.de\/blog\/sceat-cottage-ferienhaus-jurassic-kueste-sued-devon\/\",\"name\":\"Sceat Cottage - Ferienhaus Jurassic K\u00fcste, S\u00fcd-Devon - Urlaub &amp; Reisen\",\"isPartOf\":{\"@id\":\"https:\/\/www.urlaubcornwall.de\/blog\/#website\"},\"datePublished\":\"2014-01-04T13:09:05+00:00\",\"dateModified\":\"2024-03-28T13:01:01+00:00\",\"breadcrumb\":{\"@id\":\"https:\/\/www.urlaubcornwall.de\/blog\/sceat-cottage-ferienhaus-jurassic-kueste-sued-devon\/#breadcrumb\"},\"inLanguage\":\"en-US\",\"potentialAction\":[{\"@type\":\"ReadAction\",\"target\":[\"https:\/\/www.urlaubcornwall.de\/blog\/sceat-cottage-ferienhaus-jurassic-kueste-sued-devon\/\"]}]},{\"@type\":\"BreadcrumbList\",\"@id\":\"https:\/\/www.urlaubcornwall.de\/blog\/sceat-cottage-ferienhaus-jurassic-kueste-sued-devon\/#breadcrumb\",\"itemListElement\":[{\"@type\":\"ListItem\",\"position\":1,\"name\":\"Home\",\"item\":\"https:\/\/www.urlaubcornwall.de\/blog\/\"},{\"@type\":\"ListItem\",\"position\":2,\"name\":\"Sceat Cottage &#8211; Ferienhaus Jurassic K\u00fcste, S\u00fcd-Devon\"}]}]}<\/script>\n<!-- \/ Yoast SEO plugin. -->","yoast_head_json":{"title":"Sceat Cottage - Ferienhaus Jurassic K\u00fcste, S\u00fcd-Devon - Urlaub &amp; Reisen","robots":{"index":"index","follow":"follow","max-snippet":"max-snippet:-1","max-image-preview":"max-image-preview:large","max-video-preview":"max-video-preview:-1"},"canonical":"https:\/\/www.urlaubcornwall.de\/blog\/sceat-cottage-ferienhaus-jurassic-kueste-sued-devon\/","og_locale":"en_US","og_type":"article","og_title":"Sceat Cottage - Ferienhaus Jurassic K\u00fcste, S\u00fcd-Devon - Urlaub &amp; Reisen","og_description":"Ferienhaus 9.5 Kilometer W von Lyme Regis , Jurassic K\u00fcste, Dorset | 4 Schlafzimmer | Schlafplatz f\u00fcr 6\/7 + Kinderbett| hundefreundlich |\u00a0Preisspanne N (\u00a3492 &#8211; \u00a31329) Auf einem H\u00fcgel au\u00dferhalb Colytons gelegen, eine hervorragende Wanderlandschaft, haben Sie vom Sceat Cottage aus Panoramablick \u00fcber das Axe-Tal. Dieses zeitgen\u00f6ssische Endreihenhaus in einer Reihe von dreien befindet sich [&hellip;]","og_url":"https:\/\/www.urlaubcornwall.de\/blog\/sceat-cottage-ferienhaus-jurassic-kueste-sued-devon\/","og_site_name":"Urlaub &amp; Reisen","article_modified_time":"2024-03-28T13:01:01+00:00","twitter_card":"summary","twitter_misc":{"Est. reading time":"1 minute"},"schema":{"@context":"https:\/\/schema.org","@graph":[{"@type":"WebSite","@id":"https:\/\/www.urlaubcornwall.de\/blog\/#website","url":"https:\/\/www.urlaubcornwall.de\/blog\/","name":"Urlaub &amp; Reisen","description":"Urlaub, Reisen, Cornwall und S\u00fcdengland: eine perfekte Kombination","potentialAction":[{"@type":"SearchAction","target":{"@type":"EntryPoint","urlTemplate":"https:\/\/www.urlaubcornwall.de\/blog\/?s={search_term_string}"},"query-input":"required name=search_term_string"}],"inLanguage":"en-US"},{"@type":"WebPage","@id":"https:\/\/www.urlaubcornwall.de\/blog\/sceat-cottage-ferienhaus-jurassic-kueste-sued-devon\/","url":"https:\/\/www.urlaubcornwall.de\/blog\/sceat-cottage-ferienhaus-jurassic-kueste-sued-devon\/","name":"Sceat Cottage - Ferienhaus Jurassic K\u00fcste, S\u00fcd-Devon - Urlaub &amp; Reisen","isPartOf":{"@id":"https:\/\/www.urlaubcornwall.de\/blog\/#website"},"datePublished":"2014-01-04T13:09:05+00:00","dateModified":"2024-03-28T13:01:01+00:00","breadcrumb":{"@id":"https:\/\/www.urlaubcornwall.de\/blog\/sceat-cottage-ferienhaus-jurassic-kueste-sued-devon\/#breadcrumb"},"inLanguage":"en-US","potentialAction":[{"@type":"ReadAction","target":["https:\/\/www.urlaubcornwall.de\/blog\/sceat-cottage-ferienhaus-jurassic-kueste-sued-devon\/"]}]},{"@type":"BreadcrumbList","@id":"https:\/\/www.urlaubcornwall.de\/blog\/sceat-cottage-ferienhaus-jurassic-kueste-sued-devon\/#breadcrumb","itemListElement":[{"@type":"ListItem","position":1,"name":"Home","item":"https:\/\/www.urlaubcornwall.de\/blog\/"},{"@type":"ListItem","position":2,"name":"Sceat Cottage &#8211; Ferienhaus Jurassic K\u00fcste, S\u00fcd-Devon"}]}]}},"_links":{"self":[{"href":"https:\/\/www.urlaubcornwall.de\/blog\/wp-json\/wp\/v2\/pages\/12129"}],"collection":[{"href":"https:\/\/www.urlaubcornwall.de\/blog\/wp-json\/wp\/v2\/pages"}],"about":[{"href":"https:\/\/www.urlaubcornwall.de\/blog\/wp-json\/wp\/v2\/types\/page"}],"author":[{"embeddable":true,"href":"https:\/\/www.urlaubcornwall.de\/blog\/wp-json\/wp\/v2\/users\/1"}],"replies":[{"embeddable":true,"href":"https:\/\/www.urlaubcornwall.de\/blog\/wp-json\/wp\/v2\/comments?post=12129"}],"version-history":[{"count":8,"href":"https:\/\/www.urlaubcornwall.de\/blog\/wp-json\/wp\/v2\/pages\/12129\/revisions"}],"predecessor-version":[{"id":48488,"href":"https:\/\/www.urlaubcornwall.de\/blog\/wp-json\/wp\/v2\/pages\/12129\/revisions\/48488"}],"wp:attachment":[{"href":"https:\/\/www.urlaubcornwall.de\/blog\/wp-json\/wp\/v2\/media?parent=12129"}],"curies":[{"name":"wp","href":"https:\/\/api.w.org\/{rel}","templated":true}]}}