{"id":12127,"date":"2014-01-04T13:08:07","date_gmt":"2014-01-04T13:08:07","guid":{"rendered":"https:\/\/www.urlaubcornwall.de\/blog\/?page_id=12127"},"modified":"2021-08-31T13:21:23","modified_gmt":"2021-08-31T13:21:23","slug":"sea-glympse-ferienhaus-lyme-regis-jurassic-kueste-devon","status":"publish","type":"page","link":"https:\/\/www.urlaubcornwall.de\/blog\/sea-glympse-ferienhaus-lyme-regis-jurassic-kueste-devon\/","title":{"rendered":"Sea Glympse &#8211; Ferienhaus Lyme Regis am Meer, Jurassic K\u00fcste, Devon"},"content":{"rendered":"<p><strong>Ferienhaus 7.4 Kilometer W von Lyme Regis, Jurassic K\u00fcste, S\u00fcd-Devon| 2 Schlafzimmer | Schlafplatz f\u00fcr 4 + Kinderbett | hundefreundlich | <\/strong><strong><\/strong><strong><\/strong><strong>Preisspanne<\/strong> J\/I (\u00a3387 &#8211; \u00a31020)<\/p>\n<p>Mit bezaubernder Sicht, gelegen an einem Weg nahe der Jurak\u00fcste in dieser Gegend besonderer Sch\u00f6nheit S\u00fcddevons, ist Sea Glympse (das Meer kann tats\u00e4chlich von hier aus ersp\u00e4ht werden!) die perfekte Unterkunft f\u00fcr Strand- und Wanderurlaube. Dieses entz\u00fcckende Haus wurde sehr sch\u00f6n renoviert, um selbst au\u00dferhalb der Saison Gem\u00fctlichkeit und W\u00e4rme zu bieten. Einige Stufen f\u00fchren hinauf zum herrlichen Garten, wo Sie im Freien speisen und dabei die atemberaubende Sicht \u00fcber die Landschaft hinweg genie\u00dfen k\u00f6nnen.<\/p>\n<p style=\"text-align: center;\"><a class=\"tidycta\" href=\"https:\/\/www.urlaubcornwall.de\/ferienhaeuser-fewos\/eng\/dorset\/lyme-regis-am-meer.html\"><\/a>Ferienh\u00e4user Lyme Regis<\/p>\n<p>Entspannen Sie im gem\u00fctlichen Wohnzimmer, welches \u00fcber einen Holzofen verf\u00fcgt, der zus\u00e4tzlich W\u00e4rme und Gem\u00fctlichkeit ausstrahlt. Die komb\u00fcsenartige K\u00fcche ist gut ausgestattet, um darin eine Mahlzeit zuzubereiten, die dann im sich anschlie\u00dfenden Esszimmer eingenommen werden kann. Eichenb\u00f6den befinden sich im Erdgeschoss, w\u00e4hrend die gut gelegenen Schlafr\u00e4ume Teppichb\u00f6den und einen wundersch\u00f6nen Blick nach drau\u00dfen haben. Zwei Stufen f\u00fchren vom Gang hinauf zum modernen Badezimmer und Raum mit Kinderbett. Lyme Regis, Beer, Str\u00e4nde und eine Vielfalt an Attraktionen befinden sich lediglich eine kurze Autofahrt entfernt.<\/p>\n<p><strong>Einrichtungen<\/strong><\/p>\n<p>\u2022 Parkplatz f\u00fcr 1 Auto<br \/>\n\u2022 Brennstoff und Strom inbegriffen<br \/>\n\u2022 Bettw\u00e4sche und Handt\u00fccher inbegriffen<br \/>\n\u2022 Gartenm\u00f6bel und BBQ<br \/>\n\u2022 Laden 300 m<br \/>\n\u2022 Pub 400 m<br \/>\n\u2022 M\u00fcnztelefon 400 m<br \/>\n\u2022 Golfplatz 6 km<br \/>\n\u2022 Rauchen verboten<br \/>\n\u2022 hundefreundlich (1 Hund).<br \/>\n\u2022 Ankunftstag Freitag<\/p>\n<p style=\"text-align: center;\"><a class=\"tidycta\" href=\"https:\/\/www.urlaubcornwall.de\/ferienhaeuser-fewos\/eng\/dorset\/lyme-regis-am-meer.html\"><\/a>Ferienh\u00e4user Lyme Regis<\/p>\n<p><strong>Ferienh\u00e4user und Ferienwohnungen Jurassic<\/strong><strong> : <a title=\"9 Ferienh\u00e4user und Ferienwohnungen in Bridport\" href=\"http:\/\/www.urlaubcornwall.de\/ferienhaeuser-fewos\/bridport.html\"><span style=\"text-decoration: underline;\">Bridport<\/span><\/a> , <a title=\"5 Ferienh\u00e4user und Ferienwohnungen in Weymouth\" href=\"http:\/\/www.urlaubcornwall.de\/ferienhaeuser-fewos\/lyme-regis.html\"><span style=\"text-decoration: underline;\">Lyme Regis<\/span><\/a> , <a title=\"3 Ferienh\u00e4user und Ferienwohnungen in Weymouth\" href=\"http:\/\/www.urlaubcornwall.de\/ferienhaeuser-fewos\/weymouth.html\"><span style=\"text-decoration: underline;\">Weymouth<\/span><\/a> und <a title=\"8 Ferienh\u00e4user und Ferienwohnungen in Charmouth\" href=\"http:\/\/www.urlaubcornwall.de\/ferienhaeuser-fewos\/charmouth.html\"><span style=\"text-decoration: underline;\">Charmouth<\/span><\/a><\/strong><\/p>\n","protected":false},"excerpt":{"rendered":"<p>Ferienhaus 7.4 Kilometer W von Lyme Regis, Jurassic K\u00fcste, S\u00fcd-Devon| 2 Schlafzimmer | Schlafplatz f\u00fcr 4 + Kinderbett | hundefreundlich | Preisspanne J\/I (\u00a3387 &#8211; \u00a31020) Mit bezaubernder Sicht, gelegen an einem Weg nahe der Jurak\u00fcste in dieser Gegend besonderer Sch\u00f6nheit S\u00fcddevons, ist Sea Glympse (das Meer kann tats\u00e4chlich von hier aus ersp\u00e4ht werden!) die [&hellip;]<\/p>\n","protected":false},"author":1,"featured_media":0,"parent":0,"menu_order":0,"comment_status":"closed","ping_status":"closed","template":"single-two.php","meta":[],"acf":[],"yoast_head":"<!-- This site is optimized with the Yoast SEO plugin v19.4 - https:\/\/yoast.com\/wordpress\/plugins\/seo\/ -->\n<title>Sea Glympse - Ferienhaus Lyme Regis am Meer, Jurassic K\u00fcste, Devon - Urlaub &amp; Reisen<\/title>\n<meta name=\"robots\" content=\"index, follow, max-snippet:-1, max-image-preview:large, max-video-preview:-1\" \/>\n<link rel=\"canonical\" href=\"https:\/\/www.urlaubcornwall.de\/blog\/sea-glympse-ferienhaus-lyme-regis-jurassic-kueste-devon\/\" \/>\n<meta property=\"og:locale\" content=\"en_US\" \/>\n<meta property=\"og:type\" content=\"article\" \/>\n<meta property=\"og:title\" content=\"Sea Glympse - Ferienhaus Lyme Regis am Meer, Jurassic K\u00fcste, Devon - Urlaub &amp; Reisen\" \/>\n<meta property=\"og:description\" content=\"Ferienhaus 7.4 Kilometer W von Lyme Regis, Jurassic K\u00fcste, S\u00fcd-Devon| 2 Schlafzimmer | Schlafplatz f\u00fcr 4 + Kinderbett | hundefreundlich | Preisspanne J\/I (\u00a3387 &#8211; \u00a31020) Mit bezaubernder Sicht, gelegen an einem Weg nahe der Jurak\u00fcste in dieser Gegend besonderer Sch\u00f6nheit S\u00fcddevons, ist Sea Glympse (das Meer kann tats\u00e4chlich von hier aus ersp\u00e4ht werden!) die [&hellip;]\" \/>\n<meta property=\"og:url\" content=\"https:\/\/www.urlaubcornwall.de\/blog\/sea-glympse-ferienhaus-lyme-regis-jurassic-kueste-devon\/\" \/>\n<meta property=\"og:site_name\" content=\"Urlaub &amp; Reisen\" \/>\n<meta property=\"article:modified_time\" content=\"2021-08-31T13:21:23+00:00\" \/>\n<meta name=\"twitter:card\" content=\"summary\" \/>\n<meta name=\"twitter:label1\" content=\"Est. reading time\" \/>\n\t<meta name=\"twitter:data1\" content=\"1 minute\" \/>\n<script type=\"application\/ld+json\" class=\"yoast-schema-graph\">{\"@context\":\"https:\/\/schema.org\",\"@graph\":[{\"@type\":\"WebSite\",\"@id\":\"https:\/\/www.urlaubcornwall.de\/blog\/#website\",\"url\":\"https:\/\/www.urlaubcornwall.de\/blog\/\",\"name\":\"Urlaub &amp; Reisen\",\"description\":\"Urlaub, Reisen, Cornwall und S\u00fcdengland: eine perfekte Kombination\",\"potentialAction\":[{\"@type\":\"SearchAction\",\"target\":{\"@type\":\"EntryPoint\",\"urlTemplate\":\"https:\/\/www.urlaubcornwall.de\/blog\/?s={search_term_string}\"},\"query-input\":\"required name=search_term_string\"}],\"inLanguage\":\"en-US\"},{\"@type\":\"WebPage\",\"@id\":\"https:\/\/www.urlaubcornwall.de\/blog\/sea-glympse-ferienhaus-lyme-regis-jurassic-kueste-devon\/\",\"url\":\"https:\/\/www.urlaubcornwall.de\/blog\/sea-glympse-ferienhaus-lyme-regis-jurassic-kueste-devon\/\",\"name\":\"Sea Glympse - Ferienhaus Lyme Regis am Meer, Jurassic K\u00fcste, Devon - Urlaub &amp; Reisen\",\"isPartOf\":{\"@id\":\"https:\/\/www.urlaubcornwall.de\/blog\/#website\"},\"datePublished\":\"2014-01-04T13:08:07+00:00\",\"dateModified\":\"2021-08-31T13:21:23+00:00\",\"breadcrumb\":{\"@id\":\"https:\/\/www.urlaubcornwall.de\/blog\/sea-glympse-ferienhaus-lyme-regis-jurassic-kueste-devon\/#breadcrumb\"},\"inLanguage\":\"en-US\",\"potentialAction\":[{\"@type\":\"ReadAction\",\"target\":[\"https:\/\/www.urlaubcornwall.de\/blog\/sea-glympse-ferienhaus-lyme-regis-jurassic-kueste-devon\/\"]}]},{\"@type\":\"BreadcrumbList\",\"@id\":\"https:\/\/www.urlaubcornwall.de\/blog\/sea-glympse-ferienhaus-lyme-regis-jurassic-kueste-devon\/#breadcrumb\",\"itemListElement\":[{\"@type\":\"ListItem\",\"position\":1,\"name\":\"Home\",\"item\":\"https:\/\/www.urlaubcornwall.de\/blog\/\"},{\"@type\":\"ListItem\",\"position\":2,\"name\":\"Sea Glympse &#8211; Ferienhaus Lyme Regis am Meer, Jurassic K\u00fcste, Devon\"}]}]}<\/script>\n<!-- \/ Yoast SEO plugin. -->","yoast_head_json":{"title":"Sea Glympse - Ferienhaus Lyme Regis am Meer, Jurassic K\u00fcste, Devon - Urlaub &amp; Reisen","robots":{"index":"index","follow":"follow","max-snippet":"max-snippet:-1","max-image-preview":"max-image-preview:large","max-video-preview":"max-video-preview:-1"},"canonical":"https:\/\/www.urlaubcornwall.de\/blog\/sea-glympse-ferienhaus-lyme-regis-jurassic-kueste-devon\/","og_locale":"en_US","og_type":"article","og_title":"Sea Glympse - Ferienhaus Lyme Regis am Meer, Jurassic K\u00fcste, Devon - Urlaub &amp; Reisen","og_description":"Ferienhaus 7.4 Kilometer W von Lyme Regis, Jurassic K\u00fcste, S\u00fcd-Devon| 2 Schlafzimmer | Schlafplatz f\u00fcr 4 + Kinderbett | hundefreundlich | Preisspanne J\/I (\u00a3387 &#8211; \u00a31020) Mit bezaubernder Sicht, gelegen an einem Weg nahe der Jurak\u00fcste in dieser Gegend besonderer Sch\u00f6nheit S\u00fcddevons, ist Sea Glympse (das Meer kann tats\u00e4chlich von hier aus ersp\u00e4ht werden!) die [&hellip;]","og_url":"https:\/\/www.urlaubcornwall.de\/blog\/sea-glympse-ferienhaus-lyme-regis-jurassic-kueste-devon\/","og_site_name":"Urlaub &amp; Reisen","article_modified_time":"2021-08-31T13:21:23+00:00","twitter_card":"summary","twitter_misc":{"Est. reading time":"1 minute"},"schema":{"@context":"https:\/\/schema.org","@graph":[{"@type":"WebSite","@id":"https:\/\/www.urlaubcornwall.de\/blog\/#website","url":"https:\/\/www.urlaubcornwall.de\/blog\/","name":"Urlaub &amp; Reisen","description":"Urlaub, Reisen, Cornwall und S\u00fcdengland: eine perfekte Kombination","potentialAction":[{"@type":"SearchAction","target":{"@type":"EntryPoint","urlTemplate":"https:\/\/www.urlaubcornwall.de\/blog\/?s={search_term_string}"},"query-input":"required name=search_term_string"}],"inLanguage":"en-US"},{"@type":"WebPage","@id":"https:\/\/www.urlaubcornwall.de\/blog\/sea-glympse-ferienhaus-lyme-regis-jurassic-kueste-devon\/","url":"https:\/\/www.urlaubcornwall.de\/blog\/sea-glympse-ferienhaus-lyme-regis-jurassic-kueste-devon\/","name":"Sea Glympse - Ferienhaus Lyme Regis am Meer, Jurassic K\u00fcste, Devon - Urlaub &amp; Reisen","isPartOf":{"@id":"https:\/\/www.urlaubcornwall.de\/blog\/#website"},"datePublished":"2014-01-04T13:08:07+00:00","dateModified":"2021-08-31T13:21:23+00:00","breadcrumb":{"@id":"https:\/\/www.urlaubcornwall.de\/blog\/sea-glympse-ferienhaus-lyme-regis-jurassic-kueste-devon\/#breadcrumb"},"inLanguage":"en-US","potentialAction":[{"@type":"ReadAction","target":["https:\/\/www.urlaubcornwall.de\/blog\/sea-glympse-ferienhaus-lyme-regis-jurassic-kueste-devon\/"]}]},{"@type":"BreadcrumbList","@id":"https:\/\/www.urlaubcornwall.de\/blog\/sea-glympse-ferienhaus-lyme-regis-jurassic-kueste-devon\/#breadcrumb","itemListElement":[{"@type":"ListItem","position":1,"name":"Home","item":"https:\/\/www.urlaubcornwall.de\/blog\/"},{"@type":"ListItem","position":2,"name":"Sea Glympse &#8211; Ferienhaus Lyme Regis am Meer, Jurassic K\u00fcste, Devon"}]}]}},"_links":{"self":[{"href":"https:\/\/www.urlaubcornwall.de\/blog\/wp-json\/wp\/v2\/pages\/12127"}],"collection":[{"href":"https:\/\/www.urlaubcornwall.de\/blog\/wp-json\/wp\/v2\/pages"}],"about":[{"href":"https:\/\/www.urlaubcornwall.de\/blog\/wp-json\/wp\/v2\/types\/page"}],"author":[{"embeddable":true,"href":"https:\/\/www.urlaubcornwall.de\/blog\/wp-json\/wp\/v2\/users\/1"}],"replies":[{"embeddable":true,"href":"https:\/\/www.urlaubcornwall.de\/blog\/wp-json\/wp\/v2\/comments?post=12127"}],"version-history":[{"count":9,"href":"https:\/\/www.urlaubcornwall.de\/blog\/wp-json\/wp\/v2\/pages\/12127\/revisions"}],"predecessor-version":[{"id":42310,"href":"https:\/\/www.urlaubcornwall.de\/blog\/wp-json\/wp\/v2\/pages\/12127\/revisions\/42310"}],"wp:attachment":[{"href":"https:\/\/www.urlaubcornwall.de\/blog\/wp-json\/wp\/v2\/media?parent=12127"}],"curies":[{"name":"wp","href":"https:\/\/api.w.org\/{rel}","templated":true}]}}