{"id":12124,"date":"2014-01-04T13:07:04","date_gmt":"2014-01-04T13:07:04","guid":{"rendered":"https:\/\/www.urlaubcornwall.de\/blog\/?page_id=12124"},"modified":"2021-08-31T13:19:52","modified_gmt":"2021-08-31T13:19:52","slug":"barbridge-cottage-ferienhaus-bridport-jurassic-kueste-dorset","status":"publish","type":"page","link":"https:\/\/www.urlaubcornwall.de\/blog\/barbridge-cottage-ferienhaus-bridport-jurassic-kueste-dorset\/","title":{"rendered":"Barbridge Cottage &#8211; Ferienhaus Bridport am Meer, Jurassic K\u00fcste, Dorset"},"content":{"rendered":"<p><strong>Ferienhaus 6.1 Kilometer N von Bridport, Jurassic K\u00fcste, Dorset | 2 Schlafzimmer | Schlafplatz f\u00fcr 4 + Kinderbett * | leider keine Haustiere erlaubt |&nbsp;<\/strong><strong>Preisspanne<\/strong> K (\u00a3426 &#8211; \u00a31110)<\/p>\n<p>Sich an ein malerisches Tal nahe der Jurak\u00fcste anschmiegend, hat Barbridge Cottage einiges vor der Haust\u00fcre zu bieten: Str\u00e4nde, Wanderwege, Grabm\u00f6glichkeit nach Fossilien, Landh\u00e4user, G\u00e4rten und gute Pubs. Ein rauer Weg f\u00fchrt hinauf (Vorsicht mit niedergelegenen Fahrzeugen) zum ebenerdigen Ferienhaus. Leicht zug\u00e4nglich f\u00fcr Rollst\u00fchle, betreten G\u00e4ste das gew\u00f6lbte Wohnzimmer mit gem\u00fctlichen Sofas und einem Holzofen.<\/p>\n<p style=\"text-align: center;\"><a class=\"tidycta\" href=\"https:\/\/www.urlaubcornwall.de\/ferienhaeuser-fewos\/eng\/dorset\/bridport.html\"><\/a>Suche Ferienh\u00e4user Bridport<\/p>\n<p>Die K\u00fcche verf\u00fcgt \u00fcber einen wundersch\u00f6nen zweiteiligen Aga. Fl\u00fcgelt\u00fcren f\u00fchren hinaus auf die Terrasse mit entz\u00fcckendem Teich und Blick \u00fcber den Bauernhof, seinen See und die l\u00e4ndliche Umgebung, wo G\u00e4ste umherwandern, angeln und H\u00fchner, Enten und Schafe antreffen k\u00f6nnen (bitte achten Sie besonders auf Ihre Kinder am Teich, See und Bauernhof). Vom Doppelschlafzimmer aus gelangen Sie auch durch Fl\u00fcgelt\u00fcren auf die Terrasse, und es verf\u00fcgt \u00fcber ein<i> en suite <\/i>Badezimmer. Von dort aus kann die Nasszelle betreten werden, wie auch von der Eingangshalle aus, und kann somit als zweites Badezimmer dienen. Die Nasszelle, wie auch der Garderobenraum sind mit Handgel\u00e4nder ausgestattet. Ein Kinderreisebett ist nicht vorhanden, daher bringen Sie bitte Ihr eigenes mit.<\/p>\n<p><strong>Einrichtungen<\/strong><\/p>\n<p>\u2022 Parkplatz f\u00fcr 3 Autos<br \/>\n\u2022 Brennstoff und Strom inbegriffen<br \/>\n\u2022 Internetzugang<br \/>\n\u2022 Bettw\u00e4sche und Handt\u00fccher inbegriffen<br \/>\n\u2022 Gartenm\u00f6bel und BBQ<br \/>\n\u2022 Laden 3 km<br \/>\n\u2022 Pub 300 m<br \/>\n\u2022 M\u00fcnztelefon 300 m<br \/>\n\u2022 Rauchen verboten<br \/>\n\u2022 Keine Hunde erlaubt<br \/>\n\u2022 Ankunftstag Freitag<\/p>\n<p style=\"text-align: center;\"><a class=\"tidycta\" href=\"https:\/\/www.urlaubcornwall.de\/ferienhaeuser-fewos\/eng\/dorset\/bridport.html\"><\/a>Suche Ferienh\u00e4user Bridport<\/p>\n<p><strong>Ferienh\u00e4user und Ferienwohnungen Jurassic<\/strong><strong> : <a title=\"125 Ferienh\u00e4user und Ferienwohnungen in Bridport\" href=\"http:\/\/www.urlaubcornwall.de\/ferienhaeuser-fewos\/bridport.html\"><span style=\"text-decoration: underline;\">Bridport<\/span><\/a> , <a title=\"50 Ferienh\u00e4user und Ferienwohnungen in Lyme Regis\" href=\"https:\/\/www.urlaubcornwall.de\/ferienhaeuser-fewos\/eng\/dorset\/lyme-regis.html\"><span style=\"text-decoration: underline;\">Lyme Regis<\/span><\/a> , <a title=\"50 Ferienh\u00e4user und Ferienwohnungen in Weymouth\" href=\"http:\/\/www.urlaubcornwall.de\/ferienhaeuser-fewos\/weymouth.html\"><span style=\"text-decoration: underline;\">Weymouth<\/span><\/a>&nbsp; und <a title=\"100 Ferienh\u00e4user und Ferienwohnungen in Charmouth\" href=\"http:\/\/www.urlaubcornwall.de\/ferienhaeuser-fewos\/charmouth.html\"><span style=\"text-decoration: underline;\">Charmouth<\/span><\/a><\/strong><\/p>\n","protected":false},"excerpt":{"rendered":"<p>Ferienhaus 6.1 Kilometer N von Bridport, Jurassic K\u00fcste, Dorset | 2 Schlafzimmer | Schlafplatz f\u00fcr 4 + Kinderbett * | leider keine Haustiere erlaubt |&nbsp;Preisspanne K (\u00a3426 &#8211; \u00a31110) Sich an ein malerisches Tal nahe der Jurak\u00fcste anschmiegend, hat Barbridge Cottage einiges vor der Haust\u00fcre zu bieten: Str\u00e4nde, Wanderwege, Grabm\u00f6glichkeit nach Fossilien, Landh\u00e4user, G\u00e4rten und [&hellip;]<\/p>\n","protected":false},"author":1,"featured_media":0,"parent":0,"menu_order":0,"comment_status":"closed","ping_status":"closed","template":"single-two.php","meta":[],"acf":[],"yoast_head":"<!-- This site is optimized with the Yoast SEO plugin v19.4 - https:\/\/yoast.com\/wordpress\/plugins\/seo\/ -->\n<title>Barbridge Cottage - Ferienhaus Bridport am Meer, Jurassic K\u00fcste, Dorset - Urlaub &amp; Reisen<\/title>\n<meta name=\"robots\" content=\"index, follow, max-snippet:-1, max-image-preview:large, max-video-preview:-1\" \/>\n<link rel=\"canonical\" href=\"https:\/\/www.urlaubcornwall.de\/blog\/barbridge-cottage-ferienhaus-bridport-jurassic-kueste-dorset\/\" \/>\n<meta property=\"og:locale\" content=\"en_US\" \/>\n<meta property=\"og:type\" content=\"article\" \/>\n<meta property=\"og:title\" content=\"Barbridge Cottage - Ferienhaus Bridport am Meer, Jurassic K\u00fcste, Dorset - Urlaub &amp; Reisen\" \/>\n<meta property=\"og:description\" content=\"Ferienhaus 6.1 Kilometer N von Bridport, Jurassic K\u00fcste, Dorset | 2 Schlafzimmer | Schlafplatz f\u00fcr 4 + Kinderbett * | leider keine Haustiere erlaubt |&nbsp;Preisspanne K (\u00a3426 &#8211; \u00a31110) Sich an ein malerisches Tal nahe der Jurak\u00fcste anschmiegend, hat Barbridge Cottage einiges vor der Haust\u00fcre zu bieten: Str\u00e4nde, Wanderwege, Grabm\u00f6glichkeit nach Fossilien, Landh\u00e4user, G\u00e4rten und [&hellip;]\" \/>\n<meta property=\"og:url\" content=\"https:\/\/www.urlaubcornwall.de\/blog\/barbridge-cottage-ferienhaus-bridport-jurassic-kueste-dorset\/\" \/>\n<meta property=\"og:site_name\" content=\"Urlaub &amp; Reisen\" \/>\n<meta property=\"article:modified_time\" content=\"2021-08-31T13:19:52+00:00\" \/>\n<meta name=\"twitter:card\" content=\"summary\" \/>\n<meta name=\"twitter:label1\" content=\"Est. reading time\" \/>\n\t<meta name=\"twitter:data1\" content=\"1 minute\" \/>\n<script type=\"application\/ld+json\" class=\"yoast-schema-graph\">{\"@context\":\"https:\/\/schema.org\",\"@graph\":[{\"@type\":\"WebSite\",\"@id\":\"https:\/\/www.urlaubcornwall.de\/blog\/#website\",\"url\":\"https:\/\/www.urlaubcornwall.de\/blog\/\",\"name\":\"Urlaub &amp; Reisen\",\"description\":\"Urlaub, Reisen, Cornwall und S\u00fcdengland: eine perfekte Kombination\",\"potentialAction\":[{\"@type\":\"SearchAction\",\"target\":{\"@type\":\"EntryPoint\",\"urlTemplate\":\"https:\/\/www.urlaubcornwall.de\/blog\/?s={search_term_string}\"},\"query-input\":\"required name=search_term_string\"}],\"inLanguage\":\"en-US\"},{\"@type\":\"WebPage\",\"@id\":\"https:\/\/www.urlaubcornwall.de\/blog\/barbridge-cottage-ferienhaus-bridport-jurassic-kueste-dorset\/\",\"url\":\"https:\/\/www.urlaubcornwall.de\/blog\/barbridge-cottage-ferienhaus-bridport-jurassic-kueste-dorset\/\",\"name\":\"Barbridge Cottage - Ferienhaus Bridport am Meer, Jurassic K\u00fcste, Dorset - Urlaub &amp; Reisen\",\"isPartOf\":{\"@id\":\"https:\/\/www.urlaubcornwall.de\/blog\/#website\"},\"datePublished\":\"2014-01-04T13:07:04+00:00\",\"dateModified\":\"2021-08-31T13:19:52+00:00\",\"breadcrumb\":{\"@id\":\"https:\/\/www.urlaubcornwall.de\/blog\/barbridge-cottage-ferienhaus-bridport-jurassic-kueste-dorset\/#breadcrumb\"},\"inLanguage\":\"en-US\",\"potentialAction\":[{\"@type\":\"ReadAction\",\"target\":[\"https:\/\/www.urlaubcornwall.de\/blog\/barbridge-cottage-ferienhaus-bridport-jurassic-kueste-dorset\/\"]}]},{\"@type\":\"BreadcrumbList\",\"@id\":\"https:\/\/www.urlaubcornwall.de\/blog\/barbridge-cottage-ferienhaus-bridport-jurassic-kueste-dorset\/#breadcrumb\",\"itemListElement\":[{\"@type\":\"ListItem\",\"position\":1,\"name\":\"Home\",\"item\":\"https:\/\/www.urlaubcornwall.de\/blog\/\"},{\"@type\":\"ListItem\",\"position\":2,\"name\":\"Barbridge Cottage &#8211; Ferienhaus Bridport am Meer, Jurassic K\u00fcste, Dorset\"}]}]}<\/script>\n<!-- \/ Yoast SEO plugin. -->","yoast_head_json":{"title":"Barbridge Cottage - Ferienhaus Bridport am Meer, Jurassic K\u00fcste, Dorset - Urlaub &amp; Reisen","robots":{"index":"index","follow":"follow","max-snippet":"max-snippet:-1","max-image-preview":"max-image-preview:large","max-video-preview":"max-video-preview:-1"},"canonical":"https:\/\/www.urlaubcornwall.de\/blog\/barbridge-cottage-ferienhaus-bridport-jurassic-kueste-dorset\/","og_locale":"en_US","og_type":"article","og_title":"Barbridge Cottage - Ferienhaus Bridport am Meer, Jurassic K\u00fcste, Dorset - Urlaub &amp; Reisen","og_description":"Ferienhaus 6.1 Kilometer N von Bridport, Jurassic K\u00fcste, Dorset | 2 Schlafzimmer | Schlafplatz f\u00fcr 4 + Kinderbett * | leider keine Haustiere erlaubt |&nbsp;Preisspanne K (\u00a3426 &#8211; \u00a31110) Sich an ein malerisches Tal nahe der Jurak\u00fcste anschmiegend, hat Barbridge Cottage einiges vor der Haust\u00fcre zu bieten: Str\u00e4nde, Wanderwege, Grabm\u00f6glichkeit nach Fossilien, Landh\u00e4user, G\u00e4rten und [&hellip;]","og_url":"https:\/\/www.urlaubcornwall.de\/blog\/barbridge-cottage-ferienhaus-bridport-jurassic-kueste-dorset\/","og_site_name":"Urlaub &amp; Reisen","article_modified_time":"2021-08-31T13:19:52+00:00","twitter_card":"summary","twitter_misc":{"Est. reading time":"1 minute"},"schema":{"@context":"https:\/\/schema.org","@graph":[{"@type":"WebSite","@id":"https:\/\/www.urlaubcornwall.de\/blog\/#website","url":"https:\/\/www.urlaubcornwall.de\/blog\/","name":"Urlaub &amp; Reisen","description":"Urlaub, Reisen, Cornwall und S\u00fcdengland: eine perfekte Kombination","potentialAction":[{"@type":"SearchAction","target":{"@type":"EntryPoint","urlTemplate":"https:\/\/www.urlaubcornwall.de\/blog\/?s={search_term_string}"},"query-input":"required name=search_term_string"}],"inLanguage":"en-US"},{"@type":"WebPage","@id":"https:\/\/www.urlaubcornwall.de\/blog\/barbridge-cottage-ferienhaus-bridport-jurassic-kueste-dorset\/","url":"https:\/\/www.urlaubcornwall.de\/blog\/barbridge-cottage-ferienhaus-bridport-jurassic-kueste-dorset\/","name":"Barbridge Cottage - Ferienhaus Bridport am Meer, Jurassic K\u00fcste, Dorset - Urlaub &amp; Reisen","isPartOf":{"@id":"https:\/\/www.urlaubcornwall.de\/blog\/#website"},"datePublished":"2014-01-04T13:07:04+00:00","dateModified":"2021-08-31T13:19:52+00:00","breadcrumb":{"@id":"https:\/\/www.urlaubcornwall.de\/blog\/barbridge-cottage-ferienhaus-bridport-jurassic-kueste-dorset\/#breadcrumb"},"inLanguage":"en-US","potentialAction":[{"@type":"ReadAction","target":["https:\/\/www.urlaubcornwall.de\/blog\/barbridge-cottage-ferienhaus-bridport-jurassic-kueste-dorset\/"]}]},{"@type":"BreadcrumbList","@id":"https:\/\/www.urlaubcornwall.de\/blog\/barbridge-cottage-ferienhaus-bridport-jurassic-kueste-dorset\/#breadcrumb","itemListElement":[{"@type":"ListItem","position":1,"name":"Home","item":"https:\/\/www.urlaubcornwall.de\/blog\/"},{"@type":"ListItem","position":2,"name":"Barbridge Cottage &#8211; Ferienhaus Bridport am Meer, Jurassic K\u00fcste, Dorset"}]}]}},"_links":{"self":[{"href":"https:\/\/www.urlaubcornwall.de\/blog\/wp-json\/wp\/v2\/pages\/12124"}],"collection":[{"href":"https:\/\/www.urlaubcornwall.de\/blog\/wp-json\/wp\/v2\/pages"}],"about":[{"href":"https:\/\/www.urlaubcornwall.de\/blog\/wp-json\/wp\/v2\/types\/page"}],"author":[{"embeddable":true,"href":"https:\/\/www.urlaubcornwall.de\/blog\/wp-json\/wp\/v2\/users\/1"}],"replies":[{"embeddable":true,"href":"https:\/\/www.urlaubcornwall.de\/blog\/wp-json\/wp\/v2\/comments?post=12124"}],"version-history":[{"count":12,"href":"https:\/\/www.urlaubcornwall.de\/blog\/wp-json\/wp\/v2\/pages\/12124\/revisions"}],"predecessor-version":[{"id":42308,"href":"https:\/\/www.urlaubcornwall.de\/blog\/wp-json\/wp\/v2\/pages\/12124\/revisions\/42308"}],"wp:attachment":[{"href":"https:\/\/www.urlaubcornwall.de\/blog\/wp-json\/wp\/v2\/media?parent=12124"}],"curies":[{"name":"wp","href":"https:\/\/api.w.org\/{rel}","templated":true}]}}