{"id":12122,"date":"2014-01-04T13:16:36","date_gmt":"2014-01-04T13:16:36","guid":{"rendered":"https:\/\/www.urlaubcornwall.de\/blog\/?page_id=12122"},"modified":"2021-08-31T13:30:21","modified_gmt":"2021-08-31T13:30:21","slug":"st-cloud-ferienhaus-mit-meerblick-fowey-kueste-cornwall","status":"publish","type":"page","link":"https:\/\/www.urlaubcornwall.de\/blog\/st-cloud-ferienhaus-mit-meerblick-fowey-kueste-cornwall\/","title":{"rendered":"St Cloud &#8211; Ferienhaus mit Meerblick Fowey, K\u00fcste Cornwall"},"content":{"rendered":"<p><strong>Ferienhaus mit Meerblick 3.4 Kilometer N von Fowey, S\u00fcdk\u00fcste Cornwall | 4 Schlafzimmer | Schlafplatz f\u00fcr 6\/7 + Kinderbett| leider keine Haustiere erlaubt |\u00a0<b>Preisspanne<\/b> R (\u00a3579 &#8211; \u00a31620)<\/strong><\/p>\n<p>Ein herrlicher Blick von diesem sch\u00f6nen Victorianischen Reihenhaus \u00fcber den von Ebbe und Flut gepr\u00e4gten Fluss Fowey wird Sie das ganze Jahr \u00fcber erfreuen k\u00f6nnen; im Sommer schwingen die Boote an ihren Anlegestellen. Oberhalb des verschlafenen \u00d6rtchens Golant gelegen, erreichen Sie St Cloud \u00fcber einen laubbedeckten Weg, der an der St Sampson Kirche des 13. Jahrhunderts vorbei f\u00fchrt und weiter h\u00fcgelabw\u00e4rts zu einem Sportgel\u00e4nde, Kinderspielplatz und Kneipe, die allesamt den winzigen Binnenhafen umgeben.<\/p>\n<p style=\"text-align: center;\"><a class=\"tidycta\" href=\"https:\/\/www.urlaubcornwall.de\/ferienhaeuser-fewos\/fowey.html\"><\/a>Suche Ferienh\u00e4user Fowey<\/p>\n<p>St Cloud bietet eine flexible Ferienunterkunft mit einem Schlafzimmer und Windfang im Erdgeschoss, drei Schlafzimmern, einem gro\u00dfen Familienbadezimmer und Duschraum im ersten Stock. Ein offenes Feuer im Wohnzimmer strahlt Gem\u00fctlichkeit aus, und das separate Esszimmer l\u00e4dt Sie ein, gen\u00fcssliche Mahlzeiten einzunehmen \u2013 mit Blick auf den Garten und Fluss.<\/p>\n<p>Die Segelst\u00e4dtchen Fowey und Polruan befinden sich nur ein paar Meilen entfernt in einem Gebiet von au\u00dferordentlich sch\u00f6ner Naturlandschaft.<\/p>\n<p><strong>Einrichtungen<\/strong><\/p>\n<p>\u2022 Parkpl\u00e4tze f\u00fcr 2 Autos.<br \/>\n\u2022 Brennstoff und Strom inbegriffen<br \/>\n\u2022 Internetzugang<br \/>\n\u2022 Bettw\u00e4sche und Handt\u00fccher inbegriffen<br \/>\n\u2022 Gartenm\u00f6bel und BBQ<br \/>\n\u2022 Laden 3 km<br \/>\n\u2022 Pub 750 m<br \/>\n\u2022 M\u00fcnztelefon 750 m<br \/>\n\u2022 Rauchen verboten<br \/>\n\u2022 Keine Hunde erlaubt<br \/>\n\u2022 Ankunftstag Samstag<\/p>\n<p style=\"text-align: center;\"><a class=\"tidycta\" href=\"https:\/\/www.urlaubcornwall.de\/ferienhaeuser-fewos\/fowey.html\"><\/a>Suche Ferienh\u00e4user Fowey<\/p>\n<p>\n<\/p>","protected":false},"excerpt":{"rendered":"<p>Ferienhaus mit Meerblick 3.4 Kilometer N von Fowey, S\u00fcdk\u00fcste Cornwall | 4 Schlafzimmer | Schlafplatz f\u00fcr 6\/7 + Kinderbett| leider keine Haustiere erlaubt |\u00a0Preisspanne R (\u00a3579 &#8211; \u00a31620) Ein herrlicher Blick von diesem sch\u00f6nen Victorianischen Reihenhaus \u00fcber den von Ebbe und Flut gepr\u00e4gten Fluss Fowey wird Sie das ganze Jahr \u00fcber erfreuen k\u00f6nnen; im Sommer [&hellip;]<\/p>\n","protected":false},"author":1,"featured_media":0,"parent":0,"menu_order":0,"comment_status":"closed","ping_status":"closed","template":"single-two.php","meta":[],"acf":[],"yoast_head":"<!-- This site is optimized with the Yoast SEO plugin v19.4 - https:\/\/yoast.com\/wordpress\/plugins\/seo\/ -->\n<title>St Cloud - Ferienhaus mit Meerblick Fowey, K\u00fcste Cornwall - Urlaub &amp; Reisen<\/title>\n<meta name=\"robots\" content=\"index, follow, max-snippet:-1, max-image-preview:large, max-video-preview:-1\" \/>\n<link rel=\"canonical\" href=\"https:\/\/www.urlaubcornwall.de\/blog\/st-cloud-ferienhaus-mit-meerblick-fowey-kueste-cornwall\/\" \/>\n<meta property=\"og:locale\" content=\"en_US\" \/>\n<meta property=\"og:type\" content=\"article\" \/>\n<meta property=\"og:title\" content=\"St Cloud - Ferienhaus mit Meerblick Fowey, K\u00fcste Cornwall - Urlaub &amp; Reisen\" \/>\n<meta property=\"og:description\" content=\"Ferienhaus mit Meerblick 3.4 Kilometer N von Fowey, S\u00fcdk\u00fcste Cornwall | 4 Schlafzimmer | Schlafplatz f\u00fcr 6\/7 + Kinderbett| leider keine Haustiere erlaubt |\u00a0Preisspanne R (\u00a3579 &#8211; \u00a31620) Ein herrlicher Blick von diesem sch\u00f6nen Victorianischen Reihenhaus \u00fcber den von Ebbe und Flut gepr\u00e4gten Fluss Fowey wird Sie das ganze Jahr \u00fcber erfreuen k\u00f6nnen; im Sommer [&hellip;]\" \/>\n<meta property=\"og:url\" content=\"https:\/\/www.urlaubcornwall.de\/blog\/st-cloud-ferienhaus-mit-meerblick-fowey-kueste-cornwall\/\" \/>\n<meta property=\"og:site_name\" content=\"Urlaub &amp; Reisen\" \/>\n<meta property=\"article:modified_time\" content=\"2021-08-31T13:30:21+00:00\" \/>\n<meta name=\"twitter:card\" content=\"summary\" \/>\n<meta name=\"twitter:label1\" content=\"Est. reading time\" \/>\n\t<meta name=\"twitter:data1\" content=\"1 minute\" \/>\n<script type=\"application\/ld+json\" class=\"yoast-schema-graph\">{\"@context\":\"https:\/\/schema.org\",\"@graph\":[{\"@type\":\"WebSite\",\"@id\":\"https:\/\/www.urlaubcornwall.de\/blog\/#website\",\"url\":\"https:\/\/www.urlaubcornwall.de\/blog\/\",\"name\":\"Urlaub &amp; Reisen\",\"description\":\"Urlaub, Reisen, Cornwall und S\u00fcdengland: eine perfekte Kombination\",\"potentialAction\":[{\"@type\":\"SearchAction\",\"target\":{\"@type\":\"EntryPoint\",\"urlTemplate\":\"https:\/\/www.urlaubcornwall.de\/blog\/?s={search_term_string}\"},\"query-input\":\"required name=search_term_string\"}],\"inLanguage\":\"en-US\"},{\"@type\":\"WebPage\",\"@id\":\"https:\/\/www.urlaubcornwall.de\/blog\/st-cloud-ferienhaus-mit-meerblick-fowey-kueste-cornwall\/\",\"url\":\"https:\/\/www.urlaubcornwall.de\/blog\/st-cloud-ferienhaus-mit-meerblick-fowey-kueste-cornwall\/\",\"name\":\"St Cloud - Ferienhaus mit Meerblick Fowey, K\u00fcste Cornwall - Urlaub &amp; Reisen\",\"isPartOf\":{\"@id\":\"https:\/\/www.urlaubcornwall.de\/blog\/#website\"},\"datePublished\":\"2014-01-04T13:16:36+00:00\",\"dateModified\":\"2021-08-31T13:30:21+00:00\",\"breadcrumb\":{\"@id\":\"https:\/\/www.urlaubcornwall.de\/blog\/st-cloud-ferienhaus-mit-meerblick-fowey-kueste-cornwall\/#breadcrumb\"},\"inLanguage\":\"en-US\",\"potentialAction\":[{\"@type\":\"ReadAction\",\"target\":[\"https:\/\/www.urlaubcornwall.de\/blog\/st-cloud-ferienhaus-mit-meerblick-fowey-kueste-cornwall\/\"]}]},{\"@type\":\"BreadcrumbList\",\"@id\":\"https:\/\/www.urlaubcornwall.de\/blog\/st-cloud-ferienhaus-mit-meerblick-fowey-kueste-cornwall\/#breadcrumb\",\"itemListElement\":[{\"@type\":\"ListItem\",\"position\":1,\"name\":\"Home\",\"item\":\"https:\/\/www.urlaubcornwall.de\/blog\/\"},{\"@type\":\"ListItem\",\"position\":2,\"name\":\"St Cloud &#8211; Ferienhaus mit Meerblick Fowey, K\u00fcste Cornwall\"}]}]}<\/script>\n<!-- \/ Yoast SEO plugin. -->","yoast_head_json":{"title":"St Cloud - Ferienhaus mit Meerblick Fowey, K\u00fcste Cornwall - Urlaub &amp; Reisen","robots":{"index":"index","follow":"follow","max-snippet":"max-snippet:-1","max-image-preview":"max-image-preview:large","max-video-preview":"max-video-preview:-1"},"canonical":"https:\/\/www.urlaubcornwall.de\/blog\/st-cloud-ferienhaus-mit-meerblick-fowey-kueste-cornwall\/","og_locale":"en_US","og_type":"article","og_title":"St Cloud - Ferienhaus mit Meerblick Fowey, K\u00fcste Cornwall - Urlaub &amp; Reisen","og_description":"Ferienhaus mit Meerblick 3.4 Kilometer N von Fowey, S\u00fcdk\u00fcste Cornwall | 4 Schlafzimmer | Schlafplatz f\u00fcr 6\/7 + Kinderbett| leider keine Haustiere erlaubt |\u00a0Preisspanne R (\u00a3579 &#8211; \u00a31620) Ein herrlicher Blick von diesem sch\u00f6nen Victorianischen Reihenhaus \u00fcber den von Ebbe und Flut gepr\u00e4gten Fluss Fowey wird Sie das ganze Jahr \u00fcber erfreuen k\u00f6nnen; im Sommer [&hellip;]","og_url":"https:\/\/www.urlaubcornwall.de\/blog\/st-cloud-ferienhaus-mit-meerblick-fowey-kueste-cornwall\/","og_site_name":"Urlaub &amp; Reisen","article_modified_time":"2021-08-31T13:30:21+00:00","twitter_card":"summary","twitter_misc":{"Est. reading time":"1 minute"},"schema":{"@context":"https:\/\/schema.org","@graph":[{"@type":"WebSite","@id":"https:\/\/www.urlaubcornwall.de\/blog\/#website","url":"https:\/\/www.urlaubcornwall.de\/blog\/","name":"Urlaub &amp; Reisen","description":"Urlaub, Reisen, Cornwall und S\u00fcdengland: eine perfekte Kombination","potentialAction":[{"@type":"SearchAction","target":{"@type":"EntryPoint","urlTemplate":"https:\/\/www.urlaubcornwall.de\/blog\/?s={search_term_string}"},"query-input":"required name=search_term_string"}],"inLanguage":"en-US"},{"@type":"WebPage","@id":"https:\/\/www.urlaubcornwall.de\/blog\/st-cloud-ferienhaus-mit-meerblick-fowey-kueste-cornwall\/","url":"https:\/\/www.urlaubcornwall.de\/blog\/st-cloud-ferienhaus-mit-meerblick-fowey-kueste-cornwall\/","name":"St Cloud - Ferienhaus mit Meerblick Fowey, K\u00fcste Cornwall - Urlaub &amp; Reisen","isPartOf":{"@id":"https:\/\/www.urlaubcornwall.de\/blog\/#website"},"datePublished":"2014-01-04T13:16:36+00:00","dateModified":"2021-08-31T13:30:21+00:00","breadcrumb":{"@id":"https:\/\/www.urlaubcornwall.de\/blog\/st-cloud-ferienhaus-mit-meerblick-fowey-kueste-cornwall\/#breadcrumb"},"inLanguage":"en-US","potentialAction":[{"@type":"ReadAction","target":["https:\/\/www.urlaubcornwall.de\/blog\/st-cloud-ferienhaus-mit-meerblick-fowey-kueste-cornwall\/"]}]},{"@type":"BreadcrumbList","@id":"https:\/\/www.urlaubcornwall.de\/blog\/st-cloud-ferienhaus-mit-meerblick-fowey-kueste-cornwall\/#breadcrumb","itemListElement":[{"@type":"ListItem","position":1,"name":"Home","item":"https:\/\/www.urlaubcornwall.de\/blog\/"},{"@type":"ListItem","position":2,"name":"St Cloud &#8211; Ferienhaus mit Meerblick Fowey, K\u00fcste Cornwall"}]}]}},"_links":{"self":[{"href":"https:\/\/www.urlaubcornwall.de\/blog\/wp-json\/wp\/v2\/pages\/12122"}],"collection":[{"href":"https:\/\/www.urlaubcornwall.de\/blog\/wp-json\/wp\/v2\/pages"}],"about":[{"href":"https:\/\/www.urlaubcornwall.de\/blog\/wp-json\/wp\/v2\/types\/page"}],"author":[{"embeddable":true,"href":"https:\/\/www.urlaubcornwall.de\/blog\/wp-json\/wp\/v2\/users\/1"}],"replies":[{"embeddable":true,"href":"https:\/\/www.urlaubcornwall.de\/blog\/wp-json\/wp\/v2\/comments?post=12122"}],"version-history":[{"count":8,"href":"https:\/\/www.urlaubcornwall.de\/blog\/wp-json\/wp\/v2\/pages\/12122\/revisions"}],"predecessor-version":[{"id":42317,"href":"https:\/\/www.urlaubcornwall.de\/blog\/wp-json\/wp\/v2\/pages\/12122\/revisions\/42317"}],"wp:attachment":[{"href":"https:\/\/www.urlaubcornwall.de\/blog\/wp-json\/wp\/v2\/media?parent=12122"}],"curies":[{"name":"wp","href":"https:\/\/api.w.org\/{rel}","templated":true}]}}