{"id":12120,"date":"2014-01-04T13:15:32","date_gmt":"2014-01-04T13:15:32","guid":{"rendered":"https:\/\/www.urlaubcornwall.de\/blog\/?page_id=12120"},"modified":"2021-07-12T08:54:04","modified_gmt":"2021-07-12T08:54:04","slug":"creekside-cottage-ferienhaus-fowey-cornwall","status":"publish","type":"page","link":"https:\/\/www.urlaubcornwall.de\/blog\/creekside-cottage-ferienhaus-fowey-cornwall\/","title":{"rendered":"Creekside Cottage &#8211; Ferienhaus Fowey Cornwall"},"content":{"rendered":"<p><strong>Ferienhaus 5.8 Kilometer N von Fowey, S\u00fcdk\u00fcste Cornwall | 3 Schlafzimmer | Schlafplatz f\u00fcr 4\/5 + Kinderbett| leider keine Haustiere erlaubt |\u00a0<b>Preisspanne<\/b> K (\u00a3426 &#8211; \u00a31110)<\/strong><\/p>\n<p>Lerryn ist ein idyllisches Dorf, das sich an ein bewaldetes Tal anschmiegt, in dem eine alte Steinbr\u00fccke einen sanft dahinflie\u00dfenden Fluss \u00fcberspannt. Enten schlafen in der Gr\u00fcnanlage des Dorfes mit seiner freundlichen Kneipe und einem Dorfladen, wo Sie leckeren Cream Tea bekommen k\u00f6nnen.<\/p>\n<p>Nahe dem Dorfzentrum befindet sich das Creekside Ferienhaus, ein Cornishes Haus schlechthin, das sehr sch\u00f6n restauriert wurde, um all den Komfort des modernen Lebens zu bieten; einschlie\u00dflich einer zeitgen\u00f6ssischen K\u00fcche, ebensolcher Badezimmerausstattung und Internetzugang. Der gro\u00dfz\u00fcgige K\u00fcchen-\/ Fr\u00fchst\u00fccksraum und nach S\u00fcden gelegenes Esszimmer \u00f6ffnen sich hin zu einem sonnigen Freisitz; ein perfekter Platz, um die Mahlzeiten einzunehmen. Das Hauptschlafzimmer verf\u00fcgt \u00fcber ein<i> en suite <\/i>Duschzimmer, w\u00e4hrend sich die anderen beiden Schlafzimmer das Familienbadezimmer teilen.<\/p>\n<p>Ein gegen\u00fcber des \u00a0Hauses gelegener Weg f\u00fchrt entlang des Flusses \u00fcber ein paar Steine zum Dorfladen und Pub. Die Segelstadt Fowey ist nicht weit entfernt, und auch das Eden Project, an dem Sie einen fantastischen Tag verbringen k\u00f6nne, befindet sich nur eine kurze Autofahrt entfernt.<\/p>\n<p style=\"text-align: center;\"><a class=\"tidycta\" href=\"https:\/\/www.urlaubcornwall.de\/ferienhaeuser-fewos\/fowey.html\">Ferienh\u00e4user in Fowey<\/a><\/p>\n<p><strong>Einrichtungen<\/strong><br \/>\n\u2022 Parkpl\u00e4tze f\u00fcr 2 Kleinwagen. Parken auf der Stra\u00dfe.<br \/>\n\u2022 Brennstoff und Strom inbegriffen<br \/>\n\u2022 Internetzugang<br \/>\n\u2022 Bettw\u00e4sche und Handt\u00fccher inbegriffen<br \/>\n\u2022 Gartenm\u00f6bel<br \/>\n\u2022 Laden 250 m<br \/>\n\u2022 Pub 250 m<br \/>\n\u2022 M\u00fcnztelefon 250 m<br \/>\n\u2022 Rauchen verboten<br \/>\n\u2022 Keine Hunde erlaubt<br \/>\n\u2022 Ankunftstag Samstag<\/p>\n<p><strong>Um UrlaubCornwall.de einzigartige Kollektion nach Ihrem idealen Ferienhaus zu durchsuchen.<\/strong> <a href=\"https:\/\/www.urlaubcornwall.de\/ferienhaeuser\/cornwall.php\"><span style=\"text-decoration: underline;\"><strong>Klicken Sie hier &gt;&gt;<\/strong><\/span><\/a><\/p>\n","protected":false},"excerpt":{"rendered":"<p>Ferienhaus 5.8 Kilometer N von Fowey, S\u00fcdk\u00fcste Cornwall | 3 Schlafzimmer | Schlafplatz f\u00fcr 4\/5 + Kinderbett| leider keine Haustiere erlaubt |\u00a0Preisspanne K (\u00a3426 &#8211; \u00a31110) Lerryn ist ein idyllisches Dorf, das sich an ein bewaldetes Tal anschmiegt, in dem eine alte Steinbr\u00fccke einen sanft dahinflie\u00dfenden Fluss \u00fcberspannt. Enten schlafen in der Gr\u00fcnanlage des Dorfes [&hellip;]<\/p>\n","protected":false},"author":1,"featured_media":0,"parent":0,"menu_order":0,"comment_status":"closed","ping_status":"closed","template":"single-two.php","meta":[],"acf":[],"yoast_head":"<!-- This site is optimized with the Yoast SEO plugin v19.4 - https:\/\/yoast.com\/wordpress\/plugins\/seo\/ -->\n<title>Creekside Cottage - Ferienhaus Fowey Cornwall - Urlaub &amp; Reisen<\/title>\n<meta name=\"robots\" content=\"index, follow, max-snippet:-1, max-image-preview:large, max-video-preview:-1\" \/>\n<link rel=\"canonical\" href=\"https:\/\/www.urlaubcornwall.de\/blog\/creekside-cottage-ferienhaus-fowey-cornwall\/\" \/>\n<meta property=\"og:locale\" content=\"en_US\" \/>\n<meta property=\"og:type\" content=\"article\" \/>\n<meta property=\"og:title\" content=\"Creekside Cottage - Ferienhaus Fowey Cornwall - Urlaub &amp; Reisen\" \/>\n<meta property=\"og:description\" content=\"Ferienhaus 5.8 Kilometer N von Fowey, S\u00fcdk\u00fcste Cornwall | 3 Schlafzimmer | Schlafplatz f\u00fcr 4\/5 + Kinderbett| leider keine Haustiere erlaubt |\u00a0Preisspanne K (\u00a3426 &#8211; \u00a31110) Lerryn ist ein idyllisches Dorf, das sich an ein bewaldetes Tal anschmiegt, in dem eine alte Steinbr\u00fccke einen sanft dahinflie\u00dfenden Fluss \u00fcberspannt. Enten schlafen in der Gr\u00fcnanlage des Dorfes [&hellip;]\" \/>\n<meta property=\"og:url\" content=\"https:\/\/www.urlaubcornwall.de\/blog\/creekside-cottage-ferienhaus-fowey-cornwall\/\" \/>\n<meta property=\"og:site_name\" content=\"Urlaub &amp; Reisen\" \/>\n<meta property=\"article:modified_time\" content=\"2021-07-12T08:54:04+00:00\" \/>\n<meta name=\"twitter:card\" content=\"summary\" \/>\n<meta name=\"twitter:label1\" content=\"Est. reading time\" \/>\n\t<meta name=\"twitter:data1\" content=\"1 minute\" \/>\n<script type=\"application\/ld+json\" class=\"yoast-schema-graph\">{\"@context\":\"https:\/\/schema.org\",\"@graph\":[{\"@type\":\"WebSite\",\"@id\":\"https:\/\/www.urlaubcornwall.de\/blog\/#website\",\"url\":\"https:\/\/www.urlaubcornwall.de\/blog\/\",\"name\":\"Urlaub &amp; Reisen\",\"description\":\"Urlaub, Reisen, Cornwall und S\u00fcdengland: eine perfekte Kombination\",\"potentialAction\":[{\"@type\":\"SearchAction\",\"target\":{\"@type\":\"EntryPoint\",\"urlTemplate\":\"https:\/\/www.urlaubcornwall.de\/blog\/?s={search_term_string}\"},\"query-input\":\"required name=search_term_string\"}],\"inLanguage\":\"en-US\"},{\"@type\":\"WebPage\",\"@id\":\"https:\/\/www.urlaubcornwall.de\/blog\/creekside-cottage-ferienhaus-fowey-cornwall\/\",\"url\":\"https:\/\/www.urlaubcornwall.de\/blog\/creekside-cottage-ferienhaus-fowey-cornwall\/\",\"name\":\"Creekside Cottage - Ferienhaus Fowey Cornwall - Urlaub &amp; Reisen\",\"isPartOf\":{\"@id\":\"https:\/\/www.urlaubcornwall.de\/blog\/#website\"},\"datePublished\":\"2014-01-04T13:15:32+00:00\",\"dateModified\":\"2021-07-12T08:54:04+00:00\",\"breadcrumb\":{\"@id\":\"https:\/\/www.urlaubcornwall.de\/blog\/creekside-cottage-ferienhaus-fowey-cornwall\/#breadcrumb\"},\"inLanguage\":\"en-US\",\"potentialAction\":[{\"@type\":\"ReadAction\",\"target\":[\"https:\/\/www.urlaubcornwall.de\/blog\/creekside-cottage-ferienhaus-fowey-cornwall\/\"]}]},{\"@type\":\"BreadcrumbList\",\"@id\":\"https:\/\/www.urlaubcornwall.de\/blog\/creekside-cottage-ferienhaus-fowey-cornwall\/#breadcrumb\",\"itemListElement\":[{\"@type\":\"ListItem\",\"position\":1,\"name\":\"Home\",\"item\":\"https:\/\/www.urlaubcornwall.de\/blog\/\"},{\"@type\":\"ListItem\",\"position\":2,\"name\":\"Creekside Cottage &#8211; Ferienhaus Fowey Cornwall\"}]}]}<\/script>\n<!-- \/ Yoast SEO plugin. -->","yoast_head_json":{"title":"Creekside Cottage - Ferienhaus Fowey Cornwall - Urlaub &amp; Reisen","robots":{"index":"index","follow":"follow","max-snippet":"max-snippet:-1","max-image-preview":"max-image-preview:large","max-video-preview":"max-video-preview:-1"},"canonical":"https:\/\/www.urlaubcornwall.de\/blog\/creekside-cottage-ferienhaus-fowey-cornwall\/","og_locale":"en_US","og_type":"article","og_title":"Creekside Cottage - Ferienhaus Fowey Cornwall - Urlaub &amp; Reisen","og_description":"Ferienhaus 5.8 Kilometer N von Fowey, S\u00fcdk\u00fcste Cornwall | 3 Schlafzimmer | Schlafplatz f\u00fcr 4\/5 + Kinderbett| leider keine Haustiere erlaubt |\u00a0Preisspanne K (\u00a3426 &#8211; \u00a31110) Lerryn ist ein idyllisches Dorf, das sich an ein bewaldetes Tal anschmiegt, in dem eine alte Steinbr\u00fccke einen sanft dahinflie\u00dfenden Fluss \u00fcberspannt. Enten schlafen in der Gr\u00fcnanlage des Dorfes [&hellip;]","og_url":"https:\/\/www.urlaubcornwall.de\/blog\/creekside-cottage-ferienhaus-fowey-cornwall\/","og_site_name":"Urlaub &amp; Reisen","article_modified_time":"2021-07-12T08:54:04+00:00","twitter_card":"summary","twitter_misc":{"Est. reading time":"1 minute"},"schema":{"@context":"https:\/\/schema.org","@graph":[{"@type":"WebSite","@id":"https:\/\/www.urlaubcornwall.de\/blog\/#website","url":"https:\/\/www.urlaubcornwall.de\/blog\/","name":"Urlaub &amp; Reisen","description":"Urlaub, Reisen, Cornwall und S\u00fcdengland: eine perfekte Kombination","potentialAction":[{"@type":"SearchAction","target":{"@type":"EntryPoint","urlTemplate":"https:\/\/www.urlaubcornwall.de\/blog\/?s={search_term_string}"},"query-input":"required name=search_term_string"}],"inLanguage":"en-US"},{"@type":"WebPage","@id":"https:\/\/www.urlaubcornwall.de\/blog\/creekside-cottage-ferienhaus-fowey-cornwall\/","url":"https:\/\/www.urlaubcornwall.de\/blog\/creekside-cottage-ferienhaus-fowey-cornwall\/","name":"Creekside Cottage - Ferienhaus Fowey Cornwall - Urlaub &amp; Reisen","isPartOf":{"@id":"https:\/\/www.urlaubcornwall.de\/blog\/#website"},"datePublished":"2014-01-04T13:15:32+00:00","dateModified":"2021-07-12T08:54:04+00:00","breadcrumb":{"@id":"https:\/\/www.urlaubcornwall.de\/blog\/creekside-cottage-ferienhaus-fowey-cornwall\/#breadcrumb"},"inLanguage":"en-US","potentialAction":[{"@type":"ReadAction","target":["https:\/\/www.urlaubcornwall.de\/blog\/creekside-cottage-ferienhaus-fowey-cornwall\/"]}]},{"@type":"BreadcrumbList","@id":"https:\/\/www.urlaubcornwall.de\/blog\/creekside-cottage-ferienhaus-fowey-cornwall\/#breadcrumb","itemListElement":[{"@type":"ListItem","position":1,"name":"Home","item":"https:\/\/www.urlaubcornwall.de\/blog\/"},{"@type":"ListItem","position":2,"name":"Creekside Cottage &#8211; Ferienhaus Fowey Cornwall"}]}]}},"_links":{"self":[{"href":"https:\/\/www.urlaubcornwall.de\/blog\/wp-json\/wp\/v2\/pages\/12120"}],"collection":[{"href":"https:\/\/www.urlaubcornwall.de\/blog\/wp-json\/wp\/v2\/pages"}],"about":[{"href":"https:\/\/www.urlaubcornwall.de\/blog\/wp-json\/wp\/v2\/types\/page"}],"author":[{"embeddable":true,"href":"https:\/\/www.urlaubcornwall.de\/blog\/wp-json\/wp\/v2\/users\/1"}],"replies":[{"embeddable":true,"href":"https:\/\/www.urlaubcornwall.de\/blog\/wp-json\/wp\/v2\/comments?post=12120"}],"version-history":[{"count":8,"href":"https:\/\/www.urlaubcornwall.de\/blog\/wp-json\/wp\/v2\/pages\/12120\/revisions"}],"predecessor-version":[{"id":41814,"href":"https:\/\/www.urlaubcornwall.de\/blog\/wp-json\/wp\/v2\/pages\/12120\/revisions\/41814"}],"wp:attachment":[{"href":"https:\/\/www.urlaubcornwall.de\/blog\/wp-json\/wp\/v2\/media?parent=12120"}],"curies":[{"name":"wp","href":"https:\/\/api.w.org\/{rel}","templated":true}]}}