{"id":12118,"date":"2014-01-04T13:14:43","date_gmt":"2014-01-04T13:14:43","guid":{"rendered":"https:\/\/www.urlaubcornwall.de\/blog\/?page_id=12118"},"modified":"2021-07-12T08:07:51","modified_gmt":"2021-07-12T08:07:51","slug":"blue-horizon-ferienhaus-fowey-cornwall","status":"publish","type":"page","link":"https:\/\/www.urlaubcornwall.de\/blog\/blue-horizon-ferienhaus-fowey-cornwall\/","title":{"rendered":"Blue Horizon &#8211; Ferienhaus Fowey Cornwall"},"content":{"rendered":"<p><strong>Ferienhaus mit Meerblick Fowey, S\u00fcdk\u00fcste Cornwall | 1 Schlafzimmer | Schlafplatz f\u00fcr 2 | leider keine Haustiere erlaubt\u00a0 | <b>Preisspanne <\/b>G\u00a0(\u00a3351\u00a0&#8211;\u00a0\u00a3834)<\/strong><\/p>\n<p>Mit weitreichendem Meeresblick und einem beheizten Swimming Pool ist Blue Horizon eine idyllische Ferienunterkunft; angegliedert an das Haus der Besitzer, oberhalb der Segelstadt Fowey gelegen. Sie begehen dieses ebenerdige Appartement vom sonnigen Vorhof aus, wo sich auch der Pool und Hot Tub (diese werden gelegentlich von den Besitzern mit benutzt) befinden, umrahmt von exotischen Palmen.<\/p>\n<p>Im Innern finden Sie eine zeitgen\u00f6ssische, hervorragende Einrichtung, und Sie haben einen unvergleichbaren Blick hin zur Fowey Flussm\u00fcndung und dem gegen\u00fcber liegenden Dorf <a href=\"https:\/\/www.urlaubcornwall.de\/ferienhaeuser-fewos\/polruan.html\">Polruan<\/a>. Durch die Terrassent\u00fcren des Wohnzimmers haben Sie den besten Blick; und auch die Terrasse an sich ist geradezu ideal, den Booten beim An- und Ablegen vom Hafen zuzuschauen. Das ger\u00e4umige Schlafzimmer bietet dieselbe Sicht, w\u00e4hrend die gut ausgestattete K\u00fcche und Essbereich \u00fcber den Parkplatz hinweg den Blick in l\u00e4ndliche Gefilde mit Feldern und B\u00e4umen schweifen l\u00e4sst.<\/p>\n<p>Nur einen kurzen Fu\u00dfmarsch entfernt, befindet sich der Stadtkern Foweys mit steilen, engen Str\u00e4\u00dfchen und einer Vielfalt an bezaubernden Gesch\u00e4ften, Restaurants und Teeh\u00e4usern. Die <a href=\"https:\/\/www.urlaubcornwall.de\/ferienhaeuser-fewos\/bodinnick-by-fowey.html\">Bodinnick Autof\u00e4hre<\/a> \u00fcberquert den Fluss nach <a href=\"https:\/\/www.urlaubcornwall.de\/ferienhaeuser-fewos\/polperro.html\">Polperro<\/a> und <a href=\"https:\/\/www.urlaubcornwall.de\/ferienhaeuser-fewos\/looe.html\">Looe<\/a>, die weiter \u00f6stlich gelegen sind, w\u00e4hrend sich das <a href=\"https:\/\/www.urlaubcornwall.de\/blog\/all-das-was-sie-schon-immer-ueber-das-eden-project-wissen-wollten\/\">Eden Project<\/a> und die Heligan G\u00e4rten mehr im Westen befinden.<\/p>\n<p style=\"text-align: center;\"><a class=\"tidycta\" href=\"https:\/\/www.urlaubcornwall.de\/ferienhaeuser-fewos\/fowey.html\">Ferienh\u00e4user in Fowey<\/a><\/p>\n<p><b>Einrichtungen<\/b><\/p>\n<ul>\n<li>Parkplatz f\u00fcr 1 Auto<\/li>\n<li>Brennstoff und Strom inbegriffen<\/li>\n<li>Internetzugang<\/li>\n<li>Bettw\u00e4sche und Handt\u00fccher inbegriffen<\/li>\n<li>Gartenm\u00f6bel<\/li>\n<li>Laden 1,5 km.<\/li>\n<li>Pub 700 m<\/li>\n<li>M\u00fcnztelefon 150 m<\/li>\n<li>keine Kinder unter 2 Jahre alt<\/li>\n<li>Rauchen verboten<\/li>\n<li>Keine Hunde erlaubt<\/li>\n<li>Ankunftstag Freitag<\/li>\n<\/ul>\n<p><a href=\"http:\/\/www.urlaubcornwall.de\/ferienhaeuser-fewos\/fowey.html\"><span style=\"text-decoration: underline;\"><strong>20 Ferienh\u00e4user und Ferienwohnungen in Fowey<\/strong><\/span><strong> &gt;&gt;<\/strong><\/a><\/p>\n<p><strong>Um UrlaubCornwall.de einzigartige Kollektion nach Ihrem idealen Ferienhaus zu durchsuchen.<\/strong> <a href=\"http:\/\/www.urlaubcornwall.de\/ferienhaeuser-fewos.php\"><span style=\"text-decoration: underline;\"><strong>Klicken Sie hier &gt;&gt;<\/strong><\/span><\/a><\/p>\n","protected":false},"excerpt":{"rendered":"<p>Ferienhaus mit Meerblick Fowey, S\u00fcdk\u00fcste Cornwall | 1 Schlafzimmer | Schlafplatz f\u00fcr 2 | leider keine Haustiere erlaubt\u00a0 | Preisspanne G\u00a0(\u00a3351\u00a0&#8211;\u00a0\u00a3834) Mit weitreichendem Meeresblick und einem beheizten Swimming Pool ist Blue Horizon eine idyllische Ferienunterkunft; angegliedert an das Haus der Besitzer, oberhalb der Segelstadt Fowey gelegen. Sie begehen dieses ebenerdige Appartement vom sonnigen Vorhof aus, [&hellip;]<\/p>\n","protected":false},"author":1,"featured_media":0,"parent":0,"menu_order":0,"comment_status":"closed","ping_status":"closed","template":"single-two.php","meta":[],"acf":[],"yoast_head":"<!-- This site is optimized with the Yoast SEO plugin v19.4 - https:\/\/yoast.com\/wordpress\/plugins\/seo\/ -->\n<title>Blue Horizon - Ferienhaus Fowey Cornwall - Urlaub &amp; Reisen<\/title>\n<meta name=\"robots\" content=\"index, follow, max-snippet:-1, max-image-preview:large, max-video-preview:-1\" \/>\n<link rel=\"canonical\" href=\"https:\/\/www.urlaubcornwall.de\/blog\/blue-horizon-ferienhaus-fowey-cornwall\/\" \/>\n<meta property=\"og:locale\" content=\"en_US\" \/>\n<meta property=\"og:type\" content=\"article\" \/>\n<meta property=\"og:title\" content=\"Blue Horizon - Ferienhaus Fowey Cornwall - Urlaub &amp; Reisen\" \/>\n<meta property=\"og:description\" content=\"Ferienhaus mit Meerblick Fowey, S\u00fcdk\u00fcste Cornwall | 1 Schlafzimmer | Schlafplatz f\u00fcr 2 | leider keine Haustiere erlaubt\u00a0 | Preisspanne G\u00a0(\u00a3351\u00a0&#8211;\u00a0\u00a3834) Mit weitreichendem Meeresblick und einem beheizten Swimming Pool ist Blue Horizon eine idyllische Ferienunterkunft; angegliedert an das Haus der Besitzer, oberhalb der Segelstadt Fowey gelegen. Sie begehen dieses ebenerdige Appartement vom sonnigen Vorhof aus, [&hellip;]\" \/>\n<meta property=\"og:url\" content=\"https:\/\/www.urlaubcornwall.de\/blog\/blue-horizon-ferienhaus-fowey-cornwall\/\" \/>\n<meta property=\"og:site_name\" content=\"Urlaub &amp; Reisen\" \/>\n<meta property=\"article:modified_time\" content=\"2021-07-12T08:07:51+00:00\" \/>\n<meta name=\"twitter:card\" content=\"summary\" \/>\n<meta name=\"twitter:label1\" content=\"Est. reading time\" \/>\n\t<meta name=\"twitter:data1\" content=\"1 minute\" \/>\n<script type=\"application\/ld+json\" class=\"yoast-schema-graph\">{\"@context\":\"https:\/\/schema.org\",\"@graph\":[{\"@type\":\"WebSite\",\"@id\":\"https:\/\/www.urlaubcornwall.de\/blog\/#website\",\"url\":\"https:\/\/www.urlaubcornwall.de\/blog\/\",\"name\":\"Urlaub &amp; Reisen\",\"description\":\"Urlaub, Reisen, Cornwall und S\u00fcdengland: eine perfekte Kombination\",\"potentialAction\":[{\"@type\":\"SearchAction\",\"target\":{\"@type\":\"EntryPoint\",\"urlTemplate\":\"https:\/\/www.urlaubcornwall.de\/blog\/?s={search_term_string}\"},\"query-input\":\"required name=search_term_string\"}],\"inLanguage\":\"en-US\"},{\"@type\":\"WebPage\",\"@id\":\"https:\/\/www.urlaubcornwall.de\/blog\/blue-horizon-ferienhaus-fowey-cornwall\/\",\"url\":\"https:\/\/www.urlaubcornwall.de\/blog\/blue-horizon-ferienhaus-fowey-cornwall\/\",\"name\":\"Blue Horizon - Ferienhaus Fowey Cornwall - Urlaub &amp; Reisen\",\"isPartOf\":{\"@id\":\"https:\/\/www.urlaubcornwall.de\/blog\/#website\"},\"datePublished\":\"2014-01-04T13:14:43+00:00\",\"dateModified\":\"2021-07-12T08:07:51+00:00\",\"breadcrumb\":{\"@id\":\"https:\/\/www.urlaubcornwall.de\/blog\/blue-horizon-ferienhaus-fowey-cornwall\/#breadcrumb\"},\"inLanguage\":\"en-US\",\"potentialAction\":[{\"@type\":\"ReadAction\",\"target\":[\"https:\/\/www.urlaubcornwall.de\/blog\/blue-horizon-ferienhaus-fowey-cornwall\/\"]}]},{\"@type\":\"BreadcrumbList\",\"@id\":\"https:\/\/www.urlaubcornwall.de\/blog\/blue-horizon-ferienhaus-fowey-cornwall\/#breadcrumb\",\"itemListElement\":[{\"@type\":\"ListItem\",\"position\":1,\"name\":\"Home\",\"item\":\"https:\/\/www.urlaubcornwall.de\/blog\/\"},{\"@type\":\"ListItem\",\"position\":2,\"name\":\"Blue Horizon &#8211; Ferienhaus Fowey Cornwall\"}]}]}<\/script>\n<!-- \/ Yoast SEO plugin. -->","yoast_head_json":{"title":"Blue Horizon - Ferienhaus Fowey Cornwall - Urlaub &amp; Reisen","robots":{"index":"index","follow":"follow","max-snippet":"max-snippet:-1","max-image-preview":"max-image-preview:large","max-video-preview":"max-video-preview:-1"},"canonical":"https:\/\/www.urlaubcornwall.de\/blog\/blue-horizon-ferienhaus-fowey-cornwall\/","og_locale":"en_US","og_type":"article","og_title":"Blue Horizon - Ferienhaus Fowey Cornwall - Urlaub &amp; Reisen","og_description":"Ferienhaus mit Meerblick Fowey, S\u00fcdk\u00fcste Cornwall | 1 Schlafzimmer | Schlafplatz f\u00fcr 2 | leider keine Haustiere erlaubt\u00a0 | Preisspanne G\u00a0(\u00a3351\u00a0&#8211;\u00a0\u00a3834) Mit weitreichendem Meeresblick und einem beheizten Swimming Pool ist Blue Horizon eine idyllische Ferienunterkunft; angegliedert an das Haus der Besitzer, oberhalb der Segelstadt Fowey gelegen. Sie begehen dieses ebenerdige Appartement vom sonnigen Vorhof aus, [&hellip;]","og_url":"https:\/\/www.urlaubcornwall.de\/blog\/blue-horizon-ferienhaus-fowey-cornwall\/","og_site_name":"Urlaub &amp; Reisen","article_modified_time":"2021-07-12T08:07:51+00:00","twitter_card":"summary","twitter_misc":{"Est. reading time":"1 minute"},"schema":{"@context":"https:\/\/schema.org","@graph":[{"@type":"WebSite","@id":"https:\/\/www.urlaubcornwall.de\/blog\/#website","url":"https:\/\/www.urlaubcornwall.de\/blog\/","name":"Urlaub &amp; Reisen","description":"Urlaub, Reisen, Cornwall und S\u00fcdengland: eine perfekte Kombination","potentialAction":[{"@type":"SearchAction","target":{"@type":"EntryPoint","urlTemplate":"https:\/\/www.urlaubcornwall.de\/blog\/?s={search_term_string}"},"query-input":"required name=search_term_string"}],"inLanguage":"en-US"},{"@type":"WebPage","@id":"https:\/\/www.urlaubcornwall.de\/blog\/blue-horizon-ferienhaus-fowey-cornwall\/","url":"https:\/\/www.urlaubcornwall.de\/blog\/blue-horizon-ferienhaus-fowey-cornwall\/","name":"Blue Horizon - Ferienhaus Fowey Cornwall - Urlaub &amp; Reisen","isPartOf":{"@id":"https:\/\/www.urlaubcornwall.de\/blog\/#website"},"datePublished":"2014-01-04T13:14:43+00:00","dateModified":"2021-07-12T08:07:51+00:00","breadcrumb":{"@id":"https:\/\/www.urlaubcornwall.de\/blog\/blue-horizon-ferienhaus-fowey-cornwall\/#breadcrumb"},"inLanguage":"en-US","potentialAction":[{"@type":"ReadAction","target":["https:\/\/www.urlaubcornwall.de\/blog\/blue-horizon-ferienhaus-fowey-cornwall\/"]}]},{"@type":"BreadcrumbList","@id":"https:\/\/www.urlaubcornwall.de\/blog\/blue-horizon-ferienhaus-fowey-cornwall\/#breadcrumb","itemListElement":[{"@type":"ListItem","position":1,"name":"Home","item":"https:\/\/www.urlaubcornwall.de\/blog\/"},{"@type":"ListItem","position":2,"name":"Blue Horizon &#8211; Ferienhaus Fowey Cornwall"}]}]}},"_links":{"self":[{"href":"https:\/\/www.urlaubcornwall.de\/blog\/wp-json\/wp\/v2\/pages\/12118"}],"collection":[{"href":"https:\/\/www.urlaubcornwall.de\/blog\/wp-json\/wp\/v2\/pages"}],"about":[{"href":"https:\/\/www.urlaubcornwall.de\/blog\/wp-json\/wp\/v2\/types\/page"}],"author":[{"embeddable":true,"href":"https:\/\/www.urlaubcornwall.de\/blog\/wp-json\/wp\/v2\/users\/1"}],"replies":[{"embeddable":true,"href":"https:\/\/www.urlaubcornwall.de\/blog\/wp-json\/wp\/v2\/comments?post=12118"}],"version-history":[{"count":12,"href":"https:\/\/www.urlaubcornwall.de\/blog\/wp-json\/wp\/v2\/pages\/12118\/revisions"}],"predecessor-version":[{"id":41789,"href":"https:\/\/www.urlaubcornwall.de\/blog\/wp-json\/wp\/v2\/pages\/12118\/revisions\/41789"}],"wp:attachment":[{"href":"https:\/\/www.urlaubcornwall.de\/blog\/wp-json\/wp\/v2\/media?parent=12118"}],"curies":[{"name":"wp","href":"https:\/\/api.w.org\/{rel}","templated":true}]}}