{"id":12116,"date":"2014-01-04T13:13:01","date_gmt":"2014-01-04T13:13:01","guid":{"rendered":"https:\/\/www.urlaubcornwall.de\/blog\/?page_id=12116"},"modified":"2021-08-08T10:14:30","modified_gmt":"2021-08-08T10:14:30","slug":"lower-trenarthan-ferienhaus-mit-meerblick-penzance-cornwall","status":"publish","type":"page","link":"https:\/\/www.urlaubcornwall.de\/blog\/lower-trenarthan-ferienhaus-mit-meerblick-penzance-cornwall\/","title":{"rendered":"Lower Trenarthan &#8211; Ferienhaus mit Meerblick Penzance Cornwall"},"content":{"rendered":"<p><strong>Ferienhaus mit Meerblick Penzance, West-Cornwall | 2 Schlafzimmer | Schlafplatz f\u00fcr 6 + Kinderbett| leider keine Haustiere erlaubt |\u00a0<b>Preisspanne<\/b> L (\u00a3447 &#8211; \u00a31170)<\/strong><\/p>\n<p>Von diesem entz\u00fcckenden Eco- Ferienhaus mit Solarplatten und einer Erdw\u00e4rmepumpe\u00a0 aus haben Sie einen atemberaubenden Panorama-Meeresblick. Lower Trenarthan liegt an einem H\u00fcgel der Hafenstadt Penzance, hinter einem der besten Restaurants der Stadt und bietet eine perfekte R\u00fcckzugsm\u00f6glichkeit.<\/p>\n<p>Stellen Sie Ihre Autos an der steilen Einfahrt ab und betreten Sie diese zeitgen\u00f6ssische Unterkunft, wo sich im Erdgeschoss ein gro\u00dfz\u00fcgiges Kinderschlafzimmer befindet, ausgestattet f\u00fcr vier Kinder mit zwei wundersch\u00f6nen Stockbetten (NUR f\u00fcr Kinder) und einem modernen Duschraum. Eichentreppen f\u00fchren hinauf zu einem bezaubernden, verglasten offenen Wohnzimmer mit Balkon und herrlichem Blick \u00fcber Mount\u2019s Bay und den Hafen von Penzance. Einen noch weiteren Blick bekommen Sie mittels des Fernglases, das sich auf einem Stativ mit R\u00e4dern befindet.<\/p>\n<p>Sie finden s\u00e4mtliche moderne Bequemlichkeiten, wie ferngesteuerte Lichter und Verdunkelungen, einen gro\u00dfen Fernseher mit Rundum-Klang und einen gut ausgestattete K\u00fcchenbereich, von dem aus Sie den Hafen von Penzance sehen. Das Hauptschlafzimmer weist ein gro\u00dfes Bett mit luxuri\u00f6ser Matratze auf, eine Doppeldusche und Doppelwaschbecken. Wonach mehr also verlangen?<\/p>\n<p style=\"text-align: center;\"><a class=\"tidycta\" href=\"https:\/\/www.urlaubcornwall.de\/ferienhaeuser-fewos\/penzance.html\">Suche Ferienh\u00e4user<\/a><\/p>\n<p><strong>Einrichtungen<\/strong><\/p>\n<p>\u2022 Parkplatz f\u00fcr 3 Autos<br \/>\n\u2022 Brennstoff und Strom inbegriffen<br \/>\n\u2022 Bettw\u00e4sche und Handt\u00fccher inbegriffen<br \/>\n\u2022 Gartenm\u00f6bel<br \/>\n\u2022 Laden 300 m<br \/>\n\u2022 Pub 300 m<br \/>\n\u2022 M\u00fcnztelefon 300 m<br \/>\n\u2022 Golfplatz 10km<br \/>\n\u2022 Rauchen verboten<br \/>\n\u2022 Keine Hunde erlaubt<br \/>\n\u2022 Ankunftstag Freitag<\/p>\n<p><a href=\"https:\/\/www.urlaubcornwall.de\/ferienhaeuser-fewos\/penzance.html\"><span style=\"text-decoration: underline;\"><strong>Ferienh\u00e4user und Ferienwohnungen in Penzance<\/strong><\/span><strong> &gt;&gt;<\/strong><\/a><\/p>\n<p><strong>Um Classic Cottages einzigartige Kollektion nach Ihrem idealen Ferienhaus zu durchsuchen.<\/strong> <a href=\"https:\/\/www.urlaubcornwall.de\/ferienhaeuser\/cornwall.php\"><span style=\"text-decoration: underline;\"><strong>Klicken Sie hier &gt;&gt;<\/strong><\/span><\/a><\/p>\n","protected":false},"excerpt":{"rendered":"<p>Ferienhaus mit Meerblick Penzance, West-Cornwall | 2 Schlafzimmer | Schlafplatz f\u00fcr 6 + Kinderbett| leider keine Haustiere erlaubt |\u00a0Preisspanne L (\u00a3447 &#8211; \u00a31170) Von diesem entz\u00fcckenden Eco- Ferienhaus mit Solarplatten und einer Erdw\u00e4rmepumpe\u00a0 aus haben Sie einen atemberaubenden Panorama-Meeresblick. Lower Trenarthan liegt an einem H\u00fcgel der Hafenstadt Penzance, hinter einem der besten Restaurants der Stadt [&hellip;]<\/p>\n","protected":false},"author":1,"featured_media":0,"parent":0,"menu_order":0,"comment_status":"closed","ping_status":"closed","template":"single-two.php","meta":[],"acf":[],"yoast_head":"<!-- This site is optimized with the Yoast SEO plugin v19.4 - https:\/\/yoast.com\/wordpress\/plugins\/seo\/ -->\n<title>Lower Trenarthan - Ferienhaus mit Meerblick Penzance Cornwall - Urlaub &amp; Reisen<\/title>\n<meta name=\"robots\" content=\"index, follow, max-snippet:-1, max-image-preview:large, max-video-preview:-1\" \/>\n<link rel=\"canonical\" href=\"https:\/\/www.urlaubcornwall.de\/blog\/lower-trenarthan-ferienhaus-mit-meerblick-penzance-cornwall\/\" \/>\n<meta property=\"og:locale\" content=\"en_US\" \/>\n<meta property=\"og:type\" content=\"article\" \/>\n<meta property=\"og:title\" content=\"Lower Trenarthan - Ferienhaus mit Meerblick Penzance Cornwall - Urlaub &amp; Reisen\" \/>\n<meta property=\"og:description\" content=\"Ferienhaus mit Meerblick Penzance, West-Cornwall | 2 Schlafzimmer | Schlafplatz f\u00fcr 6 + Kinderbett| leider keine Haustiere erlaubt |\u00a0Preisspanne L (\u00a3447 &#8211; \u00a31170) Von diesem entz\u00fcckenden Eco- Ferienhaus mit Solarplatten und einer Erdw\u00e4rmepumpe\u00a0 aus haben Sie einen atemberaubenden Panorama-Meeresblick. Lower Trenarthan liegt an einem H\u00fcgel der Hafenstadt Penzance, hinter einem der besten Restaurants der Stadt [&hellip;]\" \/>\n<meta property=\"og:url\" content=\"https:\/\/www.urlaubcornwall.de\/blog\/lower-trenarthan-ferienhaus-mit-meerblick-penzance-cornwall\/\" \/>\n<meta property=\"og:site_name\" content=\"Urlaub &amp; Reisen\" \/>\n<meta property=\"article:modified_time\" content=\"2021-08-08T10:14:30+00:00\" \/>\n<meta name=\"twitter:card\" content=\"summary\" \/>\n<meta name=\"twitter:label1\" content=\"Est. reading time\" \/>\n\t<meta name=\"twitter:data1\" content=\"1 minute\" \/>\n<script type=\"application\/ld+json\" class=\"yoast-schema-graph\">{\"@context\":\"https:\/\/schema.org\",\"@graph\":[{\"@type\":\"WebSite\",\"@id\":\"https:\/\/www.urlaubcornwall.de\/blog\/#website\",\"url\":\"https:\/\/www.urlaubcornwall.de\/blog\/\",\"name\":\"Urlaub &amp; Reisen\",\"description\":\"Urlaub, Reisen, Cornwall und S\u00fcdengland: eine perfekte Kombination\",\"potentialAction\":[{\"@type\":\"SearchAction\",\"target\":{\"@type\":\"EntryPoint\",\"urlTemplate\":\"https:\/\/www.urlaubcornwall.de\/blog\/?s={search_term_string}\"},\"query-input\":\"required name=search_term_string\"}],\"inLanguage\":\"en-US\"},{\"@type\":\"WebPage\",\"@id\":\"https:\/\/www.urlaubcornwall.de\/blog\/lower-trenarthan-ferienhaus-mit-meerblick-penzance-cornwall\/\",\"url\":\"https:\/\/www.urlaubcornwall.de\/blog\/lower-trenarthan-ferienhaus-mit-meerblick-penzance-cornwall\/\",\"name\":\"Lower Trenarthan - Ferienhaus mit Meerblick Penzance Cornwall - Urlaub &amp; Reisen\",\"isPartOf\":{\"@id\":\"https:\/\/www.urlaubcornwall.de\/blog\/#website\"},\"datePublished\":\"2014-01-04T13:13:01+00:00\",\"dateModified\":\"2021-08-08T10:14:30+00:00\",\"breadcrumb\":{\"@id\":\"https:\/\/www.urlaubcornwall.de\/blog\/lower-trenarthan-ferienhaus-mit-meerblick-penzance-cornwall\/#breadcrumb\"},\"inLanguage\":\"en-US\",\"potentialAction\":[{\"@type\":\"ReadAction\",\"target\":[\"https:\/\/www.urlaubcornwall.de\/blog\/lower-trenarthan-ferienhaus-mit-meerblick-penzance-cornwall\/\"]}]},{\"@type\":\"BreadcrumbList\",\"@id\":\"https:\/\/www.urlaubcornwall.de\/blog\/lower-trenarthan-ferienhaus-mit-meerblick-penzance-cornwall\/#breadcrumb\",\"itemListElement\":[{\"@type\":\"ListItem\",\"position\":1,\"name\":\"Home\",\"item\":\"https:\/\/www.urlaubcornwall.de\/blog\/\"},{\"@type\":\"ListItem\",\"position\":2,\"name\":\"Lower Trenarthan &#8211; Ferienhaus mit Meerblick Penzance Cornwall\"}]}]}<\/script>\n<!-- \/ Yoast SEO plugin. -->","yoast_head_json":{"title":"Lower Trenarthan - Ferienhaus mit Meerblick Penzance Cornwall - Urlaub &amp; Reisen","robots":{"index":"index","follow":"follow","max-snippet":"max-snippet:-1","max-image-preview":"max-image-preview:large","max-video-preview":"max-video-preview:-1"},"canonical":"https:\/\/www.urlaubcornwall.de\/blog\/lower-trenarthan-ferienhaus-mit-meerblick-penzance-cornwall\/","og_locale":"en_US","og_type":"article","og_title":"Lower Trenarthan - Ferienhaus mit Meerblick Penzance Cornwall - Urlaub &amp; Reisen","og_description":"Ferienhaus mit Meerblick Penzance, West-Cornwall | 2 Schlafzimmer | Schlafplatz f\u00fcr 6 + Kinderbett| leider keine Haustiere erlaubt |\u00a0Preisspanne L (\u00a3447 &#8211; \u00a31170) Von diesem entz\u00fcckenden Eco- Ferienhaus mit Solarplatten und einer Erdw\u00e4rmepumpe\u00a0 aus haben Sie einen atemberaubenden Panorama-Meeresblick. Lower Trenarthan liegt an einem H\u00fcgel der Hafenstadt Penzance, hinter einem der besten Restaurants der Stadt [&hellip;]","og_url":"https:\/\/www.urlaubcornwall.de\/blog\/lower-trenarthan-ferienhaus-mit-meerblick-penzance-cornwall\/","og_site_name":"Urlaub &amp; Reisen","article_modified_time":"2021-08-08T10:14:30+00:00","twitter_card":"summary","twitter_misc":{"Est. reading time":"1 minute"},"schema":{"@context":"https:\/\/schema.org","@graph":[{"@type":"WebSite","@id":"https:\/\/www.urlaubcornwall.de\/blog\/#website","url":"https:\/\/www.urlaubcornwall.de\/blog\/","name":"Urlaub &amp; Reisen","description":"Urlaub, Reisen, Cornwall und S\u00fcdengland: eine perfekte Kombination","potentialAction":[{"@type":"SearchAction","target":{"@type":"EntryPoint","urlTemplate":"https:\/\/www.urlaubcornwall.de\/blog\/?s={search_term_string}"},"query-input":"required name=search_term_string"}],"inLanguage":"en-US"},{"@type":"WebPage","@id":"https:\/\/www.urlaubcornwall.de\/blog\/lower-trenarthan-ferienhaus-mit-meerblick-penzance-cornwall\/","url":"https:\/\/www.urlaubcornwall.de\/blog\/lower-trenarthan-ferienhaus-mit-meerblick-penzance-cornwall\/","name":"Lower Trenarthan - Ferienhaus mit Meerblick Penzance Cornwall - Urlaub &amp; Reisen","isPartOf":{"@id":"https:\/\/www.urlaubcornwall.de\/blog\/#website"},"datePublished":"2014-01-04T13:13:01+00:00","dateModified":"2021-08-08T10:14:30+00:00","breadcrumb":{"@id":"https:\/\/www.urlaubcornwall.de\/blog\/lower-trenarthan-ferienhaus-mit-meerblick-penzance-cornwall\/#breadcrumb"},"inLanguage":"en-US","potentialAction":[{"@type":"ReadAction","target":["https:\/\/www.urlaubcornwall.de\/blog\/lower-trenarthan-ferienhaus-mit-meerblick-penzance-cornwall\/"]}]},{"@type":"BreadcrumbList","@id":"https:\/\/www.urlaubcornwall.de\/blog\/lower-trenarthan-ferienhaus-mit-meerblick-penzance-cornwall\/#breadcrumb","itemListElement":[{"@type":"ListItem","position":1,"name":"Home","item":"https:\/\/www.urlaubcornwall.de\/blog\/"},{"@type":"ListItem","position":2,"name":"Lower Trenarthan &#8211; Ferienhaus mit Meerblick Penzance Cornwall"}]}]}},"_links":{"self":[{"href":"https:\/\/www.urlaubcornwall.de\/blog\/wp-json\/wp\/v2\/pages\/12116"}],"collection":[{"href":"https:\/\/www.urlaubcornwall.de\/blog\/wp-json\/wp\/v2\/pages"}],"about":[{"href":"https:\/\/www.urlaubcornwall.de\/blog\/wp-json\/wp\/v2\/types\/page"}],"author":[{"embeddable":true,"href":"https:\/\/www.urlaubcornwall.de\/blog\/wp-json\/wp\/v2\/users\/1"}],"replies":[{"embeddable":true,"href":"https:\/\/www.urlaubcornwall.de\/blog\/wp-json\/wp\/v2\/comments?post=12116"}],"version-history":[{"count":8,"href":"https:\/\/www.urlaubcornwall.de\/blog\/wp-json\/wp\/v2\/pages\/12116\/revisions"}],"predecessor-version":[{"id":42113,"href":"https:\/\/www.urlaubcornwall.de\/blog\/wp-json\/wp\/v2\/pages\/12116\/revisions\/42113"}],"wp:attachment":[{"href":"https:\/\/www.urlaubcornwall.de\/blog\/wp-json\/wp\/v2\/media?parent=12116"}],"curies":[{"name":"wp","href":"https:\/\/api.w.org\/{rel}","templated":true}]}}