{"id":12114,"date":"2014-01-04T13:12:01","date_gmt":"2014-01-04T13:12:01","guid":{"rendered":"https:\/\/www.urlaubcornwall.de\/blog\/?page_id=12114"},"modified":"2021-08-31T13:28:35","modified_gmt":"2021-08-31T13:28:35","slug":"roskennals-granary-ferienhaus-penzance-west-cornwall","status":"publish","type":"page","link":"https:\/\/www.urlaubcornwall.de\/blog\/roskennals-granary-ferienhaus-penzance-west-cornwall\/","title":{"rendered":"Roskennals Granary &#8211; Ferienhaus Penzance West-Cornwall"},"content":{"rendered":"<p><strong>Ferienhaus 4.7 Kilometer W von Penzance, West-Cornwall | 2 Schlafzimmer | Schlafplatz f\u00fcr 4 + Kinderbett | hundefreundlich |\u00a0<b>Preisspanne<\/b> L (\u00a3447 &#8211; \u00a31170)<\/strong><\/p>\n<p>Roskennals Granary ist ein au\u00dferordentliches Ferienhaus, ehemals eine separate Kornkammer, und befindet sich in einem abgeschiedenen bewaldeten Tal auf dem Grundst\u00fcck des Hauses der Besitzer und \u00fcber einen Hof zug\u00e4nglich. Eine stabile Eichentreppe f\u00fchrt zum offenen Obergeschoss mit Eichenboden und einer eleganten K\u00fcche mit Granitarbeitsfl\u00e4chen.<\/p>\n<p style=\"text-align: center;\"><a class=\"tidycta\" href=\"https:\/\/www.urlaubcornwall.de\/ferienhaeuser-fewos\/penzance.html\"><\/a>Suche Ferienh\u00e4user Penzance<\/p>\n<p>Das Erdgeschoss ist wundersch\u00f6n ausgestattet mit Schieferboden, und in den Schlafr\u00e4umen finden Sie Bettbez\u00fcge von hoher Qualit\u00e4t. Die nach Westen hin ausgerichtete Terrasse ist geradezu ideal, um den Nachmittagstee oder ein Glas Wein einzunehmen. G\u00e4ste d\u00fcrfen gerne auch die privaten Wiesen der Besitzer benutzen, die eingefasst sind von einem B\u00e4chlein, wie auch einen bezaubernden Teich und Unterschlupf, um V\u00f6gel zu beobachten (achten Sie bitte auf Ihre Kinder). Die idyllische Lage macht dieses Ferienhaus zu einem idealen Ausgangspunkt, um Orte wie\u00a0 Penzance, St Ives und Sennen zu erkunden.<\/p>\n<p><strong>Einrichtungen<\/strong><\/p>\n<p>\u2022 Parkplatz f\u00fcr 1 Auto<br \/>\n\u2022 Brennstoff und Strom inbegriffen<br \/>\n\u2022 Internetzugang<br \/>\n\u2022 Bettw\u00e4sche und Handt\u00fccher inbegriffen<br \/>\n\u2022 Gartenm\u00f6bel und BBQ<br \/>\n\u2022 Laden 5 km<br \/>\n\u2022 Pub 5 km<br \/>\n\u2022 M\u00fcnztelefon 100 m<br \/>\n\u2022 Golf platz 7 km.<br \/>\n\u2022 Rauchen verboten<br \/>\n\u2022 hundefreundlich (1 Hund).<br \/>\n\u2022 Ankunftstag Freitag<\/p>\n<p style=\"text-align: center;\"><a class=\"tidycta\" href=\"https:\/\/www.urlaubcornwall.de\/ferienhaeuser-fewos\/penzance.html\"><\/a>Suche Ferienh\u00e4user Penzance<\/p>\n","protected":false},"excerpt":{"rendered":"<p>Ferienhaus 4.7 Kilometer W von Penzance, West-Cornwall | 2 Schlafzimmer | Schlafplatz f\u00fcr 4 + Kinderbett | hundefreundlich |\u00a0Preisspanne L (\u00a3447 &#8211; \u00a31170) Roskennals Granary ist ein au\u00dferordentliches Ferienhaus, ehemals eine separate Kornkammer, und befindet sich in einem abgeschiedenen bewaldeten Tal auf dem Grundst\u00fcck des Hauses der Besitzer und \u00fcber einen Hof zug\u00e4nglich. Eine stabile [&hellip;]<\/p>\n","protected":false},"author":1,"featured_media":0,"parent":0,"menu_order":0,"comment_status":"closed","ping_status":"closed","template":"single-two.php","meta":[],"acf":[],"yoast_head":"<!-- This site is optimized with the Yoast SEO plugin v19.4 - https:\/\/yoast.com\/wordpress\/plugins\/seo\/ -->\n<title>Roskennals Granary - Ferienhaus Penzance West-Cornwall - Urlaub &amp; Reisen<\/title>\n<meta name=\"robots\" content=\"index, follow, max-snippet:-1, max-image-preview:large, max-video-preview:-1\" \/>\n<link rel=\"canonical\" href=\"https:\/\/www.urlaubcornwall.de\/blog\/roskennals-granary-ferienhaus-penzance-west-cornwall\/\" \/>\n<meta property=\"og:locale\" content=\"en_US\" \/>\n<meta property=\"og:type\" content=\"article\" \/>\n<meta property=\"og:title\" content=\"Roskennals Granary - Ferienhaus Penzance West-Cornwall - Urlaub &amp; Reisen\" \/>\n<meta property=\"og:description\" content=\"Ferienhaus 4.7 Kilometer W von Penzance, West-Cornwall | 2 Schlafzimmer | Schlafplatz f\u00fcr 4 + Kinderbett | hundefreundlich |\u00a0Preisspanne L (\u00a3447 &#8211; \u00a31170) Roskennals Granary ist ein au\u00dferordentliches Ferienhaus, ehemals eine separate Kornkammer, und befindet sich in einem abgeschiedenen bewaldeten Tal auf dem Grundst\u00fcck des Hauses der Besitzer und \u00fcber einen Hof zug\u00e4nglich. Eine stabile [&hellip;]\" \/>\n<meta property=\"og:url\" content=\"https:\/\/www.urlaubcornwall.de\/blog\/roskennals-granary-ferienhaus-penzance-west-cornwall\/\" \/>\n<meta property=\"og:site_name\" content=\"Urlaub &amp; Reisen\" \/>\n<meta property=\"article:modified_time\" content=\"2021-08-31T13:28:35+00:00\" \/>\n<meta name=\"twitter:card\" content=\"summary\" \/>\n<meta name=\"twitter:label1\" content=\"Est. reading time\" \/>\n\t<meta name=\"twitter:data1\" content=\"1 minute\" \/>\n<script type=\"application\/ld+json\" class=\"yoast-schema-graph\">{\"@context\":\"https:\/\/schema.org\",\"@graph\":[{\"@type\":\"WebSite\",\"@id\":\"https:\/\/www.urlaubcornwall.de\/blog\/#website\",\"url\":\"https:\/\/www.urlaubcornwall.de\/blog\/\",\"name\":\"Urlaub &amp; Reisen\",\"description\":\"Urlaub, Reisen, Cornwall und S\u00fcdengland: eine perfekte Kombination\",\"potentialAction\":[{\"@type\":\"SearchAction\",\"target\":{\"@type\":\"EntryPoint\",\"urlTemplate\":\"https:\/\/www.urlaubcornwall.de\/blog\/?s={search_term_string}\"},\"query-input\":\"required name=search_term_string\"}],\"inLanguage\":\"en-US\"},{\"@type\":\"WebPage\",\"@id\":\"https:\/\/www.urlaubcornwall.de\/blog\/roskennals-granary-ferienhaus-penzance-west-cornwall\/\",\"url\":\"https:\/\/www.urlaubcornwall.de\/blog\/roskennals-granary-ferienhaus-penzance-west-cornwall\/\",\"name\":\"Roskennals Granary - Ferienhaus Penzance West-Cornwall - Urlaub &amp; Reisen\",\"isPartOf\":{\"@id\":\"https:\/\/www.urlaubcornwall.de\/blog\/#website\"},\"datePublished\":\"2014-01-04T13:12:01+00:00\",\"dateModified\":\"2021-08-31T13:28:35+00:00\",\"breadcrumb\":{\"@id\":\"https:\/\/www.urlaubcornwall.de\/blog\/roskennals-granary-ferienhaus-penzance-west-cornwall\/#breadcrumb\"},\"inLanguage\":\"en-US\",\"potentialAction\":[{\"@type\":\"ReadAction\",\"target\":[\"https:\/\/www.urlaubcornwall.de\/blog\/roskennals-granary-ferienhaus-penzance-west-cornwall\/\"]}]},{\"@type\":\"BreadcrumbList\",\"@id\":\"https:\/\/www.urlaubcornwall.de\/blog\/roskennals-granary-ferienhaus-penzance-west-cornwall\/#breadcrumb\",\"itemListElement\":[{\"@type\":\"ListItem\",\"position\":1,\"name\":\"Home\",\"item\":\"https:\/\/www.urlaubcornwall.de\/blog\/\"},{\"@type\":\"ListItem\",\"position\":2,\"name\":\"Roskennals Granary &#8211; Ferienhaus Penzance West-Cornwall\"}]}]}<\/script>\n<!-- \/ Yoast SEO plugin. -->","yoast_head_json":{"title":"Roskennals Granary - Ferienhaus Penzance West-Cornwall - Urlaub &amp; Reisen","robots":{"index":"index","follow":"follow","max-snippet":"max-snippet:-1","max-image-preview":"max-image-preview:large","max-video-preview":"max-video-preview:-1"},"canonical":"https:\/\/www.urlaubcornwall.de\/blog\/roskennals-granary-ferienhaus-penzance-west-cornwall\/","og_locale":"en_US","og_type":"article","og_title":"Roskennals Granary - Ferienhaus Penzance West-Cornwall - Urlaub &amp; Reisen","og_description":"Ferienhaus 4.7 Kilometer W von Penzance, West-Cornwall | 2 Schlafzimmer | Schlafplatz f\u00fcr 4 + Kinderbett | hundefreundlich |\u00a0Preisspanne L (\u00a3447 &#8211; \u00a31170) Roskennals Granary ist ein au\u00dferordentliches Ferienhaus, ehemals eine separate Kornkammer, und befindet sich in einem abgeschiedenen bewaldeten Tal auf dem Grundst\u00fcck des Hauses der Besitzer und \u00fcber einen Hof zug\u00e4nglich. Eine stabile [&hellip;]","og_url":"https:\/\/www.urlaubcornwall.de\/blog\/roskennals-granary-ferienhaus-penzance-west-cornwall\/","og_site_name":"Urlaub &amp; Reisen","article_modified_time":"2021-08-31T13:28:35+00:00","twitter_card":"summary","twitter_misc":{"Est. reading time":"1 minute"},"schema":{"@context":"https:\/\/schema.org","@graph":[{"@type":"WebSite","@id":"https:\/\/www.urlaubcornwall.de\/blog\/#website","url":"https:\/\/www.urlaubcornwall.de\/blog\/","name":"Urlaub &amp; Reisen","description":"Urlaub, Reisen, Cornwall und S\u00fcdengland: eine perfekte Kombination","potentialAction":[{"@type":"SearchAction","target":{"@type":"EntryPoint","urlTemplate":"https:\/\/www.urlaubcornwall.de\/blog\/?s={search_term_string}"},"query-input":"required name=search_term_string"}],"inLanguage":"en-US"},{"@type":"WebPage","@id":"https:\/\/www.urlaubcornwall.de\/blog\/roskennals-granary-ferienhaus-penzance-west-cornwall\/","url":"https:\/\/www.urlaubcornwall.de\/blog\/roskennals-granary-ferienhaus-penzance-west-cornwall\/","name":"Roskennals Granary - Ferienhaus Penzance West-Cornwall - Urlaub &amp; Reisen","isPartOf":{"@id":"https:\/\/www.urlaubcornwall.de\/blog\/#website"},"datePublished":"2014-01-04T13:12:01+00:00","dateModified":"2021-08-31T13:28:35+00:00","breadcrumb":{"@id":"https:\/\/www.urlaubcornwall.de\/blog\/roskennals-granary-ferienhaus-penzance-west-cornwall\/#breadcrumb"},"inLanguage":"en-US","potentialAction":[{"@type":"ReadAction","target":["https:\/\/www.urlaubcornwall.de\/blog\/roskennals-granary-ferienhaus-penzance-west-cornwall\/"]}]},{"@type":"BreadcrumbList","@id":"https:\/\/www.urlaubcornwall.de\/blog\/roskennals-granary-ferienhaus-penzance-west-cornwall\/#breadcrumb","itemListElement":[{"@type":"ListItem","position":1,"name":"Home","item":"https:\/\/www.urlaubcornwall.de\/blog\/"},{"@type":"ListItem","position":2,"name":"Roskennals Granary &#8211; Ferienhaus Penzance West-Cornwall"}]}]}},"_links":{"self":[{"href":"https:\/\/www.urlaubcornwall.de\/blog\/wp-json\/wp\/v2\/pages\/12114"}],"collection":[{"href":"https:\/\/www.urlaubcornwall.de\/blog\/wp-json\/wp\/v2\/pages"}],"about":[{"href":"https:\/\/www.urlaubcornwall.de\/blog\/wp-json\/wp\/v2\/types\/page"}],"author":[{"embeddable":true,"href":"https:\/\/www.urlaubcornwall.de\/blog\/wp-json\/wp\/v2\/users\/1"}],"replies":[{"embeddable":true,"href":"https:\/\/www.urlaubcornwall.de\/blog\/wp-json\/wp\/v2\/comments?post=12114"}],"version-history":[{"count":7,"href":"https:\/\/www.urlaubcornwall.de\/blog\/wp-json\/wp\/v2\/pages\/12114\/revisions"}],"predecessor-version":[{"id":42315,"href":"https:\/\/www.urlaubcornwall.de\/blog\/wp-json\/wp\/v2\/pages\/12114\/revisions\/42315"}],"wp:attachment":[{"href":"https:\/\/www.urlaubcornwall.de\/blog\/wp-json\/wp\/v2\/media?parent=12114"}],"curies":[{"name":"wp","href":"https:\/\/api.w.org\/{rel}","templated":true}]}}