{"id":12112,"date":"2014-01-04T13:10:37","date_gmt":"2014-01-04T13:10:37","guid":{"rendered":"https:\/\/www.urlaubcornwall.de\/blog\/?page_id=12112"},"modified":"2021-08-31T13:26:46","modified_gmt":"2021-08-31T13:26:46","slug":"number-33-ferienhaus-penzance-cornwall","status":"publish","type":"page","link":"https:\/\/www.urlaubcornwall.de\/blog\/number-33-ferienhaus-penzance-cornwall\/","title":{"rendered":"Ferienhaus Penzance Cornwall- Number 33"},"content":{"rendered":"<p><strong>Ferienhaus strandnah Penzance, West-Cornwall | 3 Schlafzimmer | Schlafplatz f\u00fcr 4\/5 + Kinderbett | hundefreundlich | Preisspanne K (\u00a3426 &#8211; \u00a31110)<\/strong><\/p>\n<p>Chapel Street ist eine der \u00e4ltesten Stra\u00dfen von <a href=\"https:\/\/www.urlaubcornwall.de\/blog\/penzance-geschichte-sehenswuerdigkeiten-und-unterkunft\/\">Penzance<\/a>, in der sich Kunstgallerien, Restaurants und nicht zuletzt das ber\u00fchmte, von weither sichtbare Markenzeichen, n\u00e4mlich die St Mary\u2019s Kirche befinden. Gegen\u00fcber der Kirche liegt Number 33, ein bedachtsam restauriertes, denkmalgesch\u00fctztes dreist\u00f6ckiges Stadthaus mit Privatparkplatz, der sich nur 350 m weiter entfernt befindet. Dieses wundersch\u00f6ne Familienferienhaus ist der ideale Ort, um Batterien wieder aufzuladen und Ferien in der Marktstadt zu genie\u00dfen.<\/p>\n<p style=\"text-align: center;\"><a class=\"tidycta\" href=\"https:\/\/www.urlaubcornwall.de\/ferienhaeuser-fewos\/penzance.html\"><\/a>Suche Ferienh\u00e4user Penzance<\/p>\n<p>\u00dcber drei Stufen geht es hinauf zum Haupteingang, und der Flur f\u00fchrt vorbei am gem\u00fctlichen Wohnzimmer mit seinem offenen Feuer und an der Wand h\u00e4ngendem Plasmafernseher zur K\u00fcche und Esszimmer. Ein Geheimgang f\u00fchrt von der K\u00fcche zu den Stufen, die auf die gesch\u00fctzte sonnendurchflutete Terrasse f\u00fchren, welche mit Liegest\u00fchlen best\u00fcckt ist. Im ersten Stock befindet sich eines der komfortablen Doppelschlafzimmer, die alle den Luxus von Memory-Schaumstoffmatratzen aufweisen. Das gro\u00dfz\u00fcgige Badezimmer mit seiner auf F\u00fc\u00dfen stehenden Badewanne befindet sich ebenso auf dieser Ebene und bietet Meeresblick \u00fcber den Hafen von Penzance hinweg bis hin zum St Michael`s Mount. Auf dem zweiten Stock befinden sich ein h\u00fcbsches kleines Schlafzimmer und ein stilvolles zweites Doppelschlafzimmer.<\/p>\n<p><strong>Einrichtungen<\/strong><\/p>\n<p>\u2022 Parkplatz f\u00fcr 1 Auto 350 m<br \/>\n\u2022 Brennstoff und Strom inbegriffen<br \/>\n\u2022 Internetzugang<br \/>\n\u2022 Bettw\u00e4sche und Handt\u00fccher inbegriffen<br \/>\n\u2022 Gartenm\u00f6bel<br \/>\n\u2022 Laden 100 m<br \/>\n\u2022 Pub 100 m<br \/>\n\u2022 M\u00fcnztelefon 100 m<br \/>\n\u2022 Golfplatz 10 km.<br \/>\n\u2022 Rauchen verboten<br \/>\n\u2022 hundefreundlich (1 Hund).<br \/>\n\u2022 Ankunftstag Freitag<\/p>\n<p style=\"text-align: center;\"><a class=\"tidycta\" href=\"https:\/\/www.urlaubcornwall.de\/ferienhaeuser-fewos\/penzance.html\"><\/a>Suche Ferienh\u00e4user Penzance<\/p>\n","protected":false},"excerpt":{"rendered":"<p>Ferienhaus strandnah Penzance, West-Cornwall | 3 Schlafzimmer | Schlafplatz f\u00fcr 4\/5 + Kinderbett | hundefreundlich | Preisspanne K (\u00a3426 &#8211; \u00a31110) Chapel Street ist eine der \u00e4ltesten Stra\u00dfen von Penzance, in der sich Kunstgallerien, Restaurants und nicht zuletzt das ber\u00fchmte, von weither sichtbare Markenzeichen, n\u00e4mlich die St Mary\u2019s Kirche befinden. Gegen\u00fcber der Kirche liegt Number [&hellip;]<\/p>\n","protected":false},"author":1,"featured_media":0,"parent":0,"menu_order":0,"comment_status":"closed","ping_status":"closed","template":"single-two.php","meta":[],"acf":[],"yoast_head":"<!-- This site is optimized with the Yoast SEO plugin v19.4 - https:\/\/yoast.com\/wordpress\/plugins\/seo\/ -->\n<title>Ferienhaus Penzance Cornwall- Number 33 - Urlaub &amp; Reisen<\/title>\n<meta name=\"robots\" content=\"index, follow, max-snippet:-1, max-image-preview:large, max-video-preview:-1\" \/>\n<link rel=\"canonical\" href=\"https:\/\/www.urlaubcornwall.de\/blog\/number-33-ferienhaus-penzance-cornwall\/\" \/>\n<meta property=\"og:locale\" content=\"en_US\" \/>\n<meta property=\"og:type\" content=\"article\" \/>\n<meta property=\"og:title\" content=\"Ferienhaus Penzance Cornwall- Number 33 - Urlaub &amp; Reisen\" \/>\n<meta property=\"og:description\" content=\"Ferienhaus strandnah Penzance, West-Cornwall | 3 Schlafzimmer | Schlafplatz f\u00fcr 4\/5 + Kinderbett | hundefreundlich | Preisspanne K (\u00a3426 &#8211; \u00a31110) Chapel Street ist eine der \u00e4ltesten Stra\u00dfen von Penzance, in der sich Kunstgallerien, Restaurants und nicht zuletzt das ber\u00fchmte, von weither sichtbare Markenzeichen, n\u00e4mlich die St Mary\u2019s Kirche befinden. Gegen\u00fcber der Kirche liegt Number [&hellip;]\" \/>\n<meta property=\"og:url\" content=\"https:\/\/www.urlaubcornwall.de\/blog\/number-33-ferienhaus-penzance-cornwall\/\" \/>\n<meta property=\"og:site_name\" content=\"Urlaub &amp; Reisen\" \/>\n<meta property=\"article:modified_time\" content=\"2021-08-31T13:26:46+00:00\" \/>\n<meta name=\"twitter:card\" content=\"summary\" \/>\n<meta name=\"twitter:label1\" content=\"Est. reading time\" \/>\n\t<meta name=\"twitter:data1\" content=\"1 minute\" \/>\n<script type=\"application\/ld+json\" class=\"yoast-schema-graph\">{\"@context\":\"https:\/\/schema.org\",\"@graph\":[{\"@type\":\"WebSite\",\"@id\":\"https:\/\/www.urlaubcornwall.de\/blog\/#website\",\"url\":\"https:\/\/www.urlaubcornwall.de\/blog\/\",\"name\":\"Urlaub &amp; Reisen\",\"description\":\"Urlaub, Reisen, Cornwall und S\u00fcdengland: eine perfekte Kombination\",\"potentialAction\":[{\"@type\":\"SearchAction\",\"target\":{\"@type\":\"EntryPoint\",\"urlTemplate\":\"https:\/\/www.urlaubcornwall.de\/blog\/?s={search_term_string}\"},\"query-input\":\"required name=search_term_string\"}],\"inLanguage\":\"en-US\"},{\"@type\":\"WebPage\",\"@id\":\"https:\/\/www.urlaubcornwall.de\/blog\/number-33-ferienhaus-penzance-cornwall\/\",\"url\":\"https:\/\/www.urlaubcornwall.de\/blog\/number-33-ferienhaus-penzance-cornwall\/\",\"name\":\"Ferienhaus Penzance Cornwall- Number 33 - Urlaub &amp; Reisen\",\"isPartOf\":{\"@id\":\"https:\/\/www.urlaubcornwall.de\/blog\/#website\"},\"datePublished\":\"2014-01-04T13:10:37+00:00\",\"dateModified\":\"2021-08-31T13:26:46+00:00\",\"breadcrumb\":{\"@id\":\"https:\/\/www.urlaubcornwall.de\/blog\/number-33-ferienhaus-penzance-cornwall\/#breadcrumb\"},\"inLanguage\":\"en-US\",\"potentialAction\":[{\"@type\":\"ReadAction\",\"target\":[\"https:\/\/www.urlaubcornwall.de\/blog\/number-33-ferienhaus-penzance-cornwall\/\"]}]},{\"@type\":\"BreadcrumbList\",\"@id\":\"https:\/\/www.urlaubcornwall.de\/blog\/number-33-ferienhaus-penzance-cornwall\/#breadcrumb\",\"itemListElement\":[{\"@type\":\"ListItem\",\"position\":1,\"name\":\"Home\",\"item\":\"https:\/\/www.urlaubcornwall.de\/blog\/\"},{\"@type\":\"ListItem\",\"position\":2,\"name\":\"Ferienhaus Penzance Cornwall- Number 33\"}]}]}<\/script>\n<!-- \/ Yoast SEO plugin. -->","yoast_head_json":{"title":"Ferienhaus Penzance Cornwall- Number 33 - Urlaub &amp; Reisen","robots":{"index":"index","follow":"follow","max-snippet":"max-snippet:-1","max-image-preview":"max-image-preview:large","max-video-preview":"max-video-preview:-1"},"canonical":"https:\/\/www.urlaubcornwall.de\/blog\/number-33-ferienhaus-penzance-cornwall\/","og_locale":"en_US","og_type":"article","og_title":"Ferienhaus Penzance Cornwall- Number 33 - Urlaub &amp; Reisen","og_description":"Ferienhaus strandnah Penzance, West-Cornwall | 3 Schlafzimmer | Schlafplatz f\u00fcr 4\/5 + Kinderbett | hundefreundlich | Preisspanne K (\u00a3426 &#8211; \u00a31110) Chapel Street ist eine der \u00e4ltesten Stra\u00dfen von Penzance, in der sich Kunstgallerien, Restaurants und nicht zuletzt das ber\u00fchmte, von weither sichtbare Markenzeichen, n\u00e4mlich die St Mary\u2019s Kirche befinden. Gegen\u00fcber der Kirche liegt Number [&hellip;]","og_url":"https:\/\/www.urlaubcornwall.de\/blog\/number-33-ferienhaus-penzance-cornwall\/","og_site_name":"Urlaub &amp; Reisen","article_modified_time":"2021-08-31T13:26:46+00:00","twitter_card":"summary","twitter_misc":{"Est. reading time":"1 minute"},"schema":{"@context":"https:\/\/schema.org","@graph":[{"@type":"WebSite","@id":"https:\/\/www.urlaubcornwall.de\/blog\/#website","url":"https:\/\/www.urlaubcornwall.de\/blog\/","name":"Urlaub &amp; Reisen","description":"Urlaub, Reisen, Cornwall und S\u00fcdengland: eine perfekte Kombination","potentialAction":[{"@type":"SearchAction","target":{"@type":"EntryPoint","urlTemplate":"https:\/\/www.urlaubcornwall.de\/blog\/?s={search_term_string}"},"query-input":"required name=search_term_string"}],"inLanguage":"en-US"},{"@type":"WebPage","@id":"https:\/\/www.urlaubcornwall.de\/blog\/number-33-ferienhaus-penzance-cornwall\/","url":"https:\/\/www.urlaubcornwall.de\/blog\/number-33-ferienhaus-penzance-cornwall\/","name":"Ferienhaus Penzance Cornwall- Number 33 - Urlaub &amp; Reisen","isPartOf":{"@id":"https:\/\/www.urlaubcornwall.de\/blog\/#website"},"datePublished":"2014-01-04T13:10:37+00:00","dateModified":"2021-08-31T13:26:46+00:00","breadcrumb":{"@id":"https:\/\/www.urlaubcornwall.de\/blog\/number-33-ferienhaus-penzance-cornwall\/#breadcrumb"},"inLanguage":"en-US","potentialAction":[{"@type":"ReadAction","target":["https:\/\/www.urlaubcornwall.de\/blog\/number-33-ferienhaus-penzance-cornwall\/"]}]},{"@type":"BreadcrumbList","@id":"https:\/\/www.urlaubcornwall.de\/blog\/number-33-ferienhaus-penzance-cornwall\/#breadcrumb","itemListElement":[{"@type":"ListItem","position":1,"name":"Home","item":"https:\/\/www.urlaubcornwall.de\/blog\/"},{"@type":"ListItem","position":2,"name":"Ferienhaus Penzance Cornwall- Number 33"}]}]}},"_links":{"self":[{"href":"https:\/\/www.urlaubcornwall.de\/blog\/wp-json\/wp\/v2\/pages\/12112"}],"collection":[{"href":"https:\/\/www.urlaubcornwall.de\/blog\/wp-json\/wp\/v2\/pages"}],"about":[{"href":"https:\/\/www.urlaubcornwall.de\/blog\/wp-json\/wp\/v2\/types\/page"}],"author":[{"embeddable":true,"href":"https:\/\/www.urlaubcornwall.de\/blog\/wp-json\/wp\/v2\/users\/1"}],"replies":[{"embeddable":true,"href":"https:\/\/www.urlaubcornwall.de\/blog\/wp-json\/wp\/v2\/comments?post=12112"}],"version-history":[{"count":10,"href":"https:\/\/www.urlaubcornwall.de\/blog\/wp-json\/wp\/v2\/pages\/12112\/revisions"}],"predecessor-version":[{"id":42313,"href":"https:\/\/www.urlaubcornwall.de\/blog\/wp-json\/wp\/v2\/pages\/12112\/revisions\/42313"}],"wp:attachment":[{"href":"https:\/\/www.urlaubcornwall.de\/blog\/wp-json\/wp\/v2\/media?parent=12112"}],"curies":[{"name":"wp","href":"https:\/\/api.w.org\/{rel}","templated":true}]}}