{"id":12110,"date":"2014-01-04T13:20:05","date_gmt":"2014-01-04T13:20:05","guid":{"rendered":"https:\/\/www.urlaubcornwall.de\/blog\/?page_id=12110"},"modified":"2021-07-12T08:26:50","modified_gmt":"2021-07-12T08:26:50","slug":"cardwen-cottage-ferienhaus-looe-sued-cornwall","status":"publish","type":"page","link":"https:\/\/www.urlaubcornwall.de\/blog\/cardwen-cottage-ferienhaus-looe-sued-cornwall\/","title":{"rendered":"Cardwen Cottage &#8211; Ferienhaus Looe, S\u00fcd Cornwall"},"content":{"rendered":"<p><strong>Ferienhaus 5.8 Kilometer W von Looe, S\u00fcdk\u00fcste Cornwall | 3 Schlafzimmer | Schlafplatz f\u00fcr 6 + Kinderbett | hundefreundlich |\u00a0<b>Preisspanne<\/b> L (\u00a3447 &#8211; \u00a31170)<\/strong><\/p>\n<p>Cardwen Farm liegt in friedlicher l\u00e4ndlicher Umgebung, versteckt au\u00dferhalb des Dorfes Pelynt, das sich wiederum in der N\u00e4he von Looe befindet. Dieser umgebaute Schuppen mit eigenem Freisitz und Stufen, die zum Eingang hinauff\u00fchren, befindet sich neben dem wundersch\u00f6nen Garten der Besitzer. G\u00e4ste d\u00fcrfen gerne den Garten und gro\u00dfen Teich erkunden (achten Sie bitte auf Ihre Kinder), und auch das offene Spielgebiet neben dem Ferienhaus ist geradezu ideal f\u00fcr junge G\u00e4ste.<\/p>\n<p>Der offene Wohnbereich des Cardwen Cottage hat seinen ganz eigenen Charakter durch die hohe Balkendecke und Steinw\u00e4nde und bietet einen Blick \u00fcber den Garten. Es verf\u00fcgt \u00fcber zwei gro\u00dfe Sofas, einen gem\u00fctlichen Holzofen und offenen Torbogen, hin\u00fcberf\u00fchrend in den Essbereich, der mit Eichenm\u00f6beln ausgestattet ist und einer kleinen K\u00fcchenzeile. Treppen f\u00fchren hinunter zum Badezimmer und den Schlafzimmern, einem Doppelschlafzimmer mit <i>en suite<\/i><i> <\/i>Duschraum.<\/p>\n<p>Zum Eden Project gelangen Sie m\u00fchelos mit der Bodinnick F\u00e4hre zwischen Polruan und Fowey; Lanhydrock befindet sich nur 12km entfernt, und die <a href=\"https:\/\/www.urlaubcornwall.de\/blog\/die-lost-gardens-of-heligan-ein-muss-unter-den-kornischen-gaerten\/\">G\u00e4rten Heligans<\/a> bei <a href=\"https:\/\/www.urlaubcornwall.de\/ferienhaeuser-fewos\/mevagissey.html\">Mevagissey<\/a> warten ebenso darauf, erkundet zu werden. Looe\u2019s gesch\u00e4ftiger, malerischer Hafen und das <a href=\"https:\/\/www.urlaubcornwall.de\/ferienhaeuser-fewos\/polperro.html\">historische Schmugglerdorf Polperro<\/a> befinden sich in der N\u00e4he, wie auch verschiedene Sandstr\u00e4nde.<\/p>\n<p style=\"text-align: center;\"><a class=\"tidycta\" href=\"https:\/\/www.urlaubcornwall.de\/ferienhaeuser-fewos\/looe.html\">Ferienh\u00e4user in Looe<\/a><\/p>\n<p><strong>Einrichtungen<\/strong><\/p>\n<p>\u2022 Parkplatz f\u00fcr 3 Autos<br \/>\n\u2022 Brennstoff und Strom inbegriffen<br \/>\n\u2022 Internetzugang<br \/>\n\u2022 Bettw\u00e4sche und Handt\u00fccher inbegriffen<br \/>\n\u2022 Gartenm\u00f6bel<br \/>\n\u2022 Laden 1 km<br \/>\n\u2022 Pub 1 km<br \/>\n\u2022 M\u00fcnztelefon 1 km<br \/>\n\u2022 Rauchen verboten<br \/>\n\u2022 Hundefreundlich (1 Hund).<br \/>\n\u2022 Ankunftstag Samstag<\/p>\n<p><a href=\"http:\/\/www.urlaubcornwall.de\/ferienhaeuser-fewos\/looe.html\"><span style=\"text-decoration: underline;\"><strong>17 Ferienh\u00e4user und Ferienwohnungen Looe<\/strong><\/span><strong> &gt;&gt;<\/strong><\/a><\/p>\n<p><strong>Um UrlaubCornwall.de einzigartige Kollektion nach Ihrem idealen Ferienhaus zu durchsuchen.<\/strong> <a href=\"https:\/\/www.urlaubcornwall.de\/ferienhaeuser\/cornwall.php\"><span style=\"text-decoration: underline;\"><strong>Klicken Sie hier &gt;&gt;<\/strong><\/span><\/a><\/p>\n","protected":false},"excerpt":{"rendered":"<p>Ferienhaus 5.8 Kilometer W von Looe, S\u00fcdk\u00fcste Cornwall | 3 Schlafzimmer | Schlafplatz f\u00fcr 6 + Kinderbett | hundefreundlich |\u00a0Preisspanne L (\u00a3447 &#8211; \u00a31170) Cardwen Farm liegt in friedlicher l\u00e4ndlicher Umgebung, versteckt au\u00dferhalb des Dorfes Pelynt, das sich wiederum in der N\u00e4he von Looe befindet. Dieser umgebaute Schuppen mit eigenem Freisitz und Stufen, die zum [&hellip;]<\/p>\n","protected":false},"author":1,"featured_media":0,"parent":0,"menu_order":0,"comment_status":"closed","ping_status":"closed","template":"single-two.php","meta":[],"acf":[],"yoast_head":"<!-- This site is optimized with the Yoast SEO plugin v19.4 - https:\/\/yoast.com\/wordpress\/plugins\/seo\/ -->\n<title>Cardwen Cottage - Ferienhaus Looe, S\u00fcd Cornwall - Urlaub &amp; Reisen<\/title>\n<meta name=\"robots\" content=\"index, follow, max-snippet:-1, max-image-preview:large, max-video-preview:-1\" \/>\n<link rel=\"canonical\" href=\"https:\/\/www.urlaubcornwall.de\/blog\/cardwen-cottage-ferienhaus-looe-sued-cornwall\/\" \/>\n<meta property=\"og:locale\" content=\"en_US\" \/>\n<meta property=\"og:type\" content=\"article\" \/>\n<meta property=\"og:title\" content=\"Cardwen Cottage - Ferienhaus Looe, S\u00fcd Cornwall - Urlaub &amp; Reisen\" \/>\n<meta property=\"og:description\" content=\"Ferienhaus 5.8 Kilometer W von Looe, S\u00fcdk\u00fcste Cornwall | 3 Schlafzimmer | Schlafplatz f\u00fcr 6 + Kinderbett | hundefreundlich |\u00a0Preisspanne L (\u00a3447 &#8211; \u00a31170) Cardwen Farm liegt in friedlicher l\u00e4ndlicher Umgebung, versteckt au\u00dferhalb des Dorfes Pelynt, das sich wiederum in der N\u00e4he von Looe befindet. Dieser umgebaute Schuppen mit eigenem Freisitz und Stufen, die zum [&hellip;]\" \/>\n<meta property=\"og:url\" content=\"https:\/\/www.urlaubcornwall.de\/blog\/cardwen-cottage-ferienhaus-looe-sued-cornwall\/\" \/>\n<meta property=\"og:site_name\" content=\"Urlaub &amp; Reisen\" \/>\n<meta property=\"article:modified_time\" content=\"2021-07-12T08:26:50+00:00\" \/>\n<meta name=\"twitter:card\" content=\"summary\" \/>\n<meta name=\"twitter:label1\" content=\"Est. reading time\" \/>\n\t<meta name=\"twitter:data1\" content=\"1 minute\" \/>\n<script type=\"application\/ld+json\" class=\"yoast-schema-graph\">{\"@context\":\"https:\/\/schema.org\",\"@graph\":[{\"@type\":\"WebSite\",\"@id\":\"https:\/\/www.urlaubcornwall.de\/blog\/#website\",\"url\":\"https:\/\/www.urlaubcornwall.de\/blog\/\",\"name\":\"Urlaub &amp; Reisen\",\"description\":\"Urlaub, Reisen, Cornwall und S\u00fcdengland: eine perfekte Kombination\",\"potentialAction\":[{\"@type\":\"SearchAction\",\"target\":{\"@type\":\"EntryPoint\",\"urlTemplate\":\"https:\/\/www.urlaubcornwall.de\/blog\/?s={search_term_string}\"},\"query-input\":\"required name=search_term_string\"}],\"inLanguage\":\"en-US\"},{\"@type\":\"WebPage\",\"@id\":\"https:\/\/www.urlaubcornwall.de\/blog\/cardwen-cottage-ferienhaus-looe-sued-cornwall\/\",\"url\":\"https:\/\/www.urlaubcornwall.de\/blog\/cardwen-cottage-ferienhaus-looe-sued-cornwall\/\",\"name\":\"Cardwen Cottage - Ferienhaus Looe, S\u00fcd Cornwall - Urlaub &amp; Reisen\",\"isPartOf\":{\"@id\":\"https:\/\/www.urlaubcornwall.de\/blog\/#website\"},\"datePublished\":\"2014-01-04T13:20:05+00:00\",\"dateModified\":\"2021-07-12T08:26:50+00:00\",\"breadcrumb\":{\"@id\":\"https:\/\/www.urlaubcornwall.de\/blog\/cardwen-cottage-ferienhaus-looe-sued-cornwall\/#breadcrumb\"},\"inLanguage\":\"en-US\",\"potentialAction\":[{\"@type\":\"ReadAction\",\"target\":[\"https:\/\/www.urlaubcornwall.de\/blog\/cardwen-cottage-ferienhaus-looe-sued-cornwall\/\"]}]},{\"@type\":\"BreadcrumbList\",\"@id\":\"https:\/\/www.urlaubcornwall.de\/blog\/cardwen-cottage-ferienhaus-looe-sued-cornwall\/#breadcrumb\",\"itemListElement\":[{\"@type\":\"ListItem\",\"position\":1,\"name\":\"Home\",\"item\":\"https:\/\/www.urlaubcornwall.de\/blog\/\"},{\"@type\":\"ListItem\",\"position\":2,\"name\":\"Cardwen Cottage &#8211; Ferienhaus Looe, S\u00fcd Cornwall\"}]}]}<\/script>\n<!-- \/ Yoast SEO plugin. -->","yoast_head_json":{"title":"Cardwen Cottage - Ferienhaus Looe, S\u00fcd Cornwall - Urlaub &amp; Reisen","robots":{"index":"index","follow":"follow","max-snippet":"max-snippet:-1","max-image-preview":"max-image-preview:large","max-video-preview":"max-video-preview:-1"},"canonical":"https:\/\/www.urlaubcornwall.de\/blog\/cardwen-cottage-ferienhaus-looe-sued-cornwall\/","og_locale":"en_US","og_type":"article","og_title":"Cardwen Cottage - Ferienhaus Looe, S\u00fcd Cornwall - Urlaub &amp; Reisen","og_description":"Ferienhaus 5.8 Kilometer W von Looe, S\u00fcdk\u00fcste Cornwall | 3 Schlafzimmer | Schlafplatz f\u00fcr 6 + Kinderbett | hundefreundlich |\u00a0Preisspanne L (\u00a3447 &#8211; \u00a31170) Cardwen Farm liegt in friedlicher l\u00e4ndlicher Umgebung, versteckt au\u00dferhalb des Dorfes Pelynt, das sich wiederum in der N\u00e4he von Looe befindet. Dieser umgebaute Schuppen mit eigenem Freisitz und Stufen, die zum [&hellip;]","og_url":"https:\/\/www.urlaubcornwall.de\/blog\/cardwen-cottage-ferienhaus-looe-sued-cornwall\/","og_site_name":"Urlaub &amp; Reisen","article_modified_time":"2021-07-12T08:26:50+00:00","twitter_card":"summary","twitter_misc":{"Est. reading time":"1 minute"},"schema":{"@context":"https:\/\/schema.org","@graph":[{"@type":"WebSite","@id":"https:\/\/www.urlaubcornwall.de\/blog\/#website","url":"https:\/\/www.urlaubcornwall.de\/blog\/","name":"Urlaub &amp; Reisen","description":"Urlaub, Reisen, Cornwall und S\u00fcdengland: eine perfekte Kombination","potentialAction":[{"@type":"SearchAction","target":{"@type":"EntryPoint","urlTemplate":"https:\/\/www.urlaubcornwall.de\/blog\/?s={search_term_string}"},"query-input":"required name=search_term_string"}],"inLanguage":"en-US"},{"@type":"WebPage","@id":"https:\/\/www.urlaubcornwall.de\/blog\/cardwen-cottage-ferienhaus-looe-sued-cornwall\/","url":"https:\/\/www.urlaubcornwall.de\/blog\/cardwen-cottage-ferienhaus-looe-sued-cornwall\/","name":"Cardwen Cottage - Ferienhaus Looe, S\u00fcd Cornwall - Urlaub &amp; Reisen","isPartOf":{"@id":"https:\/\/www.urlaubcornwall.de\/blog\/#website"},"datePublished":"2014-01-04T13:20:05+00:00","dateModified":"2021-07-12T08:26:50+00:00","breadcrumb":{"@id":"https:\/\/www.urlaubcornwall.de\/blog\/cardwen-cottage-ferienhaus-looe-sued-cornwall\/#breadcrumb"},"inLanguage":"en-US","potentialAction":[{"@type":"ReadAction","target":["https:\/\/www.urlaubcornwall.de\/blog\/cardwen-cottage-ferienhaus-looe-sued-cornwall\/"]}]},{"@type":"BreadcrumbList","@id":"https:\/\/www.urlaubcornwall.de\/blog\/cardwen-cottage-ferienhaus-looe-sued-cornwall\/#breadcrumb","itemListElement":[{"@type":"ListItem","position":1,"name":"Home","item":"https:\/\/www.urlaubcornwall.de\/blog\/"},{"@type":"ListItem","position":2,"name":"Cardwen Cottage &#8211; Ferienhaus Looe, S\u00fcd Cornwall"}]}]}},"_links":{"self":[{"href":"https:\/\/www.urlaubcornwall.de\/blog\/wp-json\/wp\/v2\/pages\/12110"}],"collection":[{"href":"https:\/\/www.urlaubcornwall.de\/blog\/wp-json\/wp\/v2\/pages"}],"about":[{"href":"https:\/\/www.urlaubcornwall.de\/blog\/wp-json\/wp\/v2\/types\/page"}],"author":[{"embeddable":true,"href":"https:\/\/www.urlaubcornwall.de\/blog\/wp-json\/wp\/v2\/users\/1"}],"replies":[{"embeddable":true,"href":"https:\/\/www.urlaubcornwall.de\/blog\/wp-json\/wp\/v2\/comments?post=12110"}],"version-history":[{"count":7,"href":"https:\/\/www.urlaubcornwall.de\/blog\/wp-json\/wp\/v2\/pages\/12110\/revisions"}],"predecessor-version":[{"id":41801,"href":"https:\/\/www.urlaubcornwall.de\/blog\/wp-json\/wp\/v2\/pages\/12110\/revisions\/41801"}],"wp:attachment":[{"href":"https:\/\/www.urlaubcornwall.de\/blog\/wp-json\/wp\/v2\/media?parent=12110"}],"curies":[{"name":"wp","href":"https:\/\/api.w.org\/{rel}","templated":true}]}}