{"id":12108,"date":"2014-01-04T13:18:58","date_gmt":"2014-01-04T13:18:58","guid":{"rendered":"https:\/\/www.urlaubcornwall.de\/blog\/?page_id=12108"},"modified":"2021-08-31T13:38:42","modified_gmt":"2021-08-31T13:38:42","slug":"maryland-ferienhaus-looe-cornwall","status":"publish","type":"page","link":"https:\/\/www.urlaubcornwall.de\/blog\/maryland-ferienhaus-looe-cornwall\/","title":{"rendered":"Sch\u00f6ne Ferienhaus in Looe am Meer"},"content":{"rendered":"<p><strong>Ferienhaus mit Meerblick 3.1 Kilometer SW von Looe, S\u00fcdk\u00fcste Cornwall | 2 Schlafzimmer | Schlafplatz f\u00fcr 4| hundefreundlich |\u00a0<b>Preisspanne<\/b> H (\u00a3369 &#8211; \u00a3897)<\/strong><\/p>\n<p>Von diesem Ferienhaus aus haben Sie einen wundersch\u00f6nen Meeresblick, das Tal hinunter bis hin zu den glitzernden Wassern der Talland Bucht. Dieses Paradies der Ruhe liegt zwischen Looe und <a href=\"https:\/\/www.urlaubcornwall.de\/ferienhaeuser-fewos\/polperro.html\">Polperro<\/a>, nur eine Viertelmeile h\u00fcgelaufw\u00e4rts vom Strand entfernt. Es war urspr\u00fcnglich das Heim des G\u00e4rtners, liegt friedvoll und abgeschieden in einem bewaldeten Garten mit leichter Neigung und f\u00fcgt sich nahtlos in die es umgebende Landschaft ein. Sie erreichen den Bungalow \u00fcber einen Weg, der am Bauernhof des Besitzers vorbei f\u00fchrt.<\/p>\n<p style=\"text-align: center;\"><a class=\"tidycta\" href=\"https:\/\/www.urlaubcornwall.de\/ferienhaeuser-fewos\/looe.html\"><\/a>Suche Ferienh\u00e4user Looe<\/p>\n<p>Vom Parkbereich (Zugang \u00fcber eine kurze steile Zufahrt) f\u00fchren ein ebenerdiger Pfad und zwei niedere Stufen zum offenen Windfang. Im Innern verf\u00fcgt der gem\u00fctliche Wohnbereich \u00fcber einen Holzofen, der geradezu ideal ist f\u00fcr Kurzurlaube au\u00dferhalb der Saison, sowie T\u00fcren zum Garten. Im gro\u00dfz\u00fcgigen K\u00fcchen-\/Essbereich befindet sich der Tisch neben dem Fenster, wo sie dahin tr\u00e4umen k\u00f6nnen im Szenario des sich stetig ver\u00e4ndernden Himmels und Meeres. Beide Schlafzimmer sind entz\u00fcckend; das Schlafzimmer mit zwei Betten schlie\u00dft sich an das Badezimmer an, das \u00fcber ein Dreiviertel-Bad verf\u00fcgt. In Maryland l\u00e4sst es sich zur\u00fccklehnen und vollkommen entspannen.<\/p>\n<p><strong>Einrichtungen<\/strong><\/p>\n<p>\u2022 Parkplatz f\u00fcr 2 Autos<br \/>\n\u2022 Brennstoff und Strom inbegriffen<br \/>\n\u2022 Internetzugang<br \/>\n\u2022 Bettw\u00e4sche und Handt\u00fccher inbegriffen<br \/>\n\u2022 Gartenm\u00f6bel und BBQ<br \/>\n\u2022 Shop 4,5 km<br \/>\n\u2022 Pub 4,5 km<br \/>\n\u2022 M\u00fcnztelefon 1 km<br \/>\n\u2022 Golf platz 8 km<br \/>\n\u2022 keine Kinder unter 5 Jahre alt<br \/>\n\u2022 Rauchen verboten<br \/>\n\u2022 hundefreundlich (1 Hund).<br \/>\n\u2022 Ankunftstag Freitag<\/p>\n<p style=\"text-align: center;\"><a class=\"tidycta\" href=\"https:\/\/www.urlaubcornwall.de\/ferienhaeuser-fewos\/looe.html\"><\/a>Suche Ferienh\u00e4user Looe<\/p>\n","protected":false},"excerpt":{"rendered":"<p>Ferienhaus mit Meerblick 3.1 Kilometer SW von Looe, S\u00fcdk\u00fcste Cornwall | 2 Schlafzimmer | Schlafplatz f\u00fcr 4| hundefreundlich |\u00a0Preisspanne H (\u00a3369 &#8211; \u00a3897) Von diesem Ferienhaus aus haben Sie einen wundersch\u00f6nen Meeresblick, das Tal hinunter bis hin zu den glitzernden Wassern der Talland Bucht. Dieses Paradies der Ruhe liegt zwischen Looe und Polperro, nur eine [&hellip;]<\/p>\n","protected":false},"author":1,"featured_media":0,"parent":0,"menu_order":0,"comment_status":"closed","ping_status":"closed","template":"single-two.php","meta":[],"acf":[],"yoast_head":"<!-- This site is optimized with the Yoast SEO plugin v19.4 - https:\/\/yoast.com\/wordpress\/plugins\/seo\/ -->\n<title>Sch\u00f6ne Ferienhaus in Looe am Meer - Urlaub &amp; Reisen<\/title>\n<meta name=\"robots\" content=\"index, follow, max-snippet:-1, max-image-preview:large, max-video-preview:-1\" \/>\n<link rel=\"canonical\" href=\"https:\/\/www.urlaubcornwall.de\/blog\/maryland-ferienhaus-looe-cornwall\/\" \/>\n<meta property=\"og:locale\" content=\"en_US\" \/>\n<meta property=\"og:type\" content=\"article\" \/>\n<meta property=\"og:title\" content=\"Sch\u00f6ne Ferienhaus in Looe am Meer - Urlaub &amp; Reisen\" \/>\n<meta property=\"og:description\" content=\"Ferienhaus mit Meerblick 3.1 Kilometer SW von Looe, S\u00fcdk\u00fcste Cornwall | 2 Schlafzimmer | Schlafplatz f\u00fcr 4| hundefreundlich |\u00a0Preisspanne H (\u00a3369 &#8211; \u00a3897) Von diesem Ferienhaus aus haben Sie einen wundersch\u00f6nen Meeresblick, das Tal hinunter bis hin zu den glitzernden Wassern der Talland Bucht. Dieses Paradies der Ruhe liegt zwischen Looe und Polperro, nur eine [&hellip;]\" \/>\n<meta property=\"og:url\" content=\"https:\/\/www.urlaubcornwall.de\/blog\/maryland-ferienhaus-looe-cornwall\/\" \/>\n<meta property=\"og:site_name\" content=\"Urlaub &amp; Reisen\" \/>\n<meta property=\"article:modified_time\" content=\"2021-08-31T13:38:42+00:00\" \/>\n<meta name=\"twitter:card\" content=\"summary\" \/>\n<meta name=\"twitter:label1\" content=\"Est. reading time\" \/>\n\t<meta name=\"twitter:data1\" content=\"1 minute\" \/>\n<script type=\"application\/ld+json\" class=\"yoast-schema-graph\">{\"@context\":\"https:\/\/schema.org\",\"@graph\":[{\"@type\":\"WebSite\",\"@id\":\"https:\/\/www.urlaubcornwall.de\/blog\/#website\",\"url\":\"https:\/\/www.urlaubcornwall.de\/blog\/\",\"name\":\"Urlaub &amp; Reisen\",\"description\":\"Urlaub, Reisen, Cornwall und S\u00fcdengland: eine perfekte Kombination\",\"potentialAction\":[{\"@type\":\"SearchAction\",\"target\":{\"@type\":\"EntryPoint\",\"urlTemplate\":\"https:\/\/www.urlaubcornwall.de\/blog\/?s={search_term_string}\"},\"query-input\":\"required name=search_term_string\"}],\"inLanguage\":\"en-US\"},{\"@type\":\"WebPage\",\"@id\":\"https:\/\/www.urlaubcornwall.de\/blog\/maryland-ferienhaus-looe-cornwall\/\",\"url\":\"https:\/\/www.urlaubcornwall.de\/blog\/maryland-ferienhaus-looe-cornwall\/\",\"name\":\"Sch\u00f6ne Ferienhaus in Looe am Meer - Urlaub &amp; Reisen\",\"isPartOf\":{\"@id\":\"https:\/\/www.urlaubcornwall.de\/blog\/#website\"},\"datePublished\":\"2014-01-04T13:18:58+00:00\",\"dateModified\":\"2021-08-31T13:38:42+00:00\",\"breadcrumb\":{\"@id\":\"https:\/\/www.urlaubcornwall.de\/blog\/maryland-ferienhaus-looe-cornwall\/#breadcrumb\"},\"inLanguage\":\"en-US\",\"potentialAction\":[{\"@type\":\"ReadAction\",\"target\":[\"https:\/\/www.urlaubcornwall.de\/blog\/maryland-ferienhaus-looe-cornwall\/\"]}]},{\"@type\":\"BreadcrumbList\",\"@id\":\"https:\/\/www.urlaubcornwall.de\/blog\/maryland-ferienhaus-looe-cornwall\/#breadcrumb\",\"itemListElement\":[{\"@type\":\"ListItem\",\"position\":1,\"name\":\"Home\",\"item\":\"https:\/\/www.urlaubcornwall.de\/blog\/\"},{\"@type\":\"ListItem\",\"position\":2,\"name\":\"Sch\u00f6ne Ferienhaus in Looe am Meer\"}]}]}<\/script>\n<!-- \/ Yoast SEO plugin. -->","yoast_head_json":{"title":"Sch\u00f6ne Ferienhaus in Looe am Meer - Urlaub &amp; Reisen","robots":{"index":"index","follow":"follow","max-snippet":"max-snippet:-1","max-image-preview":"max-image-preview:large","max-video-preview":"max-video-preview:-1"},"canonical":"https:\/\/www.urlaubcornwall.de\/blog\/maryland-ferienhaus-looe-cornwall\/","og_locale":"en_US","og_type":"article","og_title":"Sch\u00f6ne Ferienhaus in Looe am Meer - Urlaub &amp; Reisen","og_description":"Ferienhaus mit Meerblick 3.1 Kilometer SW von Looe, S\u00fcdk\u00fcste Cornwall | 2 Schlafzimmer | Schlafplatz f\u00fcr 4| hundefreundlich |\u00a0Preisspanne H (\u00a3369 &#8211; \u00a3897) Von diesem Ferienhaus aus haben Sie einen wundersch\u00f6nen Meeresblick, das Tal hinunter bis hin zu den glitzernden Wassern der Talland Bucht. Dieses Paradies der Ruhe liegt zwischen Looe und Polperro, nur eine [&hellip;]","og_url":"https:\/\/www.urlaubcornwall.de\/blog\/maryland-ferienhaus-looe-cornwall\/","og_site_name":"Urlaub &amp; Reisen","article_modified_time":"2021-08-31T13:38:42+00:00","twitter_card":"summary","twitter_misc":{"Est. reading time":"1 minute"},"schema":{"@context":"https:\/\/schema.org","@graph":[{"@type":"WebSite","@id":"https:\/\/www.urlaubcornwall.de\/blog\/#website","url":"https:\/\/www.urlaubcornwall.de\/blog\/","name":"Urlaub &amp; Reisen","description":"Urlaub, Reisen, Cornwall und S\u00fcdengland: eine perfekte Kombination","potentialAction":[{"@type":"SearchAction","target":{"@type":"EntryPoint","urlTemplate":"https:\/\/www.urlaubcornwall.de\/blog\/?s={search_term_string}"},"query-input":"required name=search_term_string"}],"inLanguage":"en-US"},{"@type":"WebPage","@id":"https:\/\/www.urlaubcornwall.de\/blog\/maryland-ferienhaus-looe-cornwall\/","url":"https:\/\/www.urlaubcornwall.de\/blog\/maryland-ferienhaus-looe-cornwall\/","name":"Sch\u00f6ne Ferienhaus in Looe am Meer - Urlaub &amp; Reisen","isPartOf":{"@id":"https:\/\/www.urlaubcornwall.de\/blog\/#website"},"datePublished":"2014-01-04T13:18:58+00:00","dateModified":"2021-08-31T13:38:42+00:00","breadcrumb":{"@id":"https:\/\/www.urlaubcornwall.de\/blog\/maryland-ferienhaus-looe-cornwall\/#breadcrumb"},"inLanguage":"en-US","potentialAction":[{"@type":"ReadAction","target":["https:\/\/www.urlaubcornwall.de\/blog\/maryland-ferienhaus-looe-cornwall\/"]}]},{"@type":"BreadcrumbList","@id":"https:\/\/www.urlaubcornwall.de\/blog\/maryland-ferienhaus-looe-cornwall\/#breadcrumb","itemListElement":[{"@type":"ListItem","position":1,"name":"Home","item":"https:\/\/www.urlaubcornwall.de\/blog\/"},{"@type":"ListItem","position":2,"name":"Sch\u00f6ne Ferienhaus in Looe am Meer"}]}]}},"_links":{"self":[{"href":"https:\/\/www.urlaubcornwall.de\/blog\/wp-json\/wp\/v2\/pages\/12108"}],"collection":[{"href":"https:\/\/www.urlaubcornwall.de\/blog\/wp-json\/wp\/v2\/pages"}],"about":[{"href":"https:\/\/www.urlaubcornwall.de\/blog\/wp-json\/wp\/v2\/types\/page"}],"author":[{"embeddable":true,"href":"https:\/\/www.urlaubcornwall.de\/blog\/wp-json\/wp\/v2\/users\/1"}],"replies":[{"embeddable":true,"href":"https:\/\/www.urlaubcornwall.de\/blog\/wp-json\/wp\/v2\/comments?post=12108"}],"version-history":[{"count":10,"href":"https:\/\/www.urlaubcornwall.de\/blog\/wp-json\/wp\/v2\/pages\/12108\/revisions"}],"predecessor-version":[{"id":42319,"href":"https:\/\/www.urlaubcornwall.de\/blog\/wp-json\/wp\/v2\/pages\/12108\/revisions\/42319"}],"wp:attachment":[{"href":"https:\/\/www.urlaubcornwall.de\/blog\/wp-json\/wp\/v2\/media?parent=12108"}],"curies":[{"name":"wp","href":"https:\/\/api.w.org\/{rel}","templated":true}]}}