{"id":12104,"date":"2014-01-06T11:31:29","date_gmt":"2014-01-06T11:31:29","guid":{"rendered":"https:\/\/www.urlaubcornwall.de\/blog\/?page_id=12104"},"modified":"2021-08-31T13:52:48","modified_gmt":"2021-08-31T13:52:48","slug":"westcliff-ferienhaus-mullion-lizard-suedwest-cornwall","status":"publish","type":"page","link":"https:\/\/www.urlaubcornwall.de\/blog\/westcliff-ferienhaus-mullion-lizard-suedwest-cornwall\/","title":{"rendered":"Westcliff &#8211; Ferienhaus Mullion, Lizard, S\u00fcdwest-Cornwall"},"content":{"rendered":"<p><strong>Ferienhaus mit Meerblick Mullion, Lizard, S\u00fcdwest-Cornwall | 3 Schlafzimmer| Schlafplatz f\u00fcr 6 + Kinderbett| leider keine Haustiere erlaubt |\u00a0<b>Preisspanne<\/b> M (\u00a3468 &#8211; \u00a31248)<\/strong><\/p>\n<p>Mit atemberaubendem Blick \u00fcber National Trust Felder bis hin zum glitzernden Meer dahinter, befindet sich dieses wundersch\u00f6n restaurierte, ebenerdige Ferienhaus lediglich 10 Minuten entfernt von der sandigen Poldhu Bucht und eine dreiviertel Meile von Mullions Dorfl\u00e4den, Pubs, Restaurants und dem nahegelegenen malerischen Hafen. Neben dem Privatweg gelegen (nicht geeignet f\u00fcr tiefliegende Fahrzeuge), der zum ber\u00fchmten Marconi Denkmal f\u00fchrt, ist Westcliff eines von f\u00fcnf H\u00e4usern, die urspr\u00fcnglich f\u00fcr die Ingenieure der Kabelstation gebaut wurden.<\/p>\n<p style=\"text-align: center;\"><a class=\"tidycta\" href=\"https:\/\/www.urlaubcornwall.de\/ferienhaeuser-fewos\/mullion.html\"><\/a>Suche Ferienh\u00e4user Mullion<\/p>\n<p>Die Inneneinrichtung ist hell und zeitgen\u00f6ssisch mit hellen Holzb\u00f6den und hohen Balkendecken im Wohnzimmer, w\u00e4hrend die wei\u00dfgl\u00e4nzende K\u00fcche erg\u00e4nzt wird mit dunkelbraunen Arbeitsfl\u00e4chen und jede Menge Platz bietet am Eichenesstisch. Bequeme Sofas befinden sich gegen\u00fcber den Glast\u00fcren, welche hinausf\u00fchren auf einen erh\u00f6hten Freisitz und einen eingez\u00e4unten Garten mit herrlichem Meeresblick.<\/p>\n<p>Beide Doppelschlafzimmer verf\u00fcgen \u00fcber Meeresblick, wobei eines sogar Zugang zum Freisitz hat, wiederum durch Glast\u00fcren. Der schwarz-wei\u00dfe Duschraum und<i> en suite <\/i>Badezimmer verf\u00fcgen beide \u00fcber luxuri\u00f6se Fu\u00dfbodenheizung. Nach einem Spaziergang entlang des K\u00fcstenpfades, nachdem Sie die wundersch\u00f6ne Lizard Halbinsel erkundet haben, wie w\u00e4re es da mit ein bisschen Entspannung und einem oder zwei gen\u00fcsslichen Gl\u00e4schen Wein, w\u00e4hrend sich die Kinder mit Wii oder \u00a0PlayStation 2 besch\u00e4ftigen?<\/p>\n<p><strong>Einrichtungen<\/strong><\/p>\n<p>\u2022 Privatparkpl\u00e4tze 2 Auto<br \/>\n\u2022 Brennstoff und Strom inbegriffen<br \/>\n\u2022 WLAN<br \/>\n\u2022 Bettw\u00e4sche und Handt\u00fccher inbegriffen<br \/>\n\u2022 Gartenm\u00f6bel<br \/>\n\u2022 Laden 1 km<br \/>\n\u2022 Pub 1 km<br \/>\n\u2022 Golfplatz\u00a0 1 km<br \/>\n\u2022 M\u00fcnztelefon 1 km.<br \/>\n\u2022 Rauchen verboten<br \/>\n\u2022 Keine Hunde erlaubt<br \/>\n\u2022 Ankunftstag Samstag<\/p>\n<p style=\"text-align: center;\"><a class=\"tidycta\" href=\"https:\/\/www.urlaubcornwall.de\/ferienhaeuser-fewos\/mullion.html\"><\/a>Suche Ferienh\u00e4user Mullion<\/p>\n","protected":false},"excerpt":{"rendered":"<p>Ferienhaus mit Meerblick Mullion, Lizard, S\u00fcdwest-Cornwall | 3 Schlafzimmer| Schlafplatz f\u00fcr 6 + Kinderbett| leider keine Haustiere erlaubt |\u00a0Preisspanne M (\u00a3468 &#8211; \u00a31248) Mit atemberaubendem Blick \u00fcber National Trust Felder bis hin zum glitzernden Meer dahinter, befindet sich dieses wundersch\u00f6n restaurierte, ebenerdige Ferienhaus lediglich 10 Minuten entfernt von der sandigen Poldhu Bucht und eine dreiviertel [&hellip;]<\/p>\n","protected":false},"author":1,"featured_media":0,"parent":0,"menu_order":0,"comment_status":"closed","ping_status":"closed","template":"single-two.php","meta":[],"acf":[],"yoast_head":"<!-- This site is optimized with the Yoast SEO plugin v19.4 - https:\/\/yoast.com\/wordpress\/plugins\/seo\/ -->\n<title>Westcliff - Ferienhaus Mullion, Lizard, S\u00fcdwest-Cornwall - Urlaub &amp; Reisen<\/title>\n<meta name=\"robots\" content=\"index, follow, max-snippet:-1, max-image-preview:large, max-video-preview:-1\" \/>\n<link rel=\"canonical\" href=\"https:\/\/www.urlaubcornwall.de\/blog\/westcliff-ferienhaus-mullion-lizard-suedwest-cornwall\/\" \/>\n<meta property=\"og:locale\" content=\"en_US\" \/>\n<meta property=\"og:type\" content=\"article\" \/>\n<meta property=\"og:title\" content=\"Westcliff - Ferienhaus Mullion, Lizard, S\u00fcdwest-Cornwall - Urlaub &amp; Reisen\" \/>\n<meta property=\"og:description\" content=\"Ferienhaus mit Meerblick Mullion, Lizard, S\u00fcdwest-Cornwall | 3 Schlafzimmer| Schlafplatz f\u00fcr 6 + Kinderbett| leider keine Haustiere erlaubt |\u00a0Preisspanne M (\u00a3468 &#8211; \u00a31248) Mit atemberaubendem Blick \u00fcber National Trust Felder bis hin zum glitzernden Meer dahinter, befindet sich dieses wundersch\u00f6n restaurierte, ebenerdige Ferienhaus lediglich 10 Minuten entfernt von der sandigen Poldhu Bucht und eine dreiviertel [&hellip;]\" \/>\n<meta property=\"og:url\" content=\"https:\/\/www.urlaubcornwall.de\/blog\/westcliff-ferienhaus-mullion-lizard-suedwest-cornwall\/\" \/>\n<meta property=\"og:site_name\" content=\"Urlaub &amp; Reisen\" \/>\n<meta property=\"article:modified_time\" content=\"2021-08-31T13:52:48+00:00\" \/>\n<meta name=\"twitter:card\" content=\"summary\" \/>\n<meta name=\"twitter:label1\" content=\"Est. reading time\" \/>\n\t<meta name=\"twitter:data1\" content=\"1 minute\" \/>\n<script type=\"application\/ld+json\" class=\"yoast-schema-graph\">{\"@context\":\"https:\/\/schema.org\",\"@graph\":[{\"@type\":\"WebSite\",\"@id\":\"https:\/\/www.urlaubcornwall.de\/blog\/#website\",\"url\":\"https:\/\/www.urlaubcornwall.de\/blog\/\",\"name\":\"Urlaub &amp; Reisen\",\"description\":\"Urlaub, Reisen, Cornwall und S\u00fcdengland: eine perfekte Kombination\",\"potentialAction\":[{\"@type\":\"SearchAction\",\"target\":{\"@type\":\"EntryPoint\",\"urlTemplate\":\"https:\/\/www.urlaubcornwall.de\/blog\/?s={search_term_string}\"},\"query-input\":\"required name=search_term_string\"}],\"inLanguage\":\"en-US\"},{\"@type\":\"WebPage\",\"@id\":\"https:\/\/www.urlaubcornwall.de\/blog\/westcliff-ferienhaus-mullion-lizard-suedwest-cornwall\/\",\"url\":\"https:\/\/www.urlaubcornwall.de\/blog\/westcliff-ferienhaus-mullion-lizard-suedwest-cornwall\/\",\"name\":\"Westcliff - Ferienhaus Mullion, Lizard, S\u00fcdwest-Cornwall - Urlaub &amp; Reisen\",\"isPartOf\":{\"@id\":\"https:\/\/www.urlaubcornwall.de\/blog\/#website\"},\"datePublished\":\"2014-01-06T11:31:29+00:00\",\"dateModified\":\"2021-08-31T13:52:48+00:00\",\"breadcrumb\":{\"@id\":\"https:\/\/www.urlaubcornwall.de\/blog\/westcliff-ferienhaus-mullion-lizard-suedwest-cornwall\/#breadcrumb\"},\"inLanguage\":\"en-US\",\"potentialAction\":[{\"@type\":\"ReadAction\",\"target\":[\"https:\/\/www.urlaubcornwall.de\/blog\/westcliff-ferienhaus-mullion-lizard-suedwest-cornwall\/\"]}]},{\"@type\":\"BreadcrumbList\",\"@id\":\"https:\/\/www.urlaubcornwall.de\/blog\/westcliff-ferienhaus-mullion-lizard-suedwest-cornwall\/#breadcrumb\",\"itemListElement\":[{\"@type\":\"ListItem\",\"position\":1,\"name\":\"Home\",\"item\":\"https:\/\/www.urlaubcornwall.de\/blog\/\"},{\"@type\":\"ListItem\",\"position\":2,\"name\":\"Westcliff &#8211; Ferienhaus Mullion, Lizard, S\u00fcdwest-Cornwall\"}]}]}<\/script>\n<!-- \/ Yoast SEO plugin. -->","yoast_head_json":{"title":"Westcliff - Ferienhaus Mullion, Lizard, S\u00fcdwest-Cornwall - Urlaub &amp; Reisen","robots":{"index":"index","follow":"follow","max-snippet":"max-snippet:-1","max-image-preview":"max-image-preview:large","max-video-preview":"max-video-preview:-1"},"canonical":"https:\/\/www.urlaubcornwall.de\/blog\/westcliff-ferienhaus-mullion-lizard-suedwest-cornwall\/","og_locale":"en_US","og_type":"article","og_title":"Westcliff - Ferienhaus Mullion, Lizard, S\u00fcdwest-Cornwall - Urlaub &amp; Reisen","og_description":"Ferienhaus mit Meerblick Mullion, Lizard, S\u00fcdwest-Cornwall | 3 Schlafzimmer| Schlafplatz f\u00fcr 6 + Kinderbett| leider keine Haustiere erlaubt |\u00a0Preisspanne M (\u00a3468 &#8211; \u00a31248) Mit atemberaubendem Blick \u00fcber National Trust Felder bis hin zum glitzernden Meer dahinter, befindet sich dieses wundersch\u00f6n restaurierte, ebenerdige Ferienhaus lediglich 10 Minuten entfernt von der sandigen Poldhu Bucht und eine dreiviertel [&hellip;]","og_url":"https:\/\/www.urlaubcornwall.de\/blog\/westcliff-ferienhaus-mullion-lizard-suedwest-cornwall\/","og_site_name":"Urlaub &amp; Reisen","article_modified_time":"2021-08-31T13:52:48+00:00","twitter_card":"summary","twitter_misc":{"Est. reading time":"1 minute"},"schema":{"@context":"https:\/\/schema.org","@graph":[{"@type":"WebSite","@id":"https:\/\/www.urlaubcornwall.de\/blog\/#website","url":"https:\/\/www.urlaubcornwall.de\/blog\/","name":"Urlaub &amp; Reisen","description":"Urlaub, Reisen, Cornwall und S\u00fcdengland: eine perfekte Kombination","potentialAction":[{"@type":"SearchAction","target":{"@type":"EntryPoint","urlTemplate":"https:\/\/www.urlaubcornwall.de\/blog\/?s={search_term_string}"},"query-input":"required name=search_term_string"}],"inLanguage":"en-US"},{"@type":"WebPage","@id":"https:\/\/www.urlaubcornwall.de\/blog\/westcliff-ferienhaus-mullion-lizard-suedwest-cornwall\/","url":"https:\/\/www.urlaubcornwall.de\/blog\/westcliff-ferienhaus-mullion-lizard-suedwest-cornwall\/","name":"Westcliff - Ferienhaus Mullion, Lizard, S\u00fcdwest-Cornwall - Urlaub &amp; Reisen","isPartOf":{"@id":"https:\/\/www.urlaubcornwall.de\/blog\/#website"},"datePublished":"2014-01-06T11:31:29+00:00","dateModified":"2021-08-31T13:52:48+00:00","breadcrumb":{"@id":"https:\/\/www.urlaubcornwall.de\/blog\/westcliff-ferienhaus-mullion-lizard-suedwest-cornwall\/#breadcrumb"},"inLanguage":"en-US","potentialAction":[{"@type":"ReadAction","target":["https:\/\/www.urlaubcornwall.de\/blog\/westcliff-ferienhaus-mullion-lizard-suedwest-cornwall\/"]}]},{"@type":"BreadcrumbList","@id":"https:\/\/www.urlaubcornwall.de\/blog\/westcliff-ferienhaus-mullion-lizard-suedwest-cornwall\/#breadcrumb","itemListElement":[{"@type":"ListItem","position":1,"name":"Home","item":"https:\/\/www.urlaubcornwall.de\/blog\/"},{"@type":"ListItem","position":2,"name":"Westcliff &#8211; Ferienhaus Mullion, Lizard, S\u00fcdwest-Cornwall"}]}]}},"_links":{"self":[{"href":"https:\/\/www.urlaubcornwall.de\/blog\/wp-json\/wp\/v2\/pages\/12104"}],"collection":[{"href":"https:\/\/www.urlaubcornwall.de\/blog\/wp-json\/wp\/v2\/pages"}],"about":[{"href":"https:\/\/www.urlaubcornwall.de\/blog\/wp-json\/wp\/v2\/types\/page"}],"author":[{"embeddable":true,"href":"https:\/\/www.urlaubcornwall.de\/blog\/wp-json\/wp\/v2\/users\/1"}],"replies":[{"embeddable":true,"href":"https:\/\/www.urlaubcornwall.de\/blog\/wp-json\/wp\/v2\/comments?post=12104"}],"version-history":[{"count":8,"href":"https:\/\/www.urlaubcornwall.de\/blog\/wp-json\/wp\/v2\/pages\/12104\/revisions"}],"predecessor-version":[{"id":42331,"href":"https:\/\/www.urlaubcornwall.de\/blog\/wp-json\/wp\/v2\/pages\/12104\/revisions\/42331"}],"wp:attachment":[{"href":"https:\/\/www.urlaubcornwall.de\/blog\/wp-json\/wp\/v2\/media?parent=12104"}],"curies":[{"name":"wp","href":"https:\/\/api.w.org\/{rel}","templated":true}]}}