{"id":12102,"date":"2014-01-04T13:28:33","date_gmt":"2014-01-04T13:28:33","guid":{"rendered":"https:\/\/www.urlaubcornwall.de\/blog\/?page_id=12102"},"modified":"2021-07-12T08:28:58","modified_gmt":"2021-07-12T08:28:58","slug":"carndu-ferienhaus-coverack-lizard-cornwall","status":"publish","type":"page","link":"https:\/\/www.urlaubcornwall.de\/blog\/carndu-ferienhaus-coverack-lizard-cornwall\/","title":{"rendered":"Carndu &#8211; Ferienhaus Coverack, Lizard, Cornwall"},"content":{"rendered":"<p><strong>Ferienhaus mit Meerblick Coverack, Lizard, S\u00fcdwest-Cornwall | 2 Schlafzimmer | Schlafplatz f\u00fcr 4 + Kinderbett|leider keine Haustiere erlaubt|\u00a0<b>Preisspanne<\/b> K (\u00a3426 &#8211; \u00a31110)<\/strong><\/p>\n<p>Das Ferienhaus Carndu ist ein entz\u00fcckendes, reetgedecktes H\u00e4uschen des 17. Jahrhunderts, das sich am Ende einer kleinen H\u00e4userreihe im beliebten Fischerd\u00f6rfchen Coverack befindet; friedlich gelegen, die wundersch\u00f6ne Bucht \u00fcberschauend.<\/p>\n<p>Es verf\u00fcgt \u00fcber einen unbeschreiblich sch\u00f6nen Meeresblick von s\u00e4mtlichen Hauptr\u00e4umen aus, sowie dem h\u00fcbschen, eingez\u00e4unten Vorgarten. Das Meeresthema findet sich wieder in den frischen blau-wei\u00dfen Farben im Innern des Hauses, dem gem\u00fctlich eingerichteten Wohnzimmer mit offenem Feuer. Der gro\u00dfz\u00fcgige Bauernk\u00fcchen-\/Essbereich hat eigens daf\u00fcr gebaute Schr\u00e4nke und eine nette Anrichte. Der gem\u00fctliche Fenstersitzplatz l\u00e4dt zur Entspannung ein und zum Genie\u00dfen des Blickes. Im Obergeschoss befinden sich zwei ger\u00e4umige Schlafzimmer. Eine Sammlung \u00f6rtlicher Gem\u00e4lde und Keramiken des Besitzers tr\u00e4gt zum geschmackvoll eingerichteten Haus bei.<\/p>\n<p>Stufen f\u00fchren hinunter zum Strand, Sandstrand bei Ebbe, und auch der malerische Hafen und Pub befinden sich in kurzer Entfernung. Bekannt durch die felsigen Buchten und bezaubernde K\u00fcste, bietet diese Gegend ausgedehnte Wanderm\u00f6glichkeiten dem nahe gelegenen K\u00fcstenpfad entlang.<\/p>\n<p style=\"text-align: center;\"><a class=\"tidycta\" href=\"https:\/\/www.urlaubcornwall.de\/ferienhaeuser-fewos\/coverack.html\">Ferienh\u00e4user in Coverack<\/a><\/p>\n<p><strong>Einrichtungen<\/strong><\/p>\n<p>\u2022 \u00f6ffentlichen Parkplatz 500 m<br \/>\n\u2022 Brennstoff und Strom inbegriffen<br \/>\n\u2022 Internetzugang<br \/>\n\u2022 Bettw\u00e4sche und Handt\u00fccher inbegriffen<br \/>\n\u2022 Gartenm\u00f6bel<br \/>\n\u2022 Laden 250 m<br \/>\n\u2022 Pub 500 m<br \/>\n\u2022 M\u00fcnztelefon 500 m<br \/>\n\u2022 Rauchen verboten<br \/>\n\u2022 Keine Hunde erlaubt<br \/>\n\u2022 Ankunftstag Freitag<\/p>\n<p><strong>Um UrlaubCornwall.de einzigartige Kollektion nach Ihrem idealen Ferienhaus zu durchsuchen.<\/strong> <a href=\"http:\/\/www.urlaubcornwall.de\/ferienhaeuser-fewos.php\"><span style=\"text-decoration: underline;\"><strong>Klicken Sie hier &gt;&gt;<\/strong><\/span><\/a><\/p>\n","protected":false},"excerpt":{"rendered":"<p>Ferienhaus mit Meerblick Coverack, Lizard, S\u00fcdwest-Cornwall | 2 Schlafzimmer | Schlafplatz f\u00fcr 4 + Kinderbett|leider keine Haustiere erlaubt|\u00a0Preisspanne K (\u00a3426 &#8211; \u00a31110) Das Ferienhaus Carndu ist ein entz\u00fcckendes, reetgedecktes H\u00e4uschen des 17. Jahrhunderts, das sich am Ende einer kleinen H\u00e4userreihe im beliebten Fischerd\u00f6rfchen Coverack befindet; friedlich gelegen, die wundersch\u00f6ne Bucht \u00fcberschauend. Es verf\u00fcgt \u00fcber einen [&hellip;]<\/p>\n","protected":false},"author":1,"featured_media":0,"parent":0,"menu_order":0,"comment_status":"closed","ping_status":"closed","template":"single-two.php","meta":[],"acf":[],"yoast_head":"<!-- This site is optimized with the Yoast SEO plugin v19.4 - https:\/\/yoast.com\/wordpress\/plugins\/seo\/ -->\n<title>Carndu - Ferienhaus Coverack, Lizard, Cornwall - Urlaub &amp; Reisen<\/title>\n<meta name=\"robots\" content=\"index, follow, max-snippet:-1, max-image-preview:large, max-video-preview:-1\" \/>\n<link rel=\"canonical\" href=\"https:\/\/www.urlaubcornwall.de\/blog\/carndu-ferienhaus-coverack-lizard-cornwall\/\" \/>\n<meta property=\"og:locale\" content=\"en_US\" \/>\n<meta property=\"og:type\" content=\"article\" \/>\n<meta property=\"og:title\" content=\"Carndu - Ferienhaus Coverack, Lizard, Cornwall - Urlaub &amp; Reisen\" \/>\n<meta property=\"og:description\" content=\"Ferienhaus mit Meerblick Coverack, Lizard, S\u00fcdwest-Cornwall | 2 Schlafzimmer | Schlafplatz f\u00fcr 4 + Kinderbett|leider keine Haustiere erlaubt|\u00a0Preisspanne K (\u00a3426 &#8211; \u00a31110) Das Ferienhaus Carndu ist ein entz\u00fcckendes, reetgedecktes H\u00e4uschen des 17. Jahrhunderts, das sich am Ende einer kleinen H\u00e4userreihe im beliebten Fischerd\u00f6rfchen Coverack befindet; friedlich gelegen, die wundersch\u00f6ne Bucht \u00fcberschauend. Es verf\u00fcgt \u00fcber einen [&hellip;]\" \/>\n<meta property=\"og:url\" content=\"https:\/\/www.urlaubcornwall.de\/blog\/carndu-ferienhaus-coverack-lizard-cornwall\/\" \/>\n<meta property=\"og:site_name\" content=\"Urlaub &amp; Reisen\" \/>\n<meta property=\"article:modified_time\" content=\"2021-07-12T08:28:58+00:00\" \/>\n<meta name=\"twitter:card\" content=\"summary\" \/>\n<meta name=\"twitter:label1\" content=\"Est. reading time\" \/>\n\t<meta name=\"twitter:data1\" content=\"1 minute\" \/>\n<script type=\"application\/ld+json\" class=\"yoast-schema-graph\">{\"@context\":\"https:\/\/schema.org\",\"@graph\":[{\"@type\":\"WebSite\",\"@id\":\"https:\/\/www.urlaubcornwall.de\/blog\/#website\",\"url\":\"https:\/\/www.urlaubcornwall.de\/blog\/\",\"name\":\"Urlaub &amp; Reisen\",\"description\":\"Urlaub, Reisen, Cornwall und S\u00fcdengland: eine perfekte Kombination\",\"potentialAction\":[{\"@type\":\"SearchAction\",\"target\":{\"@type\":\"EntryPoint\",\"urlTemplate\":\"https:\/\/www.urlaubcornwall.de\/blog\/?s={search_term_string}\"},\"query-input\":\"required name=search_term_string\"}],\"inLanguage\":\"en-US\"},{\"@type\":\"WebPage\",\"@id\":\"https:\/\/www.urlaubcornwall.de\/blog\/carndu-ferienhaus-coverack-lizard-cornwall\/\",\"url\":\"https:\/\/www.urlaubcornwall.de\/blog\/carndu-ferienhaus-coverack-lizard-cornwall\/\",\"name\":\"Carndu - Ferienhaus Coverack, Lizard, Cornwall - Urlaub &amp; Reisen\",\"isPartOf\":{\"@id\":\"https:\/\/www.urlaubcornwall.de\/blog\/#website\"},\"datePublished\":\"2014-01-04T13:28:33+00:00\",\"dateModified\":\"2021-07-12T08:28:58+00:00\",\"breadcrumb\":{\"@id\":\"https:\/\/www.urlaubcornwall.de\/blog\/carndu-ferienhaus-coverack-lizard-cornwall\/#breadcrumb\"},\"inLanguage\":\"en-US\",\"potentialAction\":[{\"@type\":\"ReadAction\",\"target\":[\"https:\/\/www.urlaubcornwall.de\/blog\/carndu-ferienhaus-coverack-lizard-cornwall\/\"]}]},{\"@type\":\"BreadcrumbList\",\"@id\":\"https:\/\/www.urlaubcornwall.de\/blog\/carndu-ferienhaus-coverack-lizard-cornwall\/#breadcrumb\",\"itemListElement\":[{\"@type\":\"ListItem\",\"position\":1,\"name\":\"Home\",\"item\":\"https:\/\/www.urlaubcornwall.de\/blog\/\"},{\"@type\":\"ListItem\",\"position\":2,\"name\":\"Carndu &#8211; Ferienhaus Coverack, Lizard, Cornwall\"}]}]}<\/script>\n<!-- \/ Yoast SEO plugin. -->","yoast_head_json":{"title":"Carndu - Ferienhaus Coverack, Lizard, Cornwall - Urlaub &amp; Reisen","robots":{"index":"index","follow":"follow","max-snippet":"max-snippet:-1","max-image-preview":"max-image-preview:large","max-video-preview":"max-video-preview:-1"},"canonical":"https:\/\/www.urlaubcornwall.de\/blog\/carndu-ferienhaus-coverack-lizard-cornwall\/","og_locale":"en_US","og_type":"article","og_title":"Carndu - Ferienhaus Coverack, Lizard, Cornwall - Urlaub &amp; Reisen","og_description":"Ferienhaus mit Meerblick Coverack, Lizard, S\u00fcdwest-Cornwall | 2 Schlafzimmer | Schlafplatz f\u00fcr 4 + Kinderbett|leider keine Haustiere erlaubt|\u00a0Preisspanne K (\u00a3426 &#8211; \u00a31110) Das Ferienhaus Carndu ist ein entz\u00fcckendes, reetgedecktes H\u00e4uschen des 17. Jahrhunderts, das sich am Ende einer kleinen H\u00e4userreihe im beliebten Fischerd\u00f6rfchen Coverack befindet; friedlich gelegen, die wundersch\u00f6ne Bucht \u00fcberschauend. Es verf\u00fcgt \u00fcber einen [&hellip;]","og_url":"https:\/\/www.urlaubcornwall.de\/blog\/carndu-ferienhaus-coverack-lizard-cornwall\/","og_site_name":"Urlaub &amp; Reisen","article_modified_time":"2021-07-12T08:28:58+00:00","twitter_card":"summary","twitter_misc":{"Est. reading time":"1 minute"},"schema":{"@context":"https:\/\/schema.org","@graph":[{"@type":"WebSite","@id":"https:\/\/www.urlaubcornwall.de\/blog\/#website","url":"https:\/\/www.urlaubcornwall.de\/blog\/","name":"Urlaub &amp; Reisen","description":"Urlaub, Reisen, Cornwall und S\u00fcdengland: eine perfekte Kombination","potentialAction":[{"@type":"SearchAction","target":{"@type":"EntryPoint","urlTemplate":"https:\/\/www.urlaubcornwall.de\/blog\/?s={search_term_string}"},"query-input":"required name=search_term_string"}],"inLanguage":"en-US"},{"@type":"WebPage","@id":"https:\/\/www.urlaubcornwall.de\/blog\/carndu-ferienhaus-coverack-lizard-cornwall\/","url":"https:\/\/www.urlaubcornwall.de\/blog\/carndu-ferienhaus-coverack-lizard-cornwall\/","name":"Carndu - Ferienhaus Coverack, Lizard, Cornwall - Urlaub &amp; Reisen","isPartOf":{"@id":"https:\/\/www.urlaubcornwall.de\/blog\/#website"},"datePublished":"2014-01-04T13:28:33+00:00","dateModified":"2021-07-12T08:28:58+00:00","breadcrumb":{"@id":"https:\/\/www.urlaubcornwall.de\/blog\/carndu-ferienhaus-coverack-lizard-cornwall\/#breadcrumb"},"inLanguage":"en-US","potentialAction":[{"@type":"ReadAction","target":["https:\/\/www.urlaubcornwall.de\/blog\/carndu-ferienhaus-coverack-lizard-cornwall\/"]}]},{"@type":"BreadcrumbList","@id":"https:\/\/www.urlaubcornwall.de\/blog\/carndu-ferienhaus-coverack-lizard-cornwall\/#breadcrumb","itemListElement":[{"@type":"ListItem","position":1,"name":"Home","item":"https:\/\/www.urlaubcornwall.de\/blog\/"},{"@type":"ListItem","position":2,"name":"Carndu &#8211; Ferienhaus Coverack, Lizard, Cornwall"}]}]}},"_links":{"self":[{"href":"https:\/\/www.urlaubcornwall.de\/blog\/wp-json\/wp\/v2\/pages\/12102"}],"collection":[{"href":"https:\/\/www.urlaubcornwall.de\/blog\/wp-json\/wp\/v2\/pages"}],"about":[{"href":"https:\/\/www.urlaubcornwall.de\/blog\/wp-json\/wp\/v2\/types\/page"}],"author":[{"embeddable":true,"href":"https:\/\/www.urlaubcornwall.de\/blog\/wp-json\/wp\/v2\/users\/1"}],"replies":[{"embeddable":true,"href":"https:\/\/www.urlaubcornwall.de\/blog\/wp-json\/wp\/v2\/comments?post=12102"}],"version-history":[{"count":8,"href":"https:\/\/www.urlaubcornwall.de\/blog\/wp-json\/wp\/v2\/pages\/12102\/revisions"}],"predecessor-version":[{"id":41803,"href":"https:\/\/www.urlaubcornwall.de\/blog\/wp-json\/wp\/v2\/pages\/12102\/revisions\/41803"}],"wp:attachment":[{"href":"https:\/\/www.urlaubcornwall.de\/blog\/wp-json\/wp\/v2\/media?parent=12102"}],"curies":[{"name":"wp","href":"https:\/\/api.w.org\/{rel}","templated":true}]}}