{"id":12096,"date":"2014-01-04T13:25:29","date_gmt":"2014-01-04T13:25:29","guid":{"rendered":"https:\/\/www.urlaubcornwall.de\/blog\/?page_id=12096"},"modified":"2021-08-31T13:43:48","modified_gmt":"2021-08-31T13:43:48","slug":"the-penthouse-ferienwohnung-falmouth-cornwall","status":"publish","type":"page","link":"https:\/\/www.urlaubcornwall.de\/blog\/the-penthouse-ferienwohnung-falmouth-cornwall\/","title":{"rendered":"The Penthouse- Ferienwohnung Falmouth Cornwall"},"content":{"rendered":"<p><strong>Ferienwohnung mit Meerblick Falmouth, S\u00fcdk\u00fcste Cornwall | 2 Schlafzimmer | Schlafplatz f\u00fcr 4| leider keine Haustiere erlaubt |\u00a0<b>Preisspanne<\/b> L (\u00a3447 &#8211; \u00a31170)<\/strong><\/p>\n<p>Vom The Penthouse aus genie\u00dfen Sie einen weitreichenden Blick zum Penryn River hin, \u00fcber die Segelgew\u00e4sser der Carrick Roads hin\u00fcber bis hin zum Hafen in Falmouth. Da haben Sie stets Interessantes zu sehen von der gro\u00dfr\u00e4umigen Terrasse dieses fantastischen Appartements im zweiten Stock. Die Terrasse begehen Sie durch Fl\u00fcgelt\u00fcren aus dem offenen Wohnbereich heraus; der perfekte Ort schlechthin f\u00fcr den morgendlichen Kaffee oder das abendliche Getr\u00e4nk. Das Schlafzimmer verf\u00fcgt \u00fcber eine <i>en suite<\/i> Dusche und das Familienbadezimmer schlie\u00dft sich dem zweiten Schlafzimmer an. Der beeindruckende Standard der M\u00f6blierung wird diejenigen unter Ihnen erfreuen, die Wert auf Qualit\u00e4t und Gem\u00fctlichkeit legen.<\/p>\n<p style=\"text-align: center;\"><a class=\"tidycta\" href=\"https:\/\/www.urlaubcornwall.de\/ferienhaeuser-fewos\/falmouth.html\"><\/a>Suche Ferienh\u00e4user Falmouth<\/p>\n<p>Einrichtungen<\/p>\n<p>\u2022 Parkplatz f\u00fcr 1 Auto<br \/>\n\u2022 Brennstoff und Strom inbegriffen<br \/>\n\u2022 Internetzugang<br \/>\n\u2022 Bettw\u00e4sche und Handt\u00fccher inbegriffen<br \/>\n\u2022 Gartenm\u00f6bel<br \/>\n\u2022 Laden 500 m<br \/>\n\u2022 Pub 500 m<br \/>\n\u2022 M\u00fcnztelefon 500 m<br \/>\n\u2022 Keine Kinder unter 8 Jahre alt<br \/>\n\u2022 Rauchen verboten<br \/>\n\u2022 Keine Hunde erlaubt<br \/>\n\u2022 Ankunftstag Samstag<\/p>\n<p style=\"text-align: center;\"><a class=\"tidycta\" href=\"https:\/\/www.urlaubcornwall.de\/ferienhaeuser-fewos\/falmouth.html\"><\/a>Suche Ferienh\u00e4user Falmouth<\/p>\n","protected":false},"excerpt":{"rendered":"<p>Ferienwohnung mit Meerblick Falmouth, S\u00fcdk\u00fcste Cornwall | 2 Schlafzimmer | Schlafplatz f\u00fcr 4| leider keine Haustiere erlaubt |\u00a0Preisspanne L (\u00a3447 &#8211; \u00a31170) Vom The Penthouse aus genie\u00dfen Sie einen weitreichenden Blick zum Penryn River hin, \u00fcber die Segelgew\u00e4sser der Carrick Roads hin\u00fcber bis hin zum Hafen in Falmouth. Da haben Sie stets Interessantes zu sehen [&hellip;]<\/p>\n","protected":false},"author":1,"featured_media":0,"parent":0,"menu_order":0,"comment_status":"closed","ping_status":"closed","template":"single-two.php","meta":[],"acf":[],"yoast_head":"<!-- This site is optimized with the Yoast SEO plugin v19.4 - https:\/\/yoast.com\/wordpress\/plugins\/seo\/ -->\n<title>The Penthouse- Ferienwohnung Falmouth Cornwall - Urlaub &amp; Reisen<\/title>\n<meta name=\"robots\" content=\"index, follow, max-snippet:-1, max-image-preview:large, max-video-preview:-1\" \/>\n<link rel=\"canonical\" href=\"https:\/\/www.urlaubcornwall.de\/blog\/the-penthouse-ferienwohnung-falmouth-cornwall\/\" \/>\n<meta property=\"og:locale\" content=\"en_US\" \/>\n<meta property=\"og:type\" content=\"article\" \/>\n<meta property=\"og:title\" content=\"The Penthouse- Ferienwohnung Falmouth Cornwall - Urlaub &amp; Reisen\" \/>\n<meta property=\"og:description\" content=\"Ferienwohnung mit Meerblick Falmouth, S\u00fcdk\u00fcste Cornwall | 2 Schlafzimmer | Schlafplatz f\u00fcr 4| leider keine Haustiere erlaubt |\u00a0Preisspanne L (\u00a3447 &#8211; \u00a31170) Vom The Penthouse aus genie\u00dfen Sie einen weitreichenden Blick zum Penryn River hin, \u00fcber die Segelgew\u00e4sser der Carrick Roads hin\u00fcber bis hin zum Hafen in Falmouth. Da haben Sie stets Interessantes zu sehen [&hellip;]\" \/>\n<meta property=\"og:url\" content=\"https:\/\/www.urlaubcornwall.de\/blog\/the-penthouse-ferienwohnung-falmouth-cornwall\/\" \/>\n<meta property=\"og:site_name\" content=\"Urlaub &amp; Reisen\" \/>\n<meta property=\"article:modified_time\" content=\"2021-08-31T13:43:48+00:00\" \/>\n<meta name=\"twitter:card\" content=\"summary\" \/>\n<meta name=\"twitter:label1\" content=\"Est. reading time\" \/>\n\t<meta name=\"twitter:data1\" content=\"1 minute\" \/>\n<script type=\"application\/ld+json\" class=\"yoast-schema-graph\">{\"@context\":\"https:\/\/schema.org\",\"@graph\":[{\"@type\":\"WebSite\",\"@id\":\"https:\/\/www.urlaubcornwall.de\/blog\/#website\",\"url\":\"https:\/\/www.urlaubcornwall.de\/blog\/\",\"name\":\"Urlaub &amp; Reisen\",\"description\":\"Urlaub, Reisen, Cornwall und S\u00fcdengland: eine perfekte Kombination\",\"potentialAction\":[{\"@type\":\"SearchAction\",\"target\":{\"@type\":\"EntryPoint\",\"urlTemplate\":\"https:\/\/www.urlaubcornwall.de\/blog\/?s={search_term_string}\"},\"query-input\":\"required name=search_term_string\"}],\"inLanguage\":\"en-US\"},{\"@type\":\"WebPage\",\"@id\":\"https:\/\/www.urlaubcornwall.de\/blog\/the-penthouse-ferienwohnung-falmouth-cornwall\/\",\"url\":\"https:\/\/www.urlaubcornwall.de\/blog\/the-penthouse-ferienwohnung-falmouth-cornwall\/\",\"name\":\"The Penthouse- Ferienwohnung Falmouth Cornwall - Urlaub &amp; Reisen\",\"isPartOf\":{\"@id\":\"https:\/\/www.urlaubcornwall.de\/blog\/#website\"},\"datePublished\":\"2014-01-04T13:25:29+00:00\",\"dateModified\":\"2021-08-31T13:43:48+00:00\",\"breadcrumb\":{\"@id\":\"https:\/\/www.urlaubcornwall.de\/blog\/the-penthouse-ferienwohnung-falmouth-cornwall\/#breadcrumb\"},\"inLanguage\":\"en-US\",\"potentialAction\":[{\"@type\":\"ReadAction\",\"target\":[\"https:\/\/www.urlaubcornwall.de\/blog\/the-penthouse-ferienwohnung-falmouth-cornwall\/\"]}]},{\"@type\":\"BreadcrumbList\",\"@id\":\"https:\/\/www.urlaubcornwall.de\/blog\/the-penthouse-ferienwohnung-falmouth-cornwall\/#breadcrumb\",\"itemListElement\":[{\"@type\":\"ListItem\",\"position\":1,\"name\":\"Home\",\"item\":\"https:\/\/www.urlaubcornwall.de\/blog\/\"},{\"@type\":\"ListItem\",\"position\":2,\"name\":\"The Penthouse- Ferienwohnung Falmouth Cornwall\"}]}]}<\/script>\n<!-- \/ Yoast SEO plugin. -->","yoast_head_json":{"title":"The Penthouse- Ferienwohnung Falmouth Cornwall - Urlaub &amp; Reisen","robots":{"index":"index","follow":"follow","max-snippet":"max-snippet:-1","max-image-preview":"max-image-preview:large","max-video-preview":"max-video-preview:-1"},"canonical":"https:\/\/www.urlaubcornwall.de\/blog\/the-penthouse-ferienwohnung-falmouth-cornwall\/","og_locale":"en_US","og_type":"article","og_title":"The Penthouse- Ferienwohnung Falmouth Cornwall - Urlaub &amp; Reisen","og_description":"Ferienwohnung mit Meerblick Falmouth, S\u00fcdk\u00fcste Cornwall | 2 Schlafzimmer | Schlafplatz f\u00fcr 4| leider keine Haustiere erlaubt |\u00a0Preisspanne L (\u00a3447 &#8211; \u00a31170) Vom The Penthouse aus genie\u00dfen Sie einen weitreichenden Blick zum Penryn River hin, \u00fcber die Segelgew\u00e4sser der Carrick Roads hin\u00fcber bis hin zum Hafen in Falmouth. Da haben Sie stets Interessantes zu sehen [&hellip;]","og_url":"https:\/\/www.urlaubcornwall.de\/blog\/the-penthouse-ferienwohnung-falmouth-cornwall\/","og_site_name":"Urlaub &amp; Reisen","article_modified_time":"2021-08-31T13:43:48+00:00","twitter_card":"summary","twitter_misc":{"Est. reading time":"1 minute"},"schema":{"@context":"https:\/\/schema.org","@graph":[{"@type":"WebSite","@id":"https:\/\/www.urlaubcornwall.de\/blog\/#website","url":"https:\/\/www.urlaubcornwall.de\/blog\/","name":"Urlaub &amp; Reisen","description":"Urlaub, Reisen, Cornwall und S\u00fcdengland: eine perfekte Kombination","potentialAction":[{"@type":"SearchAction","target":{"@type":"EntryPoint","urlTemplate":"https:\/\/www.urlaubcornwall.de\/blog\/?s={search_term_string}"},"query-input":"required name=search_term_string"}],"inLanguage":"en-US"},{"@type":"WebPage","@id":"https:\/\/www.urlaubcornwall.de\/blog\/the-penthouse-ferienwohnung-falmouth-cornwall\/","url":"https:\/\/www.urlaubcornwall.de\/blog\/the-penthouse-ferienwohnung-falmouth-cornwall\/","name":"The Penthouse- Ferienwohnung Falmouth Cornwall - Urlaub &amp; Reisen","isPartOf":{"@id":"https:\/\/www.urlaubcornwall.de\/blog\/#website"},"datePublished":"2014-01-04T13:25:29+00:00","dateModified":"2021-08-31T13:43:48+00:00","breadcrumb":{"@id":"https:\/\/www.urlaubcornwall.de\/blog\/the-penthouse-ferienwohnung-falmouth-cornwall\/#breadcrumb"},"inLanguage":"en-US","potentialAction":[{"@type":"ReadAction","target":["https:\/\/www.urlaubcornwall.de\/blog\/the-penthouse-ferienwohnung-falmouth-cornwall\/"]}]},{"@type":"BreadcrumbList","@id":"https:\/\/www.urlaubcornwall.de\/blog\/the-penthouse-ferienwohnung-falmouth-cornwall\/#breadcrumb","itemListElement":[{"@type":"ListItem","position":1,"name":"Home","item":"https:\/\/www.urlaubcornwall.de\/blog\/"},{"@type":"ListItem","position":2,"name":"The Penthouse- Ferienwohnung Falmouth Cornwall"}]}]}},"_links":{"self":[{"href":"https:\/\/www.urlaubcornwall.de\/blog\/wp-json\/wp\/v2\/pages\/12096"}],"collection":[{"href":"https:\/\/www.urlaubcornwall.de\/blog\/wp-json\/wp\/v2\/pages"}],"about":[{"href":"https:\/\/www.urlaubcornwall.de\/blog\/wp-json\/wp\/v2\/types\/page"}],"author":[{"embeddable":true,"href":"https:\/\/www.urlaubcornwall.de\/blog\/wp-json\/wp\/v2\/users\/1"}],"replies":[{"embeddable":true,"href":"https:\/\/www.urlaubcornwall.de\/blog\/wp-json\/wp\/v2\/comments?post=12096"}],"version-history":[{"count":7,"href":"https:\/\/www.urlaubcornwall.de\/blog\/wp-json\/wp\/v2\/pages\/12096\/revisions"}],"predecessor-version":[{"id":42325,"href":"https:\/\/www.urlaubcornwall.de\/blog\/wp-json\/wp\/v2\/pages\/12096\/revisions\/42325"}],"wp:attachment":[{"href":"https:\/\/www.urlaubcornwall.de\/blog\/wp-json\/wp\/v2\/media?parent=12096"}],"curies":[{"name":"wp","href":"https:\/\/api.w.org\/{rel}","templated":true}]}}