{"id":12094,"date":"2014-01-04T13:24:35","date_gmt":"2014-01-04T13:24:35","guid":{"rendered":"https:\/\/www.urlaubcornwall.de\/blog\/?page_id=12094"},"modified":"2021-08-31T13:42:58","modified_gmt":"2021-08-31T13:42:58","slug":"lapwing-ferienwohnung-falmouth-cornwall","status":"publish","type":"page","link":"https:\/\/www.urlaubcornwall.de\/blog\/lapwing-ferienwohnung-falmouth-cornwall\/","title":{"rendered":"Lapwing &#8211; Ferienwohnung Falmouth Cornwall"},"content":{"rendered":"<p><strong>Ferienwohnung mit Meerblick Falmouth, S\u00fcdk\u00fcste Cornwall | leider keine Haustiere erlaubt | 1 Schlafzimmer, | Schlafplatz f\u00fcr 2 |\u00a0<b>Preisspanne<\/b> F (\u00a3339 &#8211; \u00a3783)<\/strong><\/p>\n<p>Dieses charmante kleine <i>Quartier, <\/i>\u00a0ein Teil von Falmouth\u2019s Packet Quays Bauprojekt, befindet sich in Hanglage mit atemberaubender Sicht \u00fcber die D\u00e4cher der unterhalb gelegenen Ferienwohnungen bis hin zum gesch\u00e4ftigen Hafen und der Roseland Halbinsel in der Ferne.<\/p>\n<p style=\"text-align: center;\"><a class=\"tidycta\" href=\"https:\/\/www.urlaubcornwall.de\/ferienhaeuser-fewos\/falmouth.html\"><\/a>Suche Ferienh\u00e4user Falmouth<\/p>\n<p>Vom Wohn-\/Essbereich aus, von welchem T\u00fcren auf den ger\u00e4umigen Balkon f\u00fchren, und dem Schlafzimmer dar\u00fcber haben Sie hervorragenden Panoramablick durch bodentiefe Fensterelemente. Auch vom Bett aus k\u00f6nnen Sie den Blick genie\u00dfen; einfach herrlich, jeden Tag so zu beginnen! Mit dem Duschraum im Hochparterre und einer kleinen, doch gut ausgestatteten K\u00fcche darunter, bildet Lapwing eine bezaubernde Ausgangsstation, von der aus die gesch\u00e4ftige Hafenstadt Falmouth erobert werden kann.<\/p>\n<p>Die Gesch\u00e4fte, Bars und Restaurants befinden sich einen kurzen Fu\u00dfmarsch entfernt den H\u00fcgel hinunter, wie auch der Prince of Wales Steg, von dem aus F\u00e4hren nach St Mawes, Flushing, Truro mit seiner Kathedrale und den Helford River entlang fahren. K\u00fcstenwanderwege und etliche sch\u00f6ne G\u00e4rten befinden sich in geringer Autoentfernung, und die dramatische K\u00fcste des Nordens in nur wenig weiter entfernt.<\/p>\n<p><strong>Einrichtungen<\/strong><\/p>\n<p>\u2022 Parkplatz f\u00fcr 1 Auto<br \/>\n\u2022 Brennstoff und Strom inbegriffen<br \/>\n\u2022 Internetzugang<br \/>\n\u2022 Bettw\u00e4sche und Handt\u00fccher inbegriffen<br \/>\n\u2022 Gartenm\u00f6bel<br \/>\n\u2022 Laden 500 m<br \/>\n\u2022 Pub 500 m<br \/>\n\u2022 M\u00fcnztelefon 500 m<br \/>\n\u2022 Keine Kinder unter 16 Jahre alt<br \/>\n\u2022 Rauchen verboten<br \/>\n\u2022 Keine Hunde erlaubt<br \/>\n\u2022 Ankunftstag Freitag<\/p>\n<p style=\"text-align: center;\"><a class=\"tidycta\" href=\"https:\/\/www.urlaubcornwall.de\/ferienhaeuser-fewos\/falmouth.html\"><\/a>Suche Ferienh\u00e4user Falmouth<\/p>\n","protected":false},"excerpt":{"rendered":"<p>Ferienwohnung mit Meerblick Falmouth, S\u00fcdk\u00fcste Cornwall | leider keine Haustiere erlaubt | 1 Schlafzimmer, | Schlafplatz f\u00fcr 2 |\u00a0Preisspanne F (\u00a3339 &#8211; \u00a3783) Dieses charmante kleine Quartier, \u00a0ein Teil von Falmouth\u2019s Packet Quays Bauprojekt, befindet sich in Hanglage mit atemberaubender Sicht \u00fcber die D\u00e4cher der unterhalb gelegenen Ferienwohnungen bis hin zum gesch\u00e4ftigen Hafen und der [&hellip;]<\/p>\n","protected":false},"author":1,"featured_media":0,"parent":0,"menu_order":0,"comment_status":"closed","ping_status":"closed","template":"single-two.php","meta":[],"acf":[],"yoast_head":"<!-- This site is optimized with the Yoast SEO plugin v19.4 - https:\/\/yoast.com\/wordpress\/plugins\/seo\/ -->\n<title>Lapwing - Ferienwohnung Falmouth Cornwall - Urlaub &amp; Reisen<\/title>\n<meta name=\"robots\" content=\"index, follow, max-snippet:-1, max-image-preview:large, max-video-preview:-1\" \/>\n<link rel=\"canonical\" href=\"https:\/\/www.urlaubcornwall.de\/blog\/lapwing-ferienwohnung-falmouth-cornwall\/\" \/>\n<meta property=\"og:locale\" content=\"en_US\" \/>\n<meta property=\"og:type\" content=\"article\" \/>\n<meta property=\"og:title\" content=\"Lapwing - Ferienwohnung Falmouth Cornwall - Urlaub &amp; Reisen\" \/>\n<meta property=\"og:description\" content=\"Ferienwohnung mit Meerblick Falmouth, S\u00fcdk\u00fcste Cornwall | leider keine Haustiere erlaubt | 1 Schlafzimmer, | Schlafplatz f\u00fcr 2 |\u00a0Preisspanne F (\u00a3339 &#8211; \u00a3783) Dieses charmante kleine Quartier, \u00a0ein Teil von Falmouth\u2019s Packet Quays Bauprojekt, befindet sich in Hanglage mit atemberaubender Sicht \u00fcber die D\u00e4cher der unterhalb gelegenen Ferienwohnungen bis hin zum gesch\u00e4ftigen Hafen und der [&hellip;]\" \/>\n<meta property=\"og:url\" content=\"https:\/\/www.urlaubcornwall.de\/blog\/lapwing-ferienwohnung-falmouth-cornwall\/\" \/>\n<meta property=\"og:site_name\" content=\"Urlaub &amp; Reisen\" \/>\n<meta property=\"article:modified_time\" content=\"2021-08-31T13:42:58+00:00\" \/>\n<meta name=\"twitter:card\" content=\"summary\" \/>\n<meta name=\"twitter:label1\" content=\"Est. reading time\" \/>\n\t<meta name=\"twitter:data1\" content=\"1 minute\" \/>\n<script type=\"application\/ld+json\" class=\"yoast-schema-graph\">{\"@context\":\"https:\/\/schema.org\",\"@graph\":[{\"@type\":\"WebSite\",\"@id\":\"https:\/\/www.urlaubcornwall.de\/blog\/#website\",\"url\":\"https:\/\/www.urlaubcornwall.de\/blog\/\",\"name\":\"Urlaub &amp; Reisen\",\"description\":\"Urlaub, Reisen, Cornwall und S\u00fcdengland: eine perfekte Kombination\",\"potentialAction\":[{\"@type\":\"SearchAction\",\"target\":{\"@type\":\"EntryPoint\",\"urlTemplate\":\"https:\/\/www.urlaubcornwall.de\/blog\/?s={search_term_string}\"},\"query-input\":\"required name=search_term_string\"}],\"inLanguage\":\"en-US\"},{\"@type\":\"WebPage\",\"@id\":\"https:\/\/www.urlaubcornwall.de\/blog\/lapwing-ferienwohnung-falmouth-cornwall\/\",\"url\":\"https:\/\/www.urlaubcornwall.de\/blog\/lapwing-ferienwohnung-falmouth-cornwall\/\",\"name\":\"Lapwing - Ferienwohnung Falmouth Cornwall - Urlaub &amp; Reisen\",\"isPartOf\":{\"@id\":\"https:\/\/www.urlaubcornwall.de\/blog\/#website\"},\"datePublished\":\"2014-01-04T13:24:35+00:00\",\"dateModified\":\"2021-08-31T13:42:58+00:00\",\"breadcrumb\":{\"@id\":\"https:\/\/www.urlaubcornwall.de\/blog\/lapwing-ferienwohnung-falmouth-cornwall\/#breadcrumb\"},\"inLanguage\":\"en-US\",\"potentialAction\":[{\"@type\":\"ReadAction\",\"target\":[\"https:\/\/www.urlaubcornwall.de\/blog\/lapwing-ferienwohnung-falmouth-cornwall\/\"]}]},{\"@type\":\"BreadcrumbList\",\"@id\":\"https:\/\/www.urlaubcornwall.de\/blog\/lapwing-ferienwohnung-falmouth-cornwall\/#breadcrumb\",\"itemListElement\":[{\"@type\":\"ListItem\",\"position\":1,\"name\":\"Home\",\"item\":\"https:\/\/www.urlaubcornwall.de\/blog\/\"},{\"@type\":\"ListItem\",\"position\":2,\"name\":\"Lapwing &#8211; Ferienwohnung Falmouth Cornwall\"}]}]}<\/script>\n<!-- \/ Yoast SEO plugin. -->","yoast_head_json":{"title":"Lapwing - Ferienwohnung Falmouth Cornwall - Urlaub &amp; Reisen","robots":{"index":"index","follow":"follow","max-snippet":"max-snippet:-1","max-image-preview":"max-image-preview:large","max-video-preview":"max-video-preview:-1"},"canonical":"https:\/\/www.urlaubcornwall.de\/blog\/lapwing-ferienwohnung-falmouth-cornwall\/","og_locale":"en_US","og_type":"article","og_title":"Lapwing - Ferienwohnung Falmouth Cornwall - Urlaub &amp; Reisen","og_description":"Ferienwohnung mit Meerblick Falmouth, S\u00fcdk\u00fcste Cornwall | leider keine Haustiere erlaubt | 1 Schlafzimmer, | Schlafplatz f\u00fcr 2 |\u00a0Preisspanne F (\u00a3339 &#8211; \u00a3783) Dieses charmante kleine Quartier, \u00a0ein Teil von Falmouth\u2019s Packet Quays Bauprojekt, befindet sich in Hanglage mit atemberaubender Sicht \u00fcber die D\u00e4cher der unterhalb gelegenen Ferienwohnungen bis hin zum gesch\u00e4ftigen Hafen und der [&hellip;]","og_url":"https:\/\/www.urlaubcornwall.de\/blog\/lapwing-ferienwohnung-falmouth-cornwall\/","og_site_name":"Urlaub &amp; Reisen","article_modified_time":"2021-08-31T13:42:58+00:00","twitter_card":"summary","twitter_misc":{"Est. reading time":"1 minute"},"schema":{"@context":"https:\/\/schema.org","@graph":[{"@type":"WebSite","@id":"https:\/\/www.urlaubcornwall.de\/blog\/#website","url":"https:\/\/www.urlaubcornwall.de\/blog\/","name":"Urlaub &amp; Reisen","description":"Urlaub, Reisen, Cornwall und S\u00fcdengland: eine perfekte Kombination","potentialAction":[{"@type":"SearchAction","target":{"@type":"EntryPoint","urlTemplate":"https:\/\/www.urlaubcornwall.de\/blog\/?s={search_term_string}"},"query-input":"required name=search_term_string"}],"inLanguage":"en-US"},{"@type":"WebPage","@id":"https:\/\/www.urlaubcornwall.de\/blog\/lapwing-ferienwohnung-falmouth-cornwall\/","url":"https:\/\/www.urlaubcornwall.de\/blog\/lapwing-ferienwohnung-falmouth-cornwall\/","name":"Lapwing - Ferienwohnung Falmouth Cornwall - Urlaub &amp; Reisen","isPartOf":{"@id":"https:\/\/www.urlaubcornwall.de\/blog\/#website"},"datePublished":"2014-01-04T13:24:35+00:00","dateModified":"2021-08-31T13:42:58+00:00","breadcrumb":{"@id":"https:\/\/www.urlaubcornwall.de\/blog\/lapwing-ferienwohnung-falmouth-cornwall\/#breadcrumb"},"inLanguage":"en-US","potentialAction":[{"@type":"ReadAction","target":["https:\/\/www.urlaubcornwall.de\/blog\/lapwing-ferienwohnung-falmouth-cornwall\/"]}]},{"@type":"BreadcrumbList","@id":"https:\/\/www.urlaubcornwall.de\/blog\/lapwing-ferienwohnung-falmouth-cornwall\/#breadcrumb","itemListElement":[{"@type":"ListItem","position":1,"name":"Home","item":"https:\/\/www.urlaubcornwall.de\/blog\/"},{"@type":"ListItem","position":2,"name":"Lapwing &#8211; Ferienwohnung Falmouth Cornwall"}]}]}},"_links":{"self":[{"href":"https:\/\/www.urlaubcornwall.de\/blog\/wp-json\/wp\/v2\/pages\/12094"}],"collection":[{"href":"https:\/\/www.urlaubcornwall.de\/blog\/wp-json\/wp\/v2\/pages"}],"about":[{"href":"https:\/\/www.urlaubcornwall.de\/blog\/wp-json\/wp\/v2\/types\/page"}],"author":[{"embeddable":true,"href":"https:\/\/www.urlaubcornwall.de\/blog\/wp-json\/wp\/v2\/users\/1"}],"replies":[{"embeddable":true,"href":"https:\/\/www.urlaubcornwall.de\/blog\/wp-json\/wp\/v2\/comments?post=12094"}],"version-history":[{"count":7,"href":"https:\/\/www.urlaubcornwall.de\/blog\/wp-json\/wp\/v2\/pages\/12094\/revisions"}],"predecessor-version":[{"id":42324,"href":"https:\/\/www.urlaubcornwall.de\/blog\/wp-json\/wp\/v2\/pages\/12094\/revisions\/42324"}],"wp:attachment":[{"href":"https:\/\/www.urlaubcornwall.de\/blog\/wp-json\/wp\/v2\/media?parent=12094"}],"curies":[{"name":"wp","href":"https:\/\/api.w.org\/{rel}","templated":true}]}}