{"id":12092,"date":"2014-01-04T13:35:19","date_gmt":"2014-01-04T13:35:19","guid":{"rendered":"https:\/\/www.urlaubcornwall.de\/blog\/?page_id=12092"},"modified":"2021-08-31T13:51:10","modified_gmt":"2021-08-31T13:51:10","slug":"headland-view-ferienwohnung-newquay","status":"publish","type":"page","link":"https:\/\/www.urlaubcornwall.de\/blog\/headland-view-ferienwohnung-newquay\/","title":{"rendered":"Headland View &#8211; Ferienwohnung Newquay"},"content":{"rendered":"<p><strong>Ferienwohnung strandnah 1.9 Kilometer W von Newquay, Nordk\u00fcste Cornwall | 3 Schlafzimmer | Schlafplatz f\u00fcr 6 + Kinderbett | leider keine Haustiere erlaubt |\u00a0<b>Preisspanne<\/b>\u00a0 J\u00a0(\u00a3405\u00a0&#8211;\u00a0\u00a31020)<\/strong><\/p>\n<p>Die Pentire Halbinsel ist daf\u00fcr bekannt, dass sie Zugang bietet zu den Surfstr\u00e4nden Newquays und die ruhigeren Sandbuchten der Gannel Flussm\u00fcndung. Headland View ist eine von 14 Ferienwohnungen, die sich abseits der Stra\u00dfe befinden, die zum Pentire Point f\u00fchrt. Es ist geradezu ideal f\u00fcr Paare und Familien, die w\u00e4hrend der Ferien das Auto einfach vergessen wollen. Diese zeitgen\u00f6ssische Ferienwohnung auf dem ersten Stock bietet eine sehr gem\u00fctliche Ausgangsbasis.<\/p>\n<p style=\"text-align: center;\"><a class=\"tidycta\" href=\"https:\/\/www.urlaubcornwall.de\/ferienhaeuser-fewos\/newquay.html\"><\/a>Suche Ferienh\u00e4user Newquay<\/p>\n<p>Treppen f\u00fchren vom Eingangsbereich zu zwei der Schlafzimmer, dem Badezimmer und offenen Wohnbereich. Auf dem zweiten Stock werden sich die G\u00e4ste am gro\u00dfr\u00e4umigen Schlafzimmer und dem Balkon mit Sitzm\u00f6glichkeit erfreuen (bitte achten Sie auf Ihre Kinder), um den Meeresblick \u00fcber die D\u00e4cher hinweg zu genie\u00dfen.<\/p>\n<p>Mit den M\u00f6glichkeiten zum Surfen, Wandern und den Annehmlichkeiten Newquays, werden s\u00e4mtliche Interessen abgedeckt. Und f\u00fcr diejenigen, die etwas weiter entfernt auf Entdeckungsreise gehen m\u00f6chten, gibt es Tagesausfl\u00fcge zum Eden Project, dem beliebten K\u00fcnstlerst\u00e4dtchen St Ives, der Einkaufsstadt Truro und der Hafenstadt Falmouth.<\/p>\n<p><b>Einrichtungen<\/b><\/p>\n<ul>\n<li>Parkplatz f\u00fcr 1 Auto. Parkpl\u00e4tze auf der Stra\u00dfe<\/li>\n<li>Brennstoff und Strom inbegriffen<\/li>\n<li>Internetzugang<\/li>\n<li>Bettw\u00e4sche und Handt\u00fccher inbegriffen<\/li>\n<li>Gartenm\u00f6bel<\/li>\n<li>Laden 1 km<\/li>\n<li>Pub 1 km<\/li>\n<li>M\u00fcnztelefon 500 m<\/li>\n<li>Golfplatz 1 km<\/li>\n<li>Rauchen verboten<\/li>\n<li>Keine Hunde erlaubt<\/li>\n<li>Ankunftstag Freitag<\/li>\n<\/ul>\n<p style=\"text-align: center;\"><a class=\"tidycta\" href=\"https:\/\/www.urlaubcornwall.de\/ferienhaeuser-fewos\/newquay.html\"><\/a>Suche Ferienh\u00e4user Newquay<\/p>\n","protected":false},"excerpt":{"rendered":"<p>Ferienwohnung strandnah 1.9 Kilometer W von Newquay, Nordk\u00fcste Cornwall | 3 Schlafzimmer | Schlafplatz f\u00fcr 6 + Kinderbett | leider keine Haustiere erlaubt |\u00a0Preisspanne\u00a0 J\u00a0(\u00a3405\u00a0&#8211;\u00a0\u00a31020) Die Pentire Halbinsel ist daf\u00fcr bekannt, dass sie Zugang bietet zu den Surfstr\u00e4nden Newquays und die ruhigeren Sandbuchten der Gannel Flussm\u00fcndung. Headland View ist eine von 14 Ferienwohnungen, die sich [&hellip;]<\/p>\n","protected":false},"author":1,"featured_media":0,"parent":0,"menu_order":0,"comment_status":"closed","ping_status":"closed","template":"single-two.php","meta":[],"acf":[],"yoast_head":"<!-- This site is optimized with the Yoast SEO plugin v19.4 - https:\/\/yoast.com\/wordpress\/plugins\/seo\/ -->\n<title>Headland View - Ferienwohnung Newquay - Urlaub &amp; Reisen<\/title>\n<meta name=\"robots\" content=\"index, follow, max-snippet:-1, max-image-preview:large, max-video-preview:-1\" \/>\n<link rel=\"canonical\" href=\"https:\/\/www.urlaubcornwall.de\/blog\/headland-view-ferienwohnung-newquay\/\" \/>\n<meta property=\"og:locale\" content=\"en_US\" \/>\n<meta property=\"og:type\" content=\"article\" \/>\n<meta property=\"og:title\" content=\"Headland View - Ferienwohnung Newquay - Urlaub &amp; Reisen\" \/>\n<meta property=\"og:description\" content=\"Ferienwohnung strandnah 1.9 Kilometer W von Newquay, Nordk\u00fcste Cornwall | 3 Schlafzimmer | Schlafplatz f\u00fcr 6 + Kinderbett | leider keine Haustiere erlaubt |\u00a0Preisspanne\u00a0 J\u00a0(\u00a3405\u00a0&#8211;\u00a0\u00a31020) Die Pentire Halbinsel ist daf\u00fcr bekannt, dass sie Zugang bietet zu den Surfstr\u00e4nden Newquays und die ruhigeren Sandbuchten der Gannel Flussm\u00fcndung. Headland View ist eine von 14 Ferienwohnungen, die sich [&hellip;]\" \/>\n<meta property=\"og:url\" content=\"https:\/\/www.urlaubcornwall.de\/blog\/headland-view-ferienwohnung-newquay\/\" \/>\n<meta property=\"og:site_name\" content=\"Urlaub &amp; Reisen\" \/>\n<meta property=\"article:modified_time\" content=\"2021-08-31T13:51:10+00:00\" \/>\n<meta name=\"twitter:card\" content=\"summary\" \/>\n<meta name=\"twitter:label1\" content=\"Est. reading time\" \/>\n\t<meta name=\"twitter:data1\" content=\"1 minute\" \/>\n<script type=\"application\/ld+json\" class=\"yoast-schema-graph\">{\"@context\":\"https:\/\/schema.org\",\"@graph\":[{\"@type\":\"WebSite\",\"@id\":\"https:\/\/www.urlaubcornwall.de\/blog\/#website\",\"url\":\"https:\/\/www.urlaubcornwall.de\/blog\/\",\"name\":\"Urlaub &amp; Reisen\",\"description\":\"Urlaub, Reisen, Cornwall und S\u00fcdengland: eine perfekte Kombination\",\"potentialAction\":[{\"@type\":\"SearchAction\",\"target\":{\"@type\":\"EntryPoint\",\"urlTemplate\":\"https:\/\/www.urlaubcornwall.de\/blog\/?s={search_term_string}\"},\"query-input\":\"required name=search_term_string\"}],\"inLanguage\":\"en-US\"},{\"@type\":\"WebPage\",\"@id\":\"https:\/\/www.urlaubcornwall.de\/blog\/headland-view-ferienwohnung-newquay\/\",\"url\":\"https:\/\/www.urlaubcornwall.de\/blog\/headland-view-ferienwohnung-newquay\/\",\"name\":\"Headland View - Ferienwohnung Newquay - Urlaub &amp; Reisen\",\"isPartOf\":{\"@id\":\"https:\/\/www.urlaubcornwall.de\/blog\/#website\"},\"datePublished\":\"2014-01-04T13:35:19+00:00\",\"dateModified\":\"2021-08-31T13:51:10+00:00\",\"breadcrumb\":{\"@id\":\"https:\/\/www.urlaubcornwall.de\/blog\/headland-view-ferienwohnung-newquay\/#breadcrumb\"},\"inLanguage\":\"en-US\",\"potentialAction\":[{\"@type\":\"ReadAction\",\"target\":[\"https:\/\/www.urlaubcornwall.de\/blog\/headland-view-ferienwohnung-newquay\/\"]}]},{\"@type\":\"BreadcrumbList\",\"@id\":\"https:\/\/www.urlaubcornwall.de\/blog\/headland-view-ferienwohnung-newquay\/#breadcrumb\",\"itemListElement\":[{\"@type\":\"ListItem\",\"position\":1,\"name\":\"Home\",\"item\":\"https:\/\/www.urlaubcornwall.de\/blog\/\"},{\"@type\":\"ListItem\",\"position\":2,\"name\":\"Headland View &#8211; Ferienwohnung Newquay\"}]}]}<\/script>\n<!-- \/ Yoast SEO plugin. -->","yoast_head_json":{"title":"Headland View - Ferienwohnung Newquay - Urlaub &amp; Reisen","robots":{"index":"index","follow":"follow","max-snippet":"max-snippet:-1","max-image-preview":"max-image-preview:large","max-video-preview":"max-video-preview:-1"},"canonical":"https:\/\/www.urlaubcornwall.de\/blog\/headland-view-ferienwohnung-newquay\/","og_locale":"en_US","og_type":"article","og_title":"Headland View - Ferienwohnung Newquay - Urlaub &amp; Reisen","og_description":"Ferienwohnung strandnah 1.9 Kilometer W von Newquay, Nordk\u00fcste Cornwall | 3 Schlafzimmer | Schlafplatz f\u00fcr 6 + Kinderbett | leider keine Haustiere erlaubt |\u00a0Preisspanne\u00a0 J\u00a0(\u00a3405\u00a0&#8211;\u00a0\u00a31020) Die Pentire Halbinsel ist daf\u00fcr bekannt, dass sie Zugang bietet zu den Surfstr\u00e4nden Newquays und die ruhigeren Sandbuchten der Gannel Flussm\u00fcndung. Headland View ist eine von 14 Ferienwohnungen, die sich [&hellip;]","og_url":"https:\/\/www.urlaubcornwall.de\/blog\/headland-view-ferienwohnung-newquay\/","og_site_name":"Urlaub &amp; Reisen","article_modified_time":"2021-08-31T13:51:10+00:00","twitter_card":"summary","twitter_misc":{"Est. reading time":"1 minute"},"schema":{"@context":"https:\/\/schema.org","@graph":[{"@type":"WebSite","@id":"https:\/\/www.urlaubcornwall.de\/blog\/#website","url":"https:\/\/www.urlaubcornwall.de\/blog\/","name":"Urlaub &amp; Reisen","description":"Urlaub, Reisen, Cornwall und S\u00fcdengland: eine perfekte Kombination","potentialAction":[{"@type":"SearchAction","target":{"@type":"EntryPoint","urlTemplate":"https:\/\/www.urlaubcornwall.de\/blog\/?s={search_term_string}"},"query-input":"required name=search_term_string"}],"inLanguage":"en-US"},{"@type":"WebPage","@id":"https:\/\/www.urlaubcornwall.de\/blog\/headland-view-ferienwohnung-newquay\/","url":"https:\/\/www.urlaubcornwall.de\/blog\/headland-view-ferienwohnung-newquay\/","name":"Headland View - Ferienwohnung Newquay - Urlaub &amp; Reisen","isPartOf":{"@id":"https:\/\/www.urlaubcornwall.de\/blog\/#website"},"datePublished":"2014-01-04T13:35:19+00:00","dateModified":"2021-08-31T13:51:10+00:00","breadcrumb":{"@id":"https:\/\/www.urlaubcornwall.de\/blog\/headland-view-ferienwohnung-newquay\/#breadcrumb"},"inLanguage":"en-US","potentialAction":[{"@type":"ReadAction","target":["https:\/\/www.urlaubcornwall.de\/blog\/headland-view-ferienwohnung-newquay\/"]}]},{"@type":"BreadcrumbList","@id":"https:\/\/www.urlaubcornwall.de\/blog\/headland-view-ferienwohnung-newquay\/#breadcrumb","itemListElement":[{"@type":"ListItem","position":1,"name":"Home","item":"https:\/\/www.urlaubcornwall.de\/blog\/"},{"@type":"ListItem","position":2,"name":"Headland View &#8211; Ferienwohnung Newquay"}]}]}},"_links":{"self":[{"href":"https:\/\/www.urlaubcornwall.de\/blog\/wp-json\/wp\/v2\/pages\/12092"}],"collection":[{"href":"https:\/\/www.urlaubcornwall.de\/blog\/wp-json\/wp\/v2\/pages"}],"about":[{"href":"https:\/\/www.urlaubcornwall.de\/blog\/wp-json\/wp\/v2\/types\/page"}],"author":[{"embeddable":true,"href":"https:\/\/www.urlaubcornwall.de\/blog\/wp-json\/wp\/v2\/users\/1"}],"replies":[{"embeddable":true,"href":"https:\/\/www.urlaubcornwall.de\/blog\/wp-json\/wp\/v2\/comments?post=12092"}],"version-history":[{"count":6,"href":"https:\/\/www.urlaubcornwall.de\/blog\/wp-json\/wp\/v2\/pages\/12092\/revisions"}],"predecessor-version":[{"id":42329,"href":"https:\/\/www.urlaubcornwall.de\/blog\/wp-json\/wp\/v2\/pages\/12092\/revisions\/42329"}],"wp:attachment":[{"href":"https:\/\/www.urlaubcornwall.de\/blog\/wp-json\/wp\/v2\/media?parent=12092"}],"curies":[{"name":"wp","href":"https:\/\/api.w.org\/{rel}","templated":true}]}}