{"id":12085,"date":"2014-01-04T13:32:48","date_gmt":"2014-01-04T13:32:48","guid":{"rendered":"https:\/\/www.urlaubcornwall.de\/blog\/?page_id=12085"},"modified":"2021-08-31T13:50:43","modified_gmt":"2021-08-31T13:50:43","slug":"little-barn-ferienhaus-newquay","status":"publish","type":"page","link":"https:\/\/www.urlaubcornwall.de\/blog\/little-barn-ferienhaus-newquay\/","title":{"rendered":"Little Barn &#8211; Ferienhaus mit Meerblick Newquay"},"content":{"rendered":"<p><strong>Ferienhaus mit Meerblick Newquay, Nordk\u00fcste Cornwall | 1 Schlafzimmer | Schlafplatz f\u00fcr 2 | leider keine Haustiere erlaubt | Preisspanne C\u00a0(\u00a3291\u00a0&#8211;\u00a0\u00a3627)<\/strong><\/p>\n<p>Vom Little Barn Cottage aus sehen Sie die erstaunliche Ausdehnung des Flusses \u00a0Gannel bei Pentire, <a href=\"https:\/\/www.urlaubcornwall.de\/blog\/newquay-geschichte-sehenswuerdigkeiten-und-unterkunft\/\">Newquay<\/a>, und das Haus bildet einen idealen R\u00fcckzugsort f\u00fcr Paare, die sich entspannen und dabei die Nordk\u00fcste Cornwalls genie\u00dfen wollen. Der urspr\u00fcngliche, nun umgebaute Steinschuppen ist g\u00e4nzlich ebenerdig gebaut, abgesehen von den Stufen, die hineinf\u00fchren. Im Innern befinden sich gewei\u00dfelte Balken, ein rotes Pl\u00fcschsofa und ein Holzofen \u2013 ein herrlicher Blickpunkt am Abend, wenn die Flussm\u00fcndung nicht mehr sichtbar ist. Selbst vom Bett aus ergibt sich ein wundersch\u00f6ner Blick auf die Landschaft.<\/p>\n<p style=\"text-align: center;\"><a class=\"tidycta\" href=\"https:\/\/www.urlaubcornwall.de\/ferienhaeuser-fewos\/newquay.html\"><\/a>Suche Ferienh\u00e4user Newquay<\/p>\n<p>Die kleine K\u00fcche verf\u00fcgt \u00fcber einen Herd mit zwei Platten und einer Mikrowelle und ist insgesamt mehr f\u00fcr leichtere Mahlzeiten geeignet als f\u00fcr Dinner Partys! Ein kleiner Spaziergang vom Little Barn aus bringt Sie zum Fistral Beach, den Gesch\u00e4ften und Restaurants Newquays; alternativ k\u00f6nnen Sie zahlreiche Wanderungen genie\u00dfen \u00fcber die Flussm\u00fcndung hinweg nach Crantock mit seinem Strand, den Pubs und Sandd\u00fcnen.<\/p>\n<p><b>Einrichtungen<\/b><\/p>\n<ul>\n<li>Parkplatz f\u00fcr 1 Auto<\/li>\n<li>Brennstoff und Strom inbegriffen<\/li>\n<li>Internetzugang<\/li>\n<li>Bettw\u00e4sche und Handt\u00fccher inbegriffen<\/li>\n<li>Gartenm\u00f6bel<\/li>\n<li>Laden .0,5km<\/li>\n<li>Pub 1km.<\/li>\n<li>M\u00fcnztelefon 1km.<\/li>\n<li>keine Kinder unter 2 Jahre alt<\/li>\n<li>Rauchen verboten<\/li>\n<li>Keine Hunde erlaubt<\/li>\n<li>Ankunftstag Freitag<\/li>\n<\/ul>\n<p style=\"text-align: center;\"><a class=\"tidycta\" href=\"https:\/\/www.urlaubcornwall.de\/ferienhaeuser-fewos\/newquay.html\"><\/a>Suche Ferienh\u00e4user Newquay<\/p>\n","protected":false},"excerpt":{"rendered":"<p>Ferienhaus mit Meerblick Newquay, Nordk\u00fcste Cornwall | 1 Schlafzimmer | Schlafplatz f\u00fcr 2 | leider keine Haustiere erlaubt | Preisspanne C\u00a0(\u00a3291\u00a0&#8211;\u00a0\u00a3627) Vom Little Barn Cottage aus sehen Sie die erstaunliche Ausdehnung des Flusses \u00a0Gannel bei Pentire, Newquay, und das Haus bildet einen idealen R\u00fcckzugsort f\u00fcr Paare, die sich entspannen und dabei die Nordk\u00fcste Cornwalls genie\u00dfen [&hellip;]<\/p>\n","protected":false},"author":1,"featured_media":0,"parent":0,"menu_order":0,"comment_status":"closed","ping_status":"closed","template":"single-two.php","meta":[],"acf":[],"yoast_head":"<!-- This site is optimized with the Yoast SEO plugin v19.4 - https:\/\/yoast.com\/wordpress\/plugins\/seo\/ -->\n<title>Little Barn - Ferienhaus mit Meerblick Newquay - Urlaub &amp; Reisen<\/title>\n<meta name=\"robots\" content=\"index, follow, max-snippet:-1, max-image-preview:large, max-video-preview:-1\" \/>\n<link rel=\"canonical\" href=\"https:\/\/www.urlaubcornwall.de\/blog\/little-barn-ferienhaus-newquay\/\" \/>\n<meta property=\"og:locale\" content=\"en_US\" \/>\n<meta property=\"og:type\" content=\"article\" \/>\n<meta property=\"og:title\" content=\"Little Barn - Ferienhaus mit Meerblick Newquay - Urlaub &amp; Reisen\" \/>\n<meta property=\"og:description\" content=\"Ferienhaus mit Meerblick Newquay, Nordk\u00fcste Cornwall | 1 Schlafzimmer | Schlafplatz f\u00fcr 2 | leider keine Haustiere erlaubt | Preisspanne C\u00a0(\u00a3291\u00a0&#8211;\u00a0\u00a3627) Vom Little Barn Cottage aus sehen Sie die erstaunliche Ausdehnung des Flusses \u00a0Gannel bei Pentire, Newquay, und das Haus bildet einen idealen R\u00fcckzugsort f\u00fcr Paare, die sich entspannen und dabei die Nordk\u00fcste Cornwalls genie\u00dfen [&hellip;]\" \/>\n<meta property=\"og:url\" content=\"https:\/\/www.urlaubcornwall.de\/blog\/little-barn-ferienhaus-newquay\/\" \/>\n<meta property=\"og:site_name\" content=\"Urlaub &amp; Reisen\" \/>\n<meta property=\"article:modified_time\" content=\"2021-08-31T13:50:43+00:00\" \/>\n<meta name=\"twitter:card\" content=\"summary\" \/>\n<meta name=\"twitter:label1\" content=\"Est. reading time\" \/>\n\t<meta name=\"twitter:data1\" content=\"1 minute\" \/>\n<script type=\"application\/ld+json\" class=\"yoast-schema-graph\">{\"@context\":\"https:\/\/schema.org\",\"@graph\":[{\"@type\":\"WebSite\",\"@id\":\"https:\/\/www.urlaubcornwall.de\/blog\/#website\",\"url\":\"https:\/\/www.urlaubcornwall.de\/blog\/\",\"name\":\"Urlaub &amp; Reisen\",\"description\":\"Urlaub, Reisen, Cornwall und S\u00fcdengland: eine perfekte Kombination\",\"potentialAction\":[{\"@type\":\"SearchAction\",\"target\":{\"@type\":\"EntryPoint\",\"urlTemplate\":\"https:\/\/www.urlaubcornwall.de\/blog\/?s={search_term_string}\"},\"query-input\":\"required name=search_term_string\"}],\"inLanguage\":\"en-US\"},{\"@type\":\"WebPage\",\"@id\":\"https:\/\/www.urlaubcornwall.de\/blog\/little-barn-ferienhaus-newquay\/\",\"url\":\"https:\/\/www.urlaubcornwall.de\/blog\/little-barn-ferienhaus-newquay\/\",\"name\":\"Little Barn - Ferienhaus mit Meerblick Newquay - Urlaub &amp; Reisen\",\"isPartOf\":{\"@id\":\"https:\/\/www.urlaubcornwall.de\/blog\/#website\"},\"datePublished\":\"2014-01-04T13:32:48+00:00\",\"dateModified\":\"2021-08-31T13:50:43+00:00\",\"breadcrumb\":{\"@id\":\"https:\/\/www.urlaubcornwall.de\/blog\/little-barn-ferienhaus-newquay\/#breadcrumb\"},\"inLanguage\":\"en-US\",\"potentialAction\":[{\"@type\":\"ReadAction\",\"target\":[\"https:\/\/www.urlaubcornwall.de\/blog\/little-barn-ferienhaus-newquay\/\"]}]},{\"@type\":\"BreadcrumbList\",\"@id\":\"https:\/\/www.urlaubcornwall.de\/blog\/little-barn-ferienhaus-newquay\/#breadcrumb\",\"itemListElement\":[{\"@type\":\"ListItem\",\"position\":1,\"name\":\"Home\",\"item\":\"https:\/\/www.urlaubcornwall.de\/blog\/\"},{\"@type\":\"ListItem\",\"position\":2,\"name\":\"Little Barn &#8211; Ferienhaus mit Meerblick Newquay\"}]}]}<\/script>\n<!-- \/ Yoast SEO plugin. -->","yoast_head_json":{"title":"Little Barn - Ferienhaus mit Meerblick Newquay - Urlaub &amp; Reisen","robots":{"index":"index","follow":"follow","max-snippet":"max-snippet:-1","max-image-preview":"max-image-preview:large","max-video-preview":"max-video-preview:-1"},"canonical":"https:\/\/www.urlaubcornwall.de\/blog\/little-barn-ferienhaus-newquay\/","og_locale":"en_US","og_type":"article","og_title":"Little Barn - Ferienhaus mit Meerblick Newquay - Urlaub &amp; Reisen","og_description":"Ferienhaus mit Meerblick Newquay, Nordk\u00fcste Cornwall | 1 Schlafzimmer | Schlafplatz f\u00fcr 2 | leider keine Haustiere erlaubt | Preisspanne C\u00a0(\u00a3291\u00a0&#8211;\u00a0\u00a3627) Vom Little Barn Cottage aus sehen Sie die erstaunliche Ausdehnung des Flusses \u00a0Gannel bei Pentire, Newquay, und das Haus bildet einen idealen R\u00fcckzugsort f\u00fcr Paare, die sich entspannen und dabei die Nordk\u00fcste Cornwalls genie\u00dfen [&hellip;]","og_url":"https:\/\/www.urlaubcornwall.de\/blog\/little-barn-ferienhaus-newquay\/","og_site_name":"Urlaub &amp; Reisen","article_modified_time":"2021-08-31T13:50:43+00:00","twitter_card":"summary","twitter_misc":{"Est. reading time":"1 minute"},"schema":{"@context":"https:\/\/schema.org","@graph":[{"@type":"WebSite","@id":"https:\/\/www.urlaubcornwall.de\/blog\/#website","url":"https:\/\/www.urlaubcornwall.de\/blog\/","name":"Urlaub &amp; Reisen","description":"Urlaub, Reisen, Cornwall und S\u00fcdengland: eine perfekte Kombination","potentialAction":[{"@type":"SearchAction","target":{"@type":"EntryPoint","urlTemplate":"https:\/\/www.urlaubcornwall.de\/blog\/?s={search_term_string}"},"query-input":"required name=search_term_string"}],"inLanguage":"en-US"},{"@type":"WebPage","@id":"https:\/\/www.urlaubcornwall.de\/blog\/little-barn-ferienhaus-newquay\/","url":"https:\/\/www.urlaubcornwall.de\/blog\/little-barn-ferienhaus-newquay\/","name":"Little Barn - Ferienhaus mit Meerblick Newquay - Urlaub &amp; Reisen","isPartOf":{"@id":"https:\/\/www.urlaubcornwall.de\/blog\/#website"},"datePublished":"2014-01-04T13:32:48+00:00","dateModified":"2021-08-31T13:50:43+00:00","breadcrumb":{"@id":"https:\/\/www.urlaubcornwall.de\/blog\/little-barn-ferienhaus-newquay\/#breadcrumb"},"inLanguage":"en-US","potentialAction":[{"@type":"ReadAction","target":["https:\/\/www.urlaubcornwall.de\/blog\/little-barn-ferienhaus-newquay\/"]}]},{"@type":"BreadcrumbList","@id":"https:\/\/www.urlaubcornwall.de\/blog\/little-barn-ferienhaus-newquay\/#breadcrumb","itemListElement":[{"@type":"ListItem","position":1,"name":"Home","item":"https:\/\/www.urlaubcornwall.de\/blog\/"},{"@type":"ListItem","position":2,"name":"Little Barn &#8211; Ferienhaus mit Meerblick Newquay"}]}]}},"_links":{"self":[{"href":"https:\/\/www.urlaubcornwall.de\/blog\/wp-json\/wp\/v2\/pages\/12085"}],"collection":[{"href":"https:\/\/www.urlaubcornwall.de\/blog\/wp-json\/wp\/v2\/pages"}],"about":[{"href":"https:\/\/www.urlaubcornwall.de\/blog\/wp-json\/wp\/v2\/types\/page"}],"author":[{"embeddable":true,"href":"https:\/\/www.urlaubcornwall.de\/blog\/wp-json\/wp\/v2\/users\/1"}],"replies":[{"embeddable":true,"href":"https:\/\/www.urlaubcornwall.de\/blog\/wp-json\/wp\/v2\/comments?post=12085"}],"version-history":[{"count":13,"href":"https:\/\/www.urlaubcornwall.de\/blog\/wp-json\/wp\/v2\/pages\/12085\/revisions"}],"predecessor-version":[{"id":42328,"href":"https:\/\/www.urlaubcornwall.de\/blog\/wp-json\/wp\/v2\/pages\/12085\/revisions\/42328"}],"wp:attachment":[{"href":"https:\/\/www.urlaubcornwall.de\/blog\/wp-json\/wp\/v2\/media?parent=12085"}],"curies":[{"name":"wp","href":"https:\/\/api.w.org\/{rel}","templated":true}]}}