{"id":12083,"date":"2014-01-04T13:23:21","date_gmt":"2014-01-04T13:23:21","guid":{"rendered":"https:\/\/www.urlaubcornwall.de\/blog\/?page_id=12083"},"modified":"2021-08-31T13:41:22","modified_gmt":"2021-08-31T13:41:22","slug":"ringmore-garden-house-ferienhaus-naehe-torquay-devon","status":"publish","type":"page","link":"https:\/\/www.urlaubcornwall.de\/blog\/ringmore-garden-house-ferienhaus-naehe-torquay-devon\/","title":{"rendered":"Ringmore Garden House &#8211; Ferienhaus in der N\u00e4he Torquay Devon"},"content":{"rendered":"<p><strong>Ferienhaus mit Meerblick Shaldon 6 km N of Torquay, S\u00fcd-Devon | 4 Schlafzimmer | Schlafplatz f\u00fcr 8 + Kinderbett |\u00a0<b>Preisspanne<\/b> W\u00a0(\u00a3834\u00a0&#8211;\u00a0\u00a32454)<\/strong><\/p>\n<p>Fahren Sie die Teign-Flussm\u00fcndung entlang, vom am Wasser gelegenen <a href=\"https:\/\/www.urlaubcornwall.de\/ferienhaeuser-fewos\/eng\/sued-devon\/shaldon.html\">Dorf Shaldon<\/a> hin zu diesem wundervollen Haus. Das Ringmore Garden Ferienhaus ist in einen H\u00fcgel hinein gebaut mit Blick auf das Wasser. Es ist sehr gro\u00dfz\u00fcgig \u2013 tats\u00e4chlich riesig \u2013 mit zwei Terrassen und einem gesch\u00fctzten Garten (achten Sie auf Ihre Kinder am abgedeckten Teich). Der gro\u00dfe K\u00fcchen-\/Essbereich bringt Sie zum Staunen, ist sehr gut ausgestattet mit gl\u00e4nzend schwarzen Granit-Arbeitsfl\u00e4chen, einer Kochinsel, modernen K\u00fcchenschr\u00e4nken und einem gro\u00dfen Tisch, an dem es sich gerne zu einem langen Mahl sitzen l\u00e4sst. <\/p>\n<p style=\"text-align: center;\"><a class=\"tidycta\" href=\"https:\/\/www.urlaubcornwall.de\/ferienhaeuser-fewos\/eng\/sued-devon\/torquay.html\"><\/a>Suche Ferienh\u00e4user Torquay<\/p>\n<p>Das Wohnzimmer ist sehr gro\u00df mit Ledersofas und cremefarbenem Teppichboden; und der Fernsehraum verf\u00fcgt \u00fcber einen 50 Zoll Fernseher, sowie einen Blu-ray DVD Spieler. Die Schlafzimmer befinden sich im Erdgeschoss, jedes mit zeitgen\u00f6ssischem <i>en suite <\/i>Bade- oder Duschraum. Es gibt auch einen Waschraum und eine Innent\u00fcr, die zum Spieleraum f\u00fchrt.<\/p>\n<p>Shaldon hat seinen eigenen kleinen Strand, und auch die Annehmlichkeiten Torquays und die S\u00fcdk\u00fcste Devons befinden sich in geringer Autoentfernung.<\/p>\n<p><b>Einrichtungen<\/b><\/p>\n<ul>\n<li>Parkplatz f\u00fcr 4 Autos<\/li>\n<li>Brennstoff und Strom inbegriffen<\/li>\n<li>Internetzugang<\/li>\n<li>Bettw\u00e4sche und Handt\u00fccher inbegriffen<\/li>\n<li>Gartenm\u00f6bel.<\/li>\n<li>Laden 1 km<\/li>\n<li>Pub 500 m<\/li>\n<li>M\u00fcnztelefon 1 km<\/li>\n<li>Rauchen verboten<\/li>\n<li>Keine Hunde erlaubt<\/li>\n<li>Ankunftstag Samstag<\/li>\n<\/ul>\n<p style=\"text-align: center;\"><a class=\"tidycta\" href=\"https:\/\/www.urlaubcornwall.de\/ferienhaeuser-fewos\/eng\/sued-devon\/torquay.html\"><\/a>Suche Ferienh\u00e4user Torquay<\/p>\n","protected":false},"excerpt":{"rendered":"<p>Ferienhaus mit Meerblick Shaldon 6 km N of Torquay, S\u00fcd-Devon | 4 Schlafzimmer | Schlafplatz f\u00fcr 8 + Kinderbett |\u00a0Preisspanne W\u00a0(\u00a3834\u00a0&#8211;\u00a0\u00a32454) Fahren Sie die Teign-Flussm\u00fcndung entlang, vom am Wasser gelegenen Dorf Shaldon hin zu diesem wundervollen Haus. Das Ringmore Garden Ferienhaus ist in einen H\u00fcgel hinein gebaut mit Blick auf das Wasser. Es ist sehr [&hellip;]<\/p>\n","protected":false},"author":1,"featured_media":0,"parent":0,"menu_order":0,"comment_status":"closed","ping_status":"closed","template":"single-two.php","meta":[],"acf":[],"yoast_head":"<!-- This site is optimized with the Yoast SEO plugin v19.4 - https:\/\/yoast.com\/wordpress\/plugins\/seo\/ -->\n<title>Ringmore Garden House - Ferienhaus in der N\u00e4he Torquay Devon - Urlaub &amp; Reisen<\/title>\n<meta name=\"robots\" content=\"index, follow, max-snippet:-1, max-image-preview:large, max-video-preview:-1\" \/>\n<link rel=\"canonical\" href=\"https:\/\/www.urlaubcornwall.de\/blog\/ringmore-garden-house-ferienhaus-naehe-torquay-devon\/\" \/>\n<meta property=\"og:locale\" content=\"en_US\" \/>\n<meta property=\"og:type\" content=\"article\" \/>\n<meta property=\"og:title\" content=\"Ringmore Garden House - Ferienhaus in der N\u00e4he Torquay Devon - Urlaub &amp; Reisen\" \/>\n<meta property=\"og:description\" content=\"Ferienhaus mit Meerblick Shaldon 6 km N of Torquay, S\u00fcd-Devon | 4 Schlafzimmer | Schlafplatz f\u00fcr 8 + Kinderbett |\u00a0Preisspanne W\u00a0(\u00a3834\u00a0&#8211;\u00a0\u00a32454) Fahren Sie die Teign-Flussm\u00fcndung entlang, vom am Wasser gelegenen Dorf Shaldon hin zu diesem wundervollen Haus. Das Ringmore Garden Ferienhaus ist in einen H\u00fcgel hinein gebaut mit Blick auf das Wasser. Es ist sehr [&hellip;]\" \/>\n<meta property=\"og:url\" content=\"https:\/\/www.urlaubcornwall.de\/blog\/ringmore-garden-house-ferienhaus-naehe-torquay-devon\/\" \/>\n<meta property=\"og:site_name\" content=\"Urlaub &amp; Reisen\" \/>\n<meta property=\"article:modified_time\" content=\"2021-08-31T13:41:22+00:00\" \/>\n<meta name=\"twitter:card\" content=\"summary\" \/>\n<meta name=\"twitter:label1\" content=\"Est. reading time\" \/>\n\t<meta name=\"twitter:data1\" content=\"1 minute\" \/>\n<script type=\"application\/ld+json\" class=\"yoast-schema-graph\">{\"@context\":\"https:\/\/schema.org\",\"@graph\":[{\"@type\":\"WebSite\",\"@id\":\"https:\/\/www.urlaubcornwall.de\/blog\/#website\",\"url\":\"https:\/\/www.urlaubcornwall.de\/blog\/\",\"name\":\"Urlaub &amp; Reisen\",\"description\":\"Urlaub, Reisen, Cornwall und S\u00fcdengland: eine perfekte Kombination\",\"potentialAction\":[{\"@type\":\"SearchAction\",\"target\":{\"@type\":\"EntryPoint\",\"urlTemplate\":\"https:\/\/www.urlaubcornwall.de\/blog\/?s={search_term_string}\"},\"query-input\":\"required name=search_term_string\"}],\"inLanguage\":\"en-US\"},{\"@type\":\"WebPage\",\"@id\":\"https:\/\/www.urlaubcornwall.de\/blog\/ringmore-garden-house-ferienhaus-naehe-torquay-devon\/\",\"url\":\"https:\/\/www.urlaubcornwall.de\/blog\/ringmore-garden-house-ferienhaus-naehe-torquay-devon\/\",\"name\":\"Ringmore Garden House - Ferienhaus in der N\u00e4he Torquay Devon - Urlaub &amp; Reisen\",\"isPartOf\":{\"@id\":\"https:\/\/www.urlaubcornwall.de\/blog\/#website\"},\"datePublished\":\"2014-01-04T13:23:21+00:00\",\"dateModified\":\"2021-08-31T13:41:22+00:00\",\"breadcrumb\":{\"@id\":\"https:\/\/www.urlaubcornwall.de\/blog\/ringmore-garden-house-ferienhaus-naehe-torquay-devon\/#breadcrumb\"},\"inLanguage\":\"en-US\",\"potentialAction\":[{\"@type\":\"ReadAction\",\"target\":[\"https:\/\/www.urlaubcornwall.de\/blog\/ringmore-garden-house-ferienhaus-naehe-torquay-devon\/\"]}]},{\"@type\":\"BreadcrumbList\",\"@id\":\"https:\/\/www.urlaubcornwall.de\/blog\/ringmore-garden-house-ferienhaus-naehe-torquay-devon\/#breadcrumb\",\"itemListElement\":[{\"@type\":\"ListItem\",\"position\":1,\"name\":\"Home\",\"item\":\"https:\/\/www.urlaubcornwall.de\/blog\/\"},{\"@type\":\"ListItem\",\"position\":2,\"name\":\"Ringmore Garden House &#8211; Ferienhaus in der N\u00e4he Torquay Devon\"}]}]}<\/script>\n<!-- \/ Yoast SEO plugin. -->","yoast_head_json":{"title":"Ringmore Garden House - Ferienhaus in der N\u00e4he Torquay Devon - Urlaub &amp; Reisen","robots":{"index":"index","follow":"follow","max-snippet":"max-snippet:-1","max-image-preview":"max-image-preview:large","max-video-preview":"max-video-preview:-1"},"canonical":"https:\/\/www.urlaubcornwall.de\/blog\/ringmore-garden-house-ferienhaus-naehe-torquay-devon\/","og_locale":"en_US","og_type":"article","og_title":"Ringmore Garden House - Ferienhaus in der N\u00e4he Torquay Devon - Urlaub &amp; Reisen","og_description":"Ferienhaus mit Meerblick Shaldon 6 km N of Torquay, S\u00fcd-Devon | 4 Schlafzimmer | Schlafplatz f\u00fcr 8 + Kinderbett |\u00a0Preisspanne W\u00a0(\u00a3834\u00a0&#8211;\u00a0\u00a32454) Fahren Sie die Teign-Flussm\u00fcndung entlang, vom am Wasser gelegenen Dorf Shaldon hin zu diesem wundervollen Haus. Das Ringmore Garden Ferienhaus ist in einen H\u00fcgel hinein gebaut mit Blick auf das Wasser. Es ist sehr [&hellip;]","og_url":"https:\/\/www.urlaubcornwall.de\/blog\/ringmore-garden-house-ferienhaus-naehe-torquay-devon\/","og_site_name":"Urlaub &amp; Reisen","article_modified_time":"2021-08-31T13:41:22+00:00","twitter_card":"summary","twitter_misc":{"Est. reading time":"1 minute"},"schema":{"@context":"https:\/\/schema.org","@graph":[{"@type":"WebSite","@id":"https:\/\/www.urlaubcornwall.de\/blog\/#website","url":"https:\/\/www.urlaubcornwall.de\/blog\/","name":"Urlaub &amp; Reisen","description":"Urlaub, Reisen, Cornwall und S\u00fcdengland: eine perfekte Kombination","potentialAction":[{"@type":"SearchAction","target":{"@type":"EntryPoint","urlTemplate":"https:\/\/www.urlaubcornwall.de\/blog\/?s={search_term_string}"},"query-input":"required name=search_term_string"}],"inLanguage":"en-US"},{"@type":"WebPage","@id":"https:\/\/www.urlaubcornwall.de\/blog\/ringmore-garden-house-ferienhaus-naehe-torquay-devon\/","url":"https:\/\/www.urlaubcornwall.de\/blog\/ringmore-garden-house-ferienhaus-naehe-torquay-devon\/","name":"Ringmore Garden House - Ferienhaus in der N\u00e4he Torquay Devon - Urlaub &amp; Reisen","isPartOf":{"@id":"https:\/\/www.urlaubcornwall.de\/blog\/#website"},"datePublished":"2014-01-04T13:23:21+00:00","dateModified":"2021-08-31T13:41:22+00:00","breadcrumb":{"@id":"https:\/\/www.urlaubcornwall.de\/blog\/ringmore-garden-house-ferienhaus-naehe-torquay-devon\/#breadcrumb"},"inLanguage":"en-US","potentialAction":[{"@type":"ReadAction","target":["https:\/\/www.urlaubcornwall.de\/blog\/ringmore-garden-house-ferienhaus-naehe-torquay-devon\/"]}]},{"@type":"BreadcrumbList","@id":"https:\/\/www.urlaubcornwall.de\/blog\/ringmore-garden-house-ferienhaus-naehe-torquay-devon\/#breadcrumb","itemListElement":[{"@type":"ListItem","position":1,"name":"Home","item":"https:\/\/www.urlaubcornwall.de\/blog\/"},{"@type":"ListItem","position":2,"name":"Ringmore Garden House &#8211; Ferienhaus in der N\u00e4he Torquay Devon"}]}]}},"_links":{"self":[{"href":"https:\/\/www.urlaubcornwall.de\/blog\/wp-json\/wp\/v2\/pages\/12083"}],"collection":[{"href":"https:\/\/www.urlaubcornwall.de\/blog\/wp-json\/wp\/v2\/pages"}],"about":[{"href":"https:\/\/www.urlaubcornwall.de\/blog\/wp-json\/wp\/v2\/types\/page"}],"author":[{"embeddable":true,"href":"https:\/\/www.urlaubcornwall.de\/blog\/wp-json\/wp\/v2\/users\/1"}],"replies":[{"embeddable":true,"href":"https:\/\/www.urlaubcornwall.de\/blog\/wp-json\/wp\/v2\/comments?post=12083"}],"version-history":[{"count":9,"href":"https:\/\/www.urlaubcornwall.de\/blog\/wp-json\/wp\/v2\/pages\/12083\/revisions"}],"predecessor-version":[{"id":42322,"href":"https:\/\/www.urlaubcornwall.de\/blog\/wp-json\/wp\/v2\/pages\/12083\/revisions\/42322"}],"wp:attachment":[{"href":"https:\/\/www.urlaubcornwall.de\/blog\/wp-json\/wp\/v2\/media?parent=12083"}],"curies":[{"name":"wp","href":"https:\/\/api.w.org\/{rel}","templated":true}]}}