{"id":12076,"date":"2014-01-04T13:22:20","date_gmt":"2014-01-04T13:22:20","guid":{"rendered":"https:\/\/www.urlaubcornwall.de\/blog\/?page_id=12076"},"modified":"2021-08-31T13:39:49","modified_gmt":"2021-08-31T13:39:49","slug":"wisteria-cottage-ferienhaus-in-der-naehe-von-totnes-sued-devon","status":"publish","type":"page","link":"https:\/\/www.urlaubcornwall.de\/blog\/wisteria-cottage-ferienhaus-in-der-naehe-von-totnes-sued-devon\/","title":{"rendered":"Wisteria Cottage &#8211; Ferienhaus in der N\u00e4he von Totnes, S\u00fcd-Devon"},"content":{"rendered":"<p><strong>Ferienhaus \u00a06.9 Kilometer NO von Totnes, S\u00fcd-Devon | 3 Schlafzimmer | Schlafplatz f\u00fcr 5 | leider keine Haustiere erlaubt |\u00a0<b>Preisspanne<\/b> K\u00a0(\u00a3426\u00a0&#8211;\u00a0\u00a31110)<\/strong><\/p>\n<p>Das Dorf Marldon liegt versteckt in einem herrlichen Tal in der N\u00e4he von Totnes. Schloss Berry Pomeroy ist nicht weit entfernt \u2013 und einen Besuch wert -, wie auch die K\u00fcste mit zahlreichen Str\u00e4nden, die es zu erkunden gilt. Wisteria Cottage (ehemals ein Schuppen) ist eines von f\u00fcnf H\u00e4uschen. Es gibt eine Freisitzm\u00f6glichkeit vor dem Haus, und im Innern verf\u00fcgt der offene Wohnbereich \u00fcber pastellfarbene W\u00e4nde, Holz und Fliesenb\u00f6den, Balken, eine Kaminecke mit Holzkamin und eine zeitgen\u00f6ssische K\u00fcche. <\/p>\n<p style=\"text-align: center;\"><a class=\"tidycta\" href=\"https:\/\/www.urlaubcornwall.de\/ferienhaeuser-fewos\/eng\/sued-devon\/totnes.html\"><\/a>Suche Ferienh\u00e4user Totnes<\/p>\n<p>Im Obergeschoss befinden sich drei gem\u00fctlich und stilvoll eingerichtete Schlafr\u00e4ume. Wisteria Cottage begeistert sicherlich alle, die hier wohnen, sei es \u00fcber ein langes Wochenende hinweg mit Freunden oder w\u00e4hrend eines Familienurlaubs in der Hochsaison. (allerdings nicht geeignet f\u00fcr Babies und Kleinkinder, da es keinen gro\u00dfen Garten gibt).<\/p>\n<p><b>Einrichtungen<\/b><\/p>\n<ul>\n<li>Parkplatz f\u00fcr 2 Autos<\/li>\n<li>Brennstoff und Strom inbegriffen<\/li>\n<li>Internetzugang<\/li>\n<li>Bettw\u00e4sche und Handt\u00fccher inbegriffen<\/li>\n<li>Gartenm\u00f6bel.<\/li>\n<li>Laden 500 m<\/li>\n<li>Pub 500 m<\/li>\n<li>M\u00fcnztelefon 1 km<\/li>\n<li>keine Kinder unter 3 Jahre alt<\/li>\n<li>Rauchen verboten<\/li>\n<li>Keine Hunde erlaubt<\/li>\n<li>Ankunftstag Freitag<\/li>\n<\/ul>\n<p style=\"text-align: center;\"><a class=\"tidycta\" href=\"https:\/\/www.urlaubcornwall.de\/ferienhaeuser-fewos\/eng\/sued-devon\/totnes.html\"><\/a>Suche Ferienh\u00e4user Totnes<\/p>\n","protected":false},"excerpt":{"rendered":"<p>Ferienhaus \u00a06.9 Kilometer NO von Totnes, S\u00fcd-Devon | 3 Schlafzimmer | Schlafplatz f\u00fcr 5 | leider keine Haustiere erlaubt |\u00a0Preisspanne K\u00a0(\u00a3426\u00a0&#8211;\u00a0\u00a31110) Das Dorf Marldon liegt versteckt in einem herrlichen Tal in der N\u00e4he von Totnes. Schloss Berry Pomeroy ist nicht weit entfernt \u2013 und einen Besuch wert -, wie auch die K\u00fcste mit zahlreichen Str\u00e4nden, [&hellip;]<\/p>\n","protected":false},"author":1,"featured_media":0,"parent":0,"menu_order":0,"comment_status":"closed","ping_status":"closed","template":"single-two.php","meta":[],"acf":[],"yoast_head":"<!-- This site is optimized with the Yoast SEO plugin v19.4 - https:\/\/yoast.com\/wordpress\/plugins\/seo\/ -->\n<title>Wisteria Cottage - Ferienhaus in der N\u00e4he von Totnes, S\u00fcd-Devon - Urlaub &amp; Reisen<\/title>\n<meta name=\"robots\" content=\"index, follow, max-snippet:-1, max-image-preview:large, max-video-preview:-1\" \/>\n<link rel=\"canonical\" href=\"https:\/\/www.urlaubcornwall.de\/blog\/wisteria-cottage-ferienhaus-in-der-naehe-von-totnes-sued-devon\/\" \/>\n<meta property=\"og:locale\" content=\"en_US\" \/>\n<meta property=\"og:type\" content=\"article\" \/>\n<meta property=\"og:title\" content=\"Wisteria Cottage - Ferienhaus in der N\u00e4he von Totnes, S\u00fcd-Devon - Urlaub &amp; Reisen\" \/>\n<meta property=\"og:description\" content=\"Ferienhaus \u00a06.9 Kilometer NO von Totnes, S\u00fcd-Devon | 3 Schlafzimmer | Schlafplatz f\u00fcr 5 | leider keine Haustiere erlaubt |\u00a0Preisspanne K\u00a0(\u00a3426\u00a0&#8211;\u00a0\u00a31110) Das Dorf Marldon liegt versteckt in einem herrlichen Tal in der N\u00e4he von Totnes. Schloss Berry Pomeroy ist nicht weit entfernt \u2013 und einen Besuch wert -, wie auch die K\u00fcste mit zahlreichen Str\u00e4nden, [&hellip;]\" \/>\n<meta property=\"og:url\" content=\"https:\/\/www.urlaubcornwall.de\/blog\/wisteria-cottage-ferienhaus-in-der-naehe-von-totnes-sued-devon\/\" \/>\n<meta property=\"og:site_name\" content=\"Urlaub &amp; Reisen\" \/>\n<meta property=\"article:modified_time\" content=\"2021-08-31T13:39:49+00:00\" \/>\n<meta name=\"twitter:card\" content=\"summary\" \/>\n<meta name=\"twitter:label1\" content=\"Est. reading time\" \/>\n\t<meta name=\"twitter:data1\" content=\"1 minute\" \/>\n<script type=\"application\/ld+json\" class=\"yoast-schema-graph\">{\"@context\":\"https:\/\/schema.org\",\"@graph\":[{\"@type\":\"WebSite\",\"@id\":\"https:\/\/www.urlaubcornwall.de\/blog\/#website\",\"url\":\"https:\/\/www.urlaubcornwall.de\/blog\/\",\"name\":\"Urlaub &amp; Reisen\",\"description\":\"Urlaub, Reisen, Cornwall und S\u00fcdengland: eine perfekte Kombination\",\"potentialAction\":[{\"@type\":\"SearchAction\",\"target\":{\"@type\":\"EntryPoint\",\"urlTemplate\":\"https:\/\/www.urlaubcornwall.de\/blog\/?s={search_term_string}\"},\"query-input\":\"required name=search_term_string\"}],\"inLanguage\":\"en-US\"},{\"@type\":\"WebPage\",\"@id\":\"https:\/\/www.urlaubcornwall.de\/blog\/wisteria-cottage-ferienhaus-in-der-naehe-von-totnes-sued-devon\/\",\"url\":\"https:\/\/www.urlaubcornwall.de\/blog\/wisteria-cottage-ferienhaus-in-der-naehe-von-totnes-sued-devon\/\",\"name\":\"Wisteria Cottage - Ferienhaus in der N\u00e4he von Totnes, S\u00fcd-Devon - Urlaub &amp; Reisen\",\"isPartOf\":{\"@id\":\"https:\/\/www.urlaubcornwall.de\/blog\/#website\"},\"datePublished\":\"2014-01-04T13:22:20+00:00\",\"dateModified\":\"2021-08-31T13:39:49+00:00\",\"breadcrumb\":{\"@id\":\"https:\/\/www.urlaubcornwall.de\/blog\/wisteria-cottage-ferienhaus-in-der-naehe-von-totnes-sued-devon\/#breadcrumb\"},\"inLanguage\":\"en-US\",\"potentialAction\":[{\"@type\":\"ReadAction\",\"target\":[\"https:\/\/www.urlaubcornwall.de\/blog\/wisteria-cottage-ferienhaus-in-der-naehe-von-totnes-sued-devon\/\"]}]},{\"@type\":\"BreadcrumbList\",\"@id\":\"https:\/\/www.urlaubcornwall.de\/blog\/wisteria-cottage-ferienhaus-in-der-naehe-von-totnes-sued-devon\/#breadcrumb\",\"itemListElement\":[{\"@type\":\"ListItem\",\"position\":1,\"name\":\"Home\",\"item\":\"https:\/\/www.urlaubcornwall.de\/blog\/\"},{\"@type\":\"ListItem\",\"position\":2,\"name\":\"Wisteria Cottage &#8211; Ferienhaus in der N\u00e4he von Totnes, S\u00fcd-Devon\"}]}]}<\/script>\n<!-- \/ Yoast SEO plugin. -->","yoast_head_json":{"title":"Wisteria Cottage - Ferienhaus in der N\u00e4he von Totnes, S\u00fcd-Devon - Urlaub &amp; Reisen","robots":{"index":"index","follow":"follow","max-snippet":"max-snippet:-1","max-image-preview":"max-image-preview:large","max-video-preview":"max-video-preview:-1"},"canonical":"https:\/\/www.urlaubcornwall.de\/blog\/wisteria-cottage-ferienhaus-in-der-naehe-von-totnes-sued-devon\/","og_locale":"en_US","og_type":"article","og_title":"Wisteria Cottage - Ferienhaus in der N\u00e4he von Totnes, S\u00fcd-Devon - Urlaub &amp; Reisen","og_description":"Ferienhaus \u00a06.9 Kilometer NO von Totnes, S\u00fcd-Devon | 3 Schlafzimmer | Schlafplatz f\u00fcr 5 | leider keine Haustiere erlaubt |\u00a0Preisspanne K\u00a0(\u00a3426\u00a0&#8211;\u00a0\u00a31110) Das Dorf Marldon liegt versteckt in einem herrlichen Tal in der N\u00e4he von Totnes. Schloss Berry Pomeroy ist nicht weit entfernt \u2013 und einen Besuch wert -, wie auch die K\u00fcste mit zahlreichen Str\u00e4nden, [&hellip;]","og_url":"https:\/\/www.urlaubcornwall.de\/blog\/wisteria-cottage-ferienhaus-in-der-naehe-von-totnes-sued-devon\/","og_site_name":"Urlaub &amp; Reisen","article_modified_time":"2021-08-31T13:39:49+00:00","twitter_card":"summary","twitter_misc":{"Est. reading time":"1 minute"},"schema":{"@context":"https:\/\/schema.org","@graph":[{"@type":"WebSite","@id":"https:\/\/www.urlaubcornwall.de\/blog\/#website","url":"https:\/\/www.urlaubcornwall.de\/blog\/","name":"Urlaub &amp; Reisen","description":"Urlaub, Reisen, Cornwall und S\u00fcdengland: eine perfekte Kombination","potentialAction":[{"@type":"SearchAction","target":{"@type":"EntryPoint","urlTemplate":"https:\/\/www.urlaubcornwall.de\/blog\/?s={search_term_string}"},"query-input":"required name=search_term_string"}],"inLanguage":"en-US"},{"@type":"WebPage","@id":"https:\/\/www.urlaubcornwall.de\/blog\/wisteria-cottage-ferienhaus-in-der-naehe-von-totnes-sued-devon\/","url":"https:\/\/www.urlaubcornwall.de\/blog\/wisteria-cottage-ferienhaus-in-der-naehe-von-totnes-sued-devon\/","name":"Wisteria Cottage - Ferienhaus in der N\u00e4he von Totnes, S\u00fcd-Devon - Urlaub &amp; Reisen","isPartOf":{"@id":"https:\/\/www.urlaubcornwall.de\/blog\/#website"},"datePublished":"2014-01-04T13:22:20+00:00","dateModified":"2021-08-31T13:39:49+00:00","breadcrumb":{"@id":"https:\/\/www.urlaubcornwall.de\/blog\/wisteria-cottage-ferienhaus-in-der-naehe-von-totnes-sued-devon\/#breadcrumb"},"inLanguage":"en-US","potentialAction":[{"@type":"ReadAction","target":["https:\/\/www.urlaubcornwall.de\/blog\/wisteria-cottage-ferienhaus-in-der-naehe-von-totnes-sued-devon\/"]}]},{"@type":"BreadcrumbList","@id":"https:\/\/www.urlaubcornwall.de\/blog\/wisteria-cottage-ferienhaus-in-der-naehe-von-totnes-sued-devon\/#breadcrumb","itemListElement":[{"@type":"ListItem","position":1,"name":"Home","item":"https:\/\/www.urlaubcornwall.de\/blog\/"},{"@type":"ListItem","position":2,"name":"Wisteria Cottage &#8211; Ferienhaus in der N\u00e4he von Totnes, S\u00fcd-Devon"}]}]}},"_links":{"self":[{"href":"https:\/\/www.urlaubcornwall.de\/blog\/wp-json\/wp\/v2\/pages\/12076"}],"collection":[{"href":"https:\/\/www.urlaubcornwall.de\/blog\/wp-json\/wp\/v2\/pages"}],"about":[{"href":"https:\/\/www.urlaubcornwall.de\/blog\/wp-json\/wp\/v2\/types\/page"}],"author":[{"embeddable":true,"href":"https:\/\/www.urlaubcornwall.de\/blog\/wp-json\/wp\/v2\/users\/1"}],"replies":[{"embeddable":true,"href":"https:\/\/www.urlaubcornwall.de\/blog\/wp-json\/wp\/v2\/comments?post=12076"}],"version-history":[{"count":11,"href":"https:\/\/www.urlaubcornwall.de\/blog\/wp-json\/wp\/v2\/pages\/12076\/revisions"}],"predecessor-version":[{"id":42320,"href":"https:\/\/www.urlaubcornwall.de\/blog\/wp-json\/wp\/v2\/pages\/12076\/revisions\/42320"}],"wp:attachment":[{"href":"https:\/\/www.urlaubcornwall.de\/blog\/wp-json\/wp\/v2\/media?parent=12076"}],"curies":[{"name":"wp","href":"https:\/\/api.w.org\/{rel}","templated":true}]}}