{"id":12057,"date":"2014-01-04T13:21:27","date_gmt":"2014-01-04T13:21:27","guid":{"rendered":"https:\/\/www.urlaubcornwall.de\/blog\/?page_id=12057"},"modified":"2021-07-12T08:20:36","modified_gmt":"2021-07-12T08:20:36","slug":"bulleigh-barton-manor-ferienwohnung-in-der-naehe-torquay-devon","status":"publish","type":"page","link":"https:\/\/www.urlaubcornwall.de\/blog\/bulleigh-barton-manor-ferienwohnung-in-der-naehe-torquay-devon\/","title":{"rendered":"Bulleigh Barton Manor &#8211; Ferienwohnung in der N\u00e4he Torquay Devon"},"content":{"rendered":"<p><strong>Ferienwohnung 7 km NO von Torquay, S\u00fcd-Devon | 1 Schlafzimmer | Schlafplatz f\u00fcr 2| hundefreundlich |\u00a0<b>Preisspanne<\/b> DD\u00a0(\u00a3315\u00a0&#8211;\u00a0\u00a3627)<\/strong><\/p>\n<p>Mit herrlichem Blick \u00fcber die l\u00e4ndliche Umgebung, einem Au\u00dfenpool und einem ger\u00e4umigen, gem\u00fctlichen Appartement f\u00fcr zwei \u2013 samt Hund -, ist dies hier ein kleines St\u00fcckchen Paradies. Die Ferienwohnung auf dem ersten Stock am linken Ende des Haupthauses erreichen Sie \u00fcber Steinstufen, eingefasst mit Kletterpflanzen; doch daher leider nicht geeignet f\u00fcr Kinder oder \u00e4ltere Menschen. Im Innern befindet sich ein attraktiver offener Wohnbereich mit Stufen zu einem h\u00fcbschen Schlafzimmer (kann sowohl Einzel- als auch Doppelschlafraum sein), sowie ein Duschraum.<\/p>\n<p>Farbenreiche G\u00e4rten umgeben Bulleigh Barton Manor, einschlie\u00dflich des erh\u00f6ht angelegten Gartens f\u00fcr die alleinige Nutzung der G\u00e4ste. Die Besitzer wohnen im Haupthaus (G\u00e4ste bewahren sich ihre Privatsph\u00e4re) und geben gerne Empfehlungen zu allem, was wert ist, erkundet zu werden in diesem wundersch\u00f6nen Teil S\u00fcddevons. Sie bieten bei Bedarf auch einen W\u00e4scheservice an.<\/p>\n<p style=\"text-align: center;\"><a class=\"tidycta\" href=\"https:\/\/www.urlaubcornwall.de\/ferienhaeuser-fewos\/eng\/sued-devon\/torquay.html\">Ferienh\u00e4user nahe Torquay<\/a><\/p>\n<p><b>Einrichtungen<\/b><\/p>\n<ul>\n<li>Parkplatz f\u00fcr 1 Auto<\/li>\n<li>Brennstoff und Strom inbegriffen<\/li>\n<li>Internetzugang<\/li>\n<li>Bettw\u00e4sche und Handt\u00fccher inbegriffen<\/li>\n<li>Gartenm\u00f6bel.<\/li>\n<li>Laden 2,5 km<\/li>\n<li>Pub 1 km<\/li>\n<li>M\u00fcnztelefon 1 km<\/li>\n<li>Golfplatz 2 km<\/li>\n<li>Rauchen verboten<\/li>\n<li>Hund erlaubt<\/li>\n<li>Ankunftstag Freitag<\/li>\n<\/ul>\n<p><strong>Um UrlaubCornwall.de einzigartige Kollektion nach Ihrem idealen Ferienhaus zu durchsuchen.<\/strong> <a href=\"http:\/\/www.urlaubcornwall.de\/ferienhaeuser-fewos.php\"><span style=\"text-decoration: underline;\"><strong>Klicken Sie hier &gt;&gt;<\/strong><\/span><\/a><\/p>\n\n<p style=\"text-align: right;\"><a href=\"https:\/\/plus.google.com\/103486003688192803777\/about?rel=author\">Niall MacDougall Google+<\/a><\/p>\n","protected":false},"excerpt":{"rendered":"<p>Ferienwohnung 7 km NO von Torquay, S\u00fcd-Devon | 1 Schlafzimmer | Schlafplatz f\u00fcr 2| hundefreundlich |\u00a0Preisspanne DD\u00a0(\u00a3315\u00a0&#8211;\u00a0\u00a3627) Mit herrlichem Blick \u00fcber die l\u00e4ndliche Umgebung, einem Au\u00dfenpool und einem ger\u00e4umigen, gem\u00fctlichen Appartement f\u00fcr zwei \u2013 samt Hund -, ist dies hier ein kleines St\u00fcckchen Paradies. Die Ferienwohnung auf dem ersten Stock am linken Ende des Haupthauses [&hellip;]<\/p>\n","protected":false},"author":1,"featured_media":0,"parent":0,"menu_order":0,"comment_status":"closed","ping_status":"closed","template":"single-two.php","meta":[],"acf":[],"yoast_head":"<!-- This site is optimized with the Yoast SEO plugin v19.4 - https:\/\/yoast.com\/wordpress\/plugins\/seo\/ -->\n<title>Bulleigh Barton Manor - Ferienwohnung in der N\u00e4he Torquay Devon - Urlaub &amp; Reisen<\/title>\n<meta name=\"robots\" content=\"index, follow, max-snippet:-1, max-image-preview:large, max-video-preview:-1\" \/>\n<link rel=\"canonical\" href=\"https:\/\/www.urlaubcornwall.de\/blog\/bulleigh-barton-manor-ferienwohnung-in-der-naehe-torquay-devon\/\" \/>\n<meta property=\"og:locale\" content=\"en_US\" \/>\n<meta property=\"og:type\" content=\"article\" \/>\n<meta property=\"og:title\" content=\"Bulleigh Barton Manor - Ferienwohnung in der N\u00e4he Torquay Devon - Urlaub &amp; Reisen\" \/>\n<meta property=\"og:description\" content=\"Ferienwohnung 7 km NO von Torquay, S\u00fcd-Devon | 1 Schlafzimmer | Schlafplatz f\u00fcr 2| hundefreundlich |\u00a0Preisspanne DD\u00a0(\u00a3315\u00a0&#8211;\u00a0\u00a3627) Mit herrlichem Blick \u00fcber die l\u00e4ndliche Umgebung, einem Au\u00dfenpool und einem ger\u00e4umigen, gem\u00fctlichen Appartement f\u00fcr zwei \u2013 samt Hund -, ist dies hier ein kleines St\u00fcckchen Paradies. Die Ferienwohnung auf dem ersten Stock am linken Ende des Haupthauses [&hellip;]\" \/>\n<meta property=\"og:url\" content=\"https:\/\/www.urlaubcornwall.de\/blog\/bulleigh-barton-manor-ferienwohnung-in-der-naehe-torquay-devon\/\" \/>\n<meta property=\"og:site_name\" content=\"Urlaub &amp; Reisen\" \/>\n<meta property=\"article:modified_time\" content=\"2021-07-12T08:20:36+00:00\" \/>\n<meta name=\"twitter:card\" content=\"summary\" \/>\n<meta name=\"twitter:label1\" content=\"Est. reading time\" \/>\n\t<meta name=\"twitter:data1\" content=\"1 minute\" \/>\n<script type=\"application\/ld+json\" class=\"yoast-schema-graph\">{\"@context\":\"https:\/\/schema.org\",\"@graph\":[{\"@type\":\"WebSite\",\"@id\":\"https:\/\/www.urlaubcornwall.de\/blog\/#website\",\"url\":\"https:\/\/www.urlaubcornwall.de\/blog\/\",\"name\":\"Urlaub &amp; Reisen\",\"description\":\"Urlaub, Reisen, Cornwall und S\u00fcdengland: eine perfekte Kombination\",\"potentialAction\":[{\"@type\":\"SearchAction\",\"target\":{\"@type\":\"EntryPoint\",\"urlTemplate\":\"https:\/\/www.urlaubcornwall.de\/blog\/?s={search_term_string}\"},\"query-input\":\"required name=search_term_string\"}],\"inLanguage\":\"en-US\"},{\"@type\":\"WebPage\",\"@id\":\"https:\/\/www.urlaubcornwall.de\/blog\/bulleigh-barton-manor-ferienwohnung-in-der-naehe-torquay-devon\/\",\"url\":\"https:\/\/www.urlaubcornwall.de\/blog\/bulleigh-barton-manor-ferienwohnung-in-der-naehe-torquay-devon\/\",\"name\":\"Bulleigh Barton Manor - Ferienwohnung in der N\u00e4he Torquay Devon - Urlaub &amp; Reisen\",\"isPartOf\":{\"@id\":\"https:\/\/www.urlaubcornwall.de\/blog\/#website\"},\"datePublished\":\"2014-01-04T13:21:27+00:00\",\"dateModified\":\"2021-07-12T08:20:36+00:00\",\"breadcrumb\":{\"@id\":\"https:\/\/www.urlaubcornwall.de\/blog\/bulleigh-barton-manor-ferienwohnung-in-der-naehe-torquay-devon\/#breadcrumb\"},\"inLanguage\":\"en-US\",\"potentialAction\":[{\"@type\":\"ReadAction\",\"target\":[\"https:\/\/www.urlaubcornwall.de\/blog\/bulleigh-barton-manor-ferienwohnung-in-der-naehe-torquay-devon\/\"]}]},{\"@type\":\"BreadcrumbList\",\"@id\":\"https:\/\/www.urlaubcornwall.de\/blog\/bulleigh-barton-manor-ferienwohnung-in-der-naehe-torquay-devon\/#breadcrumb\",\"itemListElement\":[{\"@type\":\"ListItem\",\"position\":1,\"name\":\"Home\",\"item\":\"https:\/\/www.urlaubcornwall.de\/blog\/\"},{\"@type\":\"ListItem\",\"position\":2,\"name\":\"Bulleigh Barton Manor &#8211; Ferienwohnung in der N\u00e4he Torquay Devon\"}]}]}<\/script>\n<!-- \/ Yoast SEO plugin. -->","yoast_head_json":{"title":"Bulleigh Barton Manor - Ferienwohnung in der N\u00e4he Torquay Devon - Urlaub &amp; Reisen","robots":{"index":"index","follow":"follow","max-snippet":"max-snippet:-1","max-image-preview":"max-image-preview:large","max-video-preview":"max-video-preview:-1"},"canonical":"https:\/\/www.urlaubcornwall.de\/blog\/bulleigh-barton-manor-ferienwohnung-in-der-naehe-torquay-devon\/","og_locale":"en_US","og_type":"article","og_title":"Bulleigh Barton Manor - Ferienwohnung in der N\u00e4he Torquay Devon - Urlaub &amp; Reisen","og_description":"Ferienwohnung 7 km NO von Torquay, S\u00fcd-Devon | 1 Schlafzimmer | Schlafplatz f\u00fcr 2| hundefreundlich |\u00a0Preisspanne DD\u00a0(\u00a3315\u00a0&#8211;\u00a0\u00a3627) Mit herrlichem Blick \u00fcber die l\u00e4ndliche Umgebung, einem Au\u00dfenpool und einem ger\u00e4umigen, gem\u00fctlichen Appartement f\u00fcr zwei \u2013 samt Hund -, ist dies hier ein kleines St\u00fcckchen Paradies. Die Ferienwohnung auf dem ersten Stock am linken Ende des Haupthauses [&hellip;]","og_url":"https:\/\/www.urlaubcornwall.de\/blog\/bulleigh-barton-manor-ferienwohnung-in-der-naehe-torquay-devon\/","og_site_name":"Urlaub &amp; Reisen","article_modified_time":"2021-07-12T08:20:36+00:00","twitter_card":"summary","twitter_misc":{"Est. reading time":"1 minute"},"schema":{"@context":"https:\/\/schema.org","@graph":[{"@type":"WebSite","@id":"https:\/\/www.urlaubcornwall.de\/blog\/#website","url":"https:\/\/www.urlaubcornwall.de\/blog\/","name":"Urlaub &amp; Reisen","description":"Urlaub, Reisen, Cornwall und S\u00fcdengland: eine perfekte Kombination","potentialAction":[{"@type":"SearchAction","target":{"@type":"EntryPoint","urlTemplate":"https:\/\/www.urlaubcornwall.de\/blog\/?s={search_term_string}"},"query-input":"required name=search_term_string"}],"inLanguage":"en-US"},{"@type":"WebPage","@id":"https:\/\/www.urlaubcornwall.de\/blog\/bulleigh-barton-manor-ferienwohnung-in-der-naehe-torquay-devon\/","url":"https:\/\/www.urlaubcornwall.de\/blog\/bulleigh-barton-manor-ferienwohnung-in-der-naehe-torquay-devon\/","name":"Bulleigh Barton Manor - Ferienwohnung in der N\u00e4he Torquay Devon - Urlaub &amp; Reisen","isPartOf":{"@id":"https:\/\/www.urlaubcornwall.de\/blog\/#website"},"datePublished":"2014-01-04T13:21:27+00:00","dateModified":"2021-07-12T08:20:36+00:00","breadcrumb":{"@id":"https:\/\/www.urlaubcornwall.de\/blog\/bulleigh-barton-manor-ferienwohnung-in-der-naehe-torquay-devon\/#breadcrumb"},"inLanguage":"en-US","potentialAction":[{"@type":"ReadAction","target":["https:\/\/www.urlaubcornwall.de\/blog\/bulleigh-barton-manor-ferienwohnung-in-der-naehe-torquay-devon\/"]}]},{"@type":"BreadcrumbList","@id":"https:\/\/www.urlaubcornwall.de\/blog\/bulleigh-barton-manor-ferienwohnung-in-der-naehe-torquay-devon\/#breadcrumb","itemListElement":[{"@type":"ListItem","position":1,"name":"Home","item":"https:\/\/www.urlaubcornwall.de\/blog\/"},{"@type":"ListItem","position":2,"name":"Bulleigh Barton Manor &#8211; Ferienwohnung in der N\u00e4he Torquay Devon"}]}]}},"_links":{"self":[{"href":"https:\/\/www.urlaubcornwall.de\/blog\/wp-json\/wp\/v2\/pages\/12057"}],"collection":[{"href":"https:\/\/www.urlaubcornwall.de\/blog\/wp-json\/wp\/v2\/pages"}],"about":[{"href":"https:\/\/www.urlaubcornwall.de\/blog\/wp-json\/wp\/v2\/types\/page"}],"author":[{"embeddable":true,"href":"https:\/\/www.urlaubcornwall.de\/blog\/wp-json\/wp\/v2\/users\/1"}],"replies":[{"embeddable":true,"href":"https:\/\/www.urlaubcornwall.de\/blog\/wp-json\/wp\/v2\/comments?post=12057"}],"version-history":[{"count":22,"href":"https:\/\/www.urlaubcornwall.de\/blog\/wp-json\/wp\/v2\/pages\/12057\/revisions"}],"predecessor-version":[{"id":41795,"href":"https:\/\/www.urlaubcornwall.de\/blog\/wp-json\/wp\/v2\/pages\/12057\/revisions\/41795"}],"wp:attachment":[{"href":"https:\/\/www.urlaubcornwall.de\/blog\/wp-json\/wp\/v2\/media?parent=12057"}],"curies":[{"name":"wp","href":"https:\/\/api.w.org\/{rel}","templated":true}]}}