{"id":11863,"date":"2013-12-16T15:50:12","date_gmt":"2013-12-16T15:50:12","guid":{"rendered":"https:\/\/www.urlaubcornwall.de\/blog\/?page_id=11863"},"modified":"2021-08-31T13:10:04","modified_gmt":"2021-08-31T13:10:04","slug":"stoptide-cottage-ferienhaeuser-rock-nord-cornwall","status":"publish","type":"page","link":"https:\/\/www.urlaubcornwall.de\/blog\/stoptide-cottage-ferienhaeuser-rock-nord-cornwall\/","title":{"rendered":"Stoptide Cottage &#8211; Ferienh\u00e4user Rock Nord-Cornwall"},"content":{"rendered":"<div id=\"attachment_11865\" style=\"width: 760px\" class=\"wp-caption aligncenter\"><a href=\"https:\/\/www.urlaubcornwall.de\/blog\/wp-content\/uploads\/2013\/12\/27370001.jpg\"><img aria-describedby=\"caption-attachment-11865\" loading=\"lazy\" class=\"size-full wp-image-11865\" src=\"https:\/\/www.urlaubcornwall.de\/blog\/wp-content\/uploads\/2013\/12\/27370001.jpg\" alt=\"Ferienhaus Rock Cornwall\" width=\"750\" height=\"383\"\/><\/a><p id=\"caption-attachment-11865\" class=\"wp-caption-text\">Stoptide Cottage, Rock<\/p><\/div>\n<p><strong>4 Schlafzimmer, Schlafplatz f\u00fcr 7 + Kinderbett, hundefreundlich, Ferienhaus strandnah Rock, Nordk\u00fcste Cornwall. Preisspanne W&nbsp;(\u00a3816&nbsp;&#8211;&nbsp;\u00a32403)<\/strong><\/p>\n<p>Stoptide Cottage befindet sich im Herzen des wundersch\u00f6nen Rock in einem Gebiet, bekannt als Porthilly, die nur wenige Minuten von den Fu\u00dfweg Sie zum Porthilly Strand und der M\u00fcndung des Camel f\u00fchrt. Ein charmantes, freistehendes Steinhaus mit original Flagstone-Etagen, es war innen entworfen und auf hohem Niveau zu bieten eine komfortable und einladende Atmosph\u00e4re, die zu einem gro\u00dfen Familienurlaub fertig.<\/p>\n<p style=\"text-align: center;\"><a class=\"tidycta\" href=\"https:\/\/www.urlaubcornwall.de\/ferienhaeuser-fewos\/nordkueste-cornwall.html\"><\/a>Ferienh\u00e4user Nord-Cornwall<\/p>\n<p>V\u00f6llig ist privat und Set in einen eigenen geschlossenen teilweise ummauerten Garten mit Blumenbeeten, die Kanten der Grenzen, diese georgianischen Geb\u00e4ude so herrlich wie die Rosen, die die Au\u00dfenw\u00e4nde zu steigen. Innen mit Betonung auf Komfort, ist es Platz f\u00fcr alle mit zwei Wohnzimmern, eine herrliche K\u00fcche\/Esszimmer die alle begierig K\u00f6che Erwartungen und vier ziemlich gro\u00dfe Schlafzimmer im ersten Stock \u00fcbertreffen wird. Das Hauptschlafzimmer mit Bad hat einen Blick auf die M\u00fcndung, mit Blick auf den Garten und ist besonders leicht und ger\u00e4umig.<\/p>\n<p>Reizvolle Gegend von Nord-Cornwall ist bekannt f\u00fcr seine weite Strecken der Str\u00e4nde und ber\u00fchmte Restaurants. Es gibt so viel zur Auswahl! Das St Enodoc Hotel ist nur die Stra\u00dfe hinunter und bietet 2 Michelin-Sternen und die Chance, Nathan Outlaw gutes Essen zu genie\u00dfen. Mit Str\u00e4nden wie Daymer Bay und Polzeath, die alle in Gehweite bei Ebbe, und handliche Fu\u00df \u00fcber der M\u00fcndung nach Padstow zu transportieren, m\u00fcssen Sie wirklich kaum, das Auto zu verwenden. Stoptide Cottage bietet alle Zutaten f\u00fcr einen vergn\u00fcglichen Urlaub; alles, was du tun musst ist, bringen Sie Freunde und Familie und Ihrem hektischen Lebensstil hinter sich zu lassen. * Ein Kinderbett wird nicht bereitgestellt, bitte bringen Sie Ihre eigenen Reisebett.<\/p>\n<p><strong>Erdgeschoss<\/strong><\/p>\n<p>Wohnzimmer mit TV und offenem Kamin. K\u00fcche\/Esszimmer mit e-Herd, Mikrowelle, K\u00fchlschrank mit Gefrierfach und Sp\u00fclmaschine. Bad mit Dusche. Hauswirtschaftsraum mit Waschmaschine, Tumble-drier und Waschbecken. Garderobe mit WC und Waschbecken. Wohnzimmer mit TV, DVD-Player und Kamin.<\/p>\n<p style=\"text-align: center;\"><a class=\"tidycta\" href=\"https:\/\/www.urlaubcornwall.de\/ferienhaeuser-fewos\/nordkueste-cornwall.html\"><\/a>Ferienh\u00e4user Nord-Cornwall<\/p>\n<p><strong>Ersten Stock<\/strong><\/p>\n<p>1 Schlafzimmer mit Doppelbett (5&#8242;) und Bad \/ WC mit Badewanne, Hand-Duschaufsatz, WC und Waschbecken. 2 Schlafzimmer mit zwei Einzelbetten. 3 Schlafzimmer mit Einzelbett. 4 Schlafzimmer mit Doppelbett. Badezimmer mit Badewanne, Hand-Duschaufsatz, WC und Waschbecken.<\/p>\n<p><strong>Au\u00dfen<\/strong><\/p>\n<p>Zugang zu Spiele-Raum mit WC. Externe Dusche.<\/p>\n<p>Inklusive Strom. Heizung \u2013 <span lang=\"de\">voll \u00f6lbefeuerten Zentralheizung<\/span> -Duvets. Handt\u00fccher. Hochstuhl. Breitband. Auf Kosten Brennstoff f\u00fcr offenes Feuer \u2013 kostenlose erste Sack danach lokal erwerben.<\/p>\n<p><strong>Sonstiges<\/strong><\/p>\n<p>Eigener Parkplatz f\u00fcr 2 Autos.<br \/>\nGartenm\u00f6beln und Grill.<br \/>\nLaden Sie.5m.<br \/>\nPub.5m.<br \/>\n\u00d6ffentliches Telefon.5m.<br \/>\nGolf (18 Loch).5m.<br \/>\nBedauern Sie nicht rauchen.<br \/>\nHunde willkommen (1 kleinen Hund nur).<br \/>\nAnreise\/Abreise Samstag.<\/p>\n<div id=\"Banner\">\n<\/div>","protected":false},"excerpt":{"rendered":"<p>4 Schlafzimmer, Schlafplatz f\u00fcr 7 + Kinderbett, hundefreundlich, Ferienhaus strandnah Rock, Nordk\u00fcste Cornwall. Preisspanne W&nbsp;(\u00a3816&nbsp;&#8211;&nbsp;\u00a32403) Stoptide Cottage befindet sich im Herzen des wundersch\u00f6nen Rock in einem Gebiet, bekannt als Porthilly, die nur wenige Minuten von den Fu\u00dfweg Sie zum Porthilly Strand und der M\u00fcndung des Camel f\u00fchrt. Ein charmantes, freistehendes Steinhaus mit original Flagstone-Etagen, es [&hellip;]<\/p>\n","protected":false},"author":1,"featured_media":0,"parent":0,"menu_order":0,"comment_status":"closed","ping_status":"closed","template":"single-four.php","meta":[],"acf":[],"yoast_head":"<!-- This site is optimized with the Yoast SEO plugin v19.4 - https:\/\/yoast.com\/wordpress\/plugins\/seo\/ -->\n<title>Stoptide Cottage - Ferienh\u00e4user Rock Nord-Cornwall - Urlaub &amp; Reisen<\/title>\n<meta name=\"robots\" content=\"index, follow, max-snippet:-1, max-image-preview:large, max-video-preview:-1\" \/>\n<link rel=\"canonical\" href=\"https:\/\/www.urlaubcornwall.de\/blog\/stoptide-cottage-ferienhaeuser-rock-nord-cornwall\/\" \/>\n<meta property=\"og:locale\" content=\"en_US\" \/>\n<meta property=\"og:type\" content=\"article\" \/>\n<meta property=\"og:title\" content=\"Stoptide Cottage - Ferienh\u00e4user Rock Nord-Cornwall - Urlaub &amp; Reisen\" \/>\n<meta property=\"og:description\" content=\"4 Schlafzimmer, Schlafplatz f\u00fcr 7 + Kinderbett, hundefreundlich, Ferienhaus strandnah Rock, Nordk\u00fcste Cornwall. Preisspanne W&nbsp;(\u00a3816&nbsp;&#8211;&nbsp;\u00a32403) Stoptide Cottage befindet sich im Herzen des wundersch\u00f6nen Rock in einem Gebiet, bekannt als Porthilly, die nur wenige Minuten von den Fu\u00dfweg Sie zum Porthilly Strand und der M\u00fcndung des Camel f\u00fchrt. Ein charmantes, freistehendes Steinhaus mit original Flagstone-Etagen, es [&hellip;]\" \/>\n<meta property=\"og:url\" content=\"https:\/\/www.urlaubcornwall.de\/blog\/stoptide-cottage-ferienhaeuser-rock-nord-cornwall\/\" \/>\n<meta property=\"og:site_name\" content=\"Urlaub &amp; Reisen\" \/>\n<meta property=\"article:modified_time\" content=\"2021-08-31T13:10:04+00:00\" \/>\n<meta property=\"og:image\" content=\"https:\/\/www.urlaubcornwall.de\/blog\/wp-content\/uploads\/2013\/12\/27370001.jpg\" \/>\n<meta name=\"twitter:card\" content=\"summary\" \/>\n<meta name=\"twitter:label1\" content=\"Est. reading time\" \/>\n\t<meta name=\"twitter:data1\" content=\"2 minutes\" \/>\n<script type=\"application\/ld+json\" class=\"yoast-schema-graph\">{\"@context\":\"https:\/\/schema.org\",\"@graph\":[{\"@type\":\"WebSite\",\"@id\":\"https:\/\/www.urlaubcornwall.de\/blog\/#website\",\"url\":\"https:\/\/www.urlaubcornwall.de\/blog\/\",\"name\":\"Urlaub &amp; Reisen\",\"description\":\"Urlaub, Reisen, Cornwall und S\u00fcdengland: eine perfekte Kombination\",\"potentialAction\":[{\"@type\":\"SearchAction\",\"target\":{\"@type\":\"EntryPoint\",\"urlTemplate\":\"https:\/\/www.urlaubcornwall.de\/blog\/?s={search_term_string}\"},\"query-input\":\"required name=search_term_string\"}],\"inLanguage\":\"en-US\"},{\"@type\":\"WebPage\",\"@id\":\"https:\/\/www.urlaubcornwall.de\/blog\/stoptide-cottage-ferienhaeuser-rock-nord-cornwall\/\",\"url\":\"https:\/\/www.urlaubcornwall.de\/blog\/stoptide-cottage-ferienhaeuser-rock-nord-cornwall\/\",\"name\":\"Stoptide Cottage - Ferienh\u00e4user Rock Nord-Cornwall - Urlaub &amp; Reisen\",\"isPartOf\":{\"@id\":\"https:\/\/www.urlaubcornwall.de\/blog\/#website\"},\"datePublished\":\"2013-12-16T15:50:12+00:00\",\"dateModified\":\"2021-08-31T13:10:04+00:00\",\"breadcrumb\":{\"@id\":\"https:\/\/www.urlaubcornwall.de\/blog\/stoptide-cottage-ferienhaeuser-rock-nord-cornwall\/#breadcrumb\"},\"inLanguage\":\"en-US\",\"potentialAction\":[{\"@type\":\"ReadAction\",\"target\":[\"https:\/\/www.urlaubcornwall.de\/blog\/stoptide-cottage-ferienhaeuser-rock-nord-cornwall\/\"]}]},{\"@type\":\"BreadcrumbList\",\"@id\":\"https:\/\/www.urlaubcornwall.de\/blog\/stoptide-cottage-ferienhaeuser-rock-nord-cornwall\/#breadcrumb\",\"itemListElement\":[{\"@type\":\"ListItem\",\"position\":1,\"name\":\"Home\",\"item\":\"https:\/\/www.urlaubcornwall.de\/blog\/\"},{\"@type\":\"ListItem\",\"position\":2,\"name\":\"Stoptide Cottage &#8211; Ferienh\u00e4user Rock Nord-Cornwall\"}]}]}<\/script>\n<!-- \/ Yoast SEO plugin. -->","yoast_head_json":{"title":"Stoptide Cottage - Ferienh\u00e4user Rock Nord-Cornwall - Urlaub &amp; Reisen","robots":{"index":"index","follow":"follow","max-snippet":"max-snippet:-1","max-image-preview":"max-image-preview:large","max-video-preview":"max-video-preview:-1"},"canonical":"https:\/\/www.urlaubcornwall.de\/blog\/stoptide-cottage-ferienhaeuser-rock-nord-cornwall\/","og_locale":"en_US","og_type":"article","og_title":"Stoptide Cottage - Ferienh\u00e4user Rock Nord-Cornwall - Urlaub &amp; Reisen","og_description":"4 Schlafzimmer, Schlafplatz f\u00fcr 7 + Kinderbett, hundefreundlich, Ferienhaus strandnah Rock, Nordk\u00fcste Cornwall. Preisspanne W&nbsp;(\u00a3816&nbsp;&#8211;&nbsp;\u00a32403) Stoptide Cottage befindet sich im Herzen des wundersch\u00f6nen Rock in einem Gebiet, bekannt als Porthilly, die nur wenige Minuten von den Fu\u00dfweg Sie zum Porthilly Strand und der M\u00fcndung des Camel f\u00fchrt. Ein charmantes, freistehendes Steinhaus mit original Flagstone-Etagen, es [&hellip;]","og_url":"https:\/\/www.urlaubcornwall.de\/blog\/stoptide-cottage-ferienhaeuser-rock-nord-cornwall\/","og_site_name":"Urlaub &amp; Reisen","article_modified_time":"2021-08-31T13:10:04+00:00","og_image":[{"url":"https:\/\/www.urlaubcornwall.de\/blog\/wp-content\/uploads\/2013\/12\/27370001.jpg"}],"twitter_card":"summary","twitter_misc":{"Est. reading time":"2 minutes"},"schema":{"@context":"https:\/\/schema.org","@graph":[{"@type":"WebSite","@id":"https:\/\/www.urlaubcornwall.de\/blog\/#website","url":"https:\/\/www.urlaubcornwall.de\/blog\/","name":"Urlaub &amp; Reisen","description":"Urlaub, Reisen, Cornwall und S\u00fcdengland: eine perfekte Kombination","potentialAction":[{"@type":"SearchAction","target":{"@type":"EntryPoint","urlTemplate":"https:\/\/www.urlaubcornwall.de\/blog\/?s={search_term_string}"},"query-input":"required name=search_term_string"}],"inLanguage":"en-US"},{"@type":"WebPage","@id":"https:\/\/www.urlaubcornwall.de\/blog\/stoptide-cottage-ferienhaeuser-rock-nord-cornwall\/","url":"https:\/\/www.urlaubcornwall.de\/blog\/stoptide-cottage-ferienhaeuser-rock-nord-cornwall\/","name":"Stoptide Cottage - Ferienh\u00e4user Rock Nord-Cornwall - Urlaub &amp; Reisen","isPartOf":{"@id":"https:\/\/www.urlaubcornwall.de\/blog\/#website"},"datePublished":"2013-12-16T15:50:12+00:00","dateModified":"2021-08-31T13:10:04+00:00","breadcrumb":{"@id":"https:\/\/www.urlaubcornwall.de\/blog\/stoptide-cottage-ferienhaeuser-rock-nord-cornwall\/#breadcrumb"},"inLanguage":"en-US","potentialAction":[{"@type":"ReadAction","target":["https:\/\/www.urlaubcornwall.de\/blog\/stoptide-cottage-ferienhaeuser-rock-nord-cornwall\/"]}]},{"@type":"BreadcrumbList","@id":"https:\/\/www.urlaubcornwall.de\/blog\/stoptide-cottage-ferienhaeuser-rock-nord-cornwall\/#breadcrumb","itemListElement":[{"@type":"ListItem","position":1,"name":"Home","item":"https:\/\/www.urlaubcornwall.de\/blog\/"},{"@type":"ListItem","position":2,"name":"Stoptide Cottage &#8211; Ferienh\u00e4user Rock Nord-Cornwall"}]}]}},"_links":{"self":[{"href":"https:\/\/www.urlaubcornwall.de\/blog\/wp-json\/wp\/v2\/pages\/11863"}],"collection":[{"href":"https:\/\/www.urlaubcornwall.de\/blog\/wp-json\/wp\/v2\/pages"}],"about":[{"href":"https:\/\/www.urlaubcornwall.de\/blog\/wp-json\/wp\/v2\/types\/page"}],"author":[{"embeddable":true,"href":"https:\/\/www.urlaubcornwall.de\/blog\/wp-json\/wp\/v2\/users\/1"}],"replies":[{"embeddable":true,"href":"https:\/\/www.urlaubcornwall.de\/blog\/wp-json\/wp\/v2\/comments?post=11863"}],"version-history":[{"count":20,"href":"https:\/\/www.urlaubcornwall.de\/blog\/wp-json\/wp\/v2\/pages\/11863\/revisions"}],"predecessor-version":[{"id":42300,"href":"https:\/\/www.urlaubcornwall.de\/blog\/wp-json\/wp\/v2\/pages\/11863\/revisions\/42300"}],"wp:attachment":[{"href":"https:\/\/www.urlaubcornwall.de\/blog\/wp-json\/wp\/v2\/media?parent=11863"}],"curies":[{"name":"wp","href":"https:\/\/api.w.org\/{rel}","templated":true}]}}