{"id":11749,"date":"2013-12-10T14:09:32","date_gmt":"2013-12-10T14:09:32","guid":{"rendered":"https:\/\/www.urlaubcornwall.de\/blog\/?page_id=11749"},"modified":"2015-08-21T13:04:23","modified_gmt":"2015-08-21T13:04:23","slug":"beliebte-urlaubsorte-ferienhaeuser-und-ferienwohnungen-somerset","status":"publish","type":"page","link":"https:\/\/www.urlaubcornwall.de\/blog\/beliebte-urlaubsorte-ferienhaeuser-und-ferienwohnungen-somerset\/","title":{"rendered":"Beliebte Urlaubsorte \u2013 Ferienh\u00e4user und Ferienwohnungen Somerset"},"content":{"rendered":"<p><strong>Bei uns finden Sie Ferienh\u00e4user zum Verlieben &#8211; so einfach ist das!<\/strong> W\u00e4hlen Sie aus \u00fcber 700 pers\u00f6nlich inspizierten Ferienh\u00e4usern, Cottages &#038; Ferienwohnungen in Somerset und S\u00fcdwestengland.<\/p>\n<table border=\"0\" width=\"740\" cellspacing=\"0\" cellpadding=\"0\">\n<colgroup>\n<col width=\"75\" \/>\n<col width=\"101\" \/>\n<col width=\"134\" \/> <\/colgroup>\n<tbody>\n<tr>\n<td width=\"75\" height=\"20\">A<\/td>\n<td width=\"101\"><a href=\"http:\/\/www.urlaubcornwall.de\/ferienhaeuser-fewos\/glastonbury.html\">Glastonbury<\/a><\/td>\n<td width=\"134\"><a href=\"http:\/\/www.urlaubcornwall.de\/ferienhaeuser-fewos\/tarr-steps.html\">Tarr Steps<\/a><\/td>\n<\/tr>\n<tr>\n<td width=\"75\" height=\"20\"><a href=\"http:\/\/www.urlaubcornwall.de\/ferienhaeuser-fewos\/axbridge.html\">Axbridge<\/a><\/td>\n<td width=\"101\">M<\/td>\n<td width=\"134\"><a href=\"http:\/\/www.urlaubcornwall.de\/ferienhaeuser-fewos\/taunton.html\">Taunton<\/a><\/td>\n<\/tr>\n<tr>\n<td width=\"75\" height=\"20\">B<\/td>\n<td width=\"101\"><a href=\"http:\/\/www.urlaubcornwall.de\/ferienhaeuser-fewos\/minehead.html\">Minehead<\/a><\/td>\n<td width=\"134\">W<\/td>\n<\/tr>\n<tr>\n<td width=\"75\" height=\"20\"><a href=\"http:\/\/www.urlaubcornwall.de\/ferienhaeuser-fewos\/bath.html\">Bath<\/a><\/td>\n<td width=\"101\">N<\/td>\n<td width=\"134\"><a href=\"http:\/\/www.urlaubcornwall.de\/ferienhaeuser-fewos\/watchet.html\">Watchet<\/a><\/td>\n<\/tr>\n<tr>\n<td width=\"75\" height=\"20\"><a href=\"http:\/\/www.urlaubcornwall.de\/ferienhaeuser-fewos\/bridgwater.html\">Bridgwater<\/a><\/td>\n<td width=\"101\"><a href=\"http:\/\/www.urlaubcornwall.de\/ferienhaeuser-fewos\/nether-stowey.html\">Nether Stowey<\/a><\/td>\n<td width=\"134\"><a href=\"http:\/\/www.urlaubcornwall.de\/ferienhaeuser-fewos\/wellington.html\">Wellington<\/a><\/td>\n<\/tr>\n<tr>\n<td width=\"75\" height=\"20\">C<\/td>\n<td width=\"101\">O<\/td>\n<td width=\"134\"><a href=\"http:\/\/www.urlaubcornwall.de\/ferienhaeuser-fewos\/wells.html\">Wells<\/a><\/td>\n<\/tr>\n<tr>\n<td width=\"75\" height=\"20\"><a href=\"http:\/\/www.urlaubcornwall.de\/ferienhaeuser-fewos\/chard.html\">Chard<\/a><\/td>\n<td width=\"101\"><a href=\"http:\/\/www.urlaubcornwall.de\/ferienhaeuser-fewos\/old-cleeve.html\">Old Cleeve<\/a><\/td>\n<td width=\"134\"><a href=\"http:\/\/www.urlaubcornwall.de\/ferienhaeuser-fewos\/weston-super-mare.html\">Weston-super-Mare<\/a><\/td>\n<\/tr>\n<tr>\n<td width=\"75\" height=\"20\"><a href=\"http:\/\/www.urlaubcornwall.de\/ferienhaeuser-fewos\/crewkerne.html\">Crewkerne<\/a><\/td>\n<td width=\"101\">P<\/td>\n<td width=\"134\"><a href=\"http:\/\/www.urlaubcornwall.de\/ferienhaeuser-fewos\/westward-ho%21.html\">Westward Ho!<\/a><\/td>\n<\/tr>\n<tr>\n<td width=\"75\" height=\"20\">D<\/td>\n<td width=\"101\"><a href=\"http:\/\/www.urlaubcornwall.de\/ferienhaeuser-fewos\/porlock.html\">Porlock<\/a><\/td>\n<td width=\"134\"><a href=\"http:\/\/www.urlaubcornwall.de\/ferienhaeuser-fewos\/wincanton.html\">Wincanton<\/a><\/td>\n<\/tr>\n<tr>\n<td width=\"75\" height=\"20\"><a href=\"http:\/\/www.urlaubcornwall.de\/ferienhaeuser-fewos\/dulverton.html\">Dulverton<\/a><\/td>\n<td width=\"101\">S<\/td>\n<td width=\"134\"><a href=\"http:\/\/www.urlaubcornwall.de\/ferienhaeuser-fewos\/withypool.html\">Withypool<\/a><\/td>\n<\/tr>\n<tr>\n<td width=\"75\" height=\"20\">F<\/td>\n<td width=\"101\"><a href=\"http:\/\/www.urlaubcornwall.de\/ferienhaeuser-fewos\/selworthy.html\">Selworthy<\/a><\/td>\n<td width=\"134\">Y<\/td>\n<\/tr>\n<tr>\n<td width=\"75\" height=\"20\"><a href=\"http:\/\/www.urlaubcornwall.de\/ferienhaeuser-fewos\/frome.html\">Frome<\/a><\/td>\n<td width=\"101\"><a href=\"http:\/\/www.urlaubcornwall.de\/ferienhaeuser-fewos\/somerton.html\">Somerton<\/a><\/td>\n<td width=\"134\"><a href=\"http:\/\/www.urlaubcornwall.de\/ferienhaeuser-fewos\/yeovil.html\">Yeovil<\/a><\/td>\n<\/tr>\n<tr>\n<td width=\"75\" height=\"20\">G<\/td>\n<td width=\"101\">T<\/td>\n<td><\/td>\n<\/tr>\n<\/tbody>\n<\/table>\n<p style=\"text-align: right;\">\n<\/p><p><a href=\"https:\/\/www.urlaubcornwall.de\/blog\/wp-content\/uploads\/2013\/12\/Glastonbury.jpg\"><img loading=\"lazy\" src=\"https:\/\/www.urlaubcornwall.de\/blog\/wp-content\/uploads\/2013\/12\/Glastonbury.jpg\" alt=\"Glastonbury\" width=\"745\" height=\"376\" class=\"aligncenter size-full wp-image-19573\" srcset=\"https:\/\/www.urlaubcornwall.de\/blog\/wp-content\/uploads\/2013\/12\/Glastonbury.jpg 745w, https:\/\/www.urlaubcornwall.de\/blog\/wp-content\/uploads\/2013\/12\/Glastonbury-300x151.jpg 300w\" sizes=\"(max-width: 745px) 100vw, 745px\" \/><\/a><\/p>\n","protected":false},"excerpt":{"rendered":"<p>Bei uns finden Sie Ferienh\u00e4user zum Verlieben &#8211; so einfach ist das! W\u00e4hlen Sie aus \u00fcber 700 pers\u00f6nlich inspizierten Ferienh\u00e4usern, Cottages &#038; Ferienwohnungen in Somerset und S\u00fcdwestengland. A Glastonbury Tarr Steps Axbridge M Taunton B Minehead W Bath N Watchet Bridgwater Nether Stowey Wellington C O Wells Chard Old Cleeve Weston-super-Mare Crewkerne P Westward Ho! [&hellip;]<\/p>\n","protected":false},"author":1,"featured_media":0,"parent":0,"menu_order":0,"comment_status":"closed","ping_status":"closed","template":"single-four.php","meta":[],"acf":[],"yoast_head":"<!-- This site is optimized with the Yoast SEO plugin v19.4 - https:\/\/yoast.com\/wordpress\/plugins\/seo\/ -->\n<title>Beliebte Urlaubsorte \u2013 Ferienh\u00e4user und Ferienwohnungen Somerset - Urlaub &amp; Reisen<\/title>\n<meta name=\"robots\" content=\"index, follow, max-snippet:-1, max-image-preview:large, max-video-preview:-1\" \/>\n<link rel=\"canonical\" href=\"https:\/\/www.urlaubcornwall.de\/blog\/beliebte-urlaubsorte-ferienhaeuser-und-ferienwohnungen-somerset\/\" \/>\n<meta property=\"og:locale\" content=\"en_US\" \/>\n<meta property=\"og:type\" content=\"article\" \/>\n<meta property=\"og:title\" content=\"Beliebte Urlaubsorte \u2013 Ferienh\u00e4user und Ferienwohnungen Somerset - Urlaub &amp; Reisen\" \/>\n<meta property=\"og:description\" content=\"Bei uns finden Sie Ferienh\u00e4user zum Verlieben &#8211; so einfach ist das! W\u00e4hlen Sie aus \u00fcber 700 pers\u00f6nlich inspizierten Ferienh\u00e4usern, Cottages &#038; Ferienwohnungen in Somerset und S\u00fcdwestengland. A Glastonbury Tarr Steps Axbridge M Taunton B Minehead W Bath N Watchet Bridgwater Nether Stowey Wellington C O Wells Chard Old Cleeve Weston-super-Mare Crewkerne P Westward Ho! [&hellip;]\" \/>\n<meta property=\"og:url\" content=\"https:\/\/www.urlaubcornwall.de\/blog\/beliebte-urlaubsorte-ferienhaeuser-und-ferienwohnungen-somerset\/\" \/>\n<meta property=\"og:site_name\" content=\"Urlaub &amp; Reisen\" \/>\n<meta property=\"article:modified_time\" content=\"2015-08-21T13:04:23+00:00\" \/>\n<meta property=\"og:image\" content=\"https:\/\/www.urlaubcornwall.de\/blog\/wp-content\/uploads\/2013\/12\/Glastonbury.jpg\" \/>\n<meta name=\"twitter:card\" content=\"summary\" \/>\n<script type=\"application\/ld+json\" class=\"yoast-schema-graph\">{\"@context\":\"https:\/\/schema.org\",\"@graph\":[{\"@type\":\"WebSite\",\"@id\":\"https:\/\/www.urlaubcornwall.de\/blog\/#website\",\"url\":\"https:\/\/www.urlaubcornwall.de\/blog\/\",\"name\":\"Urlaub &amp; Reisen\",\"description\":\"Urlaub, Reisen, Cornwall und S\u00fcdengland: eine perfekte Kombination\",\"potentialAction\":[{\"@type\":\"SearchAction\",\"target\":{\"@type\":\"EntryPoint\",\"urlTemplate\":\"https:\/\/www.urlaubcornwall.de\/blog\/?s={search_term_string}\"},\"query-input\":\"required name=search_term_string\"}],\"inLanguage\":\"en-US\"},{\"@type\":\"WebPage\",\"@id\":\"https:\/\/www.urlaubcornwall.de\/blog\/beliebte-urlaubsorte-ferienhaeuser-und-ferienwohnungen-somerset\/\",\"url\":\"https:\/\/www.urlaubcornwall.de\/blog\/beliebte-urlaubsorte-ferienhaeuser-und-ferienwohnungen-somerset\/\",\"name\":\"Beliebte Urlaubsorte \u2013 Ferienh\u00e4user und Ferienwohnungen Somerset - Urlaub &amp; Reisen\",\"isPartOf\":{\"@id\":\"https:\/\/www.urlaubcornwall.de\/blog\/#website\"},\"datePublished\":\"2013-12-10T14:09:32+00:00\",\"dateModified\":\"2015-08-21T13:04:23+00:00\",\"breadcrumb\":{\"@id\":\"https:\/\/www.urlaubcornwall.de\/blog\/beliebte-urlaubsorte-ferienhaeuser-und-ferienwohnungen-somerset\/#breadcrumb\"},\"inLanguage\":\"en-US\",\"potentialAction\":[{\"@type\":\"ReadAction\",\"target\":[\"https:\/\/www.urlaubcornwall.de\/blog\/beliebte-urlaubsorte-ferienhaeuser-und-ferienwohnungen-somerset\/\"]}]},{\"@type\":\"BreadcrumbList\",\"@id\":\"https:\/\/www.urlaubcornwall.de\/blog\/beliebte-urlaubsorte-ferienhaeuser-und-ferienwohnungen-somerset\/#breadcrumb\",\"itemListElement\":[{\"@type\":\"ListItem\",\"position\":1,\"name\":\"Home\",\"item\":\"https:\/\/www.urlaubcornwall.de\/blog\/\"},{\"@type\":\"ListItem\",\"position\":2,\"name\":\"Beliebte Urlaubsorte \u2013 Ferienh\u00e4user und Ferienwohnungen Somerset\"}]}]}<\/script>\n<!-- \/ Yoast SEO plugin. -->","yoast_head_json":{"title":"Beliebte Urlaubsorte \u2013 Ferienh\u00e4user und Ferienwohnungen Somerset - Urlaub &amp; Reisen","robots":{"index":"index","follow":"follow","max-snippet":"max-snippet:-1","max-image-preview":"max-image-preview:large","max-video-preview":"max-video-preview:-1"},"canonical":"https:\/\/www.urlaubcornwall.de\/blog\/beliebte-urlaubsorte-ferienhaeuser-und-ferienwohnungen-somerset\/","og_locale":"en_US","og_type":"article","og_title":"Beliebte Urlaubsorte \u2013 Ferienh\u00e4user und Ferienwohnungen Somerset - Urlaub &amp; Reisen","og_description":"Bei uns finden Sie Ferienh\u00e4user zum Verlieben &#8211; so einfach ist das! W\u00e4hlen Sie aus \u00fcber 700 pers\u00f6nlich inspizierten Ferienh\u00e4usern, Cottages &#038; Ferienwohnungen in Somerset und S\u00fcdwestengland. A Glastonbury Tarr Steps Axbridge M Taunton B Minehead W Bath N Watchet Bridgwater Nether Stowey Wellington C O Wells Chard Old Cleeve Weston-super-Mare Crewkerne P Westward Ho! [&hellip;]","og_url":"https:\/\/www.urlaubcornwall.de\/blog\/beliebte-urlaubsorte-ferienhaeuser-und-ferienwohnungen-somerset\/","og_site_name":"Urlaub &amp; Reisen","article_modified_time":"2015-08-21T13:04:23+00:00","og_image":[{"url":"https:\/\/www.urlaubcornwall.de\/blog\/wp-content\/uploads\/2013\/12\/Glastonbury.jpg"}],"twitter_card":"summary","schema":{"@context":"https:\/\/schema.org","@graph":[{"@type":"WebSite","@id":"https:\/\/www.urlaubcornwall.de\/blog\/#website","url":"https:\/\/www.urlaubcornwall.de\/blog\/","name":"Urlaub &amp; Reisen","description":"Urlaub, Reisen, Cornwall und S\u00fcdengland: eine perfekte Kombination","potentialAction":[{"@type":"SearchAction","target":{"@type":"EntryPoint","urlTemplate":"https:\/\/www.urlaubcornwall.de\/blog\/?s={search_term_string}"},"query-input":"required name=search_term_string"}],"inLanguage":"en-US"},{"@type":"WebPage","@id":"https:\/\/www.urlaubcornwall.de\/blog\/beliebte-urlaubsorte-ferienhaeuser-und-ferienwohnungen-somerset\/","url":"https:\/\/www.urlaubcornwall.de\/blog\/beliebte-urlaubsorte-ferienhaeuser-und-ferienwohnungen-somerset\/","name":"Beliebte Urlaubsorte \u2013 Ferienh\u00e4user und Ferienwohnungen Somerset - Urlaub &amp; Reisen","isPartOf":{"@id":"https:\/\/www.urlaubcornwall.de\/blog\/#website"},"datePublished":"2013-12-10T14:09:32+00:00","dateModified":"2015-08-21T13:04:23+00:00","breadcrumb":{"@id":"https:\/\/www.urlaubcornwall.de\/blog\/beliebte-urlaubsorte-ferienhaeuser-und-ferienwohnungen-somerset\/#breadcrumb"},"inLanguage":"en-US","potentialAction":[{"@type":"ReadAction","target":["https:\/\/www.urlaubcornwall.de\/blog\/beliebte-urlaubsorte-ferienhaeuser-und-ferienwohnungen-somerset\/"]}]},{"@type":"BreadcrumbList","@id":"https:\/\/www.urlaubcornwall.de\/blog\/beliebte-urlaubsorte-ferienhaeuser-und-ferienwohnungen-somerset\/#breadcrumb","itemListElement":[{"@type":"ListItem","position":1,"name":"Home","item":"https:\/\/www.urlaubcornwall.de\/blog\/"},{"@type":"ListItem","position":2,"name":"Beliebte Urlaubsorte \u2013 Ferienh\u00e4user und Ferienwohnungen Somerset"}]}]}},"_links":{"self":[{"href":"https:\/\/www.urlaubcornwall.de\/blog\/wp-json\/wp\/v2\/pages\/11749"}],"collection":[{"href":"https:\/\/www.urlaubcornwall.de\/blog\/wp-json\/wp\/v2\/pages"}],"about":[{"href":"https:\/\/www.urlaubcornwall.de\/blog\/wp-json\/wp\/v2\/types\/page"}],"author":[{"embeddable":true,"href":"https:\/\/www.urlaubcornwall.de\/blog\/wp-json\/wp\/v2\/users\/1"}],"replies":[{"embeddable":true,"href":"https:\/\/www.urlaubcornwall.de\/blog\/wp-json\/wp\/v2\/comments?post=11749"}],"version-history":[{"count":7,"href":"https:\/\/www.urlaubcornwall.de\/blog\/wp-json\/wp\/v2\/pages\/11749\/revisions"}],"predecessor-version":[{"id":19574,"href":"https:\/\/www.urlaubcornwall.de\/blog\/wp-json\/wp\/v2\/pages\/11749\/revisions\/19574"}],"wp:attachment":[{"href":"https:\/\/www.urlaubcornwall.de\/blog\/wp-json\/wp\/v2\/media?parent=11749"}],"curies":[{"name":"wp","href":"https:\/\/api.w.org\/{rel}","templated":true}]}}