{"id":11746,"date":"2013-12-10T14:11:29","date_gmt":"2013-12-10T14:11:29","guid":{"rendered":"https:\/\/www.urlaubcornwall.de\/blog\/?page_id=11746"},"modified":"2024-04-15T09:57:02","modified_gmt":"2024-04-15T09:57:02","slug":"beliebte-urlaubsorte-ferienhaeuser-und-ferienwohnungen-dorset","status":"publish","type":"page","link":"https:\/\/www.urlaubcornwall.de\/blog\/beliebte-urlaubsorte-ferienhaeuser-und-ferienwohnungen-dorset\/","title":{"rendered":"Beliebte Urlaubsorte \u2013 Ferienh\u00e4user in Dorset"},"content":{"rendered":"<p><img loading=\"lazy\" class=\"aligncenter size-full wp-image-41213\" src=\"https:\/\/www.urlaubcornwall.de\/blog\/wp-content\/uploads\/2020\/11\/jurasss-kueste-e1713175000993.jpg\" alt=\"jurassic kueste dorset\" width=\"750\" height=\"567\"\/><\/p>\n<p><strong>Urlaub in Dorset: Eine der geschichtstr\u00e4chtigsten Grafschaften Englands<\/strong><\/p>\n<p>Die <a href=\"https:\/\/www.urlaubcornwall.de\/reiseziel\/dorset.php\">Grafschaft Dorset<\/a> begeistert mit ihrer Sch\u00f6nheit, ihren Kontrasten und der atemberaubenden Landschaft. Dorset liegt im S\u00fcden Englands am Meer und seine K\u00fcstenlinie erstreckt sich \u00fcber 140 km von Lyme Regis im Westen bis nach Christchurch im Osten. Freuen Sie sich hier auf die feinsten Sandstr\u00e4nde der britischen Inseln.<\/p>\n<table border=\"0\" width=\"749\" cellspacing=\"0\" cellpadding=\"0\">\n<colgroup>\n<col width=\"112\" \/>\n<col width=\"85\" \/>\n<col width=\"81\" \/> <\/colgroup>\n<tbody>\n<tr>\n<td width=\"112\" height=\"20\">A<\/td>\n<td width=\"85\"><a href=\"http:\/\/www.urlaubcornwall.de\/ferienhaeuser-fewos\/corfe-castle.html\">Corfe Castle<\/a><\/td>\n<td width=\"81\"><a href=\"http:\/\/www.urlaubcornwall.de\/ferienhaeuser-fewos\/shaftesbury.html\">Shaftesbury<\/a><\/td>\n<\/tr>\n<tr>\n<td width=\"112\" height=\"20\"><a href=\"http:\/\/www.urlaubcornwall.de\/ferienhaeuser-fewos\/abbotsbury.html\">Abbotsbury<\/a><\/td>\n<td width=\"85\">D<\/td>\n<td width=\"81\"><a href=\"http:\/\/www.urlaubcornwall.de\/ferienhaeuser-fewos\/sherborne.html\">Sherborne<\/a><\/td>\n<\/tr>\n<tr>\n<td width=\"112\" height=\"20\">B<\/td>\n<td width=\"85\"><a href=\"http:\/\/www.urlaubcornwall.de\/ferienhaeuser-fewos\/dorchester.html\">Dorchester<\/a><\/td>\n<td width=\"81\"><a href=\"http:\/\/www.urlaubcornwall.de\/ferienhaeuser-fewos\/studland.html\">Studland<\/a><\/td>\n<\/tr>\n<tr>\n<td width=\"112\" height=\"20\"><a href=\"http:\/\/www.urlaubcornwall.de\/ferienhaeuser-fewos\/beaminster.html\">Beaminster<\/a><\/td>\n<td width=\"85\">L<\/td>\n<td width=\"81\"><a href=\"http:\/\/www.urlaubcornwall.de\/ferienhaeuser-fewos\/sturminster-newton.html\">Sturminster Newton<\/a><\/td>\n<\/tr>\n<tr>\n<td width=\"112\" height=\"20\"><a href=\"http:\/\/www.urlaubcornwall.de\/ferienhaeuser-fewos\/bere-regis.html\">Bere Regis<\/a><\/td>\n<td width=\"85\"><a href=\"http:\/\/www.urlaubcornwall.de\/ferienhaeuser-fewos\/lyme-regis.html\">Lyme Regis<\/a><\/td>\n<td width=\"81\">T<\/td>\n<\/tr>\n<tr>\n<td width=\"112\" height=\"20\"><a href=\"http:\/\/www.urlaubcornwall.de\/ferienhaeuser-fewos\/blandford-forum.html\">Blandford Forum<\/a><\/td>\n<td width=\"85\">M<\/td>\n<td width=\"81\"><a href=\"http:\/\/www.urlaubcornwall.de\/ferienhaeuser-fewos\/tolpuddle.html\">Tolpuddle<\/a><\/td>\n<\/tr>\n<tr>\n<td width=\"112\" height=\"20\"><a href=\"http:\/\/www.urlaubcornwall.de\/ferienhaeuser-fewos\/bournemouth.html\">Bournemouth<\/a><\/td>\n<td width=\"85\"><a href=\"http:\/\/www.urlaubcornwall.de\/ferienhaeuser-fewos\/moreton.html\">Moreton<\/a><\/td>\n<td width=\"81\">W<\/td>\n<\/tr>\n<tr>\n<td width=\"112\" height=\"20\"><a href=\"http:\/\/www.urlaubcornwall.de\/ferienhaeuser-fewos\/bridport.html\">Bridport<\/a><\/td>\n<td width=\"85\">P<\/td>\n<td width=\"81\"><a href=\"http:\/\/www.urlaubcornwall.de\/ferienhaeuser-fewos\/wareham.html\">Wareham<\/a><\/td>\n<\/tr>\n<tr>\n<td width=\"112\" height=\"20\">C<\/td>\n<td width=\"85\"><a href=\"http:\/\/www.urlaubcornwall.de\/ferienhaeuser-fewos\/poole.html\">Poole<\/a><\/td>\n<td width=\"81\"><a href=\"http:\/\/www.urlaubcornwall.de\/ferienhaeuser-fewos\/weymouth.html\">Weymouth<\/a><\/td>\n<\/tr>\n<tr>\n<td width=\"112\" height=\"20\"><a href=\"http:\/\/www.urlaubcornwall.de\/ferienhaeuser-fewos\/cerne-abbas.html\">Cerne Abbas<\/a><\/td>\n<td width=\"85\"><a href=\"http:\/\/www.urlaubcornwall.de\/ferienhaeuser-fewos\/poundbury.html\">Poundbury<\/a><\/td>\n<td width=\"81\"><a href=\"http:\/\/www.urlaubcornwall.de\/ferienhaeuser-fewos\/wimborne-minster.html\">Wimborne Minster<\/a><\/td>\n<\/tr>\n<tr>\n<td width=\"112\" height=\"20\"><a href=\"http:\/\/www.urlaubcornwall.de\/ferienhaeuser-fewos\/charmouth.html\">Charmouth<\/a><\/td>\n<td width=\"85\">S<\/td>\n<td><\/td>\n<\/tr>\n<\/tbody>\n<\/table>\n","protected":false},"excerpt":{"rendered":"<p>Urlaub in Dorset: Eine der geschichtstr\u00e4chtigsten Grafschaften Englands Die Grafschaft Dorset begeistert mit ihrer Sch\u00f6nheit, ihren Kontrasten und der atemberaubenden Landschaft. Dorset liegt im S\u00fcden Englands am Meer und seine K\u00fcstenlinie erstreckt sich \u00fcber 140 km von Lyme Regis im Westen bis nach Christchurch im Osten. Freuen Sie sich hier auf die feinsten Sandstr\u00e4nde der [&hellip;]<\/p>\n","protected":false},"author":1,"featured_media":0,"parent":0,"menu_order":0,"comment_status":"closed","ping_status":"closed","template":"single-four.php","meta":[],"acf":[],"yoast_head":"<!-- This site is optimized with the Yoast SEO plugin v19.4 - https:\/\/yoast.com\/wordpress\/plugins\/seo\/ -->\n<title>Beliebte Urlaubsorte \u2013 Ferienh\u00e4user in Dorset - Urlaub &amp; Reisen<\/title>\n<meta name=\"robots\" content=\"index, follow, max-snippet:-1, max-image-preview:large, max-video-preview:-1\" \/>\n<link rel=\"canonical\" href=\"https:\/\/www.urlaubcornwall.de\/blog\/beliebte-urlaubsorte-ferienhaeuser-und-ferienwohnungen-dorset\/\" \/>\n<meta property=\"og:locale\" content=\"en_US\" \/>\n<meta property=\"og:type\" content=\"article\" \/>\n<meta property=\"og:title\" content=\"Beliebte Urlaubsorte \u2013 Ferienh\u00e4user in Dorset - Urlaub &amp; Reisen\" \/>\n<meta property=\"og:description\" content=\"Urlaub in Dorset: Eine der geschichtstr\u00e4chtigsten Grafschaften Englands Die Grafschaft Dorset begeistert mit ihrer Sch\u00f6nheit, ihren Kontrasten und der atemberaubenden Landschaft. Dorset liegt im S\u00fcden Englands am Meer und seine K\u00fcstenlinie erstreckt sich \u00fcber 140 km von Lyme Regis im Westen bis nach Christchurch im Osten. Freuen Sie sich hier auf die feinsten Sandstr\u00e4nde der [&hellip;]\" \/>\n<meta property=\"og:url\" content=\"https:\/\/www.urlaubcornwall.de\/blog\/beliebte-urlaubsorte-ferienhaeuser-und-ferienwohnungen-dorset\/\" \/>\n<meta property=\"og:site_name\" content=\"Urlaub &amp; Reisen\" \/>\n<meta property=\"article:modified_time\" content=\"2024-04-15T09:57:02+00:00\" \/>\n<meta property=\"og:image\" content=\"https:\/\/www.urlaubcornwall.de\/blog\/wp-content\/uploads\/2020\/11\/jurasss-kueste-e1713175000993.jpg\" \/>\n<meta name=\"twitter:card\" content=\"summary\" \/>\n<meta name=\"twitter:label1\" content=\"Est. reading time\" \/>\n\t<meta name=\"twitter:data1\" content=\"1 minute\" \/>\n<script type=\"application\/ld+json\" class=\"yoast-schema-graph\">{\"@context\":\"https:\/\/schema.org\",\"@graph\":[{\"@type\":\"WebSite\",\"@id\":\"https:\/\/www.urlaubcornwall.de\/blog\/#website\",\"url\":\"https:\/\/www.urlaubcornwall.de\/blog\/\",\"name\":\"Urlaub &amp; Reisen\",\"description\":\"Urlaub, Reisen, Cornwall und S\u00fcdengland: eine perfekte Kombination\",\"potentialAction\":[{\"@type\":\"SearchAction\",\"target\":{\"@type\":\"EntryPoint\",\"urlTemplate\":\"https:\/\/www.urlaubcornwall.de\/blog\/?s={search_term_string}\"},\"query-input\":\"required name=search_term_string\"}],\"inLanguage\":\"en-US\"},{\"@type\":\"WebPage\",\"@id\":\"https:\/\/www.urlaubcornwall.de\/blog\/beliebte-urlaubsorte-ferienhaeuser-und-ferienwohnungen-dorset\/\",\"url\":\"https:\/\/www.urlaubcornwall.de\/blog\/beliebte-urlaubsorte-ferienhaeuser-und-ferienwohnungen-dorset\/\",\"name\":\"Beliebte Urlaubsorte \u2013 Ferienh\u00e4user in Dorset - Urlaub &amp; Reisen\",\"isPartOf\":{\"@id\":\"https:\/\/www.urlaubcornwall.de\/blog\/#website\"},\"datePublished\":\"2013-12-10T14:11:29+00:00\",\"dateModified\":\"2024-04-15T09:57:02+00:00\",\"breadcrumb\":{\"@id\":\"https:\/\/www.urlaubcornwall.de\/blog\/beliebte-urlaubsorte-ferienhaeuser-und-ferienwohnungen-dorset\/#breadcrumb\"},\"inLanguage\":\"en-US\",\"potentialAction\":[{\"@type\":\"ReadAction\",\"target\":[\"https:\/\/www.urlaubcornwall.de\/blog\/beliebte-urlaubsorte-ferienhaeuser-und-ferienwohnungen-dorset\/\"]}]},{\"@type\":\"BreadcrumbList\",\"@id\":\"https:\/\/www.urlaubcornwall.de\/blog\/beliebte-urlaubsorte-ferienhaeuser-und-ferienwohnungen-dorset\/#breadcrumb\",\"itemListElement\":[{\"@type\":\"ListItem\",\"position\":1,\"name\":\"Home\",\"item\":\"https:\/\/www.urlaubcornwall.de\/blog\/\"},{\"@type\":\"ListItem\",\"position\":2,\"name\":\"Beliebte Urlaubsorte \u2013 Ferienh\u00e4user in Dorset\"}]}]}<\/script>\n<!-- \/ Yoast SEO plugin. -->","yoast_head_json":{"title":"Beliebte Urlaubsorte \u2013 Ferienh\u00e4user in Dorset - Urlaub &amp; Reisen","robots":{"index":"index","follow":"follow","max-snippet":"max-snippet:-1","max-image-preview":"max-image-preview:large","max-video-preview":"max-video-preview:-1"},"canonical":"https:\/\/www.urlaubcornwall.de\/blog\/beliebte-urlaubsorte-ferienhaeuser-und-ferienwohnungen-dorset\/","og_locale":"en_US","og_type":"article","og_title":"Beliebte Urlaubsorte \u2013 Ferienh\u00e4user in Dorset - Urlaub &amp; Reisen","og_description":"Urlaub in Dorset: Eine der geschichtstr\u00e4chtigsten Grafschaften Englands Die Grafschaft Dorset begeistert mit ihrer Sch\u00f6nheit, ihren Kontrasten und der atemberaubenden Landschaft. Dorset liegt im S\u00fcden Englands am Meer und seine K\u00fcstenlinie erstreckt sich \u00fcber 140 km von Lyme Regis im Westen bis nach Christchurch im Osten. Freuen Sie sich hier auf die feinsten Sandstr\u00e4nde der [&hellip;]","og_url":"https:\/\/www.urlaubcornwall.de\/blog\/beliebte-urlaubsorte-ferienhaeuser-und-ferienwohnungen-dorset\/","og_site_name":"Urlaub &amp; Reisen","article_modified_time":"2024-04-15T09:57:02+00:00","og_image":[{"url":"https:\/\/www.urlaubcornwall.de\/blog\/wp-content\/uploads\/2020\/11\/jurasss-kueste-e1713175000993.jpg"}],"twitter_card":"summary","twitter_misc":{"Est. reading time":"1 minute"},"schema":{"@context":"https:\/\/schema.org","@graph":[{"@type":"WebSite","@id":"https:\/\/www.urlaubcornwall.de\/blog\/#website","url":"https:\/\/www.urlaubcornwall.de\/blog\/","name":"Urlaub &amp; Reisen","description":"Urlaub, Reisen, Cornwall und S\u00fcdengland: eine perfekte Kombination","potentialAction":[{"@type":"SearchAction","target":{"@type":"EntryPoint","urlTemplate":"https:\/\/www.urlaubcornwall.de\/blog\/?s={search_term_string}"},"query-input":"required name=search_term_string"}],"inLanguage":"en-US"},{"@type":"WebPage","@id":"https:\/\/www.urlaubcornwall.de\/blog\/beliebte-urlaubsorte-ferienhaeuser-und-ferienwohnungen-dorset\/","url":"https:\/\/www.urlaubcornwall.de\/blog\/beliebte-urlaubsorte-ferienhaeuser-und-ferienwohnungen-dorset\/","name":"Beliebte Urlaubsorte \u2013 Ferienh\u00e4user in Dorset - Urlaub &amp; Reisen","isPartOf":{"@id":"https:\/\/www.urlaubcornwall.de\/blog\/#website"},"datePublished":"2013-12-10T14:11:29+00:00","dateModified":"2024-04-15T09:57:02+00:00","breadcrumb":{"@id":"https:\/\/www.urlaubcornwall.de\/blog\/beliebte-urlaubsorte-ferienhaeuser-und-ferienwohnungen-dorset\/#breadcrumb"},"inLanguage":"en-US","potentialAction":[{"@type":"ReadAction","target":["https:\/\/www.urlaubcornwall.de\/blog\/beliebte-urlaubsorte-ferienhaeuser-und-ferienwohnungen-dorset\/"]}]},{"@type":"BreadcrumbList","@id":"https:\/\/www.urlaubcornwall.de\/blog\/beliebte-urlaubsorte-ferienhaeuser-und-ferienwohnungen-dorset\/#breadcrumb","itemListElement":[{"@type":"ListItem","position":1,"name":"Home","item":"https:\/\/www.urlaubcornwall.de\/blog\/"},{"@type":"ListItem","position":2,"name":"Beliebte Urlaubsorte \u2013 Ferienh\u00e4user in Dorset"}]}]}},"_links":{"self":[{"href":"https:\/\/www.urlaubcornwall.de\/blog\/wp-json\/wp\/v2\/pages\/11746"}],"collection":[{"href":"https:\/\/www.urlaubcornwall.de\/blog\/wp-json\/wp\/v2\/pages"}],"about":[{"href":"https:\/\/www.urlaubcornwall.de\/blog\/wp-json\/wp\/v2\/types\/page"}],"author":[{"embeddable":true,"href":"https:\/\/www.urlaubcornwall.de\/blog\/wp-json\/wp\/v2\/users\/1"}],"replies":[{"embeddable":true,"href":"https:\/\/www.urlaubcornwall.de\/blog\/wp-json\/wp\/v2\/comments?post=11746"}],"version-history":[{"count":10,"href":"https:\/\/www.urlaubcornwall.de\/blog\/wp-json\/wp\/v2\/pages\/11746\/revisions"}],"predecessor-version":[{"id":49414,"href":"https:\/\/www.urlaubcornwall.de\/blog\/wp-json\/wp\/v2\/pages\/11746\/revisions\/49414"}],"wp:attachment":[{"href":"https:\/\/www.urlaubcornwall.de\/blog\/wp-json\/wp\/v2\/media?parent=11746"}],"curies":[{"name":"wp","href":"https:\/\/api.w.org\/{rel}","templated":true}]}}