{"id":11728,"date":"2013-12-10T14:05:12","date_gmt":"2013-12-10T14:05:12","guid":{"rendered":"https:\/\/www.urlaubcornwall.de\/blog\/?page_id=11728"},"modified":"2020-07-03T13:11:30","modified_gmt":"2020-07-03T13:11:30","slug":"beliebte-urlaubsorte-ferienhaeuser-und-ferienwohnungen-in-cornwall","status":"publish","type":"page","link":"https:\/\/www.urlaubcornwall.de\/blog\/beliebte-urlaubsorte-ferienhaeuser-und-ferienwohnungen-in-cornwall\/","title":{"rendered":"Beliebte Urlaubsorte &#8211; Ferienh\u00e4user und Ferienwohnungen in Cornwall"},"content":{"rendered":"<p><img loading=\"lazy\" class=\"aligncenter size-full wp-image-38137\" src=\"https:\/\/www.urlaubcornwall.de\/blog\/wp-content\/uploads\/2019\/04\/Charmante-D\u00f6rfer-cornwall.jpg\" alt=\"Charmante Ferienhaus cornwall\" width=\"749\" height=\"498\"\/><\/p>\n<p>Cornwall besitzt mehr K\u00fcstenlinien als jede andere Grafschaft und bietet einige der besten Str\u00e4nde, K\u00fcstenwanderwege und Klippenlandschaften, die man \u00fcberhaupt finden kann. Es ist das perfekte Urlaubsziel \u2013 suchen Sie sich also ein Ferienhaus mit Selbstverpflegung in Cornwall aus, wo es auch landeinw\u00e4rts viel zu entdecken gibt. Mit seinem \u00fcberaus milden Klima werden Sie sich fragen, ob Sie sich tats\u00e4chlich in England befinden. <\/p>\n<p style=\"text-align: center;\"><a class=\"tidycta\" href=\"https:\/\/www.urlaubcornwall.de\/ferienhaeuser-fewos\/cornwall.html\">Suche Ferienh\u00e4user am Meer<\/a><\/p>\n<table width=\"685\" border=\"0\" cellspacing=\"0\" cellpadding=\"0\">\n<colgroup>\n<col width=\"154\" \/>\n<col width=\"131\" \/>\n<col width=\"142\" \/>\n<col width=\"135\" \/>\n<col width=\"123\" \/> <\/colgroup>\n<tbody>\n<tr>\n<td width=\"154\" height=\"20\"><strong>A<\/strong><\/td>\n<td width=\"131\"><strong>F<\/strong><\/td>\n<td width=\"142\"><a href=\"http:\/\/www.urlaubcornwall.de\/ferienhaeuser-fewos\/looe.html\"><span style=\"text-decoration: underline;\">Looe<\/span><\/a><\/td>\n<td width=\"135\"><a href=\"http:\/\/www.urlaubcornwall.de\/ferienhaeuser-fewos\/port-gaverne.html\"><span style=\"text-decoration: underline;\">Port Gaverne<\/span><\/a><\/td>\n<td width=\"123\"><a href=\"http:\/\/www.urlaubcornwall.de\/ferienhaeuser-fewos\/st-ives-umgebung.html\"><span style=\"text-decoration: underline;\">St Ives<\/span><\/a><\/td>\n<\/tr>\n<tr>\n<td height=\"20\"><a href=\"http:\/\/www.urlaubcornwall.de\/ferienhaeuser-fewos\/altarnun.html\"><span style=\"text-decoration: underline;\">Altarnun<\/span><\/a><\/td>\n<td>\u00a0<a href=\"http:\/\/www.urlaubcornwall.de\/ferienhaeuser-fewos\/falmouth-umgebung.html\"><span style=\"text-decoration: underline;\">Falmouth<\/span><\/a><\/td>\n<td><a href=\"http:\/\/www.urlaubcornwall.de\/ferienhaeuser-fewos\/lostwithiel.html\"><span style=\"text-decoration: underline;\">Lostwithiel<\/span><\/a><\/td>\n<td><a href=\"http:\/\/www.urlaubcornwall.de\/ferienhaeuser-fewos\/port-isaac.html\"><span style=\"text-decoration: underline;\">Port Isaac<\/span><\/a><\/td>\n<td><a href=\"http:\/\/www.urlaubcornwall.de\/ferienhaeuser-fewos\/st-just.html\"><span style=\"text-decoration: underline;\">St Just<\/span><\/a><\/td>\n<\/tr>\n<tr>\n<td height=\"20\"><strong>B<\/strong><\/td>\n<td>\u00a0<a href=\"http:\/\/www.urlaubcornwall.de\/ferienhaeuser-fewos\/feock.html\"><span style=\"text-decoration: underline;\">Feock<\/span><\/a><\/td>\n<td><strong>M<\/strong><\/td>\n<td><a href=\"http:\/\/www.urlaubcornwall.de\/ferienhaeuser-fewos\/porthallow.html\"><span style=\"text-decoration: underline;\">Porthallow<\/span><\/a><\/td>\n<td><a href=\"http:\/\/www.urlaubcornwall.de\/ferienhaeuser-fewos\/st-just-in-roseland.html\"><span style=\"text-decoration: underline;\">St Just in Roseland<\/span><\/a><\/td>\n<\/tr>\n<tr>\n<td height=\"20\"><a href=\"http:\/\/www.urlaubcornwall.de\/ferienhaeuser-fewos\/blisland.html\"><span style=\"text-decoration: underline;\">Blisland<\/span><\/a><\/td>\n<td>\u00a0<a href=\"http:\/\/www.urlaubcornwall.de\/ferienhaeuser-fewos\/flushing.html\"><span style=\"text-decoration: underline;\">Flushing<\/span><\/a><\/td>\n<td><a href=\"http:\/\/www.urlaubcornwall.de\/ferienhaeuser-fewos\/maenporth.html\"><span style=\"text-decoration: underline;\">Maenporth Estate<\/span><\/a><\/td>\n<td><a href=\"http:\/\/www.urlaubcornwall.de\/ferienhaeuser-fewos\/porthcurno.html\"><span style=\"text-decoration: underline;\">Porthcurno<\/span><\/a><\/td>\n<td><a href=\"http:\/\/www.urlaubcornwall.de\/ferienhaeuser-fewos\/st-mawes.html\"><span style=\"text-decoration: underline;\">St Mawes<\/span><\/a><\/td>\n<\/tr>\n<tr>\n<td height=\"20\"><a href=\"http:\/\/www.urlaubcornwall.de\/ferienhaeuser-fewos\/bodmin.html\"><span style=\"text-decoration: underline;\">Bodmin<\/span><\/a><\/td>\n<td>\u00a0<a href=\"http:\/\/www.urlaubcornwall.de\/ferienhaeuser-fewos\/fowey.html\"><span style=\"text-decoration: underline;\">Fowey<\/span><\/a><\/td>\n<td><a href=\"http:\/\/www.urlaubcornwall.de\/ferienhaeuser-fewos\/marazion.html\"><span style=\"text-decoration: underline;\">Marazion<\/span><\/a><\/td>\n<td><a href=\"http:\/\/www.urlaubcornwall.de\/ferienhaeuser-fewos\/porthleven.html\"><span style=\"text-decoration: underline;\">Porthleven<\/span><\/a><\/td>\n<td><a href=\"http:\/\/www.urlaubcornwall.de\/ferienhaeuser-fewos\/st-neot.html\"><span style=\"text-decoration: underline;\">St Neot<\/span><\/a><\/td>\n<\/tr>\n<tr>\n<td height=\"20\"><a href=\"http:\/\/www.urlaubcornwall.de\/ferienhaeuser-fewos\/bodmin-moor-centre.html\"><span style=\"text-decoration: underline;\">Bodmin Moor (centre)<\/span><\/a><\/td>\n<td><strong>G<\/strong><\/td>\n<td><a href=\"http:\/\/www.urlaubcornwall.de\/ferienhaeuser-fewos\/marhamchurch.html\"><span style=\"text-decoration: underline;\">Marhamchurch<\/span><\/a><\/td>\n<td><a href=\"http:\/\/www.urlaubcornwall.de\/ferienhaeuser-fewos\/portreath.html\"><span style=\"text-decoration: underline;\">Portreath<\/span><\/a><\/td>\n<td><strong>T<\/strong><\/td>\n<\/tr>\n<tr>\n<td height=\"20\"><a href=\"http:\/\/www.urlaubcornwall.de\/ferienhaeuser-fewos\/boscastle.html\"><span style=\"text-decoration: underline;\">Boscastle<\/span><\/a><\/td>\n<td><a href=\"http:\/\/www.urlaubcornwall.de\/ferienhaeuser-fewos\/gorran-haven.html\"><span style=\"text-decoration: underline;\">Gorran Haven<\/span><\/a><\/td>\n<td><a href=\"http:\/\/www.urlaubcornwall.de\/ferienhaeuser-fewos\/mawnan-smith.html\"><span style=\"text-decoration: underline;\">Mawnan Smith<\/span><\/a><\/td>\n<td><a href=\"http:\/\/www.urlaubcornwall.de\/ferienhaeuser-fewos\/portscatho.html\"><span style=\"text-decoration: underline;\">Portscatho<\/span><\/a><\/td>\n<td><a href=\"http:\/\/www.urlaubcornwall.de\/ferienhaeuser-fewos\/lizard-halbinsel.html\"><span style=\"text-decoration: underline;\">The Lizard<\/span><\/a><\/td>\n<\/tr>\n<tr>\n<td height=\"20\"><a href=\"http:\/\/www.urlaubcornwall.de\/ferienhaeuser-fewos\/bude.html\"><span style=\"text-decoration: underline;\">Bude<\/span><\/a><\/td>\n<td><a href=\"http:\/\/www.urlaubcornwall.de\/ferienhaeuser-fewos\/gunwalloe.html\"><span style=\"text-decoration: underline;\">Gunwalloe<\/span><\/a><\/td>\n<td><a href=\"http:\/\/www.urlaubcornwall.de\/ferienhaeuser-fewos\/mevagissey.html\"><span style=\"text-decoration: underline;\">Mevagissey<\/span><\/a><\/td>\n<td><a href=\"http:\/\/www.urlaubcornwall.de\/ferienhaeuser-fewos\/praa-sands.html\"><span style=\"text-decoration: underline;\">Praa Sands<\/span><\/a><\/td>\n<td><a href=\"http:\/\/www.urlaubcornwall.de\/ferienhaeuser-fewos\/tintagel.html\"><span style=\"text-decoration: underline;\">Tintagel<\/span><\/a><\/td>\n<\/tr>\n<tr>\n<td height=\"20\"><strong>C<\/strong><\/td>\n<td><strong>H<\/strong><\/td>\n<td><a href=\"http:\/\/www.urlaubcornwall.de\/ferienhaeuser-fewos\/mousehole.html\"><span style=\"text-decoration: underline;\">Mousehole<\/span><\/a><\/td>\n<td><strong>R<\/strong><\/td>\n<td><a href=\"http:\/\/www.urlaubcornwall.de\/ferienhaeuser-fewos\/tregony.html\"><span style=\"text-decoration: underline;\">Tregony<\/span><\/a><\/td>\n<\/tr>\n<tr>\n<td height=\"20\"><a href=\"http:\/\/www.urlaubcornwall.de\/ferienhaeuser-fewos\/cadgwith.html\"><span style=\"text-decoration: underline;\">Cadgwith<\/span><\/a><\/td>\n<td><a href=\"http:\/\/www.urlaubcornwall.de\/ferienhaeuser-fewos\/hayle.html\"><span style=\"text-decoration: underline;\">Hayle<\/span><\/a><\/td>\n<td><a href=\"http:\/\/www.urlaubcornwall.de\/ferienhaeuser-fewos\/mullion.html\"><span style=\"text-decoration: underline;\">Mullion<\/span><\/a><\/td>\n<td><a href=\"http:\/\/www.urlaubcornwall.de\/ferienhaeuser-fewos\/rock.html\"><span style=\"text-decoration: underline;\">Rock<\/span><\/a><\/td>\n<td><a href=\"http:\/\/www.urlaubcornwall.de\/ferienhaeuser-fewos\/truro.html\"><span style=\"text-decoration: underline;\">Truro<\/span><\/a><\/td>\n<\/tr>\n<tr>\n<td height=\"20\"><a href=\"http:\/\/www.urlaubcornwall.de\/ferienhaeuser-fewos\/callington.html\"><span style=\"text-decoration: underline;\">Callington<\/span><\/a><\/td>\n<td><a href=\"http:\/\/www.urlaubcornwall.de\/ferienhaeuser-fewos\/helford.html\"><span style=\"text-decoration: underline;\">Helford<\/span><\/a><\/td>\n<td><strong>N<\/strong><\/td>\n<td><a href=\"http:\/\/www.urlaubcornwall.de\/ferienhaeuser-fewos\/roseland-halbinsel.html\"><span style=\"text-decoration: underline;\">Roseland Peninsula<\/span><\/a><\/td>\n<td><strong>V<\/strong><\/td>\n<\/tr>\n<tr>\n<td height=\"20\"><a href=\"http:\/\/www.urlaubcornwall.de\/ferienhaeuser-fewos\/calstock.html\"><span style=\"text-decoration: underline;\">Calstock<\/span><\/a><\/td>\n<td><a href=\"http:\/\/www.urlaubcornwall.de\/ferienhaeuser-fewos\/helston.html\"><span style=\"text-decoration: underline;\">Helston<\/span><\/a><\/td>\n<td><a href=\"http:\/\/www.urlaubcornwall.de\/ferienhaeuser-fewos\/newlyn.html\"><span style=\"text-decoration: underline;\">Newlyn<\/span><\/a><\/td>\n<td><strong>S<\/strong><\/td>\n<td><a href=\"http:\/\/www.urlaubcornwall.de\/ferienhaeuser-fewos\/veryan.html\"><span style=\"text-decoration: underline;\">Veryan<\/span><\/a><\/td>\n<\/tr>\n<tr>\n<td height=\"20\"><a href=\"http:\/\/www.urlaubcornwall.de\/ferienhaeuser-fewos\/camelford.html\"><span style=\"text-decoration: underline;\">Camelford<\/span><\/a><\/td>\n<td><strong>L<\/strong><\/td>\n<td><a href=\"http:\/\/www.urlaubcornwall.de\/ferienhaeuser-fewos\/newquay.html\"><span style=\"text-decoration: underline;\">Newquay<\/span><\/a><\/td>\n<td><span style=\"text-decoration: underline;\"><a href=\"http:\/\/www.urlaubcornwall.de\/ferienhaeuser-fewos\/sennen.html\">Sennen<\/a><\/span><\/td>\n<td><strong>W<\/strong><\/td>\n<\/tr>\n<tr>\n<td height=\"20\"><a href=\"http:\/\/www.urlaubcornwall.de\/ferienhaeuser-fewos\/carbis-bay.html\"><span style=\"text-decoration: underline;\">Carbis Bay<\/span><\/a><\/td>\n<td><a href=\"http:\/\/www.urlaubcornwall.de\/ferienhaeuser-fewos\/lamorna-cove.html\"><span style=\"text-decoration: underline;\">Lamorna Cove<\/span><\/a><\/td>\n<td><strong>P<\/strong><\/td>\n<td><span style=\"text-decoration: underline;\"><a href=\"http:\/\/www.urlaubcornwall.de\/ferienhaeuser-fewos\/st-agnes.html\">St Agnes<\/a><\/span><\/td>\n<td><a href=\"http:\/\/www.urlaubcornwall.de\/ferienhaeuser-fewos\/wadebridge.html\">Wadebridge<\/a><\/td>\n<\/tr>\n<tr>\n<td height=\"20\"><a href=\"http:\/\/www.urlaubcornwall.de\/ferienhaeuser-fewos\/carlyon-bay.html\"><span style=\"text-decoration: underline;\">Carlyon Bay<\/span><\/a><\/td>\n<td><a href=\"http:\/\/www.urlaubcornwall.de\/ferienhaeuser-fewos\/lands-end.html\"><span style=\"text-decoration: underline;\">Land&#8217;s End<\/span><\/a><\/td>\n<td><a href=\"http:\/\/www.urlaubcornwall.de\/ferienhaeuser-fewos\/padstow.html\"><span style=\"text-decoration: underline;\">Padstow<\/span><\/a><\/td>\n<td><span style=\"text-decoration: underline;\"><a href=\"http:\/\/www.urlaubcornwall.de\/ferienhaeuser-fewos\/st-austell.html\">St Austell<\/a><\/span><\/td>\n<td><a href=\"http:\/\/www.urlaubcornwall.de\/ferienhaeuser-fewos\/widemouth-bay.html\"><span style=\"text-decoration: underline;\">Widemouth Bay<\/span><\/a><\/td>\n<\/tr>\n<tr>\n<td height=\"20\"><a href=\"http:\/\/www.urlaubcornwall.de\/ferienhaeuser-fewos\/charlestown.html\"><span style=\"text-decoration: underline;\">Charlestown<\/span><\/a><\/td>\n<td><a href=\"http:\/\/www.urlaubcornwall.de\/ferienhaeuser-fewos\/launceston.html\"><span style=\"text-decoration: underline;\">Launceston<\/span><\/a><\/td>\n<td><a href=\"http:\/\/www.urlaubcornwall.de\/ferienhaeuser-fewos\/penzance.html\"><span style=\"text-decoration: underline;\">Penzance<\/span><\/a><\/td>\n<td><span style=\"text-decoration: underline;\"><a href=\"http:\/\/www.urlaubcornwall.de\/ferienhaeuser-fewos\/st-cleer.html\">St Cleer<\/a><\/span><\/td>\n<td><strong>Z<\/strong><\/td>\n<\/tr>\n<tr>\n<td height=\"20\"><a href=\"http:\/\/www.urlaubcornwall.de\/ferienhaeuser-fewos\/coverack.html\"><span style=\"text-decoration: underline;\">Coverack<\/span><\/a><\/td>\n<td><a href=\"http:\/\/www.urlaubcornwall.de\/ferienhaeuser-fewos\/lerryn.html\"><span style=\"text-decoration: underline;\">Lerryn<\/span><\/a><\/td>\n<td><a href=\"http:\/\/www.urlaubcornwall.de\/ferienhaeuser-fewos\/polperro.html\"><span style=\"text-decoration: underline;\">Polperro<\/span><\/a><\/td>\n<td><span style=\"text-decoration: underline;\"><a href=\"http:\/\/www.urlaubcornwall.de\/ferienhaeuser-fewos\/st-issey.html\">St Issey<\/a><\/span><\/td>\n<td><a href=\"http:\/\/www.urlaubcornwall.de\/ferienhaeuser-fewos\/zennor.html\"><span style=\"text-decoration: underline;\">Zennor<\/span><\/a><\/td>\n<\/tr>\n<tr>\n<td height=\"20\"><a href=\"http:\/\/www.urlaubcornwall.de\/ferienhaeuser-fewos\/crantock.html\"><span style=\"text-decoration: underline;\">Crantock<\/span><\/a><\/td>\n<td><a href=\"http:\/\/www.urlaubcornwall.de\/ferienhaeuser-fewos\/liskeard.html\"><span style=\"text-decoration: underline;\">Liskeard<\/span><\/a><\/td>\n<td><a href=\"http:\/\/www.urlaubcornwall.de\/ferienhaeuser-fewos\/polzeath.html\"><span style=\"text-decoration: underline;\">Polzeath<\/span><\/a><\/td>\n<td><\/td>\n<td><\/td>\n<\/tr>\n<\/tbody>\n<\/table>\n","protected":false},"excerpt":{"rendered":"<p>Cornwall besitzt mehr K\u00fcstenlinien als jede andere Grafschaft und bietet einige der besten Str\u00e4nde, K\u00fcstenwanderwege und Klippenlandschaften, die man \u00fcberhaupt finden kann. Es ist das perfekte Urlaubsziel \u2013 suchen Sie sich also ein Ferienhaus mit Selbstverpflegung in Cornwall aus, wo es auch landeinw\u00e4rts viel zu entdecken gibt. Mit seinem \u00fcberaus milden Klima werden Sie sich [&hellip;]<\/p>\n","protected":false},"author":1,"featured_media":0,"parent":0,"menu_order":0,"comment_status":"closed","ping_status":"closed","template":"single-four.php","meta":[],"acf":[],"yoast_head":"<!-- This site is optimized with the Yoast SEO plugin v19.4 - https:\/\/yoast.com\/wordpress\/plugins\/seo\/ -->\n<title>Beliebte Urlaubsorte - Ferienh\u00e4user und Ferienwohnungen in Cornwall - Urlaub &amp; Reisen<\/title>\n<meta name=\"robots\" content=\"index, follow, max-snippet:-1, max-image-preview:large, max-video-preview:-1\" \/>\n<link rel=\"canonical\" href=\"https:\/\/www.urlaubcornwall.de\/blog\/beliebte-urlaubsorte-ferienhaeuser-und-ferienwohnungen-in-cornwall\/\" \/>\n<meta property=\"og:locale\" content=\"en_US\" \/>\n<meta property=\"og:type\" content=\"article\" \/>\n<meta property=\"og:title\" content=\"Beliebte Urlaubsorte - Ferienh\u00e4user und Ferienwohnungen in Cornwall - Urlaub &amp; Reisen\" \/>\n<meta property=\"og:description\" content=\"Cornwall besitzt mehr K\u00fcstenlinien als jede andere Grafschaft und bietet einige der besten Str\u00e4nde, K\u00fcstenwanderwege und Klippenlandschaften, die man \u00fcberhaupt finden kann. Es ist das perfekte Urlaubsziel \u2013 suchen Sie sich also ein Ferienhaus mit Selbstverpflegung in Cornwall aus, wo es auch landeinw\u00e4rts viel zu entdecken gibt. Mit seinem \u00fcberaus milden Klima werden Sie sich [&hellip;]\" \/>\n<meta property=\"og:url\" content=\"https:\/\/www.urlaubcornwall.de\/blog\/beliebte-urlaubsorte-ferienhaeuser-und-ferienwohnungen-in-cornwall\/\" \/>\n<meta property=\"og:site_name\" content=\"Urlaub &amp; Reisen\" \/>\n<meta property=\"article:modified_time\" content=\"2020-07-03T13:11:30+00:00\" \/>\n<meta property=\"og:image\" content=\"https:\/\/www.urlaubcornwall.de\/blog\/wp-content\/uploads\/2019\/04\/Charmante-D\u00f6rfer-cornwall.jpg\" \/>\n<meta name=\"twitter:card\" content=\"summary\" \/>\n<meta name=\"twitter:label1\" content=\"Est. reading time\" \/>\n\t<meta name=\"twitter:data1\" content=\"1 minute\" \/>\n<script type=\"application\/ld+json\" class=\"yoast-schema-graph\">{\"@context\":\"https:\/\/schema.org\",\"@graph\":[{\"@type\":\"WebSite\",\"@id\":\"https:\/\/www.urlaubcornwall.de\/blog\/#website\",\"url\":\"https:\/\/www.urlaubcornwall.de\/blog\/\",\"name\":\"Urlaub &amp; Reisen\",\"description\":\"Urlaub, Reisen, Cornwall und S\u00fcdengland: eine perfekte Kombination\",\"potentialAction\":[{\"@type\":\"SearchAction\",\"target\":{\"@type\":\"EntryPoint\",\"urlTemplate\":\"https:\/\/www.urlaubcornwall.de\/blog\/?s={search_term_string}\"},\"query-input\":\"required name=search_term_string\"}],\"inLanguage\":\"en-US\"},{\"@type\":\"WebPage\",\"@id\":\"https:\/\/www.urlaubcornwall.de\/blog\/beliebte-urlaubsorte-ferienhaeuser-und-ferienwohnungen-in-cornwall\/\",\"url\":\"https:\/\/www.urlaubcornwall.de\/blog\/beliebte-urlaubsorte-ferienhaeuser-und-ferienwohnungen-in-cornwall\/\",\"name\":\"Beliebte Urlaubsorte - Ferienh\u00e4user und Ferienwohnungen in Cornwall - Urlaub &amp; Reisen\",\"isPartOf\":{\"@id\":\"https:\/\/www.urlaubcornwall.de\/blog\/#website\"},\"datePublished\":\"2013-12-10T14:05:12+00:00\",\"dateModified\":\"2020-07-03T13:11:30+00:00\",\"breadcrumb\":{\"@id\":\"https:\/\/www.urlaubcornwall.de\/blog\/beliebte-urlaubsorte-ferienhaeuser-und-ferienwohnungen-in-cornwall\/#breadcrumb\"},\"inLanguage\":\"en-US\",\"potentialAction\":[{\"@type\":\"ReadAction\",\"target\":[\"https:\/\/www.urlaubcornwall.de\/blog\/beliebte-urlaubsorte-ferienhaeuser-und-ferienwohnungen-in-cornwall\/\"]}]},{\"@type\":\"BreadcrumbList\",\"@id\":\"https:\/\/www.urlaubcornwall.de\/blog\/beliebte-urlaubsorte-ferienhaeuser-und-ferienwohnungen-in-cornwall\/#breadcrumb\",\"itemListElement\":[{\"@type\":\"ListItem\",\"position\":1,\"name\":\"Home\",\"item\":\"https:\/\/www.urlaubcornwall.de\/blog\/\"},{\"@type\":\"ListItem\",\"position\":2,\"name\":\"Beliebte Urlaubsorte &#8211; Ferienh\u00e4user und Ferienwohnungen in Cornwall\"}]}]}<\/script>\n<!-- \/ Yoast SEO plugin. -->","yoast_head_json":{"title":"Beliebte Urlaubsorte - Ferienh\u00e4user und Ferienwohnungen in Cornwall - Urlaub &amp; Reisen","robots":{"index":"index","follow":"follow","max-snippet":"max-snippet:-1","max-image-preview":"max-image-preview:large","max-video-preview":"max-video-preview:-1"},"canonical":"https:\/\/www.urlaubcornwall.de\/blog\/beliebte-urlaubsorte-ferienhaeuser-und-ferienwohnungen-in-cornwall\/","og_locale":"en_US","og_type":"article","og_title":"Beliebte Urlaubsorte - Ferienh\u00e4user und Ferienwohnungen in Cornwall - Urlaub &amp; Reisen","og_description":"Cornwall besitzt mehr K\u00fcstenlinien als jede andere Grafschaft und bietet einige der besten Str\u00e4nde, K\u00fcstenwanderwege und Klippenlandschaften, die man \u00fcberhaupt finden kann. Es ist das perfekte Urlaubsziel \u2013 suchen Sie sich also ein Ferienhaus mit Selbstverpflegung in Cornwall aus, wo es auch landeinw\u00e4rts viel zu entdecken gibt. Mit seinem \u00fcberaus milden Klima werden Sie sich [&hellip;]","og_url":"https:\/\/www.urlaubcornwall.de\/blog\/beliebte-urlaubsorte-ferienhaeuser-und-ferienwohnungen-in-cornwall\/","og_site_name":"Urlaub &amp; Reisen","article_modified_time":"2020-07-03T13:11:30+00:00","og_image":[{"url":"https:\/\/www.urlaubcornwall.de\/blog\/wp-content\/uploads\/2019\/04\/Charmante-D\u00f6rfer-cornwall.jpg"}],"twitter_card":"summary","twitter_misc":{"Est. reading time":"1 minute"},"schema":{"@context":"https:\/\/schema.org","@graph":[{"@type":"WebSite","@id":"https:\/\/www.urlaubcornwall.de\/blog\/#website","url":"https:\/\/www.urlaubcornwall.de\/blog\/","name":"Urlaub &amp; Reisen","description":"Urlaub, Reisen, Cornwall und S\u00fcdengland: eine perfekte Kombination","potentialAction":[{"@type":"SearchAction","target":{"@type":"EntryPoint","urlTemplate":"https:\/\/www.urlaubcornwall.de\/blog\/?s={search_term_string}"},"query-input":"required name=search_term_string"}],"inLanguage":"en-US"},{"@type":"WebPage","@id":"https:\/\/www.urlaubcornwall.de\/blog\/beliebte-urlaubsorte-ferienhaeuser-und-ferienwohnungen-in-cornwall\/","url":"https:\/\/www.urlaubcornwall.de\/blog\/beliebte-urlaubsorte-ferienhaeuser-und-ferienwohnungen-in-cornwall\/","name":"Beliebte Urlaubsorte - Ferienh\u00e4user und Ferienwohnungen in Cornwall - Urlaub &amp; Reisen","isPartOf":{"@id":"https:\/\/www.urlaubcornwall.de\/blog\/#website"},"datePublished":"2013-12-10T14:05:12+00:00","dateModified":"2020-07-03T13:11:30+00:00","breadcrumb":{"@id":"https:\/\/www.urlaubcornwall.de\/blog\/beliebte-urlaubsorte-ferienhaeuser-und-ferienwohnungen-in-cornwall\/#breadcrumb"},"inLanguage":"en-US","potentialAction":[{"@type":"ReadAction","target":["https:\/\/www.urlaubcornwall.de\/blog\/beliebte-urlaubsorte-ferienhaeuser-und-ferienwohnungen-in-cornwall\/"]}]},{"@type":"BreadcrumbList","@id":"https:\/\/www.urlaubcornwall.de\/blog\/beliebte-urlaubsorte-ferienhaeuser-und-ferienwohnungen-in-cornwall\/#breadcrumb","itemListElement":[{"@type":"ListItem","position":1,"name":"Home","item":"https:\/\/www.urlaubcornwall.de\/blog\/"},{"@type":"ListItem","position":2,"name":"Beliebte Urlaubsorte &#8211; Ferienh\u00e4user und Ferienwohnungen in Cornwall"}]}]}},"_links":{"self":[{"href":"https:\/\/www.urlaubcornwall.de\/blog\/wp-json\/wp\/v2\/pages\/11728"}],"collection":[{"href":"https:\/\/www.urlaubcornwall.de\/blog\/wp-json\/wp\/v2\/pages"}],"about":[{"href":"https:\/\/www.urlaubcornwall.de\/blog\/wp-json\/wp\/v2\/types\/page"}],"author":[{"embeddable":true,"href":"https:\/\/www.urlaubcornwall.de\/blog\/wp-json\/wp\/v2\/users\/1"}],"replies":[{"embeddable":true,"href":"https:\/\/www.urlaubcornwall.de\/blog\/wp-json\/wp\/v2\/comments?post=11728"}],"version-history":[{"count":18,"href":"https:\/\/www.urlaubcornwall.de\/blog\/wp-json\/wp\/v2\/pages\/11728\/revisions"}],"predecessor-version":[{"id":40494,"href":"https:\/\/www.urlaubcornwall.de\/blog\/wp-json\/wp\/v2\/pages\/11728\/revisions\/40494"}],"wp:attachment":[{"href":"https:\/\/www.urlaubcornwall.de\/blog\/wp-json\/wp\/v2\/media?parent=11728"}],"curies":[{"name":"wp","href":"https:\/\/api.w.org\/{rel}","templated":true}]}}