{"id":11501,"date":"2013-11-17T15:29:11","date_gmt":"2013-11-17T15:29:11","guid":{"rendered":"https:\/\/www.urlaubcornwall.de\/blog\/?page_id=11501"},"modified":"2019-01-29T15:39:55","modified_gmt":"2019-01-29T15:39:55","slug":"luxusurlaub-mit-kindern-das-fowey-hall-hotel-an-der-suedkueste-von-cornwall-bietet-die-perfekte-kombination-aus-familienfreundlichen-einrichtungen-und-modernem-luxus","status":"publish","type":"page","link":"https:\/\/www.urlaubcornwall.de\/blog\/luxusurlaub-mit-kindern-das-fowey-hall-hotel-an-der-suedkueste-von-cornwall-bietet-die-perfekte-kombination-aus-familienfreundlichen-einrichtungen-und-modernem-luxus\/","title":{"rendered":"Das Fowey Hall Hotel an der S\u00fcdk\u00fcste von Cornwall."},"content":{"rendered":"<p><strong>Unsere Bewertung<\/strong> &#8211; Luxusurlaub mit Kindern?  Bietet die perfekte Kombination aus familienfreundlichen Einrichtungen und modernem Luxus.<\/p>\n<p>UrlaubCornwall hat das <strong><a href=\"https:\/\/www.booking.com\/hotel\/gb\/fowey-hall-a-luxury-family.en.html?aid=1320750&amp;no_rooms=1&amp;group_adults=2&amp;room1=A%2CA\" rel=\"nofollow\">Fowey Hall Hotel<\/a><\/strong> an einem sch\u00f6nen, sonnigen Tag besucht und dabei den herrlichen Seeblick und einen Spaziergang um den gro\u00dfen, gut gepflegten Garten genossen. Es wird allgemein angenommen, dass dieses geschichtstr\u00e4chtige, viktorianische Herrenhaus die Inspiration f\u00fcr Schloss Toad Hall aus dem klassischen Kinderbuch \u201eDer Wind in den Weiden\u201d von Kenneth Grahame vom Anfang des 20. Jahrhunderts bildete. Auch heute mutet dieses wundersch\u00f6ne Geb\u00e4ude noch m\u00e4rchenhaft an und es ist offensichtlich, dass sich Kinder und Erwachsene hier gleicherma\u00dfen pudelwohl f\u00fchlen.<\/p>\n<p>Kleinkindern wird sogar ein kostenfreier hoteleigener Kindergarten geboten und die \u00e4lteren Kinder und Jugendlichen haben in Spiel- und Kinor\u00e4umen viel Spa\u00df \u2013 und die Eltern k\u00f6nnen sich herrlich im 12m Hallenbad mit Whirpool und Wellness-Komplex entspannen. Die Pool- und Wellnesseinrichtungen befinden sich in einem netten Nebengeb\u00e4ude in der N\u00e4he des Haupthauses, hier k\u00f6nnen G\u00e4ste allen Alters eine Atempause finden. Es werden lockere Bistro-Speise-Optionen f\u00fcr die ganze Familie geboten, und wenn sich Eltern und Paare mal eine Ruhepause g\u00f6nnen wollen, gibt es auch ein Fine Dining Restaurant f\u00fcr ein Dinner-for-two. Die preisgekr\u00f6nten Men\u00fcs werden aus \u00f6rtlichen Zutaten von Land und Meer bereitet und im Hanson\u2019s Speisesaal serviert, einem beeindruckenden, holzvert\u00e4felten Saal mit Blick \u00fcber den Garten.<\/p>\n<p>Das Fowey Hotel eignet sich hervorragend zu einem entspannenden Urlaub in S\u00fcd-Cornwall oder auch nur zu einem Zwischenstopp bei einem Ausflug in diesen herrlichen Teil von S\u00fcdengland, wenn Sie zum Beispiel die nahegelegenen Sehensw\u00fcrdigkeiten wie das Eden Project oder die <a href=\"https:\/\/www.urlaubcornwall.de\/blog\/die-lost-gardens-of-heligan-ein-muss-unter-den-kornischen-gaerten\/\">Lost Gardens of Heligan<\/a> besuchen wollen.<\/p>\n<p><strong>Zimmer <\/strong> &#8211; Es gibt insgesamt 36 Zimmer, darunter Familienzimmer, Verbindungszimmer f\u00fcr Familien bis zu sechs Personen, und Familien-Suiten f\u00fcr bis zu f\u00fcnf Personen. Die individuell ausgestatteten Hotelzimmer spiegeln die Geschichte des beeindruckenden Geb\u00e4udes wieder, das von einem Holzh\u00e4ndler erbaut wurde, der sein Verm\u00f6gen in Kanada gemacht hatte. Und nat\u00fcrlich kommt auch der moderne Luxus nicht zu kurz.<\/p>\n<p style=\"text-align: center;\"><a class=\"tidycta\" href=\"https:\/\/www.booking.com\/hotel\/gb\/fowey-hall-a-luxury-family.en.html?aid=1320750&amp;no_rooms=1&amp;group_adults=2&amp;room1=A%2CA\" rel=\"nofollow\"><strong>Verf\u00fcgbarkeit pr\u00fcfen &amp; Buchung<\/strong><\/a><\/p>\n<p style=\"text-align: center;\"><b>Klicken Sie <\/b><strong>hie<\/strong>r<b>, um sich unser vollst\u00e4ndiges Angebot der besten <a href=\"https:\/\/www.urlaubcornwall.de\/hotels.php\">Hotels in Cornwall&gt;&gt;<\/a><\/b><\/p>\n","protected":false},"excerpt":{"rendered":"<p>Unsere Bewertung &#8211; Luxusurlaub mit Kindern? Bietet die perfekte Kombination aus familienfreundlichen Einrichtungen und modernem Luxus. UrlaubCornwall hat das Fowey Hall Hotel an einem sch\u00f6nen, sonnigen Tag besucht und dabei den herrlichen Seeblick und einen Spaziergang um den gro\u00dfen, gut gepflegten Garten genossen. Es wird allgemein angenommen, dass dieses geschichtstr\u00e4chtige, viktorianische Herrenhaus die Inspiration f\u00fcr [&hellip;]<\/p>\n","protected":false},"author":1,"featured_media":0,"parent":0,"menu_order":0,"comment_status":"closed","ping_status":"closed","template":"single-two.php","meta":[],"acf":[],"yoast_head":"<!-- This site is optimized with the Yoast SEO plugin v19.4 - https:\/\/yoast.com\/wordpress\/plugins\/seo\/ -->\n<title>Das Fowey Hall Hotel an der S\u00fcdk\u00fcste von Cornwall. - Urlaub &amp; Reisen<\/title>\n<meta name=\"robots\" content=\"index, follow, max-snippet:-1, max-image-preview:large, max-video-preview:-1\" \/>\n<link rel=\"canonical\" href=\"https:\/\/www.urlaubcornwall.de\/blog\/luxusurlaub-mit-kindern-das-fowey-hall-hotel-an-der-suedkueste-von-cornwall-bietet-die-perfekte-kombination-aus-familienfreundlichen-einrichtungen-und-modernem-luxus\/\" \/>\n<meta property=\"og:locale\" content=\"en_US\" \/>\n<meta property=\"og:type\" content=\"article\" \/>\n<meta property=\"og:title\" content=\"Das Fowey Hall Hotel an der S\u00fcdk\u00fcste von Cornwall. - Urlaub &amp; Reisen\" \/>\n<meta property=\"og:description\" content=\"Unsere Bewertung &#8211; Luxusurlaub mit Kindern? Bietet die perfekte Kombination aus familienfreundlichen Einrichtungen und modernem Luxus. UrlaubCornwall hat das Fowey Hall Hotel an einem sch\u00f6nen, sonnigen Tag besucht und dabei den herrlichen Seeblick und einen Spaziergang um den gro\u00dfen, gut gepflegten Garten genossen. Es wird allgemein angenommen, dass dieses geschichtstr\u00e4chtige, viktorianische Herrenhaus die Inspiration f\u00fcr [&hellip;]\" \/>\n<meta property=\"og:url\" content=\"https:\/\/www.urlaubcornwall.de\/blog\/luxusurlaub-mit-kindern-das-fowey-hall-hotel-an-der-suedkueste-von-cornwall-bietet-die-perfekte-kombination-aus-familienfreundlichen-einrichtungen-und-modernem-luxus\/\" \/>\n<meta property=\"og:site_name\" content=\"Urlaub &amp; Reisen\" \/>\n<meta property=\"article:modified_time\" content=\"2019-01-29T15:39:55+00:00\" \/>\n<meta name=\"twitter:card\" content=\"summary\" \/>\n<meta name=\"twitter:label1\" content=\"Est. reading time\" \/>\n\t<meta name=\"twitter:data1\" content=\"2 minutes\" \/>\n<script type=\"application\/ld+json\" class=\"yoast-schema-graph\">{\"@context\":\"https:\/\/schema.org\",\"@graph\":[{\"@type\":\"WebSite\",\"@id\":\"https:\/\/www.urlaubcornwall.de\/blog\/#website\",\"url\":\"https:\/\/www.urlaubcornwall.de\/blog\/\",\"name\":\"Urlaub &amp; Reisen\",\"description\":\"Urlaub, Reisen, Cornwall und S\u00fcdengland: eine perfekte Kombination\",\"potentialAction\":[{\"@type\":\"SearchAction\",\"target\":{\"@type\":\"EntryPoint\",\"urlTemplate\":\"https:\/\/www.urlaubcornwall.de\/blog\/?s={search_term_string}\"},\"query-input\":\"required name=search_term_string\"}],\"inLanguage\":\"en-US\"},{\"@type\":\"WebPage\",\"@id\":\"https:\/\/www.urlaubcornwall.de\/blog\/luxusurlaub-mit-kindern-das-fowey-hall-hotel-an-der-suedkueste-von-cornwall-bietet-die-perfekte-kombination-aus-familienfreundlichen-einrichtungen-und-modernem-luxus\/\",\"url\":\"https:\/\/www.urlaubcornwall.de\/blog\/luxusurlaub-mit-kindern-das-fowey-hall-hotel-an-der-suedkueste-von-cornwall-bietet-die-perfekte-kombination-aus-familienfreundlichen-einrichtungen-und-modernem-luxus\/\",\"name\":\"Das Fowey Hall Hotel an der S\u00fcdk\u00fcste von Cornwall. - Urlaub &amp; Reisen\",\"isPartOf\":{\"@id\":\"https:\/\/www.urlaubcornwall.de\/blog\/#website\"},\"datePublished\":\"2013-11-17T15:29:11+00:00\",\"dateModified\":\"2019-01-29T15:39:55+00:00\",\"breadcrumb\":{\"@id\":\"https:\/\/www.urlaubcornwall.de\/blog\/luxusurlaub-mit-kindern-das-fowey-hall-hotel-an-der-suedkueste-von-cornwall-bietet-die-perfekte-kombination-aus-familienfreundlichen-einrichtungen-und-modernem-luxus\/#breadcrumb\"},\"inLanguage\":\"en-US\",\"potentialAction\":[{\"@type\":\"ReadAction\",\"target\":[\"https:\/\/www.urlaubcornwall.de\/blog\/luxusurlaub-mit-kindern-das-fowey-hall-hotel-an-der-suedkueste-von-cornwall-bietet-die-perfekte-kombination-aus-familienfreundlichen-einrichtungen-und-modernem-luxus\/\"]}]},{\"@type\":\"BreadcrumbList\",\"@id\":\"https:\/\/www.urlaubcornwall.de\/blog\/luxusurlaub-mit-kindern-das-fowey-hall-hotel-an-der-suedkueste-von-cornwall-bietet-die-perfekte-kombination-aus-familienfreundlichen-einrichtungen-und-modernem-luxus\/#breadcrumb\",\"itemListElement\":[{\"@type\":\"ListItem\",\"position\":1,\"name\":\"Home\",\"item\":\"https:\/\/www.urlaubcornwall.de\/blog\/\"},{\"@type\":\"ListItem\",\"position\":2,\"name\":\"Das Fowey Hall Hotel an der S\u00fcdk\u00fcste von Cornwall.\"}]}]}<\/script>\n<!-- \/ Yoast SEO plugin. -->","yoast_head_json":{"title":"Das Fowey Hall Hotel an der S\u00fcdk\u00fcste von Cornwall. - Urlaub &amp; Reisen","robots":{"index":"index","follow":"follow","max-snippet":"max-snippet:-1","max-image-preview":"max-image-preview:large","max-video-preview":"max-video-preview:-1"},"canonical":"https:\/\/www.urlaubcornwall.de\/blog\/luxusurlaub-mit-kindern-das-fowey-hall-hotel-an-der-suedkueste-von-cornwall-bietet-die-perfekte-kombination-aus-familienfreundlichen-einrichtungen-und-modernem-luxus\/","og_locale":"en_US","og_type":"article","og_title":"Das Fowey Hall Hotel an der S\u00fcdk\u00fcste von Cornwall. - Urlaub &amp; Reisen","og_description":"Unsere Bewertung &#8211; Luxusurlaub mit Kindern? Bietet die perfekte Kombination aus familienfreundlichen Einrichtungen und modernem Luxus. UrlaubCornwall hat das Fowey Hall Hotel an einem sch\u00f6nen, sonnigen Tag besucht und dabei den herrlichen Seeblick und einen Spaziergang um den gro\u00dfen, gut gepflegten Garten genossen. Es wird allgemein angenommen, dass dieses geschichtstr\u00e4chtige, viktorianische Herrenhaus die Inspiration f\u00fcr [&hellip;]","og_url":"https:\/\/www.urlaubcornwall.de\/blog\/luxusurlaub-mit-kindern-das-fowey-hall-hotel-an-der-suedkueste-von-cornwall-bietet-die-perfekte-kombination-aus-familienfreundlichen-einrichtungen-und-modernem-luxus\/","og_site_name":"Urlaub &amp; Reisen","article_modified_time":"2019-01-29T15:39:55+00:00","twitter_card":"summary","twitter_misc":{"Est. reading time":"2 minutes"},"schema":{"@context":"https:\/\/schema.org","@graph":[{"@type":"WebSite","@id":"https:\/\/www.urlaubcornwall.de\/blog\/#website","url":"https:\/\/www.urlaubcornwall.de\/blog\/","name":"Urlaub &amp; Reisen","description":"Urlaub, Reisen, Cornwall und S\u00fcdengland: eine perfekte Kombination","potentialAction":[{"@type":"SearchAction","target":{"@type":"EntryPoint","urlTemplate":"https:\/\/www.urlaubcornwall.de\/blog\/?s={search_term_string}"},"query-input":"required name=search_term_string"}],"inLanguage":"en-US"},{"@type":"WebPage","@id":"https:\/\/www.urlaubcornwall.de\/blog\/luxusurlaub-mit-kindern-das-fowey-hall-hotel-an-der-suedkueste-von-cornwall-bietet-die-perfekte-kombination-aus-familienfreundlichen-einrichtungen-und-modernem-luxus\/","url":"https:\/\/www.urlaubcornwall.de\/blog\/luxusurlaub-mit-kindern-das-fowey-hall-hotel-an-der-suedkueste-von-cornwall-bietet-die-perfekte-kombination-aus-familienfreundlichen-einrichtungen-und-modernem-luxus\/","name":"Das Fowey Hall Hotel an der S\u00fcdk\u00fcste von Cornwall. - Urlaub &amp; Reisen","isPartOf":{"@id":"https:\/\/www.urlaubcornwall.de\/blog\/#website"},"datePublished":"2013-11-17T15:29:11+00:00","dateModified":"2019-01-29T15:39:55+00:00","breadcrumb":{"@id":"https:\/\/www.urlaubcornwall.de\/blog\/luxusurlaub-mit-kindern-das-fowey-hall-hotel-an-der-suedkueste-von-cornwall-bietet-die-perfekte-kombination-aus-familienfreundlichen-einrichtungen-und-modernem-luxus\/#breadcrumb"},"inLanguage":"en-US","potentialAction":[{"@type":"ReadAction","target":["https:\/\/www.urlaubcornwall.de\/blog\/luxusurlaub-mit-kindern-das-fowey-hall-hotel-an-der-suedkueste-von-cornwall-bietet-die-perfekte-kombination-aus-familienfreundlichen-einrichtungen-und-modernem-luxus\/"]}]},{"@type":"BreadcrumbList","@id":"https:\/\/www.urlaubcornwall.de\/blog\/luxusurlaub-mit-kindern-das-fowey-hall-hotel-an-der-suedkueste-von-cornwall-bietet-die-perfekte-kombination-aus-familienfreundlichen-einrichtungen-und-modernem-luxus\/#breadcrumb","itemListElement":[{"@type":"ListItem","position":1,"name":"Home","item":"https:\/\/www.urlaubcornwall.de\/blog\/"},{"@type":"ListItem","position":2,"name":"Das Fowey Hall Hotel an der S\u00fcdk\u00fcste von Cornwall."}]}]}},"_links":{"self":[{"href":"https:\/\/www.urlaubcornwall.de\/blog\/wp-json\/wp\/v2\/pages\/11501"}],"collection":[{"href":"https:\/\/www.urlaubcornwall.de\/blog\/wp-json\/wp\/v2\/pages"}],"about":[{"href":"https:\/\/www.urlaubcornwall.de\/blog\/wp-json\/wp\/v2\/types\/page"}],"author":[{"embeddable":true,"href":"https:\/\/www.urlaubcornwall.de\/blog\/wp-json\/wp\/v2\/users\/1"}],"replies":[{"embeddable":true,"href":"https:\/\/www.urlaubcornwall.de\/blog\/wp-json\/wp\/v2\/comments?post=11501"}],"version-history":[{"count":16,"href":"https:\/\/www.urlaubcornwall.de\/blog\/wp-json\/wp\/v2\/pages\/11501\/revisions"}],"predecessor-version":[{"id":35493,"href":"https:\/\/www.urlaubcornwall.de\/blog\/wp-json\/wp\/v2\/pages\/11501\/revisions\/35493"}],"wp:attachment":[{"href":"https:\/\/www.urlaubcornwall.de\/blog\/wp-json\/wp\/v2\/media?parent=11501"}],"curies":[{"name":"wp","href":"https:\/\/api.w.org\/{rel}","templated":true}]}}