{"id":11461,"date":"2013-11-12T12:12:36","date_gmt":"2013-11-12T12:12:36","guid":{"rendered":"https:\/\/www.urlaubcornwall.de\/blog\/?page_id=11461"},"modified":"2021-05-27T09:06:16","modified_gmt":"2021-05-27T09:06:16","slug":"glamping-camping-in-cornwall-und-devon-auf-die-andere-art","status":"publish","type":"page","link":"https:\/\/www.urlaubcornwall.de\/blog\/glamping-camping-in-cornwall-und-devon-auf-die-andere-art\/","title":{"rendered":"Glamping &#8211; Camping in Cornwall und Devon auf die andere Art"},"content":{"rendered":"<p>K\u00f6nnen Sie sich nicht so recht entscheiden, ob Sie lieber in freier Natur unter Sternenhimmel oder doch in luxuri\u00f6ser Umgebung \u00fcbernachten wollen? Dann ist \u201eGlamping\u201c, das neue Konzept des Luxus-Camping im S\u00fcdwesten Englands genau das Richtige f\u00fcr Sie. Genie\u00dfen Sie die Sch\u00f6nheit der Natur, und kuscheln Sie sich dann in ein bequemes Bett unter flauschiger Bettw\u00e4sche, und entspannen Sie sich in dem angenehmen Wissen, dass Ihnen flie\u00dfendes Wasser, eine hei\u00dfe Dusche, K\u00fchlschrank, Strom, privates Badezimmer und ein eigenes WC in n\u00e4chster N\u00e4he zur Verf\u00fcgung stehen.<\/p>\n<p><strong>Campingpl\u00e4tze in Cornwall<\/strong> <strong>und<\/strong> <strong>Campingpl\u00e4tze in Devon<\/strong><\/p>\n<p>Wer kann schon die Camping-Urlaube aus der Kindheit vergessen \u2013 die Freiheit, tags\u00fcber ungest\u00f6rt auf lange Entdeckungsreisen zu gehen, und dann abends am Lagerfeuer die W\u00fcrstchen am Spie\u00df zu braten und nachts Sternschuppen zu beobachten. Langeweile gab es keine, und diese Erlebnisse haben uns geformt. Irgendwie haben wir die unbequemen N\u00e4chte in zugigen Schlafs\u00e4cken und auf viel zu d\u00fcnnen Isomatten, die beengten Platzbedingungen und die n\u00e4chtlichen Pilgerschaften durch den Regen zu den Waschgelegenheiten v\u00f6llig aus der Erinnerung verdr\u00e4ngt!<\/p>\n<p>Mit Luxus-Camping wird alles anders \u2013 ein unvergesslicher Urlaub mit all den angenehmen Seiten des Camping, aber ohne die Schattenseiten. Unsere Glamping-Pl\u00e4tze sind modernst mit Privatdusche und WC ausgestattet\u2013 pures Luxus-Zelten. Bei unserem Partner <a href=\"http:\/\/www.urlaubcornwall.de\/ferienhaeuser-fewos\/camping-suedwest-england.html\"><span style=\"text-decoration: underline;\"><strong>Classic Camping finden Sie mehr heraus<\/strong><\/span>.<\/a><\/p>\n<p><strong>Glamping Cornwall, Devon, Dorset und Somerset<\/strong><br \/>\n<strong>Camping in Lamorna Cove, West Cornwall<\/strong><\/p>\n<table>\n<tbody>\n<tr>\n<td><img loading=\"lazy\" class=\"aligncenter size-full wp-image-7093\" style=\"border: 0pt none; padding: 0px;\" src=\"https:\/\/www.urlaubcornwall.de\/blog\/wp-content\/uploads\/2013\/11\/27040124.jpg\" alt=\"=glamping cornwall\" width=\"148\" height=\"118\"\/><\/td>\n<td>Nur einen Katzensprung von Lamorna Cove und eine kurze Fahrt von Mousehole und dem Minack Theatre entfernt bieten Lamorna Glamping Safari-Zelte den perfekten Camping-Luxus. Diese ger\u00e4umigen Safari-Zelte stehen am Rand eines etwa 3,2 Hektar gro\u00dfen Feldes in idyllischer Umgebung in Meeresn\u00e4he. Unvergesslich.\n<h3>&nbsp;<\/h3>\n<p><a href=\"https:\/\/www.urlaubcornwall.de\/ferienhaeuser-fewos\/cornwall-glamping.html\"><strong><span style=\"text-decoration: underline;\">Mehr Infos<\/span> &gt;&gt;<\/strong><\/a><\/p><\/td>\n<\/tr>\n<\/tbody>\n<\/table>\n<h3>&nbsp;<\/h3>\n<p><strong>Camping auf der Lizard Peninsula an der S\u00fcdk\u00fcste Cornwalls<\/strong><\/p>\n<table>\n<tbody>\n<tr>\n<td><img loading=\"lazy\" class=\"aligncenter size-full wp-image-7095\" style=\"border: 0pt none; padding: 0px;\" src=\"https:\/\/www.urlaubcornwall.de\/blog\/wp-content\/uploads\/2013\/11\/cx1090001.jpg\" alt=\"camping lizard halbinsel \" width=\"148\" height=\"118\"\/><\/td>\n<td>Glamping auf der Chymder Farm bietet Luxus-Camping vom Feinsten in hochklassigen Safarizelten, nur wenige Fahrtminuten von zwei herrlichen Str\u00e4nden und inmitten eines Gebiets au\u00dfergew\u00f6hnlicher Natursch\u00f6nheit gelegen. Hobie und Woody stehen auf einer etwa 2,8 Hektar gro\u00dfen Wiese. Sie verf\u00fcgen \u00fcber zwei Schlafzimmer und erf\u00fcllen die anspruchsvollsten Standards.\n<h3>&nbsp;<\/h3>\n<p><a href=\"https:\/\/www.urlaubcornwall.de\/ferienhaeuser-fewos\/cornwall-glamping.html\"><strong><span style=\"text-decoration: underline;\">Mehr Infos<\/span> &gt;&gt;<\/strong><\/a><\/p><\/td>\n<\/tr>\n<\/tbody>\n<\/table>\n<h3>&nbsp;<\/h3>\n<p><strong>Camping an der Nordk\u00fcste Cornwall<\/strong><\/p>\n<table>\n<tbody>\n<tr>\n<td><img loading=\"lazy\" class=\"aligncenter size-full wp-image-7094\" style=\"border: 0pt none; padding: 0px;\" src=\"https:\/\/www.urlaubcornwall.de\/blog\/wp-content\/uploads\/2013\/11\/26750101.jpg\" alt=\"Camping nordkueste cornwall\" width=\"148\" height=\"118\"\/><\/td>\n<td>Rivendell Glamping Pods sind Pods nach \u201eHobbitart\u201c \u2013 rundlich, niedlich, gem\u00fctlich und einmalig. Hier k\u00f6nnen Sie Luxus-Camping erleben, tags\u00fcber die weitreichende Aussicht \u00fcber das Tamar-Tal genie\u00dfen, und nachts den Sternenhimmel bewundern. In einem der Pods sind die Wohnbereiche untergebracht, der andere enth\u00e4lt die vollst\u00e4ndigen privaten Waschgelegenheiten.\n<h3>&nbsp;<\/h3>\n<p><a href=\"https:\/\/www.urlaubcornwall.de\/ferienhaeuser-fewos\/cornwall-glamping.html\"><strong><span style=\"text-decoration: underline;\">Mehr Infos<\/span> &gt;&gt;<\/strong><\/a><\/p><\/td>\n<\/tr>\n<\/tbody>\n<\/table>\n<h3>&nbsp;<\/h3>\n<p><strong><b>Camping in Devon in der N\u00e4he von Dartmouth in den South Hams<\/b><\/strong><\/p>\n<table>\n<tbody>\n<tr>\n<td><img loading=\"lazy\" class=\"aligncenter size-full wp-image-7094\" style=\"border: 0pt none; padding: 0px;\" src=\"https:\/\/www.urlaubcornwall.de\/blog\/wp-content\/uploads\/2013\/11\/27200001.jpg\" alt=\"glamping devon\" width=\"148\" height=\"118\"\/><\/td>\n<td>Schlie\u00dfen Sie die Augen und tr\u00e4umen Sie von einer l\u00e4ndlichen Idylle \u2013 diese hier liegt in S\u00fcddevon \u2013 etwa 1,8 Hektar Wildblumenwiese, ein Wald, ein Bach und ein gro\u00dfer See. Dann stellen Sie ein bisschen Luxus-Camping in der Mitte dieser unverf\u00e4lschten Idylle vor \u2013 eine fabelhafte Jurte erhebt sich \u00fcber einer Holzterrasse \u00fcber die Wiese mit herrlichem Blick \u00fcber den See, der zur Beobachtung der Wildtiere einl\u00e4dt.\n<h3>&nbsp;<\/h3>\n<p><a href=\"https:\/\/www.urlaubcornwall.de\/ferienhaeuser-fewos\/eng\/sued-devon\/sued-devon-glamping.html\"><strong><span style=\"text-decoration: underline;\">Mehr Infos<\/span> &gt;&gt;<\/strong><\/a><\/p><\/td>\n<\/tr>\n<\/tbody>\n<\/table>\n<h3>&nbsp;<\/h3>\n<p><strong><b>Camping in Somerset<br \/>\n<\/b><\/strong><\/p>\n<table>\n<tbody>\n<tr>\n<td><img loading=\"lazy\" class=\"aligncenter size-full wp-image-7094\" style=\"border: 0pt none; padding: 0px;\" src=\"https:\/\/www.urlaubcornwall.de\/blog\/wp-content\/uploads\/2013\/11\/27320111.jpg\" alt=\"camping somerset\" width=\"148\" height=\"118\"\/><\/td>\n<td>Len&#8217;s Hut: 1 Schlafzimmer, leider keine Haustiere erlaubt, Campingplatz 6 Kilometer O von Wells, Somerset.\n<h3>&nbsp;<\/h3>\n<p><a href=\"https:\/\/www.urlaubcornwall.de\/ferienhaeuser-fewos\/eng\/somerset\/somerset-glamping.html\"><strong><span style=\"text-decoration: underline;\">Mehr Infos<\/span> &gt;&gt;<\/strong><\/a><\/p><\/td>\n<\/tr>\n<\/tbody>\n<\/table>\n","protected":false},"excerpt":{"rendered":"<p>K\u00f6nnen Sie sich nicht so recht entscheiden, ob Sie lieber in freier Natur unter Sternenhimmel oder doch in luxuri\u00f6ser Umgebung \u00fcbernachten wollen? Dann ist \u201eGlamping\u201c, das neue Konzept des Luxus-Camping im S\u00fcdwesten Englands genau das Richtige f\u00fcr Sie. Genie\u00dfen Sie die Sch\u00f6nheit der Natur, und kuscheln Sie sich dann in ein bequemes Bett unter flauschiger [&hellip;]<\/p>\n","protected":false},"author":1,"featured_media":0,"parent":0,"menu_order":0,"comment_status":"closed","ping_status":"closed","template":"single-three.php","meta":[],"acf":[],"yoast_head":"<!-- This site is optimized with the Yoast SEO plugin v19.4 - https:\/\/yoast.com\/wordpress\/plugins\/seo\/ -->\n<title>Glamping - Camping in Cornwall und Devon auf die andere Art - Urlaub &amp; Reisen<\/title>\n<meta name=\"robots\" content=\"index, follow, max-snippet:-1, max-image-preview:large, max-video-preview:-1\" \/>\n<link rel=\"canonical\" href=\"https:\/\/www.urlaubcornwall.de\/blog\/glamping-camping-in-cornwall-und-devon-auf-die-andere-art\/\" \/>\n<meta property=\"og:locale\" content=\"en_US\" \/>\n<meta property=\"og:type\" content=\"article\" \/>\n<meta property=\"og:title\" content=\"Glamping - Camping in Cornwall und Devon auf die andere Art - Urlaub &amp; Reisen\" \/>\n<meta property=\"og:description\" content=\"K\u00f6nnen Sie sich nicht so recht entscheiden, ob Sie lieber in freier Natur unter Sternenhimmel oder doch in luxuri\u00f6ser Umgebung \u00fcbernachten wollen? Dann ist \u201eGlamping\u201c, das neue Konzept des Luxus-Camping im S\u00fcdwesten Englands genau das Richtige f\u00fcr Sie. Genie\u00dfen Sie die Sch\u00f6nheit der Natur, und kuscheln Sie sich dann in ein bequemes Bett unter flauschiger [&hellip;]\" \/>\n<meta property=\"og:url\" content=\"https:\/\/www.urlaubcornwall.de\/blog\/glamping-camping-in-cornwall-und-devon-auf-die-andere-art\/\" \/>\n<meta property=\"og:site_name\" content=\"Urlaub &amp; Reisen\" \/>\n<meta property=\"article:modified_time\" content=\"2021-05-27T09:06:16+00:00\" \/>\n<meta property=\"og:image\" content=\"https:\/\/www.urlaubcornwall.de\/blog\/wp-content\/uploads\/2013\/11\/27040124.jpg\" \/>\n<meta name=\"twitter:card\" content=\"summary\" \/>\n<meta name=\"twitter:label1\" content=\"Est. reading time\" \/>\n\t<meta name=\"twitter:data1\" content=\"3 minutes\" \/>\n<script type=\"application\/ld+json\" class=\"yoast-schema-graph\">{\"@context\":\"https:\/\/schema.org\",\"@graph\":[{\"@type\":\"WebSite\",\"@id\":\"https:\/\/www.urlaubcornwall.de\/blog\/#website\",\"url\":\"https:\/\/www.urlaubcornwall.de\/blog\/\",\"name\":\"Urlaub &amp; Reisen\",\"description\":\"Urlaub, Reisen, Cornwall und S\u00fcdengland: eine perfekte Kombination\",\"potentialAction\":[{\"@type\":\"SearchAction\",\"target\":{\"@type\":\"EntryPoint\",\"urlTemplate\":\"https:\/\/www.urlaubcornwall.de\/blog\/?s={search_term_string}\"},\"query-input\":\"required name=search_term_string\"}],\"inLanguage\":\"en-US\"},{\"@type\":\"WebPage\",\"@id\":\"https:\/\/www.urlaubcornwall.de\/blog\/glamping-camping-in-cornwall-und-devon-auf-die-andere-art\/\",\"url\":\"https:\/\/www.urlaubcornwall.de\/blog\/glamping-camping-in-cornwall-und-devon-auf-die-andere-art\/\",\"name\":\"Glamping - Camping in Cornwall und Devon auf die andere Art - Urlaub &amp; Reisen\",\"isPartOf\":{\"@id\":\"https:\/\/www.urlaubcornwall.de\/blog\/#website\"},\"datePublished\":\"2013-11-12T12:12:36+00:00\",\"dateModified\":\"2021-05-27T09:06:16+00:00\",\"breadcrumb\":{\"@id\":\"https:\/\/www.urlaubcornwall.de\/blog\/glamping-camping-in-cornwall-und-devon-auf-die-andere-art\/#breadcrumb\"},\"inLanguage\":\"en-US\",\"potentialAction\":[{\"@type\":\"ReadAction\",\"target\":[\"https:\/\/www.urlaubcornwall.de\/blog\/glamping-camping-in-cornwall-und-devon-auf-die-andere-art\/\"]}]},{\"@type\":\"BreadcrumbList\",\"@id\":\"https:\/\/www.urlaubcornwall.de\/blog\/glamping-camping-in-cornwall-und-devon-auf-die-andere-art\/#breadcrumb\",\"itemListElement\":[{\"@type\":\"ListItem\",\"position\":1,\"name\":\"Home\",\"item\":\"https:\/\/www.urlaubcornwall.de\/blog\/\"},{\"@type\":\"ListItem\",\"position\":2,\"name\":\"Glamping &#8211; Camping in Cornwall und Devon auf die andere Art\"}]}]}<\/script>\n<!-- \/ Yoast SEO plugin. -->","yoast_head_json":{"title":"Glamping - Camping in Cornwall und Devon auf die andere Art - Urlaub &amp; Reisen","robots":{"index":"index","follow":"follow","max-snippet":"max-snippet:-1","max-image-preview":"max-image-preview:large","max-video-preview":"max-video-preview:-1"},"canonical":"https:\/\/www.urlaubcornwall.de\/blog\/glamping-camping-in-cornwall-und-devon-auf-die-andere-art\/","og_locale":"en_US","og_type":"article","og_title":"Glamping - Camping in Cornwall und Devon auf die andere Art - Urlaub &amp; Reisen","og_description":"K\u00f6nnen Sie sich nicht so recht entscheiden, ob Sie lieber in freier Natur unter Sternenhimmel oder doch in luxuri\u00f6ser Umgebung \u00fcbernachten wollen? Dann ist \u201eGlamping\u201c, das neue Konzept des Luxus-Camping im S\u00fcdwesten Englands genau das Richtige f\u00fcr Sie. Genie\u00dfen Sie die Sch\u00f6nheit der Natur, und kuscheln Sie sich dann in ein bequemes Bett unter flauschiger [&hellip;]","og_url":"https:\/\/www.urlaubcornwall.de\/blog\/glamping-camping-in-cornwall-und-devon-auf-die-andere-art\/","og_site_name":"Urlaub &amp; Reisen","article_modified_time":"2021-05-27T09:06:16+00:00","og_image":[{"url":"https:\/\/www.urlaubcornwall.de\/blog\/wp-content\/uploads\/2013\/11\/27040124.jpg"}],"twitter_card":"summary","twitter_misc":{"Est. reading time":"3 minutes"},"schema":{"@context":"https:\/\/schema.org","@graph":[{"@type":"WebSite","@id":"https:\/\/www.urlaubcornwall.de\/blog\/#website","url":"https:\/\/www.urlaubcornwall.de\/blog\/","name":"Urlaub &amp; Reisen","description":"Urlaub, Reisen, Cornwall und S\u00fcdengland: eine perfekte Kombination","potentialAction":[{"@type":"SearchAction","target":{"@type":"EntryPoint","urlTemplate":"https:\/\/www.urlaubcornwall.de\/blog\/?s={search_term_string}"},"query-input":"required name=search_term_string"}],"inLanguage":"en-US"},{"@type":"WebPage","@id":"https:\/\/www.urlaubcornwall.de\/blog\/glamping-camping-in-cornwall-und-devon-auf-die-andere-art\/","url":"https:\/\/www.urlaubcornwall.de\/blog\/glamping-camping-in-cornwall-und-devon-auf-die-andere-art\/","name":"Glamping - Camping in Cornwall und Devon auf die andere Art - Urlaub &amp; Reisen","isPartOf":{"@id":"https:\/\/www.urlaubcornwall.de\/blog\/#website"},"datePublished":"2013-11-12T12:12:36+00:00","dateModified":"2021-05-27T09:06:16+00:00","breadcrumb":{"@id":"https:\/\/www.urlaubcornwall.de\/blog\/glamping-camping-in-cornwall-und-devon-auf-die-andere-art\/#breadcrumb"},"inLanguage":"en-US","potentialAction":[{"@type":"ReadAction","target":["https:\/\/www.urlaubcornwall.de\/blog\/glamping-camping-in-cornwall-und-devon-auf-die-andere-art\/"]}]},{"@type":"BreadcrumbList","@id":"https:\/\/www.urlaubcornwall.de\/blog\/glamping-camping-in-cornwall-und-devon-auf-die-andere-art\/#breadcrumb","itemListElement":[{"@type":"ListItem","position":1,"name":"Home","item":"https:\/\/www.urlaubcornwall.de\/blog\/"},{"@type":"ListItem","position":2,"name":"Glamping &#8211; Camping in Cornwall und Devon auf die andere Art"}]}]}},"_links":{"self":[{"href":"https:\/\/www.urlaubcornwall.de\/blog\/wp-json\/wp\/v2\/pages\/11461"}],"collection":[{"href":"https:\/\/www.urlaubcornwall.de\/blog\/wp-json\/wp\/v2\/pages"}],"about":[{"href":"https:\/\/www.urlaubcornwall.de\/blog\/wp-json\/wp\/v2\/types\/page"}],"author":[{"embeddable":true,"href":"https:\/\/www.urlaubcornwall.de\/blog\/wp-json\/wp\/v2\/users\/1"}],"replies":[{"embeddable":true,"href":"https:\/\/www.urlaubcornwall.de\/blog\/wp-json\/wp\/v2\/comments?post=11461"}],"version-history":[{"count":19,"href":"https:\/\/www.urlaubcornwall.de\/blog\/wp-json\/wp\/v2\/pages\/11461\/revisions"}],"predecessor-version":[{"id":11463,"href":"https:\/\/www.urlaubcornwall.de\/blog\/wp-json\/wp\/v2\/pages\/11461\/revisions\/11463"}],"wp:attachment":[{"href":"https:\/\/www.urlaubcornwall.de\/blog\/wp-json\/wp\/v2\/media?parent=11461"}],"curies":[{"name":"wp","href":"https:\/\/api.w.org\/{rel}","templated":true}]}}