{"id":11332,"date":"2013-09-27T15:39:58","date_gmt":"2013-09-27T15:39:58","guid":{"rendered":"https:\/\/www.urlaubcornwall.de\/blog\/?page_id=11332"},"modified":"2024-05-28T15:49:57","modified_gmt":"2024-05-28T15:49:57","slug":"urlaubsangebote-von-natural-retreats-und-last-minute-verfuegbarkeit-in-england-schottland-wales-und-irland","status":"publish","type":"page","link":"https:\/\/www.urlaubcornwall.de\/blog\/urlaubsangebote-von-natural-retreats-und-last-minute-verfuegbarkeit-in-england-schottland-wales-und-irland\/","title":{"rendered":"Urlaubsangebote von Natural Retreats und Last-Minute-Verf\u00fcgbarkeit in England, Schottland, Wales und Irland."},"content":{"rendered":"<div id=\"attachment_11313\" style=\"width: 755px\" class=\"wp-caption alignnone\"><a href=\"https:\/\/www.urlaubcornwall.de\/blog\/wp-content\/uploads\/2013\/09\/natural-retreats-header.jpg\"><img aria-describedby=\"caption-attachment-11313\" loading=\"lazy\" class=\"size-full wp-image-11313\" src=\"https:\/\/www.urlaubcornwall.de\/blog\/wp-content\/uploads\/2013\/09\/natural-retreats-header.jpg\" alt=\"natural-retreats-header\" width=\"745\" height=\"184\" srcset=\"https:\/\/www.urlaubcornwall.de\/blog\/wp-content\/uploads\/2013\/09\/natural-retreats-header.jpg 745w, https:\/\/www.urlaubcornwall.de\/blog\/wp-content\/uploads\/2013\/09\/natural-retreats-header-300x74.jpg 300w\" sizes=\"(max-width: 745px) 100vw, 745px\" \/><\/a><p id=\"caption-attachment-11313\" class=\"wp-caption-text\"><strong>Urlaub in Gro\u00dfbritannien und Irland<\/strong><\/p><\/div>\n<p>Wir halten besondere Angebote und Erm\u00e4\u00dfigungen f\u00fcr unsere familienfreundlichen und hundefreundlichen Urlaubsresorts in Cornwall, Nordwales, den Schottischen Highlands und S\u00fcdirland f\u00fcr Sie bereit.<\/p>\n<p>Natural Retreats bietet Ihnen tolle Ferienh\u00e4user und \u2013wohnungen in den sch\u00f6nsten Ecken von <a href=\"https:\/\/www.urlaubcornwall.de\/blog\/ferienhaeuser-in-den-yorkshire-dales-erleben-sie-england-von-seiner-laendlichen-seite\/\"><span style=\"text-decoration: underline;\"><strong>Yorkshire<\/strong><\/span><\/a> , <a href=\"https:\/\/www.urlaubcornwall.de\/blog\/ferienhaeuser-in-den-west-highlands-von-schottland\/\"><span style=\"text-decoration: underline;\"><strong>West Schottland<\/strong><\/span><\/a> ,\u00a0 <a href=\"https:\/\/www.urlaubcornwall.de\/blog\/ferienhaeuser-in-john-ogroats-highlands-das-noerdliche-hochland-schottlands\/\"><span style=\"text-decoration: underline;\"><strong>Nordschottland Highlands<\/strong><\/span><\/a> und <a href=\"https:\/\/www.urlaubcornwall.de\/blog\/natural-retreats-auf-der-halbinsel-llyn-wales-luxus-ferienhaeuser-und-ferienwohnungen\/\"><span style=\"text-decoration: underline;\"><strong>Nordw<\/strong><strong>ales<\/strong> <\/span><\/a><\/p>\n\n<h2>M\u00f6chten Sie Gro\u00dfbritannien lieber au\u00dferhalb der Saison erkunden?<\/h2>\n<p>Wenn Sie nicht an Schulferien gebunden sind oder einfach nur einige unserer gro\u00dfartigen Urlaubsziele im Herbst, Winter oder Fr\u00fchling erleben m\u00f6chten, bieten wir Ihnen Erm\u00e4\u00dfigungen, kostenlose \u00dcbernachtungen und Sp\u00e4tbucherangebote.<\/p>\n","protected":false},"excerpt":{"rendered":"<p>Wir halten besondere Angebote und Erm\u00e4\u00dfigungen f\u00fcr unsere familienfreundlichen und hundefreundlichen Urlaubsresorts in Cornwall, Nordwales, den Schottischen Highlands und S\u00fcdirland f\u00fcr Sie bereit. Natural Retreats bietet Ihnen tolle Ferienh\u00e4user und \u2013wohnungen in den sch\u00f6nsten Ecken von Yorkshire , West Schottland ,\u00a0 Nordschottland Highlands und Nordwales M\u00f6chten Sie Gro\u00dfbritannien lieber au\u00dferhalb der Saison erkunden? Wenn Sie [&hellip;]<\/p>\n","protected":false},"author":1,"featured_media":0,"parent":0,"menu_order":0,"comment_status":"closed","ping_status":"closed","template":"single-four.php","meta":[],"acf":[],"yoast_head":"<!-- This site is optimized with the Yoast SEO plugin v19.4 - https:\/\/yoast.com\/wordpress\/plugins\/seo\/ -->\n<title>Urlaubsangebote von Natural Retreats und Last-Minute-Verf\u00fcgbarkeit in England, Schottland, Wales und Irland. - Urlaub &amp; Reisen<\/title>\n<meta name=\"robots\" content=\"index, follow, max-snippet:-1, max-image-preview:large, max-video-preview:-1\" \/>\n<link rel=\"canonical\" href=\"https:\/\/www.urlaubcornwall.de\/blog\/urlaubsangebote-von-natural-retreats-und-last-minute-verfuegbarkeit-in-england-schottland-wales-und-irland\/\" \/>\n<meta property=\"og:locale\" content=\"en_US\" \/>\n<meta property=\"og:type\" content=\"article\" \/>\n<meta property=\"og:title\" content=\"Urlaubsangebote von Natural Retreats und Last-Minute-Verf\u00fcgbarkeit in England, Schottland, Wales und Irland. - Urlaub &amp; Reisen\" \/>\n<meta property=\"og:description\" content=\"Wir halten besondere Angebote und Erm\u00e4\u00dfigungen f\u00fcr unsere familienfreundlichen und hundefreundlichen Urlaubsresorts in Cornwall, Nordwales, den Schottischen Highlands und S\u00fcdirland f\u00fcr Sie bereit. Natural Retreats bietet Ihnen tolle Ferienh\u00e4user und \u2013wohnungen in den sch\u00f6nsten Ecken von Yorkshire , West Schottland ,\u00a0 Nordschottland Highlands und Nordwales M\u00f6chten Sie Gro\u00dfbritannien lieber au\u00dferhalb der Saison erkunden? Wenn Sie [&hellip;]\" \/>\n<meta property=\"og:url\" content=\"https:\/\/www.urlaubcornwall.de\/blog\/urlaubsangebote-von-natural-retreats-und-last-minute-verfuegbarkeit-in-england-schottland-wales-und-irland\/\" \/>\n<meta property=\"og:site_name\" content=\"Urlaub &amp; Reisen\" \/>\n<meta property=\"article:modified_time\" content=\"2024-05-28T15:49:57+00:00\" \/>\n<meta property=\"og:image\" content=\"https:\/\/www.urlaubcornwall.de\/blog\/wp-content\/uploads\/2013\/09\/natural-retreats-header.jpg\" \/>\n<meta name=\"twitter:card\" content=\"summary\" \/>\n<meta name=\"twitter:label1\" content=\"Est. reading time\" \/>\n\t<meta name=\"twitter:data1\" content=\"1 minute\" \/>\n<script type=\"application\/ld+json\" class=\"yoast-schema-graph\">{\"@context\":\"https:\/\/schema.org\",\"@graph\":[{\"@type\":\"WebSite\",\"@id\":\"https:\/\/www.urlaubcornwall.de\/blog\/#website\",\"url\":\"https:\/\/www.urlaubcornwall.de\/blog\/\",\"name\":\"Urlaub &amp; Reisen\",\"description\":\"Urlaub, Reisen, Cornwall und S\u00fcdengland: eine perfekte Kombination\",\"potentialAction\":[{\"@type\":\"SearchAction\",\"target\":{\"@type\":\"EntryPoint\",\"urlTemplate\":\"https:\/\/www.urlaubcornwall.de\/blog\/?s={search_term_string}\"},\"query-input\":\"required name=search_term_string\"}],\"inLanguage\":\"en-US\"},{\"@type\":\"WebPage\",\"@id\":\"https:\/\/www.urlaubcornwall.de\/blog\/urlaubsangebote-von-natural-retreats-und-last-minute-verfuegbarkeit-in-england-schottland-wales-und-irland\/\",\"url\":\"https:\/\/www.urlaubcornwall.de\/blog\/urlaubsangebote-von-natural-retreats-und-last-minute-verfuegbarkeit-in-england-schottland-wales-und-irland\/\",\"name\":\"Urlaubsangebote von Natural Retreats und Last-Minute-Verf\u00fcgbarkeit in England, Schottland, Wales und Irland. - Urlaub &amp; Reisen\",\"isPartOf\":{\"@id\":\"https:\/\/www.urlaubcornwall.de\/blog\/#website\"},\"datePublished\":\"2013-09-27T15:39:58+00:00\",\"dateModified\":\"2024-05-28T15:49:57+00:00\",\"breadcrumb\":{\"@id\":\"https:\/\/www.urlaubcornwall.de\/blog\/urlaubsangebote-von-natural-retreats-und-last-minute-verfuegbarkeit-in-england-schottland-wales-und-irland\/#breadcrumb\"},\"inLanguage\":\"en-US\",\"potentialAction\":[{\"@type\":\"ReadAction\",\"target\":[\"https:\/\/www.urlaubcornwall.de\/blog\/urlaubsangebote-von-natural-retreats-und-last-minute-verfuegbarkeit-in-england-schottland-wales-und-irland\/\"]}]},{\"@type\":\"BreadcrumbList\",\"@id\":\"https:\/\/www.urlaubcornwall.de\/blog\/urlaubsangebote-von-natural-retreats-und-last-minute-verfuegbarkeit-in-england-schottland-wales-und-irland\/#breadcrumb\",\"itemListElement\":[{\"@type\":\"ListItem\",\"position\":1,\"name\":\"Home\",\"item\":\"https:\/\/www.urlaubcornwall.de\/blog\/\"},{\"@type\":\"ListItem\",\"position\":2,\"name\":\"Urlaubsangebote von Natural Retreats und Last-Minute-Verf\u00fcgbarkeit in England, Schottland, Wales und Irland.\"}]}]}<\/script>\n<!-- \/ Yoast SEO plugin. -->","yoast_head_json":{"title":"Urlaubsangebote von Natural Retreats und Last-Minute-Verf\u00fcgbarkeit in England, Schottland, Wales und Irland. - Urlaub &amp; Reisen","robots":{"index":"index","follow":"follow","max-snippet":"max-snippet:-1","max-image-preview":"max-image-preview:large","max-video-preview":"max-video-preview:-1"},"canonical":"https:\/\/www.urlaubcornwall.de\/blog\/urlaubsangebote-von-natural-retreats-und-last-minute-verfuegbarkeit-in-england-schottland-wales-und-irland\/","og_locale":"en_US","og_type":"article","og_title":"Urlaubsangebote von Natural Retreats und Last-Minute-Verf\u00fcgbarkeit in England, Schottland, Wales und Irland. - Urlaub &amp; Reisen","og_description":"Wir halten besondere Angebote und Erm\u00e4\u00dfigungen f\u00fcr unsere familienfreundlichen und hundefreundlichen Urlaubsresorts in Cornwall, Nordwales, den Schottischen Highlands und S\u00fcdirland f\u00fcr Sie bereit. Natural Retreats bietet Ihnen tolle Ferienh\u00e4user und \u2013wohnungen in den sch\u00f6nsten Ecken von Yorkshire , West Schottland ,\u00a0 Nordschottland Highlands und Nordwales M\u00f6chten Sie Gro\u00dfbritannien lieber au\u00dferhalb der Saison erkunden? Wenn Sie [&hellip;]","og_url":"https:\/\/www.urlaubcornwall.de\/blog\/urlaubsangebote-von-natural-retreats-und-last-minute-verfuegbarkeit-in-england-schottland-wales-und-irland\/","og_site_name":"Urlaub &amp; Reisen","article_modified_time":"2024-05-28T15:49:57+00:00","og_image":[{"url":"https:\/\/www.urlaubcornwall.de\/blog\/wp-content\/uploads\/2013\/09\/natural-retreats-header.jpg"}],"twitter_card":"summary","twitter_misc":{"Est. reading time":"1 minute"},"schema":{"@context":"https:\/\/schema.org","@graph":[{"@type":"WebSite","@id":"https:\/\/www.urlaubcornwall.de\/blog\/#website","url":"https:\/\/www.urlaubcornwall.de\/blog\/","name":"Urlaub &amp; Reisen","description":"Urlaub, Reisen, Cornwall und S\u00fcdengland: eine perfekte Kombination","potentialAction":[{"@type":"SearchAction","target":{"@type":"EntryPoint","urlTemplate":"https:\/\/www.urlaubcornwall.de\/blog\/?s={search_term_string}"},"query-input":"required name=search_term_string"}],"inLanguage":"en-US"},{"@type":"WebPage","@id":"https:\/\/www.urlaubcornwall.de\/blog\/urlaubsangebote-von-natural-retreats-und-last-minute-verfuegbarkeit-in-england-schottland-wales-und-irland\/","url":"https:\/\/www.urlaubcornwall.de\/blog\/urlaubsangebote-von-natural-retreats-und-last-minute-verfuegbarkeit-in-england-schottland-wales-und-irland\/","name":"Urlaubsangebote von Natural Retreats und Last-Minute-Verf\u00fcgbarkeit in England, Schottland, Wales und Irland. - Urlaub &amp; Reisen","isPartOf":{"@id":"https:\/\/www.urlaubcornwall.de\/blog\/#website"},"datePublished":"2013-09-27T15:39:58+00:00","dateModified":"2024-05-28T15:49:57+00:00","breadcrumb":{"@id":"https:\/\/www.urlaubcornwall.de\/blog\/urlaubsangebote-von-natural-retreats-und-last-minute-verfuegbarkeit-in-england-schottland-wales-und-irland\/#breadcrumb"},"inLanguage":"en-US","potentialAction":[{"@type":"ReadAction","target":["https:\/\/www.urlaubcornwall.de\/blog\/urlaubsangebote-von-natural-retreats-und-last-minute-verfuegbarkeit-in-england-schottland-wales-und-irland\/"]}]},{"@type":"BreadcrumbList","@id":"https:\/\/www.urlaubcornwall.de\/blog\/urlaubsangebote-von-natural-retreats-und-last-minute-verfuegbarkeit-in-england-schottland-wales-und-irland\/#breadcrumb","itemListElement":[{"@type":"ListItem","position":1,"name":"Home","item":"https:\/\/www.urlaubcornwall.de\/blog\/"},{"@type":"ListItem","position":2,"name":"Urlaubsangebote von Natural Retreats und Last-Minute-Verf\u00fcgbarkeit in England, Schottland, Wales und Irland."}]}]}},"_links":{"self":[{"href":"https:\/\/www.urlaubcornwall.de\/blog\/wp-json\/wp\/v2\/pages\/11332"}],"collection":[{"href":"https:\/\/www.urlaubcornwall.de\/blog\/wp-json\/wp\/v2\/pages"}],"about":[{"href":"https:\/\/www.urlaubcornwall.de\/blog\/wp-json\/wp\/v2\/types\/page"}],"author":[{"embeddable":true,"href":"https:\/\/www.urlaubcornwall.de\/blog\/wp-json\/wp\/v2\/users\/1"}],"replies":[{"embeddable":true,"href":"https:\/\/www.urlaubcornwall.de\/blog\/wp-json\/wp\/v2\/comments?post=11332"}],"version-history":[{"count":29,"href":"https:\/\/www.urlaubcornwall.de\/blog\/wp-json\/wp\/v2\/pages\/11332\/revisions"}],"predecessor-version":[{"id":50505,"href":"https:\/\/www.urlaubcornwall.de\/blog\/wp-json\/wp\/v2\/pages\/11332\/revisions\/50505"}],"wp:attachment":[{"href":"https:\/\/www.urlaubcornwall.de\/blog\/wp-json\/wp\/v2\/media?parent=11332"}],"curies":[{"name":"wp","href":"https:\/\/api.w.org\/{rel}","templated":true}]}}