{"id":11308,"date":"2013-09-27T15:04:50","date_gmt":"2013-09-27T15:04:50","guid":{"rendered":"https:\/\/www.urlaubcornwall.de\/blog\/?page_id=11308"},"modified":"2024-04-15T14:40:02","modified_gmt":"2024-04-15T14:40:02","slug":"kinderfreundliche-ferienhaeuser-und-ferienwohnungen-in-england-schottland-wales-und-irland","status":"publish","type":"page","link":"https:\/\/www.urlaubcornwall.de\/blog\/kinderfreundliche-ferienhaeuser-und-ferienwohnungen-in-england-schottland-wales-und-irland\/","title":{"rendered":"Kinderfreundliche Ferienh\u00e4user in England, Schottland, Wales und Irland."},"content":{"rendered":"<p><a href=\"https:\/\/www.urlaubcornwall.de\/blog\/wp-content\/uploads\/2013\/09\/Vp6e932.jpg\"><img loading=\"lazy\" class=\"aligncenter size-full wp-image-21988\" src=\"https:\/\/www.urlaubcornwall.de\/blog\/wp-content\/uploads\/2013\/09\/Vp6e932.jpg\" alt=\"Kinderfreundliche Ferienh\u00e4user\" height=\"327\" width=\"748\"\/><\/a><br \/>\nWas macht den perfekten Familienurlaub aus? Von John o\u2019Groats im Norden Schottlands bis nach Cornwall im S\u00fcdwesten Englands befinden sich alle <a href=\"https:\/\/www.urlaubcornwall.de\/ferienhaeuser.php\">unsere Ferienh\u00e4user und Ferienwohnungen<\/a> in einer atemberaubend sch\u00f6nen Gegend und sind mit jeglichem modernen Komfort ausgestattet, den sich eine Familie nur w\u00fcnschen kann. Freuen Sie sich auf einen Urlaub in einer ger\u00e4umigen Unterkunft mit ausreichend Platz zum Spielen und Austoben f\u00fcr Ihre Kinder.<\/p>\n<h2>Ferienh\u00e4user &amp; Ferienwohnungen in England<\/h2>\n<h3>&nbsp;<\/h3>\n<div class=\"snippet\"> <a class=\"featured-item\" href=\"https:\/\/www.urlaubcornwall.de\/ferienhaeuser\/cornwall.php\"> <span class=\"image-holder\" style=\"background-image: url('https:\/\/www.urlaubcornwall.de\/blog\/wp-content\/uploads\/2018\/11\/landhaus-cornwall-1.jpg');\"><\/span> <span class=\"featured-content\"> \n<h2 class=\"featured-title\">Ferienh\u00e4user in Cornwall<\/h2>\n<p class=\"featured-body\">Cornwall besitzt mehr K\u00fcstenlinien als jede andere Grafschaft und bietet einige der besten Str\u00e4nde, K\u00fcstenwanderwege und Klippenlandschaften, die man \u00fcberhaupt finden kann&#8230;.<\/p><\/span> <span class=\"featured-link-holder\"> <span class=\"featured-extra-info\"> \n<p>F\u00fcr Paare, Familien &#038; Gruppen<\/p>\n<\/span> \n<p class=\"featured-link\">DETAILS<\/p>\n<\/span> <\/a><\/div>\n<div class=\"snippet\"> <a class=\"featured-item\" href=\" https:\/\/www.urlaubcornwall.de\/ferienhaeuser\/cornwall.php\"> <span class=\"image-holder\" style=\"background-image: url(' https:\/\/www.urlaubcornwall.de\/blog\/wp-content\/uploads\/2018\/12\/20360149.jpg ');\"><\/span> <span class=\"featured-content\"> \n<h2 class=\"featured-title\">Landh\u00e4user in Sussex<\/h2>\n<p class=\"featured-body\"> Sussex bietet viele H\u00f6hepunkte f\u00fcr Besucher, die diesen Teil Englands aufsuchen, und wir k\u00f6nnen herrlich gelegene Ferienh\u00e4user  &#038; Ferienwohnungen anbieten, von Stadtappartements, Strandh\u00e4usern mit Meeresblick oder typisch englischen Landh\u00e4usern&#8230;..<\/p>\n<\/span> <span class=\"featured-link-holder\"> <span class=\"featured-extra-info\"> \n<p> Ferienh\u00e4user S\u00fcdost-England mieten<\/p>\n<\/span> \n<p class=\"featured-link\">DETAILS<\/p>\n<\/span> <\/a><\/div>\n<div class=\"snippet\"> <a class=\"featured-item\" href=\" https:\/\/www.urlaubcornwall.de\/ferienhaeuser\/kent.php\"> <span class=\"image-holder\" style=\"background-image: url(' https:\/\/www.urlaubcornwall.de\/blog\/wp-content\/uploads\/2018\/12\/38440039.jpg ');\"><\/span> <span class=\"featured-content\"> \n<h2 class=\"featured-title\">Ferienh\u00e4user in Kent<\/h2>\n<p class=\"featured-body\">Kent ist ein Gebiet unbeschreiblicher Natursch\u00f6nheit und gilt als der Garten Englands. Weshalb also nicht einige Zeit hier verbringen, um in dieser wundersch\u00f6nen Ecke S\u00fcdenglands&#8230;.<\/p>\n<\/span> <span class=\"featured-link-holder\"> <span class=\"featured-extra-info\"> \n<p> F\u00fcr Paare, Familien &#038; Gruppen<\/p>\n<\/span> \n<p class=\"featured-link\">DETAILS<\/p>\n<\/span> <\/a><\/div>\n<div class=\"snippet\"> <a class=\"featured-item\" href=\" https:\/\/www.urlaubcornwall.de\/ferienhaeuser\/devon.php \"> <span class=\"image-holder\" style=\"background-image: url(' https:\/\/www.urlaubcornwall.de\/blog\/wp-content\/uploads\/2018\/12\/20360148.jpg ');\"><\/span> <span class=\"featured-content\"> \n<h2 class=\"featured-title\"> Landh\u00e4user &#038; Cottages in Devon<\/h2>\n<p class=\"featured-body\"> Diese Region ist von l\u00e4ndlicher Idylle gepr\u00e4gt: Von Schafen, die in Dartmoor die Stra\u00dfe \u00fcberqueren, bis zu den Cricket-Spielern, die auf der Dorfwiese spielen. Auch die K\u00fcste ist herrlich&#8230;..<\/p>\n<\/span> <span class=\"featured-link-holder\"> <span class=\"featured-extra-info\"> \n<p>Ein Ferienhaus mit Selbstverpflegung <\/p>\n<\/span> \n<p class=\"featured-link\">DETAILS<\/p>\n<\/span> <\/a><\/div>\n<div class=\"snippet\"> <a class=\"featured-item\" href=\" https:\/\/www.urlaubcornwall.de\/ferienhaeuser-fewos\/dorset.html\"> <span class=\"image-holder\" style=\"background-image: url(' https:\/\/www.urlaubcornwall.de\/blog\/wp-content\/uploads\/2018\/12\/25560149.jpg ');\"><\/span> <span class=\"featured-content\"> \n<h2 class=\"featured-title\">Cottages in Dorset<\/h2>\n<p class=\"featured-body\">Dorset ist ein geschichtstr\u00e4chtiges Land, von den Fossilien in Charmouth an der Jurassic Coast bis zum Pier von Lyme Regis&#8230;.<\/p>\n<\/span> <span class=\"featured-link-holder\"> <span class=\"featured-extra-info\"> \n<p> Sonderangebote und g\u00fcnstige Ferienh\u00e4user<\/p>\n<\/span> \n<p class=\"featured-link\">DETAILS<\/p>\n<\/span> <\/a><\/div>\n<h3>&nbsp;<\/h3>\n<h2 style=\"text-align: center;\"><strong>Ferienh\u00e4user &amp; Ferienwohnungen in Wales<\/strong><\/h2>\n<h3>&nbsp;<\/h3>\n<div class=\"snippet\"> <a class=\"featured-item\" href=\" https:\/\/www.urlaubcornwall.de\/ferienhaeuser\/wales.php\"> <span class=\"image-holder\" style=\"background-image: url(' https:\/\/www.urlaubcornwall.de\/blog\/wp-content\/uploads\/2018\/12\/busreisen-wales-england.jpg');\"><\/span> <span class=\"featured-content\"> \n<h2 class=\"featured-title\">Bei uns finden Sie Ferienh\u00e4user in Wales zum Verlieben!<\/h2>\n<p class=\"featured-body\">Untenstehend finden Sie eine Auswahl an Selbstversorger-Ferienh\u00e4usern in Wales. Hier finden Sie handverlesene, pers\u00f6nlich inspizierte Cottages entlang der walisischen K\u00fcste&#8230;..<\/p>\n<\/span> <span class=\"featured-link-holder\"> <span class=\"featured-extra-info\"> \n<p>F\u00fcr Paare, Familien &#038; Gruppen<\/p>\n<\/span> \n<p class=\"featured-link\">DETAILS<\/p>\n<\/span> <\/a><\/div>\n<h3 style=\"text-align: center;\">&nbsp;<\/h3>\n<h2 style=\"text-align: center;\">Ferienh\u00e4user &amp; Ferienwohnungen in Schottland<\/h2>\n<h3>&nbsp;<\/h3>\n<div class=\"snippet\"> <a class=\"featured-item\" href=\" https:\/\/www.urlaubcornwall.de\/ferienhaeuser\/schottland.php\"> <span class=\"image-holder\" style=\"background-image: url(' https:\/\/www.urlaubcornwall.de\/blog\/wp-content\/uploads\/2019\/01\/urlaub-schottland-highlands-1.jpg');\"><\/span> <span class=\"featured-content\"> \n<h2 class=\"featured-title\">Bei uns finden Sie Ferienh\u00e4user in Schottland zum Verlieben!<\/h2>\n<p class=\"featured-body\">Untenstehend finden Sie eine Auswahl an Ferienh\u00e4usern in Schottland. Hier finden Sie pers\u00f6nlich inspizierte Cottages entlang der schottischen K\u00fcste, in den schottischen Highlands und auf den Inseln&#8230;..<\/p>\n<\/span> <span class=\"featured-link-holder\"> <span class=\"featured-extra-info\"> \n<p>F\u00fcr Paare, Familien &#038; Gruppen<\/p>\n<\/span> \n<p class=\"featured-link\">DETAILS<\/p>\n<\/span> <\/a><\/div>\n","protected":false},"excerpt":{"rendered":"<p>Was macht den perfekten Familienurlaub aus? Von John o\u2019Groats im Norden Schottlands bis nach Cornwall im S\u00fcdwesten Englands befinden sich alle unsere Ferienh\u00e4user und Ferienwohnungen in einer atemberaubend sch\u00f6nen Gegend und sind mit jeglichem modernen Komfort ausgestattet, den sich eine Familie nur w\u00fcnschen kann. Freuen Sie sich auf einen Urlaub in einer ger\u00e4umigen Unterkunft mit [&hellip;]<\/p>\n","protected":false},"author":1,"featured_media":0,"parent":0,"menu_order":0,"comment_status":"closed","ping_status":"closed","template":"single-four.php","meta":[],"acf":[],"yoast_head":"<!-- This site is optimized with the Yoast SEO plugin v19.4 - https:\/\/yoast.com\/wordpress\/plugins\/seo\/ -->\n<title>Kinderfreundliche Ferienh\u00e4user in England, Schottland, Wales und Irland. - Urlaub &amp; Reisen<\/title>\n<meta name=\"robots\" content=\"index, follow, max-snippet:-1, max-image-preview:large, max-video-preview:-1\" \/>\n<link rel=\"canonical\" href=\"https:\/\/www.urlaubcornwall.de\/blog\/kinderfreundliche-ferienhaeuser-und-ferienwohnungen-in-england-schottland-wales-und-irland\/\" \/>\n<meta property=\"og:locale\" content=\"en_US\" \/>\n<meta property=\"og:type\" content=\"article\" \/>\n<meta property=\"og:title\" content=\"Kinderfreundliche Ferienh\u00e4user in England, Schottland, Wales und Irland. - Urlaub &amp; Reisen\" \/>\n<meta property=\"og:description\" content=\"Was macht den perfekten Familienurlaub aus? Von John o\u2019Groats im Norden Schottlands bis nach Cornwall im S\u00fcdwesten Englands befinden sich alle unsere Ferienh\u00e4user und Ferienwohnungen in einer atemberaubend sch\u00f6nen Gegend und sind mit jeglichem modernen Komfort ausgestattet, den sich eine Familie nur w\u00fcnschen kann. Freuen Sie sich auf einen Urlaub in einer ger\u00e4umigen Unterkunft mit [&hellip;]\" \/>\n<meta property=\"og:url\" content=\"https:\/\/www.urlaubcornwall.de\/blog\/kinderfreundliche-ferienhaeuser-und-ferienwohnungen-in-england-schottland-wales-und-irland\/\" \/>\n<meta property=\"og:site_name\" content=\"Urlaub &amp; Reisen\" \/>\n<meta property=\"article:modified_time\" content=\"2024-04-15T14:40:02+00:00\" \/>\n<meta property=\"og:image\" content=\"https:\/\/www.urlaubcornwall.de\/blog\/wp-content\/uploads\/2013\/09\/Vp6e932.jpg\" \/>\n<meta name=\"twitter:card\" content=\"summary\" \/>\n<meta name=\"twitter:label1\" content=\"Est. reading time\" \/>\n\t<meta name=\"twitter:data1\" content=\"2 minutes\" \/>\n<script type=\"application\/ld+json\" class=\"yoast-schema-graph\">{\"@context\":\"https:\/\/schema.org\",\"@graph\":[{\"@type\":\"WebSite\",\"@id\":\"https:\/\/www.urlaubcornwall.de\/blog\/#website\",\"url\":\"https:\/\/www.urlaubcornwall.de\/blog\/\",\"name\":\"Urlaub &amp; Reisen\",\"description\":\"Urlaub, Reisen, Cornwall und S\u00fcdengland: eine perfekte Kombination\",\"potentialAction\":[{\"@type\":\"SearchAction\",\"target\":{\"@type\":\"EntryPoint\",\"urlTemplate\":\"https:\/\/www.urlaubcornwall.de\/blog\/?s={search_term_string}\"},\"query-input\":\"required name=search_term_string\"}],\"inLanguage\":\"en-US\"},{\"@type\":\"WebPage\",\"@id\":\"https:\/\/www.urlaubcornwall.de\/blog\/kinderfreundliche-ferienhaeuser-und-ferienwohnungen-in-england-schottland-wales-und-irland\/\",\"url\":\"https:\/\/www.urlaubcornwall.de\/blog\/kinderfreundliche-ferienhaeuser-und-ferienwohnungen-in-england-schottland-wales-und-irland\/\",\"name\":\"Kinderfreundliche Ferienh\u00e4user in England, Schottland, Wales und Irland. - Urlaub &amp; Reisen\",\"isPartOf\":{\"@id\":\"https:\/\/www.urlaubcornwall.de\/blog\/#website\"},\"datePublished\":\"2013-09-27T15:04:50+00:00\",\"dateModified\":\"2024-04-15T14:40:02+00:00\",\"breadcrumb\":{\"@id\":\"https:\/\/www.urlaubcornwall.de\/blog\/kinderfreundliche-ferienhaeuser-und-ferienwohnungen-in-england-schottland-wales-und-irland\/#breadcrumb\"},\"inLanguage\":\"en-US\",\"potentialAction\":[{\"@type\":\"ReadAction\",\"target\":[\"https:\/\/www.urlaubcornwall.de\/blog\/kinderfreundliche-ferienhaeuser-und-ferienwohnungen-in-england-schottland-wales-und-irland\/\"]}]},{\"@type\":\"BreadcrumbList\",\"@id\":\"https:\/\/www.urlaubcornwall.de\/blog\/kinderfreundliche-ferienhaeuser-und-ferienwohnungen-in-england-schottland-wales-und-irland\/#breadcrumb\",\"itemListElement\":[{\"@type\":\"ListItem\",\"position\":1,\"name\":\"Home\",\"item\":\"https:\/\/www.urlaubcornwall.de\/blog\/\"},{\"@type\":\"ListItem\",\"position\":2,\"name\":\"Kinderfreundliche Ferienh\u00e4user in England, Schottland, Wales und Irland.\"}]}]}<\/script>\n<!-- \/ Yoast SEO plugin. -->","yoast_head_json":{"title":"Kinderfreundliche Ferienh\u00e4user in England, Schottland, Wales und Irland. - Urlaub &amp; Reisen","robots":{"index":"index","follow":"follow","max-snippet":"max-snippet:-1","max-image-preview":"max-image-preview:large","max-video-preview":"max-video-preview:-1"},"canonical":"https:\/\/www.urlaubcornwall.de\/blog\/kinderfreundliche-ferienhaeuser-und-ferienwohnungen-in-england-schottland-wales-und-irland\/","og_locale":"en_US","og_type":"article","og_title":"Kinderfreundliche Ferienh\u00e4user in England, Schottland, Wales und Irland. - Urlaub &amp; Reisen","og_description":"Was macht den perfekten Familienurlaub aus? Von John o\u2019Groats im Norden Schottlands bis nach Cornwall im S\u00fcdwesten Englands befinden sich alle unsere Ferienh\u00e4user und Ferienwohnungen in einer atemberaubend sch\u00f6nen Gegend und sind mit jeglichem modernen Komfort ausgestattet, den sich eine Familie nur w\u00fcnschen kann. Freuen Sie sich auf einen Urlaub in einer ger\u00e4umigen Unterkunft mit [&hellip;]","og_url":"https:\/\/www.urlaubcornwall.de\/blog\/kinderfreundliche-ferienhaeuser-und-ferienwohnungen-in-england-schottland-wales-und-irland\/","og_site_name":"Urlaub &amp; Reisen","article_modified_time":"2024-04-15T14:40:02+00:00","og_image":[{"url":"https:\/\/www.urlaubcornwall.de\/blog\/wp-content\/uploads\/2013\/09\/Vp6e932.jpg"}],"twitter_card":"summary","twitter_misc":{"Est. reading time":"2 minutes"},"schema":{"@context":"https:\/\/schema.org","@graph":[{"@type":"WebSite","@id":"https:\/\/www.urlaubcornwall.de\/blog\/#website","url":"https:\/\/www.urlaubcornwall.de\/blog\/","name":"Urlaub &amp; Reisen","description":"Urlaub, Reisen, Cornwall und S\u00fcdengland: eine perfekte Kombination","potentialAction":[{"@type":"SearchAction","target":{"@type":"EntryPoint","urlTemplate":"https:\/\/www.urlaubcornwall.de\/blog\/?s={search_term_string}"},"query-input":"required name=search_term_string"}],"inLanguage":"en-US"},{"@type":"WebPage","@id":"https:\/\/www.urlaubcornwall.de\/blog\/kinderfreundliche-ferienhaeuser-und-ferienwohnungen-in-england-schottland-wales-und-irland\/","url":"https:\/\/www.urlaubcornwall.de\/blog\/kinderfreundliche-ferienhaeuser-und-ferienwohnungen-in-england-schottland-wales-und-irland\/","name":"Kinderfreundliche Ferienh\u00e4user in England, Schottland, Wales und Irland. - Urlaub &amp; Reisen","isPartOf":{"@id":"https:\/\/www.urlaubcornwall.de\/blog\/#website"},"datePublished":"2013-09-27T15:04:50+00:00","dateModified":"2024-04-15T14:40:02+00:00","breadcrumb":{"@id":"https:\/\/www.urlaubcornwall.de\/blog\/kinderfreundliche-ferienhaeuser-und-ferienwohnungen-in-england-schottland-wales-und-irland\/#breadcrumb"},"inLanguage":"en-US","potentialAction":[{"@type":"ReadAction","target":["https:\/\/www.urlaubcornwall.de\/blog\/kinderfreundliche-ferienhaeuser-und-ferienwohnungen-in-england-schottland-wales-und-irland\/"]}]},{"@type":"BreadcrumbList","@id":"https:\/\/www.urlaubcornwall.de\/blog\/kinderfreundliche-ferienhaeuser-und-ferienwohnungen-in-england-schottland-wales-und-irland\/#breadcrumb","itemListElement":[{"@type":"ListItem","position":1,"name":"Home","item":"https:\/\/www.urlaubcornwall.de\/blog\/"},{"@type":"ListItem","position":2,"name":"Kinderfreundliche Ferienh\u00e4user in England, Schottland, Wales und Irland."}]}]}},"_links":{"self":[{"href":"https:\/\/www.urlaubcornwall.de\/blog\/wp-json\/wp\/v2\/pages\/11308"}],"collection":[{"href":"https:\/\/www.urlaubcornwall.de\/blog\/wp-json\/wp\/v2\/pages"}],"about":[{"href":"https:\/\/www.urlaubcornwall.de\/blog\/wp-json\/wp\/v2\/types\/page"}],"author":[{"embeddable":true,"href":"https:\/\/www.urlaubcornwall.de\/blog\/wp-json\/wp\/v2\/users\/1"}],"replies":[{"embeddable":true,"href":"https:\/\/www.urlaubcornwall.de\/blog\/wp-json\/wp\/v2\/comments?post=11308"}],"version-history":[{"count":21,"href":"https:\/\/www.urlaubcornwall.de\/blog\/wp-json\/wp\/v2\/pages\/11308\/revisions"}],"predecessor-version":[{"id":49592,"href":"https:\/\/www.urlaubcornwall.de\/blog\/wp-json\/wp\/v2\/pages\/11308\/revisions\/49592"}],"wp:attachment":[{"href":"https:\/\/www.urlaubcornwall.de\/blog\/wp-json\/wp\/v2\/media?parent=11308"}],"curies":[{"name":"wp","href":"https:\/\/api.w.org\/{rel}","templated":true}]}}