{"id":11159,"date":"2013-09-16T10:22:01","date_gmt":"2013-09-16T10:22:01","guid":{"rendered":"https:\/\/www.urlaubcornwall.de\/blog\/?page_id=11159"},"modified":"2019-03-29T10:29:04","modified_gmt":"2019-03-29T10:29:04","slug":"anreise-in-die-yorkshire-dales","status":"publish","type":"page","link":"https:\/\/www.urlaubcornwall.de\/blog\/anreise-in-die-yorkshire-dales\/","title":{"rendered":"Anreise in die Yorkshire Dales"},"content":{"rendered":"<div class=\"Banner\"><a href=\"https:\/\/www.urlaubcornwall.de\/blog\/wp-content\/uploads\/2013\/09\/natural-retreats-header.jpg\"><img loading=\"lazy\" class=\"size-full wp-image-11313\" src=\"https:\/\/www.urlaubcornwall.de\/blog\/wp-content\/uploads\/2013\/09\/natural-retreats-header.jpg\" alt=\"natural-retreats-header\" height=\"184\" width=\"745\" srcset=\"https:\/\/www.urlaubcornwall.de\/blog\/wp-content\/uploads\/2013\/09\/natural-retreats-header.jpg 745w, https:\/\/www.urlaubcornwall.de\/blog\/wp-content\/uploads\/2013\/09\/natural-retreats-header-300x74.jpg 300w\" sizes=\"(max-width: 745px) 100vw, 745px\" \/><\/a><\/div>\n<h2>PER FLUGZEUG<\/h2>\n<p>Bei den gro\u00dfen Flugh\u00e4fen in der N\u00e4he der Yorkshire Dales handelt es sich um Leeds-Bradford und Newcastle. An beiden Flugh\u00e4fen k\u00f6nnen Sie Autos mieten.<\/p>\n<h2>PER BAHN<\/h2>\n<p>Darlington ist der n\u00e4chste Bahnhof der Yorkshire Dales. Er liegt etwa 21 km entfernt. Dort fahren Z\u00fcge von und nach London Kings Cross, Newcastle, Edinburgh und Reading, die in Darlington halten.<\/p>\n<p><strong>Bei uns finden Sie Ferienh\u00e4user in Yorkshire zum Verlieben \u2013 so einfach ist das!<\/strong><\/p>\n<p style=\"text-align: center;\"><a class=\"tidycta\" href=\"https:\/\/www.urlaubcornwall.de\/ferienhaeuser-fewos\/eng\/yorkshire\/yorkshire.html\" rel=\"nofollow\">Suche Ferienh\u00e4user Yorkshire&gt;<\/a><\/p>\n<p>Selbstversorgerunterkunft ist eine flexible Alternative f\u00fcr Familien und Paare, die ihren Urlaub in Gro\u00dfbritannien verbringen m\u00f6chten. Nehmen Sie ein Cottage als Ausgangsbasis, um die vielen faszinierenden Urlaubsst\u00e4dte an England K\u00fcste zu erkunden oder einen Geschmack vom Dorfleben zu bekommen in einem urigen Steincottage in den <a href=\"https:\/\/www.urlaubcornwall.de\/ferienhaeuser-fewos\/eng\/yorkshire\/yorkshire.html\">Yorkshire<\/a>. Die M\u00f6glichkeiten sind endlos.<\/p>\n<p><img loading=\"lazy\" class=\"aligncenter size-full wp-image-24598\" src=\"https:\/\/www.urlaubcornwall.de\/blog\/wp-content\/uploads\/2016\/06\/urlaub-und-gro\u00dfbritannien_logo_final.jpg\" alt=\"urlaub-gro\u00dfbritannien_logo\" height=\"361\" width=\"746\" srcset=\"https:\/\/www.urlaubcornwall.de\/blog\/wp-content\/uploads\/2016\/06\/urlaub-und-gro\u00dfbritannien_logo_final.jpg 746w, https:\/\/www.urlaubcornwall.de\/blog\/wp-content\/uploads\/2016\/06\/urlaub-und-gro\u00dfbritannien_logo_final-300x145.jpg 300w\" sizes=\"(max-width: 746px) 100vw, 746px\" \/><\/p>\n<p style=\"text-align: center;\"><a href=\"http:\/\/www.urlaubcornwall.de\/\">UrlaubCornwall.de<\/a> ist ein in Cornwall ans\u00e4ssiges Unternehmen k\u00f6nnen wir uns mit 20 Jahren Erfahrung in der Organisation von Rundreisen durch Gro\u00dfbritannien r\u00fchmen.<\/p>\n<p style=\"text-align: center;\"><a class=\"tidycta\" href=\"http:\/\/www.urlaubcornwall.de\/anfrage.php?tourcode=Rundreise Yorkshire\">Rundreise Nordengland Anfrage<\/a><\/p>\n","protected":false},"excerpt":{"rendered":"<p>PER FLUGZEUG Bei den gro\u00dfen Flugh\u00e4fen in der N\u00e4he der Yorkshire Dales handelt es sich um Leeds-Bradford und Newcastle. An beiden Flugh\u00e4fen k\u00f6nnen Sie Autos mieten. PER BAHN Darlington ist der n\u00e4chste Bahnhof der Yorkshire Dales. Er liegt etwa 21 km entfernt. Dort fahren Z\u00fcge von und nach London Kings Cross, Newcastle, Edinburgh und Reading, [&hellip;]<\/p>\n","protected":false},"author":1,"featured_media":0,"parent":0,"menu_order":0,"comment_status":"closed","ping_status":"closed","template":"single-four.php","meta":[],"acf":[],"yoast_head":"<!-- This site is optimized with the Yoast SEO plugin v19.4 - https:\/\/yoast.com\/wordpress\/plugins\/seo\/ -->\n<title>Anreise in die Yorkshire Dales - Urlaub &amp; Reisen<\/title>\n<meta name=\"robots\" content=\"index, follow, max-snippet:-1, max-image-preview:large, max-video-preview:-1\" \/>\n<link rel=\"canonical\" href=\"https:\/\/www.urlaubcornwall.de\/blog\/anreise-in-die-yorkshire-dales\/\" \/>\n<meta property=\"og:locale\" content=\"en_US\" \/>\n<meta property=\"og:type\" content=\"article\" \/>\n<meta property=\"og:title\" content=\"Anreise in die Yorkshire Dales - Urlaub &amp; Reisen\" \/>\n<meta property=\"og:description\" content=\"PER FLUGZEUG Bei den gro\u00dfen Flugh\u00e4fen in der N\u00e4he der Yorkshire Dales handelt es sich um Leeds-Bradford und Newcastle. An beiden Flugh\u00e4fen k\u00f6nnen Sie Autos mieten. PER BAHN Darlington ist der n\u00e4chste Bahnhof der Yorkshire Dales. Er liegt etwa 21 km entfernt. Dort fahren Z\u00fcge von und nach London Kings Cross, Newcastle, Edinburgh und Reading, [&hellip;]\" \/>\n<meta property=\"og:url\" content=\"https:\/\/www.urlaubcornwall.de\/blog\/anreise-in-die-yorkshire-dales\/\" \/>\n<meta property=\"og:site_name\" content=\"Urlaub &amp; Reisen\" \/>\n<meta property=\"article:modified_time\" content=\"2019-03-29T10:29:04+00:00\" \/>\n<meta property=\"og:image\" content=\"https:\/\/www.urlaubcornwall.de\/blog\/wp-content\/uploads\/2013\/09\/natural-retreats-header.jpg\" \/>\n<meta name=\"twitter:card\" content=\"summary\" \/>\n<meta name=\"twitter:label1\" content=\"Est. reading time\" \/>\n\t<meta name=\"twitter:data1\" content=\"1 minute\" \/>\n<script type=\"application\/ld+json\" class=\"yoast-schema-graph\">{\"@context\":\"https:\/\/schema.org\",\"@graph\":[{\"@type\":\"WebSite\",\"@id\":\"https:\/\/www.urlaubcornwall.de\/blog\/#website\",\"url\":\"https:\/\/www.urlaubcornwall.de\/blog\/\",\"name\":\"Urlaub &amp; Reisen\",\"description\":\"Urlaub, Reisen, Cornwall und S\u00fcdengland: eine perfekte Kombination\",\"potentialAction\":[{\"@type\":\"SearchAction\",\"target\":{\"@type\":\"EntryPoint\",\"urlTemplate\":\"https:\/\/www.urlaubcornwall.de\/blog\/?s={search_term_string}\"},\"query-input\":\"required name=search_term_string\"}],\"inLanguage\":\"en-US\"},{\"@type\":\"WebPage\",\"@id\":\"https:\/\/www.urlaubcornwall.de\/blog\/anreise-in-die-yorkshire-dales\/\",\"url\":\"https:\/\/www.urlaubcornwall.de\/blog\/anreise-in-die-yorkshire-dales\/\",\"name\":\"Anreise in die Yorkshire Dales - Urlaub &amp; Reisen\",\"isPartOf\":{\"@id\":\"https:\/\/www.urlaubcornwall.de\/blog\/#website\"},\"datePublished\":\"2013-09-16T10:22:01+00:00\",\"dateModified\":\"2019-03-29T10:29:04+00:00\",\"breadcrumb\":{\"@id\":\"https:\/\/www.urlaubcornwall.de\/blog\/anreise-in-die-yorkshire-dales\/#breadcrumb\"},\"inLanguage\":\"en-US\",\"potentialAction\":[{\"@type\":\"ReadAction\",\"target\":[\"https:\/\/www.urlaubcornwall.de\/blog\/anreise-in-die-yorkshire-dales\/\"]}]},{\"@type\":\"BreadcrumbList\",\"@id\":\"https:\/\/www.urlaubcornwall.de\/blog\/anreise-in-die-yorkshire-dales\/#breadcrumb\",\"itemListElement\":[{\"@type\":\"ListItem\",\"position\":1,\"name\":\"Home\",\"item\":\"https:\/\/www.urlaubcornwall.de\/blog\/\"},{\"@type\":\"ListItem\",\"position\":2,\"name\":\"Anreise in die Yorkshire Dales\"}]}]}<\/script>\n<!-- \/ Yoast SEO plugin. -->","yoast_head_json":{"title":"Anreise in die Yorkshire Dales - Urlaub &amp; Reisen","robots":{"index":"index","follow":"follow","max-snippet":"max-snippet:-1","max-image-preview":"max-image-preview:large","max-video-preview":"max-video-preview:-1"},"canonical":"https:\/\/www.urlaubcornwall.de\/blog\/anreise-in-die-yorkshire-dales\/","og_locale":"en_US","og_type":"article","og_title":"Anreise in die Yorkshire Dales - Urlaub &amp; Reisen","og_description":"PER FLUGZEUG Bei den gro\u00dfen Flugh\u00e4fen in der N\u00e4he der Yorkshire Dales handelt es sich um Leeds-Bradford und Newcastle. An beiden Flugh\u00e4fen k\u00f6nnen Sie Autos mieten. PER BAHN Darlington ist der n\u00e4chste Bahnhof der Yorkshire Dales. Er liegt etwa 21 km entfernt. Dort fahren Z\u00fcge von und nach London Kings Cross, Newcastle, Edinburgh und Reading, [&hellip;]","og_url":"https:\/\/www.urlaubcornwall.de\/blog\/anreise-in-die-yorkshire-dales\/","og_site_name":"Urlaub &amp; Reisen","article_modified_time":"2019-03-29T10:29:04+00:00","og_image":[{"url":"https:\/\/www.urlaubcornwall.de\/blog\/wp-content\/uploads\/2013\/09\/natural-retreats-header.jpg"}],"twitter_card":"summary","twitter_misc":{"Est. reading time":"1 minute"},"schema":{"@context":"https:\/\/schema.org","@graph":[{"@type":"WebSite","@id":"https:\/\/www.urlaubcornwall.de\/blog\/#website","url":"https:\/\/www.urlaubcornwall.de\/blog\/","name":"Urlaub &amp; Reisen","description":"Urlaub, Reisen, Cornwall und S\u00fcdengland: eine perfekte Kombination","potentialAction":[{"@type":"SearchAction","target":{"@type":"EntryPoint","urlTemplate":"https:\/\/www.urlaubcornwall.de\/blog\/?s={search_term_string}"},"query-input":"required name=search_term_string"}],"inLanguage":"en-US"},{"@type":"WebPage","@id":"https:\/\/www.urlaubcornwall.de\/blog\/anreise-in-die-yorkshire-dales\/","url":"https:\/\/www.urlaubcornwall.de\/blog\/anreise-in-die-yorkshire-dales\/","name":"Anreise in die Yorkshire Dales - Urlaub &amp; Reisen","isPartOf":{"@id":"https:\/\/www.urlaubcornwall.de\/blog\/#website"},"datePublished":"2013-09-16T10:22:01+00:00","dateModified":"2019-03-29T10:29:04+00:00","breadcrumb":{"@id":"https:\/\/www.urlaubcornwall.de\/blog\/anreise-in-die-yorkshire-dales\/#breadcrumb"},"inLanguage":"en-US","potentialAction":[{"@type":"ReadAction","target":["https:\/\/www.urlaubcornwall.de\/blog\/anreise-in-die-yorkshire-dales\/"]}]},{"@type":"BreadcrumbList","@id":"https:\/\/www.urlaubcornwall.de\/blog\/anreise-in-die-yorkshire-dales\/#breadcrumb","itemListElement":[{"@type":"ListItem","position":1,"name":"Home","item":"https:\/\/www.urlaubcornwall.de\/blog\/"},{"@type":"ListItem","position":2,"name":"Anreise in die Yorkshire Dales"}]}]}},"_links":{"self":[{"href":"https:\/\/www.urlaubcornwall.de\/blog\/wp-json\/wp\/v2\/pages\/11159"}],"collection":[{"href":"https:\/\/www.urlaubcornwall.de\/blog\/wp-json\/wp\/v2\/pages"}],"about":[{"href":"https:\/\/www.urlaubcornwall.de\/blog\/wp-json\/wp\/v2\/types\/page"}],"author":[{"embeddable":true,"href":"https:\/\/www.urlaubcornwall.de\/blog\/wp-json\/wp\/v2\/users\/1"}],"replies":[{"embeddable":true,"href":"https:\/\/www.urlaubcornwall.de\/blog\/wp-json\/wp\/v2\/comments?post=11159"}],"version-history":[{"count":16,"href":"https:\/\/www.urlaubcornwall.de\/blog\/wp-json\/wp\/v2\/pages\/11159\/revisions"}],"predecessor-version":[{"id":36860,"href":"https:\/\/www.urlaubcornwall.de\/blog\/wp-json\/wp\/v2\/pages\/11159\/revisions\/36860"}],"wp:attachment":[{"href":"https:\/\/www.urlaubcornwall.de\/blog\/wp-json\/wp\/v2\/media?parent=11159"}],"curies":[{"name":"wp","href":"https:\/\/api.w.org\/{rel}","templated":true}]}}