{"id":11018,"date":"2013-09-10T12:06:51","date_gmt":"2013-09-10T12:06:51","guid":{"rendered":"https:\/\/www.urlaubcornwall.de\/blog\/?page_id=11018"},"modified":"2024-05-28T15:51:42","modified_gmt":"2024-05-28T15:51:42","slug":"urlaub-in-grossbritannien-und-irland-warum-gerade-natural-retreats","status":"publish","type":"page","link":"https:\/\/www.urlaubcornwall.de\/blog\/urlaub-in-grossbritannien-und-irland-warum-gerade-natural-retreats\/","title":{"rendered":"Urlaub in Gro\u00dfbritannien und Irland"},"content":{"rendered":"<p><a href=\"https:\/\/www.urlaubcornwall.de\/blog\/wp-content\/uploads\/2024\/03\/cape-cornwall_lands-end.jpg\"><img loading=\"lazy\" src=\"https:\/\/www.urlaubcornwall.de\/blog\/wp-content\/uploads\/2024\/03\/cape-cornwall_lands-end.jpg\" alt=\"cape cornwall_lands end\" width=\"750\" height=\"500\" class=\"alignnone size-full wp-image-48059\" srcset=\"https:\/\/www.urlaubcornwall.de\/blog\/wp-content\/uploads\/2024\/03\/cape-cornwall_lands-end.jpg 750w, https:\/\/www.urlaubcornwall.de\/blog\/wp-content\/uploads\/2024\/03\/cape-cornwall_lands-end-300x200.jpg 300w\" sizes=\"(max-width: 750px) 100vw, 750px\" \/><\/a><\/p>\n<p>Wir leben und arbeiten in <a href=\"https:\/\/www.urlaubcornwall.de\/reiseziel\/cornwall.php\">Cornwall<\/a>, in einer von Englands beliebtesten Urlaubsregionen und sind seit Jahren im Urlaubsgesch\u00e4ft t\u00e4tig. UrlaubCornwall begann mit dem Verlangen, das Beste zu zeigen, das Cornwall zu bieten hat, und inzwischen tun wir dasselbe f\u00fcr S\u00fcdengland und ganz Gro\u00dfbritannien.<\/p>\n<h2>Umfassender Service unseres deutschsprachigen Teams<\/h2>\n<p>Wir bieten einen pers\u00f6nlichen, Deutsch sprechenden Reiseservice, um Ihnen dabei behilflich zu sein, Ihren perfekten Urlaub im Vereinigten K\u00f6nigreich und in Irland zu arrangieren. All die Rundreisen und Urlaubspakete, die wir vorstellen, sind durch eine gro\u00dfe deutsche Reisegesellschaft gesichert, so dass Sie vertrauensvoll buchen k\u00f6nnen. Um ein kostenfreies Urlaubsangebot zu erhalten oder N\u00e4heres herauszufinden, treten Sie bitte mit uns in Verbindung und <strong><a href=\"http:\/\/www.urlaubcornwall.de\/anfrage.php\">schicken Sie uns Ihre Nachfrage<\/a><\/strong>.<\/p>\n<p><script async src=\"https:\/\/pagead2.googlesyndication.com\/pagead\/js\/adsbygoogle.js?client=ca-pub-3901089389175725\"\n     crossorigin=\"anonymous\"><\/script><br \/>\n<!-- New UC --><br \/>\n<ins class=\"adsbygoogle\"\n     style=\"display:block\"\n     data-ad-client=\"ca-pub-3901089389175725\"\n     data-ad-slot=\"8080314818\"\n     data-ad-format=\"auto\"\n     data-full-width-responsive=\"true\"><\/ins><br \/>\n<script>\n     (adsbygoogle = window.adsbygoogle || []).push({});\n<\/script><\/p>\n<p>Wir sind darauf bedacht, die besten Orte zu finden, die es wert sind, dort zu \u00fcbernachten, zu essen oder diese zu besuchen. Da wir unseren Firmensitz in Gro\u00dfbritannien haben, sind wir in der Lage, st\u00e4ndig Insidertipps und Neuigkeiten in Erfahrung zu bringen, die Sie auf keiner anderen Reisesite finden werden.<\/p>\n<a href=\"#\" id=\"hypotext-anchor-your-target-id\" class=\"hypotext closed\" rel=\"hypotext-content-your-target-id\"><br \/>\n<strong>Hier finden Sie eine Auswahl Rundreisen in Gro\u00dfbritannien und Irland \u25bc<\/strong>\n<\/a>\n<div class=\"hypotext-content hypotext-content-your-target-id\" rel=\"hypotext-anchor-your-target-id\"><a href=\"#\" class=\"hypotext closed close\" rel=\"hypotext-content-your-target-id\"><\/a>\n<p style=\"text-align: center;\"><a href=\"https:\/\/www.urlaubcornwall.de\/blog\/wp-content\/uploads\/2015\/10\/rundreisen_cornwall_main.jpg\"><img loading=\"lazy\" class=\"aligncenter size-full wp-image-20560\" src=\"https:\/\/www.urlaubcornwall.de\/blog\/wp-content\/uploads\/2015\/10\/rundreisen_cornwall_main.jpg\" alt=\"rundreisen_cornwall_main\" width=\"743\" height=\"149\" srcset=\"https:\/\/www.urlaubcornwall.de\/blog\/wp-content\/uploads\/2015\/10\/rundreisen_cornwall_main.jpg 743w, https:\/\/www.urlaubcornwall.de\/blog\/wp-content\/uploads\/2015\/10\/rundreisen_cornwall_main-300x60.jpg 300w\" sizes=\"(max-width: 743px) 100vw, 743px\" \/><\/a><\/p>\n<h1 style=\"text-align: center;\"><strong><span style=\"text-decoration: underline;\"><a href=\"https:\/\/www.urlaubcornwall.de\/blog\/rundreise-durch-cornwall-and-suedenengland-2013\/\">Rundreisen durch Cornwall und S\u00fcdengland<\/a><\/span><\/strong><\/h1>\n<p style=\"text-align: center;\">Mit Sitz in Cornwall haben wir Erfahrung darin, Rundreisen in einer von Englands wundersch\u00f6nsten Urlaubsregionen anzubieten. Herrliche Sandstr\u00e4nde und K\u00fcstenpfade, h\u00fcbsche Fischerd\u00f6rfer und subtropische G\u00e4rten lassen Cornwall zu einem Teil einer besonderen Tour durch S\u00fcdengland werden.<\/p>\n<p style=\"text-align: center;\"><strong>[ <span style=\"text-decoration: underline;\"><a href=\"https:\/\/www.urlaubcornwall.de\/blog\/rundreise-durch-cornwall-and-suedenengland-2013\/\">Mehr<\/a><\/span> ]<\/strong><\/p>\n<p><a href=\"https:\/\/www.urlaubcornwall.de\/blog\/wp-content\/uploads\/2015\/10\/urlaub_england_main3.jpg\"><img loading=\"lazy\" class=\"aligncenter size-full wp-image-20562\" src=\"https:\/\/www.urlaubcornwall.de\/blog\/wp-content\/uploads\/2015\/10\/urlaub_england_main3.jpg\" alt=\"urlaub_england_main3\" width=\"745\" height=\"153\" srcset=\"https:\/\/www.urlaubcornwall.de\/blog\/wp-content\/uploads\/2015\/10\/urlaub_england_main3.jpg 745w, https:\/\/www.urlaubcornwall.de\/blog\/wp-content\/uploads\/2015\/10\/urlaub_england_main3-300x62.jpg 300w\" sizes=\"(max-width: 745px) 100vw, 745px\" \/><\/a><\/p>\n<h1 style=\"text-align: center;\"><strong><span style=\"text-decoration: underline;\"><a href=\"https:\/\/www.urlaubcornwall.de\/blog\/rundreisen-england-wales\/\">Rundreisen durch England &amp; Wales<\/a><\/span><\/strong><\/h1>\n<p style=\"text-align: center;\">Erleben Sie England- in seinem Herzen London mit der Tower Bridge, dem Buckingham Palast und der Oxford Street, sowie Attraktionen und Veranstaltungen, die der gesamten Familie gefallen werden. Doch das ist lediglich der Beginn eines Urlaubs in England.<\/p>\n<p style=\"text-align: center;\"><strong>[ <a href=\"https:\/\/www.urlaubcornwall.de\/blog\/rundreisen-england-wales\/\"><span style=\"text-decoration: underline;\">Mehr<\/span><\/a> ]<\/strong><\/p>\n<p><a href=\"https:\/\/www.urlaubcornwall.de\/blog\/wp-content\/uploads\/2015\/10\/urlaub_schottland_main.jpg\"><img loading=\"lazy\" class=\"aligncenter size-full wp-image-20563\" src=\"https:\/\/www.urlaubcornwall.de\/blog\/wp-content\/uploads\/2015\/10\/urlaub_schottland_main.jpg\" alt=\"urlaub_schottland_main\" width=\"743\" height=\"150\" srcset=\"https:\/\/www.urlaubcornwall.de\/blog\/wp-content\/uploads\/2015\/10\/urlaub_schottland_main.jpg 743w, https:\/\/www.urlaubcornwall.de\/blog\/wp-content\/uploads\/2015\/10\/urlaub_schottland_main-300x61.jpg 300w\" sizes=\"(max-width: 743px) 100vw, 743px\" \/><\/a><\/p>\n<h1 style=\"text-align: center;\"><span style=\"text-decoration: underline;\"><strong><a href=\"https:\/\/www.urlaubcornwall.de\/blog\/rundreisen-schottland\/\">Schottland mit dem Auto bereisen<\/a><\/strong><\/span><\/h1>\n<p style=\"text-align: center;\">Autorundreisen durch Schottland haben etwas f\u00fcr jeden Geschmack zu bieten \u2013 herrliche Sonnenunterg\u00e4nge \u00fcber magischen Inseln, wundersch\u00f6ne und dramatische K\u00fcstenstriche, tiefe, verborgene T\u00e4ler und eine unglaubliche Landschaft. Erleben Sie die wilde und romantische Sch\u00f6nheit dieses herrlichen Landes.<\/p>\n<p style=\"text-align: center;\"><strong>[ <a href=\"https:\/\/www.urlaubcornwall.de\/blog\/rundreisen-schottland\/\"><span style=\"text-decoration: underline;\">Mehr<\/span> <\/a>]<\/strong><\/p>\n<p><a href=\"https:\/\/www.urlaubcornwall.de\/blog\/wp-content\/uploads\/2015\/10\/urlaub_irland.jpg\"><img loading=\"lazy\" class=\"aligncenter size-full wp-image-20564\" src=\"https:\/\/www.urlaubcornwall.de\/blog\/wp-content\/uploads\/2015\/10\/urlaub_irland.jpg\" alt=\"urlaub_irland\" width=\"742\" height=\"153\" srcset=\"https:\/\/www.urlaubcornwall.de\/blog\/wp-content\/uploads\/2015\/10\/urlaub_irland.jpg 742w, https:\/\/www.urlaubcornwall.de\/blog\/wp-content\/uploads\/2015\/10\/urlaub_irland-300x62.jpg 300w\" sizes=\"(max-width: 742px) 100vw, 742px\" \/><\/a><\/p>\n<h1 style=\"text-align: center;\"><span style=\"text-decoration: underline;\"><strong><a href=\"https:\/\/www.urlaubcornwall.de\/blog\/rundreisen-irland\/\">Rundreisen durch Irland<\/a><\/strong><\/span><\/h1>\n<p style=\"text-align: center;\">Ob Sie nun nach einem ma\u00dfgeschneiderten irischen Urlaub als Familienurlaub suchen, eine einmalige Erkundung Irlands oder einfach eine Urlaubswoche in der Ruhe und Sch\u00f6nheit des fernen Westens von Irland verbringen wollen, so kennt doch keiner die versteckten Juwelen und H\u00f6hepunkte Irlands besser als wir es tun.<\/p>\n<p style=\"text-align: center;\"><strong>[ <a href=\"https:\/\/www.urlaubcornwall.de\/blog\/rundreisen-irland\/\"><span style=\"text-decoration: underline;\">Mehr<\/span> <\/a>]<\/strong><\/p>\n<h1 style=\"text-align: center;\"><span style=\"text-decoration: underline;\"><strong><a href=\"https:\/\/www.urlaubcornwall.de\/blog\/4-und-5-sterne-luxus-schlosshotels-in-england-schottland-und-irland\/\">Rundreisen in Schlosshotels<\/a><\/strong><\/span><\/h1>\n<p style=\"text-align: center;\">Gro\u00dfbritannien und Irland sind reich an Burgen, h\u00e4ufig in atemberaubender Lage und allesamt voller ureigenster Geschichte. Viele dieser Nationalsch\u00e4tze bieten nun Unterkunft an; von \u00dcbernachtung mit Fr\u00fchst\u00fcck bis hin zu vollwertigen Hotels&#8230;<\/p>\n<p style=\"text-align: center;\"><strong>[ <a href=\"https:\/\/www.urlaubcornwall.de\/blog\/4-und-5-sterne-luxus-schlosshotels-in-england-schottland-und-irland\/\"><span style=\"text-decoration: underline;\">Mehr<\/span><\/a> ]<\/strong><\/p>\n<p style=\"text-align: left;\"><strong>Wenn Sie Ihre Selbstfahrerreise bei uns buchen, genie\u00dfen Sie folgende Vorteile:<\/strong><\/p>\n<\/div>\n<p><a href=\"https:\/\/www.urlaubcornwall.de\/blog\/wp-content\/uploads\/2024\/03\/dingle-irland-urlaub.jpg\"><img loading=\"lazy\" src=\"https:\/\/www.urlaubcornwall.de\/blog\/wp-content\/uploads\/2024\/03\/dingle-irland-urlaub.jpg\" alt=\"dingle irland urlaub\" width=\"750\" height=\"501\" class=\"alignnone size-full wp-image-47979\" srcset=\"https:\/\/www.urlaubcornwall.de\/blog\/wp-content\/uploads\/2024\/03\/dingle-irland-urlaub.jpg 750w, https:\/\/www.urlaubcornwall.de\/blog\/wp-content\/uploads\/2024\/03\/dingle-irland-urlaub-300x200.jpg 300w\" sizes=\"(max-width: 750px) 100vw, 750px\" \/><\/a><\/p>\n<p><strong>Herausragende Unterk\u00fcnfte in fantastischen Urlaubsregionen: Ferienh\u00e4user und Ferienwohnungen in Gro\u00dfbritannien und Irland<\/strong><\/p>\n<p>Bei uns finden Sie <a href=\"https:\/\/www.urlaubcornwall.de\/ferienhaeuser.php\">Ferienh\u00e4user in Gro\u00dfbritannien<\/a> zum Verlieben; so einfach ist das!<\/p>\n<p>UrlaubCornwall.de hat eine einzigartige Sammlung pers\u00f6nlich inspizierter Ferienh\u00e4user und Ferienwohnungen in Cornwall, S\u00fcdengland und nun auch im gesamten Gro\u00dfbritannien. Jedes Geb\u00e4ude muss anspruchsvollen Standards entsprechen, so dass Ihre Urlaubsunterkunft Ihre Erwartungen \u00fcbertrifft.<\/p>\n<p>Ob Sie nun einen l\u00e4ndlichen R\u00fcckzugsort auf dem englischen Lande, ein Luxuscottage am Meer in <a href=\"https:\/\/www.urlaubcornwall.de\/ferienhaeuser\/cornwall.php\">Cornwall<\/a> &#038; <a href=\"https:\/\/www.urlaubcornwall.de\/ferienhaeuser\/devon.php\">Devon <\/a>oder ein romantisches Versteck in den <a href=\"https:\/\/www.urlaubcornwall.de\/ferienhaeuser\/schottland.php\">schottischen Highlands<\/a> suchen, profitieren Sie von unserer jahrelangen Erfahrung und Leidenschaft, jeden einzelnen Ihrer Urlaube zum besten \u00fcberhaupt zu machen. <\/p>\n","protected":false},"excerpt":{"rendered":"<p>Wir leben und arbeiten in Cornwall, in einer von Englands beliebtesten Urlaubsregionen und sind seit Jahren im Urlaubsgesch\u00e4ft t\u00e4tig. UrlaubCornwall begann mit dem Verlangen, das Beste zu zeigen, das Cornwall zu bieten hat, und inzwischen tun wir dasselbe f\u00fcr S\u00fcdengland und ganz Gro\u00dfbritannien. Umfassender Service unseres deutschsprachigen Teams Wir bieten einen pers\u00f6nlichen, Deutsch sprechenden Reiseservice, [&hellip;]<\/p>\n","protected":false},"author":1,"featured_media":0,"parent":0,"menu_order":0,"comment_status":"closed","ping_status":"closed","template":"single-four.php","meta":[],"acf":[],"yoast_head":"<!-- This site is optimized with the Yoast SEO plugin v19.4 - https:\/\/yoast.com\/wordpress\/plugins\/seo\/ -->\n<title>Urlaub in Gro\u00dfbritannien und Irland - Urlaub &amp; Reisen<\/title>\n<meta name=\"robots\" content=\"index, follow, max-snippet:-1, max-image-preview:large, max-video-preview:-1\" \/>\n<link rel=\"canonical\" href=\"https:\/\/www.urlaubcornwall.de\/blog\/urlaub-in-grossbritannien-und-irland-warum-gerade-natural-retreats\/\" \/>\n<meta property=\"og:locale\" content=\"en_US\" \/>\n<meta property=\"og:type\" content=\"article\" \/>\n<meta property=\"og:title\" content=\"Urlaub in Gro\u00dfbritannien und Irland - Urlaub &amp; Reisen\" \/>\n<meta property=\"og:description\" content=\"Wir leben und arbeiten in Cornwall, in einer von Englands beliebtesten Urlaubsregionen und sind seit Jahren im Urlaubsgesch\u00e4ft t\u00e4tig. UrlaubCornwall begann mit dem Verlangen, das Beste zu zeigen, das Cornwall zu bieten hat, und inzwischen tun wir dasselbe f\u00fcr S\u00fcdengland und ganz Gro\u00dfbritannien. Umfassender Service unseres deutschsprachigen Teams Wir bieten einen pers\u00f6nlichen, Deutsch sprechenden Reiseservice, [&hellip;]\" \/>\n<meta property=\"og:url\" content=\"https:\/\/www.urlaubcornwall.de\/blog\/urlaub-in-grossbritannien-und-irland-warum-gerade-natural-retreats\/\" \/>\n<meta property=\"og:site_name\" content=\"Urlaub &amp; Reisen\" \/>\n<meta property=\"article:modified_time\" content=\"2024-05-28T15:51:42+00:00\" \/>\n<meta property=\"og:image\" content=\"https:\/\/www.urlaubcornwall.de\/blog\/wp-content\/uploads\/2024\/03\/cape-cornwall_lands-end.jpg\" \/>\n<meta name=\"twitter:card\" content=\"summary\" \/>\n<meta name=\"twitter:label1\" content=\"Est. reading time\" \/>\n\t<meta name=\"twitter:data1\" content=\"4 minutes\" \/>\n<script type=\"application\/ld+json\" class=\"yoast-schema-graph\">{\"@context\":\"https:\/\/schema.org\",\"@graph\":[{\"@type\":\"WebSite\",\"@id\":\"https:\/\/www.urlaubcornwall.de\/blog\/#website\",\"url\":\"https:\/\/www.urlaubcornwall.de\/blog\/\",\"name\":\"Urlaub &amp; Reisen\",\"description\":\"Urlaub, Reisen, Cornwall und S\u00fcdengland: eine perfekte Kombination\",\"potentialAction\":[{\"@type\":\"SearchAction\",\"target\":{\"@type\":\"EntryPoint\",\"urlTemplate\":\"https:\/\/www.urlaubcornwall.de\/blog\/?s={search_term_string}\"},\"query-input\":\"required name=search_term_string\"}],\"inLanguage\":\"en-US\"},{\"@type\":\"WebPage\",\"@id\":\"https:\/\/www.urlaubcornwall.de\/blog\/urlaub-in-grossbritannien-und-irland-warum-gerade-natural-retreats\/\",\"url\":\"https:\/\/www.urlaubcornwall.de\/blog\/urlaub-in-grossbritannien-und-irland-warum-gerade-natural-retreats\/\",\"name\":\"Urlaub in Gro\u00dfbritannien und Irland - Urlaub &amp; Reisen\",\"isPartOf\":{\"@id\":\"https:\/\/www.urlaubcornwall.de\/blog\/#website\"},\"datePublished\":\"2013-09-10T12:06:51+00:00\",\"dateModified\":\"2024-05-28T15:51:42+00:00\",\"breadcrumb\":{\"@id\":\"https:\/\/www.urlaubcornwall.de\/blog\/urlaub-in-grossbritannien-und-irland-warum-gerade-natural-retreats\/#breadcrumb\"},\"inLanguage\":\"en-US\",\"potentialAction\":[{\"@type\":\"ReadAction\",\"target\":[\"https:\/\/www.urlaubcornwall.de\/blog\/urlaub-in-grossbritannien-und-irland-warum-gerade-natural-retreats\/\"]}]},{\"@type\":\"BreadcrumbList\",\"@id\":\"https:\/\/www.urlaubcornwall.de\/blog\/urlaub-in-grossbritannien-und-irland-warum-gerade-natural-retreats\/#breadcrumb\",\"itemListElement\":[{\"@type\":\"ListItem\",\"position\":1,\"name\":\"Home\",\"item\":\"https:\/\/www.urlaubcornwall.de\/blog\/\"},{\"@type\":\"ListItem\",\"position\":2,\"name\":\"Urlaub in Gro\u00dfbritannien und Irland\"}]}]}<\/script>\n<!-- \/ Yoast SEO plugin. -->","yoast_head_json":{"title":"Urlaub in Gro\u00dfbritannien und Irland - Urlaub &amp; Reisen","robots":{"index":"index","follow":"follow","max-snippet":"max-snippet:-1","max-image-preview":"max-image-preview:large","max-video-preview":"max-video-preview:-1"},"canonical":"https:\/\/www.urlaubcornwall.de\/blog\/urlaub-in-grossbritannien-und-irland-warum-gerade-natural-retreats\/","og_locale":"en_US","og_type":"article","og_title":"Urlaub in Gro\u00dfbritannien und Irland - Urlaub &amp; Reisen","og_description":"Wir leben und arbeiten in Cornwall, in einer von Englands beliebtesten Urlaubsregionen und sind seit Jahren im Urlaubsgesch\u00e4ft t\u00e4tig. UrlaubCornwall begann mit dem Verlangen, das Beste zu zeigen, das Cornwall zu bieten hat, und inzwischen tun wir dasselbe f\u00fcr S\u00fcdengland und ganz Gro\u00dfbritannien. Umfassender Service unseres deutschsprachigen Teams Wir bieten einen pers\u00f6nlichen, Deutsch sprechenden Reiseservice, [&hellip;]","og_url":"https:\/\/www.urlaubcornwall.de\/blog\/urlaub-in-grossbritannien-und-irland-warum-gerade-natural-retreats\/","og_site_name":"Urlaub &amp; Reisen","article_modified_time":"2024-05-28T15:51:42+00:00","og_image":[{"url":"https:\/\/www.urlaubcornwall.de\/blog\/wp-content\/uploads\/2024\/03\/cape-cornwall_lands-end.jpg"}],"twitter_card":"summary","twitter_misc":{"Est. reading time":"4 minutes"},"schema":{"@context":"https:\/\/schema.org","@graph":[{"@type":"WebSite","@id":"https:\/\/www.urlaubcornwall.de\/blog\/#website","url":"https:\/\/www.urlaubcornwall.de\/blog\/","name":"Urlaub &amp; Reisen","description":"Urlaub, Reisen, Cornwall und S\u00fcdengland: eine perfekte Kombination","potentialAction":[{"@type":"SearchAction","target":{"@type":"EntryPoint","urlTemplate":"https:\/\/www.urlaubcornwall.de\/blog\/?s={search_term_string}"},"query-input":"required name=search_term_string"}],"inLanguage":"en-US"},{"@type":"WebPage","@id":"https:\/\/www.urlaubcornwall.de\/blog\/urlaub-in-grossbritannien-und-irland-warum-gerade-natural-retreats\/","url":"https:\/\/www.urlaubcornwall.de\/blog\/urlaub-in-grossbritannien-und-irland-warum-gerade-natural-retreats\/","name":"Urlaub in Gro\u00dfbritannien und Irland - Urlaub &amp; Reisen","isPartOf":{"@id":"https:\/\/www.urlaubcornwall.de\/blog\/#website"},"datePublished":"2013-09-10T12:06:51+00:00","dateModified":"2024-05-28T15:51:42+00:00","breadcrumb":{"@id":"https:\/\/www.urlaubcornwall.de\/blog\/urlaub-in-grossbritannien-und-irland-warum-gerade-natural-retreats\/#breadcrumb"},"inLanguage":"en-US","potentialAction":[{"@type":"ReadAction","target":["https:\/\/www.urlaubcornwall.de\/blog\/urlaub-in-grossbritannien-und-irland-warum-gerade-natural-retreats\/"]}]},{"@type":"BreadcrumbList","@id":"https:\/\/www.urlaubcornwall.de\/blog\/urlaub-in-grossbritannien-und-irland-warum-gerade-natural-retreats\/#breadcrumb","itemListElement":[{"@type":"ListItem","position":1,"name":"Home","item":"https:\/\/www.urlaubcornwall.de\/blog\/"},{"@type":"ListItem","position":2,"name":"Urlaub in Gro\u00dfbritannien und Irland"}]}]}},"_links":{"self":[{"href":"https:\/\/www.urlaubcornwall.de\/blog\/wp-json\/wp\/v2\/pages\/11018"}],"collection":[{"href":"https:\/\/www.urlaubcornwall.de\/blog\/wp-json\/wp\/v2\/pages"}],"about":[{"href":"https:\/\/www.urlaubcornwall.de\/blog\/wp-json\/wp\/v2\/types\/page"}],"author":[{"embeddable":true,"href":"https:\/\/www.urlaubcornwall.de\/blog\/wp-json\/wp\/v2\/users\/1"}],"replies":[{"embeddable":true,"href":"https:\/\/www.urlaubcornwall.de\/blog\/wp-json\/wp\/v2\/comments?post=11018"}],"version-history":[{"count":19,"href":"https:\/\/www.urlaubcornwall.de\/blog\/wp-json\/wp\/v2\/pages\/11018\/revisions"}],"predecessor-version":[{"id":50507,"href":"https:\/\/www.urlaubcornwall.de\/blog\/wp-json\/wp\/v2\/pages\/11018\/revisions\/50507"}],"wp:attachment":[{"href":"https:\/\/www.urlaubcornwall.de\/blog\/wp-json\/wp\/v2\/media?parent=11018"}],"curies":[{"name":"wp","href":"https:\/\/api.w.org\/{rel}","templated":true}]}}