{"id":10949,"date":"2013-09-09T12:59:35","date_gmt":"2013-09-09T12:59:35","guid":{"rendered":"https:\/\/www.urlaubcornwall.de\/blog\/?page_id=10949"},"modified":"2024-05-28T15:52:24","modified_gmt":"2024-05-28T15:52:24","slug":"ferienhaeuser-in-den-yorkshire-dales-erleben-sie-england-von-seiner-laendlichen-seite","status":"publish","type":"page","link":"https:\/\/www.urlaubcornwall.de\/blog\/ferienhaeuser-in-den-yorkshire-dales-erleben-sie-england-von-seiner-laendlichen-seite\/","title":{"rendered":"Ferienh\u00e4user in den Yorkshire Dales \u2013 erleben Sie England von seiner l\u00e4ndlichen Seite"},"content":{"rendered":"<p><a href=\"https:\/\/www.urlaubcornwall.de\/blog\/wp-content\/uploads\/2024\/03\/malham-yorkshire.jpg\"><img loading=\"lazy\" src=\"https:\/\/www.urlaubcornwall.de\/blog\/wp-content\/uploads\/2024\/03\/malham-yorkshire.jpg\" alt=\"malham yorkshire\" width=\"750\" height=\"494\" class=\"alignnone size-full wp-image-48047\" srcset=\"https:\/\/www.urlaubcornwall.de\/blog\/wp-content\/uploads\/2024\/03\/malham-yorkshire.jpg 750w, https:\/\/www.urlaubcornwall.de\/blog\/wp-content\/uploads\/2024\/03\/malham-yorkshire-300x198.jpg 300w\" sizes=\"(max-width: 750px) 100vw, 750px\" \/><\/a><br \/>\nDie Yorkshire Dales bezaubern mit ihrer wundersch\u00f6nen Natur und bieten ihren Besuchern einen Geschmack des l\u00e4ndlichen Nordens von England. Die <a href=\"https:\/\/www.urlaubcornwall.de\/ferienhaeuser-fewos\/eng\/yorkshire\/yorkshire.html\">Ferienh\u00e4user liegen in der N\u00e4he der wundersch\u00f6nen Landschaft von Swaledale<\/a>. Die Gegend eignet sich f\u00fcr einen unvergesslichen Familienurlaub oder als Abstecher einer Rundreise durch diesen Teil Gro\u00dfbritanniens gleicherma\u00dfen.Diese luxuri\u00f6sen Ferienh\u00e4user beeindrucken mit einem preisgekr\u00f6nten Design und empfangen Sie mit modernen, offenen Wohnr\u00e4umen und mit einer nachhaltigen Bauweise. Hier verbringen Sie den perfekten Urlaub mit Selbstversorgung in den Yorkshire Dales.<\/p>\n<p>Dieser Teil Nordenglands l\u00e4dt zum Wandern, Angeln und Mountainbiken ein. Atmen Sie die frische Landluft ein und lassen Sie den Blick \u00fcber die atemberaubende Landschaft schweifen mit gr\u00fcnen H\u00fcgeln soweit das Auge reicht, wild wachsenden B\u00fcschen und verschiedensten Tierarten.<\/p>\n<div class=\"snippet\"> <a class=\"featured-item\" href=\"https:\/\/www.urlaubcornwall.de\/ferienhaeuser-fewos\/eng\/yorkshire\/yorkshire.html\"> <span class=\"image-holder\" style=\"background-image: url(' https:\/\/www.urlaubcornwall.de\/blog\/wp-content\/uploads\/2018\/12\/ferienhaus-cornwall-mit-hund.jpg ');\"><\/span> <span class=\"featured-content\"> \n<h2 class=\"featured-title\">Ferienh\u00e4user in Yorkshire zum Verlieben!<\/h2>\n<p class=\"featured-body\">Die Landschaft der Yorkshire Dales kann wild und windig oder friedlich ruhig sein. Hier finden Sie einige der feinsten Kalklandschaften Englands, von Felsen und B\u00fcrgersteigen bis hin zu einem Labyrinth an H\u00f6hlen untertage&#8230;&#8230;<\/p><\/span> <span class=\"featured-link-holder\"> <span class=\"featured-extra-info\"> \n<p>F\u00fcr Paare, Familien &#038; Gruppen<\/p>\n<\/span> \n<p class=\"featured-link\">DETAILS<\/p>\n<\/span> <\/a><\/div>\n<p>Nicht zu vergessen die unz\u00e4hligen <a href=\"https:\/\/www.urlaubcornwall.de\/blog\/2013\/08\/familienurlaub-in-den-yorkshire-dales\/\"><span style=\"text-decoration: underline;\">Aktivit\u00e4ten<\/span><\/a> und \u00f6rtlichen <a href=\"https:\/\/www.urlaubcornwall.de\/blog\/2013\/08\/die-besten-tipps-fuer-einen-familienurlaub-in-den-yorkshire-dales\/\"><span style=\"text-decoration: underline;\">Sehensw\u00fcrdigkeiten<\/span><\/a>, die Ihren malerischen Urlaub mit Selbstverpflegung in einem der UrlaubCornwall Unterk\u00fcnfte in den Yorkshire Dales abrunden.<\/p>\n<h1 style=\"text-align: center;\"><strong>Bei uns finden Sie Ferienh\u00e4user in Yorkshire zum Verlieben \u2013 so einfach ist das!<\/strong><\/h1>\n<p style=\"text-align: center;\"><a class=\"tidycta\" href=\"https:\/\/www.urlaubcornwall.de\/ferienhaeuser-fewos\/eng\/yorkshire\/yorkshire.html\">Suche Ferienh\u00e4user Yorkshire<\/a><\/p>\n","protected":false},"excerpt":{"rendered":"<p>Die Yorkshire Dales bezaubern mit ihrer wundersch\u00f6nen Natur und bieten ihren Besuchern einen Geschmack des l\u00e4ndlichen Nordens von England. Die Ferienh\u00e4user liegen in der N\u00e4he der wundersch\u00f6nen Landschaft von Swaledale. Die Gegend eignet sich f\u00fcr einen unvergesslichen Familienurlaub oder als Abstecher einer Rundreise durch diesen Teil Gro\u00dfbritanniens gleicherma\u00dfen.Diese luxuri\u00f6sen Ferienh\u00e4user beeindrucken mit einem preisgekr\u00f6nten Design [&hellip;]<\/p>\n","protected":false},"author":1,"featured_media":0,"parent":0,"menu_order":0,"comment_status":"closed","ping_status":"closed","template":"single-four.php","meta":[],"acf":[],"yoast_head":"<!-- This site is optimized with the Yoast SEO plugin v19.4 - https:\/\/yoast.com\/wordpress\/plugins\/seo\/ -->\n<title>Ferienh\u00e4user in den Yorkshire Dales \u2013 erleben Sie England von seiner l\u00e4ndlichen Seite - Urlaub &amp; Reisen<\/title>\n<meta name=\"robots\" content=\"index, follow, max-snippet:-1, max-image-preview:large, max-video-preview:-1\" \/>\n<link rel=\"canonical\" href=\"https:\/\/www.urlaubcornwall.de\/blog\/ferienhaeuser-in-den-yorkshire-dales-erleben-sie-england-von-seiner-laendlichen-seite\/\" \/>\n<meta property=\"og:locale\" content=\"en_US\" \/>\n<meta property=\"og:type\" content=\"article\" \/>\n<meta property=\"og:title\" content=\"Ferienh\u00e4user in den Yorkshire Dales \u2013 erleben Sie England von seiner l\u00e4ndlichen Seite - Urlaub &amp; Reisen\" \/>\n<meta property=\"og:description\" content=\"Die Yorkshire Dales bezaubern mit ihrer wundersch\u00f6nen Natur und bieten ihren Besuchern einen Geschmack des l\u00e4ndlichen Nordens von England. Die Ferienh\u00e4user liegen in der N\u00e4he der wundersch\u00f6nen Landschaft von Swaledale. Die Gegend eignet sich f\u00fcr einen unvergesslichen Familienurlaub oder als Abstecher einer Rundreise durch diesen Teil Gro\u00dfbritanniens gleicherma\u00dfen.Diese luxuri\u00f6sen Ferienh\u00e4user beeindrucken mit einem preisgekr\u00f6nten Design [&hellip;]\" \/>\n<meta property=\"og:url\" content=\"https:\/\/www.urlaubcornwall.de\/blog\/ferienhaeuser-in-den-yorkshire-dales-erleben-sie-england-von-seiner-laendlichen-seite\/\" \/>\n<meta property=\"og:site_name\" content=\"Urlaub &amp; Reisen\" \/>\n<meta property=\"article:modified_time\" content=\"2024-05-28T15:52:24+00:00\" \/>\n<meta property=\"og:image\" content=\"https:\/\/www.urlaubcornwall.de\/blog\/wp-content\/uploads\/2024\/03\/malham-yorkshire.jpg\" \/>\n<meta name=\"twitter:card\" content=\"summary\" \/>\n<meta name=\"twitter:label1\" content=\"Est. reading time\" \/>\n\t<meta name=\"twitter:data1\" content=\"1 minute\" \/>\n<script type=\"application\/ld+json\" class=\"yoast-schema-graph\">{\"@context\":\"https:\/\/schema.org\",\"@graph\":[{\"@type\":\"WebSite\",\"@id\":\"https:\/\/www.urlaubcornwall.de\/blog\/#website\",\"url\":\"https:\/\/www.urlaubcornwall.de\/blog\/\",\"name\":\"Urlaub &amp; Reisen\",\"description\":\"Urlaub, Reisen, Cornwall und S\u00fcdengland: eine perfekte Kombination\",\"potentialAction\":[{\"@type\":\"SearchAction\",\"target\":{\"@type\":\"EntryPoint\",\"urlTemplate\":\"https:\/\/www.urlaubcornwall.de\/blog\/?s={search_term_string}\"},\"query-input\":\"required name=search_term_string\"}],\"inLanguage\":\"en-US\"},{\"@type\":\"WebPage\",\"@id\":\"https:\/\/www.urlaubcornwall.de\/blog\/ferienhaeuser-in-den-yorkshire-dales-erleben-sie-england-von-seiner-laendlichen-seite\/\",\"url\":\"https:\/\/www.urlaubcornwall.de\/blog\/ferienhaeuser-in-den-yorkshire-dales-erleben-sie-england-von-seiner-laendlichen-seite\/\",\"name\":\"Ferienh\u00e4user in den Yorkshire Dales \u2013 erleben Sie England von seiner l\u00e4ndlichen Seite - Urlaub &amp; Reisen\",\"isPartOf\":{\"@id\":\"https:\/\/www.urlaubcornwall.de\/blog\/#website\"},\"datePublished\":\"2013-09-09T12:59:35+00:00\",\"dateModified\":\"2024-05-28T15:52:24+00:00\",\"breadcrumb\":{\"@id\":\"https:\/\/www.urlaubcornwall.de\/blog\/ferienhaeuser-in-den-yorkshire-dales-erleben-sie-england-von-seiner-laendlichen-seite\/#breadcrumb\"},\"inLanguage\":\"en-US\",\"potentialAction\":[{\"@type\":\"ReadAction\",\"target\":[\"https:\/\/www.urlaubcornwall.de\/blog\/ferienhaeuser-in-den-yorkshire-dales-erleben-sie-england-von-seiner-laendlichen-seite\/\"]}]},{\"@type\":\"BreadcrumbList\",\"@id\":\"https:\/\/www.urlaubcornwall.de\/blog\/ferienhaeuser-in-den-yorkshire-dales-erleben-sie-england-von-seiner-laendlichen-seite\/#breadcrumb\",\"itemListElement\":[{\"@type\":\"ListItem\",\"position\":1,\"name\":\"Home\",\"item\":\"https:\/\/www.urlaubcornwall.de\/blog\/\"},{\"@type\":\"ListItem\",\"position\":2,\"name\":\"Ferienh\u00e4user in den Yorkshire Dales \u2013 erleben Sie England von seiner l\u00e4ndlichen Seite\"}]}]}<\/script>\n<!-- \/ Yoast SEO plugin. -->","yoast_head_json":{"title":"Ferienh\u00e4user in den Yorkshire Dales \u2013 erleben Sie England von seiner l\u00e4ndlichen Seite - Urlaub &amp; Reisen","robots":{"index":"index","follow":"follow","max-snippet":"max-snippet:-1","max-image-preview":"max-image-preview:large","max-video-preview":"max-video-preview:-1"},"canonical":"https:\/\/www.urlaubcornwall.de\/blog\/ferienhaeuser-in-den-yorkshire-dales-erleben-sie-england-von-seiner-laendlichen-seite\/","og_locale":"en_US","og_type":"article","og_title":"Ferienh\u00e4user in den Yorkshire Dales \u2013 erleben Sie England von seiner l\u00e4ndlichen Seite - Urlaub &amp; Reisen","og_description":"Die Yorkshire Dales bezaubern mit ihrer wundersch\u00f6nen Natur und bieten ihren Besuchern einen Geschmack des l\u00e4ndlichen Nordens von England. Die Ferienh\u00e4user liegen in der N\u00e4he der wundersch\u00f6nen Landschaft von Swaledale. Die Gegend eignet sich f\u00fcr einen unvergesslichen Familienurlaub oder als Abstecher einer Rundreise durch diesen Teil Gro\u00dfbritanniens gleicherma\u00dfen.Diese luxuri\u00f6sen Ferienh\u00e4user beeindrucken mit einem preisgekr\u00f6nten Design [&hellip;]","og_url":"https:\/\/www.urlaubcornwall.de\/blog\/ferienhaeuser-in-den-yorkshire-dales-erleben-sie-england-von-seiner-laendlichen-seite\/","og_site_name":"Urlaub &amp; Reisen","article_modified_time":"2024-05-28T15:52:24+00:00","og_image":[{"url":"https:\/\/www.urlaubcornwall.de\/blog\/wp-content\/uploads\/2024\/03\/malham-yorkshire.jpg"}],"twitter_card":"summary","twitter_misc":{"Est. reading time":"1 minute"},"schema":{"@context":"https:\/\/schema.org","@graph":[{"@type":"WebSite","@id":"https:\/\/www.urlaubcornwall.de\/blog\/#website","url":"https:\/\/www.urlaubcornwall.de\/blog\/","name":"Urlaub &amp; Reisen","description":"Urlaub, Reisen, Cornwall und S\u00fcdengland: eine perfekte Kombination","potentialAction":[{"@type":"SearchAction","target":{"@type":"EntryPoint","urlTemplate":"https:\/\/www.urlaubcornwall.de\/blog\/?s={search_term_string}"},"query-input":"required name=search_term_string"}],"inLanguage":"en-US"},{"@type":"WebPage","@id":"https:\/\/www.urlaubcornwall.de\/blog\/ferienhaeuser-in-den-yorkshire-dales-erleben-sie-england-von-seiner-laendlichen-seite\/","url":"https:\/\/www.urlaubcornwall.de\/blog\/ferienhaeuser-in-den-yorkshire-dales-erleben-sie-england-von-seiner-laendlichen-seite\/","name":"Ferienh\u00e4user in den Yorkshire Dales \u2013 erleben Sie England von seiner l\u00e4ndlichen Seite - Urlaub &amp; Reisen","isPartOf":{"@id":"https:\/\/www.urlaubcornwall.de\/blog\/#website"},"datePublished":"2013-09-09T12:59:35+00:00","dateModified":"2024-05-28T15:52:24+00:00","breadcrumb":{"@id":"https:\/\/www.urlaubcornwall.de\/blog\/ferienhaeuser-in-den-yorkshire-dales-erleben-sie-england-von-seiner-laendlichen-seite\/#breadcrumb"},"inLanguage":"en-US","potentialAction":[{"@type":"ReadAction","target":["https:\/\/www.urlaubcornwall.de\/blog\/ferienhaeuser-in-den-yorkshire-dales-erleben-sie-england-von-seiner-laendlichen-seite\/"]}]},{"@type":"BreadcrumbList","@id":"https:\/\/www.urlaubcornwall.de\/blog\/ferienhaeuser-in-den-yorkshire-dales-erleben-sie-england-von-seiner-laendlichen-seite\/#breadcrumb","itemListElement":[{"@type":"ListItem","position":1,"name":"Home","item":"https:\/\/www.urlaubcornwall.de\/blog\/"},{"@type":"ListItem","position":2,"name":"Ferienh\u00e4user in den Yorkshire Dales \u2013 erleben Sie England von seiner l\u00e4ndlichen Seite"}]}]}},"_links":{"self":[{"href":"https:\/\/www.urlaubcornwall.de\/blog\/wp-json\/wp\/v2\/pages\/10949"}],"collection":[{"href":"https:\/\/www.urlaubcornwall.de\/blog\/wp-json\/wp\/v2\/pages"}],"about":[{"href":"https:\/\/www.urlaubcornwall.de\/blog\/wp-json\/wp\/v2\/types\/page"}],"author":[{"embeddable":true,"href":"https:\/\/www.urlaubcornwall.de\/blog\/wp-json\/wp\/v2\/users\/1"}],"replies":[{"embeddable":true,"href":"https:\/\/www.urlaubcornwall.de\/blog\/wp-json\/wp\/v2\/comments?post=10949"}],"version-history":[{"count":51,"href":"https:\/\/www.urlaubcornwall.de\/blog\/wp-json\/wp\/v2\/pages\/10949\/revisions"}],"predecessor-version":[{"id":50508,"href":"https:\/\/www.urlaubcornwall.de\/blog\/wp-json\/wp\/v2\/pages\/10949\/revisions\/50508"}],"wp:attachment":[{"href":"https:\/\/www.urlaubcornwall.de\/blog\/wp-json\/wp\/v2\/media?parent=10949"}],"curies":[{"name":"wp","href":"https:\/\/api.w.org\/{rel}","templated":true}]}}