{"id":10573,"date":"2013-08-16T10:25:21","date_gmt":"2013-08-16T10:25:21","guid":{"rendered":"https:\/\/www.urlaubcornwall.de\/blog\/?page_id=10573"},"modified":"2024-05-28T15:53:27","modified_gmt":"2024-05-28T15:53:27","slug":"anreise-nach-tulloch-in-den-schottischen-west-highlands","status":"publish","type":"page","link":"https:\/\/www.urlaubcornwall.de\/blog\/anreise-nach-tulloch-in-den-schottischen-west-highlands\/","title":{"rendered":"Anreise nach Tulloch in den schottischen West Highlands"},"content":{"rendered":"<p><a href=\"https:\/\/www.urlaubcornwall.de\/blog\/wp-content\/uploads\/2024\/03\/schottland-highlands.jpg\"><img loading=\"lazy\" src=\"https:\/\/www.urlaubcornwall.de\/blog\/wp-content\/uploads\/2024\/03\/schottland-highlands.jpg\" alt=\"schottland highlands\" width=\"750\" height=\"563\" class=\"alignnone size-full wp-image-47903\" srcset=\"https:\/\/www.urlaubcornwall.de\/blog\/wp-content\/uploads\/2024\/03\/schottland-highlands.jpg 750w, https:\/\/www.urlaubcornwall.de\/blog\/wp-content\/uploads\/2024\/03\/schottland-highlands-300x225.jpg 300w\" sizes=\"(max-width: 750px) 100vw, 750px\" \/><\/a><br \/>\n<strong>MIT DEM FLUGZEUG<\/strong><\/p>\n<p>Die beiden am g\u00fcnstigsten gelegenen Flugh\u00e4fen, um <a title=\"Ferienh\u00e4user in den West Highlands von Schottland\" href=\"http:\/\/www.urlaubcornwall.de\/natural-retreats.php\"><span style=\"text-decoration: underline;\"><strong>Natural Retreats in den West Highlands<\/strong><\/span><\/a> zu erreichen, sind die Flugh\u00e4fen von Inverness und Glasgow. Autoverleih ist an beiden Flugh\u00e4fen verf\u00fcgbar und G\u00e4ste von Natural Retreats genie\u00dfen bei Europcar eine Erm\u00e4\u00dfigung von 10 %.<\/p>\n<p><span style=\"text-decoration: underline;\"><strong><a href=\"https:\/\/www.holidaytaxis.com\/de\/?ref=EMJCO\" target=\"_blank\" rel=\"nofollow noopener\">Flughafentransfers &#8211; G\u00fcnstige &amp; Verl\u00e4ssliche Taxitransfers &gt;&gt;<\/a><br \/>\n<\/strong><\/span><\/p>\n<p><strong>MIT DER BAHN<\/strong><\/p>\n<p>Beide Ferienh\u00e4user befinden sich nur wenige Meter vom Bahnhof in Tulloch entfernt, der direkt an der West Highland Bahnstrecke nach Fort William liegt. Ein Nachtzug mit Schlafwagen f\u00e4hrt jeden Abend (au\u00dfer sonnabends) vom Bahnhof London Euston um 21:00 Uhr ab und erreicht Tulloch um 09:00 Uhr am folgenden Morgen.<\/p>\n<p>Von Edinburgh und Glasgow bietet Scotrail eine Direktzugverbindung 4 Mal am Tag nach Tulloch.<\/p>\n<p><strong>Alle Unterk\u00fcnfte sind familienfreundlich und luxuri\u00f6s ausgestattet. In den Unterk\u00fcnften in Gro\u00dfbritannien sind Hunde gestattet.<\/strong><\/p>\n<p><strong>Natural Retreats \u2013 West Highlands<\/strong><br \/>\nRushyglen Cottage and The Old Schoolhouse<br \/>\nTulloch<br \/>\nRoy Bridge<br \/>\nInverness\u2013shire<br \/>\nPH31 4AR*<br \/>\nSchottland<\/p>\n<p>*Beachten Sie bitte, dass ein GPS-Navigationssystem Sie nicht direkt zu der Postleitzahl f\u00fchrt, sondern versucht, Sie eine gesperrte Strecke hinaufzuf\u00fchren.<\/p>\n","protected":false},"excerpt":{"rendered":"<p>MIT DEM FLUGZEUG Die beiden am g\u00fcnstigsten gelegenen Flugh\u00e4fen, um Natural Retreats in den West Highlands zu erreichen, sind die Flugh\u00e4fen von Inverness und Glasgow. Autoverleih ist an beiden Flugh\u00e4fen verf\u00fcgbar und G\u00e4ste von Natural Retreats genie\u00dfen bei Europcar eine Erm\u00e4\u00dfigung von 10 %. Flughafentransfers &#8211; G\u00fcnstige &amp; Verl\u00e4ssliche Taxitransfers &gt;&gt; MIT DER BAHN Beide [&hellip;]<\/p>\n","protected":false},"author":1,"featured_media":0,"parent":0,"menu_order":0,"comment_status":"closed","ping_status":"closed","template":"single-four.php","meta":[],"acf":[],"yoast_head":"<!-- This site is optimized with the Yoast SEO plugin v19.4 - https:\/\/yoast.com\/wordpress\/plugins\/seo\/ -->\n<title>Anreise nach Tulloch in den schottischen West Highlands - Urlaub &amp; Reisen<\/title>\n<meta name=\"robots\" content=\"index, follow, max-snippet:-1, max-image-preview:large, max-video-preview:-1\" \/>\n<link rel=\"canonical\" href=\"https:\/\/www.urlaubcornwall.de\/blog\/anreise-nach-tulloch-in-den-schottischen-west-highlands\/\" \/>\n<meta property=\"og:locale\" content=\"en_US\" \/>\n<meta property=\"og:type\" content=\"article\" \/>\n<meta property=\"og:title\" content=\"Anreise nach Tulloch in den schottischen West Highlands - Urlaub &amp; Reisen\" \/>\n<meta property=\"og:description\" content=\"MIT DEM FLUGZEUG Die beiden am g\u00fcnstigsten gelegenen Flugh\u00e4fen, um Natural Retreats in den West Highlands zu erreichen, sind die Flugh\u00e4fen von Inverness und Glasgow. Autoverleih ist an beiden Flugh\u00e4fen verf\u00fcgbar und G\u00e4ste von Natural Retreats genie\u00dfen bei Europcar eine Erm\u00e4\u00dfigung von 10 %. Flughafentransfers &#8211; G\u00fcnstige &amp; Verl\u00e4ssliche Taxitransfers &gt;&gt; MIT DER BAHN Beide [&hellip;]\" \/>\n<meta property=\"og:url\" content=\"https:\/\/www.urlaubcornwall.de\/blog\/anreise-nach-tulloch-in-den-schottischen-west-highlands\/\" \/>\n<meta property=\"og:site_name\" content=\"Urlaub &amp; Reisen\" \/>\n<meta property=\"article:modified_time\" content=\"2024-05-28T15:53:27+00:00\" \/>\n<meta property=\"og:image\" content=\"https:\/\/www.urlaubcornwall.de\/blog\/wp-content\/uploads\/2024\/03\/schottland-highlands.jpg\" \/>\n<meta name=\"twitter:card\" content=\"summary\" \/>\n<meta name=\"twitter:label1\" content=\"Est. reading time\" \/>\n\t<meta name=\"twitter:data1\" content=\"1 minute\" \/>\n<script type=\"application\/ld+json\" class=\"yoast-schema-graph\">{\"@context\":\"https:\/\/schema.org\",\"@graph\":[{\"@type\":\"WebSite\",\"@id\":\"https:\/\/www.urlaubcornwall.de\/blog\/#website\",\"url\":\"https:\/\/www.urlaubcornwall.de\/blog\/\",\"name\":\"Urlaub &amp; Reisen\",\"description\":\"Urlaub, Reisen, Cornwall und S\u00fcdengland: eine perfekte Kombination\",\"potentialAction\":[{\"@type\":\"SearchAction\",\"target\":{\"@type\":\"EntryPoint\",\"urlTemplate\":\"https:\/\/www.urlaubcornwall.de\/blog\/?s={search_term_string}\"},\"query-input\":\"required name=search_term_string\"}],\"inLanguage\":\"en-US\"},{\"@type\":\"WebPage\",\"@id\":\"https:\/\/www.urlaubcornwall.de\/blog\/anreise-nach-tulloch-in-den-schottischen-west-highlands\/\",\"url\":\"https:\/\/www.urlaubcornwall.de\/blog\/anreise-nach-tulloch-in-den-schottischen-west-highlands\/\",\"name\":\"Anreise nach Tulloch in den schottischen West Highlands - Urlaub &amp; Reisen\",\"isPartOf\":{\"@id\":\"https:\/\/www.urlaubcornwall.de\/blog\/#website\"},\"datePublished\":\"2013-08-16T10:25:21+00:00\",\"dateModified\":\"2024-05-28T15:53:27+00:00\",\"breadcrumb\":{\"@id\":\"https:\/\/www.urlaubcornwall.de\/blog\/anreise-nach-tulloch-in-den-schottischen-west-highlands\/#breadcrumb\"},\"inLanguage\":\"en-US\",\"potentialAction\":[{\"@type\":\"ReadAction\",\"target\":[\"https:\/\/www.urlaubcornwall.de\/blog\/anreise-nach-tulloch-in-den-schottischen-west-highlands\/\"]}]},{\"@type\":\"BreadcrumbList\",\"@id\":\"https:\/\/www.urlaubcornwall.de\/blog\/anreise-nach-tulloch-in-den-schottischen-west-highlands\/#breadcrumb\",\"itemListElement\":[{\"@type\":\"ListItem\",\"position\":1,\"name\":\"Home\",\"item\":\"https:\/\/www.urlaubcornwall.de\/blog\/\"},{\"@type\":\"ListItem\",\"position\":2,\"name\":\"Anreise nach Tulloch in den schottischen West Highlands\"}]}]}<\/script>\n<!-- \/ Yoast SEO plugin. -->","yoast_head_json":{"title":"Anreise nach Tulloch in den schottischen West Highlands - Urlaub &amp; Reisen","robots":{"index":"index","follow":"follow","max-snippet":"max-snippet:-1","max-image-preview":"max-image-preview:large","max-video-preview":"max-video-preview:-1"},"canonical":"https:\/\/www.urlaubcornwall.de\/blog\/anreise-nach-tulloch-in-den-schottischen-west-highlands\/","og_locale":"en_US","og_type":"article","og_title":"Anreise nach Tulloch in den schottischen West Highlands - Urlaub &amp; Reisen","og_description":"MIT DEM FLUGZEUG Die beiden am g\u00fcnstigsten gelegenen Flugh\u00e4fen, um Natural Retreats in den West Highlands zu erreichen, sind die Flugh\u00e4fen von Inverness und Glasgow. Autoverleih ist an beiden Flugh\u00e4fen verf\u00fcgbar und G\u00e4ste von Natural Retreats genie\u00dfen bei Europcar eine Erm\u00e4\u00dfigung von 10 %. Flughafentransfers &#8211; G\u00fcnstige &amp; Verl\u00e4ssliche Taxitransfers &gt;&gt; MIT DER BAHN Beide [&hellip;]","og_url":"https:\/\/www.urlaubcornwall.de\/blog\/anreise-nach-tulloch-in-den-schottischen-west-highlands\/","og_site_name":"Urlaub &amp; Reisen","article_modified_time":"2024-05-28T15:53:27+00:00","og_image":[{"url":"https:\/\/www.urlaubcornwall.de\/blog\/wp-content\/uploads\/2024\/03\/schottland-highlands.jpg"}],"twitter_card":"summary","twitter_misc":{"Est. reading time":"1 minute"},"schema":{"@context":"https:\/\/schema.org","@graph":[{"@type":"WebSite","@id":"https:\/\/www.urlaubcornwall.de\/blog\/#website","url":"https:\/\/www.urlaubcornwall.de\/blog\/","name":"Urlaub &amp; Reisen","description":"Urlaub, Reisen, Cornwall und S\u00fcdengland: eine perfekte Kombination","potentialAction":[{"@type":"SearchAction","target":{"@type":"EntryPoint","urlTemplate":"https:\/\/www.urlaubcornwall.de\/blog\/?s={search_term_string}"},"query-input":"required name=search_term_string"}],"inLanguage":"en-US"},{"@type":"WebPage","@id":"https:\/\/www.urlaubcornwall.de\/blog\/anreise-nach-tulloch-in-den-schottischen-west-highlands\/","url":"https:\/\/www.urlaubcornwall.de\/blog\/anreise-nach-tulloch-in-den-schottischen-west-highlands\/","name":"Anreise nach Tulloch in den schottischen West Highlands - Urlaub &amp; Reisen","isPartOf":{"@id":"https:\/\/www.urlaubcornwall.de\/blog\/#website"},"datePublished":"2013-08-16T10:25:21+00:00","dateModified":"2024-05-28T15:53:27+00:00","breadcrumb":{"@id":"https:\/\/www.urlaubcornwall.de\/blog\/anreise-nach-tulloch-in-den-schottischen-west-highlands\/#breadcrumb"},"inLanguage":"en-US","potentialAction":[{"@type":"ReadAction","target":["https:\/\/www.urlaubcornwall.de\/blog\/anreise-nach-tulloch-in-den-schottischen-west-highlands\/"]}]},{"@type":"BreadcrumbList","@id":"https:\/\/www.urlaubcornwall.de\/blog\/anreise-nach-tulloch-in-den-schottischen-west-highlands\/#breadcrumb","itemListElement":[{"@type":"ListItem","position":1,"name":"Home","item":"https:\/\/www.urlaubcornwall.de\/blog\/"},{"@type":"ListItem","position":2,"name":"Anreise nach Tulloch in den schottischen West Highlands"}]}]}},"_links":{"self":[{"href":"https:\/\/www.urlaubcornwall.de\/blog\/wp-json\/wp\/v2\/pages\/10573"}],"collection":[{"href":"https:\/\/www.urlaubcornwall.de\/blog\/wp-json\/wp\/v2\/pages"}],"about":[{"href":"https:\/\/www.urlaubcornwall.de\/blog\/wp-json\/wp\/v2\/types\/page"}],"author":[{"embeddable":true,"href":"https:\/\/www.urlaubcornwall.de\/blog\/wp-json\/wp\/v2\/users\/1"}],"replies":[{"embeddable":true,"href":"https:\/\/www.urlaubcornwall.de\/blog\/wp-json\/wp\/v2\/comments?post=10573"}],"version-history":[{"count":11,"href":"https:\/\/www.urlaubcornwall.de\/blog\/wp-json\/wp\/v2\/pages\/10573\/revisions"}],"predecessor-version":[{"id":50509,"href":"https:\/\/www.urlaubcornwall.de\/blog\/wp-json\/wp\/v2\/pages\/10573\/revisions\/50509"}],"wp:attachment":[{"href":"https:\/\/www.urlaubcornwall.de\/blog\/wp-json\/wp\/v2\/media?parent=10573"}],"curies":[{"name":"wp","href":"https:\/\/api.w.org\/{rel}","templated":true}]}}