{"id":10539,"date":"2013-08-16T09:05:05","date_gmt":"2013-08-16T09:05:05","guid":{"rendered":"https:\/\/www.urlaubcornwall.de\/blog\/?page_id=10539"},"modified":"2024-05-28T15:54:15","modified_gmt":"2024-05-28T15:54:15","slug":"anreise-nach-john-ogroats-und-dem-norden-schottlands","status":"publish","type":"page","link":"https:\/\/www.urlaubcornwall.de\/blog\/anreise-nach-john-ogroats-und-dem-norden-schottlands\/","title":{"rendered":"Anreise nach Nordschottland und John O\u2019Groats."},"content":{"rendered":"<p><a href=\"https:\/\/www.urlaubcornwall.de\/blog\/wp-content\/uploads\/2024\/03\/Achmelvich-schottland-strand.jpg\"><img loading=\"lazy\" src=\"https:\/\/www.urlaubcornwall.de\/blog\/wp-content\/uploads\/2024\/03\/Achmelvich-schottland-strand.jpg\" alt=\"Achmelvich, schottland strand\" width=\"750\" height=\"498\" class=\"alignnone size-full wp-image-48012\" srcset=\"https:\/\/www.urlaubcornwall.de\/blog\/wp-content\/uploads\/2024\/03\/Achmelvich-schottland-strand.jpg 750w, https:\/\/www.urlaubcornwall.de\/blog\/wp-content\/uploads\/2024\/03\/Achmelvich-schottland-strand-300x199.jpg 300w\" sizes=\"(max-width: 750px) 100vw, 750px\" \/><\/a><br \/>\n<b>Reisen in den schottischen Highlands <\/b><\/p>\n<p><strong>MIT DEM FLUGZEUG<\/strong><\/p>\n<p>Der Flughafen Wick John O\u2019Groats ist nur eine 30-min\u00fctige Fahrt vom <span style=\"text-decoration: underline;\">Natural Retreats John O\u2018Groats<\/span> entfernt. Es gibt Fl\u00fcge nach Aberdeen und Edinburgh von vielen der gr\u00f6\u00dften Flugh\u00e4fen im Vereinigten K\u00f6nigreich, darunter:<\/p>\n<p>British Airways: London (Heathrow, Gatwick und City)<br \/>\nFlybe: Birmingham, Manchester, Southampton<br \/>\nEastern Airways: East Midlands, Leeds Bradford, Newcastle<\/p>\n<p>Als Alternative k\u00f6nnen Sie auch den Flughafen von Inverness anfliegen, der etwa eine 2 \u00be st\u00fcndige Autofahrt entfernt liegt. Die beiden Fluglinien EasyJet (Bristol, London Gatwick und Luton) und Flybe (u.a. Amsterdam, Birmingham und Manchester) bieten Direktfl\u00fcge an.<\/p>\n<p><strong>MIT DER BAHN<\/strong><\/p>\n<p>ScotRail betreiben das ganze Jahr \u00fcber einen Direktzugservice von Inverness nach Wick und Thurso (4x t\u00e4glich, an Sonntagen 1x t\u00e4glich). Wick und Thurso liegen 30 Minuten von John O\u2018Groats entfernt und an beiden Bahnh\u00f6fen gibt es Anschlussverbindungen mit Bus.<\/p>\n<p>Z\u00fcge nach Inverness verkehren direkt von London aus \u00fcber East Coast sowie von Glasgow, Edinburgh und Aberdeen. Auf der Strecke von London nach Inverness bietet der Caledonian Schlafwagen von ScotRail eine Reisealternative und die Nachtreise erm\u00f6glicht es Ihnen, Ihren Aufenthalt in den schottischen Highlands zu maximieren. In Inverness und Wick steht Ihnen eine Autovermietung zur Verf\u00fcgung.<\/p>\n<p><strong>MIT DEM REISEBUS<\/strong><\/p>\n<p>Das Reisebusunternehmen National Express betreibt 2x t\u00e4glich einen Reisebusservice von London Victoria nach Inverness.<\/p>\n<p>Natural Retreats: Alle Unterk\u00fcnfte sind familienfreundlich und luxuri\u00f6s ausgestattet. In den Unterk\u00fcnften in Gro\u00dfbritannien sind Hunde gestattet.<\/p>\n<p><strong>Unternehmungsm\u00f6glichkeiten &amp; Aktivit\u00e4ten<\/strong><\/p>\n<p>Es erwartet Sie hier eine sehr vielf\u00e4ltige Tierwelt und Sie k\u00f6nnen Seehunde und Kegelrobben sowie eine bunte Vogelwelt beobachten, wie Lummen, Dreizehenm\u00f6wen und den ber\u00fchmten Papageientaucher. Ein Besuch bei einem Aquarium ist nicht notwendig, denn vor der K\u00fcste von John O\u2018Groats spielt sich das wahre Meeresleben ab. Dort sind einige der sch\u00f6nsten Meerestiere beheimatet, wie der Zwergwal, Delfine, Schweinswale, Riesenhaie und sogar Killerwale.<\/p>\n<p>Erfahren Sie mehr \u00fcber nahegelegene <a href=\"https:\/\/www.urlaubcornwall.de\/blog\/2013\/07\/die-5-besten-urlaubstipps-fuer-die-schottischen-highlands\/\"><b>Unternehmungsm\u00f6glichkeiten, Ausfl\u00fcge und Sehensw\u00fcrdigkeiten<\/b>.<\/a><\/p>\n<div class=\"snippet\"> <a class=\"featured-item\" href=\" https:\/\/www.urlaubcornwall.de\/ferienhaeuser\/schottland.php\"> <span class=\"image-holder\" style=\"background-image: url(' https:\/\/www.urlaubcornwall.de\/blog\/wp-content\/uploads\/2019\/01\/urlaub-schottland-highlands-1.jpg ');\"><\/span> <span class=\"featured-content\"> \n<h2 class=\"featured-title\">Bei uns finden Sie Ferienh\u00e4user in Schottland zum Verlieben!<\/h2>\n<p class=\"featured-body\">Untenstehend finden Sie eine Auswahl an Ferienh\u00e4usern in Schottland. Hier finden Sie pers\u00f6nlich inspizierte Cottages entlang der schottischen K\u00fcste, in den schottischen Highlands und auf den Inseln&#8230;..<\/p>\n<\/span> <span class=\"featured-link-holder\"> <span class=\"featured-extra-info\"> \n<p>F\u00fcr Paare, Familien &#038; Gruppen<\/p>\n<\/span> \n<p class=\"featured-link\">DETAILS<\/p>\n<\/span> <\/a><\/div>\n<div class=\"snippet\"> <a class=\"featured-item\" href=\" https:\/\/www.urlaubcornwall.de\/blog\/rundreisen-schottland\/\"> <span class=\"image-holder\" style=\"background-image: url(' https:\/\/www.urlaubcornwall.de\/blog\/wp-content\/uploads\/2019\/01\/urlaub-schottland-highlands.jpg ');\"><\/span> <span class=\"featured-content\"> \n<h2 class=\"featured-title\">Rundreise durch Schottland: mit dem Auto bereisen <\/h2>\n<p class=\"featured-body\">Urlaub in Schottland haben etwas f\u00fcr jeden Geschmack zu bieten \u2013 herrliche Sonnenunterg\u00e4nge \u00fcber magischen Inseln, wundersch\u00f6ne und dramatische K\u00fcstenstriche, tiefe, verborgene T\u00e4ler und eine unglaubliche Landschaft&#8230;<\/p>\n<\/span> <span class=\"featured-link-holder\"> <span class=\"featured-extra-info\"> \n<p>Ready Made Touren<\/p>\n<\/span> \n<p class=\"featured-link\">DETAILS<\/p>\n<\/span> <\/a><\/div>\n<p style=\"text-align: center;\">UrlaubCornwall.de hat seinen Firmensitz in Cornwall in S\u00fcdwestengland und bietet Kunden im Deutsch sprechenden Europa Hilfe im Erstellen der perfekten Urlaubserfahrung hier. Wir haben <a href=\"http:\/\/www.urlaubcornwall.de\/rundreisenservice.php\">ein Team Deutsch sprechender Experten<\/a>, so dass wir eine individuelle Urlaub in Gro\u00dfbritannien.<\/p>\n","protected":false},"excerpt":{"rendered":"<p>Reisen in den schottischen Highlands MIT DEM FLUGZEUG Der Flughafen Wick John O\u2019Groats ist nur eine 30-min\u00fctige Fahrt vom Natural Retreats John O\u2018Groats entfernt. Es gibt Fl\u00fcge nach Aberdeen und Edinburgh von vielen der gr\u00f6\u00dften Flugh\u00e4fen im Vereinigten K\u00f6nigreich, darunter: British Airways: London (Heathrow, Gatwick und City) Flybe: Birmingham, Manchester, Southampton Eastern Airways: East Midlands, [&hellip;]<\/p>\n","protected":false},"author":1,"featured_media":0,"parent":0,"menu_order":0,"comment_status":"closed","ping_status":"closed","template":"single-four.php","meta":[],"acf":[],"yoast_head":"<!-- This site is optimized with the Yoast SEO plugin v19.4 - https:\/\/yoast.com\/wordpress\/plugins\/seo\/ -->\n<title>Anreise nach Nordschottland und John O\u2019Groats. - Urlaub &amp; Reisen<\/title>\n<meta name=\"robots\" content=\"index, follow, max-snippet:-1, max-image-preview:large, max-video-preview:-1\" \/>\n<link rel=\"canonical\" href=\"https:\/\/www.urlaubcornwall.de\/blog\/anreise-nach-john-ogroats-und-dem-norden-schottlands\/\" \/>\n<meta property=\"og:locale\" content=\"en_US\" \/>\n<meta property=\"og:type\" content=\"article\" \/>\n<meta property=\"og:title\" content=\"Anreise nach Nordschottland und John O\u2019Groats. - Urlaub &amp; Reisen\" \/>\n<meta property=\"og:description\" content=\"Reisen in den schottischen Highlands MIT DEM FLUGZEUG Der Flughafen Wick John O\u2019Groats ist nur eine 30-min\u00fctige Fahrt vom Natural Retreats John O\u2018Groats entfernt. Es gibt Fl\u00fcge nach Aberdeen und Edinburgh von vielen der gr\u00f6\u00dften Flugh\u00e4fen im Vereinigten K\u00f6nigreich, darunter: British Airways: London (Heathrow, Gatwick und City) Flybe: Birmingham, Manchester, Southampton Eastern Airways: East Midlands, [&hellip;]\" \/>\n<meta property=\"og:url\" content=\"https:\/\/www.urlaubcornwall.de\/blog\/anreise-nach-john-ogroats-und-dem-norden-schottlands\/\" \/>\n<meta property=\"og:site_name\" content=\"Urlaub &amp; Reisen\" \/>\n<meta property=\"article:modified_time\" content=\"2024-05-28T15:54:15+00:00\" \/>\n<meta property=\"og:image\" content=\"https:\/\/www.urlaubcornwall.de\/blog\/wp-content\/uploads\/2024\/03\/Achmelvich-schottland-strand.jpg\" \/>\n<meta name=\"twitter:card\" content=\"summary\" \/>\n<meta name=\"twitter:label1\" content=\"Est. reading time\" \/>\n\t<meta name=\"twitter:data1\" content=\"2 minutes\" \/>\n<script type=\"application\/ld+json\" class=\"yoast-schema-graph\">{\"@context\":\"https:\/\/schema.org\",\"@graph\":[{\"@type\":\"WebSite\",\"@id\":\"https:\/\/www.urlaubcornwall.de\/blog\/#website\",\"url\":\"https:\/\/www.urlaubcornwall.de\/blog\/\",\"name\":\"Urlaub &amp; Reisen\",\"description\":\"Urlaub, Reisen, Cornwall und S\u00fcdengland: eine perfekte Kombination\",\"potentialAction\":[{\"@type\":\"SearchAction\",\"target\":{\"@type\":\"EntryPoint\",\"urlTemplate\":\"https:\/\/www.urlaubcornwall.de\/blog\/?s={search_term_string}\"},\"query-input\":\"required name=search_term_string\"}],\"inLanguage\":\"en-US\"},{\"@type\":\"WebPage\",\"@id\":\"https:\/\/www.urlaubcornwall.de\/blog\/anreise-nach-john-ogroats-und-dem-norden-schottlands\/\",\"url\":\"https:\/\/www.urlaubcornwall.de\/blog\/anreise-nach-john-ogroats-und-dem-norden-schottlands\/\",\"name\":\"Anreise nach Nordschottland und John O\u2019Groats. - Urlaub &amp; Reisen\",\"isPartOf\":{\"@id\":\"https:\/\/www.urlaubcornwall.de\/blog\/#website\"},\"datePublished\":\"2013-08-16T09:05:05+00:00\",\"dateModified\":\"2024-05-28T15:54:15+00:00\",\"breadcrumb\":{\"@id\":\"https:\/\/www.urlaubcornwall.de\/blog\/anreise-nach-john-ogroats-und-dem-norden-schottlands\/#breadcrumb\"},\"inLanguage\":\"en-US\",\"potentialAction\":[{\"@type\":\"ReadAction\",\"target\":[\"https:\/\/www.urlaubcornwall.de\/blog\/anreise-nach-john-ogroats-und-dem-norden-schottlands\/\"]}]},{\"@type\":\"BreadcrumbList\",\"@id\":\"https:\/\/www.urlaubcornwall.de\/blog\/anreise-nach-john-ogroats-und-dem-norden-schottlands\/#breadcrumb\",\"itemListElement\":[{\"@type\":\"ListItem\",\"position\":1,\"name\":\"Home\",\"item\":\"https:\/\/www.urlaubcornwall.de\/blog\/\"},{\"@type\":\"ListItem\",\"position\":2,\"name\":\"Anreise nach Nordschottland und John O\u2019Groats.\"}]}]}<\/script>\n<!-- \/ Yoast SEO plugin. -->","yoast_head_json":{"title":"Anreise nach Nordschottland und John O\u2019Groats. - Urlaub &amp; Reisen","robots":{"index":"index","follow":"follow","max-snippet":"max-snippet:-1","max-image-preview":"max-image-preview:large","max-video-preview":"max-video-preview:-1"},"canonical":"https:\/\/www.urlaubcornwall.de\/blog\/anreise-nach-john-ogroats-und-dem-norden-schottlands\/","og_locale":"en_US","og_type":"article","og_title":"Anreise nach Nordschottland und John O\u2019Groats. - Urlaub &amp; Reisen","og_description":"Reisen in den schottischen Highlands MIT DEM FLUGZEUG Der Flughafen Wick John O\u2019Groats ist nur eine 30-min\u00fctige Fahrt vom Natural Retreats John O\u2018Groats entfernt. Es gibt Fl\u00fcge nach Aberdeen und Edinburgh von vielen der gr\u00f6\u00dften Flugh\u00e4fen im Vereinigten K\u00f6nigreich, darunter: British Airways: London (Heathrow, Gatwick und City) Flybe: Birmingham, Manchester, Southampton Eastern Airways: East Midlands, [&hellip;]","og_url":"https:\/\/www.urlaubcornwall.de\/blog\/anreise-nach-john-ogroats-und-dem-norden-schottlands\/","og_site_name":"Urlaub &amp; Reisen","article_modified_time":"2024-05-28T15:54:15+00:00","og_image":[{"url":"https:\/\/www.urlaubcornwall.de\/blog\/wp-content\/uploads\/2024\/03\/Achmelvich-schottland-strand.jpg"}],"twitter_card":"summary","twitter_misc":{"Est. reading time":"2 minutes"},"schema":{"@context":"https:\/\/schema.org","@graph":[{"@type":"WebSite","@id":"https:\/\/www.urlaubcornwall.de\/blog\/#website","url":"https:\/\/www.urlaubcornwall.de\/blog\/","name":"Urlaub &amp; Reisen","description":"Urlaub, Reisen, Cornwall und S\u00fcdengland: eine perfekte Kombination","potentialAction":[{"@type":"SearchAction","target":{"@type":"EntryPoint","urlTemplate":"https:\/\/www.urlaubcornwall.de\/blog\/?s={search_term_string}"},"query-input":"required name=search_term_string"}],"inLanguage":"en-US"},{"@type":"WebPage","@id":"https:\/\/www.urlaubcornwall.de\/blog\/anreise-nach-john-ogroats-und-dem-norden-schottlands\/","url":"https:\/\/www.urlaubcornwall.de\/blog\/anreise-nach-john-ogroats-und-dem-norden-schottlands\/","name":"Anreise nach Nordschottland und John O\u2019Groats. - Urlaub &amp; Reisen","isPartOf":{"@id":"https:\/\/www.urlaubcornwall.de\/blog\/#website"},"datePublished":"2013-08-16T09:05:05+00:00","dateModified":"2024-05-28T15:54:15+00:00","breadcrumb":{"@id":"https:\/\/www.urlaubcornwall.de\/blog\/anreise-nach-john-ogroats-und-dem-norden-schottlands\/#breadcrumb"},"inLanguage":"en-US","potentialAction":[{"@type":"ReadAction","target":["https:\/\/www.urlaubcornwall.de\/blog\/anreise-nach-john-ogroats-und-dem-norden-schottlands\/"]}]},{"@type":"BreadcrumbList","@id":"https:\/\/www.urlaubcornwall.de\/blog\/anreise-nach-john-ogroats-und-dem-norden-schottlands\/#breadcrumb","itemListElement":[{"@type":"ListItem","position":1,"name":"Home","item":"https:\/\/www.urlaubcornwall.de\/blog\/"},{"@type":"ListItem","position":2,"name":"Anreise nach Nordschottland und John O\u2019Groats."}]}]}},"_links":{"self":[{"href":"https:\/\/www.urlaubcornwall.de\/blog\/wp-json\/wp\/v2\/pages\/10539"}],"collection":[{"href":"https:\/\/www.urlaubcornwall.de\/blog\/wp-json\/wp\/v2\/pages"}],"about":[{"href":"https:\/\/www.urlaubcornwall.de\/blog\/wp-json\/wp\/v2\/types\/page"}],"author":[{"embeddable":true,"href":"https:\/\/www.urlaubcornwall.de\/blog\/wp-json\/wp\/v2\/users\/1"}],"replies":[{"embeddable":true,"href":"https:\/\/www.urlaubcornwall.de\/blog\/wp-json\/wp\/v2\/comments?post=10539"}],"version-history":[{"count":27,"href":"https:\/\/www.urlaubcornwall.de\/blog\/wp-json\/wp\/v2\/pages\/10539\/revisions"}],"predecessor-version":[{"id":50510,"href":"https:\/\/www.urlaubcornwall.de\/blog\/wp-json\/wp\/v2\/pages\/10539\/revisions\/50510"}],"wp:attachment":[{"href":"https:\/\/www.urlaubcornwall.de\/blog\/wp-json\/wp\/v2\/media?parent=10539"}],"curies":[{"name":"wp","href":"https:\/\/api.w.org\/{rel}","templated":true}]}}