{"id":10508,"date":"2013-08-16T09:11:15","date_gmt":"2013-08-16T09:11:15","guid":{"rendered":"https:\/\/www.urlaubcornwall.de\/blog\/?page_id=10508"},"modified":"2019-04-02T09:09:02","modified_gmt":"2019-04-02T09:09:02","slug":"ferienhaeuser-in-john-ogroats-highlands-das-noerdliche-hochland-schottlands","status":"publish","type":"page","link":"https:\/\/www.urlaubcornwall.de\/blog\/ferienhaeuser-in-john-ogroats-highlands-das-noerdliche-hochland-schottlands\/","title":{"rendered":"Ferienh\u00e4user in John O\u2019Groats, Highlands \u2013 das n\u00f6rdliche Hochland Schottlands"},"content":{"rendered":"<p>Hier finden Sie luxuri\u00f6se Ferienh\u00e4user und&nbsp;Ferienwohnungen in einem winzigen D\u00f6rfchen inmitten einer spektakul\u00e4ren und au\u00dfergew\u00f6hnlichen Landschaft. Sie k\u00f6nnen Schwertwale in ihrer nat\u00fcrlichen Umgebung beobachten, einen Blick auf die Nordlichter erhaschen und das alles direkt hier in Gro\u00dfbritannien in John O\u2018Groats, dem n\u00f6rdlichsten (Northern) Punkt von Schottland.<\/p>\n<p><strong>Urlaub in den&nbsp;Highlands&nbsp;von&nbsp;Schottland &#8211; <\/strong>John O\u2019Groats ist mit einer der vielf\u00e4ltigsten Tierwelten im Vereinigten K\u00f6nigreich gesegnet, von Zwerg- und Schwertwalen zu Seehunden und Delfinen k\u00f6nnen Sie hier einige fantastische Meerestiere in ihrem nat\u00fcrlichen Umfeld beobachten. Nur einen Katzensprung vom gr\u00f6\u00dften Vogelschutzgebiet in Gro\u00dfbritannien entfernt, ist die Region zudem reich an Vogelarten wie Lummen, Dreizehenm\u00f6wen und, am bekanntesten, dem Papageitaucher.<\/p>\n<h1 style=\"text-align: center;\"><strong>Bei uns finden Sie Ferienh\u00e4user zum Verlieben \u2013 so einfach ist das!<\/strong><\/h1>\n<p style=\"text-align: center;\">UrlaubCornwall verf\u00fcgt Ferienh\u00e4user und Ferienwohnungen&nbsp; f\u00fcr Ihren <a href=\"https:\/\/www.urlaubcornwall.de\/reiseziel\/schottland.php\">Urlaub in Schottland<\/a>. Unterk\u00fcnfte der Spitzenklasse f\u00fcr 2 Personen, Familien und Gruppen mit 4, 6, 8, 10 oder 12 G\u00e4sten.<\/p>\n<p style=\"text-align: center;\"><a class=\"tidycta\" href=\"https:\/\/www.urlaubcornwall.de\/ferienhaeuser-fewos\/sco\/nordhighlands-und-inseln\/nordhighlands-und-inseln.html\">Suche Ferienh\u00e4user in Schottland &gt;&gt;<\/a><\/p>\n<p>[tab name=&#8221;<strong>Luxus Unterkunft<\/strong>&#8220;]<\/p>\n<p style=\"text-align: center;\">Natural Retreats haben&nbsp;23 moderne Ferienh\u00e4user und 20 Ferienwohnungen mit 1, 2 oder 3 Schlafzimmern in der atemberaubenden Wildnis von John O\u2018Groats im Angebot, die eine hervorragende Unterkunft in einer einzigartigen wundersch\u00f6nen Lage bieten. Es gibt einen modernen und offenen Wohnbereich, dessen sehr gro\u00dfe Fensterfl\u00e4che eine Wahnsinnsaussicht auf die prachtvolle Umgebung gew\u00e4hrt. So wird die Natur genauso zu Ihrem exquisiten Urlaubserlebnis wie die geschmackvoll eingerichteten Innenr\u00e4ume.<span style=\"color: #999999;\">&nbsp;&nbsp; &nbsp;&nbsp; <\/span><\/p>\n<table>\n<tbody>\n<tr>\n<td><img loading=\"lazy\" class=\"aligncenter size-full wp-image-6603\" style=\"border: 0pt none; padding: 0px;\" src=\"https:\/\/www.urlaubcornwall.de\/blog\/wp-content\/uploads\/2013\/08\/0012.jpg\" alt=\"ferienhaus schottland\" height=\"118\" width=\"148\"\/><\/td>\n<td>\n<h3 style=\"text-align: center;\"><strong>Luxus-Ferienh\u00e4user Nord-Schottland<\/strong><\/h3>\n<p style=\"text-align: center;\">Dieses traditionelle schottische Cottage wurde modernisiert und bietet zwei Schlafzimmer, ]eine stilvolle moderne K\u00fcche und ein Badezimmer. Die wundersch\u00f6ne Einrichtung und die geschmackvollen Akzente vermitteln das Ambiente eines luxuri\u00f6sen Hotelzimmers&#8230;..[<a href=\"https:\/\/www.urlaubcornwall.de\/blog\/2013\/07\/ferienhaeuser-in-den-schottischen-highlands-hoch-im-norden\/\"><strong><span style=\"text-decoration: underline;\"> mehr&gt;&gt; <\/span><\/strong>]<\/a><\/p>\n<\/td>\n<\/tr>\n<\/tbody>\n<\/table>\n\n<table>\n<tbody>\n<tr>\n<td><img loading=\"lazy\" class=\"aligncenter size-full wp-image-6603\" style=\"border: 0pt none; padding: 0px;\" src=\"https:\/\/www.urlaubcornwall.de\/blog\/wp-content\/uploads\/2013\/09\/IMGA00033.jpg\" alt=\"Ferienwohnung schottland highlands\" height=\"118\" width=\"148\"\/><\/td>\n<td>\n<h3 style=\"text-align: center;\"><strong>Luxus-Ferienwohnungen Nord-Schottland<\/strong><\/h3>\n<p style=\"text-align: center;\">Das Inn wartet mit individuell gestalteten Apartments mit Selbstverpflegung auf, die entweder 1, 2 oder 4 Schlafzimmer bieten. Jede Ferienwohnung hat seinen eigenen Charakter, doch alle verf\u00fcgen \u00fcber die hochwertigen Einrichtungen und den luxuri\u00f6sen Touch, den man von Natural Retreats erwartet&#8230;&#8230;<\/p>\n<p style=\"text-align: center;\">[<a href=\"https:\/\/www.urlaubcornwall.de\/blog\/2013\/08\/umwerfende-apartments-in-den-highlands-von-nordschottland\/\"><strong><span style=\"text-decoration: underline;\"> mehr<\/span>&gt;&gt; <\/strong><\/a>]<\/p>\n<\/td>\n<\/tr>\n<\/tbody>\n<\/table>\n<p style=\"text-align: center;\">Alle Unterk\u00fcnfte von Natural Retreats k\u00f6nnen f\u00fcr ein Minimum von 2 N\u00e4chten oder l\u00e4nger gebucht werden und eignen sich daher perfekt f\u00fcr eine Wochenendreise, einen Kurzurlaub, oder gar f\u00fcr einen l\u00e4ngeren Zwischenstopp auf einer Rundreise durch Schottland.<\/p>\n<p style=\"text-align: center;\">Natural Retreats bietet Ihnen einen Concierge-Service an, der Ihnen Reiserouten und Programme empfehlen kann und die Buchung f\u00fcr Sie vornimmt. So k\u00f6nnen Sie das Beste aus Ihrem Aufenthalt herausholen, f\u00fcr einen Urlaub, den Sie nie vergessen werden.<b> <\/b><\/p>\n<p>[\/tab]<\/p>\n<p>[tab name=&#8221;<strong>Ausstattung<\/strong>&#8220;]<\/p>\n<p><strong>Jedes Ferienhaus ist hochwertig ausgestattet, um Ihnen einen luxuri\u00f6sen Aufenthalt an diesem atemberaubenden Ort zu bieten.<\/strong><\/p>\n<p>\u2022 Ceran-Kochfeld und elektrischer Backofen, Mikrowelle, K\u00fchlschrank, Wasserkocher, Toaster und Geschirrsp\u00fclmaschine<br \/>\n\u2022 Vollst\u00e4ndig ausgestattete K\u00fcche<br \/>\n\u2022 Waschmaschine\/Trockner, B\u00fcgeleisen mit B\u00fcgelbrett und F\u00f6hn<br \/>\n\u2022 36-Zoll-Flachbildschirm, DVD-Spieler, iPod Dockingstation, PlayStation mit Spielen<br \/>\n\u2022 Bettw\u00e4sche aus \u00e4gyptischer Makobaumwolle<br \/>\n\u2022 Durchweg zentralbeheizt mit Fu\u00dfbodenheizung in den Badezimmern<br \/>\n\u2022 Terrasse mit Gartenm\u00f6beln<br \/>\n\u2022 Internetzugang per WLAN-Breitband<br \/>\n\u2022 Privates Parken<br \/>\n\u2022 Kinderreisebett, Hochst\u00fchle und Sterilisator k\u00f6nnen auf Anfrage zur Verf\u00fcgung gestellt werden. G\u00e4ste m\u00fcssen eigene Bettw\u00e4sche f\u00fcr das Kinderbett stellen.<\/p>\n<p>[\/tab]<\/p>\n<p>[tab name=&#8221;<b><\/b><b>Unternehmungsm\u00f6glichkeiten<\/b>&#8220;]<\/p>\n<p>Ob Sie lieber mit einem Boot die K\u00fcste entlang rasen und das Meeresleben entdecken m\u00f6chten oder mit unseren Spa-Behandlungen den Stress und die Belastungen des Alltags von sich abfallen lassen m\u00f6chten, bei einem Natural Retreats Urlaub in John O\u2019Groats k\u00f6nnen Sie die spektakul\u00e4re Sch\u00f6nheit von Caithness w\u00e4hrend einer Entdeckungsreise erkunden und auf sich wirken lassen.<\/p>\n<p>Unser Outfitters-Center stellt Ihnen alles Notwendige f\u00fcr eine Reihe von Aktivit\u00e4ten unter freiem Himmel zur Verf\u00fcgung. Sie helfen Ihnen mit Equipment, Kleidung und Zubeh\u00f6r. Sie k\u00f6nnen Ausfl\u00fcge vorab mit unserem Concierge Service buchen oder w\u00e4hrend Ihres Aufenthalts mit Outfitters.<\/p>\n<p>Erfahren Sie mehr \u00fcber <a href=\"https:\/\/www.urlaubcornwall.de\/blog\/2013\/07\/die-5-besten-urlaubstipps-fuer-john-ogroats-und-nordschottland\/\"><b><span style=\"text-decoration: underline;\">Aktivit\u00e4ten und Ausfl\u00fcge f\u00fcr die ganze Familie<\/span><\/b><\/a><\/p>\n<p>[\/tab]<\/p>\n<p>[tab name=&#8221;<strong>Adresse<\/strong>&#8220;]<\/p>\n<p>An der n\u00f6rdlichsten Spitze des Vereinigten K\u00f6nigreichs gelegen befindet sich das Natural Retreats in John O\u2019Groats, inmitten eines winzigen D\u00f6rfchens, eingebettet in einer spektakul\u00e4ren und au\u00dfergew\u00f6hnlichen Landschaft, die von atemberaubenden K\u00fcstenpfaden und dramatischen Klippen, bis hin zu W\u00e4ldern und wei\u00dfen Sandstr\u00e4nden alles zu bieten hat.<\/p>\n<p><a href=\"https:\/\/www.urlaubcornwall.de\/blog\/anreise-nach-john-ogroats-und-dem-norden-schottlands\/\"><span style=\"text-decoration: underline;\"><strong>Anreise nach John O\u2019Groats<\/strong><\/span><strong>&gt;&gt;<\/strong><\/a><\/p>\n<p><strong>Natural Retreats John O&#8217;Groats<\/strong>, Wick, Caithness, KW1 4YR<\/p>\n<div id=\"google_blog_map\" style=\"width: 100%; height: 700px;\" data-location=\"http:\/\/www.urlaubcornwall.de\/listings\/blog_beach_listing.xml\" data-lat=\"58.639258\" data-lng=\"-3.07227\" data-zoom=\"8\">&nbsp;<\/div>\n<p>[\/tab]<\/p>\n<p>[end_tabset]<\/p>\n","protected":false},"excerpt":{"rendered":"<p>Hier finden Sie luxuri\u00f6se Ferienh\u00e4user und&nbsp;Ferienwohnungen in einem winzigen D\u00f6rfchen inmitten einer spektakul\u00e4ren und au\u00dfergew\u00f6hnlichen Landschaft. Sie k\u00f6nnen Schwertwale in ihrer nat\u00fcrlichen Umgebung beobachten, einen Blick auf die Nordlichter erhaschen und das alles direkt hier in Gro\u00dfbritannien in John O\u2018Groats, dem n\u00f6rdlichsten (Northern) Punkt von Schottland. Urlaub in den&nbsp;Highlands&nbsp;von&nbsp;Schottland &#8211; John O\u2019Groats ist mit einer [&hellip;]<\/p>\n","protected":false},"author":1,"featured_media":0,"parent":0,"menu_order":0,"comment_status":"closed","ping_status":"closed","template":"single-two.php","meta":[],"acf":[],"yoast_head":"<!-- This site is optimized with the Yoast SEO plugin v19.4 - https:\/\/yoast.com\/wordpress\/plugins\/seo\/ -->\n<title>Ferienh\u00e4user in John O\u2019Groats, Highlands \u2013 das n\u00f6rdliche Hochland Schottlands - Urlaub &amp; Reisen<\/title>\n<meta name=\"robots\" content=\"index, follow, max-snippet:-1, max-image-preview:large, max-video-preview:-1\" \/>\n<link rel=\"canonical\" href=\"https:\/\/www.urlaubcornwall.de\/blog\/ferienhaeuser-in-john-ogroats-highlands-das-noerdliche-hochland-schottlands\/\" \/>\n<meta property=\"og:locale\" content=\"en_US\" \/>\n<meta property=\"og:type\" content=\"article\" \/>\n<meta property=\"og:title\" content=\"Ferienh\u00e4user in John O\u2019Groats, Highlands \u2013 das n\u00f6rdliche Hochland Schottlands - Urlaub &amp; Reisen\" \/>\n<meta property=\"og:description\" content=\"Hier finden Sie luxuri\u00f6se Ferienh\u00e4user und&nbsp;Ferienwohnungen in einem winzigen D\u00f6rfchen inmitten einer spektakul\u00e4ren und au\u00dfergew\u00f6hnlichen Landschaft. Sie k\u00f6nnen Schwertwale in ihrer nat\u00fcrlichen Umgebung beobachten, einen Blick auf die Nordlichter erhaschen und das alles direkt hier in Gro\u00dfbritannien in John O\u2018Groats, dem n\u00f6rdlichsten (Northern) Punkt von Schottland. Urlaub in den&nbsp;Highlands&nbsp;von&nbsp;Schottland &#8211; John O\u2019Groats ist mit einer [&hellip;]\" \/>\n<meta property=\"og:url\" content=\"https:\/\/www.urlaubcornwall.de\/blog\/ferienhaeuser-in-john-ogroats-highlands-das-noerdliche-hochland-schottlands\/\" \/>\n<meta property=\"og:site_name\" content=\"Urlaub &amp; Reisen\" \/>\n<meta property=\"article:modified_time\" content=\"2019-04-02T09:09:02+00:00\" \/>\n<meta property=\"og:image\" content=\"https:\/\/www.urlaubcornwall.de\/blog\/wp-content\/uploads\/2013\/08\/0012.jpg\" \/>\n<meta name=\"twitter:card\" content=\"summary\" \/>\n<meta name=\"twitter:label1\" content=\"Est. reading time\" \/>\n\t<meta name=\"twitter:data1\" content=\"4 minutes\" \/>\n<script type=\"application\/ld+json\" class=\"yoast-schema-graph\">{\"@context\":\"https:\/\/schema.org\",\"@graph\":[{\"@type\":\"WebSite\",\"@id\":\"https:\/\/www.urlaubcornwall.de\/blog\/#website\",\"url\":\"https:\/\/www.urlaubcornwall.de\/blog\/\",\"name\":\"Urlaub &amp; Reisen\",\"description\":\"Urlaub, Reisen, Cornwall und S\u00fcdengland: eine perfekte Kombination\",\"potentialAction\":[{\"@type\":\"SearchAction\",\"target\":{\"@type\":\"EntryPoint\",\"urlTemplate\":\"https:\/\/www.urlaubcornwall.de\/blog\/?s={search_term_string}\"},\"query-input\":\"required name=search_term_string\"}],\"inLanguage\":\"en-US\"},{\"@type\":\"WebPage\",\"@id\":\"https:\/\/www.urlaubcornwall.de\/blog\/ferienhaeuser-in-john-ogroats-highlands-das-noerdliche-hochland-schottlands\/\",\"url\":\"https:\/\/www.urlaubcornwall.de\/blog\/ferienhaeuser-in-john-ogroats-highlands-das-noerdliche-hochland-schottlands\/\",\"name\":\"Ferienh\u00e4user in John O\u2019Groats, Highlands \u2013 das n\u00f6rdliche Hochland Schottlands - Urlaub &amp; Reisen\",\"isPartOf\":{\"@id\":\"https:\/\/www.urlaubcornwall.de\/blog\/#website\"},\"datePublished\":\"2013-08-16T09:11:15+00:00\",\"dateModified\":\"2019-04-02T09:09:02+00:00\",\"breadcrumb\":{\"@id\":\"https:\/\/www.urlaubcornwall.de\/blog\/ferienhaeuser-in-john-ogroats-highlands-das-noerdliche-hochland-schottlands\/#breadcrumb\"},\"inLanguage\":\"en-US\",\"potentialAction\":[{\"@type\":\"ReadAction\",\"target\":[\"https:\/\/www.urlaubcornwall.de\/blog\/ferienhaeuser-in-john-ogroats-highlands-das-noerdliche-hochland-schottlands\/\"]}]},{\"@type\":\"BreadcrumbList\",\"@id\":\"https:\/\/www.urlaubcornwall.de\/blog\/ferienhaeuser-in-john-ogroats-highlands-das-noerdliche-hochland-schottlands\/#breadcrumb\",\"itemListElement\":[{\"@type\":\"ListItem\",\"position\":1,\"name\":\"Home\",\"item\":\"https:\/\/www.urlaubcornwall.de\/blog\/\"},{\"@type\":\"ListItem\",\"position\":2,\"name\":\"Ferienh\u00e4user in John O\u2019Groats, Highlands \u2013 das n\u00f6rdliche Hochland Schottlands\"}]}]}<\/script>\n<!-- \/ Yoast SEO plugin. -->","yoast_head_json":{"title":"Ferienh\u00e4user in John O\u2019Groats, Highlands \u2013 das n\u00f6rdliche Hochland Schottlands - Urlaub &amp; Reisen","robots":{"index":"index","follow":"follow","max-snippet":"max-snippet:-1","max-image-preview":"max-image-preview:large","max-video-preview":"max-video-preview:-1"},"canonical":"https:\/\/www.urlaubcornwall.de\/blog\/ferienhaeuser-in-john-ogroats-highlands-das-noerdliche-hochland-schottlands\/","og_locale":"en_US","og_type":"article","og_title":"Ferienh\u00e4user in John O\u2019Groats, Highlands \u2013 das n\u00f6rdliche Hochland Schottlands - Urlaub &amp; Reisen","og_description":"Hier finden Sie luxuri\u00f6se Ferienh\u00e4user und&nbsp;Ferienwohnungen in einem winzigen D\u00f6rfchen inmitten einer spektakul\u00e4ren und au\u00dfergew\u00f6hnlichen Landschaft. Sie k\u00f6nnen Schwertwale in ihrer nat\u00fcrlichen Umgebung beobachten, einen Blick auf die Nordlichter erhaschen und das alles direkt hier in Gro\u00dfbritannien in John O\u2018Groats, dem n\u00f6rdlichsten (Northern) Punkt von Schottland. Urlaub in den&nbsp;Highlands&nbsp;von&nbsp;Schottland &#8211; John O\u2019Groats ist mit einer [&hellip;]","og_url":"https:\/\/www.urlaubcornwall.de\/blog\/ferienhaeuser-in-john-ogroats-highlands-das-noerdliche-hochland-schottlands\/","og_site_name":"Urlaub &amp; Reisen","article_modified_time":"2019-04-02T09:09:02+00:00","og_image":[{"url":"https:\/\/www.urlaubcornwall.de\/blog\/wp-content\/uploads\/2013\/08\/0012.jpg"}],"twitter_card":"summary","twitter_misc":{"Est. reading time":"4 minutes"},"schema":{"@context":"https:\/\/schema.org","@graph":[{"@type":"WebSite","@id":"https:\/\/www.urlaubcornwall.de\/blog\/#website","url":"https:\/\/www.urlaubcornwall.de\/blog\/","name":"Urlaub &amp; Reisen","description":"Urlaub, Reisen, Cornwall und S\u00fcdengland: eine perfekte Kombination","potentialAction":[{"@type":"SearchAction","target":{"@type":"EntryPoint","urlTemplate":"https:\/\/www.urlaubcornwall.de\/blog\/?s={search_term_string}"},"query-input":"required name=search_term_string"}],"inLanguage":"en-US"},{"@type":"WebPage","@id":"https:\/\/www.urlaubcornwall.de\/blog\/ferienhaeuser-in-john-ogroats-highlands-das-noerdliche-hochland-schottlands\/","url":"https:\/\/www.urlaubcornwall.de\/blog\/ferienhaeuser-in-john-ogroats-highlands-das-noerdliche-hochland-schottlands\/","name":"Ferienh\u00e4user in John O\u2019Groats, Highlands \u2013 das n\u00f6rdliche Hochland Schottlands - Urlaub &amp; Reisen","isPartOf":{"@id":"https:\/\/www.urlaubcornwall.de\/blog\/#website"},"datePublished":"2013-08-16T09:11:15+00:00","dateModified":"2019-04-02T09:09:02+00:00","breadcrumb":{"@id":"https:\/\/www.urlaubcornwall.de\/blog\/ferienhaeuser-in-john-ogroats-highlands-das-noerdliche-hochland-schottlands\/#breadcrumb"},"inLanguage":"en-US","potentialAction":[{"@type":"ReadAction","target":["https:\/\/www.urlaubcornwall.de\/blog\/ferienhaeuser-in-john-ogroats-highlands-das-noerdliche-hochland-schottlands\/"]}]},{"@type":"BreadcrumbList","@id":"https:\/\/www.urlaubcornwall.de\/blog\/ferienhaeuser-in-john-ogroats-highlands-das-noerdliche-hochland-schottlands\/#breadcrumb","itemListElement":[{"@type":"ListItem","position":1,"name":"Home","item":"https:\/\/www.urlaubcornwall.de\/blog\/"},{"@type":"ListItem","position":2,"name":"Ferienh\u00e4user in John O\u2019Groats, Highlands \u2013 das n\u00f6rdliche Hochland Schottlands"}]}]}},"_links":{"self":[{"href":"https:\/\/www.urlaubcornwall.de\/blog\/wp-json\/wp\/v2\/pages\/10508"}],"collection":[{"href":"https:\/\/www.urlaubcornwall.de\/blog\/wp-json\/wp\/v2\/pages"}],"about":[{"href":"https:\/\/www.urlaubcornwall.de\/blog\/wp-json\/wp\/v2\/types\/page"}],"author":[{"embeddable":true,"href":"https:\/\/www.urlaubcornwall.de\/blog\/wp-json\/wp\/v2\/users\/1"}],"replies":[{"embeddable":true,"href":"https:\/\/www.urlaubcornwall.de\/blog\/wp-json\/wp\/v2\/comments?post=10508"}],"version-history":[{"count":60,"href":"https:\/\/www.urlaubcornwall.de\/blog\/wp-json\/wp\/v2\/pages\/10508\/revisions"}],"predecessor-version":[{"id":37155,"href":"https:\/\/www.urlaubcornwall.de\/blog\/wp-json\/wp\/v2\/pages\/10508\/revisions\/37155"}],"wp:attachment":[{"href":"https:\/\/www.urlaubcornwall.de\/blog\/wp-json\/wp\/v2\/media?parent=10508"}],"curies":[{"name":"wp","href":"https:\/\/api.w.org\/{rel}","templated":true}]}}